{"id":7952,"date":"2023-03-09T08:58:34","date_gmt":"2023-03-09T08:58:34","guid":{"rendered":"https:\/\/rjoytek.com\/?post_type=product&#038;p=7952"},"modified":"2025-03-04T02:36:53","modified_gmt":"2025-03-04T02:36:53","slug":"affichage-lcd-tft-rond-de-5-pouces","status":"publish","type":"product","link":"https:\/\/rjoytek.com\/fr\/produit\/affichage-lcd-tft-rond-de-5-pouces\/","title":{"rendered":"\u00c9cran LCD TFT rond de 5 pouces - R\u00e9solution tactile 1080*1080"},"content":{"rendered":"<p>Le RV050YMP-J40 est un \u00e9cran tactile TFT couleur de 5 pouces de forme ronde 1080p, avec une r\u00e9solution de 1080*1080, une interface MIPI, un panneau LCD IPS. Le traitement de surface est G+FF, 6H.<\/p>\n<p>Cet \u00e9cran LCD de 5 pouces est fourni avec une carte HDMI et une carte USB. Si vous avez besoin d'une carte de contr\u00f4le LCD avec une fonction sp\u00e9cifique, veuillez nous en informer, nous la fournirons selon vos exigences.<\/p>\n<h3>Pourquoi nous choisir ?<\/h3>\n<p style=\"text-align: justify;\">1. Nous sommes un fabricant de solutions LCD sur mesure, nos principaux produits sont les \u00e9crans TFT LCD de 1,3\u2033 \u00e0 24\u2033 ;<\/p>\n<p style=\"text-align: justify;\">2. Nous pouvons personnaliser des \u00e9crans LCD TN, IPS, COG, des \u00e9crans tactiles LCD et des cartes de contr\u00f4le LCD ;<\/p>\n<p style=\"text-align: justify;\">3. Nous traitons chaque d\u00e9tail avec s\u00e9rieux. Nous avons personnalis\u00e9 notre propre emballage en carton \u00e9pais et mousse souple pour l'envoi d'\u00e9chantillons, ces emballages ayant \u00e9t\u00e9 modifi\u00e9s \u00e0 plusieurs reprises. Nous souhaitons toujours que d\u00e8s la premi\u00e8re commande, les clients obtiennent des produits et une exp\u00e9rience de service parfaits.<\/p>\n<p style=\"text-align: justify;\">4. Nous avons une \u00e9quipe commerciale responsable, dynamique, qui participe m\u00eame personnellement aux tests des \u00e9chantillons et contr\u00f4le le processus de test avant chaque envoi, ce qui est la parfaite illustration de notre engagement envers chaque client. De plus, ils se forment r\u00e9guli\u00e8rement pour pouvoir r\u00e9soudre au plus vite les probl\u00e8mes des clients lors des \u00e9changes.<\/p>\n<p style=\"text-align: justify;\">5. Nos produits et nos usines poss\u00e8dent des certifications officielles. Si vous souhaitez les consulter, vous pouvez vous adresser \u00e0 notre service commercial qui vous les enverra. Sur demande, nous sommes pr\u00eats \u00e0 vous montrer les d\u00e9tails de notre contr\u00f4le qualit\u00e9 et une vid\u00e9o de v\u00e9rification de l'usine pour attester de notre authenticit\u00e9. Vous pouvez consulter nos experts et les demander.<\/p>\n<p>&nbsp;<\/p>\n<h3><strong>Garantie du Produit :<\/strong><\/h3>\n<ol>\n<li><strong>Garantie :<\/strong> Notre entreprise offre une garantie pour une p\u00e9riode sp\u00e9cifi\u00e9e apr\u00e8s l'achat du produit. Dans le rare cas o\u00f9 un d\u00e9faut est d\u00e9tect\u00e9 avant l'exp\u00e9dition, nous nous engageons \u00e0 le remplacer ou le r\u00e9parer sans frais pour le client.<\/li>\n<li><strong>Politique de Retour :<\/strong> Nous avons une politique de retour favorable au client. Si les clients ne sont pas satisfaits du produit dans un certain d\u00e9lai, ils ont la possibilit\u00e9 de le retourner. Selon les circonstances, nous pouvons proposer un remboursement ou un \u00e9change de produit.<\/li>\n<li><strong>Service Client :<\/strong> Notre \u00e9quipe de service client d\u00e9di\u00e9e est disponible pour r\u00e9pondre \u00e0 toute question ou probl\u00e8me que les clients pourraient rencontrer avec leur produit. Nous proposons \u00e9galement une gamme de pi\u00e8ces accessoires, y compris des cartes HDMI et d'autres cartes de contr\u00f4le LCD personnalis\u00e9es, ainsi que des solutions de c\u00e2blage.<\/li>\n<\/ol>\n<h3><strong>Processus de Commande :<\/strong><\/h3>\n<ol>\n<li><strong>S\u00e9lection du Produit :<\/strong> Les clients commencent par s\u00e9lectionner le produit sp\u00e9cifique qu'ils souhaitent acheter.<\/li>\n<li><strong>Contactez-nous :<\/strong> Les clients initient le processus de commande en envoyant un e-mail ou en remplissant un formulaire. Ils peuvent fournir des informations essentielles telles que le num\u00e9ro de mod\u00e8le ou sp\u00e9cifier des exigences particuli\u00e8res, notamment la taille, la r\u00e9solution, la luminosit\u00e9, la fonctionnalit\u00e9 d'\u00e9cran tactile et les options de cartes suppl\u00e9mentaires.<\/li>\n<li><strong>Finalisation de la Commande :<\/strong> Notre responsable commercial \u00e9change avec le client par e-mail pour discuter et confirmer les d\u00e9tails de la commande. Il est essentiel de s'assurer que l'adresse e-mail fournie est exacte. Soyez assur\u00e9 que ces e-mails sont uniquement utilis\u00e9s pour la confirmation des commandes et ne seront pas utilis\u00e9s \u00e0 d'autres fins ni communiqu\u00e9s \u00e0 des tiers.<\/li>\n<li><strong>Passation de Commande :<\/strong> Apr\u00e8s avoir convenu des d\u00e9tails de la commande, les clients proc\u00e8dent au paiement en utilisant la m\u00e9thode de communication convenue. D\u00e8s r\u00e9ception de la confirmation de paiement, nous planifions la livraison selon la date convenue mutuellement.<\/li>\n<li><strong>Livraison :<\/strong> Nous fournissons rapidement aux clients un num\u00e9ro de suivi d'exp\u00e9dition, les informons sur la soci\u00e9t\u00e9 de transport s\u00e9lectionn\u00e9e et surveillons activement l'envoi jusqu'\u00e0 ce que le client re\u00e7oive ses produits.<\/li>\n<\/ol>\n<h3>FAQ (Foire Aux Questions)<\/h3>\n<p><strong>Q : \u00cates-vous une usine ou une soci\u00e9t\u00e9 de n\u00e9goce ?<\/strong><br \/>\nR : Nous sommes une usine avec plus de 9 ans d'exp\u00e9rience dans ce domaine depuis 2014, et nous proposons des services OEM et ODM.<\/p>\n<p><strong>Q : Puis-je obtenir un \u00e9chantillon ?<\/strong><br \/>\nR : Oui, nous acceptons les commandes d'\u00e9chantillons pour tester et v\u00e9rifier la qualit\u00e9. Les \u00e9chantillons multiples sont acceptables et seront envoy\u00e9s par FedEx, DHL, UPS ou autre express.<\/p>\n<p><strong>Q : Comment personnaliser le produit ?<\/strong><br \/>\nR : 1. Envoyez d'abord une demande de devis, puis indiquez-nous vos exigences.<br \/>\nProjets de personnalisation simples : Taille, interface, \u00e9cran tactile, carte de contr\u00f4le, luminosit\u00e9.<br \/>\nProjets de personnalisation complexes : WIFI, Bluetooth, et autres \u00e9l\u00e9ments logiciels.<br \/>\nNotre responsable commercial discutera des projets avec vous selon vos exigences.<\/p>\n<p><strong>Q. Quel est le d\u00e9lai de livraison ?<\/strong><br \/>\nR : Les \u00e9chantillons prennent g\u00e9n\u00e9ralement 5 \u00e0 7 jours apr\u00e8s r\u00e9ception de votre paiement, mais cela peut \u00eatre n\u00e9goci\u00e9 en fonction de votre quantit\u00e9 command\u00e9e \/ des \u00e9l\u00e9ments personnalis\u00e9s et de notre planning de production.<\/p>\n<p><strong>Q : Quelles sont les conditions de paiement ?<\/strong><br \/>\nR : Nous acceptons g\u00e9n\u00e9ralement le virement bancaire (T\/T), Paypal, d'autres conditions sont \u00e0 n\u00e9gocier.<\/p>\n<p><strong>Q : Proposez-vous des solutions personnalis\u00e9es ?<\/strong><br \/>\nR : Oui, si les produits standards ne r\u00e9pondent pas aux exigences de l'acheteur, nous pouvons fournir des solutions personnalis\u00e9es. OEM et ODM sont les bienvenus.<\/p>\n<p><strong>Q : O\u00f9 est situ\u00e9e votre entreprise ?<\/strong><br \/>\nR : Notre entreprise est situ\u00e9e \u00e0 Shenzhen, en Chine.<\/p>","protected":false},"excerpt":{"rendered":"<ul>\n<li>Taille : \u00c9cran tactile LCD rond de 5 pouces<\/li>\n<li>R\u00e9solution : 1080*1080<\/li>\n<li>Interface : MIPI<\/li>\n<li>Traitement de surface : G+FF, 6H<\/li>\n<li>Circuit int\u00e9gr\u00e9 tactile : GT9271, multipoint<\/li>\n<\/ul>","protected":false},"featured_media":7955,"template":"","meta":{"_acf_changed":false,"site-sidebar-layout":"default","site-content-layout":"","ast-site-content-layout":"default","site-content-style":"default","site-sidebar-style":"default","ast-global-header-display":"","ast-banner-title-visibility":"","ast-main-header-display":"","ast-hfb-above-header-display":"","ast-hfb-below-header-display":"","ast-hfb-mobile-header-display":"","site-post-title":"","ast-breadcrumbs-content":"","ast-featured-img":"","footer-sml-layout":"","ast-disable-related-posts":"","theme-transparent-header-meta":"","adv-header-id-meta":"","stick-header-meta":"","header-above-stick-meta":"","header-main-stick-meta":"","header-below-stick-meta":"","astra-migrate-meta-layouts":"default","ast-page-background-enabled":"default","ast-page-background-meta":{"desktop":{"background-color":"var(--ast-global-color-5)","background-image":"","background-repeat":"repeat","background-position":"center center","background-size":"auto","background-attachment":"scroll","background-type":"","background-media":"","overlay-type":"","overlay-color":"","overlay-opacity":"","overlay-gradient":""},"tablet":{"background-color":"","background-image":"","background-repeat":"repeat","background-position":"center center","background-size":"auto","background-attachment":"scroll","background-type":"","background-media":"","overlay-type":"","overlay-color":"","overlay-opacity":"","overlay-gradient":""},"mobile":{"background-color":"","background-image":"","background-repeat":"repeat","background-position":"center center","background-size":"auto","background-attachment":"scroll","background-type":"","background-media":"","overlay-type":"","overlay-color":"","overlay-opacity":"","overlay-gradient":""}},"ast-content-background-meta":{"desktop":{"background-color":"var(--ast-global-color-4)","background-image":"","background-repeat":"repeat","background-position":"center center","background-size":"auto","background-attachment":"scroll","background-type":"","background-media":"","overlay-type":"","overlay-color":"","overlay-opacity":"","overlay-gradient":""},"tablet":{"background-color":"var(--ast-global-color-4)","background-image":"","background-repeat":"repeat","background-position":"center center","background-size":"auto","background-attachment":"scroll","background-type":"","background-media":"","overlay-type":"","overlay-color":"","overlay-opacity":"","overlay-gradient":""},"mobile":{"background-color":"var(--ast-global-color-4)","background-image":"","background-repeat":"repeat","background-position":"center center","background-size":"auto","background-attachment":"scroll","background-type":"","background-media":"","overlay-type":"","overlay-color":"","overlay-opacity":"","overlay-gradient":""}}},"product_cat":[114,128,15],"product_tag":[275,276],"class_list":{"0":"post-7952","1":"product","2":"type-product","3":"status-publish","4":"has-post-thumbnail","6":"product_cat-capacitive-touch-panel","7":"product_cat-round-lcd-display","8":"product_cat-tft-lcd-display-module","9":"product_tag-5-inch-tft-lcd-touch-screen","10":"product_tag-round-tft-display","11":"pa_brightness-506","12":"pa_interface-mipi","13":"pa_resolution-1080x1080","14":"pa_size-5-0","15":"desktop-align-left","16":"tablet-align-left","17":"mobile-align-left","18":"ast-product-gallery-layout-horizontal-slider","19":"ast-magnify-disabled","20":"ast-qv-on-image","22":"first","23":"instock","24":"shipping-taxable","25":"product-type-simple"},"acf":[],"aioseo_notices":[],"aioseo_head":"\n\t\t<!-- All in One SEO Pro 4.8.3.2 - aioseo.com -->\n\t<meta name=\"description\" content=\"Size: 5 inch round lcd touch panel Resolution: 1080*1080 Interface: MIPI Surface treatment: G+FF, 6H Touch IC: GT9271, muti-touch\" \/>\n\t<meta name=\"robots\" content=\"max-image-preview:large\" \/>\n\t<link rel=\"canonical\" href=\"https:\/\/rjoytek.com\/fr\/produit\/affichage-lcd-tft-rond-de-5-pouces\/\" \/>\n\t<meta name=\"generator\" content=\"All in One SEO Pro (AIOSEO) 4.8.3.2\" \/>\n\t\t<meta property=\"og:locale\" content=\"fr_FR\" \/>\n\t\t<meta property=\"og:site_name\" content=\"RJY Display - Top Custom LCD, TFT, OLED Display Manufacturer &amp; Supplier in China.\" \/>\n\t\t<meta property=\"og:type\" content=\"article\" \/>\n\t\t<meta property=\"og:title\" content=\"5-inch Round TFT LCD Display \u2013 1080*1080 Resolution Touchscreen - Capacitive Touch Panel - Top Custom LCD, TFT, OLED Display Manufacturer &amp; Supplier in China.\" \/>\n\t\t<meta property=\"og:description\" content=\"Size: 5 inch round lcd touch panel Resolution: 1080*1080 Interface: MIPI Surface treatment: G+FF, 6H Touch IC: GT9271, muti-touch\" \/>\n\t\t<meta property=\"og:url\" content=\"https:\/\/rjoytek.com\/fr\/produit\/affichage-lcd-tft-rond-de-5-pouces\/\" \/>\n\t\t<meta property=\"og:image\" content=\"https:\/\/rjoytek.com\/wp-content\/uploads\/2024\/08\/cropped-LOGO.png\" \/>\n\t\t<meta property=\"og:image:secure_url\" content=\"https:\/\/rjoytek.com\/wp-content\/uploads\/2024\/08\/cropped-LOGO.png\" \/>\n\t\t<meta property=\"og:image:width\" content=\"512\" \/>\n\t\t<meta property=\"og:image:height\" content=\"512\" \/>\n\t\t<meta property=\"article:published_time\" content=\"2023-03-09T08:58:34+00:00\" \/>\n\t\t<meta property=\"article:modified_time\" content=\"2025-03-04T02:36:53+00:00\" \/>\n\t\t<meta property=\"article:publisher\" content=\"https:\/\/www.facebook.com\/RjoytekLCDSolution\" \/>\n\t\t<meta name=\"twitter:card\" content=\"summary_large_image\" \/>\n\t\t<meta name=\"twitter:title\" content=\"5-inch Round TFT LCD Display \u2013 1080*1080 Resolution Touchscreen - Capacitive Touch Panel - Top Custom LCD, TFT, OLED Display Manufacturer &amp; Supplier in China.\" \/>\n\t\t<meta name=\"twitter:description\" content=\"Size: 5 inch round lcd touch panel Resolution: 1080*1080 Interface: MIPI Surface treatment: G+FF, 6H Touch IC: GT9271, muti-touch\" \/>\n\t\t<meta name=\"twitter:image\" content=\"https:\/\/rjoytek.com\/wp-content\/uploads\/2024\/08\/cropped-LOGO.png\" \/>\n\t\t<script type=\"application\/ld+json\" class=\"aioseo-schema\">\n\t\t\t{\"@context\":\"https:\\\/\\\/schema.org\",\"@graph\":[{\"@type\":\"BreadcrumbList\",\"@id\":\"https:\\\/\\\/rjoytek.com\\\/fr\\\/produit\\\/affichage-lcd-tft-rond-de-5-pouces\\\/#breadcrumblist\",\"itemListElement\":[{\"@type\":\"ListItem\",\"@id\":\"https:\\\/\\\/rjoytek.com\\\/fr#listItem\",\"position\":1,\"name\":\"Home\",\"item\":\"https:\\\/\\\/rjoytek.com\\\/fr\",\"nextItem\":{\"@type\":\"ListItem\",\"@id\":\"https:\\\/\\\/rjoytek.com\\\/fr\\\/boutique\\\/#listItem\",\"name\":\"Shop\"}},{\"@type\":\"ListItem\",\"@id\":\"https:\\\/\\\/rjoytek.com\\\/fr\\\/boutique\\\/#listItem\",\"position\":2,\"name\":\"Shop\",\"item\":\"https:\\\/\\\/rjoytek.com\\\/fr\\\/boutique\\\/\",\"nextItem\":{\"@type\":\"ListItem\",\"@id\":\"https:\\\/\\\/rjoytek.com\\\/fr\\\/categorie-produit\\\/module-daffichage-lcd-tft\\\/#listItem\",\"name\":\"TFT LCD Display Module\"},\"previousItem\":{\"@type\":\"ListItem\",\"@id\":\"https:\\\/\\\/rjoytek.com\\\/fr#listItem\",\"name\":\"Home\"}},{\"@type\":\"ListItem\",\"@id\":\"https:\\\/\\\/rjoytek.com\\\/fr\\\/categorie-produit\\\/module-daffichage-lcd-tft\\\/#listItem\",\"position\":3,\"name\":\"TFT LCD Display Module\",\"item\":\"https:\\\/\\\/rjoytek.com\\\/fr\\\/categorie-produit\\\/module-daffichage-lcd-tft\\\/\",\"nextItem\":{\"@type\":\"ListItem\",\"@id\":\"https:\\\/\\\/rjoytek.com\\\/fr\\\/produit\\\/affichage-lcd-tft-rond-de-5-pouces\\\/#listItem\",\"name\":\"5-inch Round TFT LCD Display &#8211; 1080*1080 Resolution Touchscreen\"},\"previousItem\":{\"@type\":\"ListItem\",\"@id\":\"https:\\\/\\\/rjoytek.com\\\/fr\\\/boutique\\\/#listItem\",\"name\":\"Shop\"}},{\"@type\":\"ListItem\",\"@id\":\"https:\\\/\\\/rjoytek.com\\\/fr\\\/produit\\\/affichage-lcd-tft-rond-de-5-pouces\\\/#listItem\",\"position\":4,\"name\":\"5-inch Round TFT LCD Display &#8211; 1080*1080 Resolution Touchscreen\",\"previousItem\":{\"@type\":\"ListItem\",\"@id\":\"https:\\\/\\\/rjoytek.com\\\/fr\\\/categorie-produit\\\/module-daffichage-lcd-tft\\\/#listItem\",\"name\":\"TFT LCD Display Module\"}}]},{\"@type\":\"Organization\",\"@id\":\"https:\\\/\\\/rjoytek.com\\\/fr\\\/#organization\",\"name\":\"RJY Display\",\"description\":\"Top Custom LCD, TFT, OLED Display Manufacturer & Supplier in China.\",\"url\":\"https:\\\/\\\/rjoytek.com\\\/fr\\\/\",\"telephone\":\"+8618872893408\",\"logo\":{\"@type\":\"ImageObject\",\"url\":\"https:\\\/\\\/rjoytek.com\\\/wp-content\\\/uploads\\\/2025\\\/07\\\/LOGO1-scaled.png\",\"@id\":\"https:\\\/\\\/rjoytek.com\\\/fr\\\/produit\\\/affichage-lcd-tft-rond-de-5-pouces\\\/#organizationLogo\",\"width\":2560,\"height\":416},\"image\":{\"@id\":\"https:\\\/\\\/rjoytek.com\\\/fr\\\/produit\\\/affichage-lcd-tft-rond-de-5-pouces\\\/#organizationLogo\"},\"sameAs\":[\"https:\\\/\\\/www.facebook.com\\\/RjoytekLCDSolution\",\"https:\\\/\\\/www.youtube.com\\\/@lcdsolution-RJOYTEK\",\"https:\\\/\\\/www.linkedin.com\\\/company\\\/rjoytek-lcd-solution\"]},{\"@type\":\"WebPage\",\"@id\":\"https:\\\/\\\/rjoytek.com\\\/fr\\\/produit\\\/affichage-lcd-tft-rond-de-5-pouces\\\/#webpage\",\"url\":\"https:\\\/\\\/rjoytek.com\\\/fr\\\/produit\\\/affichage-lcd-tft-rond-de-5-pouces\\\/\",\"name\":\"5-inch Round TFT LCD Display \\u2013 1080*1080 Resolution Touchscreen - Capacitive Touch Panel - Top Custom LCD, TFT, OLED Display Manufacturer & Supplier in China.\",\"description\":\"Size: 5 inch round lcd touch panel Resolution: 1080*1080 Interface: MIPI Surface treatment: G+FF, 6H Touch IC: GT9271, muti-touch\",\"inLanguage\":\"fr-FR\",\"isPartOf\":{\"@id\":\"https:\\\/\\\/rjoytek.com\\\/fr\\\/#website\"},\"breadcrumb\":{\"@id\":\"https:\\\/\\\/rjoytek.com\\\/fr\\\/produit\\\/affichage-lcd-tft-rond-de-5-pouces\\\/#breadcrumblist\"},\"image\":{\"@type\":\"ImageObject\",\"url\":\"https:\\\/\\\/rjoytek.com\\\/wp-content\\\/uploads\\\/2023\\\/03\\\/5-inch-lcd-touchscreen.jpg\",\"@id\":\"https:\\\/\\\/rjoytek.com\\\/fr\\\/produit\\\/affichage-lcd-tft-rond-de-5-pouces\\\/#mainImage\",\"width\":1150,\"height\":1095},\"primaryImageOfPage\":{\"@id\":\"https:\\\/\\\/rjoytek.com\\\/fr\\\/produit\\\/affichage-lcd-tft-rond-de-5-pouces\\\/#mainImage\"},\"datePublished\":\"2023-03-09T08:58:34+00:00\",\"dateModified\":\"2025-03-04T02:36:53+00:00\"},{\"@type\":\"WebSite\",\"@id\":\"https:\\\/\\\/rjoytek.com\\\/fr\\\/#website\",\"url\":\"https:\\\/\\\/rjoytek.com\\\/fr\\\/\",\"name\":\"RJY Display\",\"description\":\"Top Custom LCD, TFT, OLED Display Manufacturer & Supplier in China.\",\"inLanguage\":\"fr-FR\",\"publisher\":{\"@id\":\"https:\\\/\\\/rjoytek.com\\\/fr\\\/#organization\"}}]}\n\t\t<\/script>\n\t\t<!-- All in One SEO Pro -->\r\n\t\t<title>5-inch Round TFT LCD Display \u2013 1080*1080 Resolution Touchscreen - Capacitive Touch Panel - Top Custom LCD, TFT, OLED Display Manufacturer &amp; Supplier in China.<\/title>\n\n","aioseo_head_json":{"title":"Affichage LCD TFT rond de 5 pouces - \u00c9cran tactile \u00e0 r\u00e9solution 1080*1080 - Panneau tactile capacitif - Fabricant et fournisseur principal sur mesure d'\u00e9crans LCD, TFT et OLED en Chine.","description":"Taille : \u00c9cran tactile LCD rond de 5 pouces","canonical_url":"https:\/\/rjoytek.com\/fr\/produit\/affichage-lcd-tft-rond-de-5-pouces\/","robots":"max-image-preview:large","keywords":"","webmasterTools":{"miscellaneous":""},"schema":{"@context":"https:\/\/schema.org","@graph":[{"@type":"BreadcrumbList","@id":"https:\/\/rjoytek.com\/fr\/produit\/affichage-lcd-tft-rond-de-5-pouces\/#breadcrumblist","itemListElement":[{"@type":"ListItem","@id":"https:\/\/rjoytek.com\/fr#listItem","position":1,"name":"Home","item":"https:\/\/rjoytek.com\/fr","nextItem":{"@type":"ListItem","@id":"https:\/\/rjoytek.com\/fr\/boutique\/#listItem","name":"Shop"}},{"@type":"ListItem","@id":"https:\/\/rjoytek.com\/fr\/boutique\/#listItem","position":2,"name":"Shop","item":"https:\/\/rjoytek.com\/fr\/boutique\/","nextItem":{"@type":"ListItem","@id":"https:\/\/rjoytek.com\/fr\/categorie-produit\/module-daffichage-lcd-tft\/#listItem","name":"TFT LCD Display Module"},"previousItem":{"@type":"ListItem","@id":"https:\/\/rjoytek.com\/fr#listItem","name":"Home"}},{"@type":"ListItem","@id":"https:\/\/rjoytek.com\/fr\/categorie-produit\/module-daffichage-lcd-tft\/#listItem","position":3,"name":"TFT LCD Display Module","item":"https:\/\/rjoytek.com\/fr\/categorie-produit\/module-daffichage-lcd-tft\/","nextItem":{"@type":"ListItem","@id":"https:\/\/rjoytek.com\/fr\/produit\/affichage-lcd-tft-rond-de-5-pouces\/#listItem","name":"5-inch Round TFT LCD Display &#8211; 1080*1080 Resolution Touchscreen"},"previousItem":{"@type":"ListItem","@id":"https:\/\/rjoytek.com\/fr\/boutique\/#listItem","name":"Shop"}},{"@type":"ListItem","@id":"https:\/\/rjoytek.com\/fr\/produit\/affichage-lcd-tft-rond-de-5-pouces\/#listItem","position":4,"name":"5-inch Round TFT LCD Display &#8211; 1080*1080 Resolution Touchscreen","previousItem":{"@type":"ListItem","@id":"https:\/\/rjoytek.com\/fr\/categorie-produit\/module-daffichage-lcd-tft\/#listItem","name":"TFT LCD Display Module"}}]},{"@type":"Organization","@id":"https:\/\/rjoytek.com\/fr\/#organization","name":"RJY Display","description":"Top Custom LCD, TFT, OLED Display Manufacturer & Supplier in China.","url":"https:\/\/rjoytek.com\/fr\/","telephone":"+8618872893408","logo":{"@type":"ImageObject","url":"https:\/\/rjoytek.com\/wp-content\/uploads\/2025\/07\/LOGO1-scaled.png","@id":"https:\/\/rjoytek.com\/fr\/produit\/affichage-lcd-tft-rond-de-5-pouces\/#organizationLogo","width":2560,"height":416},"image":{"@id":"https:\/\/rjoytek.com\/fr\/produit\/affichage-lcd-tft-rond-de-5-pouces\/#organizationLogo"},"sameAs":["https:\/\/www.facebook.com\/RjoytekLCDSolution","https:\/\/www.youtube.com\/@lcdsolution-RJOYTEK","https:\/\/www.linkedin.com\/company\/rjoytek-lcd-solution"]},{"@type":"WebPage","@id":"https:\/\/rjoytek.com\/fr\/produit\/affichage-lcd-tft-rond-de-5-pouces\/#webpage","url":"https:\/\/rjoytek.com\/fr\/produit\/affichage-lcd-tft-rond-de-5-pouces\/","name":"5-inch Round TFT LCD Display \u2013 1080*1080 Resolution Touchscreen - Capacitive Touch Panel - Top Custom LCD, TFT, OLED Display Manufacturer & Supplier in China.","description":"Size: 5 inch round lcd touch panel Resolution: 1080*1080 Interface: MIPI Surface treatment: G+FF, 6H Touch IC: GT9271, muti-touch","inLanguage":"fr-FR","isPartOf":{"@id":"https:\/\/rjoytek.com\/fr\/#website"},"breadcrumb":{"@id":"https:\/\/rjoytek.com\/fr\/produit\/affichage-lcd-tft-rond-de-5-pouces\/#breadcrumblist"},"image":{"@type":"ImageObject","url":"https:\/\/rjoytek.com\/wp-content\/uploads\/2023\/03\/5-inch-lcd-touchscreen.jpg","@id":"https:\/\/rjoytek.com\/fr\/produit\/affichage-lcd-tft-rond-de-5-pouces\/#mainImage","width":1150,"height":1095},"primaryImageOfPage":{"@id":"https:\/\/rjoytek.com\/fr\/produit\/affichage-lcd-tft-rond-de-5-pouces\/#mainImage"},"datePublished":"2023-03-09T08:58:34+00:00","dateModified":"2025-03-04T02:36:53+00:00"},{"@type":"WebSite","@id":"https:\/\/rjoytek.com\/fr\/#website","url":"https:\/\/rjoytek.com\/fr\/","name":"RJY Display","description":"Top Custom LCD, TFT, OLED Display Manufacturer & Supplier in China.","inLanguage":"fr-FR","publisher":{"@id":"https:\/\/rjoytek.com\/fr\/#organization"}}]},"og:locale":"fr_FR","og:site_name":"RJY Display - Top Custom LCD, TFT, OLED Display Manufacturer &amp; Supplier in China.","og:type":"article","og:title":"5-inch Round TFT LCD Display \u2013 1080*1080 Resolution Touchscreen - Capacitive Touch Panel - Top Custom LCD, TFT, OLED Display Manufacturer &amp; Supplier in China.","og:description":"Size: 5 inch round lcd touch panel Resolution: 1080*1080 Interface: MIPI Surface treatment: G+FF, 6H Touch IC: GT9271, muti-touch","og:url":"https:\/\/rjoytek.com\/fr\/produit\/affichage-lcd-tft-rond-de-5-pouces\/","og:image":"https:\/\/rjoytek.com\/wp-content\/uploads\/2024\/08\/cropped-LOGO.png","og:image:secure_url":"https:\/\/rjoytek.com\/wp-content\/uploads\/2024\/08\/cropped-LOGO.png","og:image:width":512,"og:image:height":512,"article:published_time":"2023-03-09T08:58:34+00:00","article:modified_time":"2025-03-04T02:36:53+00:00","article:publisher":"https:\/\/www.facebook.com\/RjoytekLCDSolution","twitter:card":"summary_large_image","twitter:title":"5-inch Round TFT LCD Display \u2013 1080*1080 Resolution Touchscreen - Capacitive Touch Panel - Top Custom LCD, TFT, OLED Display Manufacturer &amp; Supplier in China.","twitter:description":"Size: 5 inch round lcd touch panel Resolution: 1080*1080 Interface: MIPI Surface treatment: G+FF, 6H Touch IC: GT9271, muti-touch","twitter:image":"https:\/\/rjoytek.com\/wp-content\/uploads\/2024\/08\/cropped-LOGO.png"},"aioseo_meta_data":{"post_id":"7952","title":null,"description":null,"keywords":null,"keyphrases":null,"canonical_url":null,"og_title":null,"og_description":null,"og_object_type":"default","og_image_type":"default","og_image_custom_url":null,"og_image_custom_fields":null,"og_custom_image_width":null,"og_custom_image_height":null,"og_video":null,"og_custom_url":null,"og_article_section":null,"og_article_tags":null,"twitter_use_og":true,"twitter_card":"default","twitter_image_type":"default","twitter_image_custom_url":null,"twitter_image_custom_fields":null,"twitter_title":null,"twitter_description":null,"schema_type":null,"schema_type_options":null,"pillar_content":false,"robots_default":true,"robots_noindex":false,"robots_noarchive":false,"robots_nosnippet":false,"robots_nofollow":false,"robots_noimageindex":false,"robots_noodp":false,"robots_notranslate":false,"robots_max_snippet":null,"robots_max_videopreview":null,"robots_max_imagepreview":"none","tabs":null,"priority":null,"frequency":null,"local_seo":null,"created":"2026-03-24 12:19:21","updated":"2026-03-30 09:13:49"},"aioseo_breadcrumb":"<div class=\"aioseo-breadcrumbs\"><span class=\"aioseo-breadcrumb\">\n\t<a href=\"https:\/\/rjoytek.com\/fr\" title=\"Home\">Home<\/a>\n<\/span><span class=\"aioseo-breadcrumb-separator\">\u00bb<\/span><span class=\"aioseo-breadcrumb\">\n\t<a href=\"https:\/\/rjoytek.com\/fr\/boutique\/\" title=\"Shop\">Shop<\/a>\n<\/span><span class=\"aioseo-breadcrumb-separator\">\u00bb<\/span><span class=\"aioseo-breadcrumb\">\n\t<a href=\"https:\/\/rjoytek.com\/fr\/categorie-produit\/module-daffichage-lcd-tft\/\" title=\"TFT LCD Display Module\">TFT LCD Display Module<\/a>\n<\/span><span class=\"aioseo-breadcrumb-separator\">\u00bb<\/span><span class=\"aioseo-breadcrumb\">\n\t5-inch Round TFT LCD Display \u2013 1080*1080 Resolution Touchscreen\n<\/span><\/div>","aioseo_breadcrumb_json":[{"label":"Home","link":"https:\/\/rjoytek.com\/fr"},{"label":"Shop","link":"https:\/\/rjoytek.com\/fr\/boutique\/"},{"label":"TFT LCD Display Module","link":"https:\/\/rjoytek.com\/fr\/categorie-produit\/module-daffichage-lcd-tft\/"},{"label":"5-inch Round TFT LCD Display &#8211; 1080*1080 Resolution Touchscreen","link":"https:\/\/rjoytek.com\/fr\/produit\/affichage-lcd-tft-rond-de-5-pouces\/"}],"_links":{"self":[{"href":"https:\/\/rjoytek.com\/fr\/wp-json\/wp\/v2\/product\/7952","targetHints":{"allow":["GET"]}}],"collection":[{"href":"https:\/\/rjoytek.com\/fr\/wp-json\/wp\/v2\/product"}],"about":[{"href":"https:\/\/rjoytek.com\/fr\/wp-json\/wp\/v2\/types\/product"}],"wp:featuredmedia":[{"embeddable":true,"href":"https:\/\/rjoytek.com\/fr\/wp-json\/wp\/v2\/media\/7955"}],"wp:attachment":[{"href":"https:\/\/rjoytek.com\/fr\/wp-json\/wp\/v2\/media?parent=7952"}],"wp:term":[{"taxonomy":"product_cat","embeddable":true,"href":"https:\/\/rjoytek.com\/fr\/wp-json\/wp\/v2\/product_cat?post=7952"},{"taxonomy":"product_tag","embeddable":true,"href":"https:\/\/rjoytek.com\/fr\/wp-json\/wp\/v2\/product_tag?post=7952"}],"curies":[{"name":"wp","href":"https:\/\/api.w.org\/{rel}","templated":true}]}}