{"id":7854,"date":"2023-01-15T08:20:30","date_gmt":"2023-01-15T08:20:30","guid":{"rendered":"https:\/\/rjoytek.com\/?post_type=product&#038;p=7854"},"modified":"2025-03-04T02:35:15","modified_gmt":"2025-03-04T02:35:15","slug":"1-affichage-lcd-tft-de-69-pouces","status":"publish","type":"product","link":"https:\/\/rjoytek.com\/fr\/produit\/1-affichage-lcd-tft-de-69-pouces\/","title":{"rendered":"\u00c9cran LCD TFT de 1,69 pouce - R\u00e9solution 240*280 pour montres connect\u00e9es"},"content":{"rendered":"<h2>Aper\u00e7u du produit<\/h2>\n<p>Il s'agit d'un panneau d'affichage LCD TFT couleur de 1,69 pouce avec une r\u00e9solution de 240\u00d7280 pixels, dot\u00e9 d'une interface SPI. Con\u00e7u pour les applications de petite taille, il constitue un choix id\u00e9al pour les montres intelligentes et les affichages de commande, tels que les panneaux de contr\u00f4le d'\u00e9clairage public ext\u00e9rieur ou les interfaces de machines \u00e0 caf\u00e9. L'affichage est disponible en deux versions : avec ou sans \u00e9cran tactile, offrant une flexibilit\u00e9 pour diff\u00e9rents cas d'utilisation.<\/p>\n<hr \/>\n<h2>\u00c0 propos de RJY DISPLAY<\/h2>\n<p>Rjoytek est un fabricant professionnel d'\u00e9crans LCD bas\u00e9 \u00e0 Shenzhen, en Chine, avec un historique d'excellence depuis sa cr\u00e9ation en 2014. Au cours des neuf derni\u00e8res ann\u00e9es, nous sommes pass\u00e9s de la d\u00e9coupe du verre pour devenir un fournisseur mondial de confiance d'\u00e9crans LCD TFT et de solutions int\u00e9gr\u00e9es d'affichage LCD.<\/p>\n<h3>Notre engagement envers vous<\/h3>\n<p>Nous nous effor\u00e7ons de fournir les services les plus pratiques et des produits de haute qualit\u00e9 \u00e0 nos clients. De la r\u00e9ponse aux demandes li\u00e9es aux produits \u00e0 la proposition de solutions logicielles, notre objectif est de vous faire gagner du temps et de r\u00e9duire vos co\u00fbts, en garantissant une collaboration fluide et sans souci.<\/p>\n<hr \/>\n<h2>Confidentialit\u00e9 et s\u00e9curit\u00e9 des donn\u00e9es<\/h2>\n<h3>Protection de vos informations<\/h3>\n<ul>\n<li><strong>Informations relatives \u00e0 la demande :<\/strong>\u00a0Votre e-mail, nom et autres coordonn\u00e9es ne sont partag\u00e9s qu'avec notre \u00e9quipe commerciale professionnelle pour faciliter la communication. Ces informations ne sont jamais divulgu\u00e9es \u00e0 des tiers.<\/li>\n<li><strong>Informations sur le projet et le produit :<\/strong>\u00a0Nous respectons la confidentialit\u00e9 et sommes ouverts \u00e0 la signature d'accords de non-divulgation (NDA) si n\u00e9cessaire. Toutes les activit\u00e9s sont men\u00e9es dans le cadre de la protection l\u00e9gale.<\/li>\n<li><strong>Acc\u00e8s par des tiers :<\/strong>\u00a0Toute divulgation de vos informations principales de projet \u00e0 des tiers n\u00e9cessite votre consentement explicite.<\/li>\n<\/ul>\n<hr \/>\n<h2>Comment acheter<\/h2>\n<ol>\n<li><strong>Envoyer une demande :<\/strong>\u00a0Commencez par nous envoyer un e-mail ou remplir notre formulaire de demande. Notre \u00e9quipe r\u00e9pondra dans les 24 heures.<\/li>\n<li><strong>Fournir des d\u00e9tails :<\/strong>\u00a0Partagez vos exigences produit, y compris la taille, le mod\u00e8le ou l'application, afin que nous puissions vous fournir des informations et des solutions pr\u00e9cises.<\/li>\n<li><strong>Options de personnalisation :<\/strong>\u00a0Que vous ayez besoin d'un seul \u00e9chantillon ou d'une grande commande, nous prenons en charge les petites et les grandes quantit\u00e9s.<\/li>\n<li><strong>Services suppl\u00e9mentaires :<\/strong>\u00a0Nous proposons \u00e9galement des cartes pilotes HDMI et des cartes de contr\u00f4le LCD personnalis\u00e9es. Discutez simplement de vos besoins avec notre \u00e9quipe commerciale, et nous \u00e9laborerons une solution sur mesure pour vous.<\/li>\n<\/ol>\n<h3>Paiement et livraison<\/h3>\n<ul>\n<li><strong>M\u00e9thodes de paiement :<\/strong>\u00a0Nous acceptons les paiements internationaux, notamment PayPal, les virements bancaires (TT), les transferts en ligne Alibaba, et plus encore.<\/li>\n<li><strong>Livraison :<\/strong>\u00a0Les produits sont exp\u00e9di\u00e9s via des messageries internationales de confiance comme FedEx, DHL et UPS.<\/li>\n<\/ul>\n<h3>Personnalisation<\/h3>\n<p>Bien que notre boutique propose une gamme de produits standard, nous offrons \u00e9galement des options de personnalisation, notamment l'interface, la luminosit\u00e9, les cartes de contr\u00f4le et les \u00e9crans tactiles. Faites-nous part de vos besoins sp\u00e9cifiques, et nous travaillerons avec vous pour cr\u00e9er la solution parfaite.<\/p>","protected":false},"excerpt":{"rendered":"<ul>\n<li>Taille : \u00c9cran LCD de montre intelligente de 1,69 pouce<\/li>\n<li>R\u00e9solution : 240 (RV\u0392) x 280<\/li>\n<li>Zone d'affichage LCD : 27,97 (H) * 32,63 (V)<\/li>\n<li>CI pilote : ST7789<\/li>\n<li>CI tactile : CST816D<\/li>\n<li>Interface : SPI<\/li>\n<li>Structure tactile : G+F<\/li>\n<\/ul>","protected":false},"featured_media":7857,"template":"","meta":{"_acf_changed":false,"site-sidebar-layout":"default","site-content-layout":"","ast-site-content-layout":"default","site-content-style":"default","site-sidebar-style":"default","ast-global-header-display":"","ast-banner-title-visibility":"","ast-main-header-display":"","ast-hfb-above-header-display":"","ast-hfb-below-header-display":"","ast-hfb-mobile-header-display":"","site-post-title":"","ast-breadcrumbs-content":"","ast-featured-img":"","footer-sml-layout":"","ast-disable-related-posts":"","theme-transparent-header-meta":"","adv-header-id-meta":"","stick-header-meta":"","header-above-stick-meta":"","header-main-stick-meta":"","header-below-stick-meta":"","astra-migrate-meta-layouts":"default","ast-page-background-enabled":"default","ast-page-background-meta":{"desktop":{"background-color":"var(--ast-global-color-5)","background-image":"","background-repeat":"repeat","background-position":"center center","background-size":"auto","background-attachment":"scroll","background-type":"","background-media":"","overlay-type":"","overlay-color":"","overlay-opacity":"","overlay-gradient":""},"tablet":{"background-color":"","background-image":"","background-repeat":"repeat","background-position":"center center","background-size":"auto","background-attachment":"scroll","background-type":"","background-media":"","overlay-type":"","overlay-color":"","overlay-opacity":"","overlay-gradient":""},"mobile":{"background-color":"","background-image":"","background-repeat":"repeat","background-position":"center center","background-size":"auto","background-attachment":"scroll","background-type":"","background-media":"","overlay-type":"","overlay-color":"","overlay-opacity":"","overlay-gradient":""}},"ast-content-background-meta":{"desktop":{"background-color":"var(--ast-global-color-4)","background-image":"","background-repeat":"repeat","background-position":"center center","background-size":"auto","background-attachment":"scroll","background-type":"","background-media":"","overlay-type":"","overlay-color":"","overlay-opacity":"","overlay-gradient":""},"tablet":{"background-color":"var(--ast-global-color-4)","background-image":"","background-repeat":"repeat","background-position":"center center","background-size":"auto","background-attachment":"scroll","background-type":"","background-media":"","overlay-type":"","overlay-color":"","overlay-opacity":"","overlay-gradient":""},"mobile":{"background-color":"var(--ast-global-color-4)","background-image":"","background-repeat":"repeat","background-position":"center center","background-size":"auto","background-attachment":"scroll","background-type":"","background-media":"","overlay-type":"","overlay-color":"","overlay-opacity":"","overlay-gradient":""}}},"product_cat":[114,15],"product_tag":[260,262,261],"class_list":{"0":"post-7854","1":"product","2":"type-product","3":"status-publish","4":"has-post-thumbnail","6":"product_cat-capacitive-touch-panel","7":"product_cat-tft-lcd-display-module","8":"product_tag-1-69-inch-lcd-display","9":"product_tag-1-69-inch-lcd-module","10":"product_tag-smart-watch-display","11":"pa_brightness-508","12":"pa_interface-spi","13":"pa_resolution-240x280","14":"pa_size-1-69","15":"desktop-align-left","16":"tablet-align-left","17":"mobile-align-left","18":"ast-product-gallery-layout-horizontal-slider","19":"ast-magnify-disabled","20":"ast-qv-on-image","22":"first","23":"instock","24":"shipping-taxable","25":"product-type-simple"},"acf":[],"aioseo_notices":[],"aioseo_head":"\n\t\t<!-- All in One SEO Pro 4.8.3.2 - aioseo.com -->\n\t<meta name=\"description\" content=\"Size: 1.69 inch Smart Watch LCD Screen Resolution: 240(RGB)x280 LCD AA: 27.97 (H)* 32.63 (V) Driver IC: ST7789 Touch IC: CST816D Interface: SPI Touch structure: G+F\" \/>\n\t<meta name=\"robots\" content=\"max-image-preview:large\" \/>\n\t<link rel=\"canonical\" href=\"https:\/\/rjoytek.com\/fr\/produit\/1-affichage-lcd-tft-de-69-pouces\/\" \/>\n\t<meta name=\"generator\" content=\"All in One SEO Pro (AIOSEO) 4.8.3.2\" \/>\n\t\t<meta property=\"og:locale\" content=\"fr_FR\" \/>\n\t\t<meta property=\"og:site_name\" content=\"RJY Display - Top Custom LCD, TFT, OLED Display Manufacturer &amp; Supplier in China.\" \/>\n\t\t<meta property=\"og:type\" content=\"article\" \/>\n\t\t<meta property=\"og:title\" content=\"1.69-inch TFT LCD Display \u2013 240*280 Resolution for Smart Watches - Capacitive Touch Panel - Top Custom LCD, TFT, OLED Display Manufacturer &amp; Supplier in China.\" \/>\n\t\t<meta property=\"og:description\" content=\"Size: 1.69 inch Smart Watch LCD Screen Resolution: 240(RGB)x280 LCD AA: 27.97 (H)* 32.63 (V) Driver IC: ST7789 Touch IC: CST816D Interface: SPI Touch structure: G+F\" \/>\n\t\t<meta property=\"og:url\" content=\"https:\/\/rjoytek.com\/fr\/produit\/1-affichage-lcd-tft-de-69-pouces\/\" \/>\n\t\t<meta property=\"og:image\" content=\"https:\/\/rjoytek.com\/wp-content\/uploads\/2024\/08\/cropped-LOGO.png\" \/>\n\t\t<meta property=\"og:image:secure_url\" content=\"https:\/\/rjoytek.com\/wp-content\/uploads\/2024\/08\/cropped-LOGO.png\" \/>\n\t\t<meta property=\"og:image:width\" content=\"512\" \/>\n\t\t<meta property=\"og:image:height\" content=\"512\" \/>\n\t\t<meta property=\"article:published_time\" content=\"2023-01-15T08:20:30+00:00\" \/>\n\t\t<meta property=\"article:modified_time\" content=\"2025-03-04T02:35:15+00:00\" \/>\n\t\t<meta property=\"article:publisher\" content=\"https:\/\/www.facebook.com\/RjoytekLCDSolution\" \/>\n\t\t<meta name=\"twitter:card\" content=\"summary_large_image\" \/>\n\t\t<meta name=\"twitter:title\" content=\"1.69-inch TFT LCD Display \u2013 240*280 Resolution for Smart Watches - Capacitive Touch Panel - Top Custom LCD, TFT, OLED Display Manufacturer &amp; Supplier in China.\" \/>\n\t\t<meta name=\"twitter:description\" content=\"Size: 1.69 inch Smart Watch LCD Screen Resolution: 240(RGB)x280 LCD AA: 27.97 (H)* 32.63 (V) Driver IC: ST7789 Touch IC: CST816D Interface: SPI Touch structure: G+F\" \/>\n\t\t<meta name=\"twitter:image\" content=\"https:\/\/rjoytek.com\/wp-content\/uploads\/2024\/08\/cropped-LOGO.png\" \/>\n\t\t<script type=\"application\/ld+json\" class=\"aioseo-schema\">\n\t\t\t{\"@context\":\"https:\\\/\\\/schema.org\",\"@graph\":[{\"@type\":\"BreadcrumbList\",\"@id\":\"https:\\\/\\\/rjoytek.com\\\/fr\\\/produit\\\/1-affichage-lcd-tft-de-69-pouces\\\/#breadcrumblist\",\"itemListElement\":[{\"@type\":\"ListItem\",\"@id\":\"https:\\\/\\\/rjoytek.com\\\/fr#listItem\",\"position\":1,\"name\":\"Home\",\"item\":\"https:\\\/\\\/rjoytek.com\\\/fr\",\"nextItem\":{\"@type\":\"ListItem\",\"@id\":\"https:\\\/\\\/rjoytek.com\\\/fr\\\/boutique\\\/#listItem\",\"name\":\"Shop\"}},{\"@type\":\"ListItem\",\"@id\":\"https:\\\/\\\/rjoytek.com\\\/fr\\\/boutique\\\/#listItem\",\"position\":2,\"name\":\"Shop\",\"item\":\"https:\\\/\\\/rjoytek.com\\\/fr\\\/boutique\\\/\",\"nextItem\":{\"@type\":\"ListItem\",\"@id\":\"https:\\\/\\\/rjoytek.com\\\/fr\\\/categorie-produit\\\/module-daffichage-lcd-tft\\\/#listItem\",\"name\":\"TFT LCD Display Module\"},\"previousItem\":{\"@type\":\"ListItem\",\"@id\":\"https:\\\/\\\/rjoytek.com\\\/fr#listItem\",\"name\":\"Home\"}},{\"@type\":\"ListItem\",\"@id\":\"https:\\\/\\\/rjoytek.com\\\/fr\\\/categorie-produit\\\/module-daffichage-lcd-tft\\\/#listItem\",\"position\":3,\"name\":\"TFT LCD Display Module\",\"item\":\"https:\\\/\\\/rjoytek.com\\\/fr\\\/categorie-produit\\\/module-daffichage-lcd-tft\\\/\",\"nextItem\":{\"@type\":\"ListItem\",\"@id\":\"https:\\\/\\\/rjoytek.com\\\/fr\\\/produit\\\/1-affichage-lcd-tft-de-69-pouces\\\/#listItem\",\"name\":\"1.69-inch TFT LCD Display &#8211; 240*280 Resolution for Smart Watches\"},\"previousItem\":{\"@type\":\"ListItem\",\"@id\":\"https:\\\/\\\/rjoytek.com\\\/fr\\\/boutique\\\/#listItem\",\"name\":\"Shop\"}},{\"@type\":\"ListItem\",\"@id\":\"https:\\\/\\\/rjoytek.com\\\/fr\\\/produit\\\/1-affichage-lcd-tft-de-69-pouces\\\/#listItem\",\"position\":4,\"name\":\"1.69-inch TFT LCD Display &#8211; 240*280 Resolution for Smart Watches\",\"previousItem\":{\"@type\":\"ListItem\",\"@id\":\"https:\\\/\\\/rjoytek.com\\\/fr\\\/categorie-produit\\\/module-daffichage-lcd-tft\\\/#listItem\",\"name\":\"TFT LCD Display Module\"}}]},{\"@type\":\"Organization\",\"@id\":\"https:\\\/\\\/rjoytek.com\\\/fr\\\/#organization\",\"name\":\"RJY Display\",\"description\":\"Top Custom LCD, TFT, OLED Display Manufacturer & Supplier in China.\",\"url\":\"https:\\\/\\\/rjoytek.com\\\/fr\\\/\",\"telephone\":\"+8618872893408\",\"logo\":{\"@type\":\"ImageObject\",\"url\":\"https:\\\/\\\/rjoytek.com\\\/wp-content\\\/uploads\\\/2025\\\/07\\\/LOGO1-scaled.png\",\"@id\":\"https:\\\/\\\/rjoytek.com\\\/fr\\\/produit\\\/1-affichage-lcd-tft-de-69-pouces\\\/#organizationLogo\",\"width\":2560,\"height\":416},\"image\":{\"@id\":\"https:\\\/\\\/rjoytek.com\\\/fr\\\/produit\\\/1-affichage-lcd-tft-de-69-pouces\\\/#organizationLogo\"},\"sameAs\":[\"https:\\\/\\\/www.facebook.com\\\/RjoytekLCDSolution\",\"https:\\\/\\\/www.youtube.com\\\/@lcdsolution-RJOYTEK\",\"https:\\\/\\\/www.linkedin.com\\\/company\\\/rjoytek-lcd-solution\"]},{\"@type\":\"WebPage\",\"@id\":\"https:\\\/\\\/rjoytek.com\\\/fr\\\/produit\\\/1-affichage-lcd-tft-de-69-pouces\\\/#webpage\",\"url\":\"https:\\\/\\\/rjoytek.com\\\/fr\\\/produit\\\/1-affichage-lcd-tft-de-69-pouces\\\/\",\"name\":\"1.69-inch TFT LCD Display \\u2013 240*280 Resolution for Smart Watches - Capacitive Touch Panel - Top Custom LCD, TFT, OLED Display Manufacturer & Supplier in China.\",\"description\":\"Size: 1.69 inch Smart Watch LCD Screen Resolution: 240(RGB)x280 LCD AA: 27.97 (H)* 32.63 (V) Driver IC: ST7789 Touch IC: CST816D Interface: SPI Touch structure: G+F\",\"inLanguage\":\"fr-FR\",\"isPartOf\":{\"@id\":\"https:\\\/\\\/rjoytek.com\\\/fr\\\/#website\"},\"breadcrumb\":{\"@id\":\"https:\\\/\\\/rjoytek.com\\\/fr\\\/produit\\\/1-affichage-lcd-tft-de-69-pouces\\\/#breadcrumblist\"},\"image\":{\"@type\":\"ImageObject\",\"url\":\"https:\\\/\\\/rjoytek.com\\\/wp-content\\\/uploads\\\/2023\\\/01\\\/1.69-inch-lcd-display.jpg\",\"@id\":\"https:\\\/\\\/rjoytek.com\\\/fr\\\/produit\\\/1-affichage-lcd-tft-de-69-pouces\\\/#mainImage\",\"width\":800,\"height\":800},\"primaryImageOfPage\":{\"@id\":\"https:\\\/\\\/rjoytek.com\\\/fr\\\/produit\\\/1-affichage-lcd-tft-de-69-pouces\\\/#mainImage\"},\"datePublished\":\"2023-01-15T08:20:30+00:00\",\"dateModified\":\"2025-03-04T02:35:15+00:00\"},{\"@type\":\"WebSite\",\"@id\":\"https:\\\/\\\/rjoytek.com\\\/fr\\\/#website\",\"url\":\"https:\\\/\\\/rjoytek.com\\\/fr\\\/\",\"name\":\"RJY Display\",\"description\":\"Top Custom LCD, TFT, OLED Display Manufacturer & Supplier in China.\",\"inLanguage\":\"fr-FR\",\"publisher\":{\"@id\":\"https:\\\/\\\/rjoytek.com\\\/fr\\\/#organization\"}}]}\n\t\t<\/script>\n\t\t<!-- All in One SEO Pro -->\r\n\t\t<title>1.69-inch TFT LCD Display \u2013 240*280 Resolution for Smart Watches - Capacitive Touch Panel - Top Custom LCD, TFT, OLED Display Manufacturer &amp; Supplier in China.<\/title>\n\n","aioseo_head_json":{"title":"Affichage LCD TFT de 1,69 pouces - R\u00e9solution 240*280 pour montres connect\u00e9es - Panneau tactile capacitif - Fabricant et fournisseur leader en Chine d'\u00e9crans LCD, TFT et OLED sur mesure.","description":"Taille : 1,69 pouce \u00c9cran LCD de montre intelligente","canonical_url":"https:\/\/rjoytek.com\/fr\/produit\/1-affichage-lcd-tft-de-69-pouces\/","robots":"max-image-preview:large","keywords":"","webmasterTools":{"miscellaneous":""},"schema":{"@context":"https:\/\/schema.org","@graph":[{"@type":"BreadcrumbList","@id":"https:\/\/rjoytek.com\/fr\/produit\/1-affichage-lcd-tft-de-69-pouces\/#breadcrumblist","itemListElement":[{"@type":"ListItem","@id":"https:\/\/rjoytek.com\/fr#listItem","position":1,"name":"Home","item":"https:\/\/rjoytek.com\/fr","nextItem":{"@type":"ListItem","@id":"https:\/\/rjoytek.com\/fr\/boutique\/#listItem","name":"Shop"}},{"@type":"ListItem","@id":"https:\/\/rjoytek.com\/fr\/boutique\/#listItem","position":2,"name":"Shop","item":"https:\/\/rjoytek.com\/fr\/boutique\/","nextItem":{"@type":"ListItem","@id":"https:\/\/rjoytek.com\/fr\/categorie-produit\/module-daffichage-lcd-tft\/#listItem","name":"TFT LCD Display Module"},"previousItem":{"@type":"ListItem","@id":"https:\/\/rjoytek.com\/fr#listItem","name":"Home"}},{"@type":"ListItem","@id":"https:\/\/rjoytek.com\/fr\/categorie-produit\/module-daffichage-lcd-tft\/#listItem","position":3,"name":"TFT LCD Display Module","item":"https:\/\/rjoytek.com\/fr\/categorie-produit\/module-daffichage-lcd-tft\/","nextItem":{"@type":"ListItem","@id":"https:\/\/rjoytek.com\/fr\/produit\/1-affichage-lcd-tft-de-69-pouces\/#listItem","name":"1.69-inch TFT LCD Display &#8211; 240*280 Resolution for Smart Watches"},"previousItem":{"@type":"ListItem","@id":"https:\/\/rjoytek.com\/fr\/boutique\/#listItem","name":"Shop"}},{"@type":"ListItem","@id":"https:\/\/rjoytek.com\/fr\/produit\/1-affichage-lcd-tft-de-69-pouces\/#listItem","position":4,"name":"1.69-inch TFT LCD Display &#8211; 240*280 Resolution for Smart Watches","previousItem":{"@type":"ListItem","@id":"https:\/\/rjoytek.com\/fr\/categorie-produit\/module-daffichage-lcd-tft\/#listItem","name":"TFT LCD Display Module"}}]},{"@type":"Organization","@id":"https:\/\/rjoytek.com\/fr\/#organization","name":"RJY Display","description":"Top Custom LCD, TFT, OLED Display Manufacturer & Supplier in China.","url":"https:\/\/rjoytek.com\/fr\/","telephone":"+8618872893408","logo":{"@type":"ImageObject","url":"https:\/\/rjoytek.com\/wp-content\/uploads\/2025\/07\/LOGO1-scaled.png","@id":"https:\/\/rjoytek.com\/fr\/produit\/1-affichage-lcd-tft-de-69-pouces\/#organizationLogo","width":2560,"height":416},"image":{"@id":"https:\/\/rjoytek.com\/fr\/produit\/1-affichage-lcd-tft-de-69-pouces\/#organizationLogo"},"sameAs":["https:\/\/www.facebook.com\/RjoytekLCDSolution","https:\/\/www.youtube.com\/@lcdsolution-RJOYTEK","https:\/\/www.linkedin.com\/company\/rjoytek-lcd-solution"]},{"@type":"WebPage","@id":"https:\/\/rjoytek.com\/fr\/produit\/1-affichage-lcd-tft-de-69-pouces\/#webpage","url":"https:\/\/rjoytek.com\/fr\/produit\/1-affichage-lcd-tft-de-69-pouces\/","name":"1.69-inch TFT LCD Display \u2013 240*280 Resolution for Smart Watches - Capacitive Touch Panel - Top Custom LCD, TFT, OLED Display Manufacturer & Supplier in China.","description":"Size: 1.69 inch Smart Watch LCD Screen Resolution: 240(RGB)x280 LCD AA: 27.97 (H)* 32.63 (V) Driver IC: ST7789 Touch IC: CST816D Interface: SPI Touch structure: G+F","inLanguage":"fr-FR","isPartOf":{"@id":"https:\/\/rjoytek.com\/fr\/#website"},"breadcrumb":{"@id":"https:\/\/rjoytek.com\/fr\/produit\/1-affichage-lcd-tft-de-69-pouces\/#breadcrumblist"},"image":{"@type":"ImageObject","url":"https:\/\/rjoytek.com\/wp-content\/uploads\/2023\/01\/1.69-inch-lcd-display.jpg","@id":"https:\/\/rjoytek.com\/fr\/produit\/1-affichage-lcd-tft-de-69-pouces\/#mainImage","width":800,"height":800},"primaryImageOfPage":{"@id":"https:\/\/rjoytek.com\/fr\/produit\/1-affichage-lcd-tft-de-69-pouces\/#mainImage"},"datePublished":"2023-01-15T08:20:30+00:00","dateModified":"2025-03-04T02:35:15+00:00"},{"@type":"WebSite","@id":"https:\/\/rjoytek.com\/fr\/#website","url":"https:\/\/rjoytek.com\/fr\/","name":"RJY Display","description":"Top Custom LCD, TFT, OLED Display Manufacturer & Supplier in China.","inLanguage":"fr-FR","publisher":{"@id":"https:\/\/rjoytek.com\/fr\/#organization"}}]},"og:locale":"fr_FR","og:site_name":"RJY Display - Top Custom LCD, TFT, OLED Display Manufacturer &amp; Supplier in China.","og:type":"article","og:title":"1.69-inch TFT LCD Display \u2013 240*280 Resolution for Smart Watches - Capacitive Touch Panel - Top Custom LCD, TFT, OLED Display Manufacturer &amp; Supplier in China.","og:description":"Size: 1.69 inch Smart Watch LCD Screen Resolution: 240(RGB)x280 LCD AA: 27.97 (H)* 32.63 (V) Driver IC: ST7789 Touch IC: CST816D Interface: SPI Touch structure: G+F","og:url":"https:\/\/rjoytek.com\/fr\/produit\/1-affichage-lcd-tft-de-69-pouces\/","og:image":"https:\/\/rjoytek.com\/wp-content\/uploads\/2024\/08\/cropped-LOGO.png","og:image:secure_url":"https:\/\/rjoytek.com\/wp-content\/uploads\/2024\/08\/cropped-LOGO.png","og:image:width":512,"og:image:height":512,"article:published_time":"2023-01-15T08:20:30+00:00","article:modified_time":"2025-03-04T02:35:15+00:00","article:publisher":"https:\/\/www.facebook.com\/RjoytekLCDSolution","twitter:card":"summary_large_image","twitter:title":"1.69-inch TFT LCD Display \u2013 240*280 Resolution for Smart Watches - Capacitive Touch Panel - Top Custom LCD, TFT, OLED Display Manufacturer &amp; Supplier in China.","twitter:description":"Size: 1.69 inch Smart Watch LCD Screen Resolution: 240(RGB)x280 LCD AA: 27.97 (H)* 32.63 (V) Driver IC: ST7789 Touch IC: CST816D Interface: SPI Touch structure: G+F","twitter:image":"https:\/\/rjoytek.com\/wp-content\/uploads\/2024\/08\/cropped-LOGO.png"},"aioseo_meta_data":{"post_id":"7854","title":null,"description":null,"keywords":null,"keyphrases":null,"canonical_url":null,"og_title":null,"og_description":null,"og_object_type":"default","og_image_type":"default","og_image_custom_url":null,"og_image_custom_fields":null,"og_custom_image_width":null,"og_custom_image_height":null,"og_video":null,"og_custom_url":null,"og_article_section":null,"og_article_tags":null,"twitter_use_og":true,"twitter_card":"default","twitter_image_type":"default","twitter_image_custom_url":null,"twitter_image_custom_fields":null,"twitter_title":null,"twitter_description":null,"schema_type":null,"schema_type_options":null,"pillar_content":false,"robots_default":true,"robots_noindex":false,"robots_noarchive":false,"robots_nosnippet":false,"robots_nofollow":false,"robots_noimageindex":false,"robots_noodp":false,"robots_notranslate":false,"robots_max_snippet":null,"robots_max_videopreview":null,"robots_max_imagepreview":"none","tabs":null,"priority":null,"frequency":null,"local_seo":null,"created":"2026-03-24 12:11:21","updated":"2026-04-15 06:48:52"},"aioseo_breadcrumb":"<div class=\"aioseo-breadcrumbs\"><span class=\"aioseo-breadcrumb\">\n\t<a href=\"https:\/\/rjoytek.com\/fr\" title=\"Home\">Home<\/a>\n<\/span><span class=\"aioseo-breadcrumb-separator\">\u00bb<\/span><span class=\"aioseo-breadcrumb\">\n\t<a href=\"https:\/\/rjoytek.com\/fr\/boutique\/\" title=\"Shop\">Shop<\/a>\n<\/span><span class=\"aioseo-breadcrumb-separator\">\u00bb<\/span><span class=\"aioseo-breadcrumb\">\n\t<a href=\"https:\/\/rjoytek.com\/fr\/categorie-produit\/module-daffichage-lcd-tft\/\" title=\"TFT LCD Display Module\">TFT LCD Display Module<\/a>\n<\/span><span class=\"aioseo-breadcrumb-separator\">\u00bb<\/span><span class=\"aioseo-breadcrumb\">\n\t1.69-inch TFT LCD Display \u2013 240*280 Resolution for Smart Watches\n<\/span><\/div>","aioseo_breadcrumb_json":[{"label":"Home","link":"https:\/\/rjoytek.com\/fr"},{"label":"Shop","link":"https:\/\/rjoytek.com\/fr\/boutique\/"},{"label":"TFT LCD Display Module","link":"https:\/\/rjoytek.com\/fr\/categorie-produit\/module-daffichage-lcd-tft\/"},{"label":"1.69-inch TFT LCD Display &#8211; 240*280 Resolution for Smart Watches","link":"https:\/\/rjoytek.com\/fr\/produit\/1-affichage-lcd-tft-de-69-pouces\/"}],"_links":{"self":[{"href":"https:\/\/rjoytek.com\/fr\/wp-json\/wp\/v2\/product\/7854","targetHints":{"allow":["GET"]}}],"collection":[{"href":"https:\/\/rjoytek.com\/fr\/wp-json\/wp\/v2\/product"}],"about":[{"href":"https:\/\/rjoytek.com\/fr\/wp-json\/wp\/v2\/types\/product"}],"wp:featuredmedia":[{"embeddable":true,"href":"https:\/\/rjoytek.com\/fr\/wp-json\/wp\/v2\/media\/7857"}],"wp:attachment":[{"href":"https:\/\/rjoytek.com\/fr\/wp-json\/wp\/v2\/media?parent=7854"}],"wp:term":[{"taxonomy":"product_cat","embeddable":true,"href":"https:\/\/rjoytek.com\/fr\/wp-json\/wp\/v2\/product_cat?post=7854"},{"taxonomy":"product_tag","embeddable":true,"href":"https:\/\/rjoytek.com\/fr\/wp-json\/wp\/v2\/product_tag?post=7854"}],"curies":[{"name":"wp","href":"https:\/\/api.w.org\/{rel}","templated":true}]}}