{"id":7542,"date":"2022-10-24T08:32:53","date_gmt":"2022-10-24T08:32:53","guid":{"rendered":"https:\/\/rjoytek.com\/?post_type=product&#038;p=7542"},"modified":"2025-03-03T06:56:06","modified_gmt":"2025-03-03T06:56:06","slug":"affichage-lcd-tft-de-154-pouces","status":"publish","type":"product","link":"https:\/\/rjoytek.com\/fr\/produit\/affichage-lcd-tft-de-154-pouces\/","title":{"rendered":"\u00c9cran LCD TFT de 1,54 pouces \u2013 R\u00e9solution 240*240"},"content":{"rendered":"<p style=\"text-align: justify;\">Ce panneau d'affichage LCD TFT de 1,54 pouce de RJOYTEK, de num\u00e9ro RV015Z1M-800-31, poss\u00e8de une r\u00e9solution de 240\u00d7240 pixels avec un circuit int\u00e9gr\u00e9 pilote ST7785M. Il dispose d'un angle de vision large IPS. La couleur est de 262K, et l'interface est MIPI, qui peut \u00eatre modifi\u00e9e si n\u00e9cessaire. Sa luminosit\u00e9 est de 800 nits. Ce module LCD de 1,54 pouce peut \u00eatre utilis\u00e9 dans tout syst\u00e8me embarqu\u00e9, dispositif industriel, \u00e9quipement de s\u00e9curit\u00e9 et portatif.<\/p>\n<p>Personnalisation de l'\u00e9cran LCD incluant le r\u00e9tro\u00e9clairage LCD, la luminosit\u00e9, le FPC, l'interface, l'\u00e9cran tactile, etc.<\/p>\n<p>Fourniture de cartes HDMI et d'autres cartes de contr\u00f4le LCD.<\/p>\n<p>Cet \u00e9cran TFT de 1,54 pouce 240*240 trouve de larges applications dans les dispositifs portables, les \u00e9quipements de sant\u00e9, les terminaux portatifs, les lecteurs MP3 MP4, et autres appareils \u00e9lectroniques.<\/p>\n<p>&nbsp;<\/p>\n<p><img fetchpriority=\"high\" decoding=\"async\" class=\"size-full wp-image-7320 aligncenter\" src=\"https:\/\/rjoytek.com\/wp-content\/uploads\/2022\/08\/RJOYTEK-certification.jpg\" alt=\"Certification RJOYTEK\" width=\"1920\" height=\"1326\" srcset=\"https:\/\/rjoytek.com\/wp-content\/uploads\/2022\/08\/RJOYTEK-certification.jpg 1920w, https:\/\/rjoytek.com\/wp-content\/uploads\/2022\/08\/RJOYTEK-certification-1000x691.jpg 1000w, https:\/\/rjoytek.com\/wp-content\/uploads\/2022\/08\/RJOYTEK-certification-300x207.jpg 300w, https:\/\/rjoytek.com\/wp-content\/uploads\/2022\/08\/RJOYTEK-certification-1024x707.jpg 1024w, https:\/\/rjoytek.com\/wp-content\/uploads\/2022\/08\/RJOYTEK-certification-1536x1061.jpg 1536w, https:\/\/rjoytek.com\/wp-content\/uploads\/2022\/08\/RJOYTEK-certification-600x414.jpg 600w\" sizes=\"(max-width: 1920px) 100vw, 1920px\" \/><\/p>\n<p>&nbsp;<\/p>\n<p><span style=\"font-size: 18pt;\"><strong>Produits Recommand\u00e9s<\/strong><\/span><\/p>\n<table style=\"border-collapse: collapse; width: 100%;\">\n<tbody>\n<tr>\n<td style=\"width: 25%;\"><a href=\"https:\/\/rjoytek.com\/product\/3-4-inch-round-lcd-display-800800-tft-lcd-module\/\"><img decoding=\"async\" class=\"size-full wp-image-7694 aligncenter\" src=\"https:\/\/rjoytek.com\/wp-content\/uploads\/2022\/11\/3.4-inch-lcd-display.jpg\" alt=\"\" width=\"800\" height=\"800\" srcset=\"https:\/\/rjoytek.com\/wp-content\/uploads\/2022\/11\/3.4-inch-lcd-display.jpg 800w, https:\/\/rjoytek.com\/wp-content\/uploads\/2022\/11\/3.4-inch-lcd-display-200x200.jpg 200w, https:\/\/rjoytek.com\/wp-content\/uploads\/2022\/11\/3.4-inch-lcd-display-300x300.jpg 300w, https:\/\/rjoytek.com\/wp-content\/uploads\/2022\/11\/3.4-inch-lcd-display-150x150.jpg 150w, https:\/\/rjoytek.com\/wp-content\/uploads\/2022\/11\/3.4-inch-lcd-display-230x230.jpg 230w, https:\/\/rjoytek.com\/wp-content\/uploads\/2022\/11\/3.4-inch-lcd-display-70x70.jpg 70w, https:\/\/rjoytek.com\/wp-content\/uploads\/2022\/11\/3.4-inch-lcd-display-315x315.jpg 315w, https:\/\/rjoytek.com\/wp-content\/uploads\/2022\/11\/3.4-inch-lcd-display-600x600.jpg 600w, https:\/\/rjoytek.com\/wp-content\/uploads\/2022\/11\/3.4-inch-lcd-display-100x100.jpg 100w\" sizes=\"(max-width: 800px) 100vw, 800px\" \/><\/a><\/td>\n<td style=\"width: 25%;\"><a href=\"https:\/\/rjoytek.com\/product\/7-inch-capacitive-touch-screen-12001920-tft-lcd-touch-display\/\"><img decoding=\"async\" class=\"size-full wp-image-7227 aligncenter\" src=\"https:\/\/rjoytek.com\/wp-content\/uploads\/2022\/08\/7-inch-touchscreen.jpg\" alt=\"\" width=\"800\" height=\"800\" srcset=\"https:\/\/rjoytek.com\/wp-content\/uploads\/2022\/08\/7-inch-touchscreen.jpg 800w, https:\/\/rjoytek.com\/wp-content\/uploads\/2022\/08\/7-inch-touchscreen-200x200.jpg 200w, https:\/\/rjoytek.com\/wp-content\/uploads\/2022\/08\/7-inch-touchscreen-300x300.jpg 300w, https:\/\/rjoytek.com\/wp-content\/uploads\/2022\/08\/7-inch-touchscreen-150x150.jpg 150w, https:\/\/rjoytek.com\/wp-content\/uploads\/2022\/08\/7-inch-touchscreen-230x230.jpg 230w, https:\/\/rjoytek.com\/wp-content\/uploads\/2022\/08\/7-inch-touchscreen-70x70.jpg 70w, https:\/\/rjoytek.com\/wp-content\/uploads\/2022\/08\/7-inch-touchscreen-315x315.jpg 315w, https:\/\/rjoytek.com\/wp-content\/uploads\/2022\/08\/7-inch-touchscreen-600x600.jpg 600w, https:\/\/rjoytek.com\/wp-content\/uploads\/2022\/08\/7-inch-touchscreen-100x100.jpg 100w\" sizes=\"(max-width: 800px) 100vw, 800px\" \/><\/a><\/td>\n<td style=\"width: 25%;\"><a href=\"https:\/\/rjoytek.com\/product\/sunlight-readable-lcd-panel-4-inch-320240-tft-lcd-screen\/\"><img loading=\"lazy\" decoding=\"async\" class=\"size-full wp-image-7509 aligncenter\" src=\"https:\/\/rjoytek.com\/wp-content\/uploads\/2022\/10\/SUNLIGHT-READABLE-LCD-DISPLAY.jpg\" alt=\"\" width=\"800\" height=\"800\" srcset=\"https:\/\/rjoytek.com\/wp-content\/uploads\/2022\/10\/SUNLIGHT-READABLE-LCD-DISPLAY.jpg 800w, https:\/\/rjoytek.com\/wp-content\/uploads\/2022\/10\/SUNLIGHT-READABLE-LCD-DISPLAY-200x200.jpg 200w, https:\/\/rjoytek.com\/wp-content\/uploads\/2022\/10\/SUNLIGHT-READABLE-LCD-DISPLAY-300x300.jpg 300w, https:\/\/rjoytek.com\/wp-content\/uploads\/2022\/10\/SUNLIGHT-READABLE-LCD-DISPLAY-150x150.jpg 150w, https:\/\/rjoytek.com\/wp-content\/uploads\/2022\/10\/SUNLIGHT-READABLE-LCD-DISPLAY-230x230.jpg 230w, https:\/\/rjoytek.com\/wp-content\/uploads\/2022\/10\/SUNLIGHT-READABLE-LCD-DISPLAY-70x70.jpg 70w, https:\/\/rjoytek.com\/wp-content\/uploads\/2022\/10\/SUNLIGHT-READABLE-LCD-DISPLAY-315x315.jpg 315w, https:\/\/rjoytek.com\/wp-content\/uploads\/2022\/10\/SUNLIGHT-READABLE-LCD-DISPLAY-600x600.jpg 600w, https:\/\/rjoytek.com\/wp-content\/uploads\/2022\/10\/SUNLIGHT-READABLE-LCD-DISPLAY-100x100.jpg 100w\" sizes=\"(max-width: 800px) 100vw, 800px\" \/><\/a><\/td>\n<td style=\"width: 25%;\"><a href=\"https:\/\/rjoytek.com\/product\/car-lcd-display-10-25-inch-1920720-automotive-lcd-touchscreen\/\"><img loading=\"lazy\" decoding=\"async\" class=\"size-full wp-image-7165 aligncenter\" src=\"https:\/\/rjoytek.com\/wp-content\/uploads\/2022\/08\/10.25-inch-tft-lcd-display.jpg\" alt=\"\u00c9cran LCD TFT de 10,25 pouces\" width=\"800\" height=\"800\" srcset=\"https:\/\/rjoytek.com\/wp-content\/uploads\/2022\/08\/10.25-inch-tft-lcd-display.jpg 800w, https:\/\/rjoytek.com\/wp-content\/uploads\/2022\/08\/10.25-inch-tft-lcd-display-200x200.jpg 200w, https:\/\/rjoytek.com\/wp-content\/uploads\/2022\/08\/10.25-inch-tft-lcd-display-300x300.jpg 300w, https:\/\/rjoytek.com\/wp-content\/uploads\/2022\/08\/10.25-inch-tft-lcd-display-150x150.jpg 150w, https:\/\/rjoytek.com\/wp-content\/uploads\/2022\/08\/10.25-inch-tft-lcd-display-230x230.jpg 230w, https:\/\/rjoytek.com\/wp-content\/uploads\/2022\/08\/10.25-inch-tft-lcd-display-70x70.jpg 70w, https:\/\/rjoytek.com\/wp-content\/uploads\/2022\/08\/10.25-inch-tft-lcd-display-315x315.jpg 315w, https:\/\/rjoytek.com\/wp-content\/uploads\/2022\/08\/10.25-inch-tft-lcd-display-600x600.jpg 600w, https:\/\/rjoytek.com\/wp-content\/uploads\/2022\/08\/10.25-inch-tft-lcd-display-100x100.jpg 100w\" sizes=\"(max-width: 800px) 100vw, 800px\" \/><\/a><\/td>\n<\/tr>\n<tr>\n<td style=\"width: 25%; text-align: center;\">Module LCD TFT rond de 3,4 pouces<\/td>\n<td style=\"width: 25%; text-align: center;\">Panneau d'\u00e9cran tactile LCD de 7 pouces<\/td>\n<td style=\"width: 25%; text-align: center;\">\u00c9cran LCD lisible au soleil de 4 pouces<\/td>\n<td style=\"width: 25%; text-align: center;\">\u00c9cran LCD automobile de 10,25 pouces<\/td>\n<\/tr>\n<\/tbody>\n<\/table>\n<p>&nbsp;<\/p>","protected":false},"excerpt":{"rendered":"<p>Module d'affichage LCD TFT de 1,54 pouce<\/p>\n<ul>\n<li>240*240<\/li>\n<li>interface MIPI<\/li>\n<li>Circuit Int\u00e9gr\u00e9 Pilote (Driver IC) : ST7785M<\/li>\n<li>Couleurs : 262K<\/li>\n<li>Mode d'affichage : Normalement Noir<\/li>\n<\/ul>","protected":false},"featured_media":7544,"template":"","meta":{"_acf_changed":false,"site-sidebar-layout":"default","site-content-layout":"","ast-site-content-layout":"default","site-content-style":"default","site-sidebar-style":"default","ast-global-header-display":"","ast-banner-title-visibility":"","ast-main-header-display":"","ast-hfb-above-header-display":"","ast-hfb-below-header-display":"","ast-hfb-mobile-header-display":"","site-post-title":"","ast-breadcrumbs-content":"","ast-featured-img":"","footer-sml-layout":"","ast-disable-related-posts":"","theme-transparent-header-meta":"","adv-header-id-meta":"","stick-header-meta":"","header-above-stick-meta":"","header-main-stick-meta":"","header-below-stick-meta":"","astra-migrate-meta-layouts":"default","ast-page-background-enabled":"default","ast-page-background-meta":{"desktop":{"background-color":"var(--ast-global-color-5)","background-image":"","background-repeat":"repeat","background-position":"center center","background-size":"auto","background-attachment":"scroll","background-type":"","background-media":"","overlay-type":"","overlay-color":"","overlay-opacity":"","overlay-gradient":""},"tablet":{"background-color":"","background-image":"","background-repeat":"repeat","background-position":"center center","background-size":"auto","background-attachment":"scroll","background-type":"","background-media":"","overlay-type":"","overlay-color":"","overlay-opacity":"","overlay-gradient":""},"mobile":{"background-color":"","background-image":"","background-repeat":"repeat","background-position":"center center","background-size":"auto","background-attachment":"scroll","background-type":"","background-media":"","overlay-type":"","overlay-color":"","overlay-opacity":"","overlay-gradient":""}},"ast-content-background-meta":{"desktop":{"background-color":"var(--ast-global-color-4)","background-image":"","background-repeat":"repeat","background-position":"center center","background-size":"auto","background-attachment":"scroll","background-type":"","background-media":"","overlay-type":"","overlay-color":"","overlay-opacity":"","overlay-gradient":""},"tablet":{"background-color":"var(--ast-global-color-4)","background-image":"","background-repeat":"repeat","background-position":"center center","background-size":"auto","background-attachment":"scroll","background-type":"","background-media":"","overlay-type":"","overlay-color":"","overlay-opacity":"","overlay-gradient":""},"mobile":{"background-color":"var(--ast-global-color-4)","background-image":"","background-repeat":"repeat","background-position":"center center","background-size":"auto","background-attachment":"scroll","background-type":"","background-media":"","overlay-type":"","overlay-color":"","overlay-opacity":"","overlay-gradient":""}}},"product_cat":[15],"product_tag":[208,207,209],"class_list":{"0":"post-7542","1":"product","2":"type-product","3":"status-publish","4":"has-post-thumbnail","6":"product_cat-tft-lcd-display-module","7":"product_tag-1-54-inch-lcd-display","8":"product_tag-1-54-inch-lcd-panel","9":"product_tag-lcd-module","10":"pa_brightness-513","11":"pa_interface-mipi","12":"pa_resolution-240x240","13":"pa_size-1-54","14":"pa_wide-temperature-no","15":"desktop-align-left","16":"tablet-align-left","17":"mobile-align-left","18":"ast-product-gallery-layout-horizontal-slider","19":"ast-magnify-disabled","20":"ast-qv-on-image","22":"first","23":"instock","24":"shipping-taxable","25":"product-type-simple"},"acf":[],"aioseo_notices":[],"aioseo_head":"\n\t\t<!-- All in One SEO Pro 4.8.3.2 - aioseo.com -->\n\t<meta name=\"description\" content=\"1.54 inch TFT LCD Display module 240*240 MIPI interface Driver IC: ST7785M Colors: 262K Display Mode: Normally Black\" \/>\n\t<meta name=\"robots\" content=\"max-image-preview:large\" \/>\n\t<link rel=\"canonical\" href=\"https:\/\/rjoytek.com\/fr\/produit\/affichage-lcd-tft-de-154-pouces\/\" \/>\n\t<meta name=\"generator\" content=\"All in One SEO Pro (AIOSEO) 4.8.3.2\" \/>\n\t\t<meta property=\"og:locale\" content=\"fr_FR\" \/>\n\t\t<meta property=\"og:site_name\" content=\"RJY Display - Top Custom LCD, TFT, OLED Display Manufacturer &amp; Supplier in China.\" \/>\n\t\t<meta property=\"og:type\" content=\"article\" \/>\n\t\t<meta property=\"og:title\" content=\"1.54-inch TFT LCD Display \u2013 240*240 Resolution - TFT LCD Display Module - Top Custom LCD, TFT, OLED Display Manufacturer &amp; Supplier in China.\" \/>\n\t\t<meta property=\"og:description\" content=\"1.54 inch TFT LCD Display module 240*240 MIPI interface Driver IC: ST7785M Colors: 262K Display Mode: Normally Black\" \/>\n\t\t<meta property=\"og:url\" content=\"https:\/\/rjoytek.com\/fr\/produit\/affichage-lcd-tft-de-154-pouces\/\" \/>\n\t\t<meta property=\"og:image\" content=\"https:\/\/rjoytek.com\/wp-content\/uploads\/2024\/08\/cropped-LOGO.png\" \/>\n\t\t<meta property=\"og:image:secure_url\" content=\"https:\/\/rjoytek.com\/wp-content\/uploads\/2024\/08\/cropped-LOGO.png\" \/>\n\t\t<meta property=\"og:image:width\" content=\"512\" \/>\n\t\t<meta property=\"og:image:height\" content=\"512\" \/>\n\t\t<meta property=\"article:published_time\" content=\"2022-10-24T08:32:53+00:00\" \/>\n\t\t<meta property=\"article:modified_time\" content=\"2025-03-03T06:56:06+00:00\" \/>\n\t\t<meta property=\"article:publisher\" content=\"https:\/\/www.facebook.com\/RjoytekLCDSolution\" \/>\n\t\t<meta name=\"twitter:card\" content=\"summary_large_image\" \/>\n\t\t<meta name=\"twitter:title\" content=\"1.54-inch TFT LCD Display \u2013 240*240 Resolution - TFT LCD Display Module - Top Custom LCD, TFT, OLED Display Manufacturer &amp; Supplier in China.\" \/>\n\t\t<meta name=\"twitter:description\" content=\"1.54 inch TFT LCD Display module 240*240 MIPI interface Driver IC: ST7785M Colors: 262K Display Mode: Normally Black\" \/>\n\t\t<meta name=\"twitter:image\" content=\"https:\/\/rjoytek.com\/wp-content\/uploads\/2024\/08\/cropped-LOGO.png\" \/>\n\t\t<script type=\"application\/ld+json\" class=\"aioseo-schema\">\n\t\t\t{\"@context\":\"https:\\\/\\\/schema.org\",\"@graph\":[{\"@type\":\"BreadcrumbList\",\"@id\":\"https:\\\/\\\/rjoytek.com\\\/fr\\\/produit\\\/affichage-lcd-tft-de-154-pouces\\\/#breadcrumblist\",\"itemListElement\":[{\"@type\":\"ListItem\",\"@id\":\"https:\\\/\\\/rjoytek.com\\\/fr#listItem\",\"position\":1,\"name\":\"Home\",\"item\":\"https:\\\/\\\/rjoytek.com\\\/fr\",\"nextItem\":{\"@type\":\"ListItem\",\"@id\":\"https:\\\/\\\/rjoytek.com\\\/fr\\\/boutique\\\/#listItem\",\"name\":\"Shop\"}},{\"@type\":\"ListItem\",\"@id\":\"https:\\\/\\\/rjoytek.com\\\/fr\\\/boutique\\\/#listItem\",\"position\":2,\"name\":\"Shop\",\"item\":\"https:\\\/\\\/rjoytek.com\\\/fr\\\/boutique\\\/\",\"nextItem\":{\"@type\":\"ListItem\",\"@id\":\"https:\\\/\\\/rjoytek.com\\\/fr\\\/categorie-produit\\\/module-daffichage-lcd-tft\\\/#listItem\",\"name\":\"TFT LCD Display Module\"},\"previousItem\":{\"@type\":\"ListItem\",\"@id\":\"https:\\\/\\\/rjoytek.com\\\/fr#listItem\",\"name\":\"Home\"}},{\"@type\":\"ListItem\",\"@id\":\"https:\\\/\\\/rjoytek.com\\\/fr\\\/categorie-produit\\\/module-daffichage-lcd-tft\\\/#listItem\",\"position\":3,\"name\":\"TFT LCD Display Module\",\"item\":\"https:\\\/\\\/rjoytek.com\\\/fr\\\/categorie-produit\\\/module-daffichage-lcd-tft\\\/\",\"nextItem\":{\"@type\":\"ListItem\",\"@id\":\"https:\\\/\\\/rjoytek.com\\\/fr\\\/produit\\\/affichage-lcd-tft-de-154-pouces\\\/#listItem\",\"name\":\"1.54-inch TFT LCD Display &#8211;  240*240 Resolution\"},\"previousItem\":{\"@type\":\"ListItem\",\"@id\":\"https:\\\/\\\/rjoytek.com\\\/fr\\\/boutique\\\/#listItem\",\"name\":\"Shop\"}},{\"@type\":\"ListItem\",\"@id\":\"https:\\\/\\\/rjoytek.com\\\/fr\\\/produit\\\/affichage-lcd-tft-de-154-pouces\\\/#listItem\",\"position\":4,\"name\":\"1.54-inch TFT LCD Display &#8211;  240*240 Resolution\",\"previousItem\":{\"@type\":\"ListItem\",\"@id\":\"https:\\\/\\\/rjoytek.com\\\/fr\\\/categorie-produit\\\/module-daffichage-lcd-tft\\\/#listItem\",\"name\":\"TFT LCD Display Module\"}}]},{\"@type\":\"Organization\",\"@id\":\"https:\\\/\\\/rjoytek.com\\\/fr\\\/#organization\",\"name\":\"RJY Display\",\"description\":\"Top Custom LCD, TFT, OLED Display Manufacturer & Supplier in China.\",\"url\":\"https:\\\/\\\/rjoytek.com\\\/fr\\\/\",\"telephone\":\"+8618872893408\",\"logo\":{\"@type\":\"ImageObject\",\"url\":\"https:\\\/\\\/rjoytek.com\\\/wp-content\\\/uploads\\\/2025\\\/07\\\/LOGO1-scaled.png\",\"@id\":\"https:\\\/\\\/rjoytek.com\\\/fr\\\/produit\\\/affichage-lcd-tft-de-154-pouces\\\/#organizationLogo\",\"width\":2560,\"height\":416},\"image\":{\"@id\":\"https:\\\/\\\/rjoytek.com\\\/fr\\\/produit\\\/affichage-lcd-tft-de-154-pouces\\\/#organizationLogo\"},\"sameAs\":[\"https:\\\/\\\/www.facebook.com\\\/RjoytekLCDSolution\",\"https:\\\/\\\/www.youtube.com\\\/@lcdsolution-RJOYTEK\",\"https:\\\/\\\/www.linkedin.com\\\/company\\\/rjoytek-lcd-solution\"]},{\"@type\":\"WebPage\",\"@id\":\"https:\\\/\\\/rjoytek.com\\\/fr\\\/produit\\\/affichage-lcd-tft-de-154-pouces\\\/#webpage\",\"url\":\"https:\\\/\\\/rjoytek.com\\\/fr\\\/produit\\\/affichage-lcd-tft-de-154-pouces\\\/\",\"name\":\"1.54-inch TFT LCD Display \\u2013 240*240 Resolution - TFT LCD Display Module - Top Custom LCD, TFT, OLED Display Manufacturer & Supplier in China.\",\"description\":\"1.54 inch TFT LCD Display module 240*240 MIPI interface Driver IC: ST7785M Colors: 262K Display Mode: Normally Black\",\"inLanguage\":\"fr-FR\",\"isPartOf\":{\"@id\":\"https:\\\/\\\/rjoytek.com\\\/fr\\\/#website\"},\"breadcrumb\":{\"@id\":\"https:\\\/\\\/rjoytek.com\\\/fr\\\/produit\\\/affichage-lcd-tft-de-154-pouces\\\/#breadcrumblist\"},\"image\":{\"@type\":\"ImageObject\",\"url\":\"https:\\\/\\\/rjoytek.com\\\/wp-content\\\/uploads\\\/2022\\\/10\\\/1.54-inch-tft-lcd.jpg\",\"@id\":\"https:\\\/\\\/rjoytek.com\\\/fr\\\/produit\\\/affichage-lcd-tft-de-154-pouces\\\/#mainImage\",\"width\":800,\"height\":800,\"caption\":\"1.54 inch tft lcd\"},\"primaryImageOfPage\":{\"@id\":\"https:\\\/\\\/rjoytek.com\\\/fr\\\/produit\\\/affichage-lcd-tft-de-154-pouces\\\/#mainImage\"},\"datePublished\":\"2022-10-24T08:32:53+00:00\",\"dateModified\":\"2025-03-03T06:56:06+00:00\"},{\"@type\":\"WebSite\",\"@id\":\"https:\\\/\\\/rjoytek.com\\\/fr\\\/#website\",\"url\":\"https:\\\/\\\/rjoytek.com\\\/fr\\\/\",\"name\":\"RJY Display\",\"description\":\"Top Custom LCD, TFT, OLED Display Manufacturer & Supplier in China.\",\"inLanguage\":\"fr-FR\",\"publisher\":{\"@id\":\"https:\\\/\\\/rjoytek.com\\\/fr\\\/#organization\"}}]}\n\t\t<\/script>\n\t\t<!-- All in One SEO Pro -->\r\n\t\t<title>1.54-inch TFT LCD Display \u2013 240*240 Resolution - TFT LCD Display Module - Top Custom LCD, TFT, OLED Display Manufacturer &amp; Supplier in China.<\/title>\n\n","aioseo_head_json":{"title":"\u00c9cran LCD TFT de 1,54 pouces - R\u00e9solution 240*240 - Module d'affichage LCD TFT - Fabricant et fournisseur leader en Chine d'\u00e9crans LCD, TFT et OLED sur mesure.","description":"Module d'affichage LCD TFT de 1,54 pouces 240*240 Interface MIPI Circuit int\u00e9gr\u00e9 pilote : ST7785M Couleurs : 262K Mode d'affichage : Noir normal","canonical_url":"https:\/\/rjoytek.com\/fr\/produit\/affichage-lcd-tft-de-154-pouces\/","robots":"max-image-preview:large","keywords":"","webmasterTools":{"miscellaneous":""},"schema":{"@context":"https:\/\/schema.org","@graph":[{"@type":"BreadcrumbList","@id":"https:\/\/rjoytek.com\/fr\/produit\/affichage-lcd-tft-de-154-pouces\/#breadcrumblist","itemListElement":[{"@type":"ListItem","@id":"https:\/\/rjoytek.com\/fr#listItem","position":1,"name":"Home","item":"https:\/\/rjoytek.com\/fr","nextItem":{"@type":"ListItem","@id":"https:\/\/rjoytek.com\/fr\/boutique\/#listItem","name":"Shop"}},{"@type":"ListItem","@id":"https:\/\/rjoytek.com\/fr\/boutique\/#listItem","position":2,"name":"Shop","item":"https:\/\/rjoytek.com\/fr\/boutique\/","nextItem":{"@type":"ListItem","@id":"https:\/\/rjoytek.com\/fr\/categorie-produit\/module-daffichage-lcd-tft\/#listItem","name":"TFT LCD Display Module"},"previousItem":{"@type":"ListItem","@id":"https:\/\/rjoytek.com\/fr#listItem","name":"Home"}},{"@type":"ListItem","@id":"https:\/\/rjoytek.com\/fr\/categorie-produit\/module-daffichage-lcd-tft\/#listItem","position":3,"name":"TFT LCD Display Module","item":"https:\/\/rjoytek.com\/fr\/categorie-produit\/module-daffichage-lcd-tft\/","nextItem":{"@type":"ListItem","@id":"https:\/\/rjoytek.com\/fr\/produit\/affichage-lcd-tft-de-154-pouces\/#listItem","name":"1.54-inch TFT LCD Display &#8211;  240*240 Resolution"},"previousItem":{"@type":"ListItem","@id":"https:\/\/rjoytek.com\/fr\/boutique\/#listItem","name":"Shop"}},{"@type":"ListItem","@id":"https:\/\/rjoytek.com\/fr\/produit\/affichage-lcd-tft-de-154-pouces\/#listItem","position":4,"name":"1.54-inch TFT LCD Display &#8211;  240*240 Resolution","previousItem":{"@type":"ListItem","@id":"https:\/\/rjoytek.com\/fr\/categorie-produit\/module-daffichage-lcd-tft\/#listItem","name":"TFT LCD Display Module"}}]},{"@type":"Organization","@id":"https:\/\/rjoytek.com\/fr\/#organization","name":"RJY Display","description":"Top Custom LCD, TFT, OLED Display Manufacturer & Supplier in China.","url":"https:\/\/rjoytek.com\/fr\/","telephone":"+8618872893408","logo":{"@type":"ImageObject","url":"https:\/\/rjoytek.com\/wp-content\/uploads\/2025\/07\/LOGO1-scaled.png","@id":"https:\/\/rjoytek.com\/fr\/produit\/affichage-lcd-tft-de-154-pouces\/#organizationLogo","width":2560,"height":416},"image":{"@id":"https:\/\/rjoytek.com\/fr\/produit\/affichage-lcd-tft-de-154-pouces\/#organizationLogo"},"sameAs":["https:\/\/www.facebook.com\/RjoytekLCDSolution","https:\/\/www.youtube.com\/@lcdsolution-RJOYTEK","https:\/\/www.linkedin.com\/company\/rjoytek-lcd-solution"]},{"@type":"WebPage","@id":"https:\/\/rjoytek.com\/fr\/produit\/affichage-lcd-tft-de-154-pouces\/#webpage","url":"https:\/\/rjoytek.com\/fr\/produit\/affichage-lcd-tft-de-154-pouces\/","name":"1.54-inch TFT LCD Display \u2013 240*240 Resolution - TFT LCD Display Module - Top Custom LCD, TFT, OLED Display Manufacturer & Supplier in China.","description":"1.54 inch TFT LCD Display module 240*240 MIPI interface Driver IC: ST7785M Colors: 262K Display Mode: Normally Black","inLanguage":"fr-FR","isPartOf":{"@id":"https:\/\/rjoytek.com\/fr\/#website"},"breadcrumb":{"@id":"https:\/\/rjoytek.com\/fr\/produit\/affichage-lcd-tft-de-154-pouces\/#breadcrumblist"},"image":{"@type":"ImageObject","url":"https:\/\/rjoytek.com\/wp-content\/uploads\/2022\/10\/1.54-inch-tft-lcd.jpg","@id":"https:\/\/rjoytek.com\/fr\/produit\/affichage-lcd-tft-de-154-pouces\/#mainImage","width":800,"height":800,"caption":"1.54 inch tft lcd"},"primaryImageOfPage":{"@id":"https:\/\/rjoytek.com\/fr\/produit\/affichage-lcd-tft-de-154-pouces\/#mainImage"},"datePublished":"2022-10-24T08:32:53+00:00","dateModified":"2025-03-03T06:56:06+00:00"},{"@type":"WebSite","@id":"https:\/\/rjoytek.com\/fr\/#website","url":"https:\/\/rjoytek.com\/fr\/","name":"RJY Display","description":"Top Custom LCD, TFT, OLED Display Manufacturer & Supplier in China.","inLanguage":"fr-FR","publisher":{"@id":"https:\/\/rjoytek.com\/fr\/#organization"}}]},"og:locale":"fr_FR","og:site_name":"RJY Display - Top Custom LCD, TFT, OLED Display Manufacturer &amp; Supplier in China.","og:type":"article","og:title":"1.54-inch TFT LCD Display \u2013 240*240 Resolution - TFT LCD Display Module - Top Custom LCD, TFT, OLED Display Manufacturer &amp; Supplier in China.","og:description":"1.54 inch TFT LCD Display module 240*240 MIPI interface Driver IC: ST7785M Colors: 262K Display Mode: Normally Black","og:url":"https:\/\/rjoytek.com\/fr\/produit\/affichage-lcd-tft-de-154-pouces\/","og:image":"https:\/\/rjoytek.com\/wp-content\/uploads\/2024\/08\/cropped-LOGO.png","og:image:secure_url":"https:\/\/rjoytek.com\/wp-content\/uploads\/2024\/08\/cropped-LOGO.png","og:image:width":512,"og:image:height":512,"article:published_time":"2022-10-24T08:32:53+00:00","article:modified_time":"2025-03-03T06:56:06+00:00","article:publisher":"https:\/\/www.facebook.com\/RjoytekLCDSolution","twitter:card":"summary_large_image","twitter:title":"1.54-inch TFT LCD Display \u2013 240*240 Resolution - TFT LCD Display Module - Top Custom LCD, TFT, OLED Display Manufacturer &amp; Supplier in China.","twitter:description":"1.54 inch TFT LCD Display module 240*240 MIPI interface Driver IC: ST7785M Colors: 262K Display Mode: Normally Black","twitter:image":"https:\/\/rjoytek.com\/wp-content\/uploads\/2024\/08\/cropped-LOGO.png"},"aioseo_meta_data":{"post_id":"7542","title":null,"description":null,"keywords":null,"keyphrases":null,"canonical_url":null,"og_title":null,"og_description":null,"og_object_type":"default","og_image_type":"default","og_image_custom_url":null,"og_image_custom_fields":null,"og_custom_image_width":null,"og_custom_image_height":null,"og_video":null,"og_custom_url":null,"og_article_section":null,"og_article_tags":null,"twitter_use_og":true,"twitter_card":"default","twitter_image_type":"default","twitter_image_custom_url":null,"twitter_image_custom_fields":null,"twitter_title":null,"twitter_description":null,"schema_type":null,"schema_type_options":null,"pillar_content":false,"robots_default":true,"robots_noindex":false,"robots_noarchive":false,"robots_nosnippet":false,"robots_nofollow":false,"robots_noimageindex":false,"robots_noodp":false,"robots_notranslate":false,"robots_max_snippet":null,"robots_max_videopreview":null,"robots_max_imagepreview":"none","tabs":null,"priority":null,"frequency":null,"local_seo":null,"created":"2026-03-20 04:15:49","updated":"2026-04-15 09:57:35"},"aioseo_breadcrumb":"<div class=\"aioseo-breadcrumbs\"><span class=\"aioseo-breadcrumb\">\n\t<a href=\"https:\/\/rjoytek.com\/fr\" title=\"Home\">Home<\/a>\n<\/span><span class=\"aioseo-breadcrumb-separator\">\u00bb<\/span><span class=\"aioseo-breadcrumb\">\n\t<a href=\"https:\/\/rjoytek.com\/fr\/boutique\/\" title=\"Shop\">Shop<\/a>\n<\/span><span class=\"aioseo-breadcrumb-separator\">\u00bb<\/span><span class=\"aioseo-breadcrumb\">\n\t<a href=\"https:\/\/rjoytek.com\/fr\/categorie-produit\/module-daffichage-lcd-tft\/\" title=\"TFT LCD Display Module\">TFT LCD Display Module<\/a>\n<\/span><span class=\"aioseo-breadcrumb-separator\">\u00bb<\/span><span class=\"aioseo-breadcrumb\">\n\t1.54-inch TFT LCD Display \u2013  240*240 Resolution\n<\/span><\/div>","aioseo_breadcrumb_json":[{"label":"Home","link":"https:\/\/rjoytek.com\/fr"},{"label":"Shop","link":"https:\/\/rjoytek.com\/fr\/boutique\/"},{"label":"TFT LCD Display Module","link":"https:\/\/rjoytek.com\/fr\/categorie-produit\/module-daffichage-lcd-tft\/"},{"label":"1.54-inch TFT LCD Display &#8211;  240*240 Resolution","link":"https:\/\/rjoytek.com\/fr\/produit\/affichage-lcd-tft-de-154-pouces\/"}],"_links":{"self":[{"href":"https:\/\/rjoytek.com\/fr\/wp-json\/wp\/v2\/product\/7542","targetHints":{"allow":["GET"]}}],"collection":[{"href":"https:\/\/rjoytek.com\/fr\/wp-json\/wp\/v2\/product"}],"about":[{"href":"https:\/\/rjoytek.com\/fr\/wp-json\/wp\/v2\/types\/product"}],"wp:featuredmedia":[{"embeddable":true,"href":"https:\/\/rjoytek.com\/fr\/wp-json\/wp\/v2\/media\/7544"}],"wp:attachment":[{"href":"https:\/\/rjoytek.com\/fr\/wp-json\/wp\/v2\/media?parent=7542"}],"wp:term":[{"taxonomy":"product_cat","embeddable":true,"href":"https:\/\/rjoytek.com\/fr\/wp-json\/wp\/v2\/product_cat?post=7542"},{"taxonomy":"product_tag","embeddable":true,"href":"https:\/\/rjoytek.com\/fr\/wp-json\/wp\/v2\/product_tag?post=7542"}],"curies":[{"name":"wp","href":"https:\/\/api.w.org\/{rel}","templated":true}]}}