{"id":7111,"date":"2022-08-01T05:56:20","date_gmt":"2022-08-01T05:56:20","guid":{"rendered":"https:\/\/rjoytek.com\/?post_type=product&#038;p=7111"},"modified":"2025-03-03T07:30:39","modified_gmt":"2025-03-03T07:30:39","slug":"ecran-tactile-lcd-barre-etiree-123-pouces-rjoytek-1920x720-a-affichage-tft-pour-vehicule","status":"publish","type":"product","link":"https:\/\/rjoytek.com\/fr\/produit\/ecran-tactile-lcd-barre-etiree-123-pouces-rjoytek-1920x720-a-affichage-tft-pour-vehicule\/","title":{"rendered":"\u00c9cran LCD \u00e0 barre \u00e9tir\u00e9e 12,3 pouces - \u00c9cran tactile, affichage LCD TFT 1920*720 pour voiture"},"content":{"rendered":"<p style=\"text-align: justify;\">Le RV123Z7M-700-50 est un \u00e9cran tactile de 12,3 pouces avec une r\u00e9solution de 1920*720. Ce mod\u00e8le de 12,3 pouces est de type barre allong\u00e9e et est g\u00e9n\u00e9ralement utilis\u00e9 pour les \u00e9crans automobiles. Il s'agit d'un mod\u00e8le LCD TFT. Ce panneau d'\u00e9cran de 12,3 pouces existe \u00e9galement en version sans tactile. Si vous avez besoin d'un panneau LCD sans tactile ou avec tactile r\u00e9sistif, veuillez nous en informer. La personnalisation et les solutions LCD sont nos domaines d'expertise.<\/p>\n<p>Ce panneau d'affichage supporte des temp\u00e9ratures \u00e9lev\u00e9es de 95 degr\u00e9s et basses de -40 degr\u00e9s. Le traitement de surface est HC et la duret\u00e9 de surface est de 3H.<\/p>\n<p>&nbsp;<\/p>\n<p><strong>Lecture recommand\u00e9e :<\/strong><\/p>\n<p><a href=\"https:\/\/rjoytek.com\/why-should-the-automotive-lcd-display-be-resistant-to-high-and-low-temperatures\/\">Pourquoi l'affichage LCD automobile doit-il r\u00e9sister aux hautes et basses temp\u00e9ratures ?<\/a><\/p>\n<p><a href=\"https:\/\/rjoytek.com\/what-is-tft-lcd-display\/\">Qu'est-ce qu'un affichage LCD TFT ?<\/a><\/p>\n<p><a href=\"https:\/\/rjoytek.com\/how-to-get-sunlight-readable-tft-lcd-display-find-a-lcd-manufacturer\/\">Comment obtenir un affichage LCD TFT lisible en sunlight ? Trouvez un fabricant LCD<\/a><\/p>","protected":false},"excerpt":{"rendered":"<ul>\n<li>Mod\u00e8le : RV123Z7P-700-50<\/li>\n<li>Taille : \u00c9cran tactile de 12,3 pouces<\/li>\n<li>R\u00e9solution : 1920*720<\/li>\n<li>Interface : LVDS<\/li>\n<li>Traitement de surface : HC<\/li>\n<li>Duret\u00e9 de surface : 3H<\/li>\n<li>Temp\u00e9rature de stockage : -40 \u00e0 95 \u00b0C<\/li>\n<\/ul>","protected":false},"featured_media":7113,"template":"","meta":{"_acf_changed":false,"site-sidebar-layout":"default","site-content-layout":"","ast-site-content-layout":"default","site-content-style":"default","site-sidebar-style":"default","ast-global-header-display":"","ast-banner-title-visibility":"","ast-main-header-display":"","ast-hfb-above-header-display":"","ast-hfb-below-header-display":"","ast-hfb-mobile-header-display":"","site-post-title":"","ast-breadcrumbs-content":"","ast-featured-img":"","footer-sml-layout":"","ast-disable-related-posts":"","theme-transparent-header-meta":"","adv-header-id-meta":"","stick-header-meta":"","header-above-stick-meta":"","header-main-stick-meta":"","header-below-stick-meta":"","astra-migrate-meta-layouts":"default","ast-page-background-enabled":"default","ast-page-background-meta":{"desktop":{"background-color":"var(--ast-global-color-5)","background-image":"","background-repeat":"repeat","background-position":"center center","background-size":"auto","background-attachment":"scroll","background-type":"","background-media":"","overlay-type":"","overlay-color":"","overlay-opacity":"","overlay-gradient":""},"tablet":{"background-color":"","background-image":"","background-repeat":"repeat","background-position":"center center","background-size":"auto","background-attachment":"scroll","background-type":"","background-media":"","overlay-type":"","overlay-color":"","overlay-opacity":"","overlay-gradient":""},"mobile":{"background-color":"","background-image":"","background-repeat":"repeat","background-position":"center center","background-size":"auto","background-attachment":"scroll","background-type":"","background-media":"","overlay-type":"","overlay-color":"","overlay-opacity":"","overlay-gradient":""}},"ast-content-background-meta":{"desktop":{"background-color":"var(--ast-global-color-4)","background-image":"","background-repeat":"repeat","background-position":"center center","background-size":"auto","background-attachment":"scroll","background-type":"","background-media":"","overlay-type":"","overlay-color":"","overlay-opacity":"","overlay-gradient":""},"tablet":{"background-color":"var(--ast-global-color-4)","background-image":"","background-repeat":"repeat","background-position":"center center","background-size":"auto","background-attachment":"scroll","background-type":"","background-media":"","overlay-type":"","overlay-color":"","overlay-opacity":"","overlay-gradient":""},"mobile":{"background-color":"var(--ast-global-color-4)","background-image":"","background-repeat":"repeat","background-position":"center center","background-size":"auto","background-attachment":"scroll","background-type":"","background-media":"","overlay-type":"","overlay-color":"","overlay-opacity":"","overlay-gradient":""}}},"product_cat":[127,114,15],"product_tag":[],"class_list":{"0":"post-7111","1":"product","2":"type-product","3":"status-publish","4":"has-post-thumbnail","6":"product_cat-bar-lcd-display","7":"product_cat-capacitive-touch-panel","8":"product_cat-tft-lcd-display-module","9":"pa_brightness-511","10":"pa_interface-lvds","11":"pa_resolution-1920x720","12":"pa_size-12-3","13":"pa_wide-temperature-yes","14":"desktop-align-left","15":"tablet-align-left","16":"mobile-align-left","17":"ast-product-gallery-layout-horizontal-slider","18":"ast-magnify-disabled","19":"ast-qv-on-image","21":"first","22":"instock","23":"shipping-taxable","24":"product-type-simple"},"acf":[],"aioseo_notices":[],"aioseo_head":"\n\t\t<!-- All in One SEO Pro 4.8.3.2 - aioseo.com -->\n\t<meta name=\"description\" content=\"Model: RV123Z7P-700-50 Size: 12.3 inch touch screen Resolution: 1920*720 Interface: LVDS Surface treatment: HC Surface hardness: 3H Storage Temperature: -40-95 \u00b0C\" \/>\n\t<meta name=\"robots\" content=\"max-image-preview:large\" \/>\n\t<link rel=\"canonical\" href=\"https:\/\/rjoytek.com\/fr\/produit\/ecran-tactile-lcd-barre-etiree-123-pouces-rjoytek-1920x720-a-affichage-tft-pour-vehicule\/\" \/>\n\t<meta name=\"generator\" content=\"All in One SEO Pro (AIOSEO) 4.8.3.2\" \/>\n\t\t<meta property=\"og:locale\" content=\"fr_FR\" \/>\n\t\t<meta property=\"og:site_name\" content=\"RJY Display - Top Custom LCD, TFT, OLED Display Manufacturer &amp; Supplier in China.\" \/>\n\t\t<meta property=\"og:type\" content=\"article\" \/>\n\t\t<meta property=\"og:title\" content=\"12.3 inch Stretched Bar LCD \u2013 Touch Screen, 1920*720 TFT LCD Display for Car - Bar LCD Display - Top Custom LCD, TFT, OLED Display Manufacturer &amp; Supplier in China.\" \/>\n\t\t<meta property=\"og:description\" content=\"Model: RV123Z7P-700-50 Size: 12.3 inch touch screen Resolution: 1920*720 Interface: LVDS Surface treatment: HC Surface hardness: 3H Storage Temperature: -40-95 \u00b0C\" \/>\n\t\t<meta property=\"og:url\" content=\"https:\/\/rjoytek.com\/fr\/produit\/ecran-tactile-lcd-barre-etiree-123-pouces-rjoytek-1920x720-a-affichage-tft-pour-vehicule\/\" \/>\n\t\t<meta property=\"og:image\" content=\"https:\/\/rjoytek.com\/wp-content\/uploads\/2024\/08\/cropped-LOGO.png\" \/>\n\t\t<meta property=\"og:image:secure_url\" content=\"https:\/\/rjoytek.com\/wp-content\/uploads\/2024\/08\/cropped-LOGO.png\" \/>\n\t\t<meta property=\"og:image:width\" content=\"512\" \/>\n\t\t<meta property=\"og:image:height\" content=\"512\" \/>\n\t\t<meta property=\"article:published_time\" content=\"2022-08-01T05:56:20+00:00\" \/>\n\t\t<meta property=\"article:modified_time\" content=\"2025-03-03T07:30:39+00:00\" \/>\n\t\t<meta property=\"article:publisher\" content=\"https:\/\/www.facebook.com\/RjoytekLCDSolution\" \/>\n\t\t<meta name=\"twitter:card\" content=\"summary_large_image\" \/>\n\t\t<meta name=\"twitter:title\" content=\"12.3 inch Stretched Bar LCD \u2013 Touch Screen, 1920*720 TFT LCD Display for Car - Bar LCD Display - Top Custom LCD, TFT, OLED Display Manufacturer &amp; Supplier in China.\" \/>\n\t\t<meta name=\"twitter:description\" content=\"Model: RV123Z7P-700-50 Size: 12.3 inch touch screen Resolution: 1920*720 Interface: LVDS Surface treatment: HC Surface hardness: 3H Storage Temperature: -40-95 \u00b0C\" \/>\n\t\t<meta name=\"twitter:image\" content=\"https:\/\/rjoytek.com\/wp-content\/uploads\/2024\/08\/cropped-LOGO.png\" \/>\n\t\t<script type=\"application\/ld+json\" class=\"aioseo-schema\">\n\t\t\t{\"@context\":\"https:\\\/\\\/schema.org\",\"@graph\":[{\"@type\":\"BreadcrumbList\",\"@id\":\"https:\\\/\\\/rjoytek.com\\\/fr\\\/produit\\\/ecran-tactile-lcd-barre-etiree-123-pouces-rjoytek-1920x720-a-affichage-tft-pour-vehicule\\\/#breadcrumblist\",\"itemListElement\":[{\"@type\":\"ListItem\",\"@id\":\"https:\\\/\\\/rjoytek.com\\\/fr#listItem\",\"position\":1,\"name\":\"Home\",\"item\":\"https:\\\/\\\/rjoytek.com\\\/fr\",\"nextItem\":{\"@type\":\"ListItem\",\"@id\":\"https:\\\/\\\/rjoytek.com\\\/fr\\\/boutique\\\/#listItem\",\"name\":\"Shop\"}},{\"@type\":\"ListItem\",\"@id\":\"https:\\\/\\\/rjoytek.com\\\/fr\\\/boutique\\\/#listItem\",\"position\":2,\"name\":\"Shop\",\"item\":\"https:\\\/\\\/rjoytek.com\\\/fr\\\/boutique\\\/\",\"nextItem\":{\"@type\":\"ListItem\",\"@id\":\"https:\\\/\\\/rjoytek.com\\\/fr\\\/categorie-produit\\\/module-daffichage-lcd-tft\\\/#listItem\",\"name\":\"TFT LCD Display Module\"},\"previousItem\":{\"@type\":\"ListItem\",\"@id\":\"https:\\\/\\\/rjoytek.com\\\/fr#listItem\",\"name\":\"Home\"}},{\"@type\":\"ListItem\",\"@id\":\"https:\\\/\\\/rjoytek.com\\\/fr\\\/categorie-produit\\\/module-daffichage-lcd-tft\\\/#listItem\",\"position\":3,\"name\":\"TFT LCD Display Module\",\"item\":\"https:\\\/\\\/rjoytek.com\\\/fr\\\/categorie-produit\\\/module-daffichage-lcd-tft\\\/\",\"nextItem\":{\"@type\":\"ListItem\",\"@id\":\"https:\\\/\\\/rjoytek.com\\\/fr\\\/produit\\\/ecran-tactile-lcd-barre-etiree-123-pouces-rjoytek-1920x720-a-affichage-tft-pour-vehicule\\\/#listItem\",\"name\":\"12.3 inch Stretched Bar LCD &#8211; Touch Screen, 1920*720 TFT LCD Display for Car\"},\"previousItem\":{\"@type\":\"ListItem\",\"@id\":\"https:\\\/\\\/rjoytek.com\\\/fr\\\/boutique\\\/#listItem\",\"name\":\"Shop\"}},{\"@type\":\"ListItem\",\"@id\":\"https:\\\/\\\/rjoytek.com\\\/fr\\\/produit\\\/ecran-tactile-lcd-barre-etiree-123-pouces-rjoytek-1920x720-a-affichage-tft-pour-vehicule\\\/#listItem\",\"position\":4,\"name\":\"12.3 inch Stretched Bar LCD &#8211; Touch Screen, 1920*720 TFT LCD Display for Car\",\"previousItem\":{\"@type\":\"ListItem\",\"@id\":\"https:\\\/\\\/rjoytek.com\\\/fr\\\/categorie-produit\\\/module-daffichage-lcd-tft\\\/#listItem\",\"name\":\"TFT LCD Display Module\"}}]},{\"@type\":\"Organization\",\"@id\":\"https:\\\/\\\/rjoytek.com\\\/fr\\\/#organization\",\"name\":\"RJY Display\",\"description\":\"Top Custom LCD, TFT, OLED Display Manufacturer & Supplier in China.\",\"url\":\"https:\\\/\\\/rjoytek.com\\\/fr\\\/\",\"telephone\":\"+8618872893408\",\"logo\":{\"@type\":\"ImageObject\",\"url\":\"https:\\\/\\\/rjoytek.com\\\/wp-content\\\/uploads\\\/2025\\\/07\\\/LOGO1-scaled.png\",\"@id\":\"https:\\\/\\\/rjoytek.com\\\/fr\\\/produit\\\/ecran-tactile-lcd-barre-etiree-123-pouces-rjoytek-1920x720-a-affichage-tft-pour-vehicule\\\/#organizationLogo\",\"width\":2560,\"height\":416},\"image\":{\"@id\":\"https:\\\/\\\/rjoytek.com\\\/fr\\\/produit\\\/ecran-tactile-lcd-barre-etiree-123-pouces-rjoytek-1920x720-a-affichage-tft-pour-vehicule\\\/#organizationLogo\"},\"sameAs\":[\"https:\\\/\\\/www.facebook.com\\\/RjoytekLCDSolution\",\"https:\\\/\\\/www.youtube.com\\\/@lcdsolution-RJOYTEK\",\"https:\\\/\\\/www.linkedin.com\\\/company\\\/rjoytek-lcd-solution\"]},{\"@type\":\"WebPage\",\"@id\":\"https:\\\/\\\/rjoytek.com\\\/fr\\\/produit\\\/ecran-tactile-lcd-barre-etiree-123-pouces-rjoytek-1920x720-a-affichage-tft-pour-vehicule\\\/#webpage\",\"url\":\"https:\\\/\\\/rjoytek.com\\\/fr\\\/produit\\\/ecran-tactile-lcd-barre-etiree-123-pouces-rjoytek-1920x720-a-affichage-tft-pour-vehicule\\\/\",\"name\":\"12.3 inch Stretched Bar LCD \\u2013 Touch Screen, 1920*720 TFT LCD Display for Car - Bar LCD Display - Top Custom LCD, TFT, OLED Display Manufacturer & Supplier in China.\",\"description\":\"Model: RV123Z7P-700-50 Size: 12.3 inch touch screen Resolution: 1920*720 Interface: LVDS Surface treatment: HC Surface hardness: 3H Storage Temperature: -40-95 \\u00b0C\",\"inLanguage\":\"fr-FR\",\"isPartOf\":{\"@id\":\"https:\\\/\\\/rjoytek.com\\\/fr\\\/#website\"},\"breadcrumb\":{\"@id\":\"https:\\\/\\\/rjoytek.com\\\/fr\\\/produit\\\/ecran-tactile-lcd-barre-etiree-123-pouces-rjoytek-1920x720-a-affichage-tft-pour-vehicule\\\/#breadcrumblist\"},\"image\":{\"@type\":\"ImageObject\",\"url\":\"https:\\\/\\\/rjoytek.com\\\/wp-content\\\/uploads\\\/2022\\\/08\\\/12.3-inch-touch-screen.jpg\",\"@id\":\"https:\\\/\\\/rjoytek.com\\\/fr\\\/produit\\\/ecran-tactile-lcd-barre-etiree-123-pouces-rjoytek-1920x720-a-affichage-tft-pour-vehicule\\\/#mainImage\",\"width\":800,\"height\":800,\"caption\":\"12.3 inch touch screen\"},\"primaryImageOfPage\":{\"@id\":\"https:\\\/\\\/rjoytek.com\\\/fr\\\/produit\\\/ecran-tactile-lcd-barre-etiree-123-pouces-rjoytek-1920x720-a-affichage-tft-pour-vehicule\\\/#mainImage\"},\"datePublished\":\"2022-08-01T05:56:20+00:00\",\"dateModified\":\"2025-03-03T07:30:39+00:00\"},{\"@type\":\"WebSite\",\"@id\":\"https:\\\/\\\/rjoytek.com\\\/fr\\\/#website\",\"url\":\"https:\\\/\\\/rjoytek.com\\\/fr\\\/\",\"name\":\"RJY Display\",\"description\":\"Top Custom LCD, TFT, OLED Display Manufacturer & Supplier in China.\",\"inLanguage\":\"fr-FR\",\"publisher\":{\"@id\":\"https:\\\/\\\/rjoytek.com\\\/fr\\\/#organization\"}}]}\n\t\t<\/script>\n\t\t<!-- All in One SEO Pro -->\r\n\t\t<title>12.3 inch Stretched Bar LCD \u2013 Touch Screen, 1920*720 TFT LCD Display for Car - Bar LCD Display - Top Custom LCD, TFT, OLED Display Manufacturer &amp; Supplier in China.<\/title>\n\n","aioseo_head_json":{"title":"\u00c9cran LCD Barre Allong\u00e9 12,3 Pouces \u2013 \u00c9cran Tactile, Affichage LCD TFT 1920*720 pour Voiture - \u00c9cran LCD Barre - Fabricant et Fournisseur Principal en Chine d'\u00c9crans Sur Mesure LCD, TFT, OLED.","description":"Mod\u00e8le : RV123Z7P-700-50","canonical_url":"https:\/\/rjoytek.com\/fr\/produit\/ecran-tactile-lcd-barre-etiree-123-pouces-rjoytek-1920x720-a-affichage-tft-pour-vehicule\/","robots":"max-image-preview:large","keywords":"","webmasterTools":{"miscellaneous":""},"schema":{"@context":"https:\/\/schema.org","@graph":[{"@type":"BreadcrumbList","@id":"https:\/\/rjoytek.com\/fr\/produit\/ecran-tactile-lcd-barre-etiree-123-pouces-rjoytek-1920x720-a-affichage-tft-pour-vehicule\/#breadcrumblist","itemListElement":[{"@type":"ListItem","@id":"https:\/\/rjoytek.com\/fr#listItem","position":1,"name":"Home","item":"https:\/\/rjoytek.com\/fr","nextItem":{"@type":"ListItem","@id":"https:\/\/rjoytek.com\/fr\/boutique\/#listItem","name":"Shop"}},{"@type":"ListItem","@id":"https:\/\/rjoytek.com\/fr\/boutique\/#listItem","position":2,"name":"Shop","item":"https:\/\/rjoytek.com\/fr\/boutique\/","nextItem":{"@type":"ListItem","@id":"https:\/\/rjoytek.com\/fr\/categorie-produit\/module-daffichage-lcd-tft\/#listItem","name":"TFT LCD Display Module"},"previousItem":{"@type":"ListItem","@id":"https:\/\/rjoytek.com\/fr#listItem","name":"Home"}},{"@type":"ListItem","@id":"https:\/\/rjoytek.com\/fr\/categorie-produit\/module-daffichage-lcd-tft\/#listItem","position":3,"name":"TFT LCD Display Module","item":"https:\/\/rjoytek.com\/fr\/categorie-produit\/module-daffichage-lcd-tft\/","nextItem":{"@type":"ListItem","@id":"https:\/\/rjoytek.com\/fr\/produit\/ecran-tactile-lcd-barre-etiree-123-pouces-rjoytek-1920x720-a-affichage-tft-pour-vehicule\/#listItem","name":"12.3 inch Stretched Bar LCD &#8211; Touch Screen, 1920*720 TFT LCD Display for Car"},"previousItem":{"@type":"ListItem","@id":"https:\/\/rjoytek.com\/fr\/boutique\/#listItem","name":"Shop"}},{"@type":"ListItem","@id":"https:\/\/rjoytek.com\/fr\/produit\/ecran-tactile-lcd-barre-etiree-123-pouces-rjoytek-1920x720-a-affichage-tft-pour-vehicule\/#listItem","position":4,"name":"12.3 inch Stretched Bar LCD &#8211; Touch Screen, 1920*720 TFT LCD Display for Car","previousItem":{"@type":"ListItem","@id":"https:\/\/rjoytek.com\/fr\/categorie-produit\/module-daffichage-lcd-tft\/#listItem","name":"TFT LCD Display Module"}}]},{"@type":"Organization","@id":"https:\/\/rjoytek.com\/fr\/#organization","name":"RJY Display","description":"Top Custom LCD, TFT, OLED Display Manufacturer & Supplier in China.","url":"https:\/\/rjoytek.com\/fr\/","telephone":"+8618872893408","logo":{"@type":"ImageObject","url":"https:\/\/rjoytek.com\/wp-content\/uploads\/2025\/07\/LOGO1-scaled.png","@id":"https:\/\/rjoytek.com\/fr\/produit\/ecran-tactile-lcd-barre-etiree-123-pouces-rjoytek-1920x720-a-affichage-tft-pour-vehicule\/#organizationLogo","width":2560,"height":416},"image":{"@id":"https:\/\/rjoytek.com\/fr\/produit\/ecran-tactile-lcd-barre-etiree-123-pouces-rjoytek-1920x720-a-affichage-tft-pour-vehicule\/#organizationLogo"},"sameAs":["https:\/\/www.facebook.com\/RjoytekLCDSolution","https:\/\/www.youtube.com\/@lcdsolution-RJOYTEK","https:\/\/www.linkedin.com\/company\/rjoytek-lcd-solution"]},{"@type":"WebPage","@id":"https:\/\/rjoytek.com\/fr\/produit\/ecran-tactile-lcd-barre-etiree-123-pouces-rjoytek-1920x720-a-affichage-tft-pour-vehicule\/#webpage","url":"https:\/\/rjoytek.com\/fr\/produit\/ecran-tactile-lcd-barre-etiree-123-pouces-rjoytek-1920x720-a-affichage-tft-pour-vehicule\/","name":"12.3 inch Stretched Bar LCD \u2013 Touch Screen, 1920*720 TFT LCD Display for Car - Bar LCD Display - Top Custom LCD, TFT, OLED Display Manufacturer & Supplier in China.","description":"Model: RV123Z7P-700-50 Size: 12.3 inch touch screen Resolution: 1920*720 Interface: LVDS Surface treatment: HC Surface hardness: 3H Storage Temperature: -40-95 \u00b0C","inLanguage":"fr-FR","isPartOf":{"@id":"https:\/\/rjoytek.com\/fr\/#website"},"breadcrumb":{"@id":"https:\/\/rjoytek.com\/fr\/produit\/ecran-tactile-lcd-barre-etiree-123-pouces-rjoytek-1920x720-a-affichage-tft-pour-vehicule\/#breadcrumblist"},"image":{"@type":"ImageObject","url":"https:\/\/rjoytek.com\/wp-content\/uploads\/2022\/08\/12.3-inch-touch-screen.jpg","@id":"https:\/\/rjoytek.com\/fr\/produit\/ecran-tactile-lcd-barre-etiree-123-pouces-rjoytek-1920x720-a-affichage-tft-pour-vehicule\/#mainImage","width":800,"height":800,"caption":"12.3 inch touch screen"},"primaryImageOfPage":{"@id":"https:\/\/rjoytek.com\/fr\/produit\/ecran-tactile-lcd-barre-etiree-123-pouces-rjoytek-1920x720-a-affichage-tft-pour-vehicule\/#mainImage"},"datePublished":"2022-08-01T05:56:20+00:00","dateModified":"2025-03-03T07:30:39+00:00"},{"@type":"WebSite","@id":"https:\/\/rjoytek.com\/fr\/#website","url":"https:\/\/rjoytek.com\/fr\/","name":"RJY Display","description":"Top Custom LCD, TFT, OLED Display Manufacturer & Supplier in China.","inLanguage":"fr-FR","publisher":{"@id":"https:\/\/rjoytek.com\/fr\/#organization"}}]},"og:locale":"fr_FR","og:site_name":"RJY Display - Top Custom LCD, TFT, OLED Display Manufacturer &amp; Supplier in China.","og:type":"article","og:title":"12.3 inch Stretched Bar LCD \u2013 Touch Screen, 1920*720 TFT LCD Display for Car - Bar LCD Display - Top Custom LCD, TFT, OLED Display Manufacturer &amp; Supplier in China.","og:description":"Model: RV123Z7P-700-50 Size: 12.3 inch touch screen Resolution: 1920*720 Interface: LVDS Surface treatment: HC Surface hardness: 3H Storage Temperature: -40-95 \u00b0C","og:url":"https:\/\/rjoytek.com\/fr\/produit\/ecran-tactile-lcd-barre-etiree-123-pouces-rjoytek-1920x720-a-affichage-tft-pour-vehicule\/","og:image":"https:\/\/rjoytek.com\/wp-content\/uploads\/2024\/08\/cropped-LOGO.png","og:image:secure_url":"https:\/\/rjoytek.com\/wp-content\/uploads\/2024\/08\/cropped-LOGO.png","og:image:width":512,"og:image:height":512,"article:published_time":"2022-08-01T05:56:20+00:00","article:modified_time":"2025-03-03T07:30:39+00:00","article:publisher":"https:\/\/www.facebook.com\/RjoytekLCDSolution","twitter:card":"summary_large_image","twitter:title":"12.3 inch Stretched Bar LCD \u2013 Touch Screen, 1920*720 TFT LCD Display for Car - Bar LCD Display - Top Custom LCD, TFT, OLED Display Manufacturer &amp; Supplier in China.","twitter:description":"Model: RV123Z7P-700-50 Size: 12.3 inch touch screen Resolution: 1920*720 Interface: LVDS Surface treatment: HC Surface hardness: 3H Storage Temperature: -40-95 \u00b0C","twitter:image":"https:\/\/rjoytek.com\/wp-content\/uploads\/2024\/08\/cropped-LOGO.png"},"aioseo_meta_data":{"post_id":"7111","title":null,"description":null,"keywords":null,"keyphrases":null,"canonical_url":null,"og_title":null,"og_description":null,"og_object_type":"default","og_image_type":"default","og_image_custom_url":null,"og_image_custom_fields":null,"og_custom_image_width":null,"og_custom_image_height":null,"og_video":null,"og_custom_url":null,"og_article_section":null,"og_article_tags":null,"twitter_use_og":true,"twitter_card":"default","twitter_image_type":"default","twitter_image_custom_url":null,"twitter_image_custom_fields":null,"twitter_title":null,"twitter_description":null,"schema_type":null,"schema_type_options":null,"pillar_content":false,"robots_default":true,"robots_noindex":false,"robots_noarchive":false,"robots_nosnippet":false,"robots_nofollow":false,"robots_noimageindex":false,"robots_noodp":false,"robots_notranslate":false,"robots_max_snippet":null,"robots_max_videopreview":null,"robots_max_imagepreview":"none","tabs":null,"priority":null,"frequency":null,"local_seo":null,"created":"2026-03-20 04:04:28","updated":"2026-04-24 14:03:44"},"aioseo_breadcrumb":"<div class=\"aioseo-breadcrumbs\"><span class=\"aioseo-breadcrumb\">\n\t<a href=\"https:\/\/rjoytek.com\/fr\" title=\"Home\">Home<\/a>\n<\/span><span class=\"aioseo-breadcrumb-separator\">\u00bb<\/span><span class=\"aioseo-breadcrumb\">\n\t<a href=\"https:\/\/rjoytek.com\/fr\/boutique\/\" title=\"Shop\">Shop<\/a>\n<\/span><span class=\"aioseo-breadcrumb-separator\">\u00bb<\/span><span class=\"aioseo-breadcrumb\">\n\t<a href=\"https:\/\/rjoytek.com\/fr\/categorie-produit\/module-daffichage-lcd-tft\/\" title=\"TFT LCD Display Module\">TFT LCD Display Module<\/a>\n<\/span><span class=\"aioseo-breadcrumb-separator\">\u00bb<\/span><span class=\"aioseo-breadcrumb\">\n\t12.3 inch Stretched Bar LCD \u2013 Touch Screen, 1920*720 TFT LCD Display for Car\n<\/span><\/div>","aioseo_breadcrumb_json":[{"label":"Home","link":"https:\/\/rjoytek.com\/fr"},{"label":"Shop","link":"https:\/\/rjoytek.com\/fr\/boutique\/"},{"label":"TFT LCD Display Module","link":"https:\/\/rjoytek.com\/fr\/categorie-produit\/module-daffichage-lcd-tft\/"},{"label":"12.3 inch Stretched Bar LCD &#8211; Touch Screen, 1920*720 TFT LCD Display for Car","link":"https:\/\/rjoytek.com\/fr\/produit\/ecran-tactile-lcd-barre-etiree-123-pouces-rjoytek-1920x720-a-affichage-tft-pour-vehicule\/"}],"_links":{"self":[{"href":"https:\/\/rjoytek.com\/fr\/wp-json\/wp\/v2\/product\/7111","targetHints":{"allow":["GET"]}}],"collection":[{"href":"https:\/\/rjoytek.com\/fr\/wp-json\/wp\/v2\/product"}],"about":[{"href":"https:\/\/rjoytek.com\/fr\/wp-json\/wp\/v2\/types\/product"}],"wp:featuredmedia":[{"embeddable":true,"href":"https:\/\/rjoytek.com\/fr\/wp-json\/wp\/v2\/media\/7113"}],"wp:attachment":[{"href":"https:\/\/rjoytek.com\/fr\/wp-json\/wp\/v2\/media?parent=7111"}],"wp:term":[{"taxonomy":"product_cat","embeddable":true,"href":"https:\/\/rjoytek.com\/fr\/wp-json\/wp\/v2\/product_cat?post=7111"},{"taxonomy":"product_tag","embeddable":true,"href":"https:\/\/rjoytek.com\/fr\/wp-json\/wp\/v2\/product_tag?post=7111"}],"curies":[{"name":"wp","href":"https:\/\/api.w.org\/{rel}","templated":true}]}}