{"id":6903,"date":"2022-06-30T07:53:16","date_gmt":"2022-06-30T07:53:16","guid":{"rendered":"https:\/\/rjoytek.com\/?post_type=product&#038;p=6903"},"modified":"2022-06-30T07:53:16","modified_gmt":"2022-06-30T07:53:16","slug":"moniteur-de-jeu-ips-1080p-238-pouces-1920x1080-moniteur-de-bureau-pc-vga-audio-ecrans-lcd","status":"publish","type":"product","link":"https:\/\/rjoytek.com\/fr\/produit\/moniteur-de-jeu-ips-1080p-238-pouces-1920x1080-moniteur-de-bureau-pc-vga-audio-ecrans-lcd\/","title":{"rendered":"Moniteur Gaming IPS 1080p 23,8 pouces 1920*1080 Moniteur PC Bureau Moniteurs LCD VGA Audio"},"content":{"rendered":"<p>Ce moniteur PC de 23,8 pouces offre une r\u00e9solution de 1920*1080, un mode de contr\u00f4le \u00e0 5 touches, est \u00e9quip\u00e9 de haut-parleurs et prend en charge le HDMI.<\/p>\n<table style=\"width: 100%;border-collapse: collapse;border-style: solid;border-color: #c7c3c3\">\n<tbody>\n<tr>\n<td style=\"width: 50%\">Mod\u00e8le<\/td>\n<td style=\"width: 50%\">P238W<\/td>\n<\/tr>\n<tr>\n<td style=\"width: 50%\">Taille<\/td>\n<td style=\"width: 50%\">Moniteur LCD 23,8 pouces<\/td>\n<\/tr>\n<tr>\n<td style=\"width: 50%\">Panneau<\/td>\n<td style=\"width: 50%\">AUO M238HVN01.0\/HKC PN238CS03-1<\/td>\n<\/tr>\n<tr>\n<td style=\"width: 50%\">Type de panneau<\/td>\n<td style=\"width: 50%\">VA\/IPS<\/td>\n<\/tr>\n<tr>\n<td style=\"width: 50%\">Rapport de contraste<\/td>\n<td style=\"width: 50%\">16:9<\/td>\n<\/tr>\n<tr>\n<td style=\"width: 50%\">Taille active d'affichage (H*V)<\/td>\n<td style=\"width: 50%\">527,04 (H) x 296,46 (V) mm<\/td>\n<\/tr>\n<tr>\n<td style=\"width: 50%\">R\u00e9solution<\/td>\n<td style=\"width: 50%\">1920*1080<\/td>\n<\/tr>\n<tr>\n<td style=\"width: 50%\">Type de r\u00e9tro\u00e9clairage<\/td>\n<td style=\"width: 50%\">ELED<\/td>\n<\/tr>\n<tr>\n<td style=\"width: 50%\">Luminosit\u00e9 (TYP)<\/td>\n<td style=\"width: 50%\">250 (MIN) 280 (TYP)<\/td>\n<\/tr>\n<tr>\n<td style=\"width: 50%\">Temp\u00e9rature de couleur par d\u00e9faut (K)<\/td>\n<td style=\"width: 50%\">6500K<\/td>\n<\/tr>\n<tr>\n<td style=\"width: 50%\">Rapport de contraste statique<\/td>\n<td style=\"width: 50%\">1000:1<\/td>\n<\/tr>\n<tr>\n<td style=\"width: 50%\">Support des couleurs<\/td>\n<td style=\"width: 50%\">16,78M<\/td>\n<\/tr>\n<tr>\n<td style=\"width: 50%\">Gamut de couleurs<\/td>\n<td style=\"width: 50%\">NTSC 72%<\/td>\n<\/tr>\n<tr>\n<td style=\"width: 50%\">Angle de vision (H\/V)<\/td>\n<td style=\"width: 50%\">178\/178<\/td>\n<\/tr>\n<tr>\n<td style=\"width: 50%\">Temps de r\u00e9ponse<\/td>\n<td style=\"width: 50%\">16ms\/14ms<\/td>\n<\/tr>\n<tr>\n<td style=\"width: 50%\">Fr\u00e9quence de rafra\u00eechissement<\/td>\n<td style=\"width: 50%\">60Hz-75Hz<\/td>\n<\/tr>\n<tr>\n<td style=\"width: 50%\">Pas de masque du panneau<\/td>\n<td style=\"width: 50%\">0,2745 (H) x 0,2745 (V) mm<\/td>\n<\/tr>\n<tr>\n<td style=\"width: 50%\">Interface de signal d'entr\u00e9e<\/td>\n<td style=\"width: 50%\">VGA+HDMI+Audio<\/td>\n<\/tr>\n<tr>\n<td style=\"width: 50%\">Version (HDMI\/DP)<\/td>\n<td style=\"width: 50%\">HDMI 1.9<\/td>\n<\/tr>\n<tr>\n<td style=\"width: 50%\">Haut-parleur<\/td>\n<td style=\"width: 50%\">8\u03a92W*2<\/td>\n<\/tr>\n<tr>\n<td style=\"width: 50%\">Entr\u00e9e d'alimentation<\/td>\n<td style=\"width: 50%\">DC 12V, Min 3A<\/td>\n<\/tr>\n<tr>\n<td style=\"width: 50%\">Type d'alimentation<\/td>\n<td style=\"width: 50%\">Adaptateur externe<\/td>\n<\/tr>\n<tr>\n<td style=\"width: 50%\">Consommation \u00e9lectrique<\/td>\n<td style=\"width: 50%\">36W max<\/td>\n<\/tr>\n<tr>\n<td style=\"width: 50%\">Dimensions<\/td>\n<td style=\"width: 50%\">540 (L) * 314 (H) * 48 mm (P) (sans socle)<br \/>\n540 (L) * 314 (H) * 162 mm (P) (avec socle)<\/td>\n<\/tr>\n<tr>\n<td style=\"width: 50%\">Carton<\/td>\n<td style=\"width: 50%\">605 (L) * 450 (H) * 103 mm (P)<\/td>\n<\/tr>\n<tr>\n<td style=\"width: 50%\">Poids net<\/td>\n<td style=\"width: 50%\">2,52 kg<\/td>\n<\/tr>\n<tr>\n<td style=\"width: 50%\">Poids brut<\/td>\n<td style=\"width: 50%\">3,5 kg<\/td>\n<\/tr>\n<tr>\n<td style=\"width: 50%\">Temp\u00e9rature ambiante de stockage<\/td>\n<td style=\"width: 50%\">-20 \u00b0C ~ +60 \u00b0C<\/td>\n<\/tr>\n<tr>\n<td style=\"width: 50%\">Temp\u00e9rature ambiante de fonctionnement<\/td>\n<td style=\"width: 50%\">0 \u00b0C ~ +40 \u00b0C<\/td>\n<\/tr>\n<tr>\n<td style=\"width: 50%\">Humidit\u00e9 de l'environnement de travail<\/td>\n<td style=\"width: 50%\">10%-80%<\/td>\n<\/tr>\n<\/tbody>\n<\/table>","protected":false},"excerpt":{"rendered":"<ul>\n<li>Taille : Moniteur LCD 23,8 pouces<\/li>\n<li>Fr\u00e9quence de rafra\u00eechissement : 60Hz-75Hz<\/li>\n<li>R\u00e9solution : 1920*1080<\/li>\n<li>Rapport de contraste : 16:9<\/li>\n<li>Luminosit\u00e9 (TYP) : 250 (MIN) 280 (TYP)<\/li>\n<li>Temp\u00e9rature de couleur par d\u00e9faut (K) : 6500K<\/li>\n<li>Temps de r\u00e9ponse : 16ms\/14ms<\/li>\n<li>Interface de signal d'entr\u00e9e : VGA+HDMI+Audio<\/li>\n<li>Version (HDMI\/DP) : HDMI 1.9<\/li>\n<li>Entr\u00e9e d'alimentation : DC 12V, Min 3A<\/li>\n<li>Haut-parleur : 8\u03a92W*2<\/li>\n<\/ul>","protected":false},"featured_media":6904,"template":"","meta":{"_acf_changed":false,"site-sidebar-layout":"default","site-content-layout":"","ast-site-content-layout":"default","site-content-style":"default","site-sidebar-style":"default","ast-global-header-display":"","ast-banner-title-visibility":"","ast-main-header-display":"","ast-hfb-above-header-display":"","ast-hfb-below-header-display":"","ast-hfb-mobile-header-display":"","site-post-title":"","ast-breadcrumbs-content":"","ast-featured-img":"","footer-sml-layout":"","ast-disable-related-posts":"","theme-transparent-header-meta":"","adv-header-id-meta":"","stick-header-meta":"","header-above-stick-meta":"","header-main-stick-meta":"","header-below-stick-meta":"","astra-migrate-meta-layouts":"default","ast-page-background-enabled":"default","ast-page-background-meta":{"desktop":{"background-color":"var(--ast-global-color-5)","background-image":"","background-repeat":"repeat","background-position":"center center","background-size":"auto","background-attachment":"scroll","background-type":"","background-media":"","overlay-type":"","overlay-color":"","overlay-opacity":"","overlay-gradient":""},"tablet":{"background-color":"","background-image":"","background-repeat":"repeat","background-position":"center center","background-size":"auto","background-attachment":"scroll","background-type":"","background-media":"","overlay-type":"","overlay-color":"","overlay-opacity":"","overlay-gradient":""},"mobile":{"background-color":"","background-image":"","background-repeat":"repeat","background-position":"center center","background-size":"auto","background-attachment":"scroll","background-type":"","background-media":"","overlay-type":"","overlay-color":"","overlay-opacity":"","overlay-gradient":""}},"ast-content-background-meta":{"desktop":{"background-color":"var(--ast-global-color-4)","background-image":"","background-repeat":"repeat","background-position":"center center","background-size":"auto","background-attachment":"scroll","background-type":"","background-media":"","overlay-type":"","overlay-color":"","overlay-opacity":"","overlay-gradient":""},"tablet":{"background-color":"var(--ast-global-color-4)","background-image":"","background-repeat":"repeat","background-position":"center center","background-size":"auto","background-attachment":"scroll","background-type":"","background-media":"","overlay-type":"","overlay-color":"","overlay-opacity":"","overlay-gradient":""},"mobile":{"background-color":"var(--ast-global-color-4)","background-image":"","background-repeat":"repeat","background-position":"center center","background-size":"auto","background-attachment":"scroll","background-type":"","background-media":"","overlay-type":"","overlay-color":"","overlay-opacity":"","overlay-gradient":""}}},"product_cat":[111],"product_tag":[],"class_list":{"0":"post-6903","1":"product","2":"type-product","3":"status-publish","4":"has-post-thumbnail","6":"product_cat-lcd-monitor","7":"desktop-align-left","8":"tablet-align-left","9":"mobile-align-left","10":"ast-product-gallery-layout-horizontal-slider","11":"ast-magnify-disabled","12":"ast-qv-on-image","14":"first","15":"instock","16":"shipping-taxable","17":"product-type-simple"},"acf":[],"aioseo_notices":[],"aioseo_head":"\n\t\t<!-- All in One SEO Pro 4.8.3.2 - aioseo.com -->\n\t<meta name=\"description\" content=\"Size: 23.8 inch lcd monitor Refresh Rate: 60Hz-75Hz Resolution: 1920*1080 Contrast Ratio: 16:9 Brightness\uff08TYP): 250(MIN)280(TYP) Default Color Temp (K): 6500K Response Time: 16ms\/14ms Input signal interface: VGA+HDMI+Audio Version\uff08HDMI\/DP): HDMI 1.9 Power input: DC 12V, Min 3A Speaker: 8\u03a92W*2\" \/>\n\t<meta name=\"robots\" content=\"max-image-preview:large\" \/>\n\t<link rel=\"canonical\" href=\"https:\/\/rjoytek.com\/fr\/produit\/moniteur-de-jeu-ips-1080p-238-pouces-1920x1080-moniteur-de-bureau-pc-vga-audio-ecrans-lcd\/\" \/>\n\t<meta name=\"generator\" content=\"All in One SEO Pro (AIOSEO) 4.8.3.2\" \/>\n\t\t<meta property=\"og:locale\" content=\"fr_FR\" \/>\n\t\t<meta property=\"og:site_name\" content=\"RJY Display - Top Custom LCD, TFT, OLED Display Manufacturer &amp; Supplier in China.\" \/>\n\t\t<meta property=\"og:type\" content=\"article\" \/>\n\t\t<meta property=\"og:title\" content=\"1080p IPS Gaming Monitor 23.8 inch 1920*1080 Desktop PC Monitor VGA Audio LCD Monitors - LCD Monitor - Top Custom LCD, TFT, OLED Display Manufacturer &amp; Supplier in China.\" \/>\n\t\t<meta property=\"og:description\" content=\"Size: 23.8 inch lcd monitor Refresh Rate: 60Hz-75Hz Resolution: 1920*1080 Contrast Ratio: 16:9 Brightness\uff08TYP): 250(MIN)280(TYP) Default Color Temp (K): 6500K Response Time: 16ms\/14ms Input signal interface: VGA+HDMI+Audio Version\uff08HDMI\/DP): HDMI 1.9 Power input: DC 12V, Min 3A Speaker: 8\u03a92W*2\" \/>\n\t\t<meta property=\"og:url\" content=\"https:\/\/rjoytek.com\/fr\/produit\/moniteur-de-jeu-ips-1080p-238-pouces-1920x1080-moniteur-de-bureau-pc-vga-audio-ecrans-lcd\/\" \/>\n\t\t<meta property=\"og:image\" content=\"https:\/\/rjoytek.com\/wp-content\/uploads\/2024\/08\/cropped-LOGO.png\" \/>\n\t\t<meta property=\"og:image:secure_url\" content=\"https:\/\/rjoytek.com\/wp-content\/uploads\/2024\/08\/cropped-LOGO.png\" \/>\n\t\t<meta property=\"og:image:width\" content=\"512\" \/>\n\t\t<meta property=\"og:image:height\" content=\"512\" \/>\n\t\t<meta property=\"article:published_time\" content=\"2022-06-30T07:53:16+00:00\" \/>\n\t\t<meta property=\"article:modified_time\" content=\"2022-06-30T07:53:16+00:00\" \/>\n\t\t<meta property=\"article:publisher\" content=\"https:\/\/www.facebook.com\/RjoytekLCDSolution\" \/>\n\t\t<meta name=\"twitter:card\" content=\"summary_large_image\" \/>\n\t\t<meta name=\"twitter:title\" content=\"1080p IPS Gaming Monitor 23.8 inch 1920*1080 Desktop PC Monitor VGA Audio LCD Monitors - LCD Monitor - Top Custom LCD, TFT, OLED Display Manufacturer &amp; Supplier in China.\" \/>\n\t\t<meta name=\"twitter:description\" content=\"Size: 23.8 inch lcd monitor Refresh Rate: 60Hz-75Hz Resolution: 1920*1080 Contrast Ratio: 16:9 Brightness\uff08TYP): 250(MIN)280(TYP) Default Color Temp (K): 6500K Response Time: 16ms\/14ms Input signal interface: VGA+HDMI+Audio Version\uff08HDMI\/DP): HDMI 1.9 Power input: DC 12V, Min 3A Speaker: 8\u03a92W*2\" \/>\n\t\t<meta name=\"twitter:image\" content=\"https:\/\/rjoytek.com\/wp-content\/uploads\/2024\/08\/cropped-LOGO.png\" \/>\n\t\t<script type=\"application\/ld+json\" class=\"aioseo-schema\">\n\t\t\t{\"@context\":\"https:\\\/\\\/schema.org\",\"@graph\":[{\"@type\":\"BreadcrumbList\",\"@id\":\"https:\\\/\\\/rjoytek.com\\\/fr\\\/produit\\\/moniteur-de-jeu-ips-1080p-238-pouces-1920x1080-moniteur-de-bureau-pc-vga-audio-ecrans-lcd\\\/#breadcrumblist\",\"itemListElement\":[{\"@type\":\"ListItem\",\"@id\":\"https:\\\/\\\/rjoytek.com\\\/fr#listItem\",\"position\":1,\"name\":\"Home\",\"item\":\"https:\\\/\\\/rjoytek.com\\\/fr\",\"nextItem\":{\"@type\":\"ListItem\",\"@id\":\"https:\\\/\\\/rjoytek.com\\\/fr\\\/boutique\\\/#listItem\",\"name\":\"Shop\"}},{\"@type\":\"ListItem\",\"@id\":\"https:\\\/\\\/rjoytek.com\\\/fr\\\/boutique\\\/#listItem\",\"position\":2,\"name\":\"Shop\",\"item\":\"https:\\\/\\\/rjoytek.com\\\/fr\\\/boutique\\\/\",\"nextItem\":{\"@type\":\"ListItem\",\"@id\":\"https:\\\/\\\/rjoytek.com\\\/fr\\\/categorie-produit\\\/moniteur-lcd\\\/#listItem\",\"name\":\"LCD Monitor\"},\"previousItem\":{\"@type\":\"ListItem\",\"@id\":\"https:\\\/\\\/rjoytek.com\\\/fr#listItem\",\"name\":\"Home\"}},{\"@type\":\"ListItem\",\"@id\":\"https:\\\/\\\/rjoytek.com\\\/fr\\\/categorie-produit\\\/moniteur-lcd\\\/#listItem\",\"position\":3,\"name\":\"LCD Monitor\",\"item\":\"https:\\\/\\\/rjoytek.com\\\/fr\\\/categorie-produit\\\/moniteur-lcd\\\/\",\"nextItem\":{\"@type\":\"ListItem\",\"@id\":\"https:\\\/\\\/rjoytek.com\\\/fr\\\/produit\\\/moniteur-de-jeu-ips-1080p-238-pouces-1920x1080-moniteur-de-bureau-pc-vga-audio-ecrans-lcd\\\/#listItem\",\"name\":\"1080p IPS Gaming Monitor 23.8 inch 1920*1080 Desktop PC Monitor VGA Audio LCD Monitors\"},\"previousItem\":{\"@type\":\"ListItem\",\"@id\":\"https:\\\/\\\/rjoytek.com\\\/fr\\\/boutique\\\/#listItem\",\"name\":\"Shop\"}},{\"@type\":\"ListItem\",\"@id\":\"https:\\\/\\\/rjoytek.com\\\/fr\\\/produit\\\/moniteur-de-jeu-ips-1080p-238-pouces-1920x1080-moniteur-de-bureau-pc-vga-audio-ecrans-lcd\\\/#listItem\",\"position\":4,\"name\":\"1080p IPS Gaming Monitor 23.8 inch 1920*1080 Desktop PC Monitor VGA Audio LCD Monitors\",\"previousItem\":{\"@type\":\"ListItem\",\"@id\":\"https:\\\/\\\/rjoytek.com\\\/fr\\\/categorie-produit\\\/moniteur-lcd\\\/#listItem\",\"name\":\"LCD Monitor\"}}]},{\"@type\":\"Organization\",\"@id\":\"https:\\\/\\\/rjoytek.com\\\/fr\\\/#organization\",\"name\":\"RJY Display\",\"description\":\"Top Custom LCD, TFT, OLED Display Manufacturer & Supplier in China.\",\"url\":\"https:\\\/\\\/rjoytek.com\\\/fr\\\/\",\"telephone\":\"+8618872893408\",\"logo\":{\"@type\":\"ImageObject\",\"url\":\"https:\\\/\\\/rjoytek.com\\\/wp-content\\\/uploads\\\/2025\\\/07\\\/LOGO1-scaled.png\",\"@id\":\"https:\\\/\\\/rjoytek.com\\\/fr\\\/produit\\\/moniteur-de-jeu-ips-1080p-238-pouces-1920x1080-moniteur-de-bureau-pc-vga-audio-ecrans-lcd\\\/#organizationLogo\",\"width\":2560,\"height\":416},\"image\":{\"@id\":\"https:\\\/\\\/rjoytek.com\\\/fr\\\/produit\\\/moniteur-de-jeu-ips-1080p-238-pouces-1920x1080-moniteur-de-bureau-pc-vga-audio-ecrans-lcd\\\/#organizationLogo\"},\"sameAs\":[\"https:\\\/\\\/www.facebook.com\\\/RjoytekLCDSolution\",\"https:\\\/\\\/www.youtube.com\\\/@lcdsolution-RJOYTEK\",\"https:\\\/\\\/www.linkedin.com\\\/company\\\/rjoytek-lcd-solution\"]},{\"@type\":\"WebPage\",\"@id\":\"https:\\\/\\\/rjoytek.com\\\/fr\\\/produit\\\/moniteur-de-jeu-ips-1080p-238-pouces-1920x1080-moniteur-de-bureau-pc-vga-audio-ecrans-lcd\\\/#webpage\",\"url\":\"https:\\\/\\\/rjoytek.com\\\/fr\\\/produit\\\/moniteur-de-jeu-ips-1080p-238-pouces-1920x1080-moniteur-de-bureau-pc-vga-audio-ecrans-lcd\\\/\",\"name\":\"1080p IPS Gaming Monitor 23.8 inch 1920*1080 Desktop PC Monitor VGA Audio LCD Monitors - LCD Monitor - Top Custom LCD, TFT, OLED Display Manufacturer & Supplier in China.\",\"description\":\"Size: 23.8 inch lcd monitor Refresh Rate: 60Hz-75Hz Resolution: 1920*1080 Contrast Ratio: 16:9 Brightness\\uff08TYP): 250(MIN)280(TYP) Default Color Temp (K): 6500K Response Time: 16ms\\\/14ms Input signal interface: VGA+HDMI+Audio Version\\uff08HDMI\\\/DP): HDMI 1.9 Power input: DC 12V, Min 3A Speaker: 8\\u03a92W*2\",\"inLanguage\":\"fr-FR\",\"isPartOf\":{\"@id\":\"https:\\\/\\\/rjoytek.com\\\/fr\\\/#website\"},\"breadcrumb\":{\"@id\":\"https:\\\/\\\/rjoytek.com\\\/fr\\\/produit\\\/moniteur-de-jeu-ips-1080p-238-pouces-1920x1080-moniteur-de-bureau-pc-vga-audio-ecrans-lcd\\\/#breadcrumblist\"},\"image\":{\"@type\":\"ImageObject\",\"url\":\"https:\\\/\\\/rjoytek.com\\\/wp-content\\\/uploads\\\/2022\\\/06\\\/1-12.jpg\",\"@id\":\"https:\\\/\\\/rjoytek.com\\\/fr\\\/produit\\\/moniteur-de-jeu-ips-1080p-238-pouces-1920x1080-moniteur-de-bureau-pc-vga-audio-ecrans-lcd\\\/#mainImage\",\"width\":800,\"height\":800},\"primaryImageOfPage\":{\"@id\":\"https:\\\/\\\/rjoytek.com\\\/fr\\\/produit\\\/moniteur-de-jeu-ips-1080p-238-pouces-1920x1080-moniteur-de-bureau-pc-vga-audio-ecrans-lcd\\\/#mainImage\"},\"datePublished\":\"2022-06-30T07:53:16+00:00\",\"dateModified\":\"2022-06-30T07:53:16+00:00\"},{\"@type\":\"WebSite\",\"@id\":\"https:\\\/\\\/rjoytek.com\\\/fr\\\/#website\",\"url\":\"https:\\\/\\\/rjoytek.com\\\/fr\\\/\",\"name\":\"RJY Display\",\"description\":\"Top Custom LCD, TFT, OLED Display Manufacturer & Supplier in China.\",\"inLanguage\":\"fr-FR\",\"publisher\":{\"@id\":\"https:\\\/\\\/rjoytek.com\\\/fr\\\/#organization\"}}]}\n\t\t<\/script>\n\t\t<!-- All in One SEO Pro -->\r\n\t\t<title>1080p IPS Gaming Monitor 23.8 inch 1920*1080 Desktop PC Monitor VGA Audio LCD Monitors - LCD Monitor - Top Custom LCD, TFT, OLED Display Manufacturer &amp; Supplier in China.<\/title>\n\n","aioseo_head_json":{"title":"Moniteur de jeu IPS 1080p 23,8 pouces 1920*1080 Moniteur de bureau PC Moniteur LCD avec VGA et audio - Moniteur LCD - Fabricant et fournisseur leader en Chine d'\u00e9crans LCD personnalis\u00e9s, TFT et OLED.","description":"Taille : \u00c9cran LCD de 23,8 pouces","canonical_url":"https:\/\/rjoytek.com\/fr\/produit\/moniteur-de-jeu-ips-1080p-238-pouces-1920x1080-moniteur-de-bureau-pc-vga-audio-ecrans-lcd\/","robots":"max-image-preview:large","keywords":"","webmasterTools":{"miscellaneous":""},"schema":{"@context":"https:\/\/schema.org","@graph":[{"@type":"BreadcrumbList","@id":"https:\/\/rjoytek.com\/fr\/produit\/moniteur-de-jeu-ips-1080p-238-pouces-1920x1080-moniteur-de-bureau-pc-vga-audio-ecrans-lcd\/#breadcrumblist","itemListElement":[{"@type":"ListItem","@id":"https:\/\/rjoytek.com\/fr#listItem","position":1,"name":"Home","item":"https:\/\/rjoytek.com\/fr","nextItem":{"@type":"ListItem","@id":"https:\/\/rjoytek.com\/fr\/boutique\/#listItem","name":"Shop"}},{"@type":"ListItem","@id":"https:\/\/rjoytek.com\/fr\/boutique\/#listItem","position":2,"name":"Shop","item":"https:\/\/rjoytek.com\/fr\/boutique\/","nextItem":{"@type":"ListItem","@id":"https:\/\/rjoytek.com\/fr\/categorie-produit\/moniteur-lcd\/#listItem","name":"LCD Monitor"},"previousItem":{"@type":"ListItem","@id":"https:\/\/rjoytek.com\/fr#listItem","name":"Home"}},{"@type":"ListItem","@id":"https:\/\/rjoytek.com\/fr\/categorie-produit\/moniteur-lcd\/#listItem","position":3,"name":"LCD Monitor","item":"https:\/\/rjoytek.com\/fr\/categorie-produit\/moniteur-lcd\/","nextItem":{"@type":"ListItem","@id":"https:\/\/rjoytek.com\/fr\/produit\/moniteur-de-jeu-ips-1080p-238-pouces-1920x1080-moniteur-de-bureau-pc-vga-audio-ecrans-lcd\/#listItem","name":"1080p IPS Gaming Monitor 23.8 inch 1920*1080 Desktop PC Monitor VGA Audio LCD Monitors"},"previousItem":{"@type":"ListItem","@id":"https:\/\/rjoytek.com\/fr\/boutique\/#listItem","name":"Shop"}},{"@type":"ListItem","@id":"https:\/\/rjoytek.com\/fr\/produit\/moniteur-de-jeu-ips-1080p-238-pouces-1920x1080-moniteur-de-bureau-pc-vga-audio-ecrans-lcd\/#listItem","position":4,"name":"1080p IPS Gaming Monitor 23.8 inch 1920*1080 Desktop PC Monitor VGA Audio LCD Monitors","previousItem":{"@type":"ListItem","@id":"https:\/\/rjoytek.com\/fr\/categorie-produit\/moniteur-lcd\/#listItem","name":"LCD Monitor"}}]},{"@type":"Organization","@id":"https:\/\/rjoytek.com\/fr\/#organization","name":"RJY Display","description":"Top Custom LCD, TFT, OLED Display Manufacturer & Supplier in China.","url":"https:\/\/rjoytek.com\/fr\/","telephone":"+8618872893408","logo":{"@type":"ImageObject","url":"https:\/\/rjoytek.com\/wp-content\/uploads\/2025\/07\/LOGO1-scaled.png","@id":"https:\/\/rjoytek.com\/fr\/produit\/moniteur-de-jeu-ips-1080p-238-pouces-1920x1080-moniteur-de-bureau-pc-vga-audio-ecrans-lcd\/#organizationLogo","width":2560,"height":416},"image":{"@id":"https:\/\/rjoytek.com\/fr\/produit\/moniteur-de-jeu-ips-1080p-238-pouces-1920x1080-moniteur-de-bureau-pc-vga-audio-ecrans-lcd\/#organizationLogo"},"sameAs":["https:\/\/www.facebook.com\/RjoytekLCDSolution","https:\/\/www.youtube.com\/@lcdsolution-RJOYTEK","https:\/\/www.linkedin.com\/company\/rjoytek-lcd-solution"]},{"@type":"WebPage","@id":"https:\/\/rjoytek.com\/fr\/produit\/moniteur-de-jeu-ips-1080p-238-pouces-1920x1080-moniteur-de-bureau-pc-vga-audio-ecrans-lcd\/#webpage","url":"https:\/\/rjoytek.com\/fr\/produit\/moniteur-de-jeu-ips-1080p-238-pouces-1920x1080-moniteur-de-bureau-pc-vga-audio-ecrans-lcd\/","name":"1080p IPS Gaming Monitor 23.8 inch 1920*1080 Desktop PC Monitor VGA Audio LCD Monitors - LCD Monitor - Top Custom LCD, TFT, OLED Display Manufacturer & Supplier in China.","description":"Size: 23.8 inch lcd monitor Refresh Rate: 60Hz-75Hz Resolution: 1920*1080 Contrast Ratio: 16:9 Brightness\uff08TYP): 250(MIN)280(TYP) Default Color Temp (K): 6500K Response Time: 16ms\/14ms Input signal interface: VGA+HDMI+Audio Version\uff08HDMI\/DP): HDMI 1.9 Power input: DC 12V, Min 3A Speaker: 8\u03a92W*2","inLanguage":"fr-FR","isPartOf":{"@id":"https:\/\/rjoytek.com\/fr\/#website"},"breadcrumb":{"@id":"https:\/\/rjoytek.com\/fr\/produit\/moniteur-de-jeu-ips-1080p-238-pouces-1920x1080-moniteur-de-bureau-pc-vga-audio-ecrans-lcd\/#breadcrumblist"},"image":{"@type":"ImageObject","url":"https:\/\/rjoytek.com\/wp-content\/uploads\/2022\/06\/1-12.jpg","@id":"https:\/\/rjoytek.com\/fr\/produit\/moniteur-de-jeu-ips-1080p-238-pouces-1920x1080-moniteur-de-bureau-pc-vga-audio-ecrans-lcd\/#mainImage","width":800,"height":800},"primaryImageOfPage":{"@id":"https:\/\/rjoytek.com\/fr\/produit\/moniteur-de-jeu-ips-1080p-238-pouces-1920x1080-moniteur-de-bureau-pc-vga-audio-ecrans-lcd\/#mainImage"},"datePublished":"2022-06-30T07:53:16+00:00","dateModified":"2022-06-30T07:53:16+00:00"},{"@type":"WebSite","@id":"https:\/\/rjoytek.com\/fr\/#website","url":"https:\/\/rjoytek.com\/fr\/","name":"RJY Display","description":"Top Custom LCD, TFT, OLED Display Manufacturer & Supplier in China.","inLanguage":"fr-FR","publisher":{"@id":"https:\/\/rjoytek.com\/fr\/#organization"}}]},"og:locale":"fr_FR","og:site_name":"RJY Display - Top Custom LCD, TFT, OLED Display Manufacturer &amp; Supplier in China.","og:type":"article","og:title":"1080p IPS Gaming Monitor 23.8 inch 1920*1080 Desktop PC Monitor VGA Audio LCD Monitors - LCD Monitor - Top Custom LCD, TFT, OLED Display Manufacturer &amp; Supplier in China.","og:description":"Size: 23.8 inch lcd monitor Refresh Rate: 60Hz-75Hz Resolution: 1920*1080 Contrast Ratio: 16:9 Brightness\uff08TYP): 250(MIN)280(TYP) Default Color Temp (K): 6500K Response Time: 16ms\/14ms Input signal interface: VGA+HDMI+Audio Version\uff08HDMI\/DP): HDMI 1.9 Power input: DC 12V, Min 3A Speaker: 8\u03a92W*2","og:url":"https:\/\/rjoytek.com\/fr\/produit\/moniteur-de-jeu-ips-1080p-238-pouces-1920x1080-moniteur-de-bureau-pc-vga-audio-ecrans-lcd\/","og:image":"https:\/\/rjoytek.com\/wp-content\/uploads\/2024\/08\/cropped-LOGO.png","og:image:secure_url":"https:\/\/rjoytek.com\/wp-content\/uploads\/2024\/08\/cropped-LOGO.png","og:image:width":512,"og:image:height":512,"article:published_time":"2022-06-30T07:53:16+00:00","article:modified_time":"2022-06-30T07:53:16+00:00","article:publisher":"https:\/\/www.facebook.com\/RjoytekLCDSolution","twitter:card":"summary_large_image","twitter:title":"1080p IPS Gaming Monitor 23.8 inch 1920*1080 Desktop PC Monitor VGA Audio LCD Monitors - LCD Monitor - Top Custom LCD, TFT, OLED Display Manufacturer &amp; Supplier in China.","twitter:description":"Size: 23.8 inch lcd monitor Refresh Rate: 60Hz-75Hz Resolution: 1920*1080 Contrast Ratio: 16:9 Brightness\uff08TYP): 250(MIN)280(TYP) Default Color Temp (K): 6500K Response Time: 16ms\/14ms Input signal interface: VGA+HDMI+Audio Version\uff08HDMI\/DP): HDMI 1.9 Power input: DC 12V, Min 3A Speaker: 8\u03a92W*2","twitter:image":"https:\/\/rjoytek.com\/wp-content\/uploads\/2024\/08\/cropped-LOGO.png"},"aioseo_meta_data":{"post_id":"6903","title":null,"description":null,"keywords":null,"keyphrases":null,"canonical_url":null,"og_title":null,"og_description":null,"og_object_type":"default","og_image_type":"default","og_image_custom_url":null,"og_image_custom_fields":null,"og_custom_image_width":null,"og_custom_image_height":null,"og_video":null,"og_custom_url":null,"og_article_section":null,"og_article_tags":null,"twitter_use_og":true,"twitter_card":"default","twitter_image_type":"default","twitter_image_custom_url":null,"twitter_image_custom_fields":null,"twitter_title":null,"twitter_description":null,"schema_type":null,"schema_type_options":null,"pillar_content":false,"robots_default":true,"robots_noindex":false,"robots_noarchive":false,"robots_nosnippet":false,"robots_nofollow":false,"robots_noimageindex":false,"robots_noodp":false,"robots_notranslate":false,"robots_max_snippet":null,"robots_max_videopreview":null,"robots_max_imagepreview":"none","tabs":null,"priority":null,"frequency":null,"local_seo":null,"created":"2026-03-20 04:02:28","updated":"2026-04-04 12:27:40"},"aioseo_breadcrumb":"<div class=\"aioseo-breadcrumbs\"><span class=\"aioseo-breadcrumb\">\n\t<a href=\"https:\/\/rjoytek.com\/fr\" title=\"Home\">Home<\/a>\n<\/span><span class=\"aioseo-breadcrumb-separator\">\u00bb<\/span><span class=\"aioseo-breadcrumb\">\n\t<a href=\"https:\/\/rjoytek.com\/fr\/boutique\/\" title=\"Shop\">Shop<\/a>\n<\/span><span class=\"aioseo-breadcrumb-separator\">\u00bb<\/span><span class=\"aioseo-breadcrumb\">\n\t<a href=\"https:\/\/rjoytek.com\/fr\/categorie-produit\/moniteur-lcd\/\" title=\"LCD Monitor\">LCD Monitor<\/a>\n<\/span><span class=\"aioseo-breadcrumb-separator\">\u00bb<\/span><span class=\"aioseo-breadcrumb\">\n\t1080p IPS Gaming Monitor 23.8 inch 1920*1080 Desktop PC Monitor VGA Audio LCD Monitors\n<\/span><\/div>","aioseo_breadcrumb_json":[{"label":"Home","link":"https:\/\/rjoytek.com\/fr"},{"label":"Shop","link":"https:\/\/rjoytek.com\/fr\/boutique\/"},{"label":"LCD Monitor","link":"https:\/\/rjoytek.com\/fr\/categorie-produit\/moniteur-lcd\/"},{"label":"1080p IPS Gaming Monitor 23.8 inch 1920*1080 Desktop PC Monitor VGA Audio LCD Monitors","link":"https:\/\/rjoytek.com\/fr\/produit\/moniteur-de-jeu-ips-1080p-238-pouces-1920x1080-moniteur-de-bureau-pc-vga-audio-ecrans-lcd\/"}],"_links":{"self":[{"href":"https:\/\/rjoytek.com\/fr\/wp-json\/wp\/v2\/product\/6903","targetHints":{"allow":["GET"]}}],"collection":[{"href":"https:\/\/rjoytek.com\/fr\/wp-json\/wp\/v2\/product"}],"about":[{"href":"https:\/\/rjoytek.com\/fr\/wp-json\/wp\/v2\/types\/product"}],"wp:featuredmedia":[{"embeddable":true,"href":"https:\/\/rjoytek.com\/fr\/wp-json\/wp\/v2\/media\/6904"}],"wp:attachment":[{"href":"https:\/\/rjoytek.com\/fr\/wp-json\/wp\/v2\/media?parent=6903"}],"wp:term":[{"taxonomy":"product_cat","embeddable":true,"href":"https:\/\/rjoytek.com\/fr\/wp-json\/wp\/v2\/product_cat?post=6903"},{"taxonomy":"product_tag","embeddable":true,"href":"https:\/\/rjoytek.com\/fr\/wp-json\/wp\/v2\/product_tag?post=6903"}],"curies":[{"name":"wp","href":"https:\/\/api.w.org\/{rel}","templated":true}]}}