{"id":6808,"date":"2022-06-24T07:38:06","date_gmt":"2022-06-24T07:38:06","guid":{"rendered":"https:\/\/rjoytek.com\/?post_type=product&#038;p=6808"},"modified":"2022-11-18T01:30:38","modified_gmt":"2022-11-18T01:30:38","slug":"module-daffichage-lcd-tft-rond-de-4-pouces-720x720-rjoytek","status":"publish","type":"product","link":"https:\/\/rjoytek.com\/fr\/produit\/module-daffichage-lcd-tft-rond-de-4-pouces-720x720-rjoytek\/","title":{"rendered":"Module d'\u00e9cran LCD TFT rond 4 pouces 720*720 RJOYTEK"},"content":{"rendered":"<p>Le RV040YGM-320-40 est un \u00e9cran circulaire TFT, avec une r\u00e9solution de 720*720 et une interface MIPI.<\/p>\n<p style=\"text-align: justify\">De nos jours, les \u00e9crans LCD circulaires sont de plus en plus utilis\u00e9s dans les maisons intelligentes, les r\u00e9frig\u00e9rateurs intelligents, les machines \u00e0 caf\u00e9 intelligentes, les micro-ondes intelligents, etc. Il existe \u00e9galement un panneau d'\u00e9cran LCD circulaire plus grand, utilis\u00e9 pour le contr\u00f4le central de la maison. Que ce soit en wifi ou en bluetooth, la vari\u00e9t\u00e9 d'appareils contr\u00f4lables est \u00e9galement tr\u00e8s \u00e9tendue.<br \/>\nEn plus de pouvoir \u00eatre utilis\u00e9 dans le domaine de la maison intelligente, cet \u00e9cran LCD TFT circulaire de 4 pouces a \u00e9galement vu ses mat\u00e9riaux mis \u00e0 jour selon son champ d'application, et un autre affichage LCD rond de 4 pouces peut \u00eatre utilis\u00e9 pour les voitures. Ils diff\u00e8rent l\u00e9g\u00e8rement en termes de tol\u00e9rance \u00e0 la temp\u00e9rature ; si vous recherchez un \u00e9cran rond pour une application automobile, vous pouvez envisager cet \u00e9cran LCD TFT circulaire de 4 pouces.<\/p>\n<table style=\"width: 100%;border-collapse: collapse;border-style: solid;border-color: #e8e1e1\">\n<tbody>\n<tr>\n<td style=\"width: 50%\">Mod\u00e8le<\/td>\n<td style=\"width: 50%\">RV040YGM-320-40<\/td>\n<\/tr>\n<tr>\n<td style=\"width: 50%\">Taille<\/td>\n<td style=\"width: 50%\">Module LCD TFT de 4 pouces<\/td>\n<\/tr>\n<tr>\n<td style=\"width: 50%\">Type d'\u00e9cran LCD<\/td>\n<td style=\"width: 50%\">AM TFT, Transmissif, N\u00e9gatif<\/td>\n<\/tr>\n<tr>\n<td style=\"width: 50%\">Format d'affichage<\/td>\n<td style=\"width: 50%\">720(R,V,B)*720<\/td>\n<\/tr>\n<tr>\n<td style=\"width: 50%\">Donn\u00e9es d'entr\u00e9e<\/td>\n<td style=\"width: 50%\">MIPI<\/td>\n<\/tr>\n<tr>\n<td style=\"width: 50%\">Angle de vision<\/td>\n<td style=\"width: 50%\">Toutes orientations (ALL O\u2019clock)<\/td>\n<\/tr>\n<tr>\n<td style=\"width: 50%\">Couleurs d'affichage<\/td>\n<td style=\"width: 50%\">16,7M<\/td>\n<\/tr>\n<tr>\n<td style=\"width: 50%\">Dimensions du module<\/td>\n<td style=\"width: 50%\">105,6(L) \u00d7 109,86(H) \u00d7 2,13(P)<\/td>\n<\/tr>\n<tr>\n<td style=\"width: 50%\">Zone active<\/td>\n<td style=\"width: 50%\">101,52(L) \u00d7101,52(l)<\/td>\n<\/tr>\n<tr>\n<td style=\"width: 50%\">Taille de pixel<\/td>\n<td style=\"width: 50%\">0.047*0.141<\/td>\n<\/tr>\n<tr>\n<td style=\"width: 50%\">Temp\u00e9rature de fonctionnement<\/td>\n<td style=\"width: 50%\">-20 \u00e0 +70 \u2103<\/td>\n<\/tr>\n<tr>\n<td style=\"width: 50%\">Temp\u00e9rature de stockage<\/td>\n<td style=\"width: 50%\">-30 \u00e0 +80 \u2103<\/td>\n<\/tr>\n<tr>\n<td style=\"width: 50%\">Luminance du LCM<\/td>\n<td style=\"width: 50%\">320 cd\/m\u00b2<\/td>\n<\/tr>\n<\/tbody>\n<\/table>\n<p>&nbsp;<\/p>\n<p><img fetchpriority=\"high\" decoding=\"async\" class=\"size-full wp-image-6799\" src=\"https:\/\/rjoytek.com\/wp-content\/uploads\/2022\/06\/RV040YGM-800-39.jpg\" alt=\"Panneau LCD TFT circulaire de 4 pouces\" width=\"1500\" height=\"1063\" srcset=\"https:\/\/rjoytek.com\/wp-content\/uploads\/2022\/06\/RV040YGM-800-39.jpg 1500w, https:\/\/rjoytek.com\/wp-content\/uploads\/2022\/06\/RV040YGM-800-39-1000x709.jpg 1000w, https:\/\/rjoytek.com\/wp-content\/uploads\/2022\/06\/RV040YGM-800-39-300x213.jpg 300w, https:\/\/rjoytek.com\/wp-content\/uploads\/2022\/06\/RV040YGM-800-39-1024x726.jpg 1024w, https:\/\/rjoytek.com\/wp-content\/uploads\/2022\/06\/RV040YGM-800-39-600x425.jpg 600w\" sizes=\"(max-width: 1500px) 100vw, 1500px\" \/><\/p>\n<p>Interface <a href=\"https:\/\/rjoytek.com\/product-category\/round-lcd-display\/\">Panneau d'affichage LCD TFT rond<\/a> ici<\/p>\n<p>&nbsp;<\/p>","protected":false},"excerpt":{"rendered":"<ul>\n<li>Taille : Module LCD TFT rond de 4 pouces<\/li>\n<li>R\u00e9solution : 720*720<\/li>\n<li>Luminance du LCM : 320 cd\/m\u00b2<\/li>\n<li>Donn\u00e9es d'entr\u00e9e : MIPI<\/li>\n<li>Type d'\u00e9cran : AM TFT, Transmissif, N\u00e9gatif<\/li>\n<\/ul>","protected":false},"featured_media":6810,"template":"","meta":{"_acf_changed":false,"site-sidebar-layout":"default","site-content-layout":"","ast-site-content-layout":"default","site-content-style":"default","site-sidebar-style":"default","ast-global-header-display":"","ast-banner-title-visibility":"","ast-main-header-display":"","ast-hfb-above-header-display":"","ast-hfb-below-header-display":"","ast-hfb-mobile-header-display":"","site-post-title":"","ast-breadcrumbs-content":"","ast-featured-img":"","footer-sml-layout":"","ast-disable-related-posts":"","theme-transparent-header-meta":"","adv-header-id-meta":"","stick-header-meta":"","header-above-stick-meta":"","header-main-stick-meta":"","header-below-stick-meta":"","astra-migrate-meta-layouts":"default","ast-page-background-enabled":"default","ast-page-background-meta":{"desktop":{"background-color":"var(--ast-global-color-5)","background-image":"","background-repeat":"repeat","background-position":"center center","background-size":"auto","background-attachment":"scroll","background-type":"","background-media":"","overlay-type":"","overlay-color":"","overlay-opacity":"","overlay-gradient":""},"tablet":{"background-color":"","background-image":"","background-repeat":"repeat","background-position":"center center","background-size":"auto","background-attachment":"scroll","background-type":"","background-media":"","overlay-type":"","overlay-color":"","overlay-opacity":"","overlay-gradient":""},"mobile":{"background-color":"","background-image":"","background-repeat":"repeat","background-position":"center center","background-size":"auto","background-attachment":"scroll","background-type":"","background-media":"","overlay-type":"","overlay-color":"","overlay-opacity":"","overlay-gradient":""}},"ast-content-background-meta":{"desktop":{"background-color":"var(--ast-global-color-4)","background-image":"","background-repeat":"repeat","background-position":"center center","background-size":"auto","background-attachment":"scroll","background-type":"","background-media":"","overlay-type":"","overlay-color":"","overlay-opacity":"","overlay-gradient":""},"tablet":{"background-color":"var(--ast-global-color-4)","background-image":"","background-repeat":"repeat","background-position":"center center","background-size":"auto","background-attachment":"scroll","background-type":"","background-media":"","overlay-type":"","overlay-color":"","overlay-opacity":"","overlay-gradient":""},"mobile":{"background-color":"var(--ast-global-color-4)","background-image":"","background-repeat":"repeat","background-position":"center center","background-size":"auto","background-attachment":"scroll","background-type":"","background-media":"","overlay-type":"","overlay-color":"","overlay-opacity":"","overlay-gradient":""}}},"product_cat":[128,15],"product_tag":[163,164,133],"class_list":{"0":"post-6808","1":"product","2":"type-product","3":"status-publish","4":"has-post-thumbnail","6":"product_cat-round-lcd-display","7":"product_cat-tft-lcd-display-module","8":"product_tag-4-inch-lcd-display","9":"product_tag-4-inch-lcd-panel","10":"product_tag-round-lcd-display","11":"desktop-align-left","12":"tablet-align-left","13":"mobile-align-left","14":"ast-product-gallery-layout-horizontal-slider","15":"ast-magnify-disabled","16":"ast-qv-on-image","18":"first","19":"instock","20":"shipping-taxable","21":"product-type-simple"},"acf":[],"aioseo_notices":[],"aioseo_head":"\n\t\t<!-- All in One SEO Pro 4.8.3.2 - aioseo.com -->\n\t<meta name=\"description\" content=\"Size: Round 4 inch tft lcd module Resolution: 720*720 LCM Luminance: 320 cd\/m\u00b2 Input Data: MIPI LCD Type: AM TFT ,TRANSMISSIVE, NEGATIVE\" \/>\n\t<meta name=\"robots\" content=\"max-image-preview:large\" \/>\n\t<link rel=\"canonical\" href=\"https:\/\/rjoytek.com\/fr\/produit\/module-daffichage-lcd-tft-rond-de-4-pouces-720x720-rjoytek\/\" \/>\n\t<meta name=\"generator\" content=\"All in One SEO Pro (AIOSEO) 4.8.3.2\" \/>\n\t\t<meta property=\"og:locale\" content=\"fr_FR\" \/>\n\t\t<meta property=\"og:site_name\" content=\"RJY Display - Top Custom LCD, TFT, OLED Display Manufacturer &amp; Supplier in China.\" \/>\n\t\t<meta property=\"og:type\" content=\"article\" \/>\n\t\t<meta property=\"og:title\" content=\"RJOYTEK 4 inch 720*720 Round TFT LCD Module - Round LCD Display - Top Custom LCD, TFT, OLED Display Manufacturer &amp; Supplier in China.\" \/>\n\t\t<meta property=\"og:description\" content=\"Size: Round 4 inch tft lcd module Resolution: 720*720 LCM Luminance: 320 cd\/m\u00b2 Input Data: MIPI LCD Type: AM TFT ,TRANSMISSIVE, NEGATIVE\" \/>\n\t\t<meta property=\"og:url\" content=\"https:\/\/rjoytek.com\/fr\/produit\/module-daffichage-lcd-tft-rond-de-4-pouces-720x720-rjoytek\/\" \/>\n\t\t<meta property=\"og:image\" content=\"https:\/\/rjoytek.com\/wp-content\/uploads\/2024\/08\/cropped-LOGO.png\" \/>\n\t\t<meta property=\"og:image:secure_url\" content=\"https:\/\/rjoytek.com\/wp-content\/uploads\/2024\/08\/cropped-LOGO.png\" \/>\n\t\t<meta property=\"og:image:width\" content=\"512\" \/>\n\t\t<meta property=\"og:image:height\" content=\"512\" \/>\n\t\t<meta property=\"article:published_time\" content=\"2022-06-24T07:38:06+00:00\" \/>\n\t\t<meta property=\"article:modified_time\" content=\"2022-11-18T01:30:38+00:00\" \/>\n\t\t<meta property=\"article:publisher\" content=\"https:\/\/www.facebook.com\/RjoytekLCDSolution\" \/>\n\t\t<meta name=\"twitter:card\" content=\"summary_large_image\" \/>\n\t\t<meta name=\"twitter:title\" content=\"RJOYTEK 4 inch 720*720 Round TFT LCD Module - Round LCD Display - Top Custom LCD, TFT, OLED Display Manufacturer &amp; Supplier in China.\" \/>\n\t\t<meta name=\"twitter:description\" content=\"Size: Round 4 inch tft lcd module Resolution: 720*720 LCM Luminance: 320 cd\/m\u00b2 Input Data: MIPI LCD Type: AM TFT ,TRANSMISSIVE, NEGATIVE\" \/>\n\t\t<meta name=\"twitter:image\" content=\"https:\/\/rjoytek.com\/wp-content\/uploads\/2024\/08\/cropped-LOGO.png\" \/>\n\t\t<script type=\"application\/ld+json\" class=\"aioseo-schema\">\n\t\t\t{\"@context\":\"https:\\\/\\\/schema.org\",\"@graph\":[{\"@type\":\"BreadcrumbList\",\"@id\":\"https:\\\/\\\/rjoytek.com\\\/fr\\\/produit\\\/module-daffichage-lcd-tft-rond-de-4-pouces-720x720-rjoytek\\\/#breadcrumblist\",\"itemListElement\":[{\"@type\":\"ListItem\",\"@id\":\"https:\\\/\\\/rjoytek.com\\\/fr#listItem\",\"position\":1,\"name\":\"Home\",\"item\":\"https:\\\/\\\/rjoytek.com\\\/fr\",\"nextItem\":{\"@type\":\"ListItem\",\"@id\":\"https:\\\/\\\/rjoytek.com\\\/fr\\\/boutique\\\/#listItem\",\"name\":\"Shop\"}},{\"@type\":\"ListItem\",\"@id\":\"https:\\\/\\\/rjoytek.com\\\/fr\\\/boutique\\\/#listItem\",\"position\":2,\"name\":\"Shop\",\"item\":\"https:\\\/\\\/rjoytek.com\\\/fr\\\/boutique\\\/\",\"nextItem\":{\"@type\":\"ListItem\",\"@id\":\"https:\\\/\\\/rjoytek.com\\\/fr\\\/categorie-produit\\\/module-daffichage-lcd-tft\\\/#listItem\",\"name\":\"TFT LCD Display Module\"},\"previousItem\":{\"@type\":\"ListItem\",\"@id\":\"https:\\\/\\\/rjoytek.com\\\/fr#listItem\",\"name\":\"Home\"}},{\"@type\":\"ListItem\",\"@id\":\"https:\\\/\\\/rjoytek.com\\\/fr\\\/categorie-produit\\\/module-daffichage-lcd-tft\\\/#listItem\",\"position\":3,\"name\":\"TFT LCD Display Module\",\"item\":\"https:\\\/\\\/rjoytek.com\\\/fr\\\/categorie-produit\\\/module-daffichage-lcd-tft\\\/\",\"nextItem\":{\"@type\":\"ListItem\",\"@id\":\"https:\\\/\\\/rjoytek.com\\\/fr\\\/produit\\\/module-daffichage-lcd-tft-rond-de-4-pouces-720x720-rjoytek\\\/#listItem\",\"name\":\"RJOYTEK 4 inch 720*720 Round TFT LCD Module\"},\"previousItem\":{\"@type\":\"ListItem\",\"@id\":\"https:\\\/\\\/rjoytek.com\\\/fr\\\/boutique\\\/#listItem\",\"name\":\"Shop\"}},{\"@type\":\"ListItem\",\"@id\":\"https:\\\/\\\/rjoytek.com\\\/fr\\\/produit\\\/module-daffichage-lcd-tft-rond-de-4-pouces-720x720-rjoytek\\\/#listItem\",\"position\":4,\"name\":\"RJOYTEK 4 inch 720*720 Round TFT LCD Module\",\"previousItem\":{\"@type\":\"ListItem\",\"@id\":\"https:\\\/\\\/rjoytek.com\\\/fr\\\/categorie-produit\\\/module-daffichage-lcd-tft\\\/#listItem\",\"name\":\"TFT LCD Display Module\"}}]},{\"@type\":\"Organization\",\"@id\":\"https:\\\/\\\/rjoytek.com\\\/fr\\\/#organization\",\"name\":\"RJY Display\",\"description\":\"Top Custom LCD, TFT, OLED Display Manufacturer & Supplier in China.\",\"url\":\"https:\\\/\\\/rjoytek.com\\\/fr\\\/\",\"telephone\":\"+8618872893408\",\"logo\":{\"@type\":\"ImageObject\",\"url\":\"https:\\\/\\\/rjoytek.com\\\/wp-content\\\/uploads\\\/2025\\\/07\\\/LOGO1-scaled.png\",\"@id\":\"https:\\\/\\\/rjoytek.com\\\/fr\\\/produit\\\/module-daffichage-lcd-tft-rond-de-4-pouces-720x720-rjoytek\\\/#organizationLogo\",\"width\":2560,\"height\":416},\"image\":{\"@id\":\"https:\\\/\\\/rjoytek.com\\\/fr\\\/produit\\\/module-daffichage-lcd-tft-rond-de-4-pouces-720x720-rjoytek\\\/#organizationLogo\"},\"sameAs\":[\"https:\\\/\\\/www.facebook.com\\\/RjoytekLCDSolution\",\"https:\\\/\\\/www.youtube.com\\\/@lcdsolution-RJOYTEK\",\"https:\\\/\\\/www.linkedin.com\\\/company\\\/rjoytek-lcd-solution\"]},{\"@type\":\"WebPage\",\"@id\":\"https:\\\/\\\/rjoytek.com\\\/fr\\\/produit\\\/module-daffichage-lcd-tft-rond-de-4-pouces-720x720-rjoytek\\\/#webpage\",\"url\":\"https:\\\/\\\/rjoytek.com\\\/fr\\\/produit\\\/module-daffichage-lcd-tft-rond-de-4-pouces-720x720-rjoytek\\\/\",\"name\":\"RJOYTEK 4 inch 720*720 Round TFT LCD Module - Round LCD Display - Top Custom LCD, TFT, OLED Display Manufacturer & Supplier in China.\",\"description\":\"Size: Round 4 inch tft lcd module Resolution: 720*720 LCM Luminance: 320 cd\\\/m\\u00b2 Input Data: MIPI LCD Type: AM TFT ,TRANSMISSIVE, NEGATIVE\",\"inLanguage\":\"fr-FR\",\"isPartOf\":{\"@id\":\"https:\\\/\\\/rjoytek.com\\\/fr\\\/#website\"},\"breadcrumb\":{\"@id\":\"https:\\\/\\\/rjoytek.com\\\/fr\\\/produit\\\/module-daffichage-lcd-tft-rond-de-4-pouces-720x720-rjoytek\\\/#breadcrumblist\"},\"image\":{\"@type\":\"ImageObject\",\"url\":\"https:\\\/\\\/rjoytek.com\\\/wp-content\\\/uploads\\\/2022\\\/06\\\/4-inch-round-display.jpg\",\"@id\":\"https:\\\/\\\/rjoytek.com\\\/fr\\\/produit\\\/module-daffichage-lcd-tft-rond-de-4-pouces-720x720-rjoytek\\\/#mainImage\",\"width\":800,\"height\":800},\"primaryImageOfPage\":{\"@id\":\"https:\\\/\\\/rjoytek.com\\\/fr\\\/produit\\\/module-daffichage-lcd-tft-rond-de-4-pouces-720x720-rjoytek\\\/#mainImage\"},\"datePublished\":\"2022-06-24T07:38:06+00:00\",\"dateModified\":\"2022-11-18T01:30:38+00:00\"},{\"@type\":\"WebSite\",\"@id\":\"https:\\\/\\\/rjoytek.com\\\/fr\\\/#website\",\"url\":\"https:\\\/\\\/rjoytek.com\\\/fr\\\/\",\"name\":\"RJY Display\",\"description\":\"Top Custom LCD, TFT, OLED Display Manufacturer & Supplier in China.\",\"inLanguage\":\"fr-FR\",\"publisher\":{\"@id\":\"https:\\\/\\\/rjoytek.com\\\/fr\\\/#organization\"}}]}\n\t\t<\/script>\n\t\t<!-- All in One SEO Pro -->\r\n\t\t<title>RJOYTEK 4 inch 720*720 Round TFT LCD Module - Round LCD Display - Top Custom LCD, TFT, OLED Display Manufacturer &amp; Supplier in China.<\/title>\n\n","aioseo_head_json":{"title":"RJOYTEK Module LCD TFT Round 4 pouces 720*720 - \u00c9cran LCD Round - Fabricant et Fournisseur Principal en Chine d'\u00c9crans LCD, TFT et OLED sur Mesure.","description":"Taille : Module LCD TFT rond de 4 pouces R\u00e9solution : 720*720 Luminance du LCM : 320 cd\/m\u00b2 Donn\u00e9es d'entr\u00e9e : MIPI Type d'\u00e9cran LCD : AM TFT, TRANSMISSIVE, NEGATIVE","canonical_url":"https:\/\/rjoytek.com\/fr\/produit\/module-daffichage-lcd-tft-rond-de-4-pouces-720x720-rjoytek\/","robots":"max-image-preview:large","keywords":"","webmasterTools":{"miscellaneous":""},"schema":{"@context":"https:\/\/schema.org","@graph":[{"@type":"BreadcrumbList","@id":"https:\/\/rjoytek.com\/fr\/produit\/module-daffichage-lcd-tft-rond-de-4-pouces-720x720-rjoytek\/#breadcrumblist","itemListElement":[{"@type":"ListItem","@id":"https:\/\/rjoytek.com\/fr#listItem","position":1,"name":"Home","item":"https:\/\/rjoytek.com\/fr","nextItem":{"@type":"ListItem","@id":"https:\/\/rjoytek.com\/fr\/boutique\/#listItem","name":"Shop"}},{"@type":"ListItem","@id":"https:\/\/rjoytek.com\/fr\/boutique\/#listItem","position":2,"name":"Shop","item":"https:\/\/rjoytek.com\/fr\/boutique\/","nextItem":{"@type":"ListItem","@id":"https:\/\/rjoytek.com\/fr\/categorie-produit\/module-daffichage-lcd-tft\/#listItem","name":"TFT LCD Display Module"},"previousItem":{"@type":"ListItem","@id":"https:\/\/rjoytek.com\/fr#listItem","name":"Home"}},{"@type":"ListItem","@id":"https:\/\/rjoytek.com\/fr\/categorie-produit\/module-daffichage-lcd-tft\/#listItem","position":3,"name":"TFT LCD Display Module","item":"https:\/\/rjoytek.com\/fr\/categorie-produit\/module-daffichage-lcd-tft\/","nextItem":{"@type":"ListItem","@id":"https:\/\/rjoytek.com\/fr\/produit\/module-daffichage-lcd-tft-rond-de-4-pouces-720x720-rjoytek\/#listItem","name":"RJOYTEK 4 inch 720*720 Round TFT LCD Module"},"previousItem":{"@type":"ListItem","@id":"https:\/\/rjoytek.com\/fr\/boutique\/#listItem","name":"Shop"}},{"@type":"ListItem","@id":"https:\/\/rjoytek.com\/fr\/produit\/module-daffichage-lcd-tft-rond-de-4-pouces-720x720-rjoytek\/#listItem","position":4,"name":"RJOYTEK 4 inch 720*720 Round TFT LCD Module","previousItem":{"@type":"ListItem","@id":"https:\/\/rjoytek.com\/fr\/categorie-produit\/module-daffichage-lcd-tft\/#listItem","name":"TFT LCD Display Module"}}]},{"@type":"Organization","@id":"https:\/\/rjoytek.com\/fr\/#organization","name":"RJY Display","description":"Top Custom LCD, TFT, OLED Display Manufacturer & Supplier in China.","url":"https:\/\/rjoytek.com\/fr\/","telephone":"+8618872893408","logo":{"@type":"ImageObject","url":"https:\/\/rjoytek.com\/wp-content\/uploads\/2025\/07\/LOGO1-scaled.png","@id":"https:\/\/rjoytek.com\/fr\/produit\/module-daffichage-lcd-tft-rond-de-4-pouces-720x720-rjoytek\/#organizationLogo","width":2560,"height":416},"image":{"@id":"https:\/\/rjoytek.com\/fr\/produit\/module-daffichage-lcd-tft-rond-de-4-pouces-720x720-rjoytek\/#organizationLogo"},"sameAs":["https:\/\/www.facebook.com\/RjoytekLCDSolution","https:\/\/www.youtube.com\/@lcdsolution-RJOYTEK","https:\/\/www.linkedin.com\/company\/rjoytek-lcd-solution"]},{"@type":"WebPage","@id":"https:\/\/rjoytek.com\/fr\/produit\/module-daffichage-lcd-tft-rond-de-4-pouces-720x720-rjoytek\/#webpage","url":"https:\/\/rjoytek.com\/fr\/produit\/module-daffichage-lcd-tft-rond-de-4-pouces-720x720-rjoytek\/","name":"RJOYTEK 4 inch 720*720 Round TFT LCD Module - Round LCD Display - Top Custom LCD, TFT, OLED Display Manufacturer & Supplier in China.","description":"Size: Round 4 inch tft lcd module Resolution: 720*720 LCM Luminance: 320 cd\/m\u00b2 Input Data: MIPI LCD Type: AM TFT ,TRANSMISSIVE, NEGATIVE","inLanguage":"fr-FR","isPartOf":{"@id":"https:\/\/rjoytek.com\/fr\/#website"},"breadcrumb":{"@id":"https:\/\/rjoytek.com\/fr\/produit\/module-daffichage-lcd-tft-rond-de-4-pouces-720x720-rjoytek\/#breadcrumblist"},"image":{"@type":"ImageObject","url":"https:\/\/rjoytek.com\/wp-content\/uploads\/2022\/06\/4-inch-round-display.jpg","@id":"https:\/\/rjoytek.com\/fr\/produit\/module-daffichage-lcd-tft-rond-de-4-pouces-720x720-rjoytek\/#mainImage","width":800,"height":800},"primaryImageOfPage":{"@id":"https:\/\/rjoytek.com\/fr\/produit\/module-daffichage-lcd-tft-rond-de-4-pouces-720x720-rjoytek\/#mainImage"},"datePublished":"2022-06-24T07:38:06+00:00","dateModified":"2022-11-18T01:30:38+00:00"},{"@type":"WebSite","@id":"https:\/\/rjoytek.com\/fr\/#website","url":"https:\/\/rjoytek.com\/fr\/","name":"RJY Display","description":"Top Custom LCD, TFT, OLED Display Manufacturer & Supplier in China.","inLanguage":"fr-FR","publisher":{"@id":"https:\/\/rjoytek.com\/fr\/#organization"}}]},"og:locale":"fr_FR","og:site_name":"RJY Display - Top Custom LCD, TFT, OLED Display Manufacturer &amp; Supplier in China.","og:type":"article","og:title":"RJOYTEK 4 inch 720*720 Round TFT LCD Module - Round LCD Display - Top Custom LCD, TFT, OLED Display Manufacturer &amp; Supplier in China.","og:description":"Size: Round 4 inch tft lcd module Resolution: 720*720 LCM Luminance: 320 cd\/m\u00b2 Input Data: MIPI LCD Type: AM TFT ,TRANSMISSIVE, NEGATIVE","og:url":"https:\/\/rjoytek.com\/fr\/produit\/module-daffichage-lcd-tft-rond-de-4-pouces-720x720-rjoytek\/","og:image":"https:\/\/rjoytek.com\/wp-content\/uploads\/2024\/08\/cropped-LOGO.png","og:image:secure_url":"https:\/\/rjoytek.com\/wp-content\/uploads\/2024\/08\/cropped-LOGO.png","og:image:width":512,"og:image:height":512,"article:published_time":"2022-06-24T07:38:06+00:00","article:modified_time":"2022-11-18T01:30:38+00:00","article:publisher":"https:\/\/www.facebook.com\/RjoytekLCDSolution","twitter:card":"summary_large_image","twitter:title":"RJOYTEK 4 inch 720*720 Round TFT LCD Module - Round LCD Display - Top Custom LCD, TFT, OLED Display Manufacturer &amp; Supplier in China.","twitter:description":"Size: Round 4 inch tft lcd module Resolution: 720*720 LCM Luminance: 320 cd\/m\u00b2 Input Data: MIPI LCD Type: AM TFT ,TRANSMISSIVE, NEGATIVE","twitter:image":"https:\/\/rjoytek.com\/wp-content\/uploads\/2024\/08\/cropped-LOGO.png"},"aioseo_meta_data":{"post_id":"6808","title":null,"description":null,"keywords":null,"keyphrases":null,"canonical_url":null,"og_title":null,"og_description":null,"og_object_type":"default","og_image_type":"default","og_image_custom_url":null,"og_image_custom_fields":null,"og_custom_image_width":null,"og_custom_image_height":null,"og_video":null,"og_custom_url":null,"og_article_section":null,"og_article_tags":null,"twitter_use_og":true,"twitter_card":"default","twitter_image_type":"default","twitter_image_custom_url":null,"twitter_image_custom_fields":null,"twitter_title":null,"twitter_description":null,"schema_type":null,"schema_type_options":null,"pillar_content":false,"robots_default":true,"robots_noindex":false,"robots_noarchive":false,"robots_nosnippet":false,"robots_nofollow":false,"robots_noimageindex":false,"robots_noodp":false,"robots_notranslate":false,"robots_max_snippet":null,"robots_max_videopreview":null,"robots_max_imagepreview":"none","tabs":null,"priority":null,"frequency":null,"local_seo":null,"created":"2026-03-20 03:53:49","updated":"2026-04-26 13:21:44"},"aioseo_breadcrumb":"<div class=\"aioseo-breadcrumbs\"><span class=\"aioseo-breadcrumb\">\n\t<a href=\"https:\/\/rjoytek.com\/fr\" title=\"Home\">Home<\/a>\n<\/span><span class=\"aioseo-breadcrumb-separator\">\u00bb<\/span><span class=\"aioseo-breadcrumb\">\n\t<a href=\"https:\/\/rjoytek.com\/fr\/boutique\/\" title=\"Shop\">Shop<\/a>\n<\/span><span class=\"aioseo-breadcrumb-separator\">\u00bb<\/span><span class=\"aioseo-breadcrumb\">\n\t<a href=\"https:\/\/rjoytek.com\/fr\/categorie-produit\/module-daffichage-lcd-tft\/\" title=\"TFT LCD Display Module\">TFT LCD Display Module<\/a>\n<\/span><span class=\"aioseo-breadcrumb-separator\">\u00bb<\/span><span class=\"aioseo-breadcrumb\">\n\tRJOYTEK 4 inch 720*720 Round TFT LCD Module\n<\/span><\/div>","aioseo_breadcrumb_json":[{"label":"Home","link":"https:\/\/rjoytek.com\/fr"},{"label":"Shop","link":"https:\/\/rjoytek.com\/fr\/boutique\/"},{"label":"TFT LCD Display Module","link":"https:\/\/rjoytek.com\/fr\/categorie-produit\/module-daffichage-lcd-tft\/"},{"label":"RJOYTEK 4 inch 720*720 Round TFT LCD Module","link":"https:\/\/rjoytek.com\/fr\/produit\/module-daffichage-lcd-tft-rond-de-4-pouces-720x720-rjoytek\/"}],"_links":{"self":[{"href":"https:\/\/rjoytek.com\/fr\/wp-json\/wp\/v2\/product\/6808","targetHints":{"allow":["GET"]}}],"collection":[{"href":"https:\/\/rjoytek.com\/fr\/wp-json\/wp\/v2\/product"}],"about":[{"href":"https:\/\/rjoytek.com\/fr\/wp-json\/wp\/v2\/types\/product"}],"wp:featuredmedia":[{"embeddable":true,"href":"https:\/\/rjoytek.com\/fr\/wp-json\/wp\/v2\/media\/6810"}],"wp:attachment":[{"href":"https:\/\/rjoytek.com\/fr\/wp-json\/wp\/v2\/media?parent=6808"}],"wp:term":[{"taxonomy":"product_cat","embeddable":true,"href":"https:\/\/rjoytek.com\/fr\/wp-json\/wp\/v2\/product_cat?post=6808"},{"taxonomy":"product_tag","embeddable":true,"href":"https:\/\/rjoytek.com\/fr\/wp-json\/wp\/v2\/product_tag?post=6808"}],"curies":[{"name":"wp","href":"https:\/\/api.w.org\/{rel}","templated":true}]}}