{"id":6768,"date":"2022-06-23T08:14:20","date_gmt":"2022-06-23T08:14:20","guid":{"rendered":"https:\/\/rjoytek.com\/?post_type=product&#038;p=6768"},"modified":"2025-03-03T09:46:48","modified_gmt":"2025-03-03T09:46:48","slug":"2-ecrans-lcd-ronds-de-1-pouce","status":"publish","type":"product","link":"https:\/\/rjoytek.com\/fr\/produit\/2-ecrans-lcd-ronds-de-1-pouce\/","title":{"rendered":"\u00c9cran LCD rond de 2,1 pouces - Module LCD IPS 480*480 Interface RVB SPI"},"content":{"rendered":"<p>Ce petit \u00e9cran LCD TFT de 2,1 pouces est disponible en deux versions, avec ou sans tactile. Il s'agit d'un \u00e9cran LCD rond avec interface RGB+SPI et un angle de vision complet.<\/p>\n<p>Nous personnalisons des modules LCD de diff\u00e9rentes tailles, ajoutons des \u00e9crans tactiles, adaptons la luminosit\u00e9 et la carte de contr\u00f4le. Nous proposons une solution LCD cl\u00e9 en main incluant tactile capacitif, carte de pilotage, FPC, etc.<br \/>\nContactez-nous pour nous faire part de vos exigences.<\/p>","protected":false},"excerpt":{"rendered":"<ul>\n<li>Taille : \u00c9cran LCD rond de 2,1 pouces<\/li>\n<li>Pilote CI : ST7701S<\/li>\n<li>R\u00e9solution : 480*480<\/li>\n<li>Interface : 3SPI+18RGB<\/li>\n<li>Luminance : 300 cd\/m\u00b2<\/li>\n<li>Tactile : avec tactile \/ sans tactile<\/li>\n<\/ul>","protected":false},"featured_media":6771,"template":"","meta":{"_acf_changed":false,"site-sidebar-layout":"default","site-content-layout":"","ast-site-content-layout":"default","site-content-style":"default","site-sidebar-style":"default","ast-global-header-display":"","ast-banner-title-visibility":"","ast-main-header-display":"","ast-hfb-above-header-display":"","ast-hfb-below-header-display":"","ast-hfb-mobile-header-display":"","site-post-title":"","ast-breadcrumbs-content":"","ast-featured-img":"","footer-sml-layout":"","ast-disable-related-posts":"","theme-transparent-header-meta":"","adv-header-id-meta":"","stick-header-meta":"","header-above-stick-meta":"","header-main-stick-meta":"","header-below-stick-meta":"","astra-migrate-meta-layouts":"default","ast-page-background-enabled":"default","ast-page-background-meta":{"desktop":{"background-color":"var(--ast-global-color-5)","background-image":"","background-repeat":"repeat","background-position":"center center","background-size":"auto","background-attachment":"scroll","background-type":"","background-media":"","overlay-type":"","overlay-color":"","overlay-opacity":"","overlay-gradient":""},"tablet":{"background-color":"","background-image":"","background-repeat":"repeat","background-position":"center center","background-size":"auto","background-attachment":"scroll","background-type":"","background-media":"","overlay-type":"","overlay-color":"","overlay-opacity":"","overlay-gradient":""},"mobile":{"background-color":"","background-image":"","background-repeat":"repeat","background-position":"center center","background-size":"auto","background-attachment":"scroll","background-type":"","background-media":"","overlay-type":"","overlay-color":"","overlay-opacity":"","overlay-gradient":""}},"ast-content-background-meta":{"desktop":{"background-color":"var(--ast-global-color-4)","background-image":"","background-repeat":"repeat","background-position":"center center","background-size":"auto","background-attachment":"scroll","background-type":"","background-media":"","overlay-type":"","overlay-color":"","overlay-opacity":"","overlay-gradient":""},"tablet":{"background-color":"var(--ast-global-color-4)","background-image":"","background-repeat":"repeat","background-position":"center center","background-size":"auto","background-attachment":"scroll","background-type":"","background-media":"","overlay-type":"","overlay-color":"","overlay-opacity":"","overlay-gradient":""},"mobile":{"background-color":"var(--ast-global-color-4)","background-image":"","background-repeat":"repeat","background-position":"center center","background-size":"auto","background-attachment":"scroll","background-type":"","background-media":"","overlay-type":"","overlay-color":"","overlay-opacity":"","overlay-gradient":""}}},"product_cat":[114,128,15],"product_tag":[134,133,135],"class_list":{"0":"post-6768","1":"product","2":"type-product","3":"status-publish","4":"has-post-thumbnail","6":"product_cat-capacitive-touch-panel","7":"product_cat-round-lcd-display","8":"product_cat-tft-lcd-display-module","9":"product_tag-2-1-inch-round-lcd-display","10":"product_tag-round-lcd-display","11":"product_tag-touch-screen","12":"pa_brightness-500","13":"pa_interface-rgb","14":"pa_interface-spi","15":"pa_resolution-480x480","16":"pa_size-2-1","17":"pa_viewing_angle-all","18":"pa_wide-temperature-no","19":"desktop-align-left","20":"tablet-align-left","21":"mobile-align-left","22":"ast-product-gallery-layout-horizontal-slider","23":"ast-magnify-disabled","24":"ast-qv-on-image","26":"first","27":"instock","28":"shipping-taxable","29":"product-type-simple"},"acf":[],"aioseo_notices":[],"aioseo_head":"\n\t\t<!-- All in One SEO Pro 4.8.3.2 - aioseo.com -->\n\t<meta name=\"description\" content=\"Size: 2.1 inch round lcd display IC Driver: ST7701S Resolution: 480*480 Interface: 3SPI+18RGB Luminance: 300 cd\/m\u00b2 Touch: with touch\/ no touch\" \/>\n\t<meta name=\"robots\" content=\"max-image-preview:large\" \/>\n\t<link rel=\"canonical\" href=\"https:\/\/rjoytek.com\/fr\/produit\/2-ecrans-lcd-ronds-de-1-pouce\/\" \/>\n\t<meta name=\"generator\" content=\"All in One SEO Pro (AIOSEO) 4.8.3.2\" \/>\n\t\t<meta property=\"og:locale\" content=\"fr_FR\" \/>\n\t\t<meta property=\"og:site_name\" content=\"RJY Display - Top Custom LCD, TFT, OLED Display Manufacturer &amp; Supplier in China.\" \/>\n\t\t<meta property=\"og:type\" content=\"article\" \/>\n\t\t<meta property=\"og:title\" content=\"2.1 inch Round LCD Display \u2013 480*480 IPS Panel RGB SPI LCD Module - Capacitive Touch Panel - Top Custom LCD, TFT, OLED Display Manufacturer &amp; Supplier in China.\" \/>\n\t\t<meta property=\"og:description\" content=\"Size: 2.1 inch round lcd display IC Driver: ST7701S Resolution: 480*480 Interface: 3SPI+18RGB Luminance: 300 cd\/m\u00b2 Touch: with touch\/ no touch\" \/>\n\t\t<meta property=\"og:url\" content=\"https:\/\/rjoytek.com\/fr\/produit\/2-ecrans-lcd-ronds-de-1-pouce\/\" \/>\n\t\t<meta property=\"og:image\" content=\"https:\/\/rjoytek.com\/wp-content\/uploads\/2024\/08\/cropped-LOGO.png\" \/>\n\t\t<meta property=\"og:image:secure_url\" content=\"https:\/\/rjoytek.com\/wp-content\/uploads\/2024\/08\/cropped-LOGO.png\" \/>\n\t\t<meta property=\"og:image:width\" content=\"512\" \/>\n\t\t<meta property=\"og:image:height\" content=\"512\" \/>\n\t\t<meta property=\"article:published_time\" content=\"2022-06-23T08:14:20+00:00\" \/>\n\t\t<meta property=\"article:modified_time\" content=\"2025-03-03T09:46:48+00:00\" \/>\n\t\t<meta property=\"article:publisher\" content=\"https:\/\/www.facebook.com\/RjoytekLCDSolution\" \/>\n\t\t<meta name=\"twitter:card\" content=\"summary_large_image\" \/>\n\t\t<meta name=\"twitter:title\" content=\"2.1 inch Round LCD Display \u2013 480*480 IPS Panel RGB SPI LCD Module - Capacitive Touch Panel - Top Custom LCD, TFT, OLED Display Manufacturer &amp; Supplier in China.\" \/>\n\t\t<meta name=\"twitter:description\" content=\"Size: 2.1 inch round lcd display IC Driver: ST7701S Resolution: 480*480 Interface: 3SPI+18RGB Luminance: 300 cd\/m\u00b2 Touch: with touch\/ no touch\" \/>\n\t\t<meta name=\"twitter:image\" content=\"https:\/\/rjoytek.com\/wp-content\/uploads\/2024\/08\/cropped-LOGO.png\" \/>\n\t\t<script type=\"application\/ld+json\" class=\"aioseo-schema\">\n\t\t\t{\"@context\":\"https:\\\/\\\/schema.org\",\"@graph\":[{\"@type\":\"BreadcrumbList\",\"@id\":\"https:\\\/\\\/rjoytek.com\\\/fr\\\/produit\\\/2-ecrans-lcd-ronds-de-1-pouce\\\/#breadcrumblist\",\"itemListElement\":[{\"@type\":\"ListItem\",\"@id\":\"https:\\\/\\\/rjoytek.com\\\/fr#listItem\",\"position\":1,\"name\":\"Home\",\"item\":\"https:\\\/\\\/rjoytek.com\\\/fr\",\"nextItem\":{\"@type\":\"ListItem\",\"@id\":\"https:\\\/\\\/rjoytek.com\\\/fr\\\/boutique\\\/#listItem\",\"name\":\"Shop\"}},{\"@type\":\"ListItem\",\"@id\":\"https:\\\/\\\/rjoytek.com\\\/fr\\\/boutique\\\/#listItem\",\"position\":2,\"name\":\"Shop\",\"item\":\"https:\\\/\\\/rjoytek.com\\\/fr\\\/boutique\\\/\",\"nextItem\":{\"@type\":\"ListItem\",\"@id\":\"https:\\\/\\\/rjoytek.com\\\/fr\\\/categorie-produit\\\/module-daffichage-lcd-tft\\\/#listItem\",\"name\":\"TFT LCD Display Module\"},\"previousItem\":{\"@type\":\"ListItem\",\"@id\":\"https:\\\/\\\/rjoytek.com\\\/fr#listItem\",\"name\":\"Home\"}},{\"@type\":\"ListItem\",\"@id\":\"https:\\\/\\\/rjoytek.com\\\/fr\\\/categorie-produit\\\/module-daffichage-lcd-tft\\\/#listItem\",\"position\":3,\"name\":\"TFT LCD Display Module\",\"item\":\"https:\\\/\\\/rjoytek.com\\\/fr\\\/categorie-produit\\\/module-daffichage-lcd-tft\\\/\",\"nextItem\":{\"@type\":\"ListItem\",\"@id\":\"https:\\\/\\\/rjoytek.com\\\/fr\\\/produit\\\/2-ecrans-lcd-ronds-de-1-pouce\\\/#listItem\",\"name\":\"2.1 inch Round LCD Display &#8211; 480*480 IPS Panel RGB SPI LCD Module\"},\"previousItem\":{\"@type\":\"ListItem\",\"@id\":\"https:\\\/\\\/rjoytek.com\\\/fr\\\/boutique\\\/#listItem\",\"name\":\"Shop\"}},{\"@type\":\"ListItem\",\"@id\":\"https:\\\/\\\/rjoytek.com\\\/fr\\\/produit\\\/2-ecrans-lcd-ronds-de-1-pouce\\\/#listItem\",\"position\":4,\"name\":\"2.1 inch Round LCD Display &#8211; 480*480 IPS Panel RGB SPI LCD Module\",\"previousItem\":{\"@type\":\"ListItem\",\"@id\":\"https:\\\/\\\/rjoytek.com\\\/fr\\\/categorie-produit\\\/module-daffichage-lcd-tft\\\/#listItem\",\"name\":\"TFT LCD Display Module\"}}]},{\"@type\":\"Organization\",\"@id\":\"https:\\\/\\\/rjoytek.com\\\/fr\\\/#organization\",\"name\":\"RJY Display\",\"description\":\"Top Custom LCD, TFT, OLED Display Manufacturer & Supplier in China.\",\"url\":\"https:\\\/\\\/rjoytek.com\\\/fr\\\/\",\"telephone\":\"+8618872893408\",\"logo\":{\"@type\":\"ImageObject\",\"url\":\"https:\\\/\\\/rjoytek.com\\\/wp-content\\\/uploads\\\/2025\\\/07\\\/LOGO1-scaled.png\",\"@id\":\"https:\\\/\\\/rjoytek.com\\\/fr\\\/produit\\\/2-ecrans-lcd-ronds-de-1-pouce\\\/#organizationLogo\",\"width\":2560,\"height\":416},\"image\":{\"@id\":\"https:\\\/\\\/rjoytek.com\\\/fr\\\/produit\\\/2-ecrans-lcd-ronds-de-1-pouce\\\/#organizationLogo\"},\"sameAs\":[\"https:\\\/\\\/www.facebook.com\\\/RjoytekLCDSolution\",\"https:\\\/\\\/www.youtube.com\\\/@lcdsolution-RJOYTEK\",\"https:\\\/\\\/www.linkedin.com\\\/company\\\/rjoytek-lcd-solution\"]},{\"@type\":\"WebPage\",\"@id\":\"https:\\\/\\\/rjoytek.com\\\/fr\\\/produit\\\/2-ecrans-lcd-ronds-de-1-pouce\\\/#webpage\",\"url\":\"https:\\\/\\\/rjoytek.com\\\/fr\\\/produit\\\/2-ecrans-lcd-ronds-de-1-pouce\\\/\",\"name\":\"2.1 inch Round LCD Display \\u2013 480*480 IPS Panel RGB SPI LCD Module - Capacitive Touch Panel - Top Custom LCD, TFT, OLED Display Manufacturer & Supplier in China.\",\"description\":\"Size: 2.1 inch round lcd display IC Driver: ST7701S Resolution: 480*480 Interface: 3SPI+18RGB Luminance: 300 cd\\\/m\\u00b2 Touch: with touch\\\/ no touch\",\"inLanguage\":\"fr-FR\",\"isPartOf\":{\"@id\":\"https:\\\/\\\/rjoytek.com\\\/fr\\\/#website\"},\"breadcrumb\":{\"@id\":\"https:\\\/\\\/rjoytek.com\\\/fr\\\/produit\\\/2-ecrans-lcd-ronds-de-1-pouce\\\/#breadcrumblist\"},\"image\":{\"@type\":\"ImageObject\",\"url\":\"https:\\\/\\\/rjoytek.com\\\/wp-content\\\/uploads\\\/2022\\\/06\\\/2.1inch-round-lcd-module.jpg\",\"@id\":\"https:\\\/\\\/rjoytek.com\\\/fr\\\/produit\\\/2-ecrans-lcd-ronds-de-1-pouce\\\/#mainImage\",\"width\":800,\"height\":800},\"primaryImageOfPage\":{\"@id\":\"https:\\\/\\\/rjoytek.com\\\/fr\\\/produit\\\/2-ecrans-lcd-ronds-de-1-pouce\\\/#mainImage\"},\"datePublished\":\"2022-06-23T08:14:20+00:00\",\"dateModified\":\"2025-03-03T09:46:48+00:00\"},{\"@type\":\"WebSite\",\"@id\":\"https:\\\/\\\/rjoytek.com\\\/fr\\\/#website\",\"url\":\"https:\\\/\\\/rjoytek.com\\\/fr\\\/\",\"name\":\"RJY Display\",\"description\":\"Top Custom LCD, TFT, OLED Display Manufacturer & Supplier in China.\",\"inLanguage\":\"fr-FR\",\"publisher\":{\"@id\":\"https:\\\/\\\/rjoytek.com\\\/fr\\\/#organization\"}}]}\n\t\t<\/script>\n\t\t<!-- All in One SEO Pro -->\r\n\t\t<title>2.1 inch Round LCD Display \u2013 480*480 IPS Panel RGB SPI LCD Module - Capacitive Touch Panel - Top Custom LCD, TFT, OLED Display Manufacturer &amp; Supplier in China.<\/title>\n\n","aioseo_head_json":{"title":"\u00c9cran LCD rond de 2,1 pouces \u2013 Panneau IPS 480*480 Module LCD SPI RVB \u2013 Panneau tactile capacitif \u2013 Fabricant et fournisseur chinois de premier plan pour \u00e9crans LCD, TFT, OLED sur mesure.","description":"Taille : Affichage LCD rond de 2,1 pouces","canonical_url":"https:\/\/rjoytek.com\/fr\/produit\/2-ecrans-lcd-ronds-de-1-pouce\/","robots":"max-image-preview:large","keywords":"","webmasterTools":{"miscellaneous":""},"schema":{"@context":"https:\/\/schema.org","@graph":[{"@type":"BreadcrumbList","@id":"https:\/\/rjoytek.com\/fr\/produit\/2-ecrans-lcd-ronds-de-1-pouce\/#breadcrumblist","itemListElement":[{"@type":"ListItem","@id":"https:\/\/rjoytek.com\/fr#listItem","position":1,"name":"Home","item":"https:\/\/rjoytek.com\/fr","nextItem":{"@type":"ListItem","@id":"https:\/\/rjoytek.com\/fr\/boutique\/#listItem","name":"Shop"}},{"@type":"ListItem","@id":"https:\/\/rjoytek.com\/fr\/boutique\/#listItem","position":2,"name":"Shop","item":"https:\/\/rjoytek.com\/fr\/boutique\/","nextItem":{"@type":"ListItem","@id":"https:\/\/rjoytek.com\/fr\/categorie-produit\/module-daffichage-lcd-tft\/#listItem","name":"TFT LCD Display Module"},"previousItem":{"@type":"ListItem","@id":"https:\/\/rjoytek.com\/fr#listItem","name":"Home"}},{"@type":"ListItem","@id":"https:\/\/rjoytek.com\/fr\/categorie-produit\/module-daffichage-lcd-tft\/#listItem","position":3,"name":"TFT LCD Display Module","item":"https:\/\/rjoytek.com\/fr\/categorie-produit\/module-daffichage-lcd-tft\/","nextItem":{"@type":"ListItem","@id":"https:\/\/rjoytek.com\/fr\/produit\/2-ecrans-lcd-ronds-de-1-pouce\/#listItem","name":"2.1 inch Round LCD Display &#8211; 480*480 IPS Panel RGB SPI LCD Module"},"previousItem":{"@type":"ListItem","@id":"https:\/\/rjoytek.com\/fr\/boutique\/#listItem","name":"Shop"}},{"@type":"ListItem","@id":"https:\/\/rjoytek.com\/fr\/produit\/2-ecrans-lcd-ronds-de-1-pouce\/#listItem","position":4,"name":"2.1 inch Round LCD Display &#8211; 480*480 IPS Panel RGB SPI LCD Module","previousItem":{"@type":"ListItem","@id":"https:\/\/rjoytek.com\/fr\/categorie-produit\/module-daffichage-lcd-tft\/#listItem","name":"TFT LCD Display Module"}}]},{"@type":"Organization","@id":"https:\/\/rjoytek.com\/fr\/#organization","name":"RJY Display","description":"Top Custom LCD, TFT, OLED Display Manufacturer & Supplier in China.","url":"https:\/\/rjoytek.com\/fr\/","telephone":"+8618872893408","logo":{"@type":"ImageObject","url":"https:\/\/rjoytek.com\/wp-content\/uploads\/2025\/07\/LOGO1-scaled.png","@id":"https:\/\/rjoytek.com\/fr\/produit\/2-ecrans-lcd-ronds-de-1-pouce\/#organizationLogo","width":2560,"height":416},"image":{"@id":"https:\/\/rjoytek.com\/fr\/produit\/2-ecrans-lcd-ronds-de-1-pouce\/#organizationLogo"},"sameAs":["https:\/\/www.facebook.com\/RjoytekLCDSolution","https:\/\/www.youtube.com\/@lcdsolution-RJOYTEK","https:\/\/www.linkedin.com\/company\/rjoytek-lcd-solution"]},{"@type":"WebPage","@id":"https:\/\/rjoytek.com\/fr\/produit\/2-ecrans-lcd-ronds-de-1-pouce\/#webpage","url":"https:\/\/rjoytek.com\/fr\/produit\/2-ecrans-lcd-ronds-de-1-pouce\/","name":"2.1 inch Round LCD Display \u2013 480*480 IPS Panel RGB SPI LCD Module - Capacitive Touch Panel - Top Custom LCD, TFT, OLED Display Manufacturer & Supplier in China.","description":"Size: 2.1 inch round lcd display IC Driver: ST7701S Resolution: 480*480 Interface: 3SPI+18RGB Luminance: 300 cd\/m\u00b2 Touch: with touch\/ no touch","inLanguage":"fr-FR","isPartOf":{"@id":"https:\/\/rjoytek.com\/fr\/#website"},"breadcrumb":{"@id":"https:\/\/rjoytek.com\/fr\/produit\/2-ecrans-lcd-ronds-de-1-pouce\/#breadcrumblist"},"image":{"@type":"ImageObject","url":"https:\/\/rjoytek.com\/wp-content\/uploads\/2022\/06\/2.1inch-round-lcd-module.jpg","@id":"https:\/\/rjoytek.com\/fr\/produit\/2-ecrans-lcd-ronds-de-1-pouce\/#mainImage","width":800,"height":800},"primaryImageOfPage":{"@id":"https:\/\/rjoytek.com\/fr\/produit\/2-ecrans-lcd-ronds-de-1-pouce\/#mainImage"},"datePublished":"2022-06-23T08:14:20+00:00","dateModified":"2025-03-03T09:46:48+00:00"},{"@type":"WebSite","@id":"https:\/\/rjoytek.com\/fr\/#website","url":"https:\/\/rjoytek.com\/fr\/","name":"RJY Display","description":"Top Custom LCD, TFT, OLED Display Manufacturer & Supplier in China.","inLanguage":"fr-FR","publisher":{"@id":"https:\/\/rjoytek.com\/fr\/#organization"}}]},"og:locale":"fr_FR","og:site_name":"RJY Display - Top Custom LCD, TFT, OLED Display Manufacturer &amp; Supplier in China.","og:type":"article","og:title":"2.1 inch Round LCD Display \u2013 480*480 IPS Panel RGB SPI LCD Module - Capacitive Touch Panel - Top Custom LCD, TFT, OLED Display Manufacturer &amp; Supplier in China.","og:description":"Size: 2.1 inch round lcd display IC Driver: ST7701S Resolution: 480*480 Interface: 3SPI+18RGB Luminance: 300 cd\/m\u00b2 Touch: with touch\/ no touch","og:url":"https:\/\/rjoytek.com\/fr\/produit\/2-ecrans-lcd-ronds-de-1-pouce\/","og:image":"https:\/\/rjoytek.com\/wp-content\/uploads\/2024\/08\/cropped-LOGO.png","og:image:secure_url":"https:\/\/rjoytek.com\/wp-content\/uploads\/2024\/08\/cropped-LOGO.png","og:image:width":512,"og:image:height":512,"article:published_time":"2022-06-23T08:14:20+00:00","article:modified_time":"2025-03-03T09:46:48+00:00","article:publisher":"https:\/\/www.facebook.com\/RjoytekLCDSolution","twitter:card":"summary_large_image","twitter:title":"2.1 inch Round LCD Display \u2013 480*480 IPS Panel RGB SPI LCD Module - Capacitive Touch Panel - Top Custom LCD, TFT, OLED Display Manufacturer &amp; Supplier in China.","twitter:description":"Size: 2.1 inch round lcd display IC Driver: ST7701S Resolution: 480*480 Interface: 3SPI+18RGB Luminance: 300 cd\/m\u00b2 Touch: with touch\/ no touch","twitter:image":"https:\/\/rjoytek.com\/wp-content\/uploads\/2024\/08\/cropped-LOGO.png"},"aioseo_meta_data":{"post_id":"6768","title":null,"description":null,"keywords":null,"keyphrases":null,"canonical_url":null,"og_title":null,"og_description":null,"og_object_type":"default","og_image_type":"default","og_image_custom_url":null,"og_image_custom_fields":null,"og_custom_image_width":null,"og_custom_image_height":null,"og_video":null,"og_custom_url":null,"og_article_section":null,"og_article_tags":null,"twitter_use_og":true,"twitter_card":"default","twitter_image_type":"default","twitter_image_custom_url":null,"twitter_image_custom_fields":null,"twitter_title":null,"twitter_description":null,"schema_type":null,"schema_type_options":null,"pillar_content":false,"robots_default":true,"robots_noindex":false,"robots_noarchive":false,"robots_nosnippet":false,"robots_nofollow":false,"robots_noimageindex":false,"robots_noodp":false,"robots_notranslate":false,"robots_max_snippet":null,"robots_max_videopreview":null,"robots_max_imagepreview":"none","tabs":null,"priority":null,"frequency":null,"local_seo":null,"created":"2026-03-20 03:53:49","updated":"2026-04-26 13:45:57"},"aioseo_breadcrumb":"<div class=\"aioseo-breadcrumbs\"><span class=\"aioseo-breadcrumb\">\n\t<a href=\"https:\/\/rjoytek.com\/fr\" title=\"Home\">Home<\/a>\n<\/span><span class=\"aioseo-breadcrumb-separator\">\u00bb<\/span><span class=\"aioseo-breadcrumb\">\n\t<a href=\"https:\/\/rjoytek.com\/fr\/boutique\/\" title=\"Shop\">Shop<\/a>\n<\/span><span class=\"aioseo-breadcrumb-separator\">\u00bb<\/span><span class=\"aioseo-breadcrumb\">\n\t<a href=\"https:\/\/rjoytek.com\/fr\/categorie-produit\/module-daffichage-lcd-tft\/\" title=\"TFT LCD Display Module\">TFT LCD Display Module<\/a>\n<\/span><span class=\"aioseo-breadcrumb-separator\">\u00bb<\/span><span class=\"aioseo-breadcrumb\">\n\t2.1 inch Round LCD Display \u2013 480*480 IPS Panel RGB SPI LCD Module\n<\/span><\/div>","aioseo_breadcrumb_json":[{"label":"Home","link":"https:\/\/rjoytek.com\/fr"},{"label":"Shop","link":"https:\/\/rjoytek.com\/fr\/boutique\/"},{"label":"TFT LCD Display Module","link":"https:\/\/rjoytek.com\/fr\/categorie-produit\/module-daffichage-lcd-tft\/"},{"label":"2.1 inch Round LCD Display &#8211; 480*480 IPS Panel RGB SPI LCD Module","link":"https:\/\/rjoytek.com\/fr\/produit\/2-ecrans-lcd-ronds-de-1-pouce\/"}],"_links":{"self":[{"href":"https:\/\/rjoytek.com\/fr\/wp-json\/wp\/v2\/product\/6768","targetHints":{"allow":["GET"]}}],"collection":[{"href":"https:\/\/rjoytek.com\/fr\/wp-json\/wp\/v2\/product"}],"about":[{"href":"https:\/\/rjoytek.com\/fr\/wp-json\/wp\/v2\/types\/product"}],"wp:featuredmedia":[{"embeddable":true,"href":"https:\/\/rjoytek.com\/fr\/wp-json\/wp\/v2\/media\/6771"}],"wp:attachment":[{"href":"https:\/\/rjoytek.com\/fr\/wp-json\/wp\/v2\/media?parent=6768"}],"wp:term":[{"taxonomy":"product_cat","embeddable":true,"href":"https:\/\/rjoytek.com\/fr\/wp-json\/wp\/v2\/product_cat?post=6768"},{"taxonomy":"product_tag","embeddable":true,"href":"https:\/\/rjoytek.com\/fr\/wp-json\/wp\/v2\/product_tag?post=6768"}],"curies":[{"name":"wp","href":"https:\/\/api.w.org\/{rel}","templated":true}]}}