{"id":6684,"date":"2022-06-22T09:32:57","date_gmt":"2022-06-22T09:32:57","guid":{"rendered":"https:\/\/rjoytek.com\/?post_type=product&#038;p=6684"},"modified":"2022-10-31T05:53:55","modified_gmt":"2022-10-31T05:53:55","slug":"module-daffichage-lcd-a-barres-rjoytek-petit-format-458-pouces-320x960-tft","status":"publish","type":"product","link":"https:\/\/rjoytek.com\/fr\/produit\/module-daffichage-lcd-a-barres-rjoytek-petit-format-458-pouces-320x960-tft\/","title":{"rendered":"Module d'affichage \u00e0 barre LCD petit format RJOYTEK 4,58 pouces 320*960 TFT \u00e0 barre LCD"},"content":{"rendered":"<p style=\"text-align: justify\">Cet \u00e9cran LCD \u00e0 barre \u00e9tir\u00e9e mesure 4,58 pouces (ou 4,6 pouces), avec une r\u00e9solution de 320*960. Il est couramment utilis\u00e9 dans les fours, micro-ondes ou r\u00e9frig\u00e9rateurs comme \u00e9cran d'affichage color\u00e9 pour aliments, ou int\u00e9gr\u00e9 \u00e0 un panneau de contr\u00f4le tactile. Il s'agit d'un panneau d'affichage TFT transmettif avec interface SPI+RGB.<\/p>\n<p style=\"text-align: justify\">Configuration flexible des cartes de contr\u00f4le ou cartes d'adaptation avec diverses interfaces, multiples options tactiles (RTP, CTP, tactile simple ou multipoint), traitement de surface avec duret\u00e9 et verre protecteur pouvant \u00eatre personnalis\u00e9s selon vos besoins. Pour toute question, veuillez nous consulter rapidement.<\/p>\n<table style=\"width: 100%;border-collapse: collapse;border-style: solid;border-color: #deded9\">\n<tbody>\n<tr>\n<td style=\"width: 50%\">Mod\u00e8le<\/td>\n<td style=\"width: 50%\">YX45010A<\/td>\n<\/tr>\n<tr>\n<td style=\"width: 50%\">Taille<\/td>\n<td style=\"width: 50%\">Affichage LCD \u00e0 barre de 4,58 pouces<\/td>\n<\/tr>\n<tr>\n<td style=\"width: 50%\">Type d'\u00e9cran LCD<\/td>\n<td style=\"width: 50%\">TFT-LCD \/ TRANSMISSIF<\/td>\n<\/tr>\n<tr>\n<td style=\"width: 50%\">Nombre de points<\/td>\n<td style=\"width: 50%\">320(RGB)*960<\/td>\n<\/tr>\n<tr>\n<td style=\"width: 50%\">Dimensions externes<\/td>\n<td style=\"width: 50%\">40,37(L)*117,9(H)*2,08(P)<\/td>\n<\/tr>\n<tr>\n<td style=\"width: 50%\">Zone active<\/td>\n<td style=\"width: 50%\">36,77(L)*110,3(H)<\/td>\n<\/tr>\n<tr>\n<td style=\"width: 50%\">Direction de visualisation<\/td>\n<td style=\"width: 50%\">TOUT<\/td>\n<\/tr>\n<tr>\n<td style=\"width: 50%\">Type de r\u00e9tro\u00e9clairage<\/td>\n<td style=\"width: 50%\">LED blanche<\/td>\n<\/tr>\n<tr>\n<td style=\"width: 50%\">Circuit pilote LCD<\/td>\n<td style=\"width: 50%\">ST7701S<\/td>\n<\/tr>\n<tr>\n<td style=\"width: 50%\">Type d'interface<\/td>\n<td style=\"width: 50%\">Interface 3SPI+RGB18BIT<\/td>\n<\/tr>\n<\/tbody>\n<\/table>\n<p>&nbsp;<\/p>\n<p>&nbsp;<\/p>\n<p><img fetchpriority=\"high\" decoding=\"async\" class=\"wp-image-6685 size-full\" src=\"https:\/\/rjoytek.com\/wp-content\/uploads\/2022\/06\/4.58-INCH-LCD-MODULE-SPECIFICATION.jpg\" alt=\"\" width=\"1500\" height=\"850\" srcset=\"https:\/\/rjoytek.com\/wp-content\/uploads\/2022\/06\/4.58-INCH-LCD-MODULE-SPECIFICATION.jpg 1500w, https:\/\/rjoytek.com\/wp-content\/uploads\/2022\/06\/4.58-INCH-LCD-MODULE-SPECIFICATION-1000x567.jpg 1000w, https:\/\/rjoytek.com\/wp-content\/uploads\/2022\/06\/4.58-INCH-LCD-MODULE-SPECIFICATION-300x170.jpg 300w, https:\/\/rjoytek.com\/wp-content\/uploads\/2022\/06\/4.58-INCH-LCD-MODULE-SPECIFICATION-1024x580.jpg 1024w, https:\/\/rjoytek.com\/wp-content\/uploads\/2022\/06\/4.58-INCH-LCD-MODULE-SPECIFICATION-600x340.jpg 600w\" sizes=\"(max-width: 1500px) 100vw, 1500px\" \/><\/p>\n<p><img decoding=\"async\" class=\"size-full wp-image-7320 aligncenter\" src=\"https:\/\/rjoytek.com\/wp-content\/uploads\/2022\/08\/RJOYTEK-certification.jpg\" alt=\"Certification RJOYTEK\" width=\"1920\" height=\"1326\" srcset=\"https:\/\/rjoytek.com\/wp-content\/uploads\/2022\/08\/RJOYTEK-certification.jpg 1920w, https:\/\/rjoytek.com\/wp-content\/uploads\/2022\/08\/RJOYTEK-certification-1000x691.jpg 1000w, https:\/\/rjoytek.com\/wp-content\/uploads\/2022\/08\/RJOYTEK-certification-300x207.jpg 300w, https:\/\/rjoytek.com\/wp-content\/uploads\/2022\/08\/RJOYTEK-certification-1024x707.jpg 1024w, https:\/\/rjoytek.com\/wp-content\/uploads\/2022\/08\/RJOYTEK-certification-1536x1061.jpg 1536w, https:\/\/rjoytek.com\/wp-content\/uploads\/2022\/08\/RJOYTEK-certification-600x414.jpg 600w\" sizes=\"(max-width: 1920px) 100vw, 1920px\" \/><\/p>\n<p><img decoding=\"async\" class=\"alignnone size-full wp-image-7149\" src=\"https:\/\/rjoytek.com\/wp-content\/uploads\/2022\/08\/rjoytek-factory-show.jpg\" alt=\"Pr\u00e9sentation de l&#039;usine Rjoytek\" width=\"1500\" height=\"984\" srcset=\"https:\/\/rjoytek.com\/wp-content\/uploads\/2022\/08\/rjoytek-factory-show.jpg 1500w, https:\/\/rjoytek.com\/wp-content\/uploads\/2022\/08\/rjoytek-factory-show-1000x656.jpg 1000w, https:\/\/rjoytek.com\/wp-content\/uploads\/2022\/08\/rjoytek-factory-show-300x197.jpg 300w, https:\/\/rjoytek.com\/wp-content\/uploads\/2022\/08\/rjoytek-factory-show-1024x672.jpg 1024w, https:\/\/rjoytek.com\/wp-content\/uploads\/2022\/08\/rjoytek-factory-show-600x394.jpg 600w\" sizes=\"(max-width: 1500px) 100vw, 1500px\" \/><\/p>","protected":false},"excerpt":{"rendered":"<p>Taille : Affichage LCD de 4,58 pouces<br \/>\nR\u00e9solution : 320*960<br \/>\nInterface : SPI+RGB<\/p>\n<p>&nbsp;<\/p>","protected":false},"featured_media":6686,"template":"","meta":{"_acf_changed":false,"site-sidebar-layout":"default","site-content-layout":"","ast-site-content-layout":"default","site-content-style":"default","site-sidebar-style":"default","ast-global-header-display":"","ast-banner-title-visibility":"","ast-main-header-display":"","ast-hfb-above-header-display":"","ast-hfb-below-header-display":"","ast-hfb-mobile-header-display":"","site-post-title":"","ast-breadcrumbs-content":"","ast-featured-img":"","footer-sml-layout":"","ast-disable-related-posts":"","theme-transparent-header-meta":"","adv-header-id-meta":"","stick-header-meta":"","header-above-stick-meta":"","header-main-stick-meta":"","header-below-stick-meta":"","astra-migrate-meta-layouts":"default","ast-page-background-enabled":"default","ast-page-background-meta":{"desktop":{"background-color":"var(--ast-global-color-5)","background-image":"","background-repeat":"repeat","background-position":"center center","background-size":"auto","background-attachment":"scroll","background-type":"","background-media":"","overlay-type":"","overlay-color":"","overlay-opacity":"","overlay-gradient":""},"tablet":{"background-color":"","background-image":"","background-repeat":"repeat","background-position":"center center","background-size":"auto","background-attachment":"scroll","background-type":"","background-media":"","overlay-type":"","overlay-color":"","overlay-opacity":"","overlay-gradient":""},"mobile":{"background-color":"","background-image":"","background-repeat":"repeat","background-position":"center center","background-size":"auto","background-attachment":"scroll","background-type":"","background-media":"","overlay-type":"","overlay-color":"","overlay-opacity":"","overlay-gradient":""}},"ast-content-background-meta":{"desktop":{"background-color":"var(--ast-global-color-4)","background-image":"","background-repeat":"repeat","background-position":"center center","background-size":"auto","background-attachment":"scroll","background-type":"","background-media":"","overlay-type":"","overlay-color":"","overlay-opacity":"","overlay-gradient":""},"tablet":{"background-color":"var(--ast-global-color-4)","background-image":"","background-repeat":"repeat","background-position":"center center","background-size":"auto","background-attachment":"scroll","background-type":"","background-media":"","overlay-type":"","overlay-color":"","overlay-opacity":"","overlay-gradient":""},"mobile":{"background-color":"var(--ast-global-color-4)","background-image":"","background-repeat":"repeat","background-position":"center center","background-size":"auto","background-attachment":"scroll","background-type":"","background-media":"","overlay-type":"","overlay-color":"","overlay-opacity":"","overlay-gradient":""}}},"product_cat":[127,15],"product_tag":[132],"class_list":{"0":"post-6684","1":"product","2":"type-product","3":"status-publish","4":"has-post-thumbnail","6":"product_cat-bar-lcd-display","7":"product_cat-tft-lcd-display-module","8":"product_tag-bar-lcd-display","9":"desktop-align-left","10":"tablet-align-left","11":"mobile-align-left","12":"ast-product-gallery-layout-horizontal-slider","13":"ast-magnify-disabled","14":"ast-qv-on-image","16":"first","17":"instock","18":"shipping-taxable","19":"product-type-simple"},"acf":[],"aioseo_notices":[],"aioseo_head":"\n\t\t<!-- All in One SEO Pro 4.8.3.2 - aioseo.com -->\n\t<meta name=\"description\" content=\"Size: 4.58 inch lcd display Resolution: 320*960 Interface: SPI+RGB\" \/>\n\t<meta name=\"robots\" content=\"max-image-preview:large\" \/>\n\t<link rel=\"canonical\" href=\"https:\/\/rjoytek.com\/fr\/produit\/module-daffichage-lcd-a-barres-rjoytek-petit-format-458-pouces-320x960-tft\/\" \/>\n\t<meta name=\"generator\" content=\"All in One SEO Pro (AIOSEO) 4.8.3.2\" \/>\n\t\t<meta property=\"og:locale\" content=\"fr_FR\" \/>\n\t\t<meta property=\"og:site_name\" content=\"RJY Display - Top Custom LCD, TFT, OLED Display Manufacturer &amp; Supplier in China.\" \/>\n\t\t<meta property=\"og:type\" content=\"article\" \/>\n\t\t<meta property=\"og:title\" content=\"RJOYTEK Small Bar LCD 4.58 inch 320*960 TFT Bar LCD Display Module - Bar LCD Display - Top Custom LCD, TFT, OLED Display Manufacturer &amp; Supplier in China.\" \/>\n\t\t<meta property=\"og:description\" content=\"Size: 4.58 inch lcd display Resolution: 320*960 Interface: SPI+RGB\" \/>\n\t\t<meta property=\"og:url\" content=\"https:\/\/rjoytek.com\/fr\/produit\/module-daffichage-lcd-a-barres-rjoytek-petit-format-458-pouces-320x960-tft\/\" \/>\n\t\t<meta property=\"og:image\" content=\"https:\/\/rjoytek.com\/wp-content\/uploads\/2024\/08\/cropped-LOGO.png\" \/>\n\t\t<meta property=\"og:image:secure_url\" content=\"https:\/\/rjoytek.com\/wp-content\/uploads\/2024\/08\/cropped-LOGO.png\" \/>\n\t\t<meta property=\"og:image:width\" content=\"512\" \/>\n\t\t<meta property=\"og:image:height\" content=\"512\" \/>\n\t\t<meta property=\"article:published_time\" content=\"2022-06-22T09:32:57+00:00\" \/>\n\t\t<meta property=\"article:modified_time\" content=\"2022-10-31T05:53:55+00:00\" \/>\n\t\t<meta property=\"article:publisher\" content=\"https:\/\/www.facebook.com\/RjoytekLCDSolution\" \/>\n\t\t<meta name=\"twitter:card\" content=\"summary_large_image\" \/>\n\t\t<meta name=\"twitter:title\" content=\"RJOYTEK Small Bar LCD 4.58 inch 320*960 TFT Bar LCD Display Module - Bar LCD Display - Top Custom LCD, TFT, OLED Display Manufacturer &amp; Supplier in China.\" \/>\n\t\t<meta name=\"twitter:description\" content=\"Size: 4.58 inch lcd display Resolution: 320*960 Interface: SPI+RGB\" \/>\n\t\t<meta name=\"twitter:image\" content=\"https:\/\/rjoytek.com\/wp-content\/uploads\/2024\/08\/cropped-LOGO.png\" \/>\n\t\t<script type=\"application\/ld+json\" class=\"aioseo-schema\">\n\t\t\t{\"@context\":\"https:\\\/\\\/schema.org\",\"@graph\":[{\"@type\":\"BreadcrumbList\",\"@id\":\"https:\\\/\\\/rjoytek.com\\\/fr\\\/produit\\\/module-daffichage-lcd-a-barres-rjoytek-petit-format-458-pouces-320x960-tft\\\/#breadcrumblist\",\"itemListElement\":[{\"@type\":\"ListItem\",\"@id\":\"https:\\\/\\\/rjoytek.com\\\/fr#listItem\",\"position\":1,\"name\":\"Home\",\"item\":\"https:\\\/\\\/rjoytek.com\\\/fr\",\"nextItem\":{\"@type\":\"ListItem\",\"@id\":\"https:\\\/\\\/rjoytek.com\\\/fr\\\/boutique\\\/#listItem\",\"name\":\"Shop\"}},{\"@type\":\"ListItem\",\"@id\":\"https:\\\/\\\/rjoytek.com\\\/fr\\\/boutique\\\/#listItem\",\"position\":2,\"name\":\"Shop\",\"item\":\"https:\\\/\\\/rjoytek.com\\\/fr\\\/boutique\\\/\",\"nextItem\":{\"@type\":\"ListItem\",\"@id\":\"https:\\\/\\\/rjoytek.com\\\/fr\\\/categorie-produit\\\/module-daffichage-lcd-tft\\\/#listItem\",\"name\":\"TFT LCD Display Module\"},\"previousItem\":{\"@type\":\"ListItem\",\"@id\":\"https:\\\/\\\/rjoytek.com\\\/fr#listItem\",\"name\":\"Home\"}},{\"@type\":\"ListItem\",\"@id\":\"https:\\\/\\\/rjoytek.com\\\/fr\\\/categorie-produit\\\/module-daffichage-lcd-tft\\\/#listItem\",\"position\":3,\"name\":\"TFT LCD Display Module\",\"item\":\"https:\\\/\\\/rjoytek.com\\\/fr\\\/categorie-produit\\\/module-daffichage-lcd-tft\\\/\",\"nextItem\":{\"@type\":\"ListItem\",\"@id\":\"https:\\\/\\\/rjoytek.com\\\/fr\\\/produit\\\/module-daffichage-lcd-a-barres-rjoytek-petit-format-458-pouces-320x960-tft\\\/#listItem\",\"name\":\"RJOYTEK Small Bar LCD 4.58 inch 320*960 TFT Bar LCD Display Module\"},\"previousItem\":{\"@type\":\"ListItem\",\"@id\":\"https:\\\/\\\/rjoytek.com\\\/fr\\\/boutique\\\/#listItem\",\"name\":\"Shop\"}},{\"@type\":\"ListItem\",\"@id\":\"https:\\\/\\\/rjoytek.com\\\/fr\\\/produit\\\/module-daffichage-lcd-a-barres-rjoytek-petit-format-458-pouces-320x960-tft\\\/#listItem\",\"position\":4,\"name\":\"RJOYTEK Small Bar LCD 4.58 inch 320*960 TFT Bar LCD Display Module\",\"previousItem\":{\"@type\":\"ListItem\",\"@id\":\"https:\\\/\\\/rjoytek.com\\\/fr\\\/categorie-produit\\\/module-daffichage-lcd-tft\\\/#listItem\",\"name\":\"TFT LCD Display Module\"}}]},{\"@type\":\"Organization\",\"@id\":\"https:\\\/\\\/rjoytek.com\\\/fr\\\/#organization\",\"name\":\"RJY Display\",\"description\":\"Top Custom LCD, TFT, OLED Display Manufacturer & Supplier in China.\",\"url\":\"https:\\\/\\\/rjoytek.com\\\/fr\\\/\",\"telephone\":\"+8618872893408\",\"logo\":{\"@type\":\"ImageObject\",\"url\":\"https:\\\/\\\/rjoytek.com\\\/wp-content\\\/uploads\\\/2025\\\/07\\\/LOGO1-scaled.png\",\"@id\":\"https:\\\/\\\/rjoytek.com\\\/fr\\\/produit\\\/module-daffichage-lcd-a-barres-rjoytek-petit-format-458-pouces-320x960-tft\\\/#organizationLogo\",\"width\":2560,\"height\":416},\"image\":{\"@id\":\"https:\\\/\\\/rjoytek.com\\\/fr\\\/produit\\\/module-daffichage-lcd-a-barres-rjoytek-petit-format-458-pouces-320x960-tft\\\/#organizationLogo\"},\"sameAs\":[\"https:\\\/\\\/www.facebook.com\\\/RjoytekLCDSolution\",\"https:\\\/\\\/www.youtube.com\\\/@lcdsolution-RJOYTEK\",\"https:\\\/\\\/www.linkedin.com\\\/company\\\/rjoytek-lcd-solution\"]},{\"@type\":\"WebPage\",\"@id\":\"https:\\\/\\\/rjoytek.com\\\/fr\\\/produit\\\/module-daffichage-lcd-a-barres-rjoytek-petit-format-458-pouces-320x960-tft\\\/#webpage\",\"url\":\"https:\\\/\\\/rjoytek.com\\\/fr\\\/produit\\\/module-daffichage-lcd-a-barres-rjoytek-petit-format-458-pouces-320x960-tft\\\/\",\"name\":\"RJOYTEK Small Bar LCD 4.58 inch 320*960 TFT Bar LCD Display Module - Bar LCD Display - Top Custom LCD, TFT, OLED Display Manufacturer & Supplier in China.\",\"description\":\"Size: 4.58 inch lcd display Resolution: 320*960 Interface: SPI+RGB\",\"inLanguage\":\"fr-FR\",\"isPartOf\":{\"@id\":\"https:\\\/\\\/rjoytek.com\\\/fr\\\/#website\"},\"breadcrumb\":{\"@id\":\"https:\\\/\\\/rjoytek.com\\\/fr\\\/produit\\\/module-daffichage-lcd-a-barres-rjoytek-petit-format-458-pouces-320x960-tft\\\/#breadcrumblist\"},\"image\":{\"@type\":\"ImageObject\",\"url\":\"https:\\\/\\\/rjoytek.com\\\/wp-content\\\/uploads\\\/2022\\\/06\\\/1-5.jpg\",\"@id\":\"https:\\\/\\\/rjoytek.com\\\/fr\\\/produit\\\/module-daffichage-lcd-a-barres-rjoytek-petit-format-458-pouces-320x960-tft\\\/#mainImage\",\"width\":2268,\"height\":2268},\"primaryImageOfPage\":{\"@id\":\"https:\\\/\\\/rjoytek.com\\\/fr\\\/produit\\\/module-daffichage-lcd-a-barres-rjoytek-petit-format-458-pouces-320x960-tft\\\/#mainImage\"},\"datePublished\":\"2022-06-22T09:32:57+00:00\",\"dateModified\":\"2022-10-31T05:53:55+00:00\"},{\"@type\":\"WebSite\",\"@id\":\"https:\\\/\\\/rjoytek.com\\\/fr\\\/#website\",\"url\":\"https:\\\/\\\/rjoytek.com\\\/fr\\\/\",\"name\":\"RJY Display\",\"description\":\"Top Custom LCD, TFT, OLED Display Manufacturer & Supplier in China.\",\"inLanguage\":\"fr-FR\",\"publisher\":{\"@id\":\"https:\\\/\\\/rjoytek.com\\\/fr\\\/#organization\"}}]}\n\t\t<\/script>\n\t\t<!-- All in One SEO Pro -->\r\n\t\t<title>RJOYTEK Small Bar LCD 4.58 inch 320*960 TFT Bar LCD Display Module - Bar LCD Display - Top Custom LCD, TFT, OLED Display Manufacturer &amp; Supplier in China.<\/title>\n\n","aioseo_head_json":{"title":"RJOYTEK Petit \u00e9cran \u00e0 barres LCD 4,58 pouces 320*960 Module d'affichage TFT \u00e0 barres LCD - \u00c9cran \u00e0 barres LCD - Fabricant et fournisseur leader en Chine d'\u00e9crans LCD, TFT et OLED sur mesure.","description":"Taille : \u00c9cran LCD de 4,58 pouces","canonical_url":"https:\/\/rjoytek.com\/fr\/produit\/module-daffichage-lcd-a-barres-rjoytek-petit-format-458-pouces-320x960-tft\/","robots":"max-image-preview:large","keywords":"","webmasterTools":{"miscellaneous":""},"schema":{"@context":"https:\/\/schema.org","@graph":[{"@type":"BreadcrumbList","@id":"https:\/\/rjoytek.com\/fr\/produit\/module-daffichage-lcd-a-barres-rjoytek-petit-format-458-pouces-320x960-tft\/#breadcrumblist","itemListElement":[{"@type":"ListItem","@id":"https:\/\/rjoytek.com\/fr#listItem","position":1,"name":"Home","item":"https:\/\/rjoytek.com\/fr","nextItem":{"@type":"ListItem","@id":"https:\/\/rjoytek.com\/fr\/boutique\/#listItem","name":"Shop"}},{"@type":"ListItem","@id":"https:\/\/rjoytek.com\/fr\/boutique\/#listItem","position":2,"name":"Shop","item":"https:\/\/rjoytek.com\/fr\/boutique\/","nextItem":{"@type":"ListItem","@id":"https:\/\/rjoytek.com\/fr\/categorie-produit\/module-daffichage-lcd-tft\/#listItem","name":"TFT LCD Display Module"},"previousItem":{"@type":"ListItem","@id":"https:\/\/rjoytek.com\/fr#listItem","name":"Home"}},{"@type":"ListItem","@id":"https:\/\/rjoytek.com\/fr\/categorie-produit\/module-daffichage-lcd-tft\/#listItem","position":3,"name":"TFT LCD Display Module","item":"https:\/\/rjoytek.com\/fr\/categorie-produit\/module-daffichage-lcd-tft\/","nextItem":{"@type":"ListItem","@id":"https:\/\/rjoytek.com\/fr\/produit\/module-daffichage-lcd-a-barres-rjoytek-petit-format-458-pouces-320x960-tft\/#listItem","name":"RJOYTEK Small Bar LCD 4.58 inch 320*960 TFT Bar LCD Display Module"},"previousItem":{"@type":"ListItem","@id":"https:\/\/rjoytek.com\/fr\/boutique\/#listItem","name":"Shop"}},{"@type":"ListItem","@id":"https:\/\/rjoytek.com\/fr\/produit\/module-daffichage-lcd-a-barres-rjoytek-petit-format-458-pouces-320x960-tft\/#listItem","position":4,"name":"RJOYTEK Small Bar LCD 4.58 inch 320*960 TFT Bar LCD Display Module","previousItem":{"@type":"ListItem","@id":"https:\/\/rjoytek.com\/fr\/categorie-produit\/module-daffichage-lcd-tft\/#listItem","name":"TFT LCD Display Module"}}]},{"@type":"Organization","@id":"https:\/\/rjoytek.com\/fr\/#organization","name":"RJY Display","description":"Top Custom LCD, TFT, OLED Display Manufacturer & Supplier in China.","url":"https:\/\/rjoytek.com\/fr\/","telephone":"+8618872893408","logo":{"@type":"ImageObject","url":"https:\/\/rjoytek.com\/wp-content\/uploads\/2025\/07\/LOGO1-scaled.png","@id":"https:\/\/rjoytek.com\/fr\/produit\/module-daffichage-lcd-a-barres-rjoytek-petit-format-458-pouces-320x960-tft\/#organizationLogo","width":2560,"height":416},"image":{"@id":"https:\/\/rjoytek.com\/fr\/produit\/module-daffichage-lcd-a-barres-rjoytek-petit-format-458-pouces-320x960-tft\/#organizationLogo"},"sameAs":["https:\/\/www.facebook.com\/RjoytekLCDSolution","https:\/\/www.youtube.com\/@lcdsolution-RJOYTEK","https:\/\/www.linkedin.com\/company\/rjoytek-lcd-solution"]},{"@type":"WebPage","@id":"https:\/\/rjoytek.com\/fr\/produit\/module-daffichage-lcd-a-barres-rjoytek-petit-format-458-pouces-320x960-tft\/#webpage","url":"https:\/\/rjoytek.com\/fr\/produit\/module-daffichage-lcd-a-barres-rjoytek-petit-format-458-pouces-320x960-tft\/","name":"RJOYTEK Small Bar LCD 4.58 inch 320*960 TFT Bar LCD Display Module - Bar LCD Display - Top Custom LCD, TFT, OLED Display Manufacturer & Supplier in China.","description":"Size: 4.58 inch lcd display Resolution: 320*960 Interface: SPI+RGB","inLanguage":"fr-FR","isPartOf":{"@id":"https:\/\/rjoytek.com\/fr\/#website"},"breadcrumb":{"@id":"https:\/\/rjoytek.com\/fr\/produit\/module-daffichage-lcd-a-barres-rjoytek-petit-format-458-pouces-320x960-tft\/#breadcrumblist"},"image":{"@type":"ImageObject","url":"https:\/\/rjoytek.com\/wp-content\/uploads\/2022\/06\/1-5.jpg","@id":"https:\/\/rjoytek.com\/fr\/produit\/module-daffichage-lcd-a-barres-rjoytek-petit-format-458-pouces-320x960-tft\/#mainImage","width":2268,"height":2268},"primaryImageOfPage":{"@id":"https:\/\/rjoytek.com\/fr\/produit\/module-daffichage-lcd-a-barres-rjoytek-petit-format-458-pouces-320x960-tft\/#mainImage"},"datePublished":"2022-06-22T09:32:57+00:00","dateModified":"2022-10-31T05:53:55+00:00"},{"@type":"WebSite","@id":"https:\/\/rjoytek.com\/fr\/#website","url":"https:\/\/rjoytek.com\/fr\/","name":"RJY Display","description":"Top Custom LCD, TFT, OLED Display Manufacturer & Supplier in China.","inLanguage":"fr-FR","publisher":{"@id":"https:\/\/rjoytek.com\/fr\/#organization"}}]},"og:locale":"fr_FR","og:site_name":"RJY Display - Top Custom LCD, TFT, OLED Display Manufacturer &amp; Supplier in China.","og:type":"article","og:title":"RJOYTEK Small Bar LCD 4.58 inch 320*960 TFT Bar LCD Display Module - Bar LCD Display - Top Custom LCD, TFT, OLED Display Manufacturer &amp; Supplier in China.","og:description":"Size: 4.58 inch lcd display Resolution: 320*960 Interface: SPI+RGB","og:url":"https:\/\/rjoytek.com\/fr\/produit\/module-daffichage-lcd-a-barres-rjoytek-petit-format-458-pouces-320x960-tft\/","og:image":"https:\/\/rjoytek.com\/wp-content\/uploads\/2024\/08\/cropped-LOGO.png","og:image:secure_url":"https:\/\/rjoytek.com\/wp-content\/uploads\/2024\/08\/cropped-LOGO.png","og:image:width":512,"og:image:height":512,"article:published_time":"2022-06-22T09:32:57+00:00","article:modified_time":"2022-10-31T05:53:55+00:00","article:publisher":"https:\/\/www.facebook.com\/RjoytekLCDSolution","twitter:card":"summary_large_image","twitter:title":"RJOYTEK Small Bar LCD 4.58 inch 320*960 TFT Bar LCD Display Module - Bar LCD Display - Top Custom LCD, TFT, OLED Display Manufacturer &amp; Supplier in China.","twitter:description":"Size: 4.58 inch lcd display Resolution: 320*960 Interface: SPI+RGB","twitter:image":"https:\/\/rjoytek.com\/wp-content\/uploads\/2024\/08\/cropped-LOGO.png"},"aioseo_meta_data":{"post_id":"6684","title":null,"description":null,"keywords":null,"keyphrases":null,"canonical_url":null,"og_title":null,"og_description":null,"og_object_type":"default","og_image_type":"default","og_image_custom_url":null,"og_image_custom_fields":null,"og_custom_image_width":null,"og_custom_image_height":null,"og_video":null,"og_custom_url":null,"og_article_section":null,"og_article_tags":null,"twitter_use_og":true,"twitter_card":"default","twitter_image_type":"default","twitter_image_custom_url":null,"twitter_image_custom_fields":null,"twitter_title":null,"twitter_description":null,"schema_type":null,"schema_type_options":null,"pillar_content":false,"robots_default":true,"robots_noindex":false,"robots_noarchive":false,"robots_nosnippet":false,"robots_nofollow":false,"robots_noimageindex":false,"robots_noodp":false,"robots_notranslate":false,"robots_max_snippet":null,"robots_max_videopreview":null,"robots_max_imagepreview":"none","tabs":null,"priority":null,"frequency":null,"local_seo":null,"created":"2026-03-20 03:53:49","updated":"2026-04-27 13:37:46"},"aioseo_breadcrumb":"<div class=\"aioseo-breadcrumbs\"><span class=\"aioseo-breadcrumb\">\n\t<a href=\"https:\/\/rjoytek.com\/fr\" title=\"Home\">Home<\/a>\n<\/span><span class=\"aioseo-breadcrumb-separator\">\u00bb<\/span><span class=\"aioseo-breadcrumb\">\n\t<a href=\"https:\/\/rjoytek.com\/fr\/boutique\/\" title=\"Shop\">Shop<\/a>\n<\/span><span class=\"aioseo-breadcrumb-separator\">\u00bb<\/span><span class=\"aioseo-breadcrumb\">\n\t<a href=\"https:\/\/rjoytek.com\/fr\/categorie-produit\/module-daffichage-lcd-tft\/\" title=\"TFT LCD Display Module\">TFT LCD Display Module<\/a>\n<\/span><span class=\"aioseo-breadcrumb-separator\">\u00bb<\/span><span class=\"aioseo-breadcrumb\">\n\tRJOYTEK Small Bar LCD 4.58 inch 320*960 TFT Bar LCD Display Module\n<\/span><\/div>","aioseo_breadcrumb_json":[{"label":"Home","link":"https:\/\/rjoytek.com\/fr"},{"label":"Shop","link":"https:\/\/rjoytek.com\/fr\/boutique\/"},{"label":"TFT LCD Display Module","link":"https:\/\/rjoytek.com\/fr\/categorie-produit\/module-daffichage-lcd-tft\/"},{"label":"RJOYTEK Small Bar LCD 4.58 inch 320*960 TFT Bar LCD Display Module","link":"https:\/\/rjoytek.com\/fr\/produit\/module-daffichage-lcd-a-barres-rjoytek-petit-format-458-pouces-320x960-tft\/"}],"_links":{"self":[{"href":"https:\/\/rjoytek.com\/fr\/wp-json\/wp\/v2\/product\/6684","targetHints":{"allow":["GET"]}}],"collection":[{"href":"https:\/\/rjoytek.com\/fr\/wp-json\/wp\/v2\/product"}],"about":[{"href":"https:\/\/rjoytek.com\/fr\/wp-json\/wp\/v2\/types\/product"}],"wp:featuredmedia":[{"embeddable":true,"href":"https:\/\/rjoytek.com\/fr\/wp-json\/wp\/v2\/media\/6686"}],"wp:attachment":[{"href":"https:\/\/rjoytek.com\/fr\/wp-json\/wp\/v2\/media?parent=6684"}],"wp:term":[{"taxonomy":"product_cat","embeddable":true,"href":"https:\/\/rjoytek.com\/fr\/wp-json\/wp\/v2\/product_cat?post=6684"},{"taxonomy":"product_tag","embeddable":true,"href":"https:\/\/rjoytek.com\/fr\/wp-json\/wp\/v2\/product_tag?post=6684"}],"curies":[{"name":"wp","href":"https:\/\/api.w.org\/{rel}","templated":true}]}}