{"id":6675,"date":"2022-06-22T09:10:47","date_gmt":"2022-06-22T09:10:47","guid":{"rendered":"https:\/\/rjoytek.com\/?post_type=product&#038;p=6675"},"modified":"2022-06-22T09:10:47","modified_gmt":"2022-06-22T09:10:47","slug":"module-lcd-rjoytek-133-pouces-1920x1080-pour-panneau-decran-dordinateur-portable","status":"publish","type":"product","link":"https:\/\/rjoytek.com\/fr\/produit\/module-lcd-rjoytek-133-pouces-1920x1080-pour-panneau-decran-dordinateur-portable\/","title":{"rendered":"Module LCD RJOYTEK 13,3 pouces 1920*1080 pour Panneau LCD d'Ordinateur Portable"},"content":{"rendered":"<p>Ce module est un module LCD couleur \u00e0 matrice active int\u00e9grant des transistors en couche mince (TFT) \u00e0 base d'oxyde. Il est compos\u00e9 d'un panneau TFT-LCD couleur, de circuits int\u00e9gr\u00e9s pilotes, d'un circuit de commande et d'un circuit d'alimentation. Des graphiques et des textes peuvent \u00eatre affich\u00e9s sur un panneau de 1920\u00d73 (RGB)\u00d71080 points avec 262 144 couleurs (6 bits) en utilisant l'interface eDP (Embedded Display Port) Ver1.2 et en fournissant une tension d'alimentation continue de +3,3 V pour l'alimentation du panneau TFT-LCD.<br \/>\nDans ce panneau TFT-LCD, des filtres de couleur pour une excellente performance chromatique sont int\u00e9gr\u00e9s afin de produire des images plus lumineuses et plus nettes, ce qui rend ce module optimal pour les applications multim\u00e9dias.<br \/>\n*Les angles de vision optimaux sont dans toutes les directions.<br \/>\n*Structure LED 10 s\u00e9ries - 4 parall\u00e8les.<br \/>\n*Le contr\u00f4leur LED d'alimentation du r\u00e9tro\u00e9clairage est int\u00e9gr\u00e9 \u00e0 ce module.<br \/>\n*Ce module est capable de prendre en charge SDRRS (activ\u00e9 par d\u00e9faut) \/ SSC (d\u00e9sactiv\u00e9 par d\u00e9faut).<br \/>\n*Ce module ne prend pas en charge les fonctionnalit\u00e9s PSR\/MBO\/NVSR\/G-Sync.<\/p>\n<table style=\"width: 100%;border-collapse: collapse;border-style: solid;border-color: #e3dede\">\n<tbody>\n<tr>\n<td style=\"width: 50%\">Mod\u00e8le<\/td>\n<td style=\"width: 50%\">RV133FHM-300-30<\/td>\n<\/tr>\n<tr>\n<td style=\"width: 50%\">Taille<\/td>\n<td style=\"width: 50%\">Module LCD TFT 13,3 pouces<\/td>\n<\/tr>\n<tr>\n<td style=\"width: 50%\">Nombre de pixels<\/td>\n<td style=\"width: 50%\">1920\u00d7RGB(3)\u00d71080<\/td>\n<\/tr>\n<tr>\n<td style=\"width: 50%\">Zone active<\/td>\n<td style=\"width: 50%\">293,76 (H) \u00d7 165,24 (V)<\/td>\n<\/tr>\n<tr>\n<td style=\"width: 50%\">Pas de pixel<\/td>\n<td style=\"width: 50%\">0,153 (H) \u00d7 0,153 (V)<\/td>\n<\/tr>\n<tr>\n<td style=\"width: 50%\">Dimensions externes<\/td>\n<td style=\"width: 50%\">305,1 (H) \u00d7 178 (V) \u00d7 2,6 (D)<\/td>\n<\/tr>\n<tr>\n<td style=\"width: 50%\">Nombre de couleurs<\/td>\n<td style=\"width: 50%\">262.144<\/td>\n<\/tr>\n<tr>\n<td style=\"width: 50%\">Mode d'affichage<\/td>\n<td style=\"width: 50%\">Normalement Noir<\/td>\n<\/tr>\n<tr>\n<td style=\"width: 50%\">Format d'affichage<\/td>\n<td style=\"width: 50%\">Bande verticale RVB<\/td>\n<\/tr>\n<tr>\n<td style=\"width: 50%\">Luminance (cd\/m\u00b2)<\/td>\n<td style=\"width: 50%\">220 (TYP.)<\/td>\n<\/tr>\n<tr>\n<td style=\"width: 50%\">Interface<\/td>\n<td style=\"width: 50%\">eDP<\/td>\n<\/tr>\n<tr>\n<td style=\"width: 50%\">Temp\u00e9rature de fonctionnement<\/td>\n<td style=\"width: 50%\">0 ~ 50 \u2103<\/td>\n<\/tr>\n<tr>\n<td style=\"width: 50%\">Temp\u00e9rature de stockage<\/td>\n<td style=\"width: 50%\">-20 ~ 60 \u2103<\/td>\n<\/tr>\n<\/tbody>\n<\/table>\n<p><img fetchpriority=\"high\" decoding=\"async\" class=\"alignnone wp-image-6676 size-full\" src=\"https:\/\/rjoytek.com\/wp-content\/uploads\/2022\/06\/RV133FHM-300-30EDP-5.jpg\" alt=\"\" width=\"1500\" height=\"1279\" srcset=\"https:\/\/rjoytek.com\/wp-content\/uploads\/2022\/06\/RV133FHM-300-30EDP-5.jpg 1500w, https:\/\/rjoytek.com\/wp-content\/uploads\/2022\/06\/RV133FHM-300-30EDP-5-1000x853.jpg 1000w, https:\/\/rjoytek.com\/wp-content\/uploads\/2022\/06\/RV133FHM-300-30EDP-5-300x256.jpg 300w, https:\/\/rjoytek.com\/wp-content\/uploads\/2022\/06\/RV133FHM-300-30EDP-5-1024x873.jpg 1024w, https:\/\/rjoytek.com\/wp-content\/uploads\/2022\/06\/RV133FHM-300-30EDP-5-600x512.jpg 600w\" sizes=\"(max-width: 1500px) 100vw, 1500px\" \/><\/p>","protected":false},"excerpt":{"rendered":"<p>Taille : Panneau LCD TFT 13,3 pouces<br \/>\nR\u00e9solution : 1920*1080<br \/>\nInterface : eDP<\/p>\n<p>Luminance : 220 cd\/m\u00b2<\/p>\n<p>&nbsp;<\/p>","protected":false},"featured_media":6677,"template":"","meta":{"_acf_changed":false,"site-sidebar-layout":"default","site-content-layout":"","ast-site-content-layout":"default","site-content-style":"default","site-sidebar-style":"default","ast-global-header-display":"","ast-banner-title-visibility":"","ast-main-header-display":"","ast-hfb-above-header-display":"","ast-hfb-below-header-display":"","ast-hfb-mobile-header-display":"","site-post-title":"","ast-breadcrumbs-content":"","ast-featured-img":"","footer-sml-layout":"","ast-disable-related-posts":"","theme-transparent-header-meta":"","adv-header-id-meta":"","stick-header-meta":"","header-above-stick-meta":"","header-main-stick-meta":"","header-below-stick-meta":"","astra-migrate-meta-layouts":"default","ast-page-background-enabled":"default","ast-page-background-meta":{"desktop":{"background-color":"var(--ast-global-color-5)","background-image":"","background-repeat":"repeat","background-position":"center center","background-size":"auto","background-attachment":"scroll","background-type":"","background-media":"","overlay-type":"","overlay-color":"","overlay-opacity":"","overlay-gradient":""},"tablet":{"background-color":"","background-image":"","background-repeat":"repeat","background-position":"center center","background-size":"auto","background-attachment":"scroll","background-type":"","background-media":"","overlay-type":"","overlay-color":"","overlay-opacity":"","overlay-gradient":""},"mobile":{"background-color":"","background-image":"","background-repeat":"repeat","background-position":"center center","background-size":"auto","background-attachment":"scroll","background-type":"","background-media":"","overlay-type":"","overlay-color":"","overlay-opacity":"","overlay-gradient":""}},"ast-content-background-meta":{"desktop":{"background-color":"var(--ast-global-color-4)","background-image":"","background-repeat":"repeat","background-position":"center center","background-size":"auto","background-attachment":"scroll","background-type":"","background-media":"","overlay-type":"","overlay-color":"","overlay-opacity":"","overlay-gradient":""},"tablet":{"background-color":"var(--ast-global-color-4)","background-image":"","background-repeat":"repeat","background-position":"center center","background-size":"auto","background-attachment":"scroll","background-type":"","background-media":"","overlay-type":"","overlay-color":"","overlay-opacity":"","overlay-gradient":""},"mobile":{"background-color":"var(--ast-global-color-4)","background-image":"","background-repeat":"repeat","background-position":"center center","background-size":"auto","background-attachment":"scroll","background-type":"","background-media":"","overlay-type":"","overlay-color":"","overlay-opacity":"","overlay-gradient":""}}},"product_cat":[15],"product_tag":[],"class_list":{"0":"post-6675","1":"product","2":"type-product","3":"status-publish","4":"has-post-thumbnail","6":"product_cat-tft-lcd-display-module","7":"desktop-align-left","8":"tablet-align-left","9":"mobile-align-left","10":"ast-product-gallery-layout-horizontal-slider","11":"ast-magnify-disabled","12":"ast-qv-on-image","14":"first","15":"instock","16":"shipping-taxable","17":"product-type-simple"},"acf":[],"aioseo_notices":[],"aioseo_head":"\n\t\t<!-- All in One SEO Pro 4.8.3.2 - aioseo.com -->\n\t<meta name=\"description\" content=\"Size: 13.3 inch tft lcd panel Resolution: 1920*1080 Interface: eDP Luminance: 220 cd\/m2\" \/>\n\t<meta name=\"robots\" content=\"max-image-preview:large\" \/>\n\t<link rel=\"canonical\" href=\"https:\/\/rjoytek.com\/fr\/produit\/module-lcd-rjoytek-133-pouces-1920x1080-pour-panneau-decran-dordinateur-portable\/\" \/>\n\t<meta name=\"generator\" content=\"All in One SEO Pro (AIOSEO) 4.8.3.2\" \/>\n\t\t<meta property=\"og:locale\" content=\"fr_FR\" \/>\n\t\t<meta property=\"og:site_name\" content=\"RJY Display - Top Custom LCD, TFT, OLED Display Manufacturer &amp; Supplier in China.\" \/>\n\t\t<meta property=\"og:type\" content=\"article\" \/>\n\t\t<meta property=\"og:title\" content=\"RJOYTEK 13.3 inch LCD Module 1920*1080 Laptop LCD Panel - TFT LCD Display Module - Top Custom LCD, TFT, OLED Display Manufacturer &amp; Supplier in China.\" \/>\n\t\t<meta property=\"og:description\" content=\"Size: 13.3 inch tft lcd panel Resolution: 1920*1080 Interface: eDP Luminance: 220 cd\/m2\" \/>\n\t\t<meta property=\"og:url\" content=\"https:\/\/rjoytek.com\/fr\/produit\/module-lcd-rjoytek-133-pouces-1920x1080-pour-panneau-decran-dordinateur-portable\/\" \/>\n\t\t<meta property=\"og:image\" content=\"https:\/\/rjoytek.com\/wp-content\/uploads\/2024\/08\/cropped-LOGO.png\" \/>\n\t\t<meta property=\"og:image:secure_url\" content=\"https:\/\/rjoytek.com\/wp-content\/uploads\/2024\/08\/cropped-LOGO.png\" \/>\n\t\t<meta property=\"og:image:width\" content=\"512\" \/>\n\t\t<meta property=\"og:image:height\" content=\"512\" \/>\n\t\t<meta property=\"article:published_time\" content=\"2022-06-22T09:10:47+00:00\" \/>\n\t\t<meta property=\"article:modified_time\" content=\"2022-06-22T09:10:47+00:00\" \/>\n\t\t<meta property=\"article:publisher\" content=\"https:\/\/www.facebook.com\/RjoytekLCDSolution\" \/>\n\t\t<meta name=\"twitter:card\" content=\"summary_large_image\" \/>\n\t\t<meta name=\"twitter:title\" content=\"RJOYTEK 13.3 inch LCD Module 1920*1080 Laptop LCD Panel - TFT LCD Display Module - Top Custom LCD, TFT, OLED Display Manufacturer &amp; Supplier in China.\" \/>\n\t\t<meta name=\"twitter:description\" content=\"Size: 13.3 inch tft lcd panel Resolution: 1920*1080 Interface: eDP Luminance: 220 cd\/m2\" \/>\n\t\t<meta name=\"twitter:image\" content=\"https:\/\/rjoytek.com\/wp-content\/uploads\/2024\/08\/cropped-LOGO.png\" \/>\n\t\t<script type=\"application\/ld+json\" class=\"aioseo-schema\">\n\t\t\t{\"@context\":\"https:\\\/\\\/schema.org\",\"@graph\":[{\"@type\":\"BreadcrumbList\",\"@id\":\"https:\\\/\\\/rjoytek.com\\\/fr\\\/produit\\\/module-lcd-rjoytek-133-pouces-1920x1080-pour-panneau-decran-dordinateur-portable\\\/#breadcrumblist\",\"itemListElement\":[{\"@type\":\"ListItem\",\"@id\":\"https:\\\/\\\/rjoytek.com\\\/fr#listItem\",\"position\":1,\"name\":\"Home\",\"item\":\"https:\\\/\\\/rjoytek.com\\\/fr\",\"nextItem\":{\"@type\":\"ListItem\",\"@id\":\"https:\\\/\\\/rjoytek.com\\\/fr\\\/boutique\\\/#listItem\",\"name\":\"Shop\"}},{\"@type\":\"ListItem\",\"@id\":\"https:\\\/\\\/rjoytek.com\\\/fr\\\/boutique\\\/#listItem\",\"position\":2,\"name\":\"Shop\",\"item\":\"https:\\\/\\\/rjoytek.com\\\/fr\\\/boutique\\\/\",\"nextItem\":{\"@type\":\"ListItem\",\"@id\":\"https:\\\/\\\/rjoytek.com\\\/fr\\\/categorie-produit\\\/module-daffichage-lcd-tft\\\/#listItem\",\"name\":\"TFT LCD Display Module\"},\"previousItem\":{\"@type\":\"ListItem\",\"@id\":\"https:\\\/\\\/rjoytek.com\\\/fr#listItem\",\"name\":\"Home\"}},{\"@type\":\"ListItem\",\"@id\":\"https:\\\/\\\/rjoytek.com\\\/fr\\\/categorie-produit\\\/module-daffichage-lcd-tft\\\/#listItem\",\"position\":3,\"name\":\"TFT LCD Display Module\",\"item\":\"https:\\\/\\\/rjoytek.com\\\/fr\\\/categorie-produit\\\/module-daffichage-lcd-tft\\\/\",\"nextItem\":{\"@type\":\"ListItem\",\"@id\":\"https:\\\/\\\/rjoytek.com\\\/fr\\\/produit\\\/module-lcd-rjoytek-133-pouces-1920x1080-pour-panneau-decran-dordinateur-portable\\\/#listItem\",\"name\":\"RJOYTEK 13.3 inch LCD Module 1920*1080 Laptop LCD Panel\"},\"previousItem\":{\"@type\":\"ListItem\",\"@id\":\"https:\\\/\\\/rjoytek.com\\\/fr\\\/boutique\\\/#listItem\",\"name\":\"Shop\"}},{\"@type\":\"ListItem\",\"@id\":\"https:\\\/\\\/rjoytek.com\\\/fr\\\/produit\\\/module-lcd-rjoytek-133-pouces-1920x1080-pour-panneau-decran-dordinateur-portable\\\/#listItem\",\"position\":4,\"name\":\"RJOYTEK 13.3 inch LCD Module 1920*1080 Laptop LCD Panel\",\"previousItem\":{\"@type\":\"ListItem\",\"@id\":\"https:\\\/\\\/rjoytek.com\\\/fr\\\/categorie-produit\\\/module-daffichage-lcd-tft\\\/#listItem\",\"name\":\"TFT LCD Display Module\"}}]},{\"@type\":\"Organization\",\"@id\":\"https:\\\/\\\/rjoytek.com\\\/fr\\\/#organization\",\"name\":\"RJY Display\",\"description\":\"Top Custom LCD, TFT, OLED Display Manufacturer & Supplier in China.\",\"url\":\"https:\\\/\\\/rjoytek.com\\\/fr\\\/\",\"telephone\":\"+8618872893408\",\"logo\":{\"@type\":\"ImageObject\",\"url\":\"https:\\\/\\\/rjoytek.com\\\/wp-content\\\/uploads\\\/2025\\\/07\\\/LOGO1-scaled.png\",\"@id\":\"https:\\\/\\\/rjoytek.com\\\/fr\\\/produit\\\/module-lcd-rjoytek-133-pouces-1920x1080-pour-panneau-decran-dordinateur-portable\\\/#organizationLogo\",\"width\":2560,\"height\":416},\"image\":{\"@id\":\"https:\\\/\\\/rjoytek.com\\\/fr\\\/produit\\\/module-lcd-rjoytek-133-pouces-1920x1080-pour-panneau-decran-dordinateur-portable\\\/#organizationLogo\"},\"sameAs\":[\"https:\\\/\\\/www.facebook.com\\\/RjoytekLCDSolution\",\"https:\\\/\\\/www.youtube.com\\\/@lcdsolution-RJOYTEK\",\"https:\\\/\\\/www.linkedin.com\\\/company\\\/rjoytek-lcd-solution\"]},{\"@type\":\"WebPage\",\"@id\":\"https:\\\/\\\/rjoytek.com\\\/fr\\\/produit\\\/module-lcd-rjoytek-133-pouces-1920x1080-pour-panneau-decran-dordinateur-portable\\\/#webpage\",\"url\":\"https:\\\/\\\/rjoytek.com\\\/fr\\\/produit\\\/module-lcd-rjoytek-133-pouces-1920x1080-pour-panneau-decran-dordinateur-portable\\\/\",\"name\":\"RJOYTEK 13.3 inch LCD Module 1920*1080 Laptop LCD Panel - TFT LCD Display Module - Top Custom LCD, TFT, OLED Display Manufacturer & Supplier in China.\",\"description\":\"Size: 13.3 inch tft lcd panel Resolution: 1920*1080 Interface: eDP Luminance: 220 cd\\\/m2\",\"inLanguage\":\"fr-FR\",\"isPartOf\":{\"@id\":\"https:\\\/\\\/rjoytek.com\\\/fr\\\/#website\"},\"breadcrumb\":{\"@id\":\"https:\\\/\\\/rjoytek.com\\\/fr\\\/produit\\\/module-lcd-rjoytek-133-pouces-1920x1080-pour-panneau-decran-dordinateur-portable\\\/#breadcrumblist\"},\"image\":{\"@type\":\"ImageObject\",\"url\":\"https:\\\/\\\/rjoytek.com\\\/wp-content\\\/uploads\\\/2022\\\/06\\\/13.3-inch-lcd-panel.jpg\",\"@id\":\"https:\\\/\\\/rjoytek.com\\\/fr\\\/produit\\\/module-lcd-rjoytek-133-pouces-1920x1080-pour-panneau-decran-dordinateur-portable\\\/#mainImage\",\"width\":800,\"height\":800},\"primaryImageOfPage\":{\"@id\":\"https:\\\/\\\/rjoytek.com\\\/fr\\\/produit\\\/module-lcd-rjoytek-133-pouces-1920x1080-pour-panneau-decran-dordinateur-portable\\\/#mainImage\"},\"datePublished\":\"2022-06-22T09:10:47+00:00\",\"dateModified\":\"2022-06-22T09:10:47+00:00\"},{\"@type\":\"WebSite\",\"@id\":\"https:\\\/\\\/rjoytek.com\\\/fr\\\/#website\",\"url\":\"https:\\\/\\\/rjoytek.com\\\/fr\\\/\",\"name\":\"RJY Display\",\"description\":\"Top Custom LCD, TFT, OLED Display Manufacturer & Supplier in China.\",\"inLanguage\":\"fr-FR\",\"publisher\":{\"@id\":\"https:\\\/\\\/rjoytek.com\\\/fr\\\/#organization\"}}]}\n\t\t<\/script>\n\t\t<!-- All in One SEO Pro -->\r\n\t\t<title>RJOYTEK 13.3 inch LCD Module 1920*1080 Laptop LCD Panel - TFT LCD Display Module - Top Custom LCD, TFT, OLED Display Manufacturer &amp; Supplier in China.<\/title>\n\n","aioseo_head_json":{"title":"Module LCD RJOYTEK 13,3 pouces 1920*1080 pour panneau d'\u00e9cran d'ordinateur portable - Module d'affichage LCD TFT - Fabricant et fournisseur leader en Chine d'\u00e9crans LCD, TFT et OLED sur mesure.","description":"Taille : 13,3 pouces, panneau LCD TFT","canonical_url":"https:\/\/rjoytek.com\/fr\/produit\/module-lcd-rjoytek-133-pouces-1920x1080-pour-panneau-decran-dordinateur-portable\/","robots":"max-image-preview:large","keywords":"","webmasterTools":{"miscellaneous":""},"schema":{"@context":"https:\/\/schema.org","@graph":[{"@type":"BreadcrumbList","@id":"https:\/\/rjoytek.com\/fr\/produit\/module-lcd-rjoytek-133-pouces-1920x1080-pour-panneau-decran-dordinateur-portable\/#breadcrumblist","itemListElement":[{"@type":"ListItem","@id":"https:\/\/rjoytek.com\/fr#listItem","position":1,"name":"Home","item":"https:\/\/rjoytek.com\/fr","nextItem":{"@type":"ListItem","@id":"https:\/\/rjoytek.com\/fr\/boutique\/#listItem","name":"Shop"}},{"@type":"ListItem","@id":"https:\/\/rjoytek.com\/fr\/boutique\/#listItem","position":2,"name":"Shop","item":"https:\/\/rjoytek.com\/fr\/boutique\/","nextItem":{"@type":"ListItem","@id":"https:\/\/rjoytek.com\/fr\/categorie-produit\/module-daffichage-lcd-tft\/#listItem","name":"TFT LCD Display Module"},"previousItem":{"@type":"ListItem","@id":"https:\/\/rjoytek.com\/fr#listItem","name":"Home"}},{"@type":"ListItem","@id":"https:\/\/rjoytek.com\/fr\/categorie-produit\/module-daffichage-lcd-tft\/#listItem","position":3,"name":"TFT LCD Display Module","item":"https:\/\/rjoytek.com\/fr\/categorie-produit\/module-daffichage-lcd-tft\/","nextItem":{"@type":"ListItem","@id":"https:\/\/rjoytek.com\/fr\/produit\/module-lcd-rjoytek-133-pouces-1920x1080-pour-panneau-decran-dordinateur-portable\/#listItem","name":"RJOYTEK 13.3 inch LCD Module 1920*1080 Laptop LCD Panel"},"previousItem":{"@type":"ListItem","@id":"https:\/\/rjoytek.com\/fr\/boutique\/#listItem","name":"Shop"}},{"@type":"ListItem","@id":"https:\/\/rjoytek.com\/fr\/produit\/module-lcd-rjoytek-133-pouces-1920x1080-pour-panneau-decran-dordinateur-portable\/#listItem","position":4,"name":"RJOYTEK 13.3 inch LCD Module 1920*1080 Laptop LCD Panel","previousItem":{"@type":"ListItem","@id":"https:\/\/rjoytek.com\/fr\/categorie-produit\/module-daffichage-lcd-tft\/#listItem","name":"TFT LCD Display Module"}}]},{"@type":"Organization","@id":"https:\/\/rjoytek.com\/fr\/#organization","name":"RJY Display","description":"Top Custom LCD, TFT, OLED Display Manufacturer & Supplier in China.","url":"https:\/\/rjoytek.com\/fr\/","telephone":"+8618872893408","logo":{"@type":"ImageObject","url":"https:\/\/rjoytek.com\/wp-content\/uploads\/2025\/07\/LOGO1-scaled.png","@id":"https:\/\/rjoytek.com\/fr\/produit\/module-lcd-rjoytek-133-pouces-1920x1080-pour-panneau-decran-dordinateur-portable\/#organizationLogo","width":2560,"height":416},"image":{"@id":"https:\/\/rjoytek.com\/fr\/produit\/module-lcd-rjoytek-133-pouces-1920x1080-pour-panneau-decran-dordinateur-portable\/#organizationLogo"},"sameAs":["https:\/\/www.facebook.com\/RjoytekLCDSolution","https:\/\/www.youtube.com\/@lcdsolution-RJOYTEK","https:\/\/www.linkedin.com\/company\/rjoytek-lcd-solution"]},{"@type":"WebPage","@id":"https:\/\/rjoytek.com\/fr\/produit\/module-lcd-rjoytek-133-pouces-1920x1080-pour-panneau-decran-dordinateur-portable\/#webpage","url":"https:\/\/rjoytek.com\/fr\/produit\/module-lcd-rjoytek-133-pouces-1920x1080-pour-panneau-decran-dordinateur-portable\/","name":"RJOYTEK 13.3 inch LCD Module 1920*1080 Laptop LCD Panel - TFT LCD Display Module - Top Custom LCD, TFT, OLED Display Manufacturer & Supplier in China.","description":"Size: 13.3 inch tft lcd panel Resolution: 1920*1080 Interface: eDP Luminance: 220 cd\/m2","inLanguage":"fr-FR","isPartOf":{"@id":"https:\/\/rjoytek.com\/fr\/#website"},"breadcrumb":{"@id":"https:\/\/rjoytek.com\/fr\/produit\/module-lcd-rjoytek-133-pouces-1920x1080-pour-panneau-decran-dordinateur-portable\/#breadcrumblist"},"image":{"@type":"ImageObject","url":"https:\/\/rjoytek.com\/wp-content\/uploads\/2022\/06\/13.3-inch-lcd-panel.jpg","@id":"https:\/\/rjoytek.com\/fr\/produit\/module-lcd-rjoytek-133-pouces-1920x1080-pour-panneau-decran-dordinateur-portable\/#mainImage","width":800,"height":800},"primaryImageOfPage":{"@id":"https:\/\/rjoytek.com\/fr\/produit\/module-lcd-rjoytek-133-pouces-1920x1080-pour-panneau-decran-dordinateur-portable\/#mainImage"},"datePublished":"2022-06-22T09:10:47+00:00","dateModified":"2022-06-22T09:10:47+00:00"},{"@type":"WebSite","@id":"https:\/\/rjoytek.com\/fr\/#website","url":"https:\/\/rjoytek.com\/fr\/","name":"RJY Display","description":"Top Custom LCD, TFT, OLED Display Manufacturer & Supplier in China.","inLanguage":"fr-FR","publisher":{"@id":"https:\/\/rjoytek.com\/fr\/#organization"}}]},"og:locale":"fr_FR","og:site_name":"RJY Display - Top Custom LCD, TFT, OLED Display Manufacturer &amp; Supplier in China.","og:type":"article","og:title":"RJOYTEK 13.3 inch LCD Module 1920*1080 Laptop LCD Panel - TFT LCD Display Module - Top Custom LCD, TFT, OLED Display Manufacturer &amp; Supplier in China.","og:description":"Size: 13.3 inch tft lcd panel Resolution: 1920*1080 Interface: eDP Luminance: 220 cd\/m2","og:url":"https:\/\/rjoytek.com\/fr\/produit\/module-lcd-rjoytek-133-pouces-1920x1080-pour-panneau-decran-dordinateur-portable\/","og:image":"https:\/\/rjoytek.com\/wp-content\/uploads\/2024\/08\/cropped-LOGO.png","og:image:secure_url":"https:\/\/rjoytek.com\/wp-content\/uploads\/2024\/08\/cropped-LOGO.png","og:image:width":512,"og:image:height":512,"article:published_time":"2022-06-22T09:10:47+00:00","article:modified_time":"2022-06-22T09:10:47+00:00","article:publisher":"https:\/\/www.facebook.com\/RjoytekLCDSolution","twitter:card":"summary_large_image","twitter:title":"RJOYTEK 13.3 inch LCD Module 1920*1080 Laptop LCD Panel - TFT LCD Display Module - Top Custom LCD, TFT, OLED Display Manufacturer &amp; Supplier in China.","twitter:description":"Size: 13.3 inch tft lcd panel Resolution: 1920*1080 Interface: eDP Luminance: 220 cd\/m2","twitter:image":"https:\/\/rjoytek.com\/wp-content\/uploads\/2024\/08\/cropped-LOGO.png"},"aioseo_meta_data":{"post_id":"6675","title":null,"description":null,"keywords":null,"keyphrases":null,"canonical_url":null,"og_title":null,"og_description":null,"og_object_type":"default","og_image_type":"default","og_image_custom_url":null,"og_image_custom_fields":null,"og_custom_image_width":null,"og_custom_image_height":null,"og_video":null,"og_custom_url":null,"og_article_section":null,"og_article_tags":null,"twitter_use_og":true,"twitter_card":"default","twitter_image_type":"default","twitter_image_custom_url":null,"twitter_image_custom_fields":null,"twitter_title":null,"twitter_description":null,"schema_type":null,"schema_type_options":null,"pillar_content":false,"robots_default":true,"robots_noindex":false,"robots_noarchive":false,"robots_nosnippet":false,"robots_nofollow":false,"robots_noimageindex":false,"robots_noodp":false,"robots_notranslate":false,"robots_max_snippet":null,"robots_max_videopreview":null,"robots_max_imagepreview":"none","tabs":null,"priority":null,"frequency":null,"local_seo":null,"created":"2026-03-20 03:53:48","updated":"2026-04-23 09:48:15"},"aioseo_breadcrumb":"<div class=\"aioseo-breadcrumbs\"><span class=\"aioseo-breadcrumb\">\n\t<a href=\"https:\/\/rjoytek.com\/fr\" title=\"Home\">Home<\/a>\n<\/span><span class=\"aioseo-breadcrumb-separator\">\u00bb<\/span><span class=\"aioseo-breadcrumb\">\n\t<a href=\"https:\/\/rjoytek.com\/fr\/boutique\/\" title=\"Shop\">Shop<\/a>\n<\/span><span class=\"aioseo-breadcrumb-separator\">\u00bb<\/span><span class=\"aioseo-breadcrumb\">\n\t<a href=\"https:\/\/rjoytek.com\/fr\/categorie-produit\/module-daffichage-lcd-tft\/\" title=\"TFT LCD Display Module\">TFT LCD Display Module<\/a>\n<\/span><span class=\"aioseo-breadcrumb-separator\">\u00bb<\/span><span class=\"aioseo-breadcrumb\">\n\tRJOYTEK 13.3 inch LCD Module 1920*1080 Laptop LCD Panel\n<\/span><\/div>","aioseo_breadcrumb_json":[{"label":"Home","link":"https:\/\/rjoytek.com\/fr"},{"label":"Shop","link":"https:\/\/rjoytek.com\/fr\/boutique\/"},{"label":"TFT LCD Display Module","link":"https:\/\/rjoytek.com\/fr\/categorie-produit\/module-daffichage-lcd-tft\/"},{"label":"RJOYTEK 13.3 inch LCD Module 1920*1080 Laptop LCD Panel","link":"https:\/\/rjoytek.com\/fr\/produit\/module-lcd-rjoytek-133-pouces-1920x1080-pour-panneau-decran-dordinateur-portable\/"}],"_links":{"self":[{"href":"https:\/\/rjoytek.com\/fr\/wp-json\/wp\/v2\/product\/6675","targetHints":{"allow":["GET"]}}],"collection":[{"href":"https:\/\/rjoytek.com\/fr\/wp-json\/wp\/v2\/product"}],"about":[{"href":"https:\/\/rjoytek.com\/fr\/wp-json\/wp\/v2\/types\/product"}],"wp:featuredmedia":[{"embeddable":true,"href":"https:\/\/rjoytek.com\/fr\/wp-json\/wp\/v2\/media\/6677"}],"wp:attachment":[{"href":"https:\/\/rjoytek.com\/fr\/wp-json\/wp\/v2\/media?parent=6675"}],"wp:term":[{"taxonomy":"product_cat","embeddable":true,"href":"https:\/\/rjoytek.com\/fr\/wp-json\/wp\/v2\/product_cat?post=6675"},{"taxonomy":"product_tag","embeddable":true,"href":"https:\/\/rjoytek.com\/fr\/wp-json\/wp\/v2\/product_tag?post=6675"}],"curies":[{"name":"wp","href":"https:\/\/api.w.org\/{rel}","templated":true}]}}