{"id":6662,"date":"2022-06-22T08:25:26","date_gmt":"2022-06-22T08:25:26","guid":{"rendered":"https:\/\/rjoytek.com\/?post_type=product&#038;p=6662"},"modified":"2022-06-22T08:25:26","modified_gmt":"2022-06-22T08:25:26","slug":"ecran-lcd-ips-avec-interface-rvb-de-5-pouces-800x480-rjoytek","status":"publish","type":"product","link":"https:\/\/rjoytek.com\/fr\/produit\/ecran-lcd-ips-avec-interface-rvb-de-5-pouces-800x480-rjoytek\/","title":{"rendered":"\u00c9cran LCD IPS avec interface RVB de 5 pouces 800*480 RJOYTEK"},"content":{"rendered":"<p>Le mod\u00e8le RV050WVM-720-50 est un \u00e9cran LCD \u00e0 matrice active et transistors en couche mince (TFT) en couleur qui utilise du silicium amorphe TFT comme dispositif de commutation. Ce mod\u00e8le est compos\u00e9 d'un panneau LCD TFT, d'un circuit d'attaque et d'un syst\u00e8me de r\u00e9tro\u00e9clairage. Ce LCD TFT poss\u00e8de une zone d'affichage active mesur\u00e9e diagonalement de 5,0 pouces (15:9) avec une r\u00e9solution de (800 pixels horizontaux par 480 pixels verticaux).<\/p>\n<table style=\"width: 100%;border-collapse: collapse;border-style: solid;border-color: #ded9d9;height: 260px\">\n<tbody>\n<tr style=\"height: 26px\">\n<td style=\"width: 50%;height: 26px\">Mod\u00e8le<\/td>\n<td style=\"width: 50%;height: 26px\">RVO5OWVM-72O-50<\/td>\n<\/tr>\n<tr style=\"height: 26px\">\n<td style=\"width: 50%;height: 26px\">Taille<\/td>\n<td style=\"width: 50%;height: 26px\">Affichage LCD 5 pouces<\/td>\n<\/tr>\n<tr style=\"height: 26px\">\n<td style=\"width: 50%;height: 26px\">Nombre de pixels<\/td>\n<td style=\"width: 50%;height: 26px\">800 RVB (H) x 480 (V)<\/td>\n<\/tr>\n<tr style=\"height: 26px\">\n<td style=\"width: 50%;height: 26px\">Zone d'affichage<\/td>\n<td style=\"width: 50%;height: 26px\">108 (H) x 64,8 (V)<\/td>\n<\/tr>\n<tr style=\"height: 26px\">\n<td style=\"width: 50%;height: 26px\">Dimensions ext\u00e9rieures du module<\/td>\n<td style=\"width: 50%;height: 26px\">120,70 x 75,8 x 4,5 (Typ)<\/td>\n<\/tr>\n<tr style=\"height: 26px\">\n<td style=\"width: 50%;height: 26px\">Mode d'affichage<\/td>\n<td style=\"width: 50%;height: 26px\">Noir normalement, IPS<\/td>\n<\/tr>\n<tr style=\"height: 26px\">\n<td style=\"width: 50%;height: 26px\">Disposition des pixels<\/td>\n<td style=\"width: 50%;height: 26px\">Bande verticale RVB<\/td>\n<\/tr>\n<tr style=\"height: 26px\">\n<td style=\"width: 50%;height: 26px\">Pas de pixels (Pixel pitch)<\/td>\n<td style=\"width: 50%;height: 26px\">0,135 (H) x 0,135 (V)<\/td>\n<\/tr>\n<tr style=\"height: 26px\">\n<td style=\"width: 50%;height: 26px\">R\u00e9tro\u00e9clairage<\/td>\n<td style=\"width: 50%;height: 26px\">Type \u00e0 LED lat\u00e9rale<\/td>\n<\/tr>\n<tr style=\"height: 26px\">\n<td style=\"width: 50%;height: 26px\">Interface<\/td>\n<td style=\"width: 50%;height: 26px\">RVB<\/td>\n<\/tr>\n<tr>\n<td style=\"width: 50%\">Luminance<\/td>\n<td style=\"width: 50%\">750 Cd\/m\u00b2<\/td>\n<\/tr>\n<tr>\n<td style=\"width: 50%\">Temp\u00e9rature de stockage<\/td>\n<td style=\"width: 50%\">-35 \u00e0 85 \u00b0C<\/td>\n<\/tr>\n<tr>\n<td style=\"width: 50%\">Temp\u00e9rature de fonctionnement<\/td>\n<td style=\"width: 50%\">-30 \u00e0 80 \u00b0C<\/td>\n<\/tr>\n<\/tbody>\n<\/table>\n<p>&nbsp;<\/p>\n<figure id=\"attachment_6669\" aria-describedby=\"caption-attachment-6669\" style=\"width: 1000px\" class=\"wp-caption alignnone\"><img fetchpriority=\"high\" decoding=\"async\" class=\"wp-image-6669 size-full\" src=\"https:\/\/rjoytek.com\/wp-content\/uploads\/2022\/06\/RV050WVM-720-50-19.jpg\" alt=\"\" width=\"1000\" height=\"770\" srcset=\"https:\/\/rjoytek.com\/wp-content\/uploads\/2022\/06\/RV050WVM-720-50-19.jpg 1000w, https:\/\/rjoytek.com\/wp-content\/uploads\/2022\/06\/RV050WVM-720-50-19-300x231.jpg 300w, https:\/\/rjoytek.com\/wp-content\/uploads\/2022\/06\/RV050WVM-720-50-19-600x462.jpg 600w\" sizes=\"(max-width: 1000px) 100vw, 1000px\" \/><figcaption id=\"caption-attachment-6669\" class=\"wp-caption-text\">RV050WVM-720-50<\/figcaption><\/figure>","protected":false},"excerpt":{"rendered":"<p><strong><b>Caract\u00e9risti<\/b><\/strong><strong><b>que<\/b><\/strong><strong><b>\u00a0<\/b><\/strong><\/p>\n<ul>\n<li>Compatible avec les syst\u00e8mes NTSC et PAL<\/li>\n<li>Conception RoHS<\/li>\n<li>Inversion d'image : HAUT\/BAS et GAUCHE\/DROITE<\/li>\n<li>Taille : \u00c9cran LCD de 5 pouces<\/li>\n<li>R\u00e9solution : 800*480<\/li>\n<li>Interface : RVB<\/li>\n<\/ul>\n<p>&nbsp;<\/p>\n<p><strong><b>Applications<\/b><\/strong><\/p>\n<ul>\n<li>Combin\u00e9 d'instruments automobile<\/li>\n<\/ul>","protected":false},"featured_media":6663,"template":"","meta":{"_acf_changed":false,"site-sidebar-layout":"default","site-content-layout":"","ast-site-content-layout":"default","site-content-style":"default","site-sidebar-style":"default","ast-global-header-display":"","ast-banner-title-visibility":"","ast-main-header-display":"","ast-hfb-above-header-display":"","ast-hfb-below-header-display":"","ast-hfb-mobile-header-display":"","site-post-title":"","ast-breadcrumbs-content":"","ast-featured-img":"","footer-sml-layout":"","ast-disable-related-posts":"","theme-transparent-header-meta":"","adv-header-id-meta":"","stick-header-meta":"","header-above-stick-meta":"","header-main-stick-meta":"","header-below-stick-meta":"","astra-migrate-meta-layouts":"default","ast-page-background-enabled":"default","ast-page-background-meta":{"desktop":{"background-color":"var(--ast-global-color-5)","background-image":"","background-repeat":"repeat","background-position":"center center","background-size":"auto","background-attachment":"scroll","background-type":"","background-media":"","overlay-type":"","overlay-color":"","overlay-opacity":"","overlay-gradient":""},"tablet":{"background-color":"","background-image":"","background-repeat":"repeat","background-position":"center center","background-size":"auto","background-attachment":"scroll","background-type":"","background-media":"","overlay-type":"","overlay-color":"","overlay-opacity":"","overlay-gradient":""},"mobile":{"background-color":"","background-image":"","background-repeat":"repeat","background-position":"center center","background-size":"auto","background-attachment":"scroll","background-type":"","background-media":"","overlay-type":"","overlay-color":"","overlay-opacity":"","overlay-gradient":""}},"ast-content-background-meta":{"desktop":{"background-color":"var(--ast-global-color-4)","background-image":"","background-repeat":"repeat","background-position":"center center","background-size":"auto","background-attachment":"scroll","background-type":"","background-media":"","overlay-type":"","overlay-color":"","overlay-opacity":"","overlay-gradient":""},"tablet":{"background-color":"var(--ast-global-color-4)","background-image":"","background-repeat":"repeat","background-position":"center center","background-size":"auto","background-attachment":"scroll","background-type":"","background-media":"","overlay-type":"","overlay-color":"","overlay-opacity":"","overlay-gradient":""},"mobile":{"background-color":"var(--ast-global-color-4)","background-image":"","background-repeat":"repeat","background-position":"center center","background-size":"auto","background-attachment":"scroll","background-type":"","background-media":"","overlay-type":"","overlay-color":"","overlay-opacity":"","overlay-gradient":""}}},"product_cat":[15],"product_tag":[],"class_list":{"0":"post-6662","1":"product","2":"type-product","3":"status-publish","4":"has-post-thumbnail","6":"product_cat-tft-lcd-display-module","7":"desktop-align-left","8":"tablet-align-left","9":"mobile-align-left","10":"ast-product-gallery-layout-horizontal-slider","11":"ast-magnify-disabled","12":"ast-qv-on-image","14":"first","15":"instock","16":"shipping-taxable","17":"product-type-simple"},"acf":[],"aioseo_notices":[],"aioseo_head":"\n\t\t<!-- All in One SEO Pro 4.8.3.2 - aioseo.com -->\n\t<meta name=\"description\" content=\"Feature Compatible with NTSC &amp; PAL system RoHS design Image Reversion: UP\/DOWN and LEFT\/RIGHT Size: 5 inch lcd display Resolution: 800*480 Interface: RGB Applications Automotive cluster\" \/>\n\t<meta name=\"robots\" content=\"max-image-preview:large\" \/>\n\t<link rel=\"canonical\" href=\"https:\/\/rjoytek.com\/fr\/produit\/ecran-lcd-ips-avec-interface-rvb-de-5-pouces-800x480-rjoytek\/\" \/>\n\t<meta name=\"generator\" content=\"All in One SEO Pro (AIOSEO) 4.8.3.2\" \/>\n\t\t<meta property=\"og:locale\" content=\"fr_FR\" \/>\n\t\t<meta property=\"og:site_name\" content=\"RJY Display - Top Custom LCD, TFT, OLED Display Manufacturer &amp; Supplier in China.\" \/>\n\t\t<meta property=\"og:type\" content=\"article\" \/>\n\t\t<meta property=\"og:title\" content=\"RJOYTEK 5 inch 800*480 RGB Interface IPS LCD Display - TFT LCD Display Module - Top Custom LCD, TFT, OLED Display Manufacturer &amp; Supplier in China.\" \/>\n\t\t<meta property=\"og:description\" content=\"Feature Compatible with NTSC &amp; PAL system RoHS design Image Reversion: UP\/DOWN and LEFT\/RIGHT Size: 5 inch lcd display Resolution: 800*480 Interface: RGB Applications Automotive cluster\" \/>\n\t\t<meta property=\"og:url\" content=\"https:\/\/rjoytek.com\/fr\/produit\/ecran-lcd-ips-avec-interface-rvb-de-5-pouces-800x480-rjoytek\/\" \/>\n\t\t<meta property=\"og:image\" content=\"https:\/\/rjoytek.com\/wp-content\/uploads\/2024\/08\/cropped-LOGO.png\" \/>\n\t\t<meta property=\"og:image:secure_url\" content=\"https:\/\/rjoytek.com\/wp-content\/uploads\/2024\/08\/cropped-LOGO.png\" \/>\n\t\t<meta property=\"og:image:width\" content=\"512\" \/>\n\t\t<meta property=\"og:image:height\" content=\"512\" \/>\n\t\t<meta property=\"article:published_time\" content=\"2022-06-22T08:25:26+00:00\" \/>\n\t\t<meta property=\"article:modified_time\" content=\"2022-06-22T08:25:26+00:00\" \/>\n\t\t<meta property=\"article:publisher\" content=\"https:\/\/www.facebook.com\/RjoytekLCDSolution\" \/>\n\t\t<meta name=\"twitter:card\" content=\"summary_large_image\" \/>\n\t\t<meta name=\"twitter:title\" content=\"RJOYTEK 5 inch 800*480 RGB Interface IPS LCD Display - TFT LCD Display Module - Top Custom LCD, TFT, OLED Display Manufacturer &amp; Supplier in China.\" \/>\n\t\t<meta name=\"twitter:description\" content=\"Feature Compatible with NTSC &amp; PAL system RoHS design Image Reversion: UP\/DOWN and LEFT\/RIGHT Size: 5 inch lcd display Resolution: 800*480 Interface: RGB Applications Automotive cluster\" \/>\n\t\t<meta name=\"twitter:image\" content=\"https:\/\/rjoytek.com\/wp-content\/uploads\/2024\/08\/cropped-LOGO.png\" \/>\n\t\t<script type=\"application\/ld+json\" class=\"aioseo-schema\">\n\t\t\t{\"@context\":\"https:\\\/\\\/schema.org\",\"@graph\":[{\"@type\":\"BreadcrumbList\",\"@id\":\"https:\\\/\\\/rjoytek.com\\\/fr\\\/produit\\\/ecran-lcd-ips-avec-interface-rvb-de-5-pouces-800x480-rjoytek\\\/#breadcrumblist\",\"itemListElement\":[{\"@type\":\"ListItem\",\"@id\":\"https:\\\/\\\/rjoytek.com\\\/fr#listItem\",\"position\":1,\"name\":\"Home\",\"item\":\"https:\\\/\\\/rjoytek.com\\\/fr\",\"nextItem\":{\"@type\":\"ListItem\",\"@id\":\"https:\\\/\\\/rjoytek.com\\\/fr\\\/boutique\\\/#listItem\",\"name\":\"Shop\"}},{\"@type\":\"ListItem\",\"@id\":\"https:\\\/\\\/rjoytek.com\\\/fr\\\/boutique\\\/#listItem\",\"position\":2,\"name\":\"Shop\",\"item\":\"https:\\\/\\\/rjoytek.com\\\/fr\\\/boutique\\\/\",\"nextItem\":{\"@type\":\"ListItem\",\"@id\":\"https:\\\/\\\/rjoytek.com\\\/fr\\\/categorie-produit\\\/module-daffichage-lcd-tft\\\/#listItem\",\"name\":\"TFT LCD Display Module\"},\"previousItem\":{\"@type\":\"ListItem\",\"@id\":\"https:\\\/\\\/rjoytek.com\\\/fr#listItem\",\"name\":\"Home\"}},{\"@type\":\"ListItem\",\"@id\":\"https:\\\/\\\/rjoytek.com\\\/fr\\\/categorie-produit\\\/module-daffichage-lcd-tft\\\/#listItem\",\"position\":3,\"name\":\"TFT LCD Display Module\",\"item\":\"https:\\\/\\\/rjoytek.com\\\/fr\\\/categorie-produit\\\/module-daffichage-lcd-tft\\\/\",\"nextItem\":{\"@type\":\"ListItem\",\"@id\":\"https:\\\/\\\/rjoytek.com\\\/fr\\\/produit\\\/ecran-lcd-ips-avec-interface-rvb-de-5-pouces-800x480-rjoytek\\\/#listItem\",\"name\":\"RJOYTEK 5 inch 800*480 RGB Interface IPS LCD Display\"},\"previousItem\":{\"@type\":\"ListItem\",\"@id\":\"https:\\\/\\\/rjoytek.com\\\/fr\\\/boutique\\\/#listItem\",\"name\":\"Shop\"}},{\"@type\":\"ListItem\",\"@id\":\"https:\\\/\\\/rjoytek.com\\\/fr\\\/produit\\\/ecran-lcd-ips-avec-interface-rvb-de-5-pouces-800x480-rjoytek\\\/#listItem\",\"position\":4,\"name\":\"RJOYTEK 5 inch 800*480 RGB Interface IPS LCD Display\",\"previousItem\":{\"@type\":\"ListItem\",\"@id\":\"https:\\\/\\\/rjoytek.com\\\/fr\\\/categorie-produit\\\/module-daffichage-lcd-tft\\\/#listItem\",\"name\":\"TFT LCD Display Module\"}}]},{\"@type\":\"Organization\",\"@id\":\"https:\\\/\\\/rjoytek.com\\\/fr\\\/#organization\",\"name\":\"RJY Display\",\"description\":\"Top Custom LCD, TFT, OLED Display Manufacturer & Supplier in China.\",\"url\":\"https:\\\/\\\/rjoytek.com\\\/fr\\\/\",\"telephone\":\"+8618872893408\",\"logo\":{\"@type\":\"ImageObject\",\"url\":\"https:\\\/\\\/rjoytek.com\\\/wp-content\\\/uploads\\\/2025\\\/07\\\/LOGO1-scaled.png\",\"@id\":\"https:\\\/\\\/rjoytek.com\\\/fr\\\/produit\\\/ecran-lcd-ips-avec-interface-rvb-de-5-pouces-800x480-rjoytek\\\/#organizationLogo\",\"width\":2560,\"height\":416},\"image\":{\"@id\":\"https:\\\/\\\/rjoytek.com\\\/fr\\\/produit\\\/ecran-lcd-ips-avec-interface-rvb-de-5-pouces-800x480-rjoytek\\\/#organizationLogo\"},\"sameAs\":[\"https:\\\/\\\/www.facebook.com\\\/RjoytekLCDSolution\",\"https:\\\/\\\/www.youtube.com\\\/@lcdsolution-RJOYTEK\",\"https:\\\/\\\/www.linkedin.com\\\/company\\\/rjoytek-lcd-solution\"]},{\"@type\":\"WebPage\",\"@id\":\"https:\\\/\\\/rjoytek.com\\\/fr\\\/produit\\\/ecran-lcd-ips-avec-interface-rvb-de-5-pouces-800x480-rjoytek\\\/#webpage\",\"url\":\"https:\\\/\\\/rjoytek.com\\\/fr\\\/produit\\\/ecran-lcd-ips-avec-interface-rvb-de-5-pouces-800x480-rjoytek\\\/\",\"name\":\"RJOYTEK 5 inch 800*480 RGB Interface IPS LCD Display - TFT LCD Display Module - Top Custom LCD, TFT, OLED Display Manufacturer & Supplier in China.\",\"description\":\"Feature Compatible with NTSC & PAL system RoHS design Image Reversion: UP\\\/DOWN and LEFT\\\/RIGHT Size: 5 inch lcd display Resolution: 800*480 Interface: RGB Applications Automotive cluster\",\"inLanguage\":\"fr-FR\",\"isPartOf\":{\"@id\":\"https:\\\/\\\/rjoytek.com\\\/fr\\\/#website\"},\"breadcrumb\":{\"@id\":\"https:\\\/\\\/rjoytek.com\\\/fr\\\/produit\\\/ecran-lcd-ips-avec-interface-rvb-de-5-pouces-800x480-rjoytek\\\/#breadcrumblist\"},\"image\":{\"@type\":\"ImageObject\",\"url\":\"https:\\\/\\\/rjoytek.com\\\/wp-content\\\/uploads\\\/2022\\\/06\\\/1-4.jpg\",\"@id\":\"https:\\\/\\\/rjoytek.com\\\/fr\\\/produit\\\/ecran-lcd-ips-avec-interface-rvb-de-5-pouces-800x480-rjoytek\\\/#mainImage\",\"width\":1000,\"height\":1000},\"primaryImageOfPage\":{\"@id\":\"https:\\\/\\\/rjoytek.com\\\/fr\\\/produit\\\/ecran-lcd-ips-avec-interface-rvb-de-5-pouces-800x480-rjoytek\\\/#mainImage\"},\"datePublished\":\"2022-06-22T08:25:26+00:00\",\"dateModified\":\"2022-06-22T08:25:26+00:00\"},{\"@type\":\"WebSite\",\"@id\":\"https:\\\/\\\/rjoytek.com\\\/fr\\\/#website\",\"url\":\"https:\\\/\\\/rjoytek.com\\\/fr\\\/\",\"name\":\"RJY Display\",\"description\":\"Top Custom LCD, TFT, OLED Display Manufacturer & Supplier in China.\",\"inLanguage\":\"fr-FR\",\"publisher\":{\"@id\":\"https:\\\/\\\/rjoytek.com\\\/fr\\\/#organization\"}}]}\n\t\t<\/script>\n\t\t<!-- All in One SEO Pro -->\r\n\t\t<title>RJOYTEK 5 inch 800*480 RGB Interface IPS LCD Display - TFT LCD Display Module - Top Custom LCD, TFT, OLED Display Manufacturer &amp; Supplier in China.<\/title>\n\n","aioseo_head_json":{"title":"RJOYTEK \u00c9cran LCD IPS 5 pouces 800*480 avec interface RVB - Module d'affichage LCD TFT - Fabricant et fournisseur leader en Chine d'\u00e9crans LCD, TFT et OLED sur mesure.","description":"Compatible avec les syst\u00e8mes NTSC et PAL","canonical_url":"https:\/\/rjoytek.com\/fr\/produit\/ecran-lcd-ips-avec-interface-rvb-de-5-pouces-800x480-rjoytek\/","robots":"max-image-preview:large","keywords":"","webmasterTools":{"miscellaneous":""},"schema":{"@context":"https:\/\/schema.org","@graph":[{"@type":"BreadcrumbList","@id":"https:\/\/rjoytek.com\/fr\/produit\/ecran-lcd-ips-avec-interface-rvb-de-5-pouces-800x480-rjoytek\/#breadcrumblist","itemListElement":[{"@type":"ListItem","@id":"https:\/\/rjoytek.com\/fr#listItem","position":1,"name":"Home","item":"https:\/\/rjoytek.com\/fr","nextItem":{"@type":"ListItem","@id":"https:\/\/rjoytek.com\/fr\/boutique\/#listItem","name":"Shop"}},{"@type":"ListItem","@id":"https:\/\/rjoytek.com\/fr\/boutique\/#listItem","position":2,"name":"Shop","item":"https:\/\/rjoytek.com\/fr\/boutique\/","nextItem":{"@type":"ListItem","@id":"https:\/\/rjoytek.com\/fr\/categorie-produit\/module-daffichage-lcd-tft\/#listItem","name":"TFT LCD Display Module"},"previousItem":{"@type":"ListItem","@id":"https:\/\/rjoytek.com\/fr#listItem","name":"Home"}},{"@type":"ListItem","@id":"https:\/\/rjoytek.com\/fr\/categorie-produit\/module-daffichage-lcd-tft\/#listItem","position":3,"name":"TFT LCD Display Module","item":"https:\/\/rjoytek.com\/fr\/categorie-produit\/module-daffichage-lcd-tft\/","nextItem":{"@type":"ListItem","@id":"https:\/\/rjoytek.com\/fr\/produit\/ecran-lcd-ips-avec-interface-rvb-de-5-pouces-800x480-rjoytek\/#listItem","name":"RJOYTEK 5 inch 800*480 RGB Interface IPS LCD Display"},"previousItem":{"@type":"ListItem","@id":"https:\/\/rjoytek.com\/fr\/boutique\/#listItem","name":"Shop"}},{"@type":"ListItem","@id":"https:\/\/rjoytek.com\/fr\/produit\/ecran-lcd-ips-avec-interface-rvb-de-5-pouces-800x480-rjoytek\/#listItem","position":4,"name":"RJOYTEK 5 inch 800*480 RGB Interface IPS LCD Display","previousItem":{"@type":"ListItem","@id":"https:\/\/rjoytek.com\/fr\/categorie-produit\/module-daffichage-lcd-tft\/#listItem","name":"TFT LCD Display Module"}}]},{"@type":"Organization","@id":"https:\/\/rjoytek.com\/fr\/#organization","name":"RJY Display","description":"Top Custom LCD, TFT, OLED Display Manufacturer & Supplier in China.","url":"https:\/\/rjoytek.com\/fr\/","telephone":"+8618872893408","logo":{"@type":"ImageObject","url":"https:\/\/rjoytek.com\/wp-content\/uploads\/2025\/07\/LOGO1-scaled.png","@id":"https:\/\/rjoytek.com\/fr\/produit\/ecran-lcd-ips-avec-interface-rvb-de-5-pouces-800x480-rjoytek\/#organizationLogo","width":2560,"height":416},"image":{"@id":"https:\/\/rjoytek.com\/fr\/produit\/ecran-lcd-ips-avec-interface-rvb-de-5-pouces-800x480-rjoytek\/#organizationLogo"},"sameAs":["https:\/\/www.facebook.com\/RjoytekLCDSolution","https:\/\/www.youtube.com\/@lcdsolution-RJOYTEK","https:\/\/www.linkedin.com\/company\/rjoytek-lcd-solution"]},{"@type":"WebPage","@id":"https:\/\/rjoytek.com\/fr\/produit\/ecran-lcd-ips-avec-interface-rvb-de-5-pouces-800x480-rjoytek\/#webpage","url":"https:\/\/rjoytek.com\/fr\/produit\/ecran-lcd-ips-avec-interface-rvb-de-5-pouces-800x480-rjoytek\/","name":"RJOYTEK 5 inch 800*480 RGB Interface IPS LCD Display - TFT LCD Display Module - Top Custom LCD, TFT, OLED Display Manufacturer & Supplier in China.","description":"Feature Compatible with NTSC & PAL system RoHS design Image Reversion: UP\/DOWN and LEFT\/RIGHT Size: 5 inch lcd display Resolution: 800*480 Interface: RGB Applications Automotive cluster","inLanguage":"fr-FR","isPartOf":{"@id":"https:\/\/rjoytek.com\/fr\/#website"},"breadcrumb":{"@id":"https:\/\/rjoytek.com\/fr\/produit\/ecran-lcd-ips-avec-interface-rvb-de-5-pouces-800x480-rjoytek\/#breadcrumblist"},"image":{"@type":"ImageObject","url":"https:\/\/rjoytek.com\/wp-content\/uploads\/2022\/06\/1-4.jpg","@id":"https:\/\/rjoytek.com\/fr\/produit\/ecran-lcd-ips-avec-interface-rvb-de-5-pouces-800x480-rjoytek\/#mainImage","width":1000,"height":1000},"primaryImageOfPage":{"@id":"https:\/\/rjoytek.com\/fr\/produit\/ecran-lcd-ips-avec-interface-rvb-de-5-pouces-800x480-rjoytek\/#mainImage"},"datePublished":"2022-06-22T08:25:26+00:00","dateModified":"2022-06-22T08:25:26+00:00"},{"@type":"WebSite","@id":"https:\/\/rjoytek.com\/fr\/#website","url":"https:\/\/rjoytek.com\/fr\/","name":"RJY Display","description":"Top Custom LCD, TFT, OLED Display Manufacturer & Supplier in China.","inLanguage":"fr-FR","publisher":{"@id":"https:\/\/rjoytek.com\/fr\/#organization"}}]},"og:locale":"fr_FR","og:site_name":"RJY Display - Top Custom LCD, TFT, OLED Display Manufacturer &amp; Supplier in China.","og:type":"article","og:title":"RJOYTEK 5 inch 800*480 RGB Interface IPS LCD Display - TFT LCD Display Module - Top Custom LCD, TFT, OLED Display Manufacturer &amp; Supplier in China.","og:description":"Feature Compatible with NTSC &amp; PAL system RoHS design Image Reversion: UP\/DOWN and LEFT\/RIGHT Size: 5 inch lcd display Resolution: 800*480 Interface: RGB Applications Automotive cluster","og:url":"https:\/\/rjoytek.com\/fr\/produit\/ecran-lcd-ips-avec-interface-rvb-de-5-pouces-800x480-rjoytek\/","og:image":"https:\/\/rjoytek.com\/wp-content\/uploads\/2024\/08\/cropped-LOGO.png","og:image:secure_url":"https:\/\/rjoytek.com\/wp-content\/uploads\/2024\/08\/cropped-LOGO.png","og:image:width":512,"og:image:height":512,"article:published_time":"2022-06-22T08:25:26+00:00","article:modified_time":"2022-06-22T08:25:26+00:00","article:publisher":"https:\/\/www.facebook.com\/RjoytekLCDSolution","twitter:card":"summary_large_image","twitter:title":"RJOYTEK 5 inch 800*480 RGB Interface IPS LCD Display - TFT LCD Display Module - Top Custom LCD, TFT, OLED Display Manufacturer &amp; Supplier in China.","twitter:description":"Feature Compatible with NTSC &amp; PAL system RoHS design Image Reversion: UP\/DOWN and LEFT\/RIGHT Size: 5 inch lcd display Resolution: 800*480 Interface: RGB Applications Automotive cluster","twitter:image":"https:\/\/rjoytek.com\/wp-content\/uploads\/2024\/08\/cropped-LOGO.png"},"aioseo_meta_data":{"post_id":"6662","title":null,"description":null,"keywords":null,"keyphrases":null,"canonical_url":null,"og_title":null,"og_description":null,"og_object_type":"default","og_image_type":"default","og_image_custom_url":null,"og_image_custom_fields":null,"og_custom_image_width":null,"og_custom_image_height":null,"og_video":null,"og_custom_url":null,"og_article_section":null,"og_article_tags":null,"twitter_use_og":true,"twitter_card":"default","twitter_image_type":"default","twitter_image_custom_url":null,"twitter_image_custom_fields":null,"twitter_title":null,"twitter_description":null,"schema_type":null,"schema_type_options":null,"pillar_content":false,"robots_default":true,"robots_noindex":false,"robots_noarchive":false,"robots_nosnippet":false,"robots_nofollow":false,"robots_noimageindex":false,"robots_noodp":false,"robots_notranslate":false,"robots_max_snippet":null,"robots_max_videopreview":null,"robots_max_imagepreview":"none","tabs":null,"priority":null,"frequency":null,"local_seo":null,"created":"2026-03-20 03:53:48","updated":"2026-04-04 08:42:46"},"aioseo_breadcrumb":"<div class=\"aioseo-breadcrumbs\"><span class=\"aioseo-breadcrumb\">\n\t<a href=\"https:\/\/rjoytek.com\/fr\" title=\"Home\">Home<\/a>\n<\/span><span class=\"aioseo-breadcrumb-separator\">\u00bb<\/span><span class=\"aioseo-breadcrumb\">\n\t<a href=\"https:\/\/rjoytek.com\/fr\/boutique\/\" title=\"Shop\">Shop<\/a>\n<\/span><span class=\"aioseo-breadcrumb-separator\">\u00bb<\/span><span class=\"aioseo-breadcrumb\">\n\t<a href=\"https:\/\/rjoytek.com\/fr\/categorie-produit\/module-daffichage-lcd-tft\/\" title=\"TFT LCD Display Module\">TFT LCD Display Module<\/a>\n<\/span><span class=\"aioseo-breadcrumb-separator\">\u00bb<\/span><span class=\"aioseo-breadcrumb\">\n\tRJOYTEK 5 inch 800*480 RGB Interface IPS LCD Display\n<\/span><\/div>","aioseo_breadcrumb_json":[{"label":"Home","link":"https:\/\/rjoytek.com\/fr"},{"label":"Shop","link":"https:\/\/rjoytek.com\/fr\/boutique\/"},{"label":"TFT LCD Display Module","link":"https:\/\/rjoytek.com\/fr\/categorie-produit\/module-daffichage-lcd-tft\/"},{"label":"RJOYTEK 5 inch 800*480 RGB Interface IPS LCD Display","link":"https:\/\/rjoytek.com\/fr\/produit\/ecran-lcd-ips-avec-interface-rvb-de-5-pouces-800x480-rjoytek\/"}],"_links":{"self":[{"href":"https:\/\/rjoytek.com\/fr\/wp-json\/wp\/v2\/product\/6662","targetHints":{"allow":["GET"]}}],"collection":[{"href":"https:\/\/rjoytek.com\/fr\/wp-json\/wp\/v2\/product"}],"about":[{"href":"https:\/\/rjoytek.com\/fr\/wp-json\/wp\/v2\/types\/product"}],"wp:featuredmedia":[{"embeddable":true,"href":"https:\/\/rjoytek.com\/fr\/wp-json\/wp\/v2\/media\/6663"}],"wp:attachment":[{"href":"https:\/\/rjoytek.com\/fr\/wp-json\/wp\/v2\/media?parent=6662"}],"wp:term":[{"taxonomy":"product_cat","embeddable":true,"href":"https:\/\/rjoytek.com\/fr\/wp-json\/wp\/v2\/product_cat?post=6662"},{"taxonomy":"product_tag","embeddable":true,"href":"https:\/\/rjoytek.com\/fr\/wp-json\/wp\/v2\/product_tag?post=6662"}],"curies":[{"name":"wp","href":"https:\/\/api.w.org\/{rel}","templated":true}]}}