{"id":6647,"date":"2022-06-22T07:23:19","date_gmt":"2022-06-22T07:23:19","guid":{"rendered":"https:\/\/rjoytek.com\/?post_type=product&#038;p=6647"},"modified":"2022-08-01T08:07:08","modified_gmt":"2022-08-01T08:07:08","slug":"module-lcd-tft-tn-35-pouces-320x480-rjoytek","status":"publish","type":"product","link":"https:\/\/rjoytek.com\/fr\/produit\/module-lcd-tft-tn-35-pouces-320x480-rjoytek\/","title":{"rendered":"Module LCD TFT TN 3,5 pouces 320*480 RJOYTEK"},"content":{"rendered":"<table style=\"width: 100%;border-collapse: collapse;border-style: solid;border-color: #e0dcdc\">\n<tbody>\n<tr>\n<td style=\"width: 50%\">Taille<\/td>\n<td style=\"width: 50%\">Module LCD TFT 3,5 pouces<\/td>\n<\/tr>\n<tr>\n<td style=\"width: 50%\">Type d'\u00e9cran LCD<\/td>\n<td style=\"width: 50%\">TFT TN, Transmissif<\/td>\n<\/tr>\n<tr>\n<td style=\"width: 50%\">Format d'affichage<\/td>\n<td style=\"width: 50%\">320(R,V,B)*480<\/td>\n<\/tr>\n<tr>\n<td style=\"width: 50%\">Donn\u00e9es d'entr\u00e9e<\/td>\n<td style=\"width: 50%\">MCU\/RGB<\/td>\n<\/tr>\n<tr>\n<td style=\"width: 50%\">Angle de vision<\/td>\n<td style=\"width: 50%\">12 heures<\/td>\n<\/tr>\n<tr>\n<td style=\"width: 50%\">Pilote IC<\/td>\n<td style=\"width: 50%\">ILI9488<\/td>\n<\/tr>\n<tr>\n<td style=\"width: 50%\">Couleurs d'affichage<\/td>\n<td style=\"width: 50%\">16,7 millions<\/td>\n<\/tr>\n<tr>\n<td style=\"width: 50%\">Dimensions du module<\/td>\n<td style=\"width: 50%\">54,48(L)*84,71(H)*2,3(P)<\/td>\n<\/tr>\n<tr>\n<td style=\"width: 50%\">Zone active<\/td>\n<td style=\"width: 50%\">48,96(L)*73,44(H)<\/td>\n<\/tr>\n<tr>\n<td style=\"width: 50%\">Taille de pixel<\/td>\n<td style=\"width: 50%\">0.08625*0.08625<\/td>\n<\/tr>\n<tr>\n<td style=\"width: 50%\">Temp\u00e9rature de fonctionnement<\/td>\n<td style=\"width: 50%\">-20 \u00e0 +70 \u2103<\/td>\n<\/tr>\n<tr>\n<td style=\"width: 50%\">Temp\u00e9rature de stockage<\/td>\n<td style=\"width: 50%\">-30 \u00e0 +80 \u2103<\/td>\n<\/tr>\n<tr>\n<td style=\"width: 50%\">Luminance du LCM<\/td>\n<td style=\"width: 50%\">300 cd\/m\u00b2<\/td>\n<\/tr>\n<\/tbody>\n<\/table>\n<p><img fetchpriority=\"high\" decoding=\"async\" class=\"wp-image-6648 size-full\" src=\"https:\/\/rjoytek.com\/wp-content\/uploads\/2022\/06\/RV035HVP-300-45-5.jpg\" alt=\"\" width=\"1500\" height=\"814\" srcset=\"https:\/\/rjoytek.com\/wp-content\/uploads\/2022\/06\/RV035HVP-300-45-5.jpg 1500w, https:\/\/rjoytek.com\/wp-content\/uploads\/2022\/06\/RV035HVP-300-45-5-1000x543.jpg 1000w, https:\/\/rjoytek.com\/wp-content\/uploads\/2022\/06\/RV035HVP-300-45-5-300x163.jpg 300w, https:\/\/rjoytek.com\/wp-content\/uploads\/2022\/06\/RV035HVP-300-45-5-1024x556.jpg 1024w, https:\/\/rjoytek.com\/wp-content\/uploads\/2022\/06\/RV035HVP-300-45-5-600x326.jpg 600w\" sizes=\"(max-width: 1500px) 100vw, 1500px\" \/><\/p>\n<p>&nbsp;<\/p>","protected":false},"excerpt":{"rendered":"<ul>\n<li>Mod\u00e8le : RV035HVP-300-45<\/li>\n<li>Taille : Module LCD 3,5 pouces<\/li>\n<li>R\u00e9solution : 320*480<\/li>\n<li>Interface : MCU\/RGB<\/li>\n<li>Luminance du LCM : 300 cd\/m\u00b2<\/li>\n<\/ul>","protected":false},"featured_media":6649,"template":"","meta":{"_acf_changed":false,"site-sidebar-layout":"default","site-content-layout":"","ast-site-content-layout":"default","site-content-style":"default","site-sidebar-style":"default","ast-global-header-display":"","ast-banner-title-visibility":"","ast-main-header-display":"","ast-hfb-above-header-display":"","ast-hfb-below-header-display":"","ast-hfb-mobile-header-display":"","site-post-title":"","ast-breadcrumbs-content":"","ast-featured-img":"","footer-sml-layout":"","ast-disable-related-posts":"","theme-transparent-header-meta":"","adv-header-id-meta":"","stick-header-meta":"","header-above-stick-meta":"","header-main-stick-meta":"","header-below-stick-meta":"","astra-migrate-meta-layouts":"default","ast-page-background-enabled":"default","ast-page-background-meta":{"desktop":{"background-color":"var(--ast-global-color-5)","background-image":"","background-repeat":"repeat","background-position":"center center","background-size":"auto","background-attachment":"scroll","background-type":"","background-media":"","overlay-type":"","overlay-color":"","overlay-opacity":"","overlay-gradient":""},"tablet":{"background-color":"","background-image":"","background-repeat":"repeat","background-position":"center center","background-size":"auto","background-attachment":"scroll","background-type":"","background-media":"","overlay-type":"","overlay-color":"","overlay-opacity":"","overlay-gradient":""},"mobile":{"background-color":"","background-image":"","background-repeat":"repeat","background-position":"center center","background-size":"auto","background-attachment":"scroll","background-type":"","background-media":"","overlay-type":"","overlay-color":"","overlay-opacity":"","overlay-gradient":""}},"ast-content-background-meta":{"desktop":{"background-color":"var(--ast-global-color-4)","background-image":"","background-repeat":"repeat","background-position":"center center","background-size":"auto","background-attachment":"scroll","background-type":"","background-media":"","overlay-type":"","overlay-color":"","overlay-opacity":"","overlay-gradient":""},"tablet":{"background-color":"var(--ast-global-color-4)","background-image":"","background-repeat":"repeat","background-position":"center center","background-size":"auto","background-attachment":"scroll","background-type":"","background-media":"","overlay-type":"","overlay-color":"","overlay-opacity":"","overlay-gradient":""},"mobile":{"background-color":"var(--ast-global-color-4)","background-image":"","background-repeat":"repeat","background-position":"center center","background-size":"auto","background-attachment":"scroll","background-type":"","background-media":"","overlay-type":"","overlay-color":"","overlay-opacity":"","overlay-gradient":""}}},"product_cat":[15],"product_tag":[],"class_list":{"0":"post-6647","1":"product","2":"type-product","3":"status-publish","4":"has-post-thumbnail","6":"product_cat-tft-lcd-display-module","7":"desktop-align-left","8":"tablet-align-left","9":"mobile-align-left","10":"ast-product-gallery-layout-horizontal-slider","11":"ast-magnify-disabled","12":"ast-qv-on-image","14":"first","15":"instock","16":"shipping-taxable","17":"product-type-simple"},"acf":[],"aioseo_notices":[],"aioseo_head":"\n\t\t<!-- All in One SEO Pro 4.8.3.2 - aioseo.com -->\n\t<meta name=\"description\" content=\"Model: RV035HVP-300-45 Size: 3.5 inch lcd module Resolution: 320*480 Interface: MCU\/RGB LCM Luminance: 300 cd\/m\u00b2\" \/>\n\t<meta name=\"robots\" content=\"max-image-preview:large\" \/>\n\t<link rel=\"canonical\" href=\"https:\/\/rjoytek.com\/fr\/produit\/module-lcd-tft-tn-35-pouces-320x480-rjoytek\/\" \/>\n\t<meta name=\"generator\" content=\"All in One SEO Pro (AIOSEO) 4.8.3.2\" \/>\n\t\t<meta property=\"og:locale\" content=\"fr_FR\" \/>\n\t\t<meta property=\"og:site_name\" content=\"RJY Display - Top Custom LCD, TFT, OLED Display Manufacturer &amp; Supplier in China.\" \/>\n\t\t<meta property=\"og:type\" content=\"article\" \/>\n\t\t<meta property=\"og:title\" content=\"RJOYTEK 3.5 inch 320*480 TN TFT LCD Module - TFT LCD Display Module - Top Custom LCD, TFT, OLED Display Manufacturer &amp; Supplier in China.\" \/>\n\t\t<meta property=\"og:description\" content=\"Model: RV035HVP-300-45 Size: 3.5 inch lcd module Resolution: 320*480 Interface: MCU\/RGB LCM Luminance: 300 cd\/m\u00b2\" \/>\n\t\t<meta property=\"og:url\" content=\"https:\/\/rjoytek.com\/fr\/produit\/module-lcd-tft-tn-35-pouces-320x480-rjoytek\/\" \/>\n\t\t<meta property=\"og:image\" content=\"https:\/\/rjoytek.com\/wp-content\/uploads\/2024\/08\/cropped-LOGO.png\" \/>\n\t\t<meta property=\"og:image:secure_url\" content=\"https:\/\/rjoytek.com\/wp-content\/uploads\/2024\/08\/cropped-LOGO.png\" \/>\n\t\t<meta property=\"og:image:width\" content=\"512\" \/>\n\t\t<meta property=\"og:image:height\" content=\"512\" \/>\n\t\t<meta property=\"article:published_time\" content=\"2022-06-22T07:23:19+00:00\" \/>\n\t\t<meta property=\"article:modified_time\" content=\"2022-08-01T08:07:08+00:00\" \/>\n\t\t<meta property=\"article:publisher\" content=\"https:\/\/www.facebook.com\/RjoytekLCDSolution\" \/>\n\t\t<meta name=\"twitter:card\" content=\"summary_large_image\" \/>\n\t\t<meta name=\"twitter:title\" content=\"RJOYTEK 3.5 inch 320*480 TN TFT LCD Module - TFT LCD Display Module - Top Custom LCD, TFT, OLED Display Manufacturer &amp; Supplier in China.\" \/>\n\t\t<meta name=\"twitter:description\" content=\"Model: RV035HVP-300-45 Size: 3.5 inch lcd module Resolution: 320*480 Interface: MCU\/RGB LCM Luminance: 300 cd\/m\u00b2\" \/>\n\t\t<meta name=\"twitter:image\" content=\"https:\/\/rjoytek.com\/wp-content\/uploads\/2024\/08\/cropped-LOGO.png\" \/>\n\t\t<script type=\"application\/ld+json\" class=\"aioseo-schema\">\n\t\t\t{\"@context\":\"https:\\\/\\\/schema.org\",\"@graph\":[{\"@type\":\"BreadcrumbList\",\"@id\":\"https:\\\/\\\/rjoytek.com\\\/fr\\\/produit\\\/module-lcd-tft-tn-35-pouces-320x480-rjoytek\\\/#breadcrumblist\",\"itemListElement\":[{\"@type\":\"ListItem\",\"@id\":\"https:\\\/\\\/rjoytek.com\\\/fr#listItem\",\"position\":1,\"name\":\"Home\",\"item\":\"https:\\\/\\\/rjoytek.com\\\/fr\",\"nextItem\":{\"@type\":\"ListItem\",\"@id\":\"https:\\\/\\\/rjoytek.com\\\/fr\\\/boutique\\\/#listItem\",\"name\":\"Shop\"}},{\"@type\":\"ListItem\",\"@id\":\"https:\\\/\\\/rjoytek.com\\\/fr\\\/boutique\\\/#listItem\",\"position\":2,\"name\":\"Shop\",\"item\":\"https:\\\/\\\/rjoytek.com\\\/fr\\\/boutique\\\/\",\"nextItem\":{\"@type\":\"ListItem\",\"@id\":\"https:\\\/\\\/rjoytek.com\\\/fr\\\/categorie-produit\\\/module-daffichage-lcd-tft\\\/#listItem\",\"name\":\"TFT LCD Display Module\"},\"previousItem\":{\"@type\":\"ListItem\",\"@id\":\"https:\\\/\\\/rjoytek.com\\\/fr#listItem\",\"name\":\"Home\"}},{\"@type\":\"ListItem\",\"@id\":\"https:\\\/\\\/rjoytek.com\\\/fr\\\/categorie-produit\\\/module-daffichage-lcd-tft\\\/#listItem\",\"position\":3,\"name\":\"TFT LCD Display Module\",\"item\":\"https:\\\/\\\/rjoytek.com\\\/fr\\\/categorie-produit\\\/module-daffichage-lcd-tft\\\/\",\"nextItem\":{\"@type\":\"ListItem\",\"@id\":\"https:\\\/\\\/rjoytek.com\\\/fr\\\/produit\\\/module-lcd-tft-tn-35-pouces-320x480-rjoytek\\\/#listItem\",\"name\":\"RJOYTEK 3.5 inch 320*480 TN TFT LCD Module\"},\"previousItem\":{\"@type\":\"ListItem\",\"@id\":\"https:\\\/\\\/rjoytek.com\\\/fr\\\/boutique\\\/#listItem\",\"name\":\"Shop\"}},{\"@type\":\"ListItem\",\"@id\":\"https:\\\/\\\/rjoytek.com\\\/fr\\\/produit\\\/module-lcd-tft-tn-35-pouces-320x480-rjoytek\\\/#listItem\",\"position\":4,\"name\":\"RJOYTEK 3.5 inch 320*480 TN TFT LCD Module\",\"previousItem\":{\"@type\":\"ListItem\",\"@id\":\"https:\\\/\\\/rjoytek.com\\\/fr\\\/categorie-produit\\\/module-daffichage-lcd-tft\\\/#listItem\",\"name\":\"TFT LCD Display Module\"}}]},{\"@type\":\"Organization\",\"@id\":\"https:\\\/\\\/rjoytek.com\\\/fr\\\/#organization\",\"name\":\"RJY Display\",\"description\":\"Top Custom LCD, TFT, OLED Display Manufacturer & Supplier in China.\",\"url\":\"https:\\\/\\\/rjoytek.com\\\/fr\\\/\",\"telephone\":\"+8618872893408\",\"logo\":{\"@type\":\"ImageObject\",\"url\":\"https:\\\/\\\/rjoytek.com\\\/wp-content\\\/uploads\\\/2025\\\/07\\\/LOGO1-scaled.png\",\"@id\":\"https:\\\/\\\/rjoytek.com\\\/fr\\\/produit\\\/module-lcd-tft-tn-35-pouces-320x480-rjoytek\\\/#organizationLogo\",\"width\":2560,\"height\":416},\"image\":{\"@id\":\"https:\\\/\\\/rjoytek.com\\\/fr\\\/produit\\\/module-lcd-tft-tn-35-pouces-320x480-rjoytek\\\/#organizationLogo\"},\"sameAs\":[\"https:\\\/\\\/www.facebook.com\\\/RjoytekLCDSolution\",\"https:\\\/\\\/www.youtube.com\\\/@lcdsolution-RJOYTEK\",\"https:\\\/\\\/www.linkedin.com\\\/company\\\/rjoytek-lcd-solution\"]},{\"@type\":\"WebPage\",\"@id\":\"https:\\\/\\\/rjoytek.com\\\/fr\\\/produit\\\/module-lcd-tft-tn-35-pouces-320x480-rjoytek\\\/#webpage\",\"url\":\"https:\\\/\\\/rjoytek.com\\\/fr\\\/produit\\\/module-lcd-tft-tn-35-pouces-320x480-rjoytek\\\/\",\"name\":\"RJOYTEK 3.5 inch 320*480 TN TFT LCD Module - TFT LCD Display Module - Top Custom LCD, TFT, OLED Display Manufacturer & Supplier in China.\",\"description\":\"Model: RV035HVP-300-45 Size: 3.5 inch lcd module Resolution: 320*480 Interface: MCU\\\/RGB LCM Luminance: 300 cd\\\/m\\u00b2\",\"inLanguage\":\"fr-FR\",\"isPartOf\":{\"@id\":\"https:\\\/\\\/rjoytek.com\\\/fr\\\/#website\"},\"breadcrumb\":{\"@id\":\"https:\\\/\\\/rjoytek.com\\\/fr\\\/produit\\\/module-lcd-tft-tn-35-pouces-320x480-rjoytek\\\/#breadcrumblist\"},\"image\":{\"@type\":\"ImageObject\",\"url\":\"https:\\\/\\\/rjoytek.com\\\/wp-content\\\/uploads\\\/2022\\\/06\\\/1-3.jpg\",\"@id\":\"https:\\\/\\\/rjoytek.com\\\/fr\\\/produit\\\/module-lcd-tft-tn-35-pouces-320x480-rjoytek\\\/#mainImage\",\"width\":2268,\"height\":2268},\"primaryImageOfPage\":{\"@id\":\"https:\\\/\\\/rjoytek.com\\\/fr\\\/produit\\\/module-lcd-tft-tn-35-pouces-320x480-rjoytek\\\/#mainImage\"},\"datePublished\":\"2022-06-22T07:23:19+00:00\",\"dateModified\":\"2022-08-01T08:07:08+00:00\"},{\"@type\":\"WebSite\",\"@id\":\"https:\\\/\\\/rjoytek.com\\\/fr\\\/#website\",\"url\":\"https:\\\/\\\/rjoytek.com\\\/fr\\\/\",\"name\":\"RJY Display\",\"description\":\"Top Custom LCD, TFT, OLED Display Manufacturer & Supplier in China.\",\"inLanguage\":\"fr-FR\",\"publisher\":{\"@id\":\"https:\\\/\\\/rjoytek.com\\\/fr\\\/#organization\"}}]}\n\t\t<\/script>\n\t\t<!-- All in One SEO Pro -->\r\n\t\t<title>RJOYTEK 3.5 inch 320*480 TN TFT LCD Module - TFT LCD Display Module - Top Custom LCD, TFT, OLED Display Manufacturer &amp; Supplier in China.<\/title>\n\n","aioseo_head_json":{"title":"Module d'affichage LCD TFT 3,5 pouces 320*480 TN RJOYTEK - Module d'affichage LCD TFT - Fabricant et fournisseur leader en Chine d'\u00e9crans LCD, TFT et OLED sur mesure.","description":"Mod\u00e8le : RV035HVP-300-45 Taille : Module LCD 3,5 pouces R\u00e9solution : 320*480 Interface : LCM MCU\/RGB Luminance : 300 cd\/m\u00b2","canonical_url":"https:\/\/rjoytek.com\/fr\/produit\/module-lcd-tft-tn-35-pouces-320x480-rjoytek\/","robots":"max-image-preview:large","keywords":"","webmasterTools":{"miscellaneous":""},"schema":{"@context":"https:\/\/schema.org","@graph":[{"@type":"BreadcrumbList","@id":"https:\/\/rjoytek.com\/fr\/produit\/module-lcd-tft-tn-35-pouces-320x480-rjoytek\/#breadcrumblist","itemListElement":[{"@type":"ListItem","@id":"https:\/\/rjoytek.com\/fr#listItem","position":1,"name":"Home","item":"https:\/\/rjoytek.com\/fr","nextItem":{"@type":"ListItem","@id":"https:\/\/rjoytek.com\/fr\/boutique\/#listItem","name":"Shop"}},{"@type":"ListItem","@id":"https:\/\/rjoytek.com\/fr\/boutique\/#listItem","position":2,"name":"Shop","item":"https:\/\/rjoytek.com\/fr\/boutique\/","nextItem":{"@type":"ListItem","@id":"https:\/\/rjoytek.com\/fr\/categorie-produit\/module-daffichage-lcd-tft\/#listItem","name":"TFT LCD Display Module"},"previousItem":{"@type":"ListItem","@id":"https:\/\/rjoytek.com\/fr#listItem","name":"Home"}},{"@type":"ListItem","@id":"https:\/\/rjoytek.com\/fr\/categorie-produit\/module-daffichage-lcd-tft\/#listItem","position":3,"name":"TFT LCD Display Module","item":"https:\/\/rjoytek.com\/fr\/categorie-produit\/module-daffichage-lcd-tft\/","nextItem":{"@type":"ListItem","@id":"https:\/\/rjoytek.com\/fr\/produit\/module-lcd-tft-tn-35-pouces-320x480-rjoytek\/#listItem","name":"RJOYTEK 3.5 inch 320*480 TN TFT LCD Module"},"previousItem":{"@type":"ListItem","@id":"https:\/\/rjoytek.com\/fr\/boutique\/#listItem","name":"Shop"}},{"@type":"ListItem","@id":"https:\/\/rjoytek.com\/fr\/produit\/module-lcd-tft-tn-35-pouces-320x480-rjoytek\/#listItem","position":4,"name":"RJOYTEK 3.5 inch 320*480 TN TFT LCD Module","previousItem":{"@type":"ListItem","@id":"https:\/\/rjoytek.com\/fr\/categorie-produit\/module-daffichage-lcd-tft\/#listItem","name":"TFT LCD Display Module"}}]},{"@type":"Organization","@id":"https:\/\/rjoytek.com\/fr\/#organization","name":"RJY Display","description":"Top Custom LCD, TFT, OLED Display Manufacturer & Supplier in China.","url":"https:\/\/rjoytek.com\/fr\/","telephone":"+8618872893408","logo":{"@type":"ImageObject","url":"https:\/\/rjoytek.com\/wp-content\/uploads\/2025\/07\/LOGO1-scaled.png","@id":"https:\/\/rjoytek.com\/fr\/produit\/module-lcd-tft-tn-35-pouces-320x480-rjoytek\/#organizationLogo","width":2560,"height":416},"image":{"@id":"https:\/\/rjoytek.com\/fr\/produit\/module-lcd-tft-tn-35-pouces-320x480-rjoytek\/#organizationLogo"},"sameAs":["https:\/\/www.facebook.com\/RjoytekLCDSolution","https:\/\/www.youtube.com\/@lcdsolution-RJOYTEK","https:\/\/www.linkedin.com\/company\/rjoytek-lcd-solution"]},{"@type":"WebPage","@id":"https:\/\/rjoytek.com\/fr\/produit\/module-lcd-tft-tn-35-pouces-320x480-rjoytek\/#webpage","url":"https:\/\/rjoytek.com\/fr\/produit\/module-lcd-tft-tn-35-pouces-320x480-rjoytek\/","name":"RJOYTEK 3.5 inch 320*480 TN TFT LCD Module - TFT LCD Display Module - Top Custom LCD, TFT, OLED Display Manufacturer & Supplier in China.","description":"Model: RV035HVP-300-45 Size: 3.5 inch lcd module Resolution: 320*480 Interface: MCU\/RGB LCM Luminance: 300 cd\/m\u00b2","inLanguage":"fr-FR","isPartOf":{"@id":"https:\/\/rjoytek.com\/fr\/#website"},"breadcrumb":{"@id":"https:\/\/rjoytek.com\/fr\/produit\/module-lcd-tft-tn-35-pouces-320x480-rjoytek\/#breadcrumblist"},"image":{"@type":"ImageObject","url":"https:\/\/rjoytek.com\/wp-content\/uploads\/2022\/06\/1-3.jpg","@id":"https:\/\/rjoytek.com\/fr\/produit\/module-lcd-tft-tn-35-pouces-320x480-rjoytek\/#mainImage","width":2268,"height":2268},"primaryImageOfPage":{"@id":"https:\/\/rjoytek.com\/fr\/produit\/module-lcd-tft-tn-35-pouces-320x480-rjoytek\/#mainImage"},"datePublished":"2022-06-22T07:23:19+00:00","dateModified":"2022-08-01T08:07:08+00:00"},{"@type":"WebSite","@id":"https:\/\/rjoytek.com\/fr\/#website","url":"https:\/\/rjoytek.com\/fr\/","name":"RJY Display","description":"Top Custom LCD, TFT, OLED Display Manufacturer & Supplier in China.","inLanguage":"fr-FR","publisher":{"@id":"https:\/\/rjoytek.com\/fr\/#organization"}}]},"og:locale":"fr_FR","og:site_name":"RJY Display - Top Custom LCD, TFT, OLED Display Manufacturer &amp; Supplier in China.","og:type":"article","og:title":"RJOYTEK 3.5 inch 320*480 TN TFT LCD Module - TFT LCD Display Module - Top Custom LCD, TFT, OLED Display Manufacturer &amp; Supplier in China.","og:description":"Model: RV035HVP-300-45 Size: 3.5 inch lcd module Resolution: 320*480 Interface: MCU\/RGB LCM Luminance: 300 cd\/m\u00b2","og:url":"https:\/\/rjoytek.com\/fr\/produit\/module-lcd-tft-tn-35-pouces-320x480-rjoytek\/","og:image":"https:\/\/rjoytek.com\/wp-content\/uploads\/2024\/08\/cropped-LOGO.png","og:image:secure_url":"https:\/\/rjoytek.com\/wp-content\/uploads\/2024\/08\/cropped-LOGO.png","og:image:width":512,"og:image:height":512,"article:published_time":"2022-06-22T07:23:19+00:00","article:modified_time":"2022-08-01T08:07:08+00:00","article:publisher":"https:\/\/www.facebook.com\/RjoytekLCDSolution","twitter:card":"summary_large_image","twitter:title":"RJOYTEK 3.5 inch 320*480 TN TFT LCD Module - TFT LCD Display Module - Top Custom LCD, TFT, OLED Display Manufacturer &amp; Supplier in China.","twitter:description":"Model: RV035HVP-300-45 Size: 3.5 inch lcd module Resolution: 320*480 Interface: MCU\/RGB LCM Luminance: 300 cd\/m\u00b2","twitter:image":"https:\/\/rjoytek.com\/wp-content\/uploads\/2024\/08\/cropped-LOGO.png"},"aioseo_meta_data":{"post_id":"6647","title":null,"description":null,"keywords":null,"keyphrases":null,"canonical_url":null,"og_title":null,"og_description":null,"og_object_type":"default","og_image_type":"default","og_image_custom_url":null,"og_image_custom_fields":null,"og_custom_image_width":null,"og_custom_image_height":null,"og_video":null,"og_custom_url":null,"og_article_section":null,"og_article_tags":null,"twitter_use_og":true,"twitter_card":"default","twitter_image_type":"default","twitter_image_custom_url":null,"twitter_image_custom_fields":null,"twitter_title":null,"twitter_description":null,"schema_type":null,"schema_type_options":null,"pillar_content":false,"robots_default":true,"robots_noindex":false,"robots_noarchive":false,"robots_nosnippet":false,"robots_nofollow":false,"robots_noimageindex":false,"robots_noodp":false,"robots_notranslate":false,"robots_max_snippet":null,"robots_max_videopreview":null,"robots_max_imagepreview":"none","tabs":null,"priority":null,"frequency":null,"local_seo":null,"created":"2026-03-20 03:53:42","updated":"2026-04-29 00:30:50"},"aioseo_breadcrumb":"<div class=\"aioseo-breadcrumbs\"><span class=\"aioseo-breadcrumb\">\n\t<a href=\"https:\/\/rjoytek.com\/fr\" title=\"Home\">Home<\/a>\n<\/span><span class=\"aioseo-breadcrumb-separator\">\u00bb<\/span><span class=\"aioseo-breadcrumb\">\n\t<a href=\"https:\/\/rjoytek.com\/fr\/boutique\/\" title=\"Shop\">Shop<\/a>\n<\/span><span class=\"aioseo-breadcrumb-separator\">\u00bb<\/span><span class=\"aioseo-breadcrumb\">\n\t<a href=\"https:\/\/rjoytek.com\/fr\/categorie-produit\/module-daffichage-lcd-tft\/\" title=\"TFT LCD Display Module\">TFT LCD Display Module<\/a>\n<\/span><span class=\"aioseo-breadcrumb-separator\">\u00bb<\/span><span class=\"aioseo-breadcrumb\">\n\tRJOYTEK 3.5 inch 320*480 TN TFT LCD Module\n<\/span><\/div>","aioseo_breadcrumb_json":[{"label":"Home","link":"https:\/\/rjoytek.com\/fr"},{"label":"Shop","link":"https:\/\/rjoytek.com\/fr\/boutique\/"},{"label":"TFT LCD Display Module","link":"https:\/\/rjoytek.com\/fr\/categorie-produit\/module-daffichage-lcd-tft\/"},{"label":"RJOYTEK 3.5 inch 320*480 TN TFT LCD Module","link":"https:\/\/rjoytek.com\/fr\/produit\/module-lcd-tft-tn-35-pouces-320x480-rjoytek\/"}],"_links":{"self":[{"href":"https:\/\/rjoytek.com\/fr\/wp-json\/wp\/v2\/product\/6647","targetHints":{"allow":["GET"]}}],"collection":[{"href":"https:\/\/rjoytek.com\/fr\/wp-json\/wp\/v2\/product"}],"about":[{"href":"https:\/\/rjoytek.com\/fr\/wp-json\/wp\/v2\/types\/product"}],"wp:featuredmedia":[{"embeddable":true,"href":"https:\/\/rjoytek.com\/fr\/wp-json\/wp\/v2\/media\/6649"}],"wp:attachment":[{"href":"https:\/\/rjoytek.com\/fr\/wp-json\/wp\/v2\/media?parent=6647"}],"wp:term":[{"taxonomy":"product_cat","embeddable":true,"href":"https:\/\/rjoytek.com\/fr\/wp-json\/wp\/v2\/product_cat?post=6647"},{"taxonomy":"product_tag","embeddable":true,"href":"https:\/\/rjoytek.com\/fr\/wp-json\/wp\/v2\/product_tag?post=6647"}],"curies":[{"name":"wp","href":"https:\/\/api.w.org\/{rel}","templated":true}]}}