{"id":6639,"date":"2022-06-22T06:50:07","date_gmt":"2022-06-22T06:50:07","guid":{"rendered":"https:\/\/rjoytek.com\/?post_type=product&#038;p=6639"},"modified":"2023-06-19T07:48:56","modified_gmt":"2023-06-19T07:48:56","slug":"module-lcd-de-2-pouces-affichage-tft-320x240","status":"publish","type":"product","link":"https:\/\/rjoytek.com\/fr\/produit\/module-lcd-de-2-pouces-affichage-tft-320x240\/","title":{"rendered":"Module LCD de 2 pouces, Affichage TFT 320*240"},"content":{"rendered":"<p style=\"text-align: justify\">Le RV020QVM-300-12 est un \u00e9cran LCD TFT de petite taille de 2,0 pouces avec une r\u00e9solution de 320*240. Ce module LCD TFT de 2 pouces et 320\u00d7240 dispose d'une interface Serial Peripheral Interface (SPI), permettant une connectivit\u00e9 transparente avec une large gamme de microcontr\u00f4leurs et de syst\u00e8mes embarqu\u00e9s.<\/p>\n<p>Ce pilote IC est l'ILI9642, l'angle de vision est un module LCD IPS tout O\"clock.<\/p>\n<p>Pour plus de petits panneaux LCD TFT tels qu'un \u00e9cran LCD de 1,3 pouce, 1,96 pouce, 2,5 pouces, 2,4 pouces, 2,1 pouce ou 2,8 pouces dont vous avez besoin, veuillez nous envoyer une demande.<\/p>\n<table style=\"width: 100%;border-collapse: collapse;border-style: solid;border-color: #aba7a7\">\n<tbody>\n<tr>\n<td style=\"width: 50%;border-style: solid;border-color: #76d0d6\">Mod\u00e8le<\/td>\n<td style=\"width: 50%;border-style: solid;border-color: #76d0d6\">RV020QVM-300-12<\/td>\n<\/tr>\n<tr>\n<td style=\"width: 50%;border-style: solid;border-color: #76d0d6\">Taille<\/td>\n<td style=\"width: 50%;border-style: solid;border-color: #76d0d6\">Module LCD TFT 2,0 pouces<\/td>\n<\/tr>\n<tr>\n<td style=\"width: 50%;border-style: solid;border-color: #76d0d6\">Type d'\u00e9cran LCD<\/td>\n<td style=\"width: 50%;border-style: solid;border-color: #76d0d6\">AM TFT, Transmissif, N\u00e9gatif<\/td>\n<\/tr>\n<tr>\n<td style=\"width: 50%;border-style: solid;border-color: #76d0d6\">Format d'affichage<\/td>\n<td style=\"width: 50%;border-style: solid;border-color: #76d0d6\">320(R,V,B)*240<\/td>\n<\/tr>\n<tr>\n<td style=\"width: 50%;border-style: solid;border-color: #76d0d6\">Donn\u00e9es d'entr\u00e9e<\/td>\n<td style=\"width: 50%;border-style: solid;border-color: #76d0d6\">SPI<\/td>\n<\/tr>\n<tr>\n<td style=\"width: 50%;border-style: solid;border-color: #76d0d6\">Angle de vision<\/td>\n<td style=\"width: 50%;border-style: solid;border-color: #76d0d6\">Toutes orientations (ALL O\u2019clock)<\/td>\n<\/tr>\n<tr>\n<td style=\"width: 50%;border-style: solid;border-color: #76d0d6\">Pilote IC<\/td>\n<td style=\"width: 50%;border-style: solid;border-color: #76d0d6\">ILI9342<\/td>\n<\/tr>\n<tr>\n<td style=\"width: 50%;border-style: solid;border-color: #76d0d6\">Couleurs d'affichage<\/td>\n<td style=\"width: 50%;border-style: solid;border-color: #76d0d6\">16,7 millions<\/td>\n<\/tr>\n<tr>\n<td style=\"width: 50%;border-style: solid;border-color: #76d0d6\">Dimensions du module<\/td>\n<td style=\"width: 50%;border-style: solid;border-color: #76d0d6\">46,1(L)\u00d740,96(l)\u00d72,53(\u00c9p)<\/td>\n<\/tr>\n<tr>\n<td style=\"width: 50%;border-style: solid;border-color: #76d0d6\">Zone active<\/td>\n<td style=\"width: 50%;border-style: solid;border-color: #76d0d6\">40,8(L) \u00d730,6(l)<\/td>\n<\/tr>\n<tr>\n<td style=\"width: 50%;border-style: solid;border-color: #76d0d6\">Taille de pixel<\/td>\n<td style=\"width: 50%;border-style: solid;border-color: #76d0d6\">0,0975 \u00d7 0,0975<\/td>\n<\/tr>\n<tr>\n<td style=\"width: 50%;border-style: solid;border-color: #76d0d6\">Temp\u00e9rature de fonctionnement<\/td>\n<td style=\"width: 50%;border-style: solid;border-color: #76d0d6\">-20 \u00e0 +60 \u2103<\/td>\n<\/tr>\n<tr>\n<td style=\"width: 50%;border-style: solid;border-color: #76d0d6\">Temp\u00e9rature de stockage<\/td>\n<td style=\"width: 50%;border-style: solid;border-color: #76d0d6\">-30 \u00e0 +70 \u2103<\/td>\n<\/tr>\n<tr>\n<td style=\"width: 50%;border-style: solid;border-color: #76d0d6\">Luminance du LCM<\/td>\n<td style=\"width: 50%;border-style: solid;border-color: #76d0d6\">300 cd\/m\u00b2<\/td>\n<\/tr>\n<\/tbody>\n<\/table>\n<p><img fetchpriority=\"high\" decoding=\"async\" class=\"wp-image-6640 size-full\" src=\"https:\/\/rjoytek.com\/wp-content\/uploads\/2022\/06\/RV020QVM-300-12SPI-5.jpg\" alt=\"\" width=\"1500\" height=\"1047\" srcset=\"https:\/\/rjoytek.com\/wp-content\/uploads\/2022\/06\/RV020QVM-300-12SPI-5.jpg 1500w, https:\/\/rjoytek.com\/wp-content\/uploads\/2022\/06\/RV020QVM-300-12SPI-5-1000x698.jpg 1000w, https:\/\/rjoytek.com\/wp-content\/uploads\/2022\/06\/RV020QVM-300-12SPI-5-300x209.jpg 300w, https:\/\/rjoytek.com\/wp-content\/uploads\/2022\/06\/RV020QVM-300-12SPI-5-1024x715.jpg 1024w, https:\/\/rjoytek.com\/wp-content\/uploads\/2022\/06\/RV020QVM-300-12SPI-5-600x419.jpg 600w\" sizes=\"(max-width: 1500px) 100vw, 1500px\" \/><\/p>\n<h3><a href=\"https:\/\/rjoytek.com\/wp-content\/uploads\/2022\/06\/RV020QVM-300-12SPI.pdf\" target=\"_blank\" rel=\"noopener\">T\u00e9l\u00e9charger les sp\u00e9cifications ici<\/a><\/h3>\n<p><img decoding=\"async\" class=\"alignnone size-full wp-image-7149\" src=\"https:\/\/rjoytek.com\/wp-content\/uploads\/2022\/08\/rjoytek-factory-show.jpg\" alt=\"Pr\u00e9sentation de l&#039;usine Rjoytek\" width=\"1500\" height=\"984\" srcset=\"https:\/\/rjoytek.com\/wp-content\/uploads\/2022\/08\/rjoytek-factory-show.jpg 1500w, https:\/\/rjoytek.com\/wp-content\/uploads\/2022\/08\/rjoytek-factory-show-1000x656.jpg 1000w, https:\/\/rjoytek.com\/wp-content\/uploads\/2022\/08\/rjoytek-factory-show-300x197.jpg 300w, https:\/\/rjoytek.com\/wp-content\/uploads\/2022\/08\/rjoytek-factory-show-1024x672.jpg 1024w, https:\/\/rjoytek.com\/wp-content\/uploads\/2022\/08\/rjoytek-factory-show-600x394.jpg 600w\" sizes=\"(max-width: 1500px) 100vw, 1500px\" \/> <img decoding=\"async\" class=\"alignnone size-full wp-image-7150\" src=\"https:\/\/rjoytek.com\/wp-content\/uploads\/2022\/08\/certification1.jpg\" alt=\"\" width=\"1920\" height=\"913\" srcset=\"https:\/\/rjoytek.com\/wp-content\/uploads\/2022\/08\/certification1.jpg 1920w, https:\/\/rjoytek.com\/wp-content\/uploads\/2022\/08\/certification1-1000x476.jpg 1000w, https:\/\/rjoytek.com\/wp-content\/uploads\/2022\/08\/certification1-300x143.jpg 300w, https:\/\/rjoytek.com\/wp-content\/uploads\/2022\/08\/certification1-1024x487.jpg 1024w, https:\/\/rjoytek.com\/wp-content\/uploads\/2022\/08\/certification1-1536x730.jpg 1536w, https:\/\/rjoytek.com\/wp-content\/uploads\/2022\/08\/certification1-600x285.jpg 600w\" sizes=\"(max-width: 1920px) 100vw, 1920px\" \/><\/p>\n<p>&nbsp;<\/p>","protected":false},"excerpt":{"rendered":"<ul>\n<li>Taille : Module LCD 2 pouces<\/li>\n<li>R\u00e9solution : 320*240<\/li>\n<li>Luminosit\u00e9 : 300 nits<\/li>\n<li>Interface : SPI<\/li>\n<li>Pilote IC : ILI9342<\/li>\n<\/ul>\n<p><strong><span style=\"font-size: 14pt\">Prise en charge<\/span><\/strong><\/p>\n<ul>\n<li><span style=\"text-decoration: underline\"><span style=\"color: #0000ff;text-decoration: underline\">Avec carte HDMI<\/span><\/span><\/li>\n<li><span style=\"text-decoration: underline\"><span style=\"color: #0000ff;text-decoration: underline\">Tactile personnalis\u00e9<\/span><\/span><\/li>\n<li><span style=\"text-decoration: underline\"><span style=\"color: #0000ff;text-decoration: underline\">Luminosit\u00e9 personnalis\u00e9e<\/span><\/span><\/li>\n<li><span style=\"text-decoration: underline\"><span style=\"color: #0000ff;text-decoration: underline\">Obtenir le support de carte LCD<\/span><\/span><\/li>\n<\/ul>","protected":false},"featured_media":6641,"template":"","meta":{"_acf_changed":false,"site-sidebar-layout":"default","site-content-layout":"","ast-site-content-layout":"default","site-content-style":"default","site-sidebar-style":"default","ast-global-header-display":"","ast-banner-title-visibility":"","ast-main-header-display":"","ast-hfb-above-header-display":"","ast-hfb-below-header-display":"","ast-hfb-mobile-header-display":"","site-post-title":"","ast-breadcrumbs-content":"","ast-featured-img":"","footer-sml-layout":"","ast-disable-related-posts":"","theme-transparent-header-meta":"","adv-header-id-meta":"","stick-header-meta":"","header-above-stick-meta":"","header-main-stick-meta":"","header-below-stick-meta":"","astra-migrate-meta-layouts":"default","ast-page-background-enabled":"default","ast-page-background-meta":{"desktop":{"background-color":"var(--ast-global-color-5)","background-image":"","background-repeat":"repeat","background-position":"center center","background-size":"auto","background-attachment":"scroll","background-type":"","background-media":"","overlay-type":"","overlay-color":"","overlay-opacity":"","overlay-gradient":""},"tablet":{"background-color":"","background-image":"","background-repeat":"repeat","background-position":"center center","background-size":"auto","background-attachment":"scroll","background-type":"","background-media":"","overlay-type":"","overlay-color":"","overlay-opacity":"","overlay-gradient":""},"mobile":{"background-color":"","background-image":"","background-repeat":"repeat","background-position":"center center","background-size":"auto","background-attachment":"scroll","background-type":"","background-media":"","overlay-type":"","overlay-color":"","overlay-opacity":"","overlay-gradient":""}},"ast-content-background-meta":{"desktop":{"background-color":"var(--ast-global-color-4)","background-image":"","background-repeat":"repeat","background-position":"center center","background-size":"auto","background-attachment":"scroll","background-type":"","background-media":"","overlay-type":"","overlay-color":"","overlay-opacity":"","overlay-gradient":""},"tablet":{"background-color":"var(--ast-global-color-4)","background-image":"","background-repeat":"repeat","background-position":"center center","background-size":"auto","background-attachment":"scroll","background-type":"","background-media":"","overlay-type":"","overlay-color":"","overlay-opacity":"","overlay-gradient":""},"mobile":{"background-color":"var(--ast-global-color-4)","background-image":"","background-repeat":"repeat","background-position":"center center","background-size":"auto","background-attachment":"scroll","background-type":"","background-media":"","overlay-type":"","overlay-color":"","overlay-opacity":"","overlay-gradient":""}}},"product_cat":[15],"product_tag":[159,160],"class_list":{"0":"post-6639","1":"product","2":"type-product","3":"status-publish","4":"has-post-thumbnail","6":"product_cat-tft-lcd-display-module","7":"product_tag-2-inch-lcd-module","8":"product_tag-2-inch-lcd-panel","9":"desktop-align-left","10":"tablet-align-left","11":"mobile-align-left","12":"ast-product-gallery-layout-horizontal-slider","13":"ast-magnify-disabled","14":"ast-qv-on-image","16":"first","17":"instock","18":"shipping-taxable","19":"product-type-simple"},"acf":[],"aioseo_notices":[],"aioseo_head":"\n\t\t<!-- All in One SEO Pro 4.8.3.2 - aioseo.com -->\n\t<meta name=\"description\" content=\"Size: 2 inch lcd module Resolution: 320*240 Brightness: 300nit Interface: SPI IC Driver: ILI9342 Support With HDMI board Custom Touch Custom brightness Get LCD board support\" \/>\n\t<meta name=\"robots\" content=\"max-image-preview:large\" \/>\n\t<link rel=\"canonical\" href=\"https:\/\/rjoytek.com\/fr\/produit\/module-lcd-de-2-pouces-affichage-tft-320x240\/\" \/>\n\t<meta name=\"generator\" content=\"All in One SEO Pro (AIOSEO) 4.8.3.2\" \/>\n\t\t<meta property=\"og:locale\" content=\"fr_FR\" \/>\n\t\t<meta property=\"og:site_name\" content=\"RJY Display - Top Custom LCD, TFT, OLED Display Manufacturer &amp; Supplier in China.\" \/>\n\t\t<meta property=\"og:type\" content=\"article\" \/>\n\t\t<meta property=\"og:title\" content=\"2 inch LCD Module 320*240 TFT Display - TFT LCD Display Module - Top Custom LCD, TFT, OLED Display Manufacturer &amp; Supplier in China.\" \/>\n\t\t<meta property=\"og:description\" content=\"Size: 2 inch lcd module Resolution: 320*240 Brightness: 300nit Interface: SPI IC Driver: ILI9342 Support With HDMI board Custom Touch Custom brightness Get LCD board support\" \/>\n\t\t<meta property=\"og:url\" content=\"https:\/\/rjoytek.com\/fr\/produit\/module-lcd-de-2-pouces-affichage-tft-320x240\/\" \/>\n\t\t<meta property=\"og:image\" content=\"https:\/\/rjoytek.com\/wp-content\/uploads\/2024\/08\/cropped-LOGO.png\" \/>\n\t\t<meta property=\"og:image:secure_url\" content=\"https:\/\/rjoytek.com\/wp-content\/uploads\/2024\/08\/cropped-LOGO.png\" \/>\n\t\t<meta property=\"og:image:width\" content=\"512\" \/>\n\t\t<meta property=\"og:image:height\" content=\"512\" \/>\n\t\t<meta property=\"article:published_time\" content=\"2022-06-22T06:50:07+00:00\" \/>\n\t\t<meta property=\"article:modified_time\" content=\"2023-06-19T07:48:56+00:00\" \/>\n\t\t<meta property=\"article:publisher\" content=\"https:\/\/www.facebook.com\/RjoytekLCDSolution\" \/>\n\t\t<meta name=\"twitter:card\" content=\"summary_large_image\" \/>\n\t\t<meta name=\"twitter:title\" content=\"2 inch LCD Module 320*240 TFT Display - TFT LCD Display Module - Top Custom LCD, TFT, OLED Display Manufacturer &amp; Supplier in China.\" \/>\n\t\t<meta name=\"twitter:description\" content=\"Size: 2 inch lcd module Resolution: 320*240 Brightness: 300nit Interface: SPI IC Driver: ILI9342 Support With HDMI board Custom Touch Custom brightness Get LCD board support\" \/>\n\t\t<meta name=\"twitter:image\" content=\"https:\/\/rjoytek.com\/wp-content\/uploads\/2024\/08\/cropped-LOGO.png\" \/>\n\t\t<script type=\"application\/ld+json\" class=\"aioseo-schema\">\n\t\t\t{\"@context\":\"https:\\\/\\\/schema.org\",\"@graph\":[{\"@type\":\"BreadcrumbList\",\"@id\":\"https:\\\/\\\/rjoytek.com\\\/fr\\\/produit\\\/module-lcd-de-2-pouces-affichage-tft-320x240\\\/#breadcrumblist\",\"itemListElement\":[{\"@type\":\"ListItem\",\"@id\":\"https:\\\/\\\/rjoytek.com\\\/fr#listItem\",\"position\":1,\"name\":\"Home\",\"item\":\"https:\\\/\\\/rjoytek.com\\\/fr\",\"nextItem\":{\"@type\":\"ListItem\",\"@id\":\"https:\\\/\\\/rjoytek.com\\\/fr\\\/boutique\\\/#listItem\",\"name\":\"Shop\"}},{\"@type\":\"ListItem\",\"@id\":\"https:\\\/\\\/rjoytek.com\\\/fr\\\/boutique\\\/#listItem\",\"position\":2,\"name\":\"Shop\",\"item\":\"https:\\\/\\\/rjoytek.com\\\/fr\\\/boutique\\\/\",\"nextItem\":{\"@type\":\"ListItem\",\"@id\":\"https:\\\/\\\/rjoytek.com\\\/fr\\\/categorie-produit\\\/module-daffichage-lcd-tft\\\/#listItem\",\"name\":\"TFT LCD Display Module\"},\"previousItem\":{\"@type\":\"ListItem\",\"@id\":\"https:\\\/\\\/rjoytek.com\\\/fr#listItem\",\"name\":\"Home\"}},{\"@type\":\"ListItem\",\"@id\":\"https:\\\/\\\/rjoytek.com\\\/fr\\\/categorie-produit\\\/module-daffichage-lcd-tft\\\/#listItem\",\"position\":3,\"name\":\"TFT LCD Display Module\",\"item\":\"https:\\\/\\\/rjoytek.com\\\/fr\\\/categorie-produit\\\/module-daffichage-lcd-tft\\\/\",\"nextItem\":{\"@type\":\"ListItem\",\"@id\":\"https:\\\/\\\/rjoytek.com\\\/fr\\\/produit\\\/module-lcd-de-2-pouces-affichage-tft-320x240\\\/#listItem\",\"name\":\"2 inch LCD Module 320*240 TFT Display\"},\"previousItem\":{\"@type\":\"ListItem\",\"@id\":\"https:\\\/\\\/rjoytek.com\\\/fr\\\/boutique\\\/#listItem\",\"name\":\"Shop\"}},{\"@type\":\"ListItem\",\"@id\":\"https:\\\/\\\/rjoytek.com\\\/fr\\\/produit\\\/module-lcd-de-2-pouces-affichage-tft-320x240\\\/#listItem\",\"position\":4,\"name\":\"2 inch LCD Module 320*240 TFT Display\",\"previousItem\":{\"@type\":\"ListItem\",\"@id\":\"https:\\\/\\\/rjoytek.com\\\/fr\\\/categorie-produit\\\/module-daffichage-lcd-tft\\\/#listItem\",\"name\":\"TFT LCD Display Module\"}}]},{\"@type\":\"Organization\",\"@id\":\"https:\\\/\\\/rjoytek.com\\\/fr\\\/#organization\",\"name\":\"RJY Display\",\"description\":\"Top Custom LCD, TFT, OLED Display Manufacturer & Supplier in China.\",\"url\":\"https:\\\/\\\/rjoytek.com\\\/fr\\\/\",\"telephone\":\"+8618872893408\",\"logo\":{\"@type\":\"ImageObject\",\"url\":\"https:\\\/\\\/rjoytek.com\\\/wp-content\\\/uploads\\\/2025\\\/07\\\/LOGO1-scaled.png\",\"@id\":\"https:\\\/\\\/rjoytek.com\\\/fr\\\/produit\\\/module-lcd-de-2-pouces-affichage-tft-320x240\\\/#organizationLogo\",\"width\":2560,\"height\":416},\"image\":{\"@id\":\"https:\\\/\\\/rjoytek.com\\\/fr\\\/produit\\\/module-lcd-de-2-pouces-affichage-tft-320x240\\\/#organizationLogo\"},\"sameAs\":[\"https:\\\/\\\/www.facebook.com\\\/RjoytekLCDSolution\",\"https:\\\/\\\/www.youtube.com\\\/@lcdsolution-RJOYTEK\",\"https:\\\/\\\/www.linkedin.com\\\/company\\\/rjoytek-lcd-solution\"]},{\"@type\":\"WebPage\",\"@id\":\"https:\\\/\\\/rjoytek.com\\\/fr\\\/produit\\\/module-lcd-de-2-pouces-affichage-tft-320x240\\\/#webpage\",\"url\":\"https:\\\/\\\/rjoytek.com\\\/fr\\\/produit\\\/module-lcd-de-2-pouces-affichage-tft-320x240\\\/\",\"name\":\"2 inch LCD Module 320*240 TFT Display - TFT LCD Display Module - Top Custom LCD, TFT, OLED Display Manufacturer & Supplier in China.\",\"description\":\"Size: 2 inch lcd module Resolution: 320*240 Brightness: 300nit Interface: SPI IC Driver: ILI9342 Support With HDMI board Custom Touch Custom brightness Get LCD board support\",\"inLanguage\":\"fr-FR\",\"isPartOf\":{\"@id\":\"https:\\\/\\\/rjoytek.com\\\/fr\\\/#website\"},\"breadcrumb\":{\"@id\":\"https:\\\/\\\/rjoytek.com\\\/fr\\\/produit\\\/module-lcd-de-2-pouces-affichage-tft-320x240\\\/#breadcrumblist\"},\"image\":{\"@type\":\"ImageObject\",\"url\":\"https:\\\/\\\/rjoytek.com\\\/wp-content\\\/uploads\\\/2022\\\/06\\\/2-inch-lcd-module.jpg\",\"@id\":\"https:\\\/\\\/rjoytek.com\\\/fr\\\/produit\\\/module-lcd-de-2-pouces-affichage-tft-320x240\\\/#mainImage\",\"width\":800,\"height\":800},\"primaryImageOfPage\":{\"@id\":\"https:\\\/\\\/rjoytek.com\\\/fr\\\/produit\\\/module-lcd-de-2-pouces-affichage-tft-320x240\\\/#mainImage\"},\"datePublished\":\"2022-06-22T06:50:07+00:00\",\"dateModified\":\"2023-06-19T07:48:56+00:00\"},{\"@type\":\"WebSite\",\"@id\":\"https:\\\/\\\/rjoytek.com\\\/fr\\\/#website\",\"url\":\"https:\\\/\\\/rjoytek.com\\\/fr\\\/\",\"name\":\"RJY Display\",\"description\":\"Top Custom LCD, TFT, OLED Display Manufacturer & Supplier in China.\",\"inLanguage\":\"fr-FR\",\"publisher\":{\"@id\":\"https:\\\/\\\/rjoytek.com\\\/fr\\\/#organization\"}}]}\n\t\t<\/script>\n\t\t<!-- All in One SEO Pro -->\r\n\t\t<title>2 inch LCD Module 320*240 TFT Display - TFT LCD Display Module - Top Custom LCD, TFT, OLED Display Manufacturer &amp; Supplier in China.<\/title>\n\n","aioseo_head_json":{"title":"Module LCD 2 pouces 320*240 Affichage TFT - Module d'affichage LCD TFT - Fabricant et fournisseur leader en Chine d'\u00e9crans LCD, TFT et OLED sur mesure.","description":"Taille : Module LCD de 2 pouces","canonical_url":"https:\/\/rjoytek.com\/fr\/produit\/module-lcd-de-2-pouces-affichage-tft-320x240\/","robots":"max-image-preview:large","keywords":"","webmasterTools":{"miscellaneous":""},"schema":{"@context":"https:\/\/schema.org","@graph":[{"@type":"BreadcrumbList","@id":"https:\/\/rjoytek.com\/fr\/produit\/module-lcd-de-2-pouces-affichage-tft-320x240\/#breadcrumblist","itemListElement":[{"@type":"ListItem","@id":"https:\/\/rjoytek.com\/fr#listItem","position":1,"name":"Home","item":"https:\/\/rjoytek.com\/fr","nextItem":{"@type":"ListItem","@id":"https:\/\/rjoytek.com\/fr\/boutique\/#listItem","name":"Shop"}},{"@type":"ListItem","@id":"https:\/\/rjoytek.com\/fr\/boutique\/#listItem","position":2,"name":"Shop","item":"https:\/\/rjoytek.com\/fr\/boutique\/","nextItem":{"@type":"ListItem","@id":"https:\/\/rjoytek.com\/fr\/categorie-produit\/module-daffichage-lcd-tft\/#listItem","name":"TFT LCD Display Module"},"previousItem":{"@type":"ListItem","@id":"https:\/\/rjoytek.com\/fr#listItem","name":"Home"}},{"@type":"ListItem","@id":"https:\/\/rjoytek.com\/fr\/categorie-produit\/module-daffichage-lcd-tft\/#listItem","position":3,"name":"TFT LCD Display Module","item":"https:\/\/rjoytek.com\/fr\/categorie-produit\/module-daffichage-lcd-tft\/","nextItem":{"@type":"ListItem","@id":"https:\/\/rjoytek.com\/fr\/produit\/module-lcd-de-2-pouces-affichage-tft-320x240\/#listItem","name":"2 inch LCD Module 320*240 TFT Display"},"previousItem":{"@type":"ListItem","@id":"https:\/\/rjoytek.com\/fr\/boutique\/#listItem","name":"Shop"}},{"@type":"ListItem","@id":"https:\/\/rjoytek.com\/fr\/produit\/module-lcd-de-2-pouces-affichage-tft-320x240\/#listItem","position":4,"name":"2 inch LCD Module 320*240 TFT Display","previousItem":{"@type":"ListItem","@id":"https:\/\/rjoytek.com\/fr\/categorie-produit\/module-daffichage-lcd-tft\/#listItem","name":"TFT LCD Display Module"}}]},{"@type":"Organization","@id":"https:\/\/rjoytek.com\/fr\/#organization","name":"RJY Display","description":"Top Custom LCD, TFT, OLED Display Manufacturer & Supplier in China.","url":"https:\/\/rjoytek.com\/fr\/","telephone":"+8618872893408","logo":{"@type":"ImageObject","url":"https:\/\/rjoytek.com\/wp-content\/uploads\/2025\/07\/LOGO1-scaled.png","@id":"https:\/\/rjoytek.com\/fr\/produit\/module-lcd-de-2-pouces-affichage-tft-320x240\/#organizationLogo","width":2560,"height":416},"image":{"@id":"https:\/\/rjoytek.com\/fr\/produit\/module-lcd-de-2-pouces-affichage-tft-320x240\/#organizationLogo"},"sameAs":["https:\/\/www.facebook.com\/RjoytekLCDSolution","https:\/\/www.youtube.com\/@lcdsolution-RJOYTEK","https:\/\/www.linkedin.com\/company\/rjoytek-lcd-solution"]},{"@type":"WebPage","@id":"https:\/\/rjoytek.com\/fr\/produit\/module-lcd-de-2-pouces-affichage-tft-320x240\/#webpage","url":"https:\/\/rjoytek.com\/fr\/produit\/module-lcd-de-2-pouces-affichage-tft-320x240\/","name":"2 inch LCD Module 320*240 TFT Display - TFT LCD Display Module - Top Custom LCD, TFT, OLED Display Manufacturer & Supplier in China.","description":"Size: 2 inch lcd module Resolution: 320*240 Brightness: 300nit Interface: SPI IC Driver: ILI9342 Support With HDMI board Custom Touch Custom brightness Get LCD board support","inLanguage":"fr-FR","isPartOf":{"@id":"https:\/\/rjoytek.com\/fr\/#website"},"breadcrumb":{"@id":"https:\/\/rjoytek.com\/fr\/produit\/module-lcd-de-2-pouces-affichage-tft-320x240\/#breadcrumblist"},"image":{"@type":"ImageObject","url":"https:\/\/rjoytek.com\/wp-content\/uploads\/2022\/06\/2-inch-lcd-module.jpg","@id":"https:\/\/rjoytek.com\/fr\/produit\/module-lcd-de-2-pouces-affichage-tft-320x240\/#mainImage","width":800,"height":800},"primaryImageOfPage":{"@id":"https:\/\/rjoytek.com\/fr\/produit\/module-lcd-de-2-pouces-affichage-tft-320x240\/#mainImage"},"datePublished":"2022-06-22T06:50:07+00:00","dateModified":"2023-06-19T07:48:56+00:00"},{"@type":"WebSite","@id":"https:\/\/rjoytek.com\/fr\/#website","url":"https:\/\/rjoytek.com\/fr\/","name":"RJY Display","description":"Top Custom LCD, TFT, OLED Display Manufacturer & Supplier in China.","inLanguage":"fr-FR","publisher":{"@id":"https:\/\/rjoytek.com\/fr\/#organization"}}]},"og:locale":"fr_FR","og:site_name":"RJY Display - Top Custom LCD, TFT, OLED Display Manufacturer &amp; Supplier in China.","og:type":"article","og:title":"2 inch LCD Module 320*240 TFT Display - TFT LCD Display Module - Top Custom LCD, TFT, OLED Display Manufacturer &amp; Supplier in China.","og:description":"Size: 2 inch lcd module Resolution: 320*240 Brightness: 300nit Interface: SPI IC Driver: ILI9342 Support With HDMI board Custom Touch Custom brightness Get LCD board support","og:url":"https:\/\/rjoytek.com\/fr\/produit\/module-lcd-de-2-pouces-affichage-tft-320x240\/","og:image":"https:\/\/rjoytek.com\/wp-content\/uploads\/2024\/08\/cropped-LOGO.png","og:image:secure_url":"https:\/\/rjoytek.com\/wp-content\/uploads\/2024\/08\/cropped-LOGO.png","og:image:width":512,"og:image:height":512,"article:published_time":"2022-06-22T06:50:07+00:00","article:modified_time":"2023-06-19T07:48:56+00:00","article:publisher":"https:\/\/www.facebook.com\/RjoytekLCDSolution","twitter:card":"summary_large_image","twitter:title":"2 inch LCD Module 320*240 TFT Display - TFT LCD Display Module - Top Custom LCD, TFT, OLED Display Manufacturer &amp; Supplier in China.","twitter:description":"Size: 2 inch lcd module Resolution: 320*240 Brightness: 300nit Interface: SPI IC Driver: ILI9342 Support With HDMI board Custom Touch Custom brightness Get LCD board support","twitter:image":"https:\/\/rjoytek.com\/wp-content\/uploads\/2024\/08\/cropped-LOGO.png"},"aioseo_meta_data":{"post_id":"6639","title":null,"description":null,"keywords":null,"keyphrases":null,"canonical_url":null,"og_title":null,"og_description":null,"og_object_type":"default","og_image_type":"default","og_image_custom_url":null,"og_image_custom_fields":null,"og_custom_image_width":null,"og_custom_image_height":null,"og_video":null,"og_custom_url":null,"og_article_section":null,"og_article_tags":null,"twitter_use_og":true,"twitter_card":"default","twitter_image_type":"default","twitter_image_custom_url":null,"twitter_image_custom_fields":null,"twitter_title":null,"twitter_description":null,"schema_type":null,"schema_type_options":null,"pillar_content":false,"robots_default":true,"robots_noindex":false,"robots_noarchive":false,"robots_nosnippet":false,"robots_nofollow":false,"robots_noimageindex":false,"robots_noodp":false,"robots_notranslate":false,"robots_max_snippet":null,"robots_max_videopreview":null,"robots_max_imagepreview":"none","tabs":null,"priority":null,"frequency":null,"local_seo":null,"created":"2026-03-20 03:53:42","updated":"2026-04-28 12:41:28"},"aioseo_breadcrumb":"<div class=\"aioseo-breadcrumbs\"><span class=\"aioseo-breadcrumb\">\n\t<a href=\"https:\/\/rjoytek.com\/fr\" title=\"Home\">Home<\/a>\n<\/span><span class=\"aioseo-breadcrumb-separator\">\u00bb<\/span><span class=\"aioseo-breadcrumb\">\n\t<a href=\"https:\/\/rjoytek.com\/fr\/boutique\/\" title=\"Shop\">Shop<\/a>\n<\/span><span class=\"aioseo-breadcrumb-separator\">\u00bb<\/span><span class=\"aioseo-breadcrumb\">\n\t<a href=\"https:\/\/rjoytek.com\/fr\/categorie-produit\/module-daffichage-lcd-tft\/\" title=\"TFT LCD Display Module\">TFT LCD Display Module<\/a>\n<\/span><span class=\"aioseo-breadcrumb-separator\">\u00bb<\/span><span class=\"aioseo-breadcrumb\">\n\t2 inch LCD Module 320*240 TFT Display\n<\/span><\/div>","aioseo_breadcrumb_json":[{"label":"Home","link":"https:\/\/rjoytek.com\/fr"},{"label":"Shop","link":"https:\/\/rjoytek.com\/fr\/boutique\/"},{"label":"TFT LCD Display Module","link":"https:\/\/rjoytek.com\/fr\/categorie-produit\/module-daffichage-lcd-tft\/"},{"label":"2 inch LCD Module 320*240 TFT Display","link":"https:\/\/rjoytek.com\/fr\/produit\/module-lcd-de-2-pouces-affichage-tft-320x240\/"}],"_links":{"self":[{"href":"https:\/\/rjoytek.com\/fr\/wp-json\/wp\/v2\/product\/6639","targetHints":{"allow":["GET"]}}],"collection":[{"href":"https:\/\/rjoytek.com\/fr\/wp-json\/wp\/v2\/product"}],"about":[{"href":"https:\/\/rjoytek.com\/fr\/wp-json\/wp\/v2\/types\/product"}],"wp:featuredmedia":[{"embeddable":true,"href":"https:\/\/rjoytek.com\/fr\/wp-json\/wp\/v2\/media\/6641"}],"wp:attachment":[{"href":"https:\/\/rjoytek.com\/fr\/wp-json\/wp\/v2\/media?parent=6639"}],"wp:term":[{"taxonomy":"product_cat","embeddable":true,"href":"https:\/\/rjoytek.com\/fr\/wp-json\/wp\/v2\/product_cat?post=6639"},{"taxonomy":"product_tag","embeddable":true,"href":"https:\/\/rjoytek.com\/fr\/wp-json\/wp\/v2\/product_tag?post=6639"}],"curies":[{"name":"wp","href":"https:\/\/api.w.org\/{rel}","templated":true}]}}