{"id":6622,"date":"2022-06-22T06:21:58","date_gmt":"2022-06-22T06:21:58","guid":{"rendered":"https:\/\/rjoytek.com\/?post_type=product&#038;p=6622"},"modified":"2022-06-22T06:21:58","modified_gmt":"2022-06-22T06:21:58","slug":"ecran-lcd-rjoytek-156-pouces-1920x1080-interface-edp-pour-panneau-daffichage-tft-dordinateur-portable","status":"publish","type":"product","link":"https:\/\/rjoytek.com\/fr\/produit\/ecran-lcd-rjoytek-156-pouces-1920x1080-interface-edp-pour-panneau-daffichage-tft-dordinateur-portable\/","title":{"rendered":"\u00c9cran LCD RJOYTEK 15,6 pouces 1920*1080, Interface eDP, Panneau d'affichage TFT pour ordinateur portable"},"content":{"rendered":"<table style=\"width: 100%;border-collapse: collapse;border-style: solid;border-color: #e3e1e1;height: 485px\">\n<tbody>\n<tr style=\"height: 26px\">\n<td style=\"width: 50%;height: 26px\">Mod\u00e8le<\/td>\n<td style=\"width: 50%;height: 26px\">PG156CS01-2<\/td>\n<\/tr>\n<tr style=\"height: 26px\">\n<td style=\"width: 50%;height: 26px\">Taille<\/td>\n<td style=\"width: 50%;height: 26px\">Module d'affichage LCD TFT 15,6 pouces<\/td>\n<\/tr>\n<tr style=\"height: 26px\">\n<td style=\"width: 50%;height: 26px\">Zone active<\/td>\n<td style=\"width: 50%;height: 26px\">344,16(H) \u00d7 193,59(V)<\/td>\n<\/tr>\n<tr style=\"height: 26px\">\n<td style=\"width: 50%;height: 26px\">Nombre de pixels<\/td>\n<td style=\"width: 50%;height: 26px\">1920(H) \u00d7 1080(V)<\/td>\n<\/tr>\n<tr style=\"height: 26px\">\n<td style=\"width: 50%;height: 26px\">Pas de pixels (Pixel pitch)<\/td>\n<td style=\"width: 50%;height: 26px\">0,17925(H) \u00d7 0,17925(V)<\/td>\n<\/tr>\n<tr style=\"height: 26px\">\n<td style=\"width: 50%;height: 26px\">Disposition des pixels<\/td>\n<td style=\"width: 50%;height: 26px\">Bande verticale RVB<\/td>\n<\/tr>\n<tr style=\"height: 26px\">\n<td style=\"width: 50%;height: 26px\">Couleurs affich\u00e9es<\/td>\n<td style=\"width: 50%;height: 26px\">16,7M (6 bits + Hi FRC)<\/td>\n<\/tr>\n<tr style=\"height: 26px\">\n<td style=\"width: 50%;height: 26px\">Gamme de couleurs<\/td>\n<td style=\"width: 50%;height: 26px\">NTSC 45% (Typ), 42% (Min)<\/td>\n<\/tr>\n<tr style=\"height: 26px\">\n<td style=\"width: 50%;height: 26px\">Mode d'affichage<\/td>\n<td style=\"width: 50%;height: 26px\">Noir normalement<\/td>\n<\/tr>\n<tr style=\"height: 97px\">\n<td style=\"width: 50%;height: 97px\">Dimensions externes<\/td>\n<td style=\"width: 50%;height: 97px\">350,66\u00b10,3(H)*205,25\u00b10,3(V)*3,2Max (Sans carte PCBA)<\/p>\n<p>350,66\u00b10,3(H)*214,75\u00b10,5(V)*3,2Max (Avec carte PCBA)<\/td>\n<\/tr>\n<tr style=\"height: 10px\">\n<td style=\"width: 50%;height: 10px\">Traitement de surface<\/td>\n<td style=\"width: 50%;height: 10px\">Traitement anti-reflets<\/td>\n<\/tr>\n<tr style=\"height: 48px\">\n<td style=\"width: 50%;height: 48px\">Duret\u00e9 de surface<\/td>\n<td style=\"width: 50%;height: 48px\">3H<\/td>\n<\/tr>\n<tr style=\"height: 48px\">\n<td style=\"width: 50%;height: 48px\">Temp\u00e9rature de fonctionnement<\/td>\n<td style=\"width: 50%;height: 48px\">0-50 \u00b0C<\/td>\n<\/tr>\n<tr style=\"height: 48px\">\n<td style=\"width: 50%;height: 48px\">Temp\u00e9rature de stockage<\/td>\n<td style=\"width: 50%;height: 48px\">-20-60 \u00b0C<\/td>\n<\/tr>\n<\/tbody>\n<\/table>\n<p>&nbsp;<\/p>\n<p><img fetchpriority=\"high\" decoding=\"async\" class=\"wp-image-6623 size-large\" src=\"https:\/\/rjoytek.com\/wp-content\/uploads\/2022\/06\/PG156CS01-2-1024x610.jpg\" alt=\"\" width=\"1024\" height=\"610\" srcset=\"https:\/\/rjoytek.com\/wp-content\/uploads\/2022\/06\/PG156CS01-2-1024x610.jpg 1024w, https:\/\/rjoytek.com\/wp-content\/uploads\/2022\/06\/PG156CS01-2-1000x596.jpg 1000w, https:\/\/rjoytek.com\/wp-content\/uploads\/2022\/06\/PG156CS01-2-300x179.jpg 300w, https:\/\/rjoytek.com\/wp-content\/uploads\/2022\/06\/PG156CS01-2-1536x916.jpg 1536w, https:\/\/rjoytek.com\/wp-content\/uploads\/2022\/06\/PG156CS01-2-2048x1221.jpg 2048w, https:\/\/rjoytek.com\/wp-content\/uploads\/2022\/06\/PG156CS01-2-600x358.jpg 600w\" sizes=\"(max-width: 1024px) 100vw, 1024px\" \/><\/p>\n<p><img decoding=\"async\" class=\"alignnone wp-image-6624 size-full\" src=\"https:\/\/rjoytek.com\/wp-content\/uploads\/2022\/06\/7-\u526f\u672c.jpg\" alt=\"\" width=\"800\" height=\"375\" srcset=\"https:\/\/rjoytek.com\/wp-content\/uploads\/2022\/06\/7-\u526f\u672c.jpg 800w, https:\/\/rjoytek.com\/wp-content\/uploads\/2022\/06\/7-\u526f\u672c-300x141.jpg 300w, https:\/\/rjoytek.com\/wp-content\/uploads\/2022\/06\/7-\u526f\u672c-600x281.jpg 600w\" sizes=\"(max-width: 800px) 100vw, 800px\" \/><\/p>","protected":false},"excerpt":{"rendered":"<p><strong>Caract\u00e9ristiques<\/strong><br \/>\n(1) Interface eDP \u00e0 2 voies avec d\u00e9bits de liaison de 2,7 Gbps<br \/>\n(2) Profondeur de couleur 16,7M (6 bits + Hi FRC), gamme de couleurs 45% NTSC (Typ), 42% NTSC (Min)<br \/>\n(3) Produit \u00e9cologique (conforme RoHS &amp; sans halog\u00e8ne)<br \/>\n(4) Circuit d'alimentation LED int\u00e9gr\u00e9<br \/>\n(5) Mode d'att\u00e9nuation LED : DC<\/p>","protected":false},"featured_media":6625,"template":"","meta":{"_acf_changed":false,"site-sidebar-layout":"default","site-content-layout":"","ast-site-content-layout":"default","site-content-style":"default","site-sidebar-style":"default","ast-global-header-display":"","ast-banner-title-visibility":"","ast-main-header-display":"","ast-hfb-above-header-display":"","ast-hfb-below-header-display":"","ast-hfb-mobile-header-display":"","site-post-title":"","ast-breadcrumbs-content":"","ast-featured-img":"","footer-sml-layout":"","ast-disable-related-posts":"","theme-transparent-header-meta":"","adv-header-id-meta":"","stick-header-meta":"","header-above-stick-meta":"","header-main-stick-meta":"","header-below-stick-meta":"","astra-migrate-meta-layouts":"default","ast-page-background-enabled":"default","ast-page-background-meta":{"desktop":{"background-color":"var(--ast-global-color-5)","background-image":"","background-repeat":"repeat","background-position":"center center","background-size":"auto","background-attachment":"scroll","background-type":"","background-media":"","overlay-type":"","overlay-color":"","overlay-opacity":"","overlay-gradient":""},"tablet":{"background-color":"","background-image":"","background-repeat":"repeat","background-position":"center center","background-size":"auto","background-attachment":"scroll","background-type":"","background-media":"","overlay-type":"","overlay-color":"","overlay-opacity":"","overlay-gradient":""},"mobile":{"background-color":"","background-image":"","background-repeat":"repeat","background-position":"center center","background-size":"auto","background-attachment":"scroll","background-type":"","background-media":"","overlay-type":"","overlay-color":"","overlay-opacity":"","overlay-gradient":""}},"ast-content-background-meta":{"desktop":{"background-color":"var(--ast-global-color-4)","background-image":"","background-repeat":"repeat","background-position":"center center","background-size":"auto","background-attachment":"scroll","background-type":"","background-media":"","overlay-type":"","overlay-color":"","overlay-opacity":"","overlay-gradient":""},"tablet":{"background-color":"var(--ast-global-color-4)","background-image":"","background-repeat":"repeat","background-position":"center center","background-size":"auto","background-attachment":"scroll","background-type":"","background-media":"","overlay-type":"","overlay-color":"","overlay-opacity":"","overlay-gradient":""},"mobile":{"background-color":"var(--ast-global-color-4)","background-image":"","background-repeat":"repeat","background-position":"center center","background-size":"auto","background-attachment":"scroll","background-type":"","background-media":"","overlay-type":"","overlay-color":"","overlay-opacity":"","overlay-gradient":""}}},"product_cat":[15],"product_tag":[],"class_list":{"0":"post-6622","1":"product","2":"type-product","3":"status-publish","4":"has-post-thumbnail","6":"product_cat-tft-lcd-display-module","7":"desktop-align-left","8":"tablet-align-left","9":"mobile-align-left","10":"ast-product-gallery-layout-horizontal-slider","11":"ast-magnify-disabled","12":"ast-qv-on-image","14":"first","15":"instock","16":"shipping-taxable","17":"product-type-simple"},"acf":[],"aioseo_notices":[],"aioseo_head":"\n\t\t<!-- All in One SEO Pro 4.8.3.2 - aioseo.com -->\n\t<meta name=\"description\" content=\"Features (1) 2 lane eDP interface with 2.7 Gbps link rates (2) 16.7M(6bits+Hi FRC) color depth, color gamut 45% (3) Green product (RoHS &amp; Halogen free product) (4) On board LED driving circuit (5) LED Dimming Mode DC\" \/>\n\t<meta name=\"robots\" content=\"max-image-preview:large\" \/>\n\t<link rel=\"canonical\" href=\"https:\/\/rjoytek.com\/fr\/produit\/ecran-lcd-rjoytek-156-pouces-1920x1080-interface-edp-pour-panneau-daffichage-tft-dordinateur-portable\/\" \/>\n\t<meta name=\"generator\" content=\"All in One SEO Pro (AIOSEO) 4.8.3.2\" \/>\n\t\t<meta property=\"og:locale\" content=\"fr_FR\" \/>\n\t\t<meta property=\"og:site_name\" content=\"RJY Display - Top Custom LCD, TFT, OLED Display Manufacturer &amp; Supplier in China.\" \/>\n\t\t<meta property=\"og:type\" content=\"article\" \/>\n\t\t<meta property=\"og:title\" content=\"RJOYTEK 15.6 inch LCD Screen 1920*1080 eDP Interface Laptop TFT Display Panel - TFT LCD Display Module - Top Custom LCD, TFT, OLED Display Manufacturer &amp; Supplier in China.\" \/>\n\t\t<meta property=\"og:description\" content=\"Features (1) 2 lane eDP interface with 2.7 Gbps link rates (2) 16.7M(6bits+Hi FRC) color depth, color gamut 45% (3) Green product (RoHS &amp; Halogen free product) (4) On board LED driving circuit (5) LED Dimming Mode DC\" \/>\n\t\t<meta property=\"og:url\" content=\"https:\/\/rjoytek.com\/fr\/produit\/ecran-lcd-rjoytek-156-pouces-1920x1080-interface-edp-pour-panneau-daffichage-tft-dordinateur-portable\/\" \/>\n\t\t<meta property=\"og:image\" content=\"https:\/\/rjoytek.com\/wp-content\/uploads\/2024\/08\/cropped-LOGO.png\" \/>\n\t\t<meta property=\"og:image:secure_url\" content=\"https:\/\/rjoytek.com\/wp-content\/uploads\/2024\/08\/cropped-LOGO.png\" \/>\n\t\t<meta property=\"og:image:width\" content=\"512\" \/>\n\t\t<meta property=\"og:image:height\" content=\"512\" \/>\n\t\t<meta property=\"article:published_time\" content=\"2022-06-22T06:21:58+00:00\" \/>\n\t\t<meta property=\"article:modified_time\" content=\"2022-06-22T06:21:58+00:00\" \/>\n\t\t<meta property=\"article:publisher\" content=\"https:\/\/www.facebook.com\/RjoytekLCDSolution\" \/>\n\t\t<meta name=\"twitter:card\" content=\"summary_large_image\" \/>\n\t\t<meta name=\"twitter:title\" content=\"RJOYTEK 15.6 inch LCD Screen 1920*1080 eDP Interface Laptop TFT Display Panel - TFT LCD Display Module - Top Custom LCD, TFT, OLED Display Manufacturer &amp; Supplier in China.\" \/>\n\t\t<meta name=\"twitter:description\" content=\"Features (1) 2 lane eDP interface with 2.7 Gbps link rates (2) 16.7M(6bits+Hi FRC) color depth, color gamut 45% (3) Green product (RoHS &amp; Halogen free product) (4) On board LED driving circuit (5) LED Dimming Mode DC\" \/>\n\t\t<meta name=\"twitter:image\" content=\"https:\/\/rjoytek.com\/wp-content\/uploads\/2024\/08\/cropped-LOGO.png\" \/>\n\t\t<script type=\"application\/ld+json\" class=\"aioseo-schema\">\n\t\t\t{\"@context\":\"https:\\\/\\\/schema.org\",\"@graph\":[{\"@type\":\"BreadcrumbList\",\"@id\":\"https:\\\/\\\/rjoytek.com\\\/fr\\\/produit\\\/ecran-lcd-rjoytek-156-pouces-1920x1080-interface-edp-pour-panneau-daffichage-tft-dordinateur-portable\\\/#breadcrumblist\",\"itemListElement\":[{\"@type\":\"ListItem\",\"@id\":\"https:\\\/\\\/rjoytek.com\\\/fr#listItem\",\"position\":1,\"name\":\"Home\",\"item\":\"https:\\\/\\\/rjoytek.com\\\/fr\",\"nextItem\":{\"@type\":\"ListItem\",\"@id\":\"https:\\\/\\\/rjoytek.com\\\/fr\\\/boutique\\\/#listItem\",\"name\":\"Shop\"}},{\"@type\":\"ListItem\",\"@id\":\"https:\\\/\\\/rjoytek.com\\\/fr\\\/boutique\\\/#listItem\",\"position\":2,\"name\":\"Shop\",\"item\":\"https:\\\/\\\/rjoytek.com\\\/fr\\\/boutique\\\/\",\"nextItem\":{\"@type\":\"ListItem\",\"@id\":\"https:\\\/\\\/rjoytek.com\\\/fr\\\/categorie-produit\\\/module-daffichage-lcd-tft\\\/#listItem\",\"name\":\"TFT LCD Display Module\"},\"previousItem\":{\"@type\":\"ListItem\",\"@id\":\"https:\\\/\\\/rjoytek.com\\\/fr#listItem\",\"name\":\"Home\"}},{\"@type\":\"ListItem\",\"@id\":\"https:\\\/\\\/rjoytek.com\\\/fr\\\/categorie-produit\\\/module-daffichage-lcd-tft\\\/#listItem\",\"position\":3,\"name\":\"TFT LCD Display Module\",\"item\":\"https:\\\/\\\/rjoytek.com\\\/fr\\\/categorie-produit\\\/module-daffichage-lcd-tft\\\/\",\"nextItem\":{\"@type\":\"ListItem\",\"@id\":\"https:\\\/\\\/rjoytek.com\\\/fr\\\/produit\\\/ecran-lcd-rjoytek-156-pouces-1920x1080-interface-edp-pour-panneau-daffichage-tft-dordinateur-portable\\\/#listItem\",\"name\":\"RJOYTEK 15.6 inch LCD Screen 1920*1080 eDP Interface Laptop TFT Display Panel\"},\"previousItem\":{\"@type\":\"ListItem\",\"@id\":\"https:\\\/\\\/rjoytek.com\\\/fr\\\/boutique\\\/#listItem\",\"name\":\"Shop\"}},{\"@type\":\"ListItem\",\"@id\":\"https:\\\/\\\/rjoytek.com\\\/fr\\\/produit\\\/ecran-lcd-rjoytek-156-pouces-1920x1080-interface-edp-pour-panneau-daffichage-tft-dordinateur-portable\\\/#listItem\",\"position\":4,\"name\":\"RJOYTEK 15.6 inch LCD Screen 1920*1080 eDP Interface Laptop TFT Display Panel\",\"previousItem\":{\"@type\":\"ListItem\",\"@id\":\"https:\\\/\\\/rjoytek.com\\\/fr\\\/categorie-produit\\\/module-daffichage-lcd-tft\\\/#listItem\",\"name\":\"TFT LCD Display Module\"}}]},{\"@type\":\"Organization\",\"@id\":\"https:\\\/\\\/rjoytek.com\\\/fr\\\/#organization\",\"name\":\"RJY Display\",\"description\":\"Top Custom LCD, TFT, OLED Display Manufacturer & Supplier in China.\",\"url\":\"https:\\\/\\\/rjoytek.com\\\/fr\\\/\",\"telephone\":\"+8618872893408\",\"logo\":{\"@type\":\"ImageObject\",\"url\":\"https:\\\/\\\/rjoytek.com\\\/wp-content\\\/uploads\\\/2025\\\/07\\\/LOGO1-scaled.png\",\"@id\":\"https:\\\/\\\/rjoytek.com\\\/fr\\\/produit\\\/ecran-lcd-rjoytek-156-pouces-1920x1080-interface-edp-pour-panneau-daffichage-tft-dordinateur-portable\\\/#organizationLogo\",\"width\":2560,\"height\":416},\"image\":{\"@id\":\"https:\\\/\\\/rjoytek.com\\\/fr\\\/produit\\\/ecran-lcd-rjoytek-156-pouces-1920x1080-interface-edp-pour-panneau-daffichage-tft-dordinateur-portable\\\/#organizationLogo\"},\"sameAs\":[\"https:\\\/\\\/www.facebook.com\\\/RjoytekLCDSolution\",\"https:\\\/\\\/www.youtube.com\\\/@lcdsolution-RJOYTEK\",\"https:\\\/\\\/www.linkedin.com\\\/company\\\/rjoytek-lcd-solution\"]},{\"@type\":\"WebPage\",\"@id\":\"https:\\\/\\\/rjoytek.com\\\/fr\\\/produit\\\/ecran-lcd-rjoytek-156-pouces-1920x1080-interface-edp-pour-panneau-daffichage-tft-dordinateur-portable\\\/#webpage\",\"url\":\"https:\\\/\\\/rjoytek.com\\\/fr\\\/produit\\\/ecran-lcd-rjoytek-156-pouces-1920x1080-interface-edp-pour-panneau-daffichage-tft-dordinateur-portable\\\/\",\"name\":\"RJOYTEK 15.6 inch LCD Screen 1920*1080 eDP Interface Laptop TFT Display Panel - TFT LCD Display Module - Top Custom LCD, TFT, OLED Display Manufacturer & Supplier in China.\",\"description\":\"Features (1) 2 lane eDP interface with 2.7 Gbps link rates (2) 16.7M(6bits+Hi FRC) color depth, color gamut 45% (3) Green product (RoHS & Halogen free product) (4) On board LED driving circuit (5) LED Dimming Mode DC\",\"inLanguage\":\"fr-FR\",\"isPartOf\":{\"@id\":\"https:\\\/\\\/rjoytek.com\\\/fr\\\/#website\"},\"breadcrumb\":{\"@id\":\"https:\\\/\\\/rjoytek.com\\\/fr\\\/produit\\\/ecran-lcd-rjoytek-156-pouces-1920x1080-interface-edp-pour-panneau-daffichage-tft-dordinateur-portable\\\/#breadcrumblist\"},\"image\":{\"@type\":\"ImageObject\",\"url\":\"https:\\\/\\\/rjoytek.com\\\/wp-content\\\/uploads\\\/2022\\\/06\\\/4-\\u526f\\u672c.jpg\",\"@id\":\"https:\\\/\\\/rjoytek.com\\\/fr\\\/produit\\\/ecran-lcd-rjoytek-156-pouces-1920x1080-interface-edp-pour-panneau-daffichage-tft-dordinateur-portable\\\/#mainImage\",\"width\":800,\"height\":800},\"primaryImageOfPage\":{\"@id\":\"https:\\\/\\\/rjoytek.com\\\/fr\\\/produit\\\/ecran-lcd-rjoytek-156-pouces-1920x1080-interface-edp-pour-panneau-daffichage-tft-dordinateur-portable\\\/#mainImage\"},\"datePublished\":\"2022-06-22T06:21:58+00:00\",\"dateModified\":\"2022-06-22T06:21:58+00:00\"},{\"@type\":\"WebSite\",\"@id\":\"https:\\\/\\\/rjoytek.com\\\/fr\\\/#website\",\"url\":\"https:\\\/\\\/rjoytek.com\\\/fr\\\/\",\"name\":\"RJY Display\",\"description\":\"Top Custom LCD, TFT, OLED Display Manufacturer & Supplier in China.\",\"inLanguage\":\"fr-FR\",\"publisher\":{\"@id\":\"https:\\\/\\\/rjoytek.com\\\/fr\\\/#organization\"}}]}\n\t\t<\/script>\n\t\t<!-- All in One SEO Pro -->\r\n\t\t<title>RJOYTEK 15.6 inch LCD Screen 1920*1080 eDP Interface Laptop TFT Display Panel - TFT LCD Display Module - Top Custom LCD, TFT, OLED Display Manufacturer &amp; Supplier in China.<\/title>\n\n","aioseo_head_json":{"title":"\u00c9cran LCD RJOYTEK 15,6 pouces 1920*1080 Interface eDP pour Ordinateur Portable - Module d'Affichage TFT LCD - Fabricant et Fournisseur Principal en Chine d'\u00c9crans LCD, TFT et OLED sur Mesure.","description":"Caract\u00e9ristiques (1) Interface eDP \u00e0 2 voies avec d\u00e9bits de liaison de 2,7 Gbps (2) Profondeur de couleur 16,7M (6 bits + Hi FRC), gamme de couleurs 45% NTSC (3) Produit \u00e9cologique (conforme RoHS et sans halog\u00e8ne) (4) Circuit d'alimentation de LED int\u00e9gr\u00e9 (5) Mode de gradation LED : CC","canonical_url":"https:\/\/rjoytek.com\/fr\/produit\/ecran-lcd-rjoytek-156-pouces-1920x1080-interface-edp-pour-panneau-daffichage-tft-dordinateur-portable\/","robots":"max-image-preview:large","keywords":"","webmasterTools":{"miscellaneous":""},"schema":{"@context":"https:\/\/schema.org","@graph":[{"@type":"BreadcrumbList","@id":"https:\/\/rjoytek.com\/fr\/produit\/ecran-lcd-rjoytek-156-pouces-1920x1080-interface-edp-pour-panneau-daffichage-tft-dordinateur-portable\/#breadcrumblist","itemListElement":[{"@type":"ListItem","@id":"https:\/\/rjoytek.com\/fr#listItem","position":1,"name":"Home","item":"https:\/\/rjoytek.com\/fr","nextItem":{"@type":"ListItem","@id":"https:\/\/rjoytek.com\/fr\/boutique\/#listItem","name":"Shop"}},{"@type":"ListItem","@id":"https:\/\/rjoytek.com\/fr\/boutique\/#listItem","position":2,"name":"Shop","item":"https:\/\/rjoytek.com\/fr\/boutique\/","nextItem":{"@type":"ListItem","@id":"https:\/\/rjoytek.com\/fr\/categorie-produit\/module-daffichage-lcd-tft\/#listItem","name":"TFT LCD Display Module"},"previousItem":{"@type":"ListItem","@id":"https:\/\/rjoytek.com\/fr#listItem","name":"Home"}},{"@type":"ListItem","@id":"https:\/\/rjoytek.com\/fr\/categorie-produit\/module-daffichage-lcd-tft\/#listItem","position":3,"name":"TFT LCD Display Module","item":"https:\/\/rjoytek.com\/fr\/categorie-produit\/module-daffichage-lcd-tft\/","nextItem":{"@type":"ListItem","@id":"https:\/\/rjoytek.com\/fr\/produit\/ecran-lcd-rjoytek-156-pouces-1920x1080-interface-edp-pour-panneau-daffichage-tft-dordinateur-portable\/#listItem","name":"RJOYTEK 15.6 inch LCD Screen 1920*1080 eDP Interface Laptop TFT Display Panel"},"previousItem":{"@type":"ListItem","@id":"https:\/\/rjoytek.com\/fr\/boutique\/#listItem","name":"Shop"}},{"@type":"ListItem","@id":"https:\/\/rjoytek.com\/fr\/produit\/ecran-lcd-rjoytek-156-pouces-1920x1080-interface-edp-pour-panneau-daffichage-tft-dordinateur-portable\/#listItem","position":4,"name":"RJOYTEK 15.6 inch LCD Screen 1920*1080 eDP Interface Laptop TFT Display Panel","previousItem":{"@type":"ListItem","@id":"https:\/\/rjoytek.com\/fr\/categorie-produit\/module-daffichage-lcd-tft\/#listItem","name":"TFT LCD Display Module"}}]},{"@type":"Organization","@id":"https:\/\/rjoytek.com\/fr\/#organization","name":"RJY Display","description":"Top Custom LCD, TFT, OLED Display Manufacturer & Supplier in China.","url":"https:\/\/rjoytek.com\/fr\/","telephone":"+8618872893408","logo":{"@type":"ImageObject","url":"https:\/\/rjoytek.com\/wp-content\/uploads\/2025\/07\/LOGO1-scaled.png","@id":"https:\/\/rjoytek.com\/fr\/produit\/ecran-lcd-rjoytek-156-pouces-1920x1080-interface-edp-pour-panneau-daffichage-tft-dordinateur-portable\/#organizationLogo","width":2560,"height":416},"image":{"@id":"https:\/\/rjoytek.com\/fr\/produit\/ecran-lcd-rjoytek-156-pouces-1920x1080-interface-edp-pour-panneau-daffichage-tft-dordinateur-portable\/#organizationLogo"},"sameAs":["https:\/\/www.facebook.com\/RjoytekLCDSolution","https:\/\/www.youtube.com\/@lcdsolution-RJOYTEK","https:\/\/www.linkedin.com\/company\/rjoytek-lcd-solution"]},{"@type":"WebPage","@id":"https:\/\/rjoytek.com\/fr\/produit\/ecran-lcd-rjoytek-156-pouces-1920x1080-interface-edp-pour-panneau-daffichage-tft-dordinateur-portable\/#webpage","url":"https:\/\/rjoytek.com\/fr\/produit\/ecran-lcd-rjoytek-156-pouces-1920x1080-interface-edp-pour-panneau-daffichage-tft-dordinateur-portable\/","name":"RJOYTEK 15.6 inch LCD Screen 1920*1080 eDP Interface Laptop TFT Display Panel - TFT LCD Display Module - Top Custom LCD, TFT, OLED Display Manufacturer & Supplier in China.","description":"Features (1) 2 lane eDP interface with 2.7 Gbps link rates (2) 16.7M(6bits+Hi FRC) color depth, color gamut 45% (3) Green product (RoHS & Halogen free product) (4) On board LED driving circuit (5) LED Dimming Mode DC","inLanguage":"fr-FR","isPartOf":{"@id":"https:\/\/rjoytek.com\/fr\/#website"},"breadcrumb":{"@id":"https:\/\/rjoytek.com\/fr\/produit\/ecran-lcd-rjoytek-156-pouces-1920x1080-interface-edp-pour-panneau-daffichage-tft-dordinateur-portable\/#breadcrumblist"},"image":{"@type":"ImageObject","url":"https:\/\/rjoytek.com\/wp-content\/uploads\/2022\/06\/4-\u526f\u672c.jpg","@id":"https:\/\/rjoytek.com\/fr\/produit\/ecran-lcd-rjoytek-156-pouces-1920x1080-interface-edp-pour-panneau-daffichage-tft-dordinateur-portable\/#mainImage","width":800,"height":800},"primaryImageOfPage":{"@id":"https:\/\/rjoytek.com\/fr\/produit\/ecran-lcd-rjoytek-156-pouces-1920x1080-interface-edp-pour-panneau-daffichage-tft-dordinateur-portable\/#mainImage"},"datePublished":"2022-06-22T06:21:58+00:00","dateModified":"2022-06-22T06:21:58+00:00"},{"@type":"WebSite","@id":"https:\/\/rjoytek.com\/fr\/#website","url":"https:\/\/rjoytek.com\/fr\/","name":"RJY Display","description":"Top Custom LCD, TFT, OLED Display Manufacturer & Supplier in China.","inLanguage":"fr-FR","publisher":{"@id":"https:\/\/rjoytek.com\/fr\/#organization"}}]},"og:locale":"fr_FR","og:site_name":"RJY Display - Top Custom LCD, TFT, OLED Display Manufacturer &amp; Supplier in China.","og:type":"article","og:title":"RJOYTEK 15.6 inch LCD Screen 1920*1080 eDP Interface Laptop TFT Display Panel - TFT LCD Display Module - Top Custom LCD, TFT, OLED Display Manufacturer &amp; Supplier in China.","og:description":"Features (1) 2 lane eDP interface with 2.7 Gbps link rates (2) 16.7M(6bits+Hi FRC) color depth, color gamut 45% (3) Green product (RoHS &amp; Halogen free product) (4) On board LED driving circuit (5) LED Dimming Mode DC","og:url":"https:\/\/rjoytek.com\/fr\/produit\/ecran-lcd-rjoytek-156-pouces-1920x1080-interface-edp-pour-panneau-daffichage-tft-dordinateur-portable\/","og:image":"https:\/\/rjoytek.com\/wp-content\/uploads\/2024\/08\/cropped-LOGO.png","og:image:secure_url":"https:\/\/rjoytek.com\/wp-content\/uploads\/2024\/08\/cropped-LOGO.png","og:image:width":512,"og:image:height":512,"article:published_time":"2022-06-22T06:21:58+00:00","article:modified_time":"2022-06-22T06:21:58+00:00","article:publisher":"https:\/\/www.facebook.com\/RjoytekLCDSolution","twitter:card":"summary_large_image","twitter:title":"RJOYTEK 15.6 inch LCD Screen 1920*1080 eDP Interface Laptop TFT Display Panel - TFT LCD Display Module - Top Custom LCD, TFT, OLED Display Manufacturer &amp; Supplier in China.","twitter:description":"Features (1) 2 lane eDP interface with 2.7 Gbps link rates (2) 16.7M(6bits+Hi FRC) color depth, color gamut 45% (3) Green product (RoHS &amp; Halogen free product) (4) On board LED driving circuit (5) LED Dimming Mode DC","twitter:image":"https:\/\/rjoytek.com\/wp-content\/uploads\/2024\/08\/cropped-LOGO.png"},"aioseo_meta_data":{"post_id":"6622","title":null,"description":null,"keywords":null,"keyphrases":null,"canonical_url":null,"og_title":null,"og_description":null,"og_object_type":"default","og_image_type":"default","og_image_custom_url":null,"og_image_custom_fields":null,"og_custom_image_width":null,"og_custom_image_height":null,"og_video":null,"og_custom_url":null,"og_article_section":null,"og_article_tags":null,"twitter_use_og":true,"twitter_card":"default","twitter_image_type":"default","twitter_image_custom_url":null,"twitter_image_custom_fields":null,"twitter_title":null,"twitter_description":null,"schema_type":null,"schema_type_options":null,"pillar_content":false,"robots_default":true,"robots_noindex":false,"robots_noarchive":false,"robots_nosnippet":false,"robots_nofollow":false,"robots_noimageindex":false,"robots_noodp":false,"robots_notranslate":false,"robots_max_snippet":null,"robots_max_videopreview":null,"robots_max_imagepreview":"none","tabs":null,"priority":null,"frequency":null,"local_seo":null,"created":"2026-03-20 03:53:42","updated":"2026-04-24 03:19:24"},"aioseo_breadcrumb":"<div class=\"aioseo-breadcrumbs\"><span class=\"aioseo-breadcrumb\">\n\t<a href=\"https:\/\/rjoytek.com\/fr\" title=\"Home\">Home<\/a>\n<\/span><span class=\"aioseo-breadcrumb-separator\">\u00bb<\/span><span class=\"aioseo-breadcrumb\">\n\t<a href=\"https:\/\/rjoytek.com\/fr\/boutique\/\" title=\"Shop\">Shop<\/a>\n<\/span><span class=\"aioseo-breadcrumb-separator\">\u00bb<\/span><span class=\"aioseo-breadcrumb\">\n\t<a href=\"https:\/\/rjoytek.com\/fr\/categorie-produit\/module-daffichage-lcd-tft\/\" title=\"TFT LCD Display Module\">TFT LCD Display Module<\/a>\n<\/span><span class=\"aioseo-breadcrumb-separator\">\u00bb<\/span><span class=\"aioseo-breadcrumb\">\n\tRJOYTEK 15.6 inch LCD Screen 1920*1080 eDP Interface Laptop TFT Display Panel\n<\/span><\/div>","aioseo_breadcrumb_json":[{"label":"Home","link":"https:\/\/rjoytek.com\/fr"},{"label":"Shop","link":"https:\/\/rjoytek.com\/fr\/boutique\/"},{"label":"TFT LCD Display Module","link":"https:\/\/rjoytek.com\/fr\/categorie-produit\/module-daffichage-lcd-tft\/"},{"label":"RJOYTEK 15.6 inch LCD Screen 1920*1080 eDP Interface Laptop TFT Display Panel","link":"https:\/\/rjoytek.com\/fr\/produit\/ecran-lcd-rjoytek-156-pouces-1920x1080-interface-edp-pour-panneau-daffichage-tft-dordinateur-portable\/"}],"_links":{"self":[{"href":"https:\/\/rjoytek.com\/fr\/wp-json\/wp\/v2\/product\/6622","targetHints":{"allow":["GET"]}}],"collection":[{"href":"https:\/\/rjoytek.com\/fr\/wp-json\/wp\/v2\/product"}],"about":[{"href":"https:\/\/rjoytek.com\/fr\/wp-json\/wp\/v2\/types\/product"}],"wp:featuredmedia":[{"embeddable":true,"href":"https:\/\/rjoytek.com\/fr\/wp-json\/wp\/v2\/media\/6625"}],"wp:attachment":[{"href":"https:\/\/rjoytek.com\/fr\/wp-json\/wp\/v2\/media?parent=6622"}],"wp:term":[{"taxonomy":"product_cat","embeddable":true,"href":"https:\/\/rjoytek.com\/fr\/wp-json\/wp\/v2\/product_cat?post=6622"},{"taxonomy":"product_tag","embeddable":true,"href":"https:\/\/rjoytek.com\/fr\/wp-json\/wp\/v2\/product_tag?post=6622"}],"curies":[{"name":"wp","href":"https:\/\/api.w.org\/{rel}","templated":true}]}}