{"id":6602,"date":"2022-06-21T09:57:26","date_gmt":"2022-06-21T09:57:26","guid":{"rendered":"https:\/\/rjoytek.com\/?post_type=product&#038;p=6602"},"modified":"2022-08-16T08:10:31","modified_gmt":"2022-08-16T08:10:31","slug":"module-decran-lcd-rjoytek-238-pouces-fhd-1920x1080-tft","status":"publish","type":"product","link":"https:\/\/rjoytek.com\/fr\/produit\/module-decran-lcd-rjoytek-238-pouces-fhd-1920x1080-tft\/","title":{"rendered":"Module LCD RJOYTEK 23,8 pouces FHD 1920*1080 \u00c9cran LCD TFT"},"content":{"rendered":"<p style=\"text-align: justify\">Le panneau TFT 23,8 pouces est un \u00e9cran d'ordinateur couramment utilis\u00e9 au quotidien, dot\u00e9 d'un angle de vision large IPS et d'un temps de r\u00e9ponse rapide. Avec son mode VA et un rapport de contraste \u00e9lev\u00e9 de 3000:1, il constitue un excellent \u00e9cran LCD pour PC de jeu.<\/p>\n<p>R\u00e9solution FHD 1920*1080 pixels, traitement de surface SAG 40% 3H.<\/p>\n<table style=\"width: 100%;border-collapse: collapse;border-style: solid;border-color: #e0dede;height: 260px\">\n<tbody>\n<tr style=\"height: 26px\">\n<td style=\"width: 50%;height: 26px\">Mod\u00e8le<\/td>\n<td style=\"width: 50%;height: 26px\">P238HVN01.0<\/td>\n<\/tr>\n<tr style=\"height: 26px\">\n<td style=\"width: 50%;height: 26px\">Taille<\/td>\n<td style=\"width: 50%;height: 26px\">Module LCD TFT 23,8 pouces<\/td>\n<\/tr>\n<tr style=\"height: 26px\">\n<td style=\"width: 50%;height: 26px\">Zone active<\/td>\n<td style=\"width: 50%;height: 26px\">527,04(H) x 296,46(V)<\/td>\n<\/tr>\n<tr style=\"height: 26px\">\n<td style=\"width: 50%;height: 26px\">Pixels H x V<\/td>\n<td style=\"width: 50%;height: 26px\">1920 x 1080<\/td>\n<\/tr>\n<tr style=\"height: 26px\">\n<td style=\"width: 50%;height: 26px\">Pas de pixel<\/td>\n<td style=\"width: 50%;height: 26px\">274,5 (par triplet) \u00d7 274,5<\/td>\n<\/tr>\n<tr style=\"height: 26px\">\n<td style=\"width: 50%;height: 26px\">Agencement des pixels<\/td>\n<td style=\"width: 50%;height: 26px\">Bande verticale R.V.B. Carte source en bas<\/td>\n<\/tr>\n<tr style=\"height: 26px\">\n<td style=\"width: 50%;height: 26px\">Mode d'affichage<\/td>\n<td style=\"width: 50%;height: 26px\">Mode VA (Alignement Vertical), Noir Normal<\/td>\n<\/tr>\n<tr style=\"height: 26px\">\n<td style=\"width: 50%;height: 26px\">Luminance du blanc<\/td>\n<td style=\"width: 50%;height: 26px\">250 cd\/m\u00b2 (Typ.)<\/td>\n<\/tr>\n<tr style=\"height: 26px\">\n<td style=\"width: 50%;height: 26px\">Rapport de contraste<\/td>\n<td style=\"width: 50%;height: 26px\">3000 (Typ.)<\/td>\n<\/tr>\n<tr style=\"height: 26px\">\n<td style=\"width: 50%;height: 26px\">Temps de r\u00e9ponse<\/td>\n<td style=\"width: 50%;height: 26px\">16 ms (Typ., on\/off)<\/td>\n<\/tr>\n<tr>\n<td style=\"width: 50%\">Dimensions externes<\/td>\n<td style=\"width: 50%\">543,0(H) x 317,4(V) x 11,2(P) (Typ.)<\/td>\n<\/tr>\n<tr>\n<td style=\"width: 50%\">Interface \u00e9lectrique<\/td>\n<td style=\"width: 50%\">LVDS double canal, entr\u00e9e de donn\u00e9es RVB 8 bits<\/td>\n<\/tr>\n<tr>\n<td style=\"width: 50%\">Palette de couleurs<\/td>\n<td style=\"width: 50%\">16,7 millions de couleurs<\/td>\n<\/tr>\n<tr>\n<td style=\"width: 50%\">Traitement de surface<\/td>\n<td style=\"width: 50%\">SAG 40%, 3H<\/td>\n<\/tr>\n<tr>\n<td style=\"width: 50%\">Temp\u00e9rature de fonctionnement<\/td>\n<td style=\"width: 50%\">0-50 \u00b0C<\/td>\n<\/tr>\n<tr>\n<td style=\"width: 50%\">Temp\u00e9rature de stockage<\/td>\n<td style=\"width: 50%\">-20-60 \u00b0C<\/td>\n<\/tr>\n<tr>\n<td style=\"width: 50%\">Conformit\u00e9 RoHS<\/td>\n<td style=\"width: 50%\">Conformit\u00e9 RoHS<\/td>\n<\/tr>\n<tr>\n<td style=\"width: 50%\">Conformit\u00e9 TCO<\/td>\n<td style=\"width: 50%\">Conformit\u00e9 TCO 8.0<\/td>\n<\/tr>\n<\/tbody>\n<\/table>\n<p>&nbsp;<\/p>\n<p><strong>FAQ (Foire Aux Questions)<\/strong><\/p>\n<p><strong>Q1 : Quels \u00e9l\u00e9ments peuvent \u00eatre personnalis\u00e9s ?<\/strong><br \/>\nR1 : Taille du module LCD, FPC, interface, luminosit\u00e9, logo, r\u00e9solution, etc.<\/p>\n<p><strong>Q2 : Qu'en est-il de la garantie propos\u00e9e ?<\/strong><br \/>\nR2 : Nous offrons une garantie de 12 mois et des produits test\u00e9s.<br \/>\nAucune garantie ne s'applique si :<br \/>\n(1) Dommage d'origine humaine ;<br \/>\n(2) Le produit ne provient pas de notre entreprise.<\/p>\n<p><img fetchpriority=\"high\" decoding=\"async\" class=\"alignnone size-full wp-image-7149\" src=\"https:\/\/rjoytek.com\/wp-content\/uploads\/2022\/08\/rjoytek-factory-show.jpg\" alt=\"Pr\u00e9sentation de l&#039;usine Rjoytek\" width=\"1500\" height=\"984\" srcset=\"https:\/\/rjoytek.com\/wp-content\/uploads\/2022\/08\/rjoytek-factory-show.jpg 1500w, https:\/\/rjoytek.com\/wp-content\/uploads\/2022\/08\/rjoytek-factory-show-1000x656.jpg 1000w, https:\/\/rjoytek.com\/wp-content\/uploads\/2022\/08\/rjoytek-factory-show-300x197.jpg 300w, https:\/\/rjoytek.com\/wp-content\/uploads\/2022\/08\/rjoytek-factory-show-1024x672.jpg 1024w, https:\/\/rjoytek.com\/wp-content\/uploads\/2022\/08\/rjoytek-factory-show-600x394.jpg 600w\" sizes=\"(max-width: 1500px) 100vw, 1500px\" \/> <img decoding=\"async\" class=\"alignnone size-full wp-image-7150\" src=\"https:\/\/rjoytek.com\/wp-content\/uploads\/2022\/08\/certification1.jpg\" alt=\"\" width=\"1920\" height=\"913\" srcset=\"https:\/\/rjoytek.com\/wp-content\/uploads\/2022\/08\/certification1.jpg 1920w, https:\/\/rjoytek.com\/wp-content\/uploads\/2022\/08\/certification1-1000x476.jpg 1000w, https:\/\/rjoytek.com\/wp-content\/uploads\/2022\/08\/certification1-300x143.jpg 300w, https:\/\/rjoytek.com\/wp-content\/uploads\/2022\/08\/certification1-1024x487.jpg 1024w, https:\/\/rjoytek.com\/wp-content\/uploads\/2022\/08\/certification1-1536x730.jpg 1536w, https:\/\/rjoytek.com\/wp-content\/uploads\/2022\/08\/certification1-600x285.jpg 600w\" sizes=\"(max-width: 1920px) 100vw, 1920px\" \/><\/p>","protected":false},"excerpt":{"rendered":"<ul>\n<li>Taille : \u00c9cran LCD 23,8 pouces<\/li>\n<li>R\u00e9solution : 1920*1080<\/li>\n<li>Interface : RVB<\/li>\n<li>Luminance : 250 cd\/m\u00b2<\/li>\n<li>Interface \u00e9lectrique : LVDS double canal, entr\u00e9e de donn\u00e9es RVB 8 bits<\/li>\n<\/ul>","protected":false},"featured_media":6610,"template":"","meta":{"_acf_changed":false,"site-sidebar-layout":"default","site-content-layout":"","ast-site-content-layout":"default","site-content-style":"default","site-sidebar-style":"default","ast-global-header-display":"","ast-banner-title-visibility":"","ast-main-header-display":"","ast-hfb-above-header-display":"","ast-hfb-below-header-display":"","ast-hfb-mobile-header-display":"","site-post-title":"","ast-breadcrumbs-content":"","ast-featured-img":"","footer-sml-layout":"","ast-disable-related-posts":"","theme-transparent-header-meta":"","adv-header-id-meta":"","stick-header-meta":"","header-above-stick-meta":"","header-main-stick-meta":"","header-below-stick-meta":"","astra-migrate-meta-layouts":"default","ast-page-background-enabled":"default","ast-page-background-meta":{"desktop":{"background-color":"var(--ast-global-color-5)","background-image":"","background-repeat":"repeat","background-position":"center center","background-size":"auto","background-attachment":"scroll","background-type":"","background-media":"","overlay-type":"","overlay-color":"","overlay-opacity":"","overlay-gradient":""},"tablet":{"background-color":"","background-image":"","background-repeat":"repeat","background-position":"center center","background-size":"auto","background-attachment":"scroll","background-type":"","background-media":"","overlay-type":"","overlay-color":"","overlay-opacity":"","overlay-gradient":""},"mobile":{"background-color":"","background-image":"","background-repeat":"repeat","background-position":"center center","background-size":"auto","background-attachment":"scroll","background-type":"","background-media":"","overlay-type":"","overlay-color":"","overlay-opacity":"","overlay-gradient":""}},"ast-content-background-meta":{"desktop":{"background-color":"var(--ast-global-color-4)","background-image":"","background-repeat":"repeat","background-position":"center center","background-size":"auto","background-attachment":"scroll","background-type":"","background-media":"","overlay-type":"","overlay-color":"","overlay-opacity":"","overlay-gradient":""},"tablet":{"background-color":"var(--ast-global-color-4)","background-image":"","background-repeat":"repeat","background-position":"center center","background-size":"auto","background-attachment":"scroll","background-type":"","background-media":"","overlay-type":"","overlay-color":"","overlay-opacity":"","overlay-gradient":""},"mobile":{"background-color":"var(--ast-global-color-4)","background-image":"","background-repeat":"repeat","background-position":"center center","background-size":"auto","background-attachment":"scroll","background-type":"","background-media":"","overlay-type":"","overlay-color":"","overlay-opacity":"","overlay-gradient":""}}},"product_cat":[15],"product_tag":[130],"class_list":{"0":"post-6602","1":"product","2":"type-product","3":"status-publish","4":"has-post-thumbnail","6":"product_cat-tft-lcd-display-module","7":"product_tag-23-8-inch-lcd-module","8":"desktop-align-left","9":"tablet-align-left","10":"mobile-align-left","11":"ast-product-gallery-layout-horizontal-slider","12":"ast-magnify-disabled","13":"ast-qv-on-image","15":"first","16":"instock","17":"shipping-taxable","18":"product-type-simple"},"acf":[],"aioseo_notices":[],"aioseo_head":"\n\t\t<!-- All in One SEO Pro 4.8.3.2 - aioseo.com -->\n\t<meta name=\"description\" content=\"Size: 23.8 inch lcd display Resolution: 1920*1080 Interface: RGB Luminance: 250 cd\/m2 Electrical Interface: Dual channel LVDS,8-bits RGB data input\" \/>\n\t<meta name=\"robots\" content=\"max-image-preview:large\" \/>\n\t<link rel=\"canonical\" href=\"https:\/\/rjoytek.com\/fr\/produit\/module-decran-lcd-rjoytek-238-pouces-fhd-1920x1080-tft\/\" \/>\n\t<meta name=\"generator\" content=\"All in One SEO Pro (AIOSEO) 4.8.3.2\" \/>\n\t\t<meta property=\"og:locale\" content=\"fr_FR\" \/>\n\t\t<meta property=\"og:site_name\" content=\"RJY Display - Top Custom LCD, TFT, OLED Display Manufacturer &amp; Supplier in China.\" \/>\n\t\t<meta property=\"og:type\" content=\"article\" \/>\n\t\t<meta property=\"og:title\" content=\"RJOYTEK 23.8 inch LCD Module FHD 1920*1080 TFT LCD Screen Module - TFT LCD Display Module - Top Custom LCD, TFT, OLED Display Manufacturer &amp; Supplier in China.\" \/>\n\t\t<meta property=\"og:description\" content=\"Size: 23.8 inch lcd display Resolution: 1920*1080 Interface: RGB Luminance: 250 cd\/m2 Electrical Interface: Dual channel LVDS,8-bits RGB data input\" \/>\n\t\t<meta property=\"og:url\" content=\"https:\/\/rjoytek.com\/fr\/produit\/module-decran-lcd-rjoytek-238-pouces-fhd-1920x1080-tft\/\" \/>\n\t\t<meta property=\"og:image\" content=\"https:\/\/rjoytek.com\/wp-content\/uploads\/2024\/08\/cropped-LOGO.png\" \/>\n\t\t<meta property=\"og:image:secure_url\" content=\"https:\/\/rjoytek.com\/wp-content\/uploads\/2024\/08\/cropped-LOGO.png\" \/>\n\t\t<meta property=\"og:image:width\" content=\"512\" \/>\n\t\t<meta property=\"og:image:height\" content=\"512\" \/>\n\t\t<meta property=\"article:published_time\" content=\"2022-06-21T09:57:26+00:00\" \/>\n\t\t<meta property=\"article:modified_time\" content=\"2022-08-16T08:10:31+00:00\" \/>\n\t\t<meta property=\"article:publisher\" content=\"https:\/\/www.facebook.com\/RjoytekLCDSolution\" \/>\n\t\t<meta name=\"twitter:card\" content=\"summary_large_image\" \/>\n\t\t<meta name=\"twitter:title\" content=\"RJOYTEK 23.8 inch LCD Module FHD 1920*1080 TFT LCD Screen Module - TFT LCD Display Module - Top Custom LCD, TFT, OLED Display Manufacturer &amp; Supplier in China.\" \/>\n\t\t<meta name=\"twitter:description\" content=\"Size: 23.8 inch lcd display Resolution: 1920*1080 Interface: RGB Luminance: 250 cd\/m2 Electrical Interface: Dual channel LVDS,8-bits RGB data input\" \/>\n\t\t<meta name=\"twitter:image\" content=\"https:\/\/rjoytek.com\/wp-content\/uploads\/2024\/08\/cropped-LOGO.png\" \/>\n\t\t<script type=\"application\/ld+json\" class=\"aioseo-schema\">\n\t\t\t{\"@context\":\"https:\\\/\\\/schema.org\",\"@graph\":[{\"@type\":\"BreadcrumbList\",\"@id\":\"https:\\\/\\\/rjoytek.com\\\/fr\\\/produit\\\/module-decran-lcd-rjoytek-238-pouces-fhd-1920x1080-tft\\\/#breadcrumblist\",\"itemListElement\":[{\"@type\":\"ListItem\",\"@id\":\"https:\\\/\\\/rjoytek.com\\\/fr#listItem\",\"position\":1,\"name\":\"Home\",\"item\":\"https:\\\/\\\/rjoytek.com\\\/fr\",\"nextItem\":{\"@type\":\"ListItem\",\"@id\":\"https:\\\/\\\/rjoytek.com\\\/fr\\\/boutique\\\/#listItem\",\"name\":\"Shop\"}},{\"@type\":\"ListItem\",\"@id\":\"https:\\\/\\\/rjoytek.com\\\/fr\\\/boutique\\\/#listItem\",\"position\":2,\"name\":\"Shop\",\"item\":\"https:\\\/\\\/rjoytek.com\\\/fr\\\/boutique\\\/\",\"nextItem\":{\"@type\":\"ListItem\",\"@id\":\"https:\\\/\\\/rjoytek.com\\\/fr\\\/categorie-produit\\\/module-daffichage-lcd-tft\\\/#listItem\",\"name\":\"TFT LCD Display Module\"},\"previousItem\":{\"@type\":\"ListItem\",\"@id\":\"https:\\\/\\\/rjoytek.com\\\/fr#listItem\",\"name\":\"Home\"}},{\"@type\":\"ListItem\",\"@id\":\"https:\\\/\\\/rjoytek.com\\\/fr\\\/categorie-produit\\\/module-daffichage-lcd-tft\\\/#listItem\",\"position\":3,\"name\":\"TFT LCD Display Module\",\"item\":\"https:\\\/\\\/rjoytek.com\\\/fr\\\/categorie-produit\\\/module-daffichage-lcd-tft\\\/\",\"nextItem\":{\"@type\":\"ListItem\",\"@id\":\"https:\\\/\\\/rjoytek.com\\\/fr\\\/produit\\\/module-decran-lcd-rjoytek-238-pouces-fhd-1920x1080-tft\\\/#listItem\",\"name\":\"RJOYTEK 23.8 inch LCD Module FHD 1920*1080 TFT LCD Screen Module\"},\"previousItem\":{\"@type\":\"ListItem\",\"@id\":\"https:\\\/\\\/rjoytek.com\\\/fr\\\/boutique\\\/#listItem\",\"name\":\"Shop\"}},{\"@type\":\"ListItem\",\"@id\":\"https:\\\/\\\/rjoytek.com\\\/fr\\\/produit\\\/module-decran-lcd-rjoytek-238-pouces-fhd-1920x1080-tft\\\/#listItem\",\"position\":4,\"name\":\"RJOYTEK 23.8 inch LCD Module FHD 1920*1080 TFT LCD Screen Module\",\"previousItem\":{\"@type\":\"ListItem\",\"@id\":\"https:\\\/\\\/rjoytek.com\\\/fr\\\/categorie-produit\\\/module-daffichage-lcd-tft\\\/#listItem\",\"name\":\"TFT LCD Display Module\"}}]},{\"@type\":\"Organization\",\"@id\":\"https:\\\/\\\/rjoytek.com\\\/fr\\\/#organization\",\"name\":\"RJY Display\",\"description\":\"Top Custom LCD, TFT, OLED Display Manufacturer & Supplier in China.\",\"url\":\"https:\\\/\\\/rjoytek.com\\\/fr\\\/\",\"telephone\":\"+8618872893408\",\"logo\":{\"@type\":\"ImageObject\",\"url\":\"https:\\\/\\\/rjoytek.com\\\/wp-content\\\/uploads\\\/2025\\\/07\\\/LOGO1-scaled.png\",\"@id\":\"https:\\\/\\\/rjoytek.com\\\/fr\\\/produit\\\/module-decran-lcd-rjoytek-238-pouces-fhd-1920x1080-tft\\\/#organizationLogo\",\"width\":2560,\"height\":416},\"image\":{\"@id\":\"https:\\\/\\\/rjoytek.com\\\/fr\\\/produit\\\/module-decran-lcd-rjoytek-238-pouces-fhd-1920x1080-tft\\\/#organizationLogo\"},\"sameAs\":[\"https:\\\/\\\/www.facebook.com\\\/RjoytekLCDSolution\",\"https:\\\/\\\/www.youtube.com\\\/@lcdsolution-RJOYTEK\",\"https:\\\/\\\/www.linkedin.com\\\/company\\\/rjoytek-lcd-solution\"]},{\"@type\":\"WebPage\",\"@id\":\"https:\\\/\\\/rjoytek.com\\\/fr\\\/produit\\\/module-decran-lcd-rjoytek-238-pouces-fhd-1920x1080-tft\\\/#webpage\",\"url\":\"https:\\\/\\\/rjoytek.com\\\/fr\\\/produit\\\/module-decran-lcd-rjoytek-238-pouces-fhd-1920x1080-tft\\\/\",\"name\":\"RJOYTEK 23.8 inch LCD Module FHD 1920*1080 TFT LCD Screen Module - TFT LCD Display Module - Top Custom LCD, TFT, OLED Display Manufacturer & Supplier in China.\",\"description\":\"Size: 23.8 inch lcd display Resolution: 1920*1080 Interface: RGB Luminance: 250 cd\\\/m2 Electrical Interface: Dual channel LVDS,8-bits RGB data input\",\"inLanguage\":\"fr-FR\",\"isPartOf\":{\"@id\":\"https:\\\/\\\/rjoytek.com\\\/fr\\\/#website\"},\"breadcrumb\":{\"@id\":\"https:\\\/\\\/rjoytek.com\\\/fr\\\/produit\\\/module-decran-lcd-rjoytek-238-pouces-fhd-1920x1080-tft\\\/#breadcrumblist\"},\"image\":{\"@type\":\"ImageObject\",\"url\":\"https:\\\/\\\/rjoytek.com\\\/wp-content\\\/uploads\\\/2022\\\/06\\\/1-2.jpg\",\"@id\":\"https:\\\/\\\/rjoytek.com\\\/fr\\\/produit\\\/module-decran-lcd-rjoytek-238-pouces-fhd-1920x1080-tft\\\/#mainImage\",\"width\":800,\"height\":800},\"primaryImageOfPage\":{\"@id\":\"https:\\\/\\\/rjoytek.com\\\/fr\\\/produit\\\/module-decran-lcd-rjoytek-238-pouces-fhd-1920x1080-tft\\\/#mainImage\"},\"datePublished\":\"2022-06-21T09:57:26+00:00\",\"dateModified\":\"2022-08-16T08:10:31+00:00\"},{\"@type\":\"WebSite\",\"@id\":\"https:\\\/\\\/rjoytek.com\\\/fr\\\/#website\",\"url\":\"https:\\\/\\\/rjoytek.com\\\/fr\\\/\",\"name\":\"RJY Display\",\"description\":\"Top Custom LCD, TFT, OLED Display Manufacturer & Supplier in China.\",\"inLanguage\":\"fr-FR\",\"publisher\":{\"@id\":\"https:\\\/\\\/rjoytek.com\\\/fr\\\/#organization\"}}]}\n\t\t<\/script>\n\t\t<!-- All in One SEO Pro -->\r\n\t\t<title>RJOYTEK 23.8 inch LCD Module FHD 1920*1080 TFT LCD Screen Module - TFT LCD Display Module - Top Custom LCD, TFT, OLED Display Manufacturer &amp; Supplier in China.<\/title>\n\n","aioseo_head_json":{"title":"Module LCD RJOYTEK 23,8 pouces Full HD 1920*1080 \u00c9cran TFT - Module d'Affichage LCD TFT - Fabricant et Fournisseur Principal en Chine de Displays LCD, TFT et OLED Sur Mesure.","description":"Taille : \u00c9cran LCD de 23,8 pouces","canonical_url":"https:\/\/rjoytek.com\/fr\/produit\/module-decran-lcd-rjoytek-238-pouces-fhd-1920x1080-tft\/","robots":"max-image-preview:large","keywords":"","webmasterTools":{"miscellaneous":""},"schema":{"@context":"https:\/\/schema.org","@graph":[{"@type":"BreadcrumbList","@id":"https:\/\/rjoytek.com\/fr\/produit\/module-decran-lcd-rjoytek-238-pouces-fhd-1920x1080-tft\/#breadcrumblist","itemListElement":[{"@type":"ListItem","@id":"https:\/\/rjoytek.com\/fr#listItem","position":1,"name":"Home","item":"https:\/\/rjoytek.com\/fr","nextItem":{"@type":"ListItem","@id":"https:\/\/rjoytek.com\/fr\/boutique\/#listItem","name":"Shop"}},{"@type":"ListItem","@id":"https:\/\/rjoytek.com\/fr\/boutique\/#listItem","position":2,"name":"Shop","item":"https:\/\/rjoytek.com\/fr\/boutique\/","nextItem":{"@type":"ListItem","@id":"https:\/\/rjoytek.com\/fr\/categorie-produit\/module-daffichage-lcd-tft\/#listItem","name":"TFT LCD Display Module"},"previousItem":{"@type":"ListItem","@id":"https:\/\/rjoytek.com\/fr#listItem","name":"Home"}},{"@type":"ListItem","@id":"https:\/\/rjoytek.com\/fr\/categorie-produit\/module-daffichage-lcd-tft\/#listItem","position":3,"name":"TFT LCD Display Module","item":"https:\/\/rjoytek.com\/fr\/categorie-produit\/module-daffichage-lcd-tft\/","nextItem":{"@type":"ListItem","@id":"https:\/\/rjoytek.com\/fr\/produit\/module-decran-lcd-rjoytek-238-pouces-fhd-1920x1080-tft\/#listItem","name":"RJOYTEK 23.8 inch LCD Module FHD 1920*1080 TFT LCD Screen Module"},"previousItem":{"@type":"ListItem","@id":"https:\/\/rjoytek.com\/fr\/boutique\/#listItem","name":"Shop"}},{"@type":"ListItem","@id":"https:\/\/rjoytek.com\/fr\/produit\/module-decran-lcd-rjoytek-238-pouces-fhd-1920x1080-tft\/#listItem","position":4,"name":"RJOYTEK 23.8 inch LCD Module FHD 1920*1080 TFT LCD Screen Module","previousItem":{"@type":"ListItem","@id":"https:\/\/rjoytek.com\/fr\/categorie-produit\/module-daffichage-lcd-tft\/#listItem","name":"TFT LCD Display Module"}}]},{"@type":"Organization","@id":"https:\/\/rjoytek.com\/fr\/#organization","name":"RJY Display","description":"Top Custom LCD, TFT, OLED Display Manufacturer & Supplier in China.","url":"https:\/\/rjoytek.com\/fr\/","telephone":"+8618872893408","logo":{"@type":"ImageObject","url":"https:\/\/rjoytek.com\/wp-content\/uploads\/2025\/07\/LOGO1-scaled.png","@id":"https:\/\/rjoytek.com\/fr\/produit\/module-decran-lcd-rjoytek-238-pouces-fhd-1920x1080-tft\/#organizationLogo","width":2560,"height":416},"image":{"@id":"https:\/\/rjoytek.com\/fr\/produit\/module-decran-lcd-rjoytek-238-pouces-fhd-1920x1080-tft\/#organizationLogo"},"sameAs":["https:\/\/www.facebook.com\/RjoytekLCDSolution","https:\/\/www.youtube.com\/@lcdsolution-RJOYTEK","https:\/\/www.linkedin.com\/company\/rjoytek-lcd-solution"]},{"@type":"WebPage","@id":"https:\/\/rjoytek.com\/fr\/produit\/module-decran-lcd-rjoytek-238-pouces-fhd-1920x1080-tft\/#webpage","url":"https:\/\/rjoytek.com\/fr\/produit\/module-decran-lcd-rjoytek-238-pouces-fhd-1920x1080-tft\/","name":"RJOYTEK 23.8 inch LCD Module FHD 1920*1080 TFT LCD Screen Module - TFT LCD Display Module - Top Custom LCD, TFT, OLED Display Manufacturer & Supplier in China.","description":"Size: 23.8 inch lcd display Resolution: 1920*1080 Interface: RGB Luminance: 250 cd\/m2 Electrical Interface: Dual channel LVDS,8-bits RGB data input","inLanguage":"fr-FR","isPartOf":{"@id":"https:\/\/rjoytek.com\/fr\/#website"},"breadcrumb":{"@id":"https:\/\/rjoytek.com\/fr\/produit\/module-decran-lcd-rjoytek-238-pouces-fhd-1920x1080-tft\/#breadcrumblist"},"image":{"@type":"ImageObject","url":"https:\/\/rjoytek.com\/wp-content\/uploads\/2022\/06\/1-2.jpg","@id":"https:\/\/rjoytek.com\/fr\/produit\/module-decran-lcd-rjoytek-238-pouces-fhd-1920x1080-tft\/#mainImage","width":800,"height":800},"primaryImageOfPage":{"@id":"https:\/\/rjoytek.com\/fr\/produit\/module-decran-lcd-rjoytek-238-pouces-fhd-1920x1080-tft\/#mainImage"},"datePublished":"2022-06-21T09:57:26+00:00","dateModified":"2022-08-16T08:10:31+00:00"},{"@type":"WebSite","@id":"https:\/\/rjoytek.com\/fr\/#website","url":"https:\/\/rjoytek.com\/fr\/","name":"RJY Display","description":"Top Custom LCD, TFT, OLED Display Manufacturer & Supplier in China.","inLanguage":"fr-FR","publisher":{"@id":"https:\/\/rjoytek.com\/fr\/#organization"}}]},"og:locale":"fr_FR","og:site_name":"RJY Display - Top Custom LCD, TFT, OLED Display Manufacturer &amp; Supplier in China.","og:type":"article","og:title":"RJOYTEK 23.8 inch LCD Module FHD 1920*1080 TFT LCD Screen Module - TFT LCD Display Module - Top Custom LCD, TFT, OLED Display Manufacturer &amp; Supplier in China.","og:description":"Size: 23.8 inch lcd display Resolution: 1920*1080 Interface: RGB Luminance: 250 cd\/m2 Electrical Interface: Dual channel LVDS,8-bits RGB data input","og:url":"https:\/\/rjoytek.com\/fr\/produit\/module-decran-lcd-rjoytek-238-pouces-fhd-1920x1080-tft\/","og:image":"https:\/\/rjoytek.com\/wp-content\/uploads\/2024\/08\/cropped-LOGO.png","og:image:secure_url":"https:\/\/rjoytek.com\/wp-content\/uploads\/2024\/08\/cropped-LOGO.png","og:image:width":512,"og:image:height":512,"article:published_time":"2022-06-21T09:57:26+00:00","article:modified_time":"2022-08-16T08:10:31+00:00","article:publisher":"https:\/\/www.facebook.com\/RjoytekLCDSolution","twitter:card":"summary_large_image","twitter:title":"RJOYTEK 23.8 inch LCD Module FHD 1920*1080 TFT LCD Screen Module - TFT LCD Display Module - Top Custom LCD, TFT, OLED Display Manufacturer &amp; Supplier in China.","twitter:description":"Size: 23.8 inch lcd display Resolution: 1920*1080 Interface: RGB Luminance: 250 cd\/m2 Electrical Interface: Dual channel LVDS,8-bits RGB data input","twitter:image":"https:\/\/rjoytek.com\/wp-content\/uploads\/2024\/08\/cropped-LOGO.png"},"aioseo_meta_data":{"post_id":"6602","title":null,"description":null,"keywords":null,"keyphrases":null,"canonical_url":null,"og_title":null,"og_description":null,"og_object_type":"default","og_image_type":"default","og_image_custom_url":null,"og_image_custom_fields":null,"og_custom_image_width":null,"og_custom_image_height":null,"og_video":null,"og_custom_url":null,"og_article_section":null,"og_article_tags":null,"twitter_use_og":true,"twitter_card":"default","twitter_image_type":"default","twitter_image_custom_url":null,"twitter_image_custom_fields":null,"twitter_title":null,"twitter_description":null,"schema_type":null,"schema_type_options":null,"pillar_content":false,"robots_default":true,"robots_noindex":false,"robots_noarchive":false,"robots_nosnippet":false,"robots_nofollow":false,"robots_noimageindex":false,"robots_noodp":false,"robots_notranslate":false,"robots_max_snippet":null,"robots_max_videopreview":null,"robots_max_imagepreview":"none","tabs":null,"priority":null,"frequency":null,"local_seo":null,"created":"2026-03-20 03:53:42","updated":"2026-04-26 22:21:25"},"aioseo_breadcrumb":"<div class=\"aioseo-breadcrumbs\"><span class=\"aioseo-breadcrumb\">\n\t<a href=\"https:\/\/rjoytek.com\/fr\" title=\"Home\">Home<\/a>\n<\/span><span class=\"aioseo-breadcrumb-separator\">\u00bb<\/span><span class=\"aioseo-breadcrumb\">\n\t<a href=\"https:\/\/rjoytek.com\/fr\/boutique\/\" title=\"Shop\">Shop<\/a>\n<\/span><span class=\"aioseo-breadcrumb-separator\">\u00bb<\/span><span class=\"aioseo-breadcrumb\">\n\t<a href=\"https:\/\/rjoytek.com\/fr\/categorie-produit\/module-daffichage-lcd-tft\/\" title=\"TFT LCD Display Module\">TFT LCD Display Module<\/a>\n<\/span><span class=\"aioseo-breadcrumb-separator\">\u00bb<\/span><span class=\"aioseo-breadcrumb\">\n\tRJOYTEK 23.8 inch LCD Module FHD 1920*1080 TFT LCD Screen Module\n<\/span><\/div>","aioseo_breadcrumb_json":[{"label":"Home","link":"https:\/\/rjoytek.com\/fr"},{"label":"Shop","link":"https:\/\/rjoytek.com\/fr\/boutique\/"},{"label":"TFT LCD Display Module","link":"https:\/\/rjoytek.com\/fr\/categorie-produit\/module-daffichage-lcd-tft\/"},{"label":"RJOYTEK 23.8 inch LCD Module FHD 1920*1080 TFT LCD Screen Module","link":"https:\/\/rjoytek.com\/fr\/produit\/module-decran-lcd-rjoytek-238-pouces-fhd-1920x1080-tft\/"}],"_links":{"self":[{"href":"https:\/\/rjoytek.com\/fr\/wp-json\/wp\/v2\/product\/6602","targetHints":{"allow":["GET"]}}],"collection":[{"href":"https:\/\/rjoytek.com\/fr\/wp-json\/wp\/v2\/product"}],"about":[{"href":"https:\/\/rjoytek.com\/fr\/wp-json\/wp\/v2\/types\/product"}],"wp:featuredmedia":[{"embeddable":true,"href":"https:\/\/rjoytek.com\/fr\/wp-json\/wp\/v2\/media\/6610"}],"wp:attachment":[{"href":"https:\/\/rjoytek.com\/fr\/wp-json\/wp\/v2\/media?parent=6602"}],"wp:term":[{"taxonomy":"product_cat","embeddable":true,"href":"https:\/\/rjoytek.com\/fr\/wp-json\/wp\/v2\/product_cat?post=6602"},{"taxonomy":"product_tag","embeddable":true,"href":"https:\/\/rjoytek.com\/fr\/wp-json\/wp\/v2\/product_tag?post=6602"}],"curies":[{"name":"wp","href":"https:\/\/api.w.org\/{rel}","templated":true}]}}