{"id":6351,"date":"2022-05-27T04:03:44","date_gmt":"2022-05-27T04:03:44","guid":{"rendered":"https:\/\/rjoytek.com\/?post_type=product&#038;p=6351"},"modified":"2022-08-30T06:03:10","modified_gmt":"2022-08-30T06:03:10","slug":"module-lcd-tft-de-35-pouces-1440x1600-interface-mipi-sdi-pour-panneau-daffichage-vr-ar","status":"publish","type":"product","link":"https:\/\/rjoytek.com\/fr\/produit\/module-lcd-tft-de-35-pouces-1440x1600-interface-mipi-sdi-pour-panneau-daffichage-vr-ar\/","title":{"rendered":"Module LCD TFT RJOYTEK 3,5 pouces 1440*1600 avec Interface MIPI SDI"},"content":{"rendered":"<p style=\"text-align: justify\">Ce module d'affichage LCD AMTFT de 3,5 pouces avec r\u00e9solution 1440*1600 et noir normal est destin\u00e9 aux dispositifs de r\u00e9alit\u00e9 virtuelle et de r\u00e9alit\u00e9 augment\u00e9e. Le ratio NTSC est de 85%, avec interface MIPI DSI.<\/p>\n<p><strong>Caract\u00e9ristiques<\/strong><\/p>\n<ul>\n<li>PPI \u00e9lev\u00e9<\/li>\n<li>Temps de r\u00e9ponse rapide<\/li>\n<li>Rapport de trame \u00e9lev\u00e9 (Fr\u00e9quence de rafra\u00eechissement \u00e9lev\u00e9e)<\/li>\n<li>Luminosit\u00e9 \u00e9lev\u00e9e, faible r\u00e9flexion et angle de vision large<\/li>\n<li>Conforme RoHS et sans halog\u00e8nes<\/li>\n<\/ul>\n<p><strong>Application<\/strong><\/p>\n<ul>\n<li>Dispositif de r\u00e9alit\u00e9 virtuelle<\/li>\n<li>Dispositif de r\u00e9alit\u00e9 augment\u00e9e<\/li>\n<\/ul>\n<table style=\"width: 100%;border-collapse: collapse;border-style: solid;border-color: #b0a9a9\">\n<tbody>\n<tr>\n<td style=\"width: 50%\">M\u00e9thode d'affichage<\/td>\n<td style=\"width: 50%\">TFT \u00e0 matrice active<\/td>\n<\/tr>\n<tr>\n<td style=\"width: 50%\">Mode d'affichage<\/td>\n<td style=\"width: 50%\">Mode transmission, Noir normalement<\/td>\n<\/tr>\n<tr>\n<td style=\"width: 50%\">Taille de l'\u00e9cran<\/td>\n<td style=\"width: 50%\">3,5 (88,79 mm)<\/td>\n<\/tr>\n<tr>\n<td style=\"width: 50%\">Nombre de pixels<\/td>\n<td style=\"width: 50%\">1440(H) \u00d7 1600(V)<\/td>\n<\/tr>\n<tr>\n<td style=\"width: 50%\">Zone active<\/td>\n<td style=\"width: 50%\">59,4(H) \u00d7 66,0(V)<\/td>\n<\/tr>\n<tr>\n<td style=\"width: 50%\">Pas de pixels (Pixel pitch)<\/td>\n<td style=\"width: 50%\">13,75(H) \u00d7 41,25(V)<\/td>\n<\/tr>\n<tr>\n<td style=\"width: 50%\">Disposition des pixels<\/td>\n<td style=\"width: 50%\">Bande RGB<\/td>\n<\/tr>\n<tr>\n<td style=\"width: 50%\">Couleurs affich\u00e9es<\/td>\n<td style=\"width: 50%\">16,7M<\/td>\n<\/tr>\n<tr>\n<td style=\"width: 50%\">Ratio NTSC<\/td>\n<td style=\"width: 50%\">85%<\/td>\n<\/tr>\n<tr>\n<td style=\"width: 50%\">Dimensions externes du LCM (Module LCD)<\/td>\n<td style=\"width: 50%\">62,2(H) \u00d7 73,6(V) \u00d7 1,7 (T)<\/td>\n<\/tr>\n<tr>\n<td style=\"width: 50%\">Poids du LCM<\/td>\n<td style=\"width: 50%\">17,0 \u00b12,0<\/td>\n<\/tr>\n<tr>\n<td style=\"width: 50%\">Circuit int\u00e9gr\u00e9 pilote (Driver IC)<\/td>\n<td style=\"width: 50%\">NT57860<\/td>\n<\/tr>\n<tr>\n<td style=\"width: 50%\">Interface<\/td>\n<td style=\"width: 50%\">MIPI DSI (Mode Vid\u00e9o)<\/td>\n<\/tr>\n<tr>\n<td style=\"width: 50%\">Traitement de surface<\/td>\n<td style=\"width: 50%\">HC (Hard Coating), \u22653H<\/td>\n<\/tr>\n<tr>\n<td style=\"width: 50%\">Connexion par broches<\/td>\n<td style=\"width: 50%\">50 broches<\/td>\n<\/tr>\n<\/tbody>\n<\/table>\n<p><img fetchpriority=\"high\" decoding=\"async\" class=\"alignnone size-full wp-image-7320\" src=\"https:\/\/rjoytek.com\/wp-content\/uploads\/2022\/08\/RJOYTEK-certification.jpg\" alt=\"Certification RJOYTEK\" width=\"1920\" height=\"1326\" srcset=\"https:\/\/rjoytek.com\/wp-content\/uploads\/2022\/08\/RJOYTEK-certification.jpg 1920w, https:\/\/rjoytek.com\/wp-content\/uploads\/2022\/08\/RJOYTEK-certification-1000x691.jpg 1000w, https:\/\/rjoytek.com\/wp-content\/uploads\/2022\/08\/RJOYTEK-certification-300x207.jpg 300w, https:\/\/rjoytek.com\/wp-content\/uploads\/2022\/08\/RJOYTEK-certification-1024x707.jpg 1024w, https:\/\/rjoytek.com\/wp-content\/uploads\/2022\/08\/RJOYTEK-certification-1536x1061.jpg 1536w, https:\/\/rjoytek.com\/wp-content\/uploads\/2022\/08\/RJOYTEK-certification-600x414.jpg 600w\" sizes=\"(max-width: 1920px) 100vw, 1920px\" \/><\/p>\n<p><img decoding=\"async\" class=\"alignnone size-full wp-image-7149\" src=\"https:\/\/rjoytek.com\/wp-content\/uploads\/2022\/08\/rjoytek-factory-show.jpg\" alt=\"Pr\u00e9sentation de l&#039;usine Rjoytek\" width=\"1500\" height=\"984\" srcset=\"https:\/\/rjoytek.com\/wp-content\/uploads\/2022\/08\/rjoytek-factory-show.jpg 1500w, https:\/\/rjoytek.com\/wp-content\/uploads\/2022\/08\/rjoytek-factory-show-1000x656.jpg 1000w, https:\/\/rjoytek.com\/wp-content\/uploads\/2022\/08\/rjoytek-factory-show-300x197.jpg 300w, https:\/\/rjoytek.com\/wp-content\/uploads\/2022\/08\/rjoytek-factory-show-1024x672.jpg 1024w, https:\/\/rjoytek.com\/wp-content\/uploads\/2022\/08\/rjoytek-factory-show-600x394.jpg 600w\" sizes=\"(max-width: 1500px) 100vw, 1500px\" \/><\/p>","protected":false},"excerpt":{"rendered":"<ul>\n<li>Taille : Module LCD 3,5 pouces<\/li>\n<li>Mode d'affichage : Mode transmission, Noir normal<br \/>\nNoir<\/li>\n<li>Nombre de pixels : 1440(H) \u00d7 1600(V)<\/li>\n<li>Ratio NTSC : 85%<\/li>\n<li>CI pilote : NT57860<\/li>\n<li>Interface : MIPI DSI (Mode vid\u00e9o)<\/li>\n<\/ul>","protected":false},"featured_media":6353,"template":"","meta":{"_acf_changed":false,"site-sidebar-layout":"default","site-content-layout":"","ast-site-content-layout":"default","site-content-style":"default","site-sidebar-style":"default","ast-global-header-display":"","ast-banner-title-visibility":"","ast-main-header-display":"","ast-hfb-above-header-display":"","ast-hfb-below-header-display":"","ast-hfb-mobile-header-display":"","site-post-title":"","ast-breadcrumbs-content":"","ast-featured-img":"","footer-sml-layout":"","ast-disable-related-posts":"","theme-transparent-header-meta":"","adv-header-id-meta":"","stick-header-meta":"","header-above-stick-meta":"","header-main-stick-meta":"","header-below-stick-meta":"","astra-migrate-meta-layouts":"default","ast-page-background-enabled":"default","ast-page-background-meta":{"desktop":{"background-color":"var(--ast-global-color-5)","background-image":"","background-repeat":"repeat","background-position":"center center","background-size":"auto","background-attachment":"scroll","background-type":"","background-media":"","overlay-type":"","overlay-color":"","overlay-opacity":"","overlay-gradient":""},"tablet":{"background-color":"","background-image":"","background-repeat":"repeat","background-position":"center center","background-size":"auto","background-attachment":"scroll","background-type":"","background-media":"","overlay-type":"","overlay-color":"","overlay-opacity":"","overlay-gradient":""},"mobile":{"background-color":"","background-image":"","background-repeat":"repeat","background-position":"center center","background-size":"auto","background-attachment":"scroll","background-type":"","background-media":"","overlay-type":"","overlay-color":"","overlay-opacity":"","overlay-gradient":""}},"ast-content-background-meta":{"desktop":{"background-color":"var(--ast-global-color-4)","background-image":"","background-repeat":"repeat","background-position":"center center","background-size":"auto","background-attachment":"scroll","background-type":"","background-media":"","overlay-type":"","overlay-color":"","overlay-opacity":"","overlay-gradient":""},"tablet":{"background-color":"var(--ast-global-color-4)","background-image":"","background-repeat":"repeat","background-position":"center center","background-size":"auto","background-attachment":"scroll","background-type":"","background-media":"","overlay-type":"","overlay-color":"","overlay-opacity":"","overlay-gradient":""},"mobile":{"background-color":"var(--ast-global-color-4)","background-image":"","background-repeat":"repeat","background-position":"center center","background-size":"auto","background-attachment":"scroll","background-type":"","background-media":"","overlay-type":"","overlay-color":"","overlay-opacity":"","overlay-gradient":""}}},"product_cat":[34,15],"product_tag":[180,125],"class_list":{"0":"post-6351","1":"product","2":"type-product","3":"status-publish","4":"has-post-thumbnail","6":"product_cat-vr-ar-display-module","7":"product_cat-tft-lcd-display-module","8":"product_tag-3-5-inch-tft-lcd-display","9":"product_tag-ar-display","10":"desktop-align-left","11":"tablet-align-left","12":"mobile-align-left","13":"ast-product-gallery-layout-horizontal-slider","14":"ast-magnify-disabled","15":"ast-qv-on-image","17":"first","18":"instock","19":"shipping-taxable","20":"product-type-simple"},"acf":[],"aioseo_notices":[],"aioseo_head":"\n\t\t<!-- All in One SEO Pro 4.8.3.2 - aioseo.com -->\n\t<meta name=\"description\" content=\"Size: 3.5 inch LCD module Display mode: Transmission mode, Normally black Number of pixels: 1440(H) \u00d7 1600(V) NTSC Ratio: 85% Driver IC: NT57860 Interface: MIPI DSI (Video Mode)\" \/>\n\t<meta name=\"robots\" content=\"max-image-preview:large\" \/>\n\t<link rel=\"canonical\" href=\"https:\/\/rjoytek.com\/fr\/produit\/module-lcd-tft-de-35-pouces-1440x1600-interface-mipi-sdi-pour-panneau-daffichage-vr-ar\/\" \/>\n\t<meta name=\"generator\" content=\"All in One SEO Pro (AIOSEO) 4.8.3.2\" \/>\n\t\t<meta property=\"og:locale\" content=\"fr_FR\" \/>\n\t\t<meta property=\"og:site_name\" content=\"RJY Display - Top Custom LCD, TFT, OLED Display Manufacturer &amp; Supplier in China.\" \/>\n\t\t<meta property=\"og:type\" content=\"article\" \/>\n\t\t<meta property=\"og:title\" content=\"RJOYTEK 3.5 inch 1440*1600 MIPI SDI Interface TFT LCD Module - Microdisplay for AR\/VR - Top Custom LCD, TFT, OLED Display Manufacturer &amp; Supplier in China.\" \/>\n\t\t<meta property=\"og:description\" content=\"Size: 3.5 inch LCD module Display mode: Transmission mode, Normally black Number of pixels: 1440(H) \u00d7 1600(V) NTSC Ratio: 85% Driver IC: NT57860 Interface: MIPI DSI (Video Mode)\" \/>\n\t\t<meta property=\"og:url\" content=\"https:\/\/rjoytek.com\/fr\/produit\/module-lcd-tft-de-35-pouces-1440x1600-interface-mipi-sdi-pour-panneau-daffichage-vr-ar\/\" \/>\n\t\t<meta property=\"og:image\" content=\"https:\/\/rjoytek.com\/wp-content\/uploads\/2024\/08\/cropped-LOGO.png\" \/>\n\t\t<meta property=\"og:image:secure_url\" content=\"https:\/\/rjoytek.com\/wp-content\/uploads\/2024\/08\/cropped-LOGO.png\" \/>\n\t\t<meta property=\"og:image:width\" content=\"512\" \/>\n\t\t<meta property=\"og:image:height\" content=\"512\" \/>\n\t\t<meta property=\"article:published_time\" content=\"2022-05-27T04:03:44+00:00\" \/>\n\t\t<meta property=\"article:modified_time\" content=\"2022-08-30T06:03:10+00:00\" \/>\n\t\t<meta property=\"article:publisher\" content=\"https:\/\/www.facebook.com\/RjoytekLCDSolution\" \/>\n\t\t<meta name=\"twitter:card\" content=\"summary_large_image\" \/>\n\t\t<meta name=\"twitter:title\" content=\"RJOYTEK 3.5 inch 1440*1600 MIPI SDI Interface TFT LCD Module - Microdisplay for AR\/VR - Top Custom LCD, TFT, OLED Display Manufacturer &amp; Supplier in China.\" \/>\n\t\t<meta name=\"twitter:description\" content=\"Size: 3.5 inch LCD module Display mode: Transmission mode, Normally black Number of pixels: 1440(H) \u00d7 1600(V) NTSC Ratio: 85% Driver IC: NT57860 Interface: MIPI DSI (Video Mode)\" \/>\n\t\t<meta name=\"twitter:image\" content=\"https:\/\/rjoytek.com\/wp-content\/uploads\/2024\/08\/cropped-LOGO.png\" \/>\n\t\t<script type=\"application\/ld+json\" class=\"aioseo-schema\">\n\t\t\t{\"@context\":\"https:\\\/\\\/schema.org\",\"@graph\":[{\"@type\":\"BreadcrumbList\",\"@id\":\"https:\\\/\\\/rjoytek.com\\\/fr\\\/produit\\\/module-lcd-tft-de-35-pouces-1440x1600-interface-mipi-sdi-pour-panneau-daffichage-vr-ar\\\/#breadcrumblist\",\"itemListElement\":[{\"@type\":\"ListItem\",\"@id\":\"https:\\\/\\\/rjoytek.com\\\/fr#listItem\",\"position\":1,\"name\":\"Home\",\"item\":\"https:\\\/\\\/rjoytek.com\\\/fr\",\"nextItem\":{\"@type\":\"ListItem\",\"@id\":\"https:\\\/\\\/rjoytek.com\\\/fr\\\/boutique\\\/#listItem\",\"name\":\"Shop\"}},{\"@type\":\"ListItem\",\"@id\":\"https:\\\/\\\/rjoytek.com\\\/fr\\\/boutique\\\/#listItem\",\"position\":2,\"name\":\"Shop\",\"item\":\"https:\\\/\\\/rjoytek.com\\\/fr\\\/boutique\\\/\",\"nextItem\":{\"@type\":\"ListItem\",\"@id\":\"https:\\\/\\\/rjoytek.com\\\/fr\\\/categorie-produit\\\/module-daffichage-lcd-tft\\\/#listItem\",\"name\":\"TFT LCD Display Module\"},\"previousItem\":{\"@type\":\"ListItem\",\"@id\":\"https:\\\/\\\/rjoytek.com\\\/fr#listItem\",\"name\":\"Home\"}},{\"@type\":\"ListItem\",\"@id\":\"https:\\\/\\\/rjoytek.com\\\/fr\\\/categorie-produit\\\/module-daffichage-lcd-tft\\\/#listItem\",\"position\":3,\"name\":\"TFT LCD Display Module\",\"item\":\"https:\\\/\\\/rjoytek.com\\\/fr\\\/categorie-produit\\\/module-daffichage-lcd-tft\\\/\",\"nextItem\":{\"@type\":\"ListItem\",\"@id\":\"https:\\\/\\\/rjoytek.com\\\/fr\\\/produit\\\/module-lcd-tft-de-35-pouces-1440x1600-interface-mipi-sdi-pour-panneau-daffichage-vr-ar\\\/#listItem\",\"name\":\"RJOYTEK 3.5 inch 1440*1600 MIPI SDI Interface TFT LCD Module\"},\"previousItem\":{\"@type\":\"ListItem\",\"@id\":\"https:\\\/\\\/rjoytek.com\\\/fr\\\/boutique\\\/#listItem\",\"name\":\"Shop\"}},{\"@type\":\"ListItem\",\"@id\":\"https:\\\/\\\/rjoytek.com\\\/fr\\\/produit\\\/module-lcd-tft-de-35-pouces-1440x1600-interface-mipi-sdi-pour-panneau-daffichage-vr-ar\\\/#listItem\",\"position\":4,\"name\":\"RJOYTEK 3.5 inch 1440*1600 MIPI SDI Interface TFT LCD Module\",\"previousItem\":{\"@type\":\"ListItem\",\"@id\":\"https:\\\/\\\/rjoytek.com\\\/fr\\\/categorie-produit\\\/module-daffichage-lcd-tft\\\/#listItem\",\"name\":\"TFT LCD Display Module\"}}]},{\"@type\":\"Organization\",\"@id\":\"https:\\\/\\\/rjoytek.com\\\/fr\\\/#organization\",\"name\":\"RJY Display\",\"description\":\"Top Custom LCD, TFT, OLED Display Manufacturer & Supplier in China.\",\"url\":\"https:\\\/\\\/rjoytek.com\\\/fr\\\/\",\"telephone\":\"+8618872893408\",\"logo\":{\"@type\":\"ImageObject\",\"url\":\"https:\\\/\\\/rjoytek.com\\\/wp-content\\\/uploads\\\/2025\\\/07\\\/LOGO1-scaled.png\",\"@id\":\"https:\\\/\\\/rjoytek.com\\\/fr\\\/produit\\\/module-lcd-tft-de-35-pouces-1440x1600-interface-mipi-sdi-pour-panneau-daffichage-vr-ar\\\/#organizationLogo\",\"width\":2560,\"height\":416},\"image\":{\"@id\":\"https:\\\/\\\/rjoytek.com\\\/fr\\\/produit\\\/module-lcd-tft-de-35-pouces-1440x1600-interface-mipi-sdi-pour-panneau-daffichage-vr-ar\\\/#organizationLogo\"},\"sameAs\":[\"https:\\\/\\\/www.facebook.com\\\/RjoytekLCDSolution\",\"https:\\\/\\\/www.youtube.com\\\/@lcdsolution-RJOYTEK\",\"https:\\\/\\\/www.linkedin.com\\\/company\\\/rjoytek-lcd-solution\"]},{\"@type\":\"WebPage\",\"@id\":\"https:\\\/\\\/rjoytek.com\\\/fr\\\/produit\\\/module-lcd-tft-de-35-pouces-1440x1600-interface-mipi-sdi-pour-panneau-daffichage-vr-ar\\\/#webpage\",\"url\":\"https:\\\/\\\/rjoytek.com\\\/fr\\\/produit\\\/module-lcd-tft-de-35-pouces-1440x1600-interface-mipi-sdi-pour-panneau-daffichage-vr-ar\\\/\",\"name\":\"RJOYTEK 3.5 inch 1440*1600 MIPI SDI Interface TFT LCD Module - Microdisplay for AR\\\/VR - Top Custom LCD, TFT, OLED Display Manufacturer & Supplier in China.\",\"description\":\"Size: 3.5 inch LCD module Display mode: Transmission mode, Normally black Number of pixels: 1440(H) \\u00d7 1600(V) NTSC Ratio: 85% Driver IC: NT57860 Interface: MIPI DSI (Video Mode)\",\"inLanguage\":\"fr-FR\",\"isPartOf\":{\"@id\":\"https:\\\/\\\/rjoytek.com\\\/fr\\\/#website\"},\"breadcrumb\":{\"@id\":\"https:\\\/\\\/rjoytek.com\\\/fr\\\/produit\\\/module-lcd-tft-de-35-pouces-1440x1600-interface-mipi-sdi-pour-panneau-daffichage-vr-ar\\\/#breadcrumblist\"},\"image\":{\"@type\":\"ImageObject\",\"url\":\"https:\\\/\\\/rjoytek.com\\\/wp-content\\\/uploads\\\/2022\\\/05\\\/7.jpg\",\"@id\":\"https:\\\/\\\/rjoytek.com\\\/fr\\\/produit\\\/module-lcd-tft-de-35-pouces-1440x1600-interface-mipi-sdi-pour-panneau-daffichage-vr-ar\\\/#mainImage\",\"width\":800,\"height\":800},\"primaryImageOfPage\":{\"@id\":\"https:\\\/\\\/rjoytek.com\\\/fr\\\/produit\\\/module-lcd-tft-de-35-pouces-1440x1600-interface-mipi-sdi-pour-panneau-daffichage-vr-ar\\\/#mainImage\"},\"datePublished\":\"2022-05-27T04:03:44+00:00\",\"dateModified\":\"2022-08-30T06:03:10+00:00\"},{\"@type\":\"WebSite\",\"@id\":\"https:\\\/\\\/rjoytek.com\\\/fr\\\/#website\",\"url\":\"https:\\\/\\\/rjoytek.com\\\/fr\\\/\",\"name\":\"RJY Display\",\"description\":\"Top Custom LCD, TFT, OLED Display Manufacturer & Supplier in China.\",\"inLanguage\":\"fr-FR\",\"publisher\":{\"@id\":\"https:\\\/\\\/rjoytek.com\\\/fr\\\/#organization\"}}]}\n\t\t<\/script>\n\t\t<!-- All in One SEO Pro -->\r\n\t\t<title>RJOYTEK 3.5 inch 1440*1600 MIPI SDI Interface TFT LCD Module - Microdisplay for AR\/VR - Top Custom LCD, TFT, OLED Display Manufacturer &amp; Supplier in China.<\/title>\n\n","aioseo_head_json":{"title":"Module d'affichage LCD TFT MIPI SDI 3,5 pouces 1440*1600 RJOYTEK - Micro-\u00e9cran pour AR\/VR - Fabricant et fournisseur leader en Chine d'\u00e9crans LCD, TFT et OLED sur mesure.","description":"Taille : Module LCD de 3,5 pouces","canonical_url":"https:\/\/rjoytek.com\/fr\/produit\/module-lcd-tft-de-35-pouces-1440x1600-interface-mipi-sdi-pour-panneau-daffichage-vr-ar\/","robots":"max-image-preview:large","keywords":"","webmasterTools":{"miscellaneous":""},"schema":{"@context":"https:\/\/schema.org","@graph":[{"@type":"BreadcrumbList","@id":"https:\/\/rjoytek.com\/fr\/produit\/module-lcd-tft-de-35-pouces-1440x1600-interface-mipi-sdi-pour-panneau-daffichage-vr-ar\/#breadcrumblist","itemListElement":[{"@type":"ListItem","@id":"https:\/\/rjoytek.com\/fr#listItem","position":1,"name":"Home","item":"https:\/\/rjoytek.com\/fr","nextItem":{"@type":"ListItem","@id":"https:\/\/rjoytek.com\/fr\/boutique\/#listItem","name":"Shop"}},{"@type":"ListItem","@id":"https:\/\/rjoytek.com\/fr\/boutique\/#listItem","position":2,"name":"Shop","item":"https:\/\/rjoytek.com\/fr\/boutique\/","nextItem":{"@type":"ListItem","@id":"https:\/\/rjoytek.com\/fr\/categorie-produit\/module-daffichage-lcd-tft\/#listItem","name":"TFT LCD Display Module"},"previousItem":{"@type":"ListItem","@id":"https:\/\/rjoytek.com\/fr#listItem","name":"Home"}},{"@type":"ListItem","@id":"https:\/\/rjoytek.com\/fr\/categorie-produit\/module-daffichage-lcd-tft\/#listItem","position":3,"name":"TFT LCD Display Module","item":"https:\/\/rjoytek.com\/fr\/categorie-produit\/module-daffichage-lcd-tft\/","nextItem":{"@type":"ListItem","@id":"https:\/\/rjoytek.com\/fr\/produit\/module-lcd-tft-de-35-pouces-1440x1600-interface-mipi-sdi-pour-panneau-daffichage-vr-ar\/#listItem","name":"RJOYTEK 3.5 inch 1440*1600 MIPI SDI Interface TFT LCD Module"},"previousItem":{"@type":"ListItem","@id":"https:\/\/rjoytek.com\/fr\/boutique\/#listItem","name":"Shop"}},{"@type":"ListItem","@id":"https:\/\/rjoytek.com\/fr\/produit\/module-lcd-tft-de-35-pouces-1440x1600-interface-mipi-sdi-pour-panneau-daffichage-vr-ar\/#listItem","position":4,"name":"RJOYTEK 3.5 inch 1440*1600 MIPI SDI Interface TFT LCD Module","previousItem":{"@type":"ListItem","@id":"https:\/\/rjoytek.com\/fr\/categorie-produit\/module-daffichage-lcd-tft\/#listItem","name":"TFT LCD Display Module"}}]},{"@type":"Organization","@id":"https:\/\/rjoytek.com\/fr\/#organization","name":"RJY Display","description":"Top Custom LCD, TFT, OLED Display Manufacturer & Supplier in China.","url":"https:\/\/rjoytek.com\/fr\/","telephone":"+8618872893408","logo":{"@type":"ImageObject","url":"https:\/\/rjoytek.com\/wp-content\/uploads\/2025\/07\/LOGO1-scaled.png","@id":"https:\/\/rjoytek.com\/fr\/produit\/module-lcd-tft-de-35-pouces-1440x1600-interface-mipi-sdi-pour-panneau-daffichage-vr-ar\/#organizationLogo","width":2560,"height":416},"image":{"@id":"https:\/\/rjoytek.com\/fr\/produit\/module-lcd-tft-de-35-pouces-1440x1600-interface-mipi-sdi-pour-panneau-daffichage-vr-ar\/#organizationLogo"},"sameAs":["https:\/\/www.facebook.com\/RjoytekLCDSolution","https:\/\/www.youtube.com\/@lcdsolution-RJOYTEK","https:\/\/www.linkedin.com\/company\/rjoytek-lcd-solution"]},{"@type":"WebPage","@id":"https:\/\/rjoytek.com\/fr\/produit\/module-lcd-tft-de-35-pouces-1440x1600-interface-mipi-sdi-pour-panneau-daffichage-vr-ar\/#webpage","url":"https:\/\/rjoytek.com\/fr\/produit\/module-lcd-tft-de-35-pouces-1440x1600-interface-mipi-sdi-pour-panneau-daffichage-vr-ar\/","name":"RJOYTEK 3.5 inch 1440*1600 MIPI SDI Interface TFT LCD Module - Microdisplay for AR\/VR - Top Custom LCD, TFT, OLED Display Manufacturer & Supplier in China.","description":"Size: 3.5 inch LCD module Display mode: Transmission mode, Normally black Number of pixels: 1440(H) \u00d7 1600(V) NTSC Ratio: 85% Driver IC: NT57860 Interface: MIPI DSI (Video Mode)","inLanguage":"fr-FR","isPartOf":{"@id":"https:\/\/rjoytek.com\/fr\/#website"},"breadcrumb":{"@id":"https:\/\/rjoytek.com\/fr\/produit\/module-lcd-tft-de-35-pouces-1440x1600-interface-mipi-sdi-pour-panneau-daffichage-vr-ar\/#breadcrumblist"},"image":{"@type":"ImageObject","url":"https:\/\/rjoytek.com\/wp-content\/uploads\/2022\/05\/7.jpg","@id":"https:\/\/rjoytek.com\/fr\/produit\/module-lcd-tft-de-35-pouces-1440x1600-interface-mipi-sdi-pour-panneau-daffichage-vr-ar\/#mainImage","width":800,"height":800},"primaryImageOfPage":{"@id":"https:\/\/rjoytek.com\/fr\/produit\/module-lcd-tft-de-35-pouces-1440x1600-interface-mipi-sdi-pour-panneau-daffichage-vr-ar\/#mainImage"},"datePublished":"2022-05-27T04:03:44+00:00","dateModified":"2022-08-30T06:03:10+00:00"},{"@type":"WebSite","@id":"https:\/\/rjoytek.com\/fr\/#website","url":"https:\/\/rjoytek.com\/fr\/","name":"RJY Display","description":"Top Custom LCD, TFT, OLED Display Manufacturer & Supplier in China.","inLanguage":"fr-FR","publisher":{"@id":"https:\/\/rjoytek.com\/fr\/#organization"}}]},"og:locale":"fr_FR","og:site_name":"RJY Display - Top Custom LCD, TFT, OLED Display Manufacturer &amp; Supplier in China.","og:type":"article","og:title":"RJOYTEK 3.5 inch 1440*1600 MIPI SDI Interface TFT LCD Module - Microdisplay for AR\/VR - Top Custom LCD, TFT, OLED Display Manufacturer &amp; Supplier in China.","og:description":"Size: 3.5 inch LCD module Display mode: Transmission mode, Normally black Number of pixels: 1440(H) \u00d7 1600(V) NTSC Ratio: 85% Driver IC: NT57860 Interface: MIPI DSI (Video Mode)","og:url":"https:\/\/rjoytek.com\/fr\/produit\/module-lcd-tft-de-35-pouces-1440x1600-interface-mipi-sdi-pour-panneau-daffichage-vr-ar\/","og:image":"https:\/\/rjoytek.com\/wp-content\/uploads\/2024\/08\/cropped-LOGO.png","og:image:secure_url":"https:\/\/rjoytek.com\/wp-content\/uploads\/2024\/08\/cropped-LOGO.png","og:image:width":512,"og:image:height":512,"article:published_time":"2022-05-27T04:03:44+00:00","article:modified_time":"2022-08-30T06:03:10+00:00","article:publisher":"https:\/\/www.facebook.com\/RjoytekLCDSolution","twitter:card":"summary_large_image","twitter:title":"RJOYTEK 3.5 inch 1440*1600 MIPI SDI Interface TFT LCD Module - Microdisplay for AR\/VR - Top Custom LCD, TFT, OLED Display Manufacturer &amp; Supplier in China.","twitter:description":"Size: 3.5 inch LCD module Display mode: Transmission mode, Normally black Number of pixels: 1440(H) \u00d7 1600(V) NTSC Ratio: 85% Driver IC: NT57860 Interface: MIPI DSI (Video Mode)","twitter:image":"https:\/\/rjoytek.com\/wp-content\/uploads\/2024\/08\/cropped-LOGO.png"},"aioseo_meta_data":{"post_id":"6351","title":null,"description":null,"keywords":null,"keyphrases":null,"canonical_url":null,"og_title":null,"og_description":null,"og_object_type":"default","og_image_type":"default","og_image_custom_url":null,"og_image_custom_fields":null,"og_custom_image_width":null,"og_custom_image_height":null,"og_video":null,"og_custom_url":null,"og_article_section":null,"og_article_tags":null,"twitter_use_og":true,"twitter_card":"default","twitter_image_type":"default","twitter_image_custom_url":null,"twitter_image_custom_fields":null,"twitter_title":null,"twitter_description":null,"schema_type":null,"schema_type_options":null,"pillar_content":false,"robots_default":true,"robots_noindex":false,"robots_noarchive":false,"robots_nosnippet":false,"robots_nofollow":false,"robots_noimageindex":false,"robots_noodp":false,"robots_notranslate":false,"robots_max_snippet":null,"robots_max_videopreview":null,"robots_max_imagepreview":"none","tabs":null,"priority":null,"frequency":null,"local_seo":null,"created":"2026-03-20 03:53:41","updated":"2026-04-06 12:48:00"},"aioseo_breadcrumb":"<div class=\"aioseo-breadcrumbs\"><span class=\"aioseo-breadcrumb\">\n\t<a href=\"https:\/\/rjoytek.com\/fr\" title=\"Home\">Home<\/a>\n<\/span><span class=\"aioseo-breadcrumb-separator\">\u00bb<\/span><span class=\"aioseo-breadcrumb\">\n\t<a href=\"https:\/\/rjoytek.com\/fr\/boutique\/\" title=\"Shop\">Shop<\/a>\n<\/span><span class=\"aioseo-breadcrumb-separator\">\u00bb<\/span><span class=\"aioseo-breadcrumb\">\n\t<a href=\"https:\/\/rjoytek.com\/fr\/categorie-produit\/module-daffichage-lcd-tft\/\" title=\"TFT LCD Display Module\">TFT LCD Display Module<\/a>\n<\/span><span class=\"aioseo-breadcrumb-separator\">\u00bb<\/span><span class=\"aioseo-breadcrumb\">\n\tRJOYTEK 3.5 inch 1440*1600 MIPI SDI Interface TFT LCD Module\n<\/span><\/div>","aioseo_breadcrumb_json":[{"label":"Home","link":"https:\/\/rjoytek.com\/fr"},{"label":"Shop","link":"https:\/\/rjoytek.com\/fr\/boutique\/"},{"label":"TFT LCD Display Module","link":"https:\/\/rjoytek.com\/fr\/categorie-produit\/module-daffichage-lcd-tft\/"},{"label":"RJOYTEK 3.5 inch 1440*1600 MIPI SDI Interface TFT LCD Module","link":"https:\/\/rjoytek.com\/fr\/produit\/module-lcd-tft-de-35-pouces-1440x1600-interface-mipi-sdi-pour-panneau-daffichage-vr-ar\/"}],"_links":{"self":[{"href":"https:\/\/rjoytek.com\/fr\/wp-json\/wp\/v2\/product\/6351","targetHints":{"allow":["GET"]}}],"collection":[{"href":"https:\/\/rjoytek.com\/fr\/wp-json\/wp\/v2\/product"}],"about":[{"href":"https:\/\/rjoytek.com\/fr\/wp-json\/wp\/v2\/types\/product"}],"wp:featuredmedia":[{"embeddable":true,"href":"https:\/\/rjoytek.com\/fr\/wp-json\/wp\/v2\/media\/6353"}],"wp:attachment":[{"href":"https:\/\/rjoytek.com\/fr\/wp-json\/wp\/v2\/media?parent=6351"}],"wp:term":[{"taxonomy":"product_cat","embeddable":true,"href":"https:\/\/rjoytek.com\/fr\/wp-json\/wp\/v2\/product_cat?post=6351"},{"taxonomy":"product_tag","embeddable":true,"href":"https:\/\/rjoytek.com\/fr\/wp-json\/wp\/v2\/product_tag?post=6351"}],"curies":[{"name":"wp","href":"https:\/\/api.w.org\/{rel}","templated":true}]}}