{"id":6343,"date":"2022-05-27T03:45:18","date_gmt":"2022-05-27T03:45:18","guid":{"rendered":"https:\/\/rjoytek.com\/?post_type=product&#038;p=6343"},"modified":"2022-09-13T08:24:44","modified_gmt":"2022-09-13T08:24:44","slug":"2-panneaux-lcd-tft-de-1-pouce-1600x1600-interface-mipi-dsi-module-daffichage-lcd","status":"publish","type":"product","link":"https:\/\/rjoytek.com\/fr\/produit\/2-panneaux-lcd-tft-de-1-pouce-1600x1600-interface-mipi-dsi-module-daffichage-lcd\/","title":{"rendered":"Module d'affichage LCD RJOYTEK 2,1 pouces avec interface MIPI DSI 1600*1600"},"content":{"rendered":"<p style=\"text-align: justify\">VS021XRM-NW0-DKP0 est un \u00e9cran LCD TFT a-Si de 2,1 pouces de BOE, dot\u00e9 d'un r\u00e9tro\u00e9clairage WLED int\u00e9gr\u00e9, sans pilote de r\u00e9tro\u00e9clairage et sans \u00e9cran tactile. La r\u00e9solution est de 1600(RGB)\u00d71600 avec un rapport d'aspect de 1:1 (L:H), dont les pixels sont agenc\u00e9s en bandes verticales RVB, avec un traitement de surface durci (3H). Le VS021XRM-NW0-DKP0 offre une luminosit\u00e9 d'affichage de 450 cd\/m\u00b2, un rapport de contraste transmissif de 650:1, pr\u00e9sente une palette de 16,7 millions de couleurs et une gamme de couleurs de 71% TPT (NTSC). Ce panneau LCD TFT de 2,1 pouces utilise le protocole MIPI (2 canaux, 4 voies de donn\u00e9es) comme syst\u00e8me de saisie de signal, connect\u00e9 par un connecteur 24 broches avec une tension d'alimentation de 1,8\/6,0\/-6,0 V (Typ.)(VDDI\/AVDD\/AVEE).<\/p>\n<table style=\"width: 100%;border-collapse: collapse;border-style: solid;border-color: #666464\">\n<caption>\u00a0<\/caption>\n<tbody>\n<tr>\n<td style=\"width: 50%\">Mod\u00e8le<\/td>\n<td style=\"width: 50%\">VS021XRM-NW0-DKP0<\/td>\n<\/tr>\n<tr>\n<td style=\"width: 50%\">M\u00e9thode d'affichage<\/td>\n<td style=\"width: 50%\">TFT \u00e0 matrice active<\/td>\n<\/tr>\n<tr>\n<td style=\"width: 50%\">Mode d'affichage<\/td>\n<td style=\"width: 50%\">Mode transmission, Noir normalement<\/td>\n<\/tr>\n<tr>\n<td style=\"width: 50%\">Taille de l'\u00e9cran<\/td>\n<td style=\"width: 50%\">2,1\" (38,4 mm)<\/td>\n<\/tr>\n<tr>\n<td style=\"width: 50%\">Nombre de pixels<\/td>\n<td style=\"width: 50%\">1600(H) * 1600(V)<\/td>\n<\/tr>\n<tr>\n<td style=\"width: 50%\">Pas de pixels (Pixel pitch)<\/td>\n<td style=\"width: 50%\">8(H) 8 24(V)<\/td>\n<\/tr>\n<tr>\n<td style=\"width: 50%\">Disposition des pixels<\/td>\n<td style=\"width: 50%\">Bande RGB<\/td>\n<\/tr>\n<tr>\n<td style=\"width: 50%\">Couleurs affich\u00e9es<\/td>\n<td style=\"width: 50%\">16,7M<\/td>\n<\/tr>\n<tr>\n<td style=\"width: 50%\">Ratio NTSC<\/td>\n<td style=\"width: 50%\">70.8%<\/td>\n<\/tr>\n<tr>\n<td style=\"width: 50%\">Dimensions externes du LCM (Module LCD)<\/td>\n<td style=\"width: 50%\">41,2(H) \u00d7 45,3(V) \u00d7 1,66 (T)<\/td>\n<\/tr>\n<tr>\n<td style=\"width: 50%\">Poids du LCM<\/td>\n<td style=\"width: 50%\">6.0 +\/-1.0<\/td>\n<\/tr>\n<tr>\n<td style=\"width: 50%\">Circuit int\u00e9gr\u00e9 pilote (Driver IC)<\/td>\n<td style=\"width: 50%\">R63455<\/td>\n<\/tr>\n<tr>\n<td style=\"width: 50%\">Interface<\/td>\n<td style=\"width: 50%\">MIPI DSI (Mode Vid\u00e9o)<\/td>\n<\/tr>\n<tr>\n<td style=\"width: 50%\">Traitement de surface<\/td>\n<td style=\"width: 50%\">HC (Hard Coating), \u22653H<\/td>\n<\/tr>\n<\/tbody>\n<\/table>\n<p><img fetchpriority=\"high\" decoding=\"async\" class=\"size-full wp-image-7351 aligncenter\" src=\"https:\/\/rjoytek.com\/wp-content\/uploads\/2022\/05\/vr-display-rjoytek.jpg\" alt=\"\" width=\"1000\" height=\"804\" srcset=\"https:\/\/rjoytek.com\/wp-content\/uploads\/2022\/05\/vr-display-rjoytek.jpg 1000w, https:\/\/rjoytek.com\/wp-content\/uploads\/2022\/05\/vr-display-rjoytek-300x241.jpg 300w, https:\/\/rjoytek.com\/wp-content\/uploads\/2022\/05\/vr-display-rjoytek-600x482.jpg 600w\" sizes=\"(max-width: 1000px) 100vw, 1000px\" \/><\/p>\n<p><img decoding=\"async\" class=\"size-full wp-image-7320 aligncenter\" src=\"https:\/\/rjoytek.com\/wp-content\/uploads\/2022\/08\/RJOYTEK-certification.jpg\" alt=\"Certification RJOYTEK\" width=\"1920\" height=\"1326\" srcset=\"https:\/\/rjoytek.com\/wp-content\/uploads\/2022\/08\/RJOYTEK-certification.jpg 1920w, https:\/\/rjoytek.com\/wp-content\/uploads\/2022\/08\/RJOYTEK-certification-1000x691.jpg 1000w, https:\/\/rjoytek.com\/wp-content\/uploads\/2022\/08\/RJOYTEK-certification-300x207.jpg 300w, https:\/\/rjoytek.com\/wp-content\/uploads\/2022\/08\/RJOYTEK-certification-1024x707.jpg 1024w, https:\/\/rjoytek.com\/wp-content\/uploads\/2022\/08\/RJOYTEK-certification-1536x1061.jpg 1536w, https:\/\/rjoytek.com\/wp-content\/uploads\/2022\/08\/RJOYTEK-certification-600x414.jpg 600w\" sizes=\"(max-width: 1920px) 100vw, 1920px\" \/><\/p>\n<p><img decoding=\"async\" class=\"size-full wp-image-7149 aligncenter\" src=\"https:\/\/rjoytek.com\/wp-content\/uploads\/2022\/08\/rjoytek-factory-show.jpg\" alt=\"Pr\u00e9sentation de l&#039;usine Rjoytek\" width=\"1500\" height=\"984\" srcset=\"https:\/\/rjoytek.com\/wp-content\/uploads\/2022\/08\/rjoytek-factory-show.jpg 1500w, https:\/\/rjoytek.com\/wp-content\/uploads\/2022\/08\/rjoytek-factory-show-1000x656.jpg 1000w, https:\/\/rjoytek.com\/wp-content\/uploads\/2022\/08\/rjoytek-factory-show-300x197.jpg 300w, https:\/\/rjoytek.com\/wp-content\/uploads\/2022\/08\/rjoytek-factory-show-1024x672.jpg 1024w, https:\/\/rjoytek.com\/wp-content\/uploads\/2022\/08\/rjoytek-factory-show-600x394.jpg 600w\" sizes=\"(max-width: 1500px) 100vw, 1500px\" \/><\/p>\n<p>&nbsp;<\/p>","protected":false},"excerpt":{"rendered":"<p><b> Caract\u00e9ristiques <\/b><\/p>\n<p>* Haute densit\u00e9 de pixels (PPI)<\/p>\n<p>* Temps de r\u00e9ponse rapide<\/p>\n<p>* Taux de rafra\u00eechissement \u00e9lev\u00e9<\/p>\n<p>* Luminosit\u00e9 \u00e9lev\u00e9e, faible r\u00e9flexion et angle de vision large<\/p>\n<p>* Conforme aux normes RoHS et sans halog\u00e8ne<\/p>\n<p><b>\u00a0Application <\/b><\/p>\n<p>* Dispositif de r\u00e9alit\u00e9 virtuelle<\/p>\n<p>* Dispositif de r\u00e9alit\u00e9 augment\u00e9e<\/p>","protected":false},"featured_media":6345,"template":"","meta":{"_acf_changed":false,"site-sidebar-layout":"default","site-content-layout":"","ast-site-content-layout":"default","site-content-style":"default","site-sidebar-style":"default","ast-global-header-display":"","ast-banner-title-visibility":"","ast-main-header-display":"","ast-hfb-above-header-display":"","ast-hfb-below-header-display":"","ast-hfb-mobile-header-display":"","site-post-title":"","ast-breadcrumbs-content":"","ast-featured-img":"","footer-sml-layout":"","ast-disable-related-posts":"","theme-transparent-header-meta":"","adv-header-id-meta":"","stick-header-meta":"","header-above-stick-meta":"","header-main-stick-meta":"","header-below-stick-meta":"","astra-migrate-meta-layouts":"default","ast-page-background-enabled":"default","ast-page-background-meta":{"desktop":{"background-color":"var(--ast-global-color-5)","background-image":"","background-repeat":"repeat","background-position":"center center","background-size":"auto","background-attachment":"scroll","background-type":"","background-media":"","overlay-type":"","overlay-color":"","overlay-opacity":"","overlay-gradient":""},"tablet":{"background-color":"","background-image":"","background-repeat":"repeat","background-position":"center center","background-size":"auto","background-attachment":"scroll","background-type":"","background-media":"","overlay-type":"","overlay-color":"","overlay-opacity":"","overlay-gradient":""},"mobile":{"background-color":"","background-image":"","background-repeat":"repeat","background-position":"center center","background-size":"auto","background-attachment":"scroll","background-type":"","background-media":"","overlay-type":"","overlay-color":"","overlay-opacity":"","overlay-gradient":""}},"ast-content-background-meta":{"desktop":{"background-color":"var(--ast-global-color-4)","background-image":"","background-repeat":"repeat","background-position":"center center","background-size":"auto","background-attachment":"scroll","background-type":"","background-media":"","overlay-type":"","overlay-color":"","overlay-opacity":"","overlay-gradient":""},"tablet":{"background-color":"var(--ast-global-color-4)","background-image":"","background-repeat":"repeat","background-position":"center center","background-size":"auto","background-attachment":"scroll","background-type":"","background-media":"","overlay-type":"","overlay-color":"","overlay-opacity":"","overlay-gradient":""},"mobile":{"background-color":"var(--ast-global-color-4)","background-image":"","background-repeat":"repeat","background-position":"center center","background-size":"auto","background-attachment":"scroll","background-type":"","background-media":"","overlay-type":"","overlay-color":"","overlay-opacity":"","overlay-gradient":""}}},"product_cat":[34,15],"product_tag":[],"class_list":{"0":"post-6343","1":"product","2":"type-product","3":"status-publish","4":"has-post-thumbnail","6":"product_cat-vr-ar-display-module","7":"product_cat-tft-lcd-display-module","8":"desktop-align-left","9":"tablet-align-left","10":"mobile-align-left","11":"ast-product-gallery-layout-horizontal-slider","12":"ast-magnify-disabled","13":"ast-qv-on-image","15":"first","16":"instock","17":"shipping-taxable","18":"product-type-simple"},"acf":[],"aioseo_notices":[],"aioseo_head":"\n\t\t<!-- All in One SEO Pro 4.8.3.2 - aioseo.com -->\n\t<meta name=\"description\" content=\"Features * High PPI * Fast response time * High frame ratio * High luminance, low reflection and wide viewing angle * RoHS\u3001Halogen Free Compliant Application * Virtual Reality Device * Augmented Reality Device\" \/>\n\t<meta name=\"robots\" content=\"max-image-preview:large\" \/>\n\t<link rel=\"canonical\" href=\"https:\/\/rjoytek.com\/fr\/produit\/2-panneaux-lcd-tft-de-1-pouce-1600x1600-interface-mipi-dsi-module-daffichage-lcd\/\" \/>\n\t<meta name=\"generator\" content=\"All in One SEO Pro (AIOSEO) 4.8.3.2\" \/>\n\t\t<meta property=\"og:locale\" content=\"fr_FR\" \/>\n\t\t<meta property=\"og:site_name\" content=\"RJY Display - Top Custom LCD, TFT, OLED Display Manufacturer &amp; Supplier in China.\" \/>\n\t\t<meta property=\"og:type\" content=\"article\" \/>\n\t\t<meta property=\"og:title\" content=\"RJOYTEK 2.1 inch 1600*1600 MIPI DSI Interface LCD Display Module - Microdisplay for AR\/VR - Top Custom LCD, TFT, OLED Display Manufacturer &amp; Supplier in China.\" \/>\n\t\t<meta property=\"og:description\" content=\"Features * High PPI * Fast response time * High frame ratio * High luminance, low reflection and wide viewing angle * RoHS\u3001Halogen Free Compliant Application * Virtual Reality Device * Augmented Reality Device\" \/>\n\t\t<meta property=\"og:url\" content=\"https:\/\/rjoytek.com\/fr\/produit\/2-panneaux-lcd-tft-de-1-pouce-1600x1600-interface-mipi-dsi-module-daffichage-lcd\/\" \/>\n\t\t<meta property=\"og:image\" content=\"https:\/\/rjoytek.com\/wp-content\/uploads\/2024\/08\/cropped-LOGO.png\" \/>\n\t\t<meta property=\"og:image:secure_url\" content=\"https:\/\/rjoytek.com\/wp-content\/uploads\/2024\/08\/cropped-LOGO.png\" \/>\n\t\t<meta property=\"og:image:width\" content=\"512\" \/>\n\t\t<meta property=\"og:image:height\" content=\"512\" \/>\n\t\t<meta property=\"article:published_time\" content=\"2022-05-27T03:45:18+00:00\" \/>\n\t\t<meta property=\"article:modified_time\" content=\"2022-09-13T08:24:44+00:00\" \/>\n\t\t<meta property=\"article:publisher\" content=\"https:\/\/www.facebook.com\/RjoytekLCDSolution\" \/>\n\t\t<meta name=\"twitter:card\" content=\"summary_large_image\" \/>\n\t\t<meta name=\"twitter:title\" content=\"RJOYTEK 2.1 inch 1600*1600 MIPI DSI Interface LCD Display Module - Microdisplay for AR\/VR - Top Custom LCD, TFT, OLED Display Manufacturer &amp; Supplier in China.\" \/>\n\t\t<meta name=\"twitter:description\" content=\"Features * High PPI * Fast response time * High frame ratio * High luminance, low reflection and wide viewing angle * RoHS\u3001Halogen Free Compliant Application * Virtual Reality Device * Augmented Reality Device\" \/>\n\t\t<meta name=\"twitter:image\" content=\"https:\/\/rjoytek.com\/wp-content\/uploads\/2024\/08\/cropped-LOGO.png\" \/>\n\t\t<script type=\"application\/ld+json\" class=\"aioseo-schema\">\n\t\t\t{\"@context\":\"https:\\\/\\\/schema.org\",\"@graph\":[{\"@type\":\"BreadcrumbList\",\"@id\":\"https:\\\/\\\/rjoytek.com\\\/fr\\\/produit\\\/2-panneaux-lcd-tft-de-1-pouce-1600x1600-interface-mipi-dsi-module-daffichage-lcd\\\/#breadcrumblist\",\"itemListElement\":[{\"@type\":\"ListItem\",\"@id\":\"https:\\\/\\\/rjoytek.com\\\/fr#listItem\",\"position\":1,\"name\":\"Home\",\"item\":\"https:\\\/\\\/rjoytek.com\\\/fr\",\"nextItem\":{\"@type\":\"ListItem\",\"@id\":\"https:\\\/\\\/rjoytek.com\\\/fr\\\/boutique\\\/#listItem\",\"name\":\"Shop\"}},{\"@type\":\"ListItem\",\"@id\":\"https:\\\/\\\/rjoytek.com\\\/fr\\\/boutique\\\/#listItem\",\"position\":2,\"name\":\"Shop\",\"item\":\"https:\\\/\\\/rjoytek.com\\\/fr\\\/boutique\\\/\",\"nextItem\":{\"@type\":\"ListItem\",\"@id\":\"https:\\\/\\\/rjoytek.com\\\/fr\\\/categorie-produit\\\/module-daffichage-lcd-tft\\\/#listItem\",\"name\":\"TFT LCD Display Module\"},\"previousItem\":{\"@type\":\"ListItem\",\"@id\":\"https:\\\/\\\/rjoytek.com\\\/fr#listItem\",\"name\":\"Home\"}},{\"@type\":\"ListItem\",\"@id\":\"https:\\\/\\\/rjoytek.com\\\/fr\\\/categorie-produit\\\/module-daffichage-lcd-tft\\\/#listItem\",\"position\":3,\"name\":\"TFT LCD Display Module\",\"item\":\"https:\\\/\\\/rjoytek.com\\\/fr\\\/categorie-produit\\\/module-daffichage-lcd-tft\\\/\",\"nextItem\":{\"@type\":\"ListItem\",\"@id\":\"https:\\\/\\\/rjoytek.com\\\/fr\\\/produit\\\/2-panneaux-lcd-tft-de-1-pouce-1600x1600-interface-mipi-dsi-module-daffichage-lcd\\\/#listItem\",\"name\":\"RJOYTEK 2.1 inch 1600*1600 MIPI DSI Interface LCD Display Module\"},\"previousItem\":{\"@type\":\"ListItem\",\"@id\":\"https:\\\/\\\/rjoytek.com\\\/fr\\\/boutique\\\/#listItem\",\"name\":\"Shop\"}},{\"@type\":\"ListItem\",\"@id\":\"https:\\\/\\\/rjoytek.com\\\/fr\\\/produit\\\/2-panneaux-lcd-tft-de-1-pouce-1600x1600-interface-mipi-dsi-module-daffichage-lcd\\\/#listItem\",\"position\":4,\"name\":\"RJOYTEK 2.1 inch 1600*1600 MIPI DSI Interface LCD Display Module\",\"previousItem\":{\"@type\":\"ListItem\",\"@id\":\"https:\\\/\\\/rjoytek.com\\\/fr\\\/categorie-produit\\\/module-daffichage-lcd-tft\\\/#listItem\",\"name\":\"TFT LCD Display Module\"}}]},{\"@type\":\"Organization\",\"@id\":\"https:\\\/\\\/rjoytek.com\\\/fr\\\/#organization\",\"name\":\"RJY Display\",\"description\":\"Top Custom LCD, TFT, OLED Display Manufacturer & Supplier in China.\",\"url\":\"https:\\\/\\\/rjoytek.com\\\/fr\\\/\",\"telephone\":\"+8618872893408\",\"logo\":{\"@type\":\"ImageObject\",\"url\":\"https:\\\/\\\/rjoytek.com\\\/wp-content\\\/uploads\\\/2025\\\/07\\\/LOGO1-scaled.png\",\"@id\":\"https:\\\/\\\/rjoytek.com\\\/fr\\\/produit\\\/2-panneaux-lcd-tft-de-1-pouce-1600x1600-interface-mipi-dsi-module-daffichage-lcd\\\/#organizationLogo\",\"width\":2560,\"height\":416},\"image\":{\"@id\":\"https:\\\/\\\/rjoytek.com\\\/fr\\\/produit\\\/2-panneaux-lcd-tft-de-1-pouce-1600x1600-interface-mipi-dsi-module-daffichage-lcd\\\/#organizationLogo\"},\"sameAs\":[\"https:\\\/\\\/www.facebook.com\\\/RjoytekLCDSolution\",\"https:\\\/\\\/www.youtube.com\\\/@lcdsolution-RJOYTEK\",\"https:\\\/\\\/www.linkedin.com\\\/company\\\/rjoytek-lcd-solution\"]},{\"@type\":\"WebPage\",\"@id\":\"https:\\\/\\\/rjoytek.com\\\/fr\\\/produit\\\/2-panneaux-lcd-tft-de-1-pouce-1600x1600-interface-mipi-dsi-module-daffichage-lcd\\\/#webpage\",\"url\":\"https:\\\/\\\/rjoytek.com\\\/fr\\\/produit\\\/2-panneaux-lcd-tft-de-1-pouce-1600x1600-interface-mipi-dsi-module-daffichage-lcd\\\/\",\"name\":\"RJOYTEK 2.1 inch 1600*1600 MIPI DSI Interface LCD Display Module - Microdisplay for AR\\\/VR - Top Custom LCD, TFT, OLED Display Manufacturer & Supplier in China.\",\"description\":\"Features * High PPI * Fast response time * High frame ratio * High luminance, low reflection and wide viewing angle * RoHS\\u3001Halogen Free Compliant Application * Virtual Reality Device * Augmented Reality Device\",\"inLanguage\":\"fr-FR\",\"isPartOf\":{\"@id\":\"https:\\\/\\\/rjoytek.com\\\/fr\\\/#website\"},\"breadcrumb\":{\"@id\":\"https:\\\/\\\/rjoytek.com\\\/fr\\\/produit\\\/2-panneaux-lcd-tft-de-1-pouce-1600x1600-interface-mipi-dsi-module-daffichage-lcd\\\/#breadcrumblist\"},\"image\":{\"@type\":\"ImageObject\",\"url\":\"https:\\\/\\\/rjoytek.com\\\/wp-content\\\/uploads\\\/2022\\\/05\\\/6.jpg\",\"@id\":\"https:\\\/\\\/rjoytek.com\\\/fr\\\/produit\\\/2-panneaux-lcd-tft-de-1-pouce-1600x1600-interface-mipi-dsi-module-daffichage-lcd\\\/#mainImage\",\"width\":800,\"height\":800},\"primaryImageOfPage\":{\"@id\":\"https:\\\/\\\/rjoytek.com\\\/fr\\\/produit\\\/2-panneaux-lcd-tft-de-1-pouce-1600x1600-interface-mipi-dsi-module-daffichage-lcd\\\/#mainImage\"},\"datePublished\":\"2022-05-27T03:45:18+00:00\",\"dateModified\":\"2022-09-13T08:24:44+00:00\"},{\"@type\":\"WebSite\",\"@id\":\"https:\\\/\\\/rjoytek.com\\\/fr\\\/#website\",\"url\":\"https:\\\/\\\/rjoytek.com\\\/fr\\\/\",\"name\":\"RJY Display\",\"description\":\"Top Custom LCD, TFT, OLED Display Manufacturer & Supplier in China.\",\"inLanguage\":\"fr-FR\",\"publisher\":{\"@id\":\"https:\\\/\\\/rjoytek.com\\\/fr\\\/#organization\"}}]}\n\t\t<\/script>\n\t\t<!-- All in One SEO Pro -->\r\n\t\t<title>RJOYTEK 2.1 inch 1600*1600 MIPI DSI Interface LCD Display Module - Microdisplay for AR\/VR - Top Custom LCD, TFT, OLED Display Manufacturer &amp; Supplier in China.<\/title>\n\n","aioseo_head_json":{"title":"RJOYTEK Module d'affichage LCD 2,1 pouces 1600*1600 avec interface MIPI DSI - Micro-\u00e9cran pour AR\/VR - Fabricant et fournisseur leader en Chine d'\u00e9crans LCD, TFT et OLED sur mesure.","description":"Caract\u00e9ristiques","canonical_url":"https:\/\/rjoytek.com\/fr\/produit\/2-panneaux-lcd-tft-de-1-pouce-1600x1600-interface-mipi-dsi-module-daffichage-lcd\/","robots":"max-image-preview:large","keywords":"","webmasterTools":{"miscellaneous":""},"schema":{"@context":"https:\/\/schema.org","@graph":[{"@type":"BreadcrumbList","@id":"https:\/\/rjoytek.com\/fr\/produit\/2-panneaux-lcd-tft-de-1-pouce-1600x1600-interface-mipi-dsi-module-daffichage-lcd\/#breadcrumblist","itemListElement":[{"@type":"ListItem","@id":"https:\/\/rjoytek.com\/fr#listItem","position":1,"name":"Home","item":"https:\/\/rjoytek.com\/fr","nextItem":{"@type":"ListItem","@id":"https:\/\/rjoytek.com\/fr\/boutique\/#listItem","name":"Shop"}},{"@type":"ListItem","@id":"https:\/\/rjoytek.com\/fr\/boutique\/#listItem","position":2,"name":"Shop","item":"https:\/\/rjoytek.com\/fr\/boutique\/","nextItem":{"@type":"ListItem","@id":"https:\/\/rjoytek.com\/fr\/categorie-produit\/module-daffichage-lcd-tft\/#listItem","name":"TFT LCD Display Module"},"previousItem":{"@type":"ListItem","@id":"https:\/\/rjoytek.com\/fr#listItem","name":"Home"}},{"@type":"ListItem","@id":"https:\/\/rjoytek.com\/fr\/categorie-produit\/module-daffichage-lcd-tft\/#listItem","position":3,"name":"TFT LCD Display Module","item":"https:\/\/rjoytek.com\/fr\/categorie-produit\/module-daffichage-lcd-tft\/","nextItem":{"@type":"ListItem","@id":"https:\/\/rjoytek.com\/fr\/produit\/2-panneaux-lcd-tft-de-1-pouce-1600x1600-interface-mipi-dsi-module-daffichage-lcd\/#listItem","name":"RJOYTEK 2.1 inch 1600*1600 MIPI DSI Interface LCD Display Module"},"previousItem":{"@type":"ListItem","@id":"https:\/\/rjoytek.com\/fr\/boutique\/#listItem","name":"Shop"}},{"@type":"ListItem","@id":"https:\/\/rjoytek.com\/fr\/produit\/2-panneaux-lcd-tft-de-1-pouce-1600x1600-interface-mipi-dsi-module-daffichage-lcd\/#listItem","position":4,"name":"RJOYTEK 2.1 inch 1600*1600 MIPI DSI Interface LCD Display Module","previousItem":{"@type":"ListItem","@id":"https:\/\/rjoytek.com\/fr\/categorie-produit\/module-daffichage-lcd-tft\/#listItem","name":"TFT LCD Display Module"}}]},{"@type":"Organization","@id":"https:\/\/rjoytek.com\/fr\/#organization","name":"RJY Display","description":"Top Custom LCD, TFT, OLED Display Manufacturer & Supplier in China.","url":"https:\/\/rjoytek.com\/fr\/","telephone":"+8618872893408","logo":{"@type":"ImageObject","url":"https:\/\/rjoytek.com\/wp-content\/uploads\/2025\/07\/LOGO1-scaled.png","@id":"https:\/\/rjoytek.com\/fr\/produit\/2-panneaux-lcd-tft-de-1-pouce-1600x1600-interface-mipi-dsi-module-daffichage-lcd\/#organizationLogo","width":2560,"height":416},"image":{"@id":"https:\/\/rjoytek.com\/fr\/produit\/2-panneaux-lcd-tft-de-1-pouce-1600x1600-interface-mipi-dsi-module-daffichage-lcd\/#organizationLogo"},"sameAs":["https:\/\/www.facebook.com\/RjoytekLCDSolution","https:\/\/www.youtube.com\/@lcdsolution-RJOYTEK","https:\/\/www.linkedin.com\/company\/rjoytek-lcd-solution"]},{"@type":"WebPage","@id":"https:\/\/rjoytek.com\/fr\/produit\/2-panneaux-lcd-tft-de-1-pouce-1600x1600-interface-mipi-dsi-module-daffichage-lcd\/#webpage","url":"https:\/\/rjoytek.com\/fr\/produit\/2-panneaux-lcd-tft-de-1-pouce-1600x1600-interface-mipi-dsi-module-daffichage-lcd\/","name":"RJOYTEK 2.1 inch 1600*1600 MIPI DSI Interface LCD Display Module - Microdisplay for AR\/VR - Top Custom LCD, TFT, OLED Display Manufacturer & Supplier in China.","description":"Features * High PPI * Fast response time * High frame ratio * High luminance, low reflection and wide viewing angle * RoHS\u3001Halogen Free Compliant Application * Virtual Reality Device * Augmented Reality Device","inLanguage":"fr-FR","isPartOf":{"@id":"https:\/\/rjoytek.com\/fr\/#website"},"breadcrumb":{"@id":"https:\/\/rjoytek.com\/fr\/produit\/2-panneaux-lcd-tft-de-1-pouce-1600x1600-interface-mipi-dsi-module-daffichage-lcd\/#breadcrumblist"},"image":{"@type":"ImageObject","url":"https:\/\/rjoytek.com\/wp-content\/uploads\/2022\/05\/6.jpg","@id":"https:\/\/rjoytek.com\/fr\/produit\/2-panneaux-lcd-tft-de-1-pouce-1600x1600-interface-mipi-dsi-module-daffichage-lcd\/#mainImage","width":800,"height":800},"primaryImageOfPage":{"@id":"https:\/\/rjoytek.com\/fr\/produit\/2-panneaux-lcd-tft-de-1-pouce-1600x1600-interface-mipi-dsi-module-daffichage-lcd\/#mainImage"},"datePublished":"2022-05-27T03:45:18+00:00","dateModified":"2022-09-13T08:24:44+00:00"},{"@type":"WebSite","@id":"https:\/\/rjoytek.com\/fr\/#website","url":"https:\/\/rjoytek.com\/fr\/","name":"RJY Display","description":"Top Custom LCD, TFT, OLED Display Manufacturer & Supplier in China.","inLanguage":"fr-FR","publisher":{"@id":"https:\/\/rjoytek.com\/fr\/#organization"}}]},"og:locale":"fr_FR","og:site_name":"RJY Display - Top Custom LCD, TFT, OLED Display Manufacturer &amp; Supplier in China.","og:type":"article","og:title":"RJOYTEK 2.1 inch 1600*1600 MIPI DSI Interface LCD Display Module - Microdisplay for AR\/VR - Top Custom LCD, TFT, OLED Display Manufacturer &amp; Supplier in China.","og:description":"Features * High PPI * Fast response time * High frame ratio * High luminance, low reflection and wide viewing angle * RoHS\u3001Halogen Free Compliant Application * Virtual Reality Device * Augmented Reality Device","og:url":"https:\/\/rjoytek.com\/fr\/produit\/2-panneaux-lcd-tft-de-1-pouce-1600x1600-interface-mipi-dsi-module-daffichage-lcd\/","og:image":"https:\/\/rjoytek.com\/wp-content\/uploads\/2024\/08\/cropped-LOGO.png","og:image:secure_url":"https:\/\/rjoytek.com\/wp-content\/uploads\/2024\/08\/cropped-LOGO.png","og:image:width":512,"og:image:height":512,"article:published_time":"2022-05-27T03:45:18+00:00","article:modified_time":"2022-09-13T08:24:44+00:00","article:publisher":"https:\/\/www.facebook.com\/RjoytekLCDSolution","twitter:card":"summary_large_image","twitter:title":"RJOYTEK 2.1 inch 1600*1600 MIPI DSI Interface LCD Display Module - Microdisplay for AR\/VR - Top Custom LCD, TFT, OLED Display Manufacturer &amp; Supplier in China.","twitter:description":"Features * High PPI * Fast response time * High frame ratio * High luminance, low reflection and wide viewing angle * RoHS\u3001Halogen Free Compliant Application * Virtual Reality Device * Augmented Reality Device","twitter:image":"https:\/\/rjoytek.com\/wp-content\/uploads\/2024\/08\/cropped-LOGO.png"},"aioseo_meta_data":{"post_id":"6343","title":null,"description":null,"keywords":null,"keyphrases":null,"canonical_url":null,"og_title":null,"og_description":null,"og_object_type":"default","og_image_type":"default","og_image_custom_url":null,"og_image_custom_fields":null,"og_custom_image_width":null,"og_custom_image_height":null,"og_video":null,"og_custom_url":null,"og_article_section":null,"og_article_tags":null,"twitter_use_og":true,"twitter_card":"default","twitter_image_type":"default","twitter_image_custom_url":null,"twitter_image_custom_fields":null,"twitter_title":null,"twitter_description":null,"schema_type":null,"schema_type_options":null,"pillar_content":false,"robots_default":true,"robots_noindex":false,"robots_noarchive":false,"robots_nosnippet":false,"robots_nofollow":false,"robots_noimageindex":false,"robots_noodp":false,"robots_notranslate":false,"robots_max_snippet":null,"robots_max_videopreview":null,"robots_max_imagepreview":"none","tabs":null,"priority":null,"frequency":null,"local_seo":null,"created":"2026-03-20 03:53:41","updated":"2026-04-28 16:26:59"},"aioseo_breadcrumb":"<div class=\"aioseo-breadcrumbs\"><span class=\"aioseo-breadcrumb\">\n\t<a href=\"https:\/\/rjoytek.com\/fr\" title=\"Home\">Home<\/a>\n<\/span><span class=\"aioseo-breadcrumb-separator\">\u00bb<\/span><span class=\"aioseo-breadcrumb\">\n\t<a href=\"https:\/\/rjoytek.com\/fr\/boutique\/\" title=\"Shop\">Shop<\/a>\n<\/span><span class=\"aioseo-breadcrumb-separator\">\u00bb<\/span><span class=\"aioseo-breadcrumb\">\n\t<a href=\"https:\/\/rjoytek.com\/fr\/categorie-produit\/module-daffichage-lcd-tft\/\" title=\"TFT LCD Display Module\">TFT LCD Display Module<\/a>\n<\/span><span class=\"aioseo-breadcrumb-separator\">\u00bb<\/span><span class=\"aioseo-breadcrumb\">\n\tRJOYTEK 2.1 inch 1600*1600 MIPI DSI Interface LCD Display Module\n<\/span><\/div>","aioseo_breadcrumb_json":[{"label":"Home","link":"https:\/\/rjoytek.com\/fr"},{"label":"Shop","link":"https:\/\/rjoytek.com\/fr\/boutique\/"},{"label":"TFT LCD Display Module","link":"https:\/\/rjoytek.com\/fr\/categorie-produit\/module-daffichage-lcd-tft\/"},{"label":"RJOYTEK 2.1 inch 1600*1600 MIPI DSI Interface LCD Display Module","link":"https:\/\/rjoytek.com\/fr\/produit\/2-panneaux-lcd-tft-de-1-pouce-1600x1600-interface-mipi-dsi-module-daffichage-lcd\/"}],"_links":{"self":[{"href":"https:\/\/rjoytek.com\/fr\/wp-json\/wp\/v2\/product\/6343","targetHints":{"allow":["GET"]}}],"collection":[{"href":"https:\/\/rjoytek.com\/fr\/wp-json\/wp\/v2\/product"}],"about":[{"href":"https:\/\/rjoytek.com\/fr\/wp-json\/wp\/v2\/types\/product"}],"wp:featuredmedia":[{"embeddable":true,"href":"https:\/\/rjoytek.com\/fr\/wp-json\/wp\/v2\/media\/6345"}],"wp:attachment":[{"href":"https:\/\/rjoytek.com\/fr\/wp-json\/wp\/v2\/media?parent=6343"}],"wp:term":[{"taxonomy":"product_cat","embeddable":true,"href":"https:\/\/rjoytek.com\/fr\/wp-json\/wp\/v2\/product_cat?post=6343"},{"taxonomy":"product_tag","embeddable":true,"href":"https:\/\/rjoytek.com\/fr\/wp-json\/wp\/v2\/product_tag?post=6343"}],"curies":[{"name":"wp","href":"https:\/\/api.w.org\/{rel}","templated":true}]}}