{"id":5747,"date":"2022-04-13T02:27:23","date_gmt":"2022-04-13T02:27:23","guid":{"rendered":"https:\/\/rjoytek.com\/?post_type=product&#038;p=5747"},"modified":"2025-02-13T08:35:28","modified_gmt":"2025-02-13T08:35:28","slug":"23-8-pouces-ecran-lcd-ips","status":"publish","type":"product","link":"https:\/\/rjoytek.com\/fr\/produit\/23-8-pouces-ecran-lcd-ips\/","title":{"rendered":"Module d'affichage LCD IPS 23,8 pouces \u2013 1920*1080 Interface LVDS 30 broches"},"content":{"rendered":"<p>Cette sp\u00e9cification s'applique au module d'\u00e9cran LCD couleur TFT a-Si 23,8 pouces grand format. L'affichage prend en charge le format d'\u00e9cran FHD \u2013 1920(H) x 1080(V) et 16,7 millions de couleurs (entr\u00e9e de donn\u00e9es RVB 8 bits). L'interface d'entr\u00e9e est LVDS \u00e0 double canal et ce module ne contient pas de carte pilote pour le r\u00e9tro\u00e9clairage.<\/p>\n<table style=\"border-collapse: collapse;width: 100%;height: 282px\">\n<tbody>\n<tr style=\"height: 26px\">\n<td style=\"width: 50%;height: 26px\">Mod\u00e8le<\/td>\n<td style=\"width: 50%;height: 26px\">MV238FHM-N30<\/td>\n<\/tr>\n<tr style=\"height: 26px\">\n<td style=\"width: 50%;height: 26px\">Taille<\/td>\n<td style=\"width: 50%;height: 26px\">Module d'\u00e9cran LCD TFT 23,8 pouces<\/td>\n<\/tr>\n<tr style=\"height: 48px\">\n<td style=\"width: 50%;height: 48px\">Zone active<\/td>\n<td style=\"width: 50%;height: 48px\">527,04(H) x 296,46(V)<\/td>\n<\/tr>\n<tr style=\"height: 26px\">\n<td style=\"width: 50%;height: 26px\">R\u00e9solution<\/td>\n<td style=\"width: 50%;height: 26px\">1920*1080<\/td>\n<\/tr>\n<tr style=\"height: 26px\">\n<td style=\"width: 50%;height: 26px\">Pas de pixel<\/td>\n<td style=\"width: 50%;height: 26px\">274,5 (par triplet) \u00d7 274,5<\/td>\n<\/tr>\n<tr style=\"height: 26px\">\n<td style=\"width: 50%;height: 26px\">Agencement des pixels<\/td>\n<td style=\"width: 50%;height: 26px\">Bande verticale R.V.B.<\/td>\n<\/tr>\n<tr style=\"height: 26px\">\n<td style=\"width: 50%;height: 26px\">Mode d'affichage<\/td>\n<td style=\"width: 50%;height: 26px\">Normalement Noir<\/td>\n<\/tr>\n<tr style=\"height: 26px\">\n<td style=\"width: 50%;height: 26px\">Luminance du blanc<\/td>\n<td style=\"width: 50%;height: 26px\">250 (Typ.)<\/td>\n<\/tr>\n<tr style=\"height: 26px\">\n<td style=\"width: 50%;height: 26px\">Rapport de contraste<\/td>\n<td style=\"width: 50%;height: 26px\">3000 (Typ.)<\/td>\n<\/tr>\n<tr style=\"height: 26px\">\n<td style=\"width: 50%;height: 26px\">Dimensions externes<\/td>\n<td style=\"width: 50%;height: 26px\">543,0(H) x 317,4(V) x 11,2(P) (Typ.)<\/td>\n<\/tr>\n<tr>\n<td style=\"width: 50%\">Interface \u00e9lectrique<\/td>\n<td style=\"width: 50%\">LVDS double canal, entr\u00e9e de donn\u00e9es RVB 8 bits<\/td>\n<\/tr>\n<tr>\n<td style=\"width: 50%\">Palette de couleurs<\/td>\n<td style=\"width: 50%\">16,7 millions de couleurs<\/td>\n<\/tr>\n<tr>\n<td style=\"width: 50%\">Traitement de surface<\/td>\n<td style=\"width: 50%\">SAG 40%, 3H<\/td>\n<\/tr>\n<tr>\n<td style=\"width: 50%\">Temp\u00e9rature de fonctionnement<\/td>\n<td style=\"width: 50%\">0 \u00e0 +50<\/td>\n<\/tr>\n<tr>\n<td style=\"width: 50%\">Temp\u00e9rature de stockage<\/td>\n<td style=\"width: 50%\">-20 \u00e0 +60<\/td>\n<\/tr>\n<\/tbody>\n<\/table>","protected":false},"excerpt":{"rendered":"<p>Taille : Module d'\u00e9cran LCD TFT 23,8 pouces<\/p>\n<p>R\u00e9solution : 1920*1080<\/p>\n<p>Interface : LVDS<\/p>\n<p>Luminance : 250 (Typ.)<\/p>","protected":false},"featured_media":5790,"template":"","meta":{"_acf_changed":false,"site-sidebar-layout":"default","site-content-layout":"","ast-site-content-layout":"default","site-content-style":"default","site-sidebar-style":"default","ast-global-header-display":"","ast-banner-title-visibility":"","ast-main-header-display":"","ast-hfb-above-header-display":"","ast-hfb-below-header-display":"","ast-hfb-mobile-header-display":"","site-post-title":"","ast-breadcrumbs-content":"","ast-featured-img":"","footer-sml-layout":"","ast-disable-related-posts":"","theme-transparent-header-meta":"","adv-header-id-meta":"","stick-header-meta":"","header-above-stick-meta":"","header-main-stick-meta":"","header-below-stick-meta":"","astra-migrate-meta-layouts":"default","ast-page-background-enabled":"default","ast-page-background-meta":{"desktop":{"background-color":"var(--ast-global-color-5)","background-image":"","background-repeat":"repeat","background-position":"center center","background-size":"auto","background-attachment":"scroll","background-type":"","background-media":"","overlay-type":"","overlay-color":"","overlay-opacity":"","overlay-gradient":""},"tablet":{"background-color":"","background-image":"","background-repeat":"repeat","background-position":"center center","background-size":"auto","background-attachment":"scroll","background-type":"","background-media":"","overlay-type":"","overlay-color":"","overlay-opacity":"","overlay-gradient":""},"mobile":{"background-color":"","background-image":"","background-repeat":"repeat","background-position":"center center","background-size":"auto","background-attachment":"scroll","background-type":"","background-media":"","overlay-type":"","overlay-color":"","overlay-opacity":"","overlay-gradient":""}},"ast-content-background-meta":{"desktop":{"background-color":"var(--ast-global-color-4)","background-image":"","background-repeat":"repeat","background-position":"center center","background-size":"auto","background-attachment":"scroll","background-type":"","background-media":"","overlay-type":"","overlay-color":"","overlay-opacity":"","overlay-gradient":""},"tablet":{"background-color":"var(--ast-global-color-4)","background-image":"","background-repeat":"repeat","background-position":"center center","background-size":"auto","background-attachment":"scroll","background-type":"","background-media":"","overlay-type":"","overlay-color":"","overlay-opacity":"","overlay-gradient":""},"mobile":{"background-color":"var(--ast-global-color-4)","background-image":"","background-repeat":"repeat","background-position":"center center","background-size":"auto","background-attachment":"scroll","background-type":"","background-media":"","overlay-type":"","overlay-color":"","overlay-opacity":"","overlay-gradient":""}}},"product_cat":[15],"product_tag":[],"class_list":{"0":"post-5747","1":"product","2":"type-product","3":"status-publish","4":"has-post-thumbnail","6":"product_cat-tft-lcd-display-module","7":"desktop-align-left","8":"tablet-align-left","9":"mobile-align-left","10":"ast-product-gallery-layout-horizontal-slider","11":"ast-magnify-disabled","12":"ast-qv-on-image","14":"first","15":"instock","16":"shipping-taxable","17":"product-type-simple"},"acf":[],"aioseo_notices":[],"aioseo_head":"\n\t\t<!-- All in One SEO Pro 4.8.3.2 - aioseo.com -->\n\t<meta name=\"description\" content=\"Size: 23.8 inch tft lcd module Resolution: 1920*1080 Interface: LVDS Luminance: 250 (Typ.)\" \/>\n\t<meta name=\"robots\" content=\"max-image-preview:large\" \/>\n\t<link rel=\"canonical\" href=\"https:\/\/rjoytek.com\/fr\/produit\/23-8-pouces-ecran-lcd-ips\/\" \/>\n\t<meta name=\"generator\" content=\"All in One SEO Pro (AIOSEO) 4.8.3.2\" \/>\n\t\t<meta property=\"og:locale\" content=\"fr_FR\" \/>\n\t\t<meta property=\"og:site_name\" content=\"RJY Display - Top Custom LCD, TFT, OLED Display Manufacturer &amp; Supplier in China.\" \/>\n\t\t<meta property=\"og:type\" content=\"article\" \/>\n\t\t<meta property=\"og:title\" content=\"23.8-inch IPS LCD Display \u2013 1920*1080 30pin LVDS interface TFT LCD Display Module - TFT LCD Display Module - Top Custom LCD, TFT, OLED Display Manufacturer &amp; Supplier in China.\" \/>\n\t\t<meta property=\"og:description\" content=\"Size: 23.8 inch tft lcd module Resolution: 1920*1080 Interface: LVDS Luminance: 250 (Typ.)\" \/>\n\t\t<meta property=\"og:url\" content=\"https:\/\/rjoytek.com\/fr\/produit\/23-8-pouces-ecran-lcd-ips\/\" \/>\n\t\t<meta property=\"og:image\" content=\"https:\/\/rjoytek.com\/wp-content\/uploads\/2024\/08\/cropped-LOGO.png\" \/>\n\t\t<meta property=\"og:image:secure_url\" content=\"https:\/\/rjoytek.com\/wp-content\/uploads\/2024\/08\/cropped-LOGO.png\" \/>\n\t\t<meta property=\"og:image:width\" content=\"512\" \/>\n\t\t<meta property=\"og:image:height\" content=\"512\" \/>\n\t\t<meta property=\"article:published_time\" content=\"2022-04-13T02:27:23+00:00\" \/>\n\t\t<meta property=\"article:modified_time\" content=\"2025-02-13T08:35:28+00:00\" \/>\n\t\t<meta property=\"article:publisher\" content=\"https:\/\/www.facebook.com\/RjoytekLCDSolution\" \/>\n\t\t<meta name=\"twitter:card\" content=\"summary_large_image\" \/>\n\t\t<meta name=\"twitter:title\" content=\"23.8-inch IPS LCD Display \u2013 1920*1080 30pin LVDS interface TFT LCD Display Module - TFT LCD Display Module - Top Custom LCD, TFT, OLED Display Manufacturer &amp; Supplier in China.\" \/>\n\t\t<meta name=\"twitter:description\" content=\"Size: 23.8 inch tft lcd module Resolution: 1920*1080 Interface: LVDS Luminance: 250 (Typ.)\" \/>\n\t\t<meta name=\"twitter:image\" content=\"https:\/\/rjoytek.com\/wp-content\/uploads\/2024\/08\/cropped-LOGO.png\" \/>\n\t\t<script type=\"application\/ld+json\" class=\"aioseo-schema\">\n\t\t\t{\"@context\":\"https:\\\/\\\/schema.org\",\"@graph\":[{\"@type\":\"BreadcrumbList\",\"@id\":\"https:\\\/\\\/rjoytek.com\\\/fr\\\/produit\\\/23-8-pouces-ecran-lcd-ips\\\/#breadcrumblist\",\"itemListElement\":[{\"@type\":\"ListItem\",\"@id\":\"https:\\\/\\\/rjoytek.com\\\/fr#listItem\",\"position\":1,\"name\":\"Home\",\"item\":\"https:\\\/\\\/rjoytek.com\\\/fr\",\"nextItem\":{\"@type\":\"ListItem\",\"@id\":\"https:\\\/\\\/rjoytek.com\\\/fr\\\/boutique\\\/#listItem\",\"name\":\"Shop\"}},{\"@type\":\"ListItem\",\"@id\":\"https:\\\/\\\/rjoytek.com\\\/fr\\\/boutique\\\/#listItem\",\"position\":2,\"name\":\"Shop\",\"item\":\"https:\\\/\\\/rjoytek.com\\\/fr\\\/boutique\\\/\",\"nextItem\":{\"@type\":\"ListItem\",\"@id\":\"https:\\\/\\\/rjoytek.com\\\/fr\\\/categorie-produit\\\/module-daffichage-lcd-tft\\\/#listItem\",\"name\":\"TFT LCD Display Module\"},\"previousItem\":{\"@type\":\"ListItem\",\"@id\":\"https:\\\/\\\/rjoytek.com\\\/fr#listItem\",\"name\":\"Home\"}},{\"@type\":\"ListItem\",\"@id\":\"https:\\\/\\\/rjoytek.com\\\/fr\\\/categorie-produit\\\/module-daffichage-lcd-tft\\\/#listItem\",\"position\":3,\"name\":\"TFT LCD Display Module\",\"item\":\"https:\\\/\\\/rjoytek.com\\\/fr\\\/categorie-produit\\\/module-daffichage-lcd-tft\\\/\",\"nextItem\":{\"@type\":\"ListItem\",\"@id\":\"https:\\\/\\\/rjoytek.com\\\/fr\\\/produit\\\/23-8-pouces-ecran-lcd-ips\\\/#listItem\",\"name\":\"23.8-inch IPS LCD Display &#8211; 1920*1080 30pin LVDS interface TFT LCD Display Module\"},\"previousItem\":{\"@type\":\"ListItem\",\"@id\":\"https:\\\/\\\/rjoytek.com\\\/fr\\\/boutique\\\/#listItem\",\"name\":\"Shop\"}},{\"@type\":\"ListItem\",\"@id\":\"https:\\\/\\\/rjoytek.com\\\/fr\\\/produit\\\/23-8-pouces-ecran-lcd-ips\\\/#listItem\",\"position\":4,\"name\":\"23.8-inch IPS LCD Display &#8211; 1920*1080 30pin LVDS interface TFT LCD Display Module\",\"previousItem\":{\"@type\":\"ListItem\",\"@id\":\"https:\\\/\\\/rjoytek.com\\\/fr\\\/categorie-produit\\\/module-daffichage-lcd-tft\\\/#listItem\",\"name\":\"TFT LCD Display Module\"}}]},{\"@type\":\"Organization\",\"@id\":\"https:\\\/\\\/rjoytek.com\\\/fr\\\/#organization\",\"name\":\"RJY Display\",\"description\":\"Top Custom LCD, TFT, OLED Display Manufacturer & Supplier in China.\",\"url\":\"https:\\\/\\\/rjoytek.com\\\/fr\\\/\",\"telephone\":\"+8618872893408\",\"logo\":{\"@type\":\"ImageObject\",\"url\":\"https:\\\/\\\/rjoytek.com\\\/wp-content\\\/uploads\\\/2025\\\/07\\\/LOGO1-scaled.png\",\"@id\":\"https:\\\/\\\/rjoytek.com\\\/fr\\\/produit\\\/23-8-pouces-ecran-lcd-ips\\\/#organizationLogo\",\"width\":2560,\"height\":416},\"image\":{\"@id\":\"https:\\\/\\\/rjoytek.com\\\/fr\\\/produit\\\/23-8-pouces-ecran-lcd-ips\\\/#organizationLogo\"},\"sameAs\":[\"https:\\\/\\\/www.facebook.com\\\/RjoytekLCDSolution\",\"https:\\\/\\\/www.youtube.com\\\/@lcdsolution-RJOYTEK\",\"https:\\\/\\\/www.linkedin.com\\\/company\\\/rjoytek-lcd-solution\"]},{\"@type\":\"WebPage\",\"@id\":\"https:\\\/\\\/rjoytek.com\\\/fr\\\/produit\\\/23-8-pouces-ecran-lcd-ips\\\/#webpage\",\"url\":\"https:\\\/\\\/rjoytek.com\\\/fr\\\/produit\\\/23-8-pouces-ecran-lcd-ips\\\/\",\"name\":\"23.8-inch IPS LCD Display \\u2013 1920*1080 30pin LVDS interface TFT LCD Display Module - TFT LCD Display Module - Top Custom LCD, TFT, OLED Display Manufacturer & Supplier in China.\",\"description\":\"Size: 23.8 inch tft lcd module Resolution: 1920*1080 Interface: LVDS Luminance: 250 (Typ.)\",\"inLanguage\":\"fr-FR\",\"isPartOf\":{\"@id\":\"https:\\\/\\\/rjoytek.com\\\/fr\\\/#website\"},\"breadcrumb\":{\"@id\":\"https:\\\/\\\/rjoytek.com\\\/fr\\\/produit\\\/23-8-pouces-ecran-lcd-ips\\\/#breadcrumblist\"},\"image\":{\"@type\":\"ImageObject\",\"url\":\"https:\\\/\\\/rjoytek.com\\\/wp-content\\\/uploads\\\/2022\\\/04\\\/71.jpg\",\"@id\":\"https:\\\/\\\/rjoytek.com\\\/fr\\\/produit\\\/23-8-pouces-ecran-lcd-ips\\\/#mainImage\",\"width\":800,\"height\":800},\"primaryImageOfPage\":{\"@id\":\"https:\\\/\\\/rjoytek.com\\\/fr\\\/produit\\\/23-8-pouces-ecran-lcd-ips\\\/#mainImage\"},\"datePublished\":\"2022-04-13T02:27:23+00:00\",\"dateModified\":\"2025-02-13T08:35:28+00:00\"},{\"@type\":\"WebSite\",\"@id\":\"https:\\\/\\\/rjoytek.com\\\/fr\\\/#website\",\"url\":\"https:\\\/\\\/rjoytek.com\\\/fr\\\/\",\"name\":\"RJY Display\",\"description\":\"Top Custom LCD, TFT, OLED Display Manufacturer & Supplier in China.\",\"inLanguage\":\"fr-FR\",\"publisher\":{\"@id\":\"https:\\\/\\\/rjoytek.com\\\/fr\\\/#organization\"}}]}\n\t\t<\/script>\n\t\t<!-- All in One SEO Pro -->\r\n\t\t<title>23.8-inch IPS LCD Display \u2013 1920*1080 30pin LVDS interface TFT LCD Display Module - TFT LCD Display Module - Top Custom LCD, TFT, OLED Display Manufacturer &amp; Supplier in China.<\/title>\n\n","aioseo_head_json":{"title":"\u00c9cran LCD IPS de 23,8 pouces \u2013 Module d'affichage LCD TFT avec interface LVDS 30 broches 1920*1080 - Module d'affichage LCD TFT - Top Custom LCD, TFT, Fabricant et Fournisseur d'\u00e9crans OLED en Chine.","description":"Taille : Module LCD TFT de 23,8 pouces R\u00e9solution : 1920*1080 Interface : LVDS Luminance : 250 (Typ.)","canonical_url":"https:\/\/rjoytek.com\/fr\/produit\/23-8-pouces-ecran-lcd-ips\/","robots":"max-image-preview:large","keywords":"","webmasterTools":{"miscellaneous":""},"schema":{"@context":"https:\/\/schema.org","@graph":[{"@type":"BreadcrumbList","@id":"https:\/\/rjoytek.com\/fr\/produit\/23-8-pouces-ecran-lcd-ips\/#breadcrumblist","itemListElement":[{"@type":"ListItem","@id":"https:\/\/rjoytek.com\/fr#listItem","position":1,"name":"Home","item":"https:\/\/rjoytek.com\/fr","nextItem":{"@type":"ListItem","@id":"https:\/\/rjoytek.com\/fr\/boutique\/#listItem","name":"Shop"}},{"@type":"ListItem","@id":"https:\/\/rjoytek.com\/fr\/boutique\/#listItem","position":2,"name":"Shop","item":"https:\/\/rjoytek.com\/fr\/boutique\/","nextItem":{"@type":"ListItem","@id":"https:\/\/rjoytek.com\/fr\/categorie-produit\/module-daffichage-lcd-tft\/#listItem","name":"TFT LCD Display Module"},"previousItem":{"@type":"ListItem","@id":"https:\/\/rjoytek.com\/fr#listItem","name":"Home"}},{"@type":"ListItem","@id":"https:\/\/rjoytek.com\/fr\/categorie-produit\/module-daffichage-lcd-tft\/#listItem","position":3,"name":"TFT LCD Display Module","item":"https:\/\/rjoytek.com\/fr\/categorie-produit\/module-daffichage-lcd-tft\/","nextItem":{"@type":"ListItem","@id":"https:\/\/rjoytek.com\/fr\/produit\/23-8-pouces-ecran-lcd-ips\/#listItem","name":"23.8-inch IPS LCD Display &#8211; 1920*1080 30pin LVDS interface TFT LCD Display Module"},"previousItem":{"@type":"ListItem","@id":"https:\/\/rjoytek.com\/fr\/boutique\/#listItem","name":"Shop"}},{"@type":"ListItem","@id":"https:\/\/rjoytek.com\/fr\/produit\/23-8-pouces-ecran-lcd-ips\/#listItem","position":4,"name":"23.8-inch IPS LCD Display &#8211; 1920*1080 30pin LVDS interface TFT LCD Display Module","previousItem":{"@type":"ListItem","@id":"https:\/\/rjoytek.com\/fr\/categorie-produit\/module-daffichage-lcd-tft\/#listItem","name":"TFT LCD Display Module"}}]},{"@type":"Organization","@id":"https:\/\/rjoytek.com\/fr\/#organization","name":"RJY Display","description":"Top Custom LCD, TFT, OLED Display Manufacturer & Supplier in China.","url":"https:\/\/rjoytek.com\/fr\/","telephone":"+8618872893408","logo":{"@type":"ImageObject","url":"https:\/\/rjoytek.com\/wp-content\/uploads\/2025\/07\/LOGO1-scaled.png","@id":"https:\/\/rjoytek.com\/fr\/produit\/23-8-pouces-ecran-lcd-ips\/#organizationLogo","width":2560,"height":416},"image":{"@id":"https:\/\/rjoytek.com\/fr\/produit\/23-8-pouces-ecran-lcd-ips\/#organizationLogo"},"sameAs":["https:\/\/www.facebook.com\/RjoytekLCDSolution","https:\/\/www.youtube.com\/@lcdsolution-RJOYTEK","https:\/\/www.linkedin.com\/company\/rjoytek-lcd-solution"]},{"@type":"WebPage","@id":"https:\/\/rjoytek.com\/fr\/produit\/23-8-pouces-ecran-lcd-ips\/#webpage","url":"https:\/\/rjoytek.com\/fr\/produit\/23-8-pouces-ecran-lcd-ips\/","name":"23.8-inch IPS LCD Display \u2013 1920*1080 30pin LVDS interface TFT LCD Display Module - TFT LCD Display Module - Top Custom LCD, TFT, OLED Display Manufacturer & Supplier in China.","description":"Size: 23.8 inch tft lcd module Resolution: 1920*1080 Interface: LVDS Luminance: 250 (Typ.)","inLanguage":"fr-FR","isPartOf":{"@id":"https:\/\/rjoytek.com\/fr\/#website"},"breadcrumb":{"@id":"https:\/\/rjoytek.com\/fr\/produit\/23-8-pouces-ecran-lcd-ips\/#breadcrumblist"},"image":{"@type":"ImageObject","url":"https:\/\/rjoytek.com\/wp-content\/uploads\/2022\/04\/71.jpg","@id":"https:\/\/rjoytek.com\/fr\/produit\/23-8-pouces-ecran-lcd-ips\/#mainImage","width":800,"height":800},"primaryImageOfPage":{"@id":"https:\/\/rjoytek.com\/fr\/produit\/23-8-pouces-ecran-lcd-ips\/#mainImage"},"datePublished":"2022-04-13T02:27:23+00:00","dateModified":"2025-02-13T08:35:28+00:00"},{"@type":"WebSite","@id":"https:\/\/rjoytek.com\/fr\/#website","url":"https:\/\/rjoytek.com\/fr\/","name":"RJY Display","description":"Top Custom LCD, TFT, OLED Display Manufacturer & Supplier in China.","inLanguage":"fr-FR","publisher":{"@id":"https:\/\/rjoytek.com\/fr\/#organization"}}]},"og:locale":"fr_FR","og:site_name":"RJY Display - Top Custom LCD, TFT, OLED Display Manufacturer &amp; Supplier in China.","og:type":"article","og:title":"23.8-inch IPS LCD Display \u2013 1920*1080 30pin LVDS interface TFT LCD Display Module - TFT LCD Display Module - Top Custom LCD, TFT, OLED Display Manufacturer &amp; Supplier in China.","og:description":"Size: 23.8 inch tft lcd module Resolution: 1920*1080 Interface: LVDS Luminance: 250 (Typ.)","og:url":"https:\/\/rjoytek.com\/fr\/produit\/23-8-pouces-ecran-lcd-ips\/","og:image":"https:\/\/rjoytek.com\/wp-content\/uploads\/2024\/08\/cropped-LOGO.png","og:image:secure_url":"https:\/\/rjoytek.com\/wp-content\/uploads\/2024\/08\/cropped-LOGO.png","og:image:width":512,"og:image:height":512,"article:published_time":"2022-04-13T02:27:23+00:00","article:modified_time":"2025-02-13T08:35:28+00:00","article:publisher":"https:\/\/www.facebook.com\/RjoytekLCDSolution","twitter:card":"summary_large_image","twitter:title":"23.8-inch IPS LCD Display \u2013 1920*1080 30pin LVDS interface TFT LCD Display Module - TFT LCD Display Module - Top Custom LCD, TFT, OLED Display Manufacturer &amp; Supplier in China.","twitter:description":"Size: 23.8 inch tft lcd module Resolution: 1920*1080 Interface: LVDS Luminance: 250 (Typ.)","twitter:image":"https:\/\/rjoytek.com\/wp-content\/uploads\/2024\/08\/cropped-LOGO.png"},"aioseo_meta_data":{"post_id":"5747","title":null,"description":null,"keywords":null,"keyphrases":null,"canonical_url":null,"og_title":null,"og_description":null,"og_object_type":"default","og_image_type":"default","og_image_custom_url":null,"og_image_custom_fields":null,"og_custom_image_width":null,"og_custom_image_height":null,"og_video":null,"og_custom_url":null,"og_article_section":null,"og_article_tags":null,"twitter_use_og":true,"twitter_card":"default","twitter_image_type":"default","twitter_image_custom_url":null,"twitter_image_custom_fields":null,"twitter_title":null,"twitter_description":null,"schema_type":null,"schema_type_options":null,"pillar_content":false,"robots_default":true,"robots_noindex":false,"robots_noarchive":false,"robots_nosnippet":false,"robots_nofollow":false,"robots_noimageindex":false,"robots_noodp":false,"robots_notranslate":false,"robots_max_snippet":null,"robots_max_videopreview":null,"robots_max_imagepreview":"none","tabs":null,"priority":null,"frequency":null,"local_seo":null,"created":"2026-03-20 03:53:41","updated":"2026-04-27 00:20:47"},"aioseo_breadcrumb":"<div class=\"aioseo-breadcrumbs\"><span class=\"aioseo-breadcrumb\">\n\t<a href=\"https:\/\/rjoytek.com\/fr\" title=\"Home\">Home<\/a>\n<\/span><span class=\"aioseo-breadcrumb-separator\">\u00bb<\/span><span class=\"aioseo-breadcrumb\">\n\t<a href=\"https:\/\/rjoytek.com\/fr\/boutique\/\" title=\"Shop\">Shop<\/a>\n<\/span><span class=\"aioseo-breadcrumb-separator\">\u00bb<\/span><span class=\"aioseo-breadcrumb\">\n\t<a href=\"https:\/\/rjoytek.com\/fr\/categorie-produit\/module-daffichage-lcd-tft\/\" title=\"TFT LCD Display Module\">TFT LCD Display Module<\/a>\n<\/span><span class=\"aioseo-breadcrumb-separator\">\u00bb<\/span><span class=\"aioseo-breadcrumb\">\n\t23.8-inch IPS LCD Display \u2013 1920*1080 30pin LVDS interface TFT LCD Display Module\n<\/span><\/div>","aioseo_breadcrumb_json":[{"label":"Home","link":"https:\/\/rjoytek.com\/fr"},{"label":"Shop","link":"https:\/\/rjoytek.com\/fr\/boutique\/"},{"label":"TFT LCD Display Module","link":"https:\/\/rjoytek.com\/fr\/categorie-produit\/module-daffichage-lcd-tft\/"},{"label":"23.8-inch IPS LCD Display &#8211; 1920*1080 30pin LVDS interface TFT LCD Display Module","link":"https:\/\/rjoytek.com\/fr\/produit\/23-8-pouces-ecran-lcd-ips\/"}],"_links":{"self":[{"href":"https:\/\/rjoytek.com\/fr\/wp-json\/wp\/v2\/product\/5747","targetHints":{"allow":["GET"]}}],"collection":[{"href":"https:\/\/rjoytek.com\/fr\/wp-json\/wp\/v2\/product"}],"about":[{"href":"https:\/\/rjoytek.com\/fr\/wp-json\/wp\/v2\/types\/product"}],"wp:featuredmedia":[{"embeddable":true,"href":"https:\/\/rjoytek.com\/fr\/wp-json\/wp\/v2\/media\/5790"}],"wp:attachment":[{"href":"https:\/\/rjoytek.com\/fr\/wp-json\/wp\/v2\/media?parent=5747"}],"wp:term":[{"taxonomy":"product_cat","embeddable":true,"href":"https:\/\/rjoytek.com\/fr\/wp-json\/wp\/v2\/product_cat?post=5747"},{"taxonomy":"product_tag","embeddable":true,"href":"https:\/\/rjoytek.com\/fr\/wp-json\/wp\/v2\/product_tag?post=5747"}],"curies":[{"name":"wp","href":"https:\/\/api.w.org\/{rel}","templated":true}]}}