{"id":15743,"date":"2025-09-10T08:11:10","date_gmt":"2025-09-10T08:11:10","guid":{"rendered":"https:\/\/rjoytek.com\/?post_type=product&#038;p=15743"},"modified":"2025-09-11T06:04:03","modified_gmt":"2025-09-11T06:04:03","slug":"carte-de-controle-android-quadricoeur-rockchip-rk3562","status":"publish","type":"product","link":"https:\/\/rjoytek.com\/fr\/produit\/carte-de-controle-android-quadricoeur-rockchip-rk3562\/","title":{"rendered":"Carte de contr\u00f4le Android quad-core Rockchip RK3562 \u2013 Puce IA 6.0 TOPS, WiFi, Bluetooth, USB 3.0"},"content":{"rendered":"<p data-start=\"107\" data-end=\"632\">Le <strong>RJY-2362C<\/strong> est une carte m\u00e8re intelligente haute performance aliment\u00e9e par le processeur IA Rockchip RK3562 avec une unit\u00e9 de traitement neuronal (NPU) int\u00e9gr\u00e9e. Elle prend en charge les syst\u00e8mes d'exploitation Android 13 et Linux. Le RK3562 est fabriqu\u00e9 en technologie 22 nm et pr\u00e9sente une architecture quadric\u0153ur ARM Cortex-A53 (ARM v8.2-A, 64 bits), avec des fr\u00e9quences d'horloge allant jusqu'\u00e0 2,0 GHz. La carte int\u00e8gre un GPU ARM G52 2EE et un NPU int\u00e9gr\u00e9 offrant jusqu'\u00e0 1,0 TOPS de performances IA, prenant en charge plusieurs frameworks et outils de d\u00e9veloppement IA.<\/p>\n<p data-start=\"634\" data-end=\"1414\">Elle propose de nombreuses options d'affichage, notamment une sortie LVDS 1080P et des interfaces d'affichage MIPI, ainsi qu'une connectivit\u00e9 polyvalente telle qu'Ethernet, Wi-Fi, USB, RS232, RS485, extension E\/S, I2C, cam\u00e9ra MIPI, t\u00e9l\u00e9commande infrarouge et d\u00e9tection de gravit\u00e9. Gr\u00e2ce \u00e0 sa puce IA quadric\u0153ur puissante et sa conception hautement int\u00e9gr\u00e9e, la ZYSJ-2362C est largement utilis\u00e9e dans des applications telles que la lutte contre les incendies intelligente, les chantiers intelligents, l'inspection industrielle, les v\u00e9hicules autonomes, l'agriculture intelligente, le tri intelligent, la robotique IA, les serveurs cloud, les NVR intelligents, les syst\u00e8mes m\u00e9tavers, les PC ARM, la s\u00e9curit\u00e9, la sant\u00e9, les transports, la finance, l'automatisation industrielle, l'\u00e9ducation et la vente au d\u00e9tail. Sa plateforme mat\u00e9rielle et son logiciel intelligent garantissent une interaction fluide entre l'homme et la machine ainsi qu'entre le r\u00e9seau et les appareils.<\/p>","protected":false},"excerpt":{"rendered":"<ul>\n<li data-start=\"81\" data-end=\"197\"><strong data-start=\"81\" data-end=\"107\">Processeur IA Quad-C\u0153ur<\/strong> \u2013 RK3562 avec Cortex-A53 jusqu'\u00e0 2,0 GHz, GPU ARM G52, NPU int\u00e9gr\u00e9 offrant 1,0 TOPS<\/li>\n<li data-start=\"200\" data-end=\"309\"><strong data-start=\"200\" data-end=\"212\">Pr\u00eat pour l'IA<\/strong> \u2013 Prend en charge TensorFlow, Caffe, MxNet avec des outils de d\u00e9veloppement IA int\u00e9gr\u00e9s et des API multiplateformes<\/li>\n<li data-start=\"312\" data-end=\"412\"><strong data-start=\"312\" data-end=\"332\">Fiabilit\u00e9 24h\/24 et 7j\/7<\/strong> \u2013 Une conception mat\u00e9rielle et logicielle optimis\u00e9e garantit un fonctionnement stable et sans surveillance<\/li>\n<li data-start=\"415\" data-end=\"541\"><strong data-start=\"415\" data-end=\"436\">Haute int\u00e9gration<\/strong> \u2013 Prise en charge Ethernet, Wi-Fi, audio, IR, affichage LVDS\/MIPI, capteurs, cam\u00e9ra sur une carte compacte ultra-mince<\/li>\n<li data-start=\"544\" data-end=\"685\"><strong data-start=\"544\" data-end=\"566\">Expansion flexible<\/strong> \u2013 Interfaces riches incluant USB, RS232\/RS485, UART, I2C, E\/S, PoE, relais et contr\u00f4le d'\u00e9clairage pour des applications diverses<\/li>\n<\/ul>","protected":false},"featured_media":15745,"template":"","meta":{"_acf_changed":false,"site-sidebar-layout":"default","site-content-layout":"","ast-site-content-layout":"default","site-content-style":"default","site-sidebar-style":"default","ast-global-header-display":"","ast-banner-title-visibility":"","ast-main-header-display":"","ast-hfb-above-header-display":"","ast-hfb-below-header-display":"","ast-hfb-mobile-header-display":"","site-post-title":"","ast-breadcrumbs-content":"","ast-featured-img":"","footer-sml-layout":"","ast-disable-related-posts":"","theme-transparent-header-meta":"default","adv-header-id-meta":"","stick-header-meta":"","header-above-stick-meta":"","header-main-stick-meta":"","header-below-stick-meta":"","astra-migrate-meta-layouts":"set","ast-page-background-enabled":"default","ast-page-background-meta":{"desktop":{"background-color":"var(--ast-global-color-5)","background-image":"","background-repeat":"repeat","background-position":"center center","background-size":"auto","background-attachment":"scroll","background-type":"","background-media":"","overlay-type":"","overlay-color":"","overlay-opacity":"","overlay-gradient":""},"tablet":{"background-color":"","background-image":"","background-repeat":"repeat","background-position":"center center","background-size":"auto","background-attachment":"scroll","background-type":"","background-media":"","overlay-type":"","overlay-color":"","overlay-opacity":"","overlay-gradient":""},"mobile":{"background-color":"","background-image":"","background-repeat":"repeat","background-position":"center center","background-size":"auto","background-attachment":"scroll","background-type":"","background-media":"","overlay-type":"","overlay-color":"","overlay-opacity":"","overlay-gradient":""}},"ast-content-background-meta":{"desktop":{"background-color":"var(--ast-global-color-4)","background-image":"","background-repeat":"repeat","background-position":"center center","background-size":"auto","background-attachment":"scroll","background-type":"","background-media":"","overlay-type":"","overlay-color":"","overlay-opacity":"","overlay-gradient":""},"tablet":{"background-color":"var(--ast-global-color-4)","background-image":"","background-repeat":"repeat","background-position":"center center","background-size":"auto","background-attachment":"scroll","background-type":"","background-media":"","overlay-type":"","overlay-color":"","overlay-opacity":"","overlay-gradient":""},"mobile":{"background-color":"var(--ast-global-color-4)","background-image":"","background-repeat":"repeat","background-position":"center center","background-size":"auto","background-attachment":"scroll","background-type":"","background-media":"","overlay-type":"","overlay-color":"","overlay-opacity":"","overlay-gradient":""}}},"product_cat":[110],"product_tag":[319,318,317],"class_list":{"0":"post-15743","1":"product","2":"type-product","3":"status-publish","4":"has-post-thumbnail","6":"product_cat-driver-board","7":"product_tag-android-driver-board","8":"product_tag-android-lcd-controller-board","9":"product_tag-android-lcd-motherboard","10":"desktop-align-left","11":"tablet-align-left","12":"mobile-align-left","13":"ast-product-gallery-layout-horizontal-slider","14":"ast-product-gallery-with-no-image","15":"ast-magnify-disabled","16":"ast-qv-on-image","18":"first","19":"instock","20":"shipping-taxable","21":"product-type-simple"},"acf":[],"aioseo_notices":[],"aioseo_head":"\n\t\t<!-- All in One SEO Pro 4.8.3.2 - aioseo.com -->\n\t<meta name=\"description\" content=\"Quad-core AI Processor \u2013 RK3562 with Cortex-A53 up to 2.0 GHz, ARM G52 GPU, integrated NPU delivering 1.0 TOPS AI-Ready \u2013 Supports TensorFlow, Caffe, MxNet with built-in AI development tools and cross-platform APIs 24\/7 Reliability \u2013 Optimized hardware and software design ensures stable, unattended operation Highly Integrated \u2013 Ethernet, Wi-Fi, audio, IR, LVDS\/MIPI display, sensors, camera support in a compact ultra-thin board Flexible Expansion \u2013 Rich interfaces including USB, RS232\/RS485, UART, I2C, I\/O, PoE, relay, and light control for diverse application\" \/>\n\t<meta name=\"robots\" content=\"max-image-preview:large\" \/>\n\t<link rel=\"canonical\" href=\"https:\/\/rjoytek.com\/fr\/produit\/carte-de-controle-android-quadricoeur-rockchip-rk3562\/\" \/>\n\t<meta name=\"generator\" content=\"All in One SEO Pro (AIOSEO) 4.8.3.2\" \/>\n\t\t<meta property=\"og:locale\" content=\"fr_FR\" \/>\n\t\t<meta property=\"og:site_name\" content=\"RJY Display - Top Custom LCD, TFT, OLED Display Manufacturer &amp; Supplier in China.\" \/>\n\t\t<meta property=\"og:type\" content=\"article\" \/>\n\t\t<meta property=\"og:title\" content=\"Rockchip RK3562 Quad-core Android Control Board \u2013 6.0 TOPS AI chipset, WiFi, Bluetooth, USB 3.0 - Driver Board - Top Custom LCD, TFT, OLED Display Manufacturer &amp; Supplier in China.\" \/>\n\t\t<meta property=\"og:description\" content=\"Quad-core AI Processor \u2013 RK3562 with Cortex-A53 up to 2.0 GHz, ARM G52 GPU, integrated NPU delivering 1.0 TOPS AI-Ready \u2013 Supports TensorFlow, Caffe, MxNet with built-in AI development tools and cross-platform APIs 24\/7 Reliability \u2013 Optimized hardware and software design ensures stable, unattended operation Highly Integrated \u2013 Ethernet, Wi-Fi, audio, IR, LVDS\/MIPI display, sensors, camera support in a compact ultra-thin board Flexible Expansion \u2013 Rich interfaces including USB, RS232\/RS485, UART, I2C, I\/O, PoE, relay, and light control for diverse application\" \/>\n\t\t<meta property=\"og:url\" content=\"https:\/\/rjoytek.com\/fr\/produit\/carte-de-controle-android-quadricoeur-rockchip-rk3562\/\" \/>\n\t\t<meta property=\"og:image\" content=\"https:\/\/rjoytek.com\/wp-content\/uploads\/2024\/08\/cropped-LOGO.png\" \/>\n\t\t<meta property=\"og:image:secure_url\" content=\"https:\/\/rjoytek.com\/wp-content\/uploads\/2024\/08\/cropped-LOGO.png\" \/>\n\t\t<meta property=\"og:image:width\" content=\"512\" \/>\n\t\t<meta property=\"og:image:height\" content=\"512\" \/>\n\t\t<meta property=\"article:published_time\" content=\"2025-09-10T08:11:10+00:00\" \/>\n\t\t<meta property=\"article:modified_time\" content=\"2025-09-11T06:04:03+00:00\" \/>\n\t\t<meta property=\"article:publisher\" content=\"https:\/\/www.facebook.com\/RjoytekLCDSolution\" \/>\n\t\t<meta name=\"twitter:card\" content=\"summary_large_image\" \/>\n\t\t<meta name=\"twitter:title\" content=\"Rockchip RK3562 Quad-core Android Control Board \u2013 6.0 TOPS AI chipset, WiFi, Bluetooth, USB 3.0 - Driver Board - Top Custom LCD, TFT, OLED Display Manufacturer &amp; Supplier in China.\" \/>\n\t\t<meta name=\"twitter:description\" content=\"Quad-core AI Processor \u2013 RK3562 with Cortex-A53 up to 2.0 GHz, ARM G52 GPU, integrated NPU delivering 1.0 TOPS AI-Ready \u2013 Supports TensorFlow, Caffe, MxNet with built-in AI development tools and cross-platform APIs 24\/7 Reliability \u2013 Optimized hardware and software design ensures stable, unattended operation Highly Integrated \u2013 Ethernet, Wi-Fi, audio, IR, LVDS\/MIPI display, sensors, camera support in a compact ultra-thin board Flexible Expansion \u2013 Rich interfaces including USB, RS232\/RS485, UART, I2C, I\/O, PoE, relay, and light control for diverse application\" \/>\n\t\t<meta name=\"twitter:image\" content=\"https:\/\/rjoytek.com\/wp-content\/uploads\/2024\/08\/cropped-LOGO.png\" \/>\n\t\t<script type=\"application\/ld+json\" class=\"aioseo-schema\">\n\t\t\t{\"@context\":\"https:\\\/\\\/schema.org\",\"@graph\":[{\"@type\":\"BreadcrumbList\",\"@id\":\"https:\\\/\\\/rjoytek.com\\\/fr\\\/produit\\\/carte-de-controle-android-quadricoeur-rockchip-rk3562\\\/#breadcrumblist\",\"itemListElement\":[{\"@type\":\"ListItem\",\"@id\":\"https:\\\/\\\/rjoytek.com\\\/fr#listItem\",\"position\":1,\"name\":\"Home\",\"item\":\"https:\\\/\\\/rjoytek.com\\\/fr\",\"nextItem\":{\"@type\":\"ListItem\",\"@id\":\"https:\\\/\\\/rjoytek.com\\\/fr\\\/boutique\\\/#listItem\",\"name\":\"Shop\"}},{\"@type\":\"ListItem\",\"@id\":\"https:\\\/\\\/rjoytek.com\\\/fr\\\/boutique\\\/#listItem\",\"position\":2,\"name\":\"Shop\",\"item\":\"https:\\\/\\\/rjoytek.com\\\/fr\\\/boutique\\\/\",\"nextItem\":{\"@type\":\"ListItem\",\"@id\":\"https:\\\/\\\/rjoytek.com\\\/fr\\\/categorie-produit\\\/carte-de-pilotage\\\/#listItem\",\"name\":\"Driver Board\"},\"previousItem\":{\"@type\":\"ListItem\",\"@id\":\"https:\\\/\\\/rjoytek.com\\\/fr#listItem\",\"name\":\"Home\"}},{\"@type\":\"ListItem\",\"@id\":\"https:\\\/\\\/rjoytek.com\\\/fr\\\/categorie-produit\\\/carte-de-pilotage\\\/#listItem\",\"position\":3,\"name\":\"Driver Board\",\"item\":\"https:\\\/\\\/rjoytek.com\\\/fr\\\/categorie-produit\\\/carte-de-pilotage\\\/\",\"nextItem\":{\"@type\":\"ListItem\",\"@id\":\"https:\\\/\\\/rjoytek.com\\\/fr\\\/produit\\\/carte-de-controle-android-quadricoeur-rockchip-rk3562\\\/#listItem\",\"name\":\"Rockchip RK3562 Quad-core Android Control Board &#8211; 6.0 TOPS AI chipset, WiFi, Bluetooth, USB 3.0\"},\"previousItem\":{\"@type\":\"ListItem\",\"@id\":\"https:\\\/\\\/rjoytek.com\\\/fr\\\/boutique\\\/#listItem\",\"name\":\"Shop\"}},{\"@type\":\"ListItem\",\"@id\":\"https:\\\/\\\/rjoytek.com\\\/fr\\\/produit\\\/carte-de-controle-android-quadricoeur-rockchip-rk3562\\\/#listItem\",\"position\":4,\"name\":\"Rockchip RK3562 Quad-core Android Control Board &#8211; 6.0 TOPS AI chipset, WiFi, Bluetooth, USB 3.0\",\"previousItem\":{\"@type\":\"ListItem\",\"@id\":\"https:\\\/\\\/rjoytek.com\\\/fr\\\/categorie-produit\\\/carte-de-pilotage\\\/#listItem\",\"name\":\"Driver Board\"}}]},{\"@type\":\"Organization\",\"@id\":\"https:\\\/\\\/rjoytek.com\\\/fr\\\/#organization\",\"name\":\"RJY Display\",\"description\":\"Top Custom LCD, TFT, OLED Display Manufacturer & Supplier in China.\",\"url\":\"https:\\\/\\\/rjoytek.com\\\/fr\\\/\",\"telephone\":\"+8618872893408\",\"logo\":{\"@type\":\"ImageObject\",\"url\":\"https:\\\/\\\/rjoytek.com\\\/wp-content\\\/uploads\\\/2025\\\/07\\\/LOGO1-scaled.png\",\"@id\":\"https:\\\/\\\/rjoytek.com\\\/fr\\\/produit\\\/carte-de-controle-android-quadricoeur-rockchip-rk3562\\\/#organizationLogo\",\"width\":2560,\"height\":416},\"image\":{\"@id\":\"https:\\\/\\\/rjoytek.com\\\/fr\\\/produit\\\/carte-de-controle-android-quadricoeur-rockchip-rk3562\\\/#organizationLogo\"},\"sameAs\":[\"https:\\\/\\\/www.facebook.com\\\/RjoytekLCDSolution\",\"https:\\\/\\\/www.youtube.com\\\/@lcdsolution-RJOYTEK\",\"https:\\\/\\\/www.linkedin.com\\\/company\\\/rjoytek-lcd-solution\"]},{\"@type\":\"WebPage\",\"@id\":\"https:\\\/\\\/rjoytek.com\\\/fr\\\/produit\\\/carte-de-controle-android-quadricoeur-rockchip-rk3562\\\/#webpage\",\"url\":\"https:\\\/\\\/rjoytek.com\\\/fr\\\/produit\\\/carte-de-controle-android-quadricoeur-rockchip-rk3562\\\/\",\"name\":\"Rockchip RK3562 Quad-core Android Control Board \\u2013 6.0 TOPS AI chipset, WiFi, Bluetooth, USB 3.0 - Driver Board - Top Custom LCD, TFT, OLED Display Manufacturer & Supplier in China.\",\"description\":\"Quad-core AI Processor \\u2013 RK3562 with Cortex-A53 up to 2.0 GHz, ARM G52 GPU, integrated NPU delivering 1.0 TOPS AI-Ready \\u2013 Supports TensorFlow, Caffe, MxNet with built-in AI development tools and cross-platform APIs 24\\\/7 Reliability \\u2013 Optimized hardware and software design ensures stable, unattended operation Highly Integrated \\u2013 Ethernet, Wi-Fi, audio, IR, LVDS\\\/MIPI display, sensors, camera support in a compact ultra-thin board Flexible Expansion \\u2013 Rich interfaces including USB, RS232\\\/RS485, UART, I2C, I\\\/O, PoE, relay, and light control for diverse application\",\"inLanguage\":\"fr-FR\",\"isPartOf\":{\"@id\":\"https:\\\/\\\/rjoytek.com\\\/fr\\\/#website\"},\"breadcrumb\":{\"@id\":\"https:\\\/\\\/rjoytek.com\\\/fr\\\/produit\\\/carte-de-controle-android-quadricoeur-rockchip-rk3562\\\/#breadcrumblist\"},\"image\":{\"@type\":\"ImageObject\",\"url\":\"https:\\\/\\\/rjoytek.com\\\/wp-content\\\/uploads\\\/2025\\\/09\\\/ZYSJ-2362C-V0.2-\\u6b63\\u9762\\u56fe-scaled.jpg\",\"@id\":\"https:\\\/\\\/rjoytek.com\\\/fr\\\/produit\\\/carte-de-controle-android-quadricoeur-rockchip-rk3562\\\/#mainImage\",\"width\":2560,\"height\":1707},\"primaryImageOfPage\":{\"@id\":\"https:\\\/\\\/rjoytek.com\\\/fr\\\/produit\\\/carte-de-controle-android-quadricoeur-rockchip-rk3562\\\/#mainImage\"},\"datePublished\":\"2025-09-10T08:11:10+00:00\",\"dateModified\":\"2025-09-11T06:04:03+00:00\"},{\"@type\":\"WebSite\",\"@id\":\"https:\\\/\\\/rjoytek.com\\\/fr\\\/#website\",\"url\":\"https:\\\/\\\/rjoytek.com\\\/fr\\\/\",\"name\":\"RJY Display\",\"description\":\"Top Custom LCD, TFT, OLED Display Manufacturer & Supplier in China.\",\"inLanguage\":\"fr-FR\",\"publisher\":{\"@id\":\"https:\\\/\\\/rjoytek.com\\\/fr\\\/#organization\"}}]}\n\t\t<\/script>\n\t\t<!-- All in One SEO Pro -->\r\n\t\t<title>Rockchip RK3562 Quad-core Android Control Board \u2013 6.0 TOPS AI chipset, WiFi, Bluetooth, USB 3.0 - Driver Board - Top Custom LCD, TFT, OLED Display Manufacturer &amp; Supplier in China.<\/title>\n\n","aioseo_head_json":{"title":"Carte de contr\u00f4le Android Quad-core Rockchip RK3562 \u2013 Puce IA 6.0 TOPS, WiFi, Bluetooth, USB 3.0 - Carte pilote - Fabricant et fournisseur leader en Chine d'\u00e9crans LCD, TFT et OLED sur mesure.","description":"Processeur IA Quad-Core \u2013 RK3562 avec Cortex-A53 jusqu'\u00e0 2,0 GHz, GPU ARM G52, NPU int\u00e9gr\u00e9 fournissant 1,0 TOPS pr\u00eat pour l'IA \u2013 Prend en charge TensorFlow, Caffe, MxNet avec outils de d\u00e9veloppement IA int\u00e9gr\u00e9s et API multiplateformes","canonical_url":"https:\/\/rjoytek.com\/fr\/produit\/carte-de-controle-android-quadricoeur-rockchip-rk3562\/","robots":"max-image-preview:large","keywords":"","webmasterTools":{"miscellaneous":""},"schema":{"@context":"https:\/\/schema.org","@graph":[{"@type":"BreadcrumbList","@id":"https:\/\/rjoytek.com\/fr\/produit\/carte-de-controle-android-quadricoeur-rockchip-rk3562\/#breadcrumblist","itemListElement":[{"@type":"ListItem","@id":"https:\/\/rjoytek.com\/fr#listItem","position":1,"name":"Home","item":"https:\/\/rjoytek.com\/fr","nextItem":{"@type":"ListItem","@id":"https:\/\/rjoytek.com\/fr\/boutique\/#listItem","name":"Shop"}},{"@type":"ListItem","@id":"https:\/\/rjoytek.com\/fr\/boutique\/#listItem","position":2,"name":"Shop","item":"https:\/\/rjoytek.com\/fr\/boutique\/","nextItem":{"@type":"ListItem","@id":"https:\/\/rjoytek.com\/fr\/categorie-produit\/carte-de-pilotage\/#listItem","name":"Driver Board"},"previousItem":{"@type":"ListItem","@id":"https:\/\/rjoytek.com\/fr#listItem","name":"Home"}},{"@type":"ListItem","@id":"https:\/\/rjoytek.com\/fr\/categorie-produit\/carte-de-pilotage\/#listItem","position":3,"name":"Driver Board","item":"https:\/\/rjoytek.com\/fr\/categorie-produit\/carte-de-pilotage\/","nextItem":{"@type":"ListItem","@id":"https:\/\/rjoytek.com\/fr\/produit\/carte-de-controle-android-quadricoeur-rockchip-rk3562\/#listItem","name":"Rockchip RK3562 Quad-core Android Control Board &#8211; 6.0 TOPS AI chipset, WiFi, Bluetooth, USB 3.0"},"previousItem":{"@type":"ListItem","@id":"https:\/\/rjoytek.com\/fr\/boutique\/#listItem","name":"Shop"}},{"@type":"ListItem","@id":"https:\/\/rjoytek.com\/fr\/produit\/carte-de-controle-android-quadricoeur-rockchip-rk3562\/#listItem","position":4,"name":"Rockchip RK3562 Quad-core Android Control Board &#8211; 6.0 TOPS AI chipset, WiFi, Bluetooth, USB 3.0","previousItem":{"@type":"ListItem","@id":"https:\/\/rjoytek.com\/fr\/categorie-produit\/carte-de-pilotage\/#listItem","name":"Driver Board"}}]},{"@type":"Organization","@id":"https:\/\/rjoytek.com\/fr\/#organization","name":"RJY Display","description":"Top Custom LCD, TFT, OLED Display Manufacturer & Supplier in China.","url":"https:\/\/rjoytek.com\/fr\/","telephone":"+8618872893408","logo":{"@type":"ImageObject","url":"https:\/\/rjoytek.com\/wp-content\/uploads\/2025\/07\/LOGO1-scaled.png","@id":"https:\/\/rjoytek.com\/fr\/produit\/carte-de-controle-android-quadricoeur-rockchip-rk3562\/#organizationLogo","width":2560,"height":416},"image":{"@id":"https:\/\/rjoytek.com\/fr\/produit\/carte-de-controle-android-quadricoeur-rockchip-rk3562\/#organizationLogo"},"sameAs":["https:\/\/www.facebook.com\/RjoytekLCDSolution","https:\/\/www.youtube.com\/@lcdsolution-RJOYTEK","https:\/\/www.linkedin.com\/company\/rjoytek-lcd-solution"]},{"@type":"WebPage","@id":"https:\/\/rjoytek.com\/fr\/produit\/carte-de-controle-android-quadricoeur-rockchip-rk3562\/#webpage","url":"https:\/\/rjoytek.com\/fr\/produit\/carte-de-controle-android-quadricoeur-rockchip-rk3562\/","name":"Rockchip RK3562 Quad-core Android Control Board \u2013 6.0 TOPS AI chipset, WiFi, Bluetooth, USB 3.0 - Driver Board - Top Custom LCD, TFT, OLED Display Manufacturer & Supplier in China.","description":"Quad-core AI Processor \u2013 RK3562 with Cortex-A53 up to 2.0 GHz, ARM G52 GPU, integrated NPU delivering 1.0 TOPS AI-Ready \u2013 Supports TensorFlow, Caffe, MxNet with built-in AI development tools and cross-platform APIs 24\/7 Reliability \u2013 Optimized hardware and software design ensures stable, unattended operation Highly Integrated \u2013 Ethernet, Wi-Fi, audio, IR, LVDS\/MIPI display, sensors, camera support in a compact ultra-thin board Flexible Expansion \u2013 Rich interfaces including USB, RS232\/RS485, UART, I2C, I\/O, PoE, relay, and light control for diverse application","inLanguage":"fr-FR","isPartOf":{"@id":"https:\/\/rjoytek.com\/fr\/#website"},"breadcrumb":{"@id":"https:\/\/rjoytek.com\/fr\/produit\/carte-de-controle-android-quadricoeur-rockchip-rk3562\/#breadcrumblist"},"image":{"@type":"ImageObject","url":"https:\/\/rjoytek.com\/wp-content\/uploads\/2025\/09\/ZYSJ-2362C-V0.2-\u6b63\u9762\u56fe-scaled.jpg","@id":"https:\/\/rjoytek.com\/fr\/produit\/carte-de-controle-android-quadricoeur-rockchip-rk3562\/#mainImage","width":2560,"height":1707},"primaryImageOfPage":{"@id":"https:\/\/rjoytek.com\/fr\/produit\/carte-de-controle-android-quadricoeur-rockchip-rk3562\/#mainImage"},"datePublished":"2025-09-10T08:11:10+00:00","dateModified":"2025-09-11T06:04:03+00:00"},{"@type":"WebSite","@id":"https:\/\/rjoytek.com\/fr\/#website","url":"https:\/\/rjoytek.com\/fr\/","name":"RJY Display","description":"Top Custom LCD, TFT, OLED Display Manufacturer & Supplier in China.","inLanguage":"fr-FR","publisher":{"@id":"https:\/\/rjoytek.com\/fr\/#organization"}}]},"og:locale":"fr_FR","og:site_name":"RJY Display - Top Custom LCD, TFT, OLED Display Manufacturer &amp; Supplier in China.","og:type":"article","og:title":"Rockchip RK3562 Quad-core Android Control Board \u2013 6.0 TOPS AI chipset, WiFi, Bluetooth, USB 3.0 - Driver Board - Top Custom LCD, TFT, OLED Display Manufacturer &amp; Supplier in China.","og:description":"Quad-core AI Processor \u2013 RK3562 with Cortex-A53 up to 2.0 GHz, ARM G52 GPU, integrated NPU delivering 1.0 TOPS AI-Ready \u2013 Supports TensorFlow, Caffe, MxNet with built-in AI development tools and cross-platform APIs 24\/7 Reliability \u2013 Optimized hardware and software design ensures stable, unattended operation Highly Integrated \u2013 Ethernet, Wi-Fi, audio, IR, LVDS\/MIPI display, sensors, camera support in a compact ultra-thin board Flexible Expansion \u2013 Rich interfaces including USB, RS232\/RS485, UART, I2C, I\/O, PoE, relay, and light control for diverse application","og:url":"https:\/\/rjoytek.com\/fr\/produit\/carte-de-controle-android-quadricoeur-rockchip-rk3562\/","og:image":"https:\/\/rjoytek.com\/wp-content\/uploads\/2024\/08\/cropped-LOGO.png","og:image:secure_url":"https:\/\/rjoytek.com\/wp-content\/uploads\/2024\/08\/cropped-LOGO.png","og:image:width":512,"og:image:height":512,"article:published_time":"2025-09-10T08:11:10+00:00","article:modified_time":"2025-09-11T06:04:03+00:00","article:publisher":"https:\/\/www.facebook.com\/RjoytekLCDSolution","twitter:card":"summary_large_image","twitter:title":"Rockchip RK3562 Quad-core Android Control Board \u2013 6.0 TOPS AI chipset, WiFi, Bluetooth, USB 3.0 - Driver Board - Top Custom LCD, TFT, OLED Display Manufacturer &amp; Supplier in China.","twitter:description":"Quad-core AI Processor \u2013 RK3562 with Cortex-A53 up to 2.0 GHz, ARM G52 GPU, integrated NPU delivering 1.0 TOPS AI-Ready \u2013 Supports TensorFlow, Caffe, MxNet with built-in AI development tools and cross-platform APIs 24\/7 Reliability \u2013 Optimized hardware and software design ensures stable, unattended operation Highly Integrated \u2013 Ethernet, Wi-Fi, audio, IR, LVDS\/MIPI display, sensors, camera support in a compact ultra-thin board Flexible Expansion \u2013 Rich interfaces including USB, RS232\/RS485, UART, I2C, I\/O, PoE, relay, and light control for diverse application","twitter:image":"https:\/\/rjoytek.com\/wp-content\/uploads\/2024\/08\/cropped-LOGO.png"},"aioseo_meta_data":{"post_id":"15743","title":null,"description":null,"keywords":null,"keyphrases":{"focus":{"keyphrase":"","score":0,"analysis":{"keyphraseInTitle":{"score":0,"maxScore":9,"error":1}}},"additional":[]},"canonical_url":null,"og_title":null,"og_description":null,"og_object_type":"default","og_image_type":"default","og_image_custom_url":null,"og_image_custom_fields":null,"og_custom_image_width":null,"og_custom_image_height":null,"og_video":"","og_custom_url":null,"og_article_section":null,"og_article_tags":null,"twitter_use_og":true,"twitter_card":"default","twitter_image_type":"default","twitter_image_custom_url":null,"twitter_image_custom_fields":null,"twitter_title":null,"twitter_description":null,"schema_type":null,"schema_type_options":null,"pillar_content":false,"robots_default":true,"robots_noindex":false,"robots_noarchive":false,"robots_nosnippet":false,"robots_nofollow":false,"robots_noimageindex":false,"robots_noodp":false,"robots_notranslate":false,"robots_max_snippet":"-1","robots_max_videopreview":"-1","robots_max_imagepreview":"large","tabs":null,"priority":null,"frequency":"default","local_seo":null,"created":"2025-09-10 08:11:10","updated":"2026-04-05 19:15:43"},"aioseo_breadcrumb":"<div class=\"aioseo-breadcrumbs\"><span class=\"aioseo-breadcrumb\">\n\t<a href=\"https:\/\/rjoytek.com\/fr\" title=\"Home\">Home<\/a>\n<\/span><span class=\"aioseo-breadcrumb-separator\">\u00bb<\/span><span class=\"aioseo-breadcrumb\">\n\t<a href=\"https:\/\/rjoytek.com\/fr\/boutique\/\" title=\"Shop\">Shop<\/a>\n<\/span><span class=\"aioseo-breadcrumb-separator\">\u00bb<\/span><span class=\"aioseo-breadcrumb\">\n\t<a href=\"https:\/\/rjoytek.com\/fr\/categorie-produit\/carte-de-pilotage\/\" title=\"Driver Board\">Driver Board<\/a>\n<\/span><span class=\"aioseo-breadcrumb-separator\">\u00bb<\/span><span class=\"aioseo-breadcrumb\">\n\tRockchip RK3562 Quad-core Android Control Board \u2013 6.0 TOPS AI chipset, WiFi, Bluetooth, USB 3.0\n<\/span><\/div>","aioseo_breadcrumb_json":[{"label":"Home","link":"https:\/\/rjoytek.com\/fr"},{"label":"Shop","link":"https:\/\/rjoytek.com\/fr\/boutique\/"},{"label":"Driver Board","link":"https:\/\/rjoytek.com\/fr\/categorie-produit\/carte-de-pilotage\/"},{"label":"Rockchip RK3562 Quad-core Android Control Board &#8211; 6.0 TOPS AI chipset, WiFi, Bluetooth, USB 3.0","link":"https:\/\/rjoytek.com\/fr\/produit\/carte-de-controle-android-quadricoeur-rockchip-rk3562\/"}],"_links":{"self":[{"href":"https:\/\/rjoytek.com\/fr\/wp-json\/wp\/v2\/product\/15743","targetHints":{"allow":["GET"]}}],"collection":[{"href":"https:\/\/rjoytek.com\/fr\/wp-json\/wp\/v2\/product"}],"about":[{"href":"https:\/\/rjoytek.com\/fr\/wp-json\/wp\/v2\/types\/product"}],"wp:featuredmedia":[{"embeddable":true,"href":"https:\/\/rjoytek.com\/fr\/wp-json\/wp\/v2\/media\/15745"}],"wp:attachment":[{"href":"https:\/\/rjoytek.com\/fr\/wp-json\/wp\/v2\/media?parent=15743"}],"wp:term":[{"taxonomy":"product_cat","embeddable":true,"href":"https:\/\/rjoytek.com\/fr\/wp-json\/wp\/v2\/product_cat?post=15743"},{"taxonomy":"product_tag","embeddable":true,"href":"https:\/\/rjoytek.com\/fr\/wp-json\/wp\/v2\/product_tag?post=15743"}],"curies":[{"name":"wp","href":"https:\/\/api.w.org\/{rel}","templated":true}]}}