{"id":9720,"date":"2024-08-29T07:54:37","date_gmt":"2024-08-29T07:54:37","guid":{"rendered":"https:\/\/rjoytek.com\/?post_type=product&#038;p=9720"},"modified":"2025-03-03T01:27:34","modified_gmt":"2025-03-03T01:27:34","slug":"2-8-zoll-serielle-tft-lcd-anzeige","status":"publish","type":"product","link":"https:\/\/rjoytek.com\/de\/produkt\/2-8-zoll-serielle-tft-lcd-anzeige\/","title":{"rendered":"2,8-Zoll serielles TFT-LCD-Display \u2013 240*320 Aufl\u00f6sung, Touchpanel, SPI-Schnittstelle"},"content":{"rendered":"<p>Das RJYZN07000009 HMI-Motherboard, gepaart mit einem 7-Zoll-1024\u00d7600-kapazitiven Touch-Display, bietet eine fortschrittliche L\u00f6sung f\u00fcr Entwickler, die eine leistungsstarke Plattform f\u00fcr interaktive Embedded-Systeme suchen.<\/p>\n<h4><strong><b>Display- und Touch-Funktionen<\/b><\/strong><\/h4>\n<ul>\n<li><strong>7-Zoll-TFT-LCD<\/strong>: Das Display bietet eine Aufl\u00f6sung von 1024\u00d7600 und liefert klare und lebendige Bilder, die f\u00fcr verschiedene Anwendungen geeignet sind \u2013 von industriellen Bedienfeldern bis hin zu Verbraucherger\u00e4ten.<\/li>\n<li><strong>Kapazitive Touch-Oberfl\u00e4che<\/strong>: Unterst\u00fctzt Multitouch-Funktionalit\u00e4t und gew\u00e4hrleistet eine reibungslose und reaktionsschnelle Interaktion, die f\u00fcr moderne Benutzeroberfl\u00e4chen unerl\u00e4sslich ist.<\/li>\n<\/ul>\n<h4><strong><b>Hardware-Highlights<\/b><\/strong><\/h4>\n<ul>\n<li><strong>ZDP14X0 Displaytreiber<\/strong>: Dieser leistungsstarke Chip unterst\u00fctzt RGB-\/MIPI-Schnittstellen und erm\u00f6glicht eine hochaufl\u00f6sende Darstellung von bis zu 1920\u00d71080. Er integriert 16\/64 MB Display-Speicher, einen 2D-Grafikbeschleuniger und MJPEG-Decodierung, was ihn ideal f\u00fcr komplexe Grafik- und Videoverarbeitung macht.<\/li>\n<li><strong>Umfassende Schnittstellen<\/strong>:\n<ul>\n<li><strong>RGB-Schnittstelle<\/strong>: 50-polige, 0,5-mm-Verbindung f\u00fcr nahtlose Display-Integration.<\/li>\n<li><strong>Touchpanel-Schnittstelle<\/strong>: 6-polige, 0,5-mm-I2C-Schnittstelle f\u00fcr den kapazitiven Touch-Sensor.<\/li>\n<li><strong>Debug-Serielle Schnittstelle<\/strong>: 4-polige, 2,54-mm-Schnittstelle f\u00fcr einfaches Debugging w\u00e4hrend der Entwicklung.<\/li>\n<li><strong>Zus\u00e4tzliche Funktionen<\/strong>: Enth\u00e4lt einen 5V-Passivsummer, SD-Kartensteckplatz, Lautsprecheranschluss, DC-Stromversorgungseingang (12-48V), 128 MB NOR-Flash zur Speicherung, Echtzeituhr mit I2C-Schnittstelle, RS485-Kommunikation, USB-Port f\u00fcr Firmware-Updates und SPI-Kommunikationsschnittstelle.<\/li>\n<\/ul>\n<\/li>\n<\/ul>\n<h4><strong><b>Vielseitige Anwendungen<\/b><\/strong><\/h4>\n<p>Diese Motherboard- und Display-Kombination ist ideal f\u00fcr eine breite Palette von Anwendungen:<\/p>\n<ul>\n<li><strong>Industrielle Automatisierung<\/strong>: Dient als Schnittstelle f\u00fcr Maschinensteuerung und -\u00fcberwachung.<\/li>\n<li><strong>Hausautomation<\/strong>: Fungiert als zentrale Steuerzentrale f\u00fcr Smart-Home-Ger\u00e4te.<\/li>\n<li><strong>Medizinische Ger\u00e4te<\/strong>: Bietet eine intuitive Touchscreen-Oberfl\u00e4che f\u00fcr Gesundheits\u00fcberwachungsger\u00e4te.<\/li>\n<li><strong>Einzelhandels-Kioske<\/strong>: Betreibt interaktive Kioske f\u00fcr verbesserte Kundeninteraktion.<\/li>\n<li><strong>Automobilsysteme<\/strong>: Integration in Auto-Armaturenbretter f\u00fcr Infotainment und Fahrzeugsteuerung.<\/li>\n<li><strong>Fitnessger\u00e4te<\/strong>: Verwaltet Benutzeroberfl\u00e4chen auf Fitnessger\u00e4ten wie Laufb\u00e4ndern.<\/li>\n<li><strong>Intelligente Haushaltsger\u00e4te<\/strong>: Eingebettete Bedienpanels f\u00fcr moderne Haushaltsger\u00e4te.<\/li>\n<\/ul>\n<p><strong>\u00d6ffentliche Informationssysteme<\/strong>: Einsatz in digitalen Beschilderungen und Informationskiosken.<\/p>","protected":false},"excerpt":{"rendered":"<ul>\n<li>Modell: RJYZN02800010<\/li>\n<li>2,8-Zoll-Serien-LCD-Bildschirm<\/li>\n<li>Aufl\u00f6sung: 240*320<\/li>\n<li>Schnittstelle: SPI<\/li>\n<\/ul>","protected":false},"featured_media":9724,"template":"","meta":{"_acf_changed":false,"site-sidebar-layout":"default","site-content-layout":"","ast-site-content-layout":"default","site-content-style":"default","site-sidebar-style":"default","ast-global-header-display":"","ast-banner-title-visibility":"","ast-main-header-display":"","ast-hfb-above-header-display":"","ast-hfb-below-header-display":"","ast-hfb-mobile-header-display":"","site-post-title":"","ast-breadcrumbs-content":"","ast-featured-img":"","footer-sml-layout":"","ast-disable-related-posts":"","theme-transparent-header-meta":"","adv-header-id-meta":"","stick-header-meta":"","header-above-stick-meta":"","header-main-stick-meta":"","header-below-stick-meta":"","astra-migrate-meta-layouts":"default","ast-page-background-enabled":"default","ast-page-background-meta":{"desktop":{"background-color":"var(--ast-global-color-5)","background-image":"","background-repeat":"repeat","background-position":"center center","background-size":"auto","background-attachment":"scroll","background-type":"","background-media":"","overlay-type":"","overlay-color":"","overlay-opacity":"","overlay-gradient":""},"tablet":{"background-color":"","background-image":"","background-repeat":"repeat","background-position":"center center","background-size":"auto","background-attachment":"scroll","background-type":"","background-media":"","overlay-type":"","overlay-color":"","overlay-opacity":"","overlay-gradient":""},"mobile":{"background-color":"","background-image":"","background-repeat":"repeat","background-position":"center center","background-size":"auto","background-attachment":"scroll","background-type":"","background-media":"","overlay-type":"","overlay-color":"","overlay-opacity":"","overlay-gradient":""}},"ast-content-background-meta":{"desktop":{"background-color":"var(--ast-global-color-4)","background-image":"","background-repeat":"repeat","background-position":"center center","background-size":"auto","background-attachment":"scroll","background-type":"","background-media":"","overlay-type":"","overlay-color":"","overlay-opacity":"","overlay-gradient":""},"tablet":{"background-color":"var(--ast-global-color-4)","background-image":"","background-repeat":"repeat","background-position":"center center","background-size":"auto","background-attachment":"scroll","background-type":"","background-media":"","overlay-type":"","overlay-color":"","overlay-opacity":"","overlay-gradient":""},"mobile":{"background-color":"var(--ast-global-color-4)","background-image":"","background-repeat":"repeat","background-position":"center center","background-size":"auto","background-attachment":"scroll","background-type":"","background-media":"","overlay-type":"","overlay-color":"","overlay-opacity":"","overlay-gradient":""}}},"product_cat":[333],"product_tag":[431],"class_list":{"0":"post-9720","1":"product","2":"type-product","3":"status-publish","4":"has-post-thumbnail","6":"product_cat-serial-port-lcd-screen","7":"product_tag-2-8-inch-lcd","8":"pa_brightness-496","9":"pa_interface-spi","10":"pa_resolution-240x320","11":"pa_size-2-8","12":"desktop-align-left","13":"tablet-align-left","14":"mobile-align-left","15":"ast-product-gallery-layout-horizontal-slider","16":"ast-magnify-disabled","17":"ast-qv-on-image","19":"first","20":"instock","21":"shipping-taxable","22":"product-type-simple"},"acf":[],"aioseo_notices":[],"aioseo_head":"\n\t\t<!-- All in One SEO Pro 4.8.3.2 - aioseo.com -->\n\t<meta name=\"description\" content=\"Model: RJYZN02800010 2.8 inch Serial Port LCD Screen Resolution: 240*320 Interface: SPI\" \/>\n\t<meta name=\"robots\" content=\"max-image-preview:large\" \/>\n\t<link rel=\"canonical\" href=\"https:\/\/rjoytek.com\/de\/produkt\/2-8-zoll-serielle-tft-lcd-anzeige\/\" \/>\n\t<meta name=\"generator\" content=\"All in One SEO Pro (AIOSEO) 4.8.3.2\" \/>\n\t\t<meta property=\"og:locale\" content=\"de_DE\" \/>\n\t\t<meta property=\"og:site_name\" content=\"RJY Display - Top Custom LCD, TFT, OLED Display Manufacturer &amp; Supplier in China.\" \/>\n\t\t<meta property=\"og:type\" content=\"article\" \/>\n\t\t<meta property=\"og:title\" content=\"2.8-inch Serial Port TFT LCD Screen \u2013 240*320 Resolution, Touch Panel, SPI Interface - Serial Port LCD Screen - Top Custom LCD, TFT, OLED Display Manufacturer &amp; Supplier in China.\" \/>\n\t\t<meta property=\"og:description\" content=\"Model: RJYZN02800010 2.8 inch Serial Port LCD Screen Resolution: 240*320 Interface: SPI\" \/>\n\t\t<meta property=\"og:url\" content=\"https:\/\/rjoytek.com\/de\/produkt\/2-8-zoll-serielle-tft-lcd-anzeige\/\" \/>\n\t\t<meta property=\"og:image\" content=\"https:\/\/rjoytek.com\/wp-content\/uploads\/2024\/08\/cropped-LOGO.png\" \/>\n\t\t<meta property=\"og:image:secure_url\" content=\"https:\/\/rjoytek.com\/wp-content\/uploads\/2024\/08\/cropped-LOGO.png\" \/>\n\t\t<meta property=\"og:image:width\" content=\"512\" \/>\n\t\t<meta property=\"og:image:height\" content=\"512\" \/>\n\t\t<meta property=\"article:published_time\" content=\"2024-08-29T07:54:37+00:00\" \/>\n\t\t<meta property=\"article:modified_time\" content=\"2025-03-03T01:27:34+00:00\" \/>\n\t\t<meta property=\"article:publisher\" content=\"https:\/\/www.facebook.com\/RjoytekLCDSolution\" \/>\n\t\t<meta name=\"twitter:card\" content=\"summary_large_image\" \/>\n\t\t<meta name=\"twitter:title\" content=\"2.8-inch Serial Port TFT LCD Screen \u2013 240*320 Resolution, Touch Panel, SPI Interface - Serial Port LCD Screen - Top Custom LCD, TFT, OLED Display Manufacturer &amp; Supplier in China.\" \/>\n\t\t<meta name=\"twitter:description\" content=\"Model: RJYZN02800010 2.8 inch Serial Port LCD Screen Resolution: 240*320 Interface: SPI\" \/>\n\t\t<meta name=\"twitter:image\" content=\"https:\/\/rjoytek.com\/wp-content\/uploads\/2024\/08\/cropped-LOGO.png\" \/>\n\t\t<script type=\"application\/ld+json\" class=\"aioseo-schema\">\n\t\t\t{\"@context\":\"https:\\\/\\\/schema.org\",\"@graph\":[{\"@type\":\"BreadcrumbList\",\"@id\":\"https:\\\/\\\/rjoytek.com\\\/de\\\/produkt\\\/2-8-zoll-serielle-tft-lcd-anzeige\\\/#breadcrumblist\",\"itemListElement\":[{\"@type\":\"ListItem\",\"@id\":\"https:\\\/\\\/rjoytek.com\\\/de#listItem\",\"position\":1,\"name\":\"Home\",\"item\":\"https:\\\/\\\/rjoytek.com\\\/de\",\"nextItem\":{\"@type\":\"ListItem\",\"@id\":\"https:\\\/\\\/rjoytek.com\\\/de\\\/geschaft\\\/#listItem\",\"name\":\"Shop\"}},{\"@type\":\"ListItem\",\"@id\":\"https:\\\/\\\/rjoytek.com\\\/de\\\/geschaft\\\/#listItem\",\"position\":2,\"name\":\"Shop\",\"item\":\"https:\\\/\\\/rjoytek.com\\\/de\\\/geschaft\\\/\",\"nextItem\":{\"@type\":\"ListItem\",\"@id\":\"https:\\\/\\\/rjoytek.com\\\/de\\\/produkt-kategorie\\\/serielle-lcd-anzeige\\\/#listItem\",\"name\":\"Serial Port LCD Screen\"},\"previousItem\":{\"@type\":\"ListItem\",\"@id\":\"https:\\\/\\\/rjoytek.com\\\/de#listItem\",\"name\":\"Home\"}},{\"@type\":\"ListItem\",\"@id\":\"https:\\\/\\\/rjoytek.com\\\/de\\\/produkt-kategorie\\\/serielle-lcd-anzeige\\\/#listItem\",\"position\":3,\"name\":\"Serial Port LCD Screen\",\"item\":\"https:\\\/\\\/rjoytek.com\\\/de\\\/produkt-kategorie\\\/serielle-lcd-anzeige\\\/\",\"nextItem\":{\"@type\":\"ListItem\",\"@id\":\"https:\\\/\\\/rjoytek.com\\\/de\\\/produkt\\\/2-8-zoll-serielle-tft-lcd-anzeige\\\/#listItem\",\"name\":\"2.8-inch Serial Port TFT LCD Screen &#8211; 240*320 Resolution, Touch Panel, SPI Interface\"},\"previousItem\":{\"@type\":\"ListItem\",\"@id\":\"https:\\\/\\\/rjoytek.com\\\/de\\\/geschaft\\\/#listItem\",\"name\":\"Shop\"}},{\"@type\":\"ListItem\",\"@id\":\"https:\\\/\\\/rjoytek.com\\\/de\\\/produkt\\\/2-8-zoll-serielle-tft-lcd-anzeige\\\/#listItem\",\"position\":4,\"name\":\"2.8-inch Serial Port TFT LCD Screen &#8211; 240*320 Resolution, Touch Panel, SPI Interface\",\"previousItem\":{\"@type\":\"ListItem\",\"@id\":\"https:\\\/\\\/rjoytek.com\\\/de\\\/produkt-kategorie\\\/serielle-lcd-anzeige\\\/#listItem\",\"name\":\"Serial Port LCD Screen\"}}]},{\"@type\":\"Organization\",\"@id\":\"https:\\\/\\\/rjoytek.com\\\/de\\\/#organization\",\"name\":\"RJY Display\",\"description\":\"Top Custom LCD, TFT, OLED Display Manufacturer & Supplier in China.\",\"url\":\"https:\\\/\\\/rjoytek.com\\\/de\\\/\",\"telephone\":\"+8618872893408\",\"logo\":{\"@type\":\"ImageObject\",\"url\":\"https:\\\/\\\/rjoytek.com\\\/wp-content\\\/uploads\\\/2025\\\/07\\\/LOGO1-scaled.png\",\"@id\":\"https:\\\/\\\/rjoytek.com\\\/de\\\/produkt\\\/2-8-zoll-serielle-tft-lcd-anzeige\\\/#organizationLogo\",\"width\":2560,\"height\":416},\"image\":{\"@id\":\"https:\\\/\\\/rjoytek.com\\\/de\\\/produkt\\\/2-8-zoll-serielle-tft-lcd-anzeige\\\/#organizationLogo\"},\"sameAs\":[\"https:\\\/\\\/www.facebook.com\\\/RjoytekLCDSolution\",\"https:\\\/\\\/www.youtube.com\\\/@lcdsolution-RJOYTEK\",\"https:\\\/\\\/www.linkedin.com\\\/company\\\/rjoytek-lcd-solution\"]},{\"@type\":\"WebPage\",\"@id\":\"https:\\\/\\\/rjoytek.com\\\/de\\\/produkt\\\/2-8-zoll-serielle-tft-lcd-anzeige\\\/#webpage\",\"url\":\"https:\\\/\\\/rjoytek.com\\\/de\\\/produkt\\\/2-8-zoll-serielle-tft-lcd-anzeige\\\/\",\"name\":\"2.8-inch Serial Port TFT LCD Screen \\u2013 240*320 Resolution, Touch Panel, SPI Interface - Serial Port LCD Screen - Top Custom LCD, TFT, OLED Display Manufacturer & Supplier in China.\",\"description\":\"Model: RJYZN02800010 2.8 inch Serial Port LCD Screen Resolution: 240*320 Interface: SPI\",\"inLanguage\":\"de-DE\",\"isPartOf\":{\"@id\":\"https:\\\/\\\/rjoytek.com\\\/de\\\/#website\"},\"breadcrumb\":{\"@id\":\"https:\\\/\\\/rjoytek.com\\\/de\\\/produkt\\\/2-8-zoll-serielle-tft-lcd-anzeige\\\/#breadcrumblist\"},\"image\":{\"@type\":\"ImageObject\",\"url\":\"https:\\\/\\\/rjoytek.com\\\/wp-content\\\/uploads\\\/2024\\\/08\\\/RJYZN02800010\\u4e32\\u53e3\\u5c4f-4.png\",\"@id\":\"https:\\\/\\\/rjoytek.com\\\/de\\\/produkt\\\/2-8-zoll-serielle-tft-lcd-anzeige\\\/#mainImage\",\"width\":1024,\"height\":767},\"primaryImageOfPage\":{\"@id\":\"https:\\\/\\\/rjoytek.com\\\/de\\\/produkt\\\/2-8-zoll-serielle-tft-lcd-anzeige\\\/#mainImage\"},\"datePublished\":\"2024-08-29T07:54:37+00:00\",\"dateModified\":\"2025-03-03T01:27:34+00:00\"},{\"@type\":\"WebSite\",\"@id\":\"https:\\\/\\\/rjoytek.com\\\/de\\\/#website\",\"url\":\"https:\\\/\\\/rjoytek.com\\\/de\\\/\",\"name\":\"RJY Display\",\"description\":\"Top Custom LCD, TFT, OLED Display Manufacturer & Supplier in China.\",\"inLanguage\":\"de-DE\",\"publisher\":{\"@id\":\"https:\\\/\\\/rjoytek.com\\\/de\\\/#organization\"}}]}\n\t\t<\/script>\n\t\t<!-- All in One SEO Pro -->\r\n\t\t<title>2.8-inch Serial Port TFT LCD Screen \u2013 240*320 Resolution, Touch Panel, SPI Interface - Serial Port LCD Screen - Top Custom LCD, TFT, OLED Display Manufacturer &amp; Supplier in China.<\/title>\n\n","aioseo_head_json":{"title":"2,8-Zoll serielle TFT-LCD-Anzeige \u2013 240*320 Aufl\u00f6sung, Touchpanel, SPI-Schnittstelle - Serielle LCD-Anzeige - F\u00fchrender Hersteller und Lieferant von kundenspezifischen LCD-, TFT- und OLED-Displays in China.","description":"Modell: RJYZN02800010 2,8-Zoll-Serielle-Schnittstellen-LCD-Display Aufl\u00f6sung: 240*320 Schnittstelle: SPI","canonical_url":"https:\/\/rjoytek.com\/de\/produkt\/2-8-zoll-serielle-tft-lcd-anzeige\/","robots":"max-image-preview:large","keywords":"","webmasterTools":{"miscellaneous":""},"schema":{"@context":"https:\/\/schema.org","@graph":[{"@type":"BreadcrumbList","@id":"https:\/\/rjoytek.com\/de\/produkt\/2-8-zoll-serielle-tft-lcd-anzeige\/#breadcrumblist","itemListElement":[{"@type":"ListItem","@id":"https:\/\/rjoytek.com\/de#listItem","position":1,"name":"Home","item":"https:\/\/rjoytek.com\/de","nextItem":{"@type":"ListItem","@id":"https:\/\/rjoytek.com\/de\/geschaft\/#listItem","name":"Shop"}},{"@type":"ListItem","@id":"https:\/\/rjoytek.com\/de\/geschaft\/#listItem","position":2,"name":"Shop","item":"https:\/\/rjoytek.com\/de\/geschaft\/","nextItem":{"@type":"ListItem","@id":"https:\/\/rjoytek.com\/de\/produkt-kategorie\/serielle-lcd-anzeige\/#listItem","name":"Serial Port LCD Screen"},"previousItem":{"@type":"ListItem","@id":"https:\/\/rjoytek.com\/de#listItem","name":"Home"}},{"@type":"ListItem","@id":"https:\/\/rjoytek.com\/de\/produkt-kategorie\/serielle-lcd-anzeige\/#listItem","position":3,"name":"Serial Port LCD Screen","item":"https:\/\/rjoytek.com\/de\/produkt-kategorie\/serielle-lcd-anzeige\/","nextItem":{"@type":"ListItem","@id":"https:\/\/rjoytek.com\/de\/produkt\/2-8-zoll-serielle-tft-lcd-anzeige\/#listItem","name":"2.8-inch Serial Port TFT LCD Screen &#8211; 240*320 Resolution, Touch Panel, SPI Interface"},"previousItem":{"@type":"ListItem","@id":"https:\/\/rjoytek.com\/de\/geschaft\/#listItem","name":"Shop"}},{"@type":"ListItem","@id":"https:\/\/rjoytek.com\/de\/produkt\/2-8-zoll-serielle-tft-lcd-anzeige\/#listItem","position":4,"name":"2.8-inch Serial Port TFT LCD Screen &#8211; 240*320 Resolution, Touch Panel, SPI Interface","previousItem":{"@type":"ListItem","@id":"https:\/\/rjoytek.com\/de\/produkt-kategorie\/serielle-lcd-anzeige\/#listItem","name":"Serial Port LCD Screen"}}]},{"@type":"Organization","@id":"https:\/\/rjoytek.com\/de\/#organization","name":"RJY Display","description":"Top Custom LCD, TFT, OLED Display Manufacturer & Supplier in China.","url":"https:\/\/rjoytek.com\/de\/","telephone":"+8618872893408","logo":{"@type":"ImageObject","url":"https:\/\/rjoytek.com\/wp-content\/uploads\/2025\/07\/LOGO1-scaled.png","@id":"https:\/\/rjoytek.com\/de\/produkt\/2-8-zoll-serielle-tft-lcd-anzeige\/#organizationLogo","width":2560,"height":416},"image":{"@id":"https:\/\/rjoytek.com\/de\/produkt\/2-8-zoll-serielle-tft-lcd-anzeige\/#organizationLogo"},"sameAs":["https:\/\/www.facebook.com\/RjoytekLCDSolution","https:\/\/www.youtube.com\/@lcdsolution-RJOYTEK","https:\/\/www.linkedin.com\/company\/rjoytek-lcd-solution"]},{"@type":"WebPage","@id":"https:\/\/rjoytek.com\/de\/produkt\/2-8-zoll-serielle-tft-lcd-anzeige\/#webpage","url":"https:\/\/rjoytek.com\/de\/produkt\/2-8-zoll-serielle-tft-lcd-anzeige\/","name":"2.8-inch Serial Port TFT LCD Screen \u2013 240*320 Resolution, Touch Panel, SPI Interface - Serial Port LCD Screen - Top Custom LCD, TFT, OLED Display Manufacturer & Supplier in China.","description":"Model: RJYZN02800010 2.8 inch Serial Port LCD Screen Resolution: 240*320 Interface: SPI","inLanguage":"de-DE","isPartOf":{"@id":"https:\/\/rjoytek.com\/de\/#website"},"breadcrumb":{"@id":"https:\/\/rjoytek.com\/de\/produkt\/2-8-zoll-serielle-tft-lcd-anzeige\/#breadcrumblist"},"image":{"@type":"ImageObject","url":"https:\/\/rjoytek.com\/wp-content\/uploads\/2024\/08\/RJYZN02800010\u4e32\u53e3\u5c4f-4.png","@id":"https:\/\/rjoytek.com\/de\/produkt\/2-8-zoll-serielle-tft-lcd-anzeige\/#mainImage","width":1024,"height":767},"primaryImageOfPage":{"@id":"https:\/\/rjoytek.com\/de\/produkt\/2-8-zoll-serielle-tft-lcd-anzeige\/#mainImage"},"datePublished":"2024-08-29T07:54:37+00:00","dateModified":"2025-03-03T01:27:34+00:00"},{"@type":"WebSite","@id":"https:\/\/rjoytek.com\/de\/#website","url":"https:\/\/rjoytek.com\/de\/","name":"RJY Display","description":"Top Custom LCD, TFT, OLED Display Manufacturer & Supplier in China.","inLanguage":"de-DE","publisher":{"@id":"https:\/\/rjoytek.com\/de\/#organization"}}]},"og:locale":"de_DE","og:site_name":"RJY Display - Top Custom LCD, TFT, OLED Display Manufacturer &amp; Supplier in China.","og:type":"article","og:title":"2.8-inch Serial Port TFT LCD Screen \u2013 240*320 Resolution, Touch Panel, SPI Interface - Serial Port LCD Screen - Top Custom LCD, TFT, OLED Display Manufacturer &amp; Supplier in China.","og:description":"Model: RJYZN02800010 2.8 inch Serial Port LCD Screen Resolution: 240*320 Interface: SPI","og:url":"https:\/\/rjoytek.com\/de\/produkt\/2-8-zoll-serielle-tft-lcd-anzeige\/","og:image":"https:\/\/rjoytek.com\/wp-content\/uploads\/2024\/08\/cropped-LOGO.png","og:image:secure_url":"https:\/\/rjoytek.com\/wp-content\/uploads\/2024\/08\/cropped-LOGO.png","og:image:width":512,"og:image:height":512,"article:published_time":"2024-08-29T07:54:37+00:00","article:modified_time":"2025-03-03T01:27:34+00:00","article:publisher":"https:\/\/www.facebook.com\/RjoytekLCDSolution","twitter:card":"summary_large_image","twitter:title":"2.8-inch Serial Port TFT LCD Screen \u2013 240*320 Resolution, Touch Panel, SPI Interface - Serial Port LCD Screen - Top Custom LCD, TFT, OLED Display Manufacturer &amp; Supplier in China.","twitter:description":"Model: RJYZN02800010 2.8 inch Serial Port LCD Screen Resolution: 240*320 Interface: SPI","twitter:image":"https:\/\/rjoytek.com\/wp-content\/uploads\/2024\/08\/cropped-LOGO.png"},"aioseo_meta_data":{"post_id":"9720","title":null,"description":null,"keywords":null,"keyphrases":null,"canonical_url":null,"og_title":null,"og_description":null,"og_object_type":"default","og_image_type":"default","og_image_custom_url":null,"og_image_custom_fields":null,"og_custom_image_width":null,"og_custom_image_height":null,"og_video":null,"og_custom_url":null,"og_article_section":null,"og_article_tags":null,"twitter_use_og":true,"twitter_card":"default","twitter_image_type":"default","twitter_image_custom_url":null,"twitter_image_custom_fields":null,"twitter_title":null,"twitter_description":null,"schema_type":null,"schema_type_options":null,"pillar_content":false,"robots_default":true,"robots_noindex":false,"robots_noarchive":false,"robots_nosnippet":false,"robots_nofollow":false,"robots_noimageindex":false,"robots_noodp":false,"robots_notranslate":false,"robots_max_snippet":null,"robots_max_videopreview":null,"robots_max_imagepreview":"none","tabs":null,"priority":null,"frequency":null,"local_seo":null,"created":"2026-03-24 09:07:56","updated":"2026-04-27 21:18:55"},"aioseo_breadcrumb":"<div class=\"aioseo-breadcrumbs\"><span class=\"aioseo-breadcrumb\">\n\t<a href=\"https:\/\/rjoytek.com\/de\" title=\"Home\">Home<\/a>\n<\/span><span class=\"aioseo-breadcrumb-separator\">\u00bb<\/span><span class=\"aioseo-breadcrumb\">\n\t<a href=\"https:\/\/rjoytek.com\/de\/geschaft\/\" title=\"Shop\">Shop<\/a>\n<\/span><span class=\"aioseo-breadcrumb-separator\">\u00bb<\/span><span class=\"aioseo-breadcrumb\">\n\t<a href=\"https:\/\/rjoytek.com\/de\/produkt-kategorie\/serielle-lcd-anzeige\/\" title=\"Serial Port LCD Screen\">Serial Port LCD Screen<\/a>\n<\/span><span class=\"aioseo-breadcrumb-separator\">\u00bb<\/span><span class=\"aioseo-breadcrumb\">\n\t2.8-inch Serial Port TFT LCD Screen \u2013 240*320 Resolution, Touch Panel, SPI Interface\n<\/span><\/div>","aioseo_breadcrumb_json":[{"label":"Home","link":"https:\/\/rjoytek.com\/de"},{"label":"Shop","link":"https:\/\/rjoytek.com\/de\/geschaft\/"},{"label":"Serial Port LCD Screen","link":"https:\/\/rjoytek.com\/de\/produkt-kategorie\/serielle-lcd-anzeige\/"},{"label":"2.8-inch Serial Port TFT LCD Screen &#8211; 240*320 Resolution, Touch Panel, SPI Interface","link":"https:\/\/rjoytek.com\/de\/produkt\/2-8-zoll-serielle-tft-lcd-anzeige\/"}],"_links":{"self":[{"href":"https:\/\/rjoytek.com\/de\/wp-json\/wp\/v2\/product\/9720","targetHints":{"allow":["GET"]}}],"collection":[{"href":"https:\/\/rjoytek.com\/de\/wp-json\/wp\/v2\/product"}],"about":[{"href":"https:\/\/rjoytek.com\/de\/wp-json\/wp\/v2\/types\/product"}],"wp:featuredmedia":[{"embeddable":true,"href":"https:\/\/rjoytek.com\/de\/wp-json\/wp\/v2\/media\/9724"}],"wp:attachment":[{"href":"https:\/\/rjoytek.com\/de\/wp-json\/wp\/v2\/media?parent=9720"}],"wp:term":[{"taxonomy":"product_cat","embeddable":true,"href":"https:\/\/rjoytek.com\/de\/wp-json\/wp\/v2\/product_cat?post=9720"},{"taxonomy":"product_tag","embeddable":true,"href":"https:\/\/rjoytek.com\/de\/wp-json\/wp\/v2\/product_tag?post=9720"}],"curies":[{"name":"wp","href":"https:\/\/api.w.org\/{rel}","templated":true}]}}