{"id":8297,"date":"2024-07-24T09:41:12","date_gmt":"2024-07-24T09:41:12","guid":{"rendered":"https:\/\/rjoytek.com\/?post_type=product&#038;p=8297"},"modified":"2025-03-03T01:25:12","modified_gmt":"2025-03-03T01:25:12","slug":"32-zoll-tft-lcd-displaymodul","status":"publish","type":"product","link":"https:\/\/rjoytek.com\/de\/produkt\/32-zoll-tft-lcd-displaymodul\/","title":{"rendered":"3,2-Zoll-TFT-LCD-Displaymodul \u2013 1024*768 Aufl\u00f6sung, 500 Nits Helligkeit, MIPI-Schnittstelle"},"content":{"rendered":"<p style=\"text-align: justify;\">Erleben Sie visuelle Brillanz wie nie zuvor mit unserem hochmodernen 3,2-Zoll-TFT-LCD-Bildschirm. Diese innovative Anzeige bietet atemberaubende Klarheit und Lebendigkeit und erm\u00f6glicht ein unvergleichliches Betrachtungserlebnis in kompakter und tragbarer Gr\u00f6\u00dfe. Hohe Aufl\u00f6sung von 1024*768 und 500 cd\/m\u00b2 Helligkeit \u2013 ein beeindruckendes visuelles Erlebnis auf nur 3,2 Zoll.<\/p>\n<p>&nbsp;<\/p>\n<p><span style=\"font-size: 14pt;\"><strong>Hauptmerkmale:<\/strong><\/span><\/p>\n<p style=\"text-align: justify;\"><strong>Beeindruckende Aufl\u00f6sung<\/strong>: Mit einer bemerkenswerten Aufl\u00f6sung von 1024\u00d7768 Pixeln liefert dieser TFT-LCD-Bildschirm unglaublich scharfe und detaillierte Bilder. Egal, ob Sie Videos ansehen, Fotos betrachten oder Daten analysieren \u2013 jedes Element wird mit un\u00fcbertroffener Klarheit zum Leben erweckt.<\/p>\n<p style=\"text-align: justify;\"><strong>Lebendige Farbwiedergabe<\/strong>: Tauchen Sie ein in lebendige und naturgetreue Farben. Unser LCD-Bildschirm mit einem Kontrastverh\u00e4ltnis von 1200:1 nutzt fortschrittliche Farbtechnologien, um eine pr\u00e4zise Farbwiedergabe zu gew\u00e4hrleisten \u2013 ideal f\u00fcr Anwendungen, bei denen Farbgenauigkeit entscheidend ist.<\/p>\n<p style=\"text-align: justify;\"><strong>Breiter Betrachtungswinkel<\/strong>: Verabschieden Sie sich von eingeschr\u00e4nkten Betrachtungswinkeln. Dieser LCD-Bildschirm bietet einen beeindruckend weiten Betrachtungswinkel von 85\/85\/85\/85 und stellt sicher, dass alle im Raum dieselbe atemberaubende Bildqualit\u00e4t ohne Verzerrungen oder Farbverschiebungen genie\u00dfen k\u00f6nnen.<\/p>\n<p style=\"text-align: justify;\"><strong>Kompakt und vielseitig:<\/strong> Das 3,2-Zoll-Format macht diesen TFT-LCD-Bildschirm zur perfekten Wahl f\u00fcr verschiedene Anwendungen. Von Handheld-Ger\u00e4ten bis hin zu eingebetteten Systemen er\u00f6ffnet die kompakte Gr\u00f6\u00dfe eine Welt voller M\u00f6glichkeiten f\u00fcr Ihre Projekte.<\/p>\n<p style=\"text-align: justify;\"><strong>Einfache Integration<\/strong>: Die Integration des 3,2-Zoll-TFT-LCD-Bildschirms in Ihre bestehenden Projekte oder neuen Designs ist problemlos. Dank einer einfachen MIPI-Schnittstelle und breiten Kompatibilit\u00e4t k\u00f6nnen Sie ihn nahtlos mit Ihrem bevorzugten Mikrocontroller oder Treiberboard verbinden.<\/p>\n<p>&nbsp;<\/p>\n<p style=\"text-align: justify;\"><strong><span style=\"font-size: 14pt;\">Anwendungen:<\/span><\/strong><\/p>\n<p style=\"text-align: justify;\"><strong>Handheld-Ger\u00e4te<\/strong>: Erstellen Sie funktionsreiche und visuell beeindruckende Handheld-Ger\u00e4te wie tragbare Multimedia-Player, Spielkonsolen und mehr.<\/p>\n<p style=\"text-align: justify;\"><strong>Industrielle Bedienpanels<\/strong>: Verbessern Sie die Benutzeroberfl\u00e4che industrieller Bedienpanels mit klaren, informativen Anzeigen zur \u00dcberwachung und Steuerung von Prozessen.<\/p>\n<p style=\"text-align: justify;\"><strong>Eingebettete Systeme:<\/strong> Integrieren Sie den TFT-LCD-Bildschirm in eingebettete Systeme zur Datenvisualisierung, f\u00fcr IoT-Anwendungen und intelligente Ger\u00e4te.<\/p>\n<p style=\"text-align: justify;\"><strong>Bildungsger\u00e4te<\/strong>: Gestalten Sie interaktive Bildungswerkzeuge mit fesselnden Displays, um Lernerfahrungen zu verbessern.<\/p>\n<p style=\"text-align: justify;\"><strong>DIY-Projekte<\/strong>: Verleihen Sie Ihren DIY-Projekten einen professionellen Touch, indem Sie diese hochwertige Anzeige zur Echtzeit-Datenvisualisierung einbauen.<\/p>\n<p style=\"text-align: justify;\">Verbessern Sie Ihre Anzeigequalit\u00e4t mit dem 3,2-Zoll-1024\u00d7768-TFT-LCD-Bildschirm \u2013 einem Inbegriff visueller Exzellenz und Vielseitigkeit. Erwecken Sie Ihre Projekte mit beispielloser Klarheit und lebendigen Farben zum Leben.<\/p>\n<p style=\"text-align: justify;\">Bestellen Sie noch heute und erschlie\u00dfen Sie eine Welt voller M\u00f6glichkeiten!<\/p>\n<p>&nbsp;<\/p>\n<p><strong><span style=\"font-size: 14pt;\">Empfohlene TFT-LCD-Displays gleicher Gr\u00f6\u00dfe<\/span><\/strong><\/p>\n<table style=\"border-collapse: collapse; width: 100%;\">\n<tbody>\n<tr style=\"border-style: solid; border-color: #faae6b;\">\n<td style=\"width: 50%;\"><img fetchpriority=\"high\" decoding=\"async\" class=\"size-full wp-image-7744 aligncenter\" src=\"https:\/\/rjoytek.com\/wp-content\/uploads\/2022\/12\/3.2-inch-tft-display.jpg\" alt=\"\" width=\"800\" height=\"800\" srcset=\"https:\/\/rjoytek.com\/wp-content\/uploads\/2022\/12\/3.2-inch-tft-display.jpg 800w, https:\/\/rjoytek.com\/wp-content\/uploads\/2022\/12\/3.2-inch-tft-display-200x200.jpg 200w, https:\/\/rjoytek.com\/wp-content\/uploads\/2022\/12\/3.2-inch-tft-display-300x300.jpg 300w, https:\/\/rjoytek.com\/wp-content\/uploads\/2022\/12\/3.2-inch-tft-display-150x150.jpg 150w, https:\/\/rjoytek.com\/wp-content\/uploads\/2022\/12\/3.2-inch-tft-display-230x230.jpg 230w, https:\/\/rjoytek.com\/wp-content\/uploads\/2022\/12\/3.2-inch-tft-display-70x70.jpg 70w, https:\/\/rjoytek.com\/wp-content\/uploads\/2022\/12\/3.2-inch-tft-display-315x315.jpg 315w, https:\/\/rjoytek.com\/wp-content\/uploads\/2022\/12\/3.2-inch-tft-display-600x600.jpg 600w, https:\/\/rjoytek.com\/wp-content\/uploads\/2022\/12\/3.2-inch-tft-display-100x100.jpg 100w\" sizes=\"(max-width: 800px) 100vw, 800px\" \/><\/td>\n<td style=\"width: 50%;\">\n<ul>\n<li>Modell: RV032QVM-300-50<\/li>\n<li>3,2-Zoll-LCD-Display-Panel<\/li>\n<li>Aufl\u00f6sung: 240*320<\/li>\n<li>Oberfl\u00e4chenbehandlung: Entspiegelt<\/li>\n<li>Schnittstelle: MCU 16-Bit-Modus<\/li>\n<li>Betrachtungsrichtung: IPS<\/li>\n<li><a href=\"https:\/\/rjoytek.com\/product\/3-2-inch-tft-lcd-240320-ips-lcd-display-module\/\"><span style=\"text-decoration: underline;\"><span style=\"color: #0000ff;\"><strong>Mehr anzeigen<\/strong><\/span><\/span><\/a><\/li>\n<\/ul>\n<\/td>\n<\/tr>\n<\/tbody>\n<\/table>","protected":false},"excerpt":{"rendered":"<ul>\n<li>Gr\u00f6\u00dfe: 3,2-Zoll-LCD-Display<\/li>\n<li>Aufl\u00f6sung: 1024*768<\/li>\n<li>Schnittstelle: MIPI<\/li>\n<li>Helligkeit: 500 cd\/m\u00b2<\/li>\n<li>Treiber-IC: JD9168<\/li>\n<\/ul>\n<p>Unterst\u00fctzung<\/p>\n<ul>\n<li>HDMI-Board<\/li>\n<li>Benutzerdefinierter Touchscreen\/Schnittstelle\/Helligkeit<\/li>\n<li>LCD-Steuerplatine wie Android-Board<\/li>\n<\/ul>","protected":false},"featured_media":8299,"template":"","meta":{"_acf_changed":false,"site-sidebar-layout":"default","site-content-layout":"","ast-site-content-layout":"default","site-content-style":"default","site-sidebar-style":"default","ast-global-header-display":"","ast-banner-title-visibility":"","ast-main-header-display":"","ast-hfb-above-header-display":"","ast-hfb-below-header-display":"","ast-hfb-mobile-header-display":"","site-post-title":"","ast-breadcrumbs-content":"","ast-featured-img":"","footer-sml-layout":"","ast-disable-related-posts":"","theme-transparent-header-meta":"","adv-header-id-meta":"","stick-header-meta":"","header-above-stick-meta":"","header-main-stick-meta":"","header-below-stick-meta":"","astra-migrate-meta-layouts":"default","ast-page-background-enabled":"default","ast-page-background-meta":{"desktop":{"background-color":"var(--ast-global-color-5)","background-image":"","background-repeat":"repeat","background-position":"center center","background-size":"auto","background-attachment":"scroll","background-type":"","background-media":"","overlay-type":"","overlay-color":"","overlay-opacity":"","overlay-gradient":""},"tablet":{"background-color":"","background-image":"","background-repeat":"repeat","background-position":"center center","background-size":"auto","background-attachment":"scroll","background-type":"","background-media":"","overlay-type":"","overlay-color":"","overlay-opacity":"","overlay-gradient":""},"mobile":{"background-color":"","background-image":"","background-repeat":"repeat","background-position":"center center","background-size":"auto","background-attachment":"scroll","background-type":"","background-media":"","overlay-type":"","overlay-color":"","overlay-opacity":"","overlay-gradient":""}},"ast-content-background-meta":{"desktop":{"background-color":"var(--ast-global-color-4)","background-image":"","background-repeat":"repeat","background-position":"center center","background-size":"auto","background-attachment":"scroll","background-type":"","background-media":"","overlay-type":"","overlay-color":"","overlay-opacity":"","overlay-gradient":""},"tablet":{"background-color":"var(--ast-global-color-4)","background-image":"","background-repeat":"repeat","background-position":"center center","background-size":"auto","background-attachment":"scroll","background-type":"","background-media":"","overlay-type":"","overlay-color":"","overlay-opacity":"","overlay-gradient":""},"mobile":{"background-color":"var(--ast-global-color-4)","background-image":"","background-repeat":"repeat","background-position":"center center","background-size":"auto","background-attachment":"scroll","background-type":"","background-media":"","overlay-type":"","overlay-color":"","overlay-opacity":"","overlay-gradient":""}}},"product_cat":[15],"product_tag":[248,249,323],"class_list":{"0":"post-8297","1":"product","2":"type-product","3":"status-publish","4":"has-post-thumbnail","6":"product_cat-tft-lcd-display-module","7":"product_tag-3-2-inch-lcd-display","8":"product_tag-3-2-inch-lcd-module","9":"product_tag-3-2-inch-tft-lcd","10":"pa_brightness-508","11":"pa_interface-mipi","12":"pa_resolution-1024x768","13":"pa_size-3-2","14":"desktop-align-left","15":"tablet-align-left","16":"mobile-align-left","17":"ast-product-gallery-layout-horizontal-slider","18":"ast-magnify-disabled","19":"ast-qv-on-image","21":"first","22":"instock","23":"shipping-taxable","24":"product-type-simple"},"acf":[],"aioseo_notices":[],"aioseo_head":"\n\t\t<!-- All in One SEO Pro 4.8.3.2 - aioseo.com -->\n\t<meta name=\"description\" content=\"Size: 3.2 inch LCD Display Resolution: 1024*768 Interface: MIPI Brightness: 500 nit Driving IC: JD9168 Support HDMI board Custom touchscreen\/interface\/brightness LCD Control board such as Android board\" \/>\n\t<meta name=\"robots\" content=\"max-image-preview:large\" \/>\n\t<link rel=\"canonical\" href=\"https:\/\/rjoytek.com\/de\/produkt\/32-zoll-tft-lcd-displaymodul\/\" \/>\n\t<meta name=\"generator\" content=\"All in One SEO Pro (AIOSEO) 4.8.3.2\" \/>\n\t\t<meta property=\"og:locale\" content=\"de_DE\" \/>\n\t\t<meta property=\"og:site_name\" content=\"RJY Display - Top Custom LCD, TFT, OLED Display Manufacturer &amp; Supplier in China.\" \/>\n\t\t<meta property=\"og:type\" content=\"article\" \/>\n\t\t<meta property=\"og:title\" content=\"3.2-inch TFT LCD Display Module \u2013 1024*768 Resolution, 500 Nits Brightness, MIPI Interface - TFT LCD Display Module - Top Custom LCD, TFT, OLED Display Manufacturer &amp; Supplier in China.\" \/>\n\t\t<meta property=\"og:description\" content=\"Size: 3.2 inch LCD Display Resolution: 1024*768 Interface: MIPI Brightness: 500 nit Driving IC: JD9168 Support HDMI board Custom touchscreen\/interface\/brightness LCD Control board such as Android board\" \/>\n\t\t<meta property=\"og:url\" content=\"https:\/\/rjoytek.com\/de\/produkt\/32-zoll-tft-lcd-displaymodul\/\" \/>\n\t\t<meta property=\"og:image\" content=\"https:\/\/rjoytek.com\/wp-content\/uploads\/2024\/08\/cropped-LOGO.png\" \/>\n\t\t<meta property=\"og:image:secure_url\" content=\"https:\/\/rjoytek.com\/wp-content\/uploads\/2024\/08\/cropped-LOGO.png\" \/>\n\t\t<meta property=\"og:image:width\" content=\"512\" \/>\n\t\t<meta property=\"og:image:height\" content=\"512\" \/>\n\t\t<meta property=\"article:published_time\" content=\"2024-07-24T09:41:12+00:00\" \/>\n\t\t<meta property=\"article:modified_time\" content=\"2025-03-03T01:25:12+00:00\" \/>\n\t\t<meta property=\"article:publisher\" content=\"https:\/\/www.facebook.com\/RjoytekLCDSolution\" \/>\n\t\t<meta name=\"twitter:card\" content=\"summary_large_image\" \/>\n\t\t<meta name=\"twitter:title\" content=\"3.2-inch TFT LCD Display Module \u2013 1024*768 Resolution, 500 Nits Brightness, MIPI Interface - TFT LCD Display Module - Top Custom LCD, TFT, OLED Display Manufacturer &amp; Supplier in China.\" \/>\n\t\t<meta name=\"twitter:description\" content=\"Size: 3.2 inch LCD Display Resolution: 1024*768 Interface: MIPI Brightness: 500 nit Driving IC: JD9168 Support HDMI board Custom touchscreen\/interface\/brightness LCD Control board such as Android board\" \/>\n\t\t<meta name=\"twitter:image\" content=\"https:\/\/rjoytek.com\/wp-content\/uploads\/2024\/08\/cropped-LOGO.png\" \/>\n\t\t<script type=\"application\/ld+json\" class=\"aioseo-schema\">\n\t\t\t{\"@context\":\"https:\\\/\\\/schema.org\",\"@graph\":[{\"@type\":\"BreadcrumbList\",\"@id\":\"https:\\\/\\\/rjoytek.com\\\/de\\\/produkt\\\/32-zoll-tft-lcd-displaymodul\\\/#breadcrumblist\",\"itemListElement\":[{\"@type\":\"ListItem\",\"@id\":\"https:\\\/\\\/rjoytek.com\\\/de#listItem\",\"position\":1,\"name\":\"Home\",\"item\":\"https:\\\/\\\/rjoytek.com\\\/de\",\"nextItem\":{\"@type\":\"ListItem\",\"@id\":\"https:\\\/\\\/rjoytek.com\\\/de\\\/geschaft\\\/#listItem\",\"name\":\"Shop\"}},{\"@type\":\"ListItem\",\"@id\":\"https:\\\/\\\/rjoytek.com\\\/de\\\/geschaft\\\/#listItem\",\"position\":2,\"name\":\"Shop\",\"item\":\"https:\\\/\\\/rjoytek.com\\\/de\\\/geschaft\\\/\",\"nextItem\":{\"@type\":\"ListItem\",\"@id\":\"https:\\\/\\\/rjoytek.com\\\/de\\\/produkt-kategorie\\\/tft-lcd-displaymodul\\\/#listItem\",\"name\":\"TFT LCD Display Module\"},\"previousItem\":{\"@type\":\"ListItem\",\"@id\":\"https:\\\/\\\/rjoytek.com\\\/de#listItem\",\"name\":\"Home\"}},{\"@type\":\"ListItem\",\"@id\":\"https:\\\/\\\/rjoytek.com\\\/de\\\/produkt-kategorie\\\/tft-lcd-displaymodul\\\/#listItem\",\"position\":3,\"name\":\"TFT LCD Display Module\",\"item\":\"https:\\\/\\\/rjoytek.com\\\/de\\\/produkt-kategorie\\\/tft-lcd-displaymodul\\\/\",\"nextItem\":{\"@type\":\"ListItem\",\"@id\":\"https:\\\/\\\/rjoytek.com\\\/de\\\/produkt\\\/32-zoll-tft-lcd-displaymodul\\\/#listItem\",\"name\":\"3.2-inch TFT LCD Display Module &#8211; 1024*768 Resolution, 500 Nits Brightness, MIPI Interface\"},\"previousItem\":{\"@type\":\"ListItem\",\"@id\":\"https:\\\/\\\/rjoytek.com\\\/de\\\/geschaft\\\/#listItem\",\"name\":\"Shop\"}},{\"@type\":\"ListItem\",\"@id\":\"https:\\\/\\\/rjoytek.com\\\/de\\\/produkt\\\/32-zoll-tft-lcd-displaymodul\\\/#listItem\",\"position\":4,\"name\":\"3.2-inch TFT LCD Display Module &#8211; 1024*768 Resolution, 500 Nits Brightness, MIPI Interface\",\"previousItem\":{\"@type\":\"ListItem\",\"@id\":\"https:\\\/\\\/rjoytek.com\\\/de\\\/produkt-kategorie\\\/tft-lcd-displaymodul\\\/#listItem\",\"name\":\"TFT LCD Display Module\"}}]},{\"@type\":\"Organization\",\"@id\":\"https:\\\/\\\/rjoytek.com\\\/de\\\/#organization\",\"name\":\"RJY Display\",\"description\":\"Top Custom LCD, TFT, OLED Display Manufacturer & Supplier in China.\",\"url\":\"https:\\\/\\\/rjoytek.com\\\/de\\\/\",\"telephone\":\"+8618872893408\",\"logo\":{\"@type\":\"ImageObject\",\"url\":\"https:\\\/\\\/rjoytek.com\\\/wp-content\\\/uploads\\\/2025\\\/07\\\/LOGO1-scaled.png\",\"@id\":\"https:\\\/\\\/rjoytek.com\\\/de\\\/produkt\\\/32-zoll-tft-lcd-displaymodul\\\/#organizationLogo\",\"width\":2560,\"height\":416},\"image\":{\"@id\":\"https:\\\/\\\/rjoytek.com\\\/de\\\/produkt\\\/32-zoll-tft-lcd-displaymodul\\\/#organizationLogo\"},\"sameAs\":[\"https:\\\/\\\/www.facebook.com\\\/RjoytekLCDSolution\",\"https:\\\/\\\/www.youtube.com\\\/@lcdsolution-RJOYTEK\",\"https:\\\/\\\/www.linkedin.com\\\/company\\\/rjoytek-lcd-solution\"]},{\"@type\":\"WebPage\",\"@id\":\"https:\\\/\\\/rjoytek.com\\\/de\\\/produkt\\\/32-zoll-tft-lcd-displaymodul\\\/#webpage\",\"url\":\"https:\\\/\\\/rjoytek.com\\\/de\\\/produkt\\\/32-zoll-tft-lcd-displaymodul\\\/\",\"name\":\"3.2-inch TFT LCD Display Module \\u2013 1024*768 Resolution, 500 Nits Brightness, MIPI Interface - TFT LCD Display Module - Top Custom LCD, TFT, OLED Display Manufacturer & Supplier in China.\",\"description\":\"Size: 3.2 inch LCD Display Resolution: 1024*768 Interface: MIPI Brightness: 500 nit Driving IC: JD9168 Support HDMI board Custom touchscreen\\\/interface\\\/brightness LCD Control board such as Android board\",\"inLanguage\":\"de-DE\",\"isPartOf\":{\"@id\":\"https:\\\/\\\/rjoytek.com\\\/de\\\/#website\"},\"breadcrumb\":{\"@id\":\"https:\\\/\\\/rjoytek.com\\\/de\\\/produkt\\\/32-zoll-tft-lcd-displaymodul\\\/#breadcrumblist\"},\"image\":{\"@type\":\"ImageObject\",\"url\":\"https:\\\/\\\/rjoytek.com\\\/wp-content\\\/uploads\\\/2023\\\/07\\\/3.2-inch-tft-lcd-panel.jpg\",\"@id\":\"https:\\\/\\\/rjoytek.com\\\/de\\\/produkt\\\/32-zoll-tft-lcd-displaymodul\\\/#mainImage\",\"width\":800,\"height\":800,\"caption\":\"3.2 inch tft lcd panel\"},\"primaryImageOfPage\":{\"@id\":\"https:\\\/\\\/rjoytek.com\\\/de\\\/produkt\\\/32-zoll-tft-lcd-displaymodul\\\/#mainImage\"},\"datePublished\":\"2024-07-24T09:41:12+00:00\",\"dateModified\":\"2025-03-03T01:25:12+00:00\"},{\"@type\":\"WebSite\",\"@id\":\"https:\\\/\\\/rjoytek.com\\\/de\\\/#website\",\"url\":\"https:\\\/\\\/rjoytek.com\\\/de\\\/\",\"name\":\"RJY Display\",\"description\":\"Top Custom LCD, TFT, OLED Display Manufacturer & Supplier in China.\",\"inLanguage\":\"de-DE\",\"publisher\":{\"@id\":\"https:\\\/\\\/rjoytek.com\\\/de\\\/#organization\"}}]}\n\t\t<\/script>\n\t\t<!-- All in One SEO Pro -->\r\n\t\t<title>3.2-inch TFT LCD Display Module \u2013 1024*768 Resolution, 500 Nits Brightness, MIPI Interface - TFT LCD Display Module - Top Custom LCD, TFT, OLED Display Manufacturer &amp; Supplier in China.<\/title>\n\n","aioseo_head_json":{"title":"3,2-Zoll TFT-LCD-Displaymodul \u2013 1024*768 Aufl\u00f6sung, 500 Nits Helligkeit, MIPI-Schnittstelle - TFT-LCD-Displaymodul - F\u00fchrender kundenspezifischer LCD-, TFT- und OLED-Display-Hersteller &amp; -Lieferant in China.","description":"Gr\u00f6\u00dfe: 3,2-Zoll-LCD-Display","canonical_url":"https:\/\/rjoytek.com\/de\/produkt\/32-zoll-tft-lcd-displaymodul\/","robots":"max-image-preview:large","keywords":"","webmasterTools":{"miscellaneous":""},"schema":{"@context":"https:\/\/schema.org","@graph":[{"@type":"BreadcrumbList","@id":"https:\/\/rjoytek.com\/de\/produkt\/32-zoll-tft-lcd-displaymodul\/#breadcrumblist","itemListElement":[{"@type":"ListItem","@id":"https:\/\/rjoytek.com\/de#listItem","position":1,"name":"Home","item":"https:\/\/rjoytek.com\/de","nextItem":{"@type":"ListItem","@id":"https:\/\/rjoytek.com\/de\/geschaft\/#listItem","name":"Shop"}},{"@type":"ListItem","@id":"https:\/\/rjoytek.com\/de\/geschaft\/#listItem","position":2,"name":"Shop","item":"https:\/\/rjoytek.com\/de\/geschaft\/","nextItem":{"@type":"ListItem","@id":"https:\/\/rjoytek.com\/de\/produkt-kategorie\/tft-lcd-displaymodul\/#listItem","name":"TFT LCD Display Module"},"previousItem":{"@type":"ListItem","@id":"https:\/\/rjoytek.com\/de#listItem","name":"Home"}},{"@type":"ListItem","@id":"https:\/\/rjoytek.com\/de\/produkt-kategorie\/tft-lcd-displaymodul\/#listItem","position":3,"name":"TFT LCD Display Module","item":"https:\/\/rjoytek.com\/de\/produkt-kategorie\/tft-lcd-displaymodul\/","nextItem":{"@type":"ListItem","@id":"https:\/\/rjoytek.com\/de\/produkt\/32-zoll-tft-lcd-displaymodul\/#listItem","name":"3.2-inch TFT LCD Display Module &#8211; 1024*768 Resolution, 500 Nits Brightness, MIPI Interface"},"previousItem":{"@type":"ListItem","@id":"https:\/\/rjoytek.com\/de\/geschaft\/#listItem","name":"Shop"}},{"@type":"ListItem","@id":"https:\/\/rjoytek.com\/de\/produkt\/32-zoll-tft-lcd-displaymodul\/#listItem","position":4,"name":"3.2-inch TFT LCD Display Module &#8211; 1024*768 Resolution, 500 Nits Brightness, MIPI Interface","previousItem":{"@type":"ListItem","@id":"https:\/\/rjoytek.com\/de\/produkt-kategorie\/tft-lcd-displaymodul\/#listItem","name":"TFT LCD Display Module"}}]},{"@type":"Organization","@id":"https:\/\/rjoytek.com\/de\/#organization","name":"RJY Display","description":"Top Custom LCD, TFT, OLED Display Manufacturer & Supplier in China.","url":"https:\/\/rjoytek.com\/de\/","telephone":"+8618872893408","logo":{"@type":"ImageObject","url":"https:\/\/rjoytek.com\/wp-content\/uploads\/2025\/07\/LOGO1-scaled.png","@id":"https:\/\/rjoytek.com\/de\/produkt\/32-zoll-tft-lcd-displaymodul\/#organizationLogo","width":2560,"height":416},"image":{"@id":"https:\/\/rjoytek.com\/de\/produkt\/32-zoll-tft-lcd-displaymodul\/#organizationLogo"},"sameAs":["https:\/\/www.facebook.com\/RjoytekLCDSolution","https:\/\/www.youtube.com\/@lcdsolution-RJOYTEK","https:\/\/www.linkedin.com\/company\/rjoytek-lcd-solution"]},{"@type":"WebPage","@id":"https:\/\/rjoytek.com\/de\/produkt\/32-zoll-tft-lcd-displaymodul\/#webpage","url":"https:\/\/rjoytek.com\/de\/produkt\/32-zoll-tft-lcd-displaymodul\/","name":"3.2-inch TFT LCD Display Module \u2013 1024*768 Resolution, 500 Nits Brightness, MIPI Interface - TFT LCD Display Module - Top Custom LCD, TFT, OLED Display Manufacturer & Supplier in China.","description":"Size: 3.2 inch LCD Display Resolution: 1024*768 Interface: MIPI Brightness: 500 nit Driving IC: JD9168 Support HDMI board Custom touchscreen\/interface\/brightness LCD Control board such as Android board","inLanguage":"de-DE","isPartOf":{"@id":"https:\/\/rjoytek.com\/de\/#website"},"breadcrumb":{"@id":"https:\/\/rjoytek.com\/de\/produkt\/32-zoll-tft-lcd-displaymodul\/#breadcrumblist"},"image":{"@type":"ImageObject","url":"https:\/\/rjoytek.com\/wp-content\/uploads\/2023\/07\/3.2-inch-tft-lcd-panel.jpg","@id":"https:\/\/rjoytek.com\/de\/produkt\/32-zoll-tft-lcd-displaymodul\/#mainImage","width":800,"height":800,"caption":"3.2 inch tft lcd panel"},"primaryImageOfPage":{"@id":"https:\/\/rjoytek.com\/de\/produkt\/32-zoll-tft-lcd-displaymodul\/#mainImage"},"datePublished":"2024-07-24T09:41:12+00:00","dateModified":"2025-03-03T01:25:12+00:00"},{"@type":"WebSite","@id":"https:\/\/rjoytek.com\/de\/#website","url":"https:\/\/rjoytek.com\/de\/","name":"RJY Display","description":"Top Custom LCD, TFT, OLED Display Manufacturer & Supplier in China.","inLanguage":"de-DE","publisher":{"@id":"https:\/\/rjoytek.com\/de\/#organization"}}]},"og:locale":"de_DE","og:site_name":"RJY Display - Top Custom LCD, TFT, OLED Display Manufacturer &amp; Supplier in China.","og:type":"article","og:title":"3.2-inch TFT LCD Display Module \u2013 1024*768 Resolution, 500 Nits Brightness, MIPI Interface - TFT LCD Display Module - Top Custom LCD, TFT, OLED Display Manufacturer &amp; Supplier in China.","og:description":"Size: 3.2 inch LCD Display Resolution: 1024*768 Interface: MIPI Brightness: 500 nit Driving IC: JD9168 Support HDMI board Custom touchscreen\/interface\/brightness LCD Control board such as Android board","og:url":"https:\/\/rjoytek.com\/de\/produkt\/32-zoll-tft-lcd-displaymodul\/","og:image":"https:\/\/rjoytek.com\/wp-content\/uploads\/2024\/08\/cropped-LOGO.png","og:image:secure_url":"https:\/\/rjoytek.com\/wp-content\/uploads\/2024\/08\/cropped-LOGO.png","og:image:width":512,"og:image:height":512,"article:published_time":"2024-07-24T09:41:12+00:00","article:modified_time":"2025-03-03T01:25:12+00:00","article:publisher":"https:\/\/www.facebook.com\/RjoytekLCDSolution","twitter:card":"summary_large_image","twitter:title":"3.2-inch TFT LCD Display Module \u2013 1024*768 Resolution, 500 Nits Brightness, MIPI Interface - TFT LCD Display Module - Top Custom LCD, TFT, OLED Display Manufacturer &amp; Supplier in China.","twitter:description":"Size: 3.2 inch LCD Display Resolution: 1024*768 Interface: MIPI Brightness: 500 nit Driving IC: JD9168 Support HDMI board Custom touchscreen\/interface\/brightness LCD Control board such as Android board","twitter:image":"https:\/\/rjoytek.com\/wp-content\/uploads\/2024\/08\/cropped-LOGO.png"},"aioseo_meta_data":{"post_id":"8297","title":null,"description":null,"keywords":null,"keyphrases":null,"canonical_url":null,"og_title":null,"og_description":null,"og_object_type":"default","og_image_type":"default","og_image_custom_url":null,"og_image_custom_fields":null,"og_custom_image_width":null,"og_custom_image_height":null,"og_video":null,"og_custom_url":null,"og_article_section":null,"og_article_tags":null,"twitter_use_og":true,"twitter_card":"default","twitter_image_type":"default","twitter_image_custom_url":null,"twitter_image_custom_fields":null,"twitter_title":null,"twitter_description":null,"schema_type":null,"schema_type_options":null,"pillar_content":false,"robots_default":true,"robots_noindex":false,"robots_noarchive":false,"robots_nosnippet":false,"robots_nofollow":false,"robots_noimageindex":false,"robots_noodp":false,"robots_notranslate":false,"robots_max_snippet":null,"robots_max_videopreview":null,"robots_max_imagepreview":"none","tabs":null,"priority":null,"frequency":null,"local_seo":null,"created":"2026-03-24 13:18:58","updated":"2026-04-15 02:56:41"},"aioseo_breadcrumb":"<div class=\"aioseo-breadcrumbs\"><span class=\"aioseo-breadcrumb\">\n\t<a href=\"https:\/\/rjoytek.com\/de\" title=\"Home\">Home<\/a>\n<\/span><span class=\"aioseo-breadcrumb-separator\">\u00bb<\/span><span class=\"aioseo-breadcrumb\">\n\t<a href=\"https:\/\/rjoytek.com\/de\/geschaft\/\" title=\"Shop\">Shop<\/a>\n<\/span><span class=\"aioseo-breadcrumb-separator\">\u00bb<\/span><span class=\"aioseo-breadcrumb\">\n\t<a href=\"https:\/\/rjoytek.com\/de\/produkt-kategorie\/tft-lcd-displaymodul\/\" title=\"TFT LCD Display Module\">TFT LCD Display Module<\/a>\n<\/span><span class=\"aioseo-breadcrumb-separator\">\u00bb<\/span><span class=\"aioseo-breadcrumb\">\n\t3.2-inch TFT LCD Display Module \u2013 1024*768 Resolution, 500 Nits Brightness, MIPI Interface\n<\/span><\/div>","aioseo_breadcrumb_json":[{"label":"Home","link":"https:\/\/rjoytek.com\/de"},{"label":"Shop","link":"https:\/\/rjoytek.com\/de\/geschaft\/"},{"label":"TFT LCD Display Module","link":"https:\/\/rjoytek.com\/de\/produkt-kategorie\/tft-lcd-displaymodul\/"},{"label":"3.2-inch TFT LCD Display Module &#8211; 1024*768 Resolution, 500 Nits Brightness, MIPI Interface","link":"https:\/\/rjoytek.com\/de\/produkt\/32-zoll-tft-lcd-displaymodul\/"}],"_links":{"self":[{"href":"https:\/\/rjoytek.com\/de\/wp-json\/wp\/v2\/product\/8297","targetHints":{"allow":["GET"]}}],"collection":[{"href":"https:\/\/rjoytek.com\/de\/wp-json\/wp\/v2\/product"}],"about":[{"href":"https:\/\/rjoytek.com\/de\/wp-json\/wp\/v2\/types\/product"}],"wp:featuredmedia":[{"embeddable":true,"href":"https:\/\/rjoytek.com\/de\/wp-json\/wp\/v2\/media\/8299"}],"wp:attachment":[{"href":"https:\/\/rjoytek.com\/de\/wp-json\/wp\/v2\/media?parent=8297"}],"wp:term":[{"taxonomy":"product_cat","embeddable":true,"href":"https:\/\/rjoytek.com\/de\/wp-json\/wp\/v2\/product_cat?post=8297"},{"taxonomy":"product_tag","embeddable":true,"href":"https:\/\/rjoytek.com\/de\/wp-json\/wp\/v2\/product_tag?post=8297"}],"curies":[{"name":"wp","href":"https:\/\/api.w.org\/{rel}","templated":true}]}}