{"id":7952,"date":"2023-03-09T08:58:34","date_gmt":"2023-03-09T08:58:34","guid":{"rendered":"https:\/\/rjoytek.com\/?post_type=product&#038;p=7952"},"modified":"2025-03-04T02:36:53","modified_gmt":"2025-03-04T02:36:53","slug":"5-zoll-rundes-tft-lcd-display","status":"publish","type":"product","link":"https:\/\/rjoytek.com\/de\/produkt\/5-zoll-rundes-tft-lcd-display\/","title":{"rendered":"5-Zoll Rundes TFT LCD Display \u2013 1080*1080 Aufl\u00f6sung Touchscreen"},"content":{"rendered":"<p>RV050YMP-J40 ist ein farbiges TFT 5 Zoll rundes 1080p Touchscreen-Display mit 1080*1080 Aufl\u00f6sung, MIPI-Schnittstelle, IPS-LCD-Panel. Die Oberfl\u00e4chenbehandlung ist G+FF, 6H.<\/p>\n<p>Dieses 5-Zoll-LCD-Display wird mit HDMI-Board und USB-Board geliefert. Falls Sie ein LCD-Steuerboard mit spezieller Funktion ben\u00f6tigen, teilen Sie uns dies bitte mit. Wir stellen es entsprechend Ihren Anforderungen bereit.<\/p>\n<h3>Warum Sie uns w\u00e4hlen sollten?<\/h3>\n<p style=\"text-align: justify;\">1. Wir sind ein Hersteller von ma\u00dfgeschneiderten LCD-L\u00f6sungen. Unsere Hauptprodukte sind 1,3\u2033-24\u2033 TFT LCDs.;<\/p>\n<p style=\"text-align: justify;\">2. Wir k\u00f6nnen TN LCDs, IPS LCDs, COG LCDs, LCD-Touchscreens und LCD-Steuerboards individuell anfertigen.;<\/p>\n<p style=\"text-align: justify;\">3. Wir nehmen jede Kleinigkeit ernst. F\u00fcr den Versand von Mustern verwenden wir eigens entwickelte stabile Kartons und weiche Schaumstoffpolsterung. Diese Verpackungen haben wir mehrfach optimiert, denn wir m\u00f6chten, dass Kunden von der ersten Bestellung an perfekte Produkte und Serviceerfahrungen erhalten.<\/p>\n<p style=\"text-align: justify;\">4. Wir haben ein verantwortungsbewusstes Vertriebsteam. Es ist dynamisch und beteiligt sich pers\u00f6nlich am Testen der Muster und \u00fcberwacht den Testprozess, bevor jedes Muster versendet wird. Dies ist der perfekte Ausdruck unserer Verantwortung gegen\u00fcber jedem Kunden. Zudem bilden sich unsere Mitarbeiter regelm\u00e4\u00dfig fachlich weiter, um Probleme unserer Kunden im Kommunikationsprozess schnellstm\u00f6glich l\u00f6sen zu k\u00f6nnen.<\/p>\n<p style=\"text-align: justify;\">5. Unsere Produkte und Fabriken verf\u00fcgen \u00fcber autoritative Zertifizierungen. Falls Sie diese Zertifikate einsehen m\u00f6chten, k\u00f6nnen Sie unsere Vertriebsmitarbeiter konsultieren, die sie Ihnen zusenden. Auf Wunsch zeigen wir Ihnen gerne Details unserer Qualit\u00e4tskontrolle und Fabrikvideos zur Verifizierung, um unsere Authentizit\u00e4t zu belegen. Sie k\u00f6nnen unsere Fachleute konsultieren und danach fragen.<\/p>\n<p>&nbsp;<\/p>\n<h3><strong>Produktgarantie:<\/strong><\/h3>\n<ol>\n<li><strong>Garantie:<\/strong> Unser Unternehmen gew\u00e4hrt eine Garantie f\u00fcr einen bestimmten Zeitraum nach dem Kauf des Produkts. Sollte ein Produkt vor dem Versand als fehlerhaft befunden werden (was selten vorkommt), halten wir uns an unsere Zusage, es kostenlos zu ersetzen oder zu reparieren.<\/li>\n<li><strong>R\u00fcckgaberecht:<\/strong> Wir haben eine kundenfreundliche R\u00fcckgaberegelung. Wenn Kunden innerhalb eines bestimmten Zeitraums mit dem Produkt nicht zufrieden sind, k\u00f6nnen sie es zur\u00fcckgeben. Je nach Situation bieten wir eine R\u00fcckerstattung oder einen Produktaustausch an.<\/li>\n<li><strong>Kundenservice:<\/strong> Unser engagiertes Kundenserviceteam steht zur Verf\u00fcgung, um Fragen oder Probleme zu kl\u00e4ren, die Kunden mit ihrem Produkt haben k\u00f6nnten. Wir bieten auch eine Reihe von Zubeh\u00f6rteilen an, einschlie\u00dflich HDMI-Boards und anderen ma\u00dfgeschneiderten LCD-Steuerboards sowie Verkabelungsl\u00f6sungen.<\/li>\n<\/ol>\n<h3><strong>Bestellablauf:<\/strong><\/h3>\n<ol>\n<li><strong>Produktauswahl:<\/strong> Kunden w\u00e4hlen zun\u00e4chst das spezifische Produkt aus, das sie erwerben m\u00f6chten.<\/li>\n<li><strong>Kontaktieren Sie uns:<\/strong> Kunden leiten den Bestellvorgang per E-Mail oder \u00fcber ein Formular ein. Sie k\u00f6nnen wichtige Informationen wie die Modellnummer angeben oder spezielle Anforderungen nennen, einschlie\u00dflich Gr\u00f6\u00dfe, Aufl\u00f6sung, Helligkeit, Touchscreen-Funktionalit\u00e4t und zus\u00e4tzlicher Board-Optionen.<\/li>\n<li><strong>Kaufabwicklung:<\/strong> Unser Vertriebsleiter nimmt per E-Mail Kontakt mit dem Kunden auf, um Bestelldetails zu besprechen und zu best\u00e4tigen. Es ist wichtig, dass die angegebene E-Mail-Adresse korrekt ist. Bitte seien Sie versichert, dass diese E-Mails ausschlie\u00dflich zur Bestellbest\u00e4tigung verwendet werden und nicht f\u00fcr andere Zwecke oder an Dritte weitergegeben werden.<\/li>\n<li><strong>Auftragserteilung:<\/strong> Nach Vereinbarung der Bestelldetails f\u00fchren Kunden die Zahlung mit der vereinbarten Kommunikationsmethode durch. Nach Eingang der Zahlungsbest\u00e4tigung planen wir die Lieferung gem\u00e4\u00df dem gemeinsam vereinbarten Liefertermin.<\/li>\n<li><strong>Lieferung:<\/strong> Wir stellen Kunden umgehend eine Versandtrackingnummer zur Verf\u00fcgung, informieren sie \u00fcber das gew\u00e4hlte Transportunternehmen und \u00fcberwachen den Versand aktiv, bis der Kunde seine Produkte erh\u00e4lt.<\/li>\n<\/ol>\n<h3>FAQ<\/h3>\n<p><strong>F: Sind Sie ein Hersteller oder ein Handelsunternehmen?<\/strong><br \/>\nA: Wir sind ein Hersteller mit mehr als 9 Jahren Erfahrung in diesem Bereich seit 2014, und wir bieten OEM- und ODM-Dienstleistungen an.<\/p>\n<p><strong>F: Kann ich ein Muster erhalten?<\/strong><br \/>\nA: Ja, Musterbestellungen zur Qualit\u00e4tspr\u00fcfung sind willkommen. Gemischte Muster sind m\u00f6glich. Der Versand erfolgt per FedEx, DHL, UPS oder anderen Expressdiensten.<\/p>\n<p><strong>F: Wie l\u00e4uft die individuelle Anpassung des Produkts ab?<\/strong><br \/>\nA: 1. Senden Sie zun\u00e4chst eine Anfrage und teilen Sie uns Ihre Anforderungen mit.<br \/>\nEinfache Anpassungsprojekte: Gr\u00f6\u00dfe, Schnittstelle, Touchscreen, Steuerboard, Helligkeit.<br \/>\nKomplexe Anpassungsprojekte: WIFI, Bluetooth und andere Softwarepunkte.<br \/>\nUnser Vertriebsleiter wird die Projekte entsprechend Ihren Anforderungen mit Ihnen besprechen.<\/p>\n<p><strong>F: Wie lange ist die Lieferzeit?<\/strong><br \/>\nA: F\u00fcr Muster normalerweise 5-7 Tage nach Eingang Ihrer Zahlung, dies kann jedoch basierend auf Ihrer Bestellmenge\/individuellen Artikeln und unserem Produktionsplan verhandelt werden.<\/p>\n<p><strong>F: Was sind die Zahlungsbedingungen?<\/strong><br \/>\nA: Wir akzeptieren in der Regel T\/T, Paypal. Andere Bedingungen sind verhandelbar.<\/p>\n<p><strong>F: Bieten Sie ma\u00dfgeschneiderte L\u00f6sungen an?<\/strong><br \/>\nA: Ja, wenn die Standardprodukte die Anforderungen des K\u00e4ufers nicht erf\u00fcllen, k\u00f6nnen wir ma\u00dfgeschneiderte L\u00f6sungen anbieten. OEM und ODM sind willkommen.<\/p>\n<p><strong>F: Wo befindet sich Ihr Unternehmen?<\/strong><br \/>\nA: Unser Unternehmen befindet sich in Shenzhen, China.<\/p>","protected":false},"excerpt":{"rendered":"<ul>\n<li>Gr\u00f6\u00dfe: 5 Zoll rundes LCD-Touchpanel<\/li>\n<li>Aufl\u00f6sung: 1080*1080<\/li>\n<li>Schnittstelle: MIPI<\/li>\n<li>Oberfl\u00e4chenbehandlung: G+FF, 6H<\/li>\n<li>Touch-IC: GT9271, Multitouch<\/li>\n<\/ul>","protected":false},"featured_media":7955,"template":"","meta":{"_acf_changed":false,"site-sidebar-layout":"default","site-content-layout":"","ast-site-content-layout":"default","site-content-style":"default","site-sidebar-style":"default","ast-global-header-display":"","ast-banner-title-visibility":"","ast-main-header-display":"","ast-hfb-above-header-display":"","ast-hfb-below-header-display":"","ast-hfb-mobile-header-display":"","site-post-title":"","ast-breadcrumbs-content":"","ast-featured-img":"","footer-sml-layout":"","ast-disable-related-posts":"","theme-transparent-header-meta":"","adv-header-id-meta":"","stick-header-meta":"","header-above-stick-meta":"","header-main-stick-meta":"","header-below-stick-meta":"","astra-migrate-meta-layouts":"default","ast-page-background-enabled":"default","ast-page-background-meta":{"desktop":{"background-color":"var(--ast-global-color-5)","background-image":"","background-repeat":"repeat","background-position":"center center","background-size":"auto","background-attachment":"scroll","background-type":"","background-media":"","overlay-type":"","overlay-color":"","overlay-opacity":"","overlay-gradient":""},"tablet":{"background-color":"","background-image":"","background-repeat":"repeat","background-position":"center center","background-size":"auto","background-attachment":"scroll","background-type":"","background-media":"","overlay-type":"","overlay-color":"","overlay-opacity":"","overlay-gradient":""},"mobile":{"background-color":"","background-image":"","background-repeat":"repeat","background-position":"center center","background-size":"auto","background-attachment":"scroll","background-type":"","background-media":"","overlay-type":"","overlay-color":"","overlay-opacity":"","overlay-gradient":""}},"ast-content-background-meta":{"desktop":{"background-color":"var(--ast-global-color-4)","background-image":"","background-repeat":"repeat","background-position":"center center","background-size":"auto","background-attachment":"scroll","background-type":"","background-media":"","overlay-type":"","overlay-color":"","overlay-opacity":"","overlay-gradient":""},"tablet":{"background-color":"var(--ast-global-color-4)","background-image":"","background-repeat":"repeat","background-position":"center center","background-size":"auto","background-attachment":"scroll","background-type":"","background-media":"","overlay-type":"","overlay-color":"","overlay-opacity":"","overlay-gradient":""},"mobile":{"background-color":"var(--ast-global-color-4)","background-image":"","background-repeat":"repeat","background-position":"center center","background-size":"auto","background-attachment":"scroll","background-type":"","background-media":"","overlay-type":"","overlay-color":"","overlay-opacity":"","overlay-gradient":""}}},"product_cat":[114,128,15],"product_tag":[275,276],"class_list":{"0":"post-7952","1":"product","2":"type-product","3":"status-publish","4":"has-post-thumbnail","6":"product_cat-capacitive-touch-panel","7":"product_cat-round-lcd-display","8":"product_cat-tft-lcd-display-module","9":"product_tag-5-inch-tft-lcd-touch-screen","10":"product_tag-round-tft-display","11":"pa_brightness-506","12":"pa_interface-mipi","13":"pa_resolution-1080x1080","14":"pa_size-5-0","15":"desktop-align-left","16":"tablet-align-left","17":"mobile-align-left","18":"ast-product-gallery-layout-horizontal-slider","19":"ast-magnify-disabled","20":"ast-qv-on-image","22":"first","23":"instock","24":"shipping-taxable","25":"product-type-simple"},"acf":[],"aioseo_notices":[],"aioseo_head":"\n\t\t<!-- All in One SEO Pro 4.8.3.2 - aioseo.com -->\n\t<meta name=\"description\" content=\"Size: 5 inch round lcd touch panel Resolution: 1080*1080 Interface: MIPI Surface treatment: G+FF, 6H Touch IC: GT9271, muti-touch\" \/>\n\t<meta name=\"robots\" content=\"max-image-preview:large\" \/>\n\t<link rel=\"canonical\" href=\"https:\/\/rjoytek.com\/de\/produkt\/5-zoll-rundes-tft-lcd-display\/\" \/>\n\t<meta name=\"generator\" content=\"All in One SEO Pro (AIOSEO) 4.8.3.2\" \/>\n\t\t<meta property=\"og:locale\" content=\"de_DE\" \/>\n\t\t<meta property=\"og:site_name\" content=\"RJY Display - Top Custom LCD, TFT, OLED Display Manufacturer &amp; Supplier in China.\" \/>\n\t\t<meta property=\"og:type\" content=\"article\" \/>\n\t\t<meta property=\"og:title\" content=\"5-inch Round TFT LCD Display \u2013 1080*1080 Resolution Touchscreen - Capacitive Touch Panel - Top Custom LCD, TFT, OLED Display Manufacturer &amp; Supplier in China.\" \/>\n\t\t<meta property=\"og:description\" content=\"Size: 5 inch round lcd touch panel Resolution: 1080*1080 Interface: MIPI Surface treatment: G+FF, 6H Touch IC: GT9271, muti-touch\" \/>\n\t\t<meta property=\"og:url\" content=\"https:\/\/rjoytek.com\/de\/produkt\/5-zoll-rundes-tft-lcd-display\/\" \/>\n\t\t<meta property=\"og:image\" content=\"https:\/\/rjoytek.com\/wp-content\/uploads\/2024\/08\/cropped-LOGO.png\" \/>\n\t\t<meta property=\"og:image:secure_url\" content=\"https:\/\/rjoytek.com\/wp-content\/uploads\/2024\/08\/cropped-LOGO.png\" \/>\n\t\t<meta property=\"og:image:width\" content=\"512\" \/>\n\t\t<meta property=\"og:image:height\" content=\"512\" \/>\n\t\t<meta property=\"article:published_time\" content=\"2023-03-09T08:58:34+00:00\" \/>\n\t\t<meta property=\"article:modified_time\" content=\"2025-03-04T02:36:53+00:00\" \/>\n\t\t<meta property=\"article:publisher\" content=\"https:\/\/www.facebook.com\/RjoytekLCDSolution\" \/>\n\t\t<meta name=\"twitter:card\" content=\"summary_large_image\" \/>\n\t\t<meta name=\"twitter:title\" content=\"5-inch Round TFT LCD Display \u2013 1080*1080 Resolution Touchscreen - Capacitive Touch Panel - Top Custom LCD, TFT, OLED Display Manufacturer &amp; Supplier in China.\" \/>\n\t\t<meta name=\"twitter:description\" content=\"Size: 5 inch round lcd touch panel Resolution: 1080*1080 Interface: MIPI Surface treatment: G+FF, 6H Touch IC: GT9271, muti-touch\" \/>\n\t\t<meta name=\"twitter:image\" content=\"https:\/\/rjoytek.com\/wp-content\/uploads\/2024\/08\/cropped-LOGO.png\" \/>\n\t\t<script type=\"application\/ld+json\" class=\"aioseo-schema\">\n\t\t\t{\"@context\":\"https:\\\/\\\/schema.org\",\"@graph\":[{\"@type\":\"BreadcrumbList\",\"@id\":\"https:\\\/\\\/rjoytek.com\\\/de\\\/produkt\\\/5-zoll-rundes-tft-lcd-display\\\/#breadcrumblist\",\"itemListElement\":[{\"@type\":\"ListItem\",\"@id\":\"https:\\\/\\\/rjoytek.com\\\/de#listItem\",\"position\":1,\"name\":\"Home\",\"item\":\"https:\\\/\\\/rjoytek.com\\\/de\",\"nextItem\":{\"@type\":\"ListItem\",\"@id\":\"https:\\\/\\\/rjoytek.com\\\/de\\\/geschaft\\\/#listItem\",\"name\":\"Shop\"}},{\"@type\":\"ListItem\",\"@id\":\"https:\\\/\\\/rjoytek.com\\\/de\\\/geschaft\\\/#listItem\",\"position\":2,\"name\":\"Shop\",\"item\":\"https:\\\/\\\/rjoytek.com\\\/de\\\/geschaft\\\/\",\"nextItem\":{\"@type\":\"ListItem\",\"@id\":\"https:\\\/\\\/rjoytek.com\\\/de\\\/produkt-kategorie\\\/tft-lcd-displaymodul\\\/#listItem\",\"name\":\"TFT LCD Display Module\"},\"previousItem\":{\"@type\":\"ListItem\",\"@id\":\"https:\\\/\\\/rjoytek.com\\\/de#listItem\",\"name\":\"Home\"}},{\"@type\":\"ListItem\",\"@id\":\"https:\\\/\\\/rjoytek.com\\\/de\\\/produkt-kategorie\\\/tft-lcd-displaymodul\\\/#listItem\",\"position\":3,\"name\":\"TFT LCD Display Module\",\"item\":\"https:\\\/\\\/rjoytek.com\\\/de\\\/produkt-kategorie\\\/tft-lcd-displaymodul\\\/\",\"nextItem\":{\"@type\":\"ListItem\",\"@id\":\"https:\\\/\\\/rjoytek.com\\\/de\\\/produkt\\\/5-zoll-rundes-tft-lcd-display\\\/#listItem\",\"name\":\"5-inch Round TFT LCD Display &#8211; 1080*1080 Resolution Touchscreen\"},\"previousItem\":{\"@type\":\"ListItem\",\"@id\":\"https:\\\/\\\/rjoytek.com\\\/de\\\/geschaft\\\/#listItem\",\"name\":\"Shop\"}},{\"@type\":\"ListItem\",\"@id\":\"https:\\\/\\\/rjoytek.com\\\/de\\\/produkt\\\/5-zoll-rundes-tft-lcd-display\\\/#listItem\",\"position\":4,\"name\":\"5-inch Round TFT LCD Display &#8211; 1080*1080 Resolution Touchscreen\",\"previousItem\":{\"@type\":\"ListItem\",\"@id\":\"https:\\\/\\\/rjoytek.com\\\/de\\\/produkt-kategorie\\\/tft-lcd-displaymodul\\\/#listItem\",\"name\":\"TFT LCD Display Module\"}}]},{\"@type\":\"Organization\",\"@id\":\"https:\\\/\\\/rjoytek.com\\\/de\\\/#organization\",\"name\":\"RJY Display\",\"description\":\"Top Custom LCD, TFT, OLED Display Manufacturer & Supplier in China.\",\"url\":\"https:\\\/\\\/rjoytek.com\\\/de\\\/\",\"telephone\":\"+8618872893408\",\"logo\":{\"@type\":\"ImageObject\",\"url\":\"https:\\\/\\\/rjoytek.com\\\/wp-content\\\/uploads\\\/2025\\\/07\\\/LOGO1-scaled.png\",\"@id\":\"https:\\\/\\\/rjoytek.com\\\/de\\\/produkt\\\/5-zoll-rundes-tft-lcd-display\\\/#organizationLogo\",\"width\":2560,\"height\":416},\"image\":{\"@id\":\"https:\\\/\\\/rjoytek.com\\\/de\\\/produkt\\\/5-zoll-rundes-tft-lcd-display\\\/#organizationLogo\"},\"sameAs\":[\"https:\\\/\\\/www.facebook.com\\\/RjoytekLCDSolution\",\"https:\\\/\\\/www.youtube.com\\\/@lcdsolution-RJOYTEK\",\"https:\\\/\\\/www.linkedin.com\\\/company\\\/rjoytek-lcd-solution\"]},{\"@type\":\"WebPage\",\"@id\":\"https:\\\/\\\/rjoytek.com\\\/de\\\/produkt\\\/5-zoll-rundes-tft-lcd-display\\\/#webpage\",\"url\":\"https:\\\/\\\/rjoytek.com\\\/de\\\/produkt\\\/5-zoll-rundes-tft-lcd-display\\\/\",\"name\":\"5-inch Round TFT LCD Display \\u2013 1080*1080 Resolution Touchscreen - Capacitive Touch Panel - Top Custom LCD, TFT, OLED Display Manufacturer & Supplier in China.\",\"description\":\"Size: 5 inch round lcd touch panel Resolution: 1080*1080 Interface: MIPI Surface treatment: G+FF, 6H Touch IC: GT9271, muti-touch\",\"inLanguage\":\"de-DE\",\"isPartOf\":{\"@id\":\"https:\\\/\\\/rjoytek.com\\\/de\\\/#website\"},\"breadcrumb\":{\"@id\":\"https:\\\/\\\/rjoytek.com\\\/de\\\/produkt\\\/5-zoll-rundes-tft-lcd-display\\\/#breadcrumblist\"},\"image\":{\"@type\":\"ImageObject\",\"url\":\"https:\\\/\\\/rjoytek.com\\\/wp-content\\\/uploads\\\/2023\\\/03\\\/5-inch-lcd-touchscreen.jpg\",\"@id\":\"https:\\\/\\\/rjoytek.com\\\/de\\\/produkt\\\/5-zoll-rundes-tft-lcd-display\\\/#mainImage\",\"width\":1150,\"height\":1095},\"primaryImageOfPage\":{\"@id\":\"https:\\\/\\\/rjoytek.com\\\/de\\\/produkt\\\/5-zoll-rundes-tft-lcd-display\\\/#mainImage\"},\"datePublished\":\"2023-03-09T08:58:34+00:00\",\"dateModified\":\"2025-03-04T02:36:53+00:00\"},{\"@type\":\"WebSite\",\"@id\":\"https:\\\/\\\/rjoytek.com\\\/de\\\/#website\",\"url\":\"https:\\\/\\\/rjoytek.com\\\/de\\\/\",\"name\":\"RJY Display\",\"description\":\"Top Custom LCD, TFT, OLED Display Manufacturer & Supplier in China.\",\"inLanguage\":\"de-DE\",\"publisher\":{\"@id\":\"https:\\\/\\\/rjoytek.com\\\/de\\\/#organization\"}}]}\n\t\t<\/script>\n\t\t<!-- All in One SEO Pro -->\r\n\t\t<title>5-inch Round TFT LCD Display \u2013 1080*1080 Resolution Touchscreen - Capacitive Touch Panel - Top Custom LCD, TFT, OLED Display Manufacturer &amp; Supplier in China.<\/title>\n\n","aioseo_head_json":{"title":"5-Zoll rundes TFT-LCD-Display \u2013 1080*1080 Aufl\u00f6sung Touchscreen \u2013 Kapazitives Touchpanel \u2013 F\u00fchrender kundenspezifischer LCD-, TFT-, OLED-Display-Hersteller &amp; -Lieferant in China.","description":"Gr\u00f6\u00dfe: 5 Zoll rundes LCD-Touchpanel","canonical_url":"https:\/\/rjoytek.com\/de\/produkt\/5-zoll-rundes-tft-lcd-display\/","robots":"max-image-preview:large","keywords":"","webmasterTools":{"miscellaneous":""},"schema":{"@context":"https:\/\/schema.org","@graph":[{"@type":"BreadcrumbList","@id":"https:\/\/rjoytek.com\/de\/produkt\/5-zoll-rundes-tft-lcd-display\/#breadcrumblist","itemListElement":[{"@type":"ListItem","@id":"https:\/\/rjoytek.com\/de#listItem","position":1,"name":"Home","item":"https:\/\/rjoytek.com\/de","nextItem":{"@type":"ListItem","@id":"https:\/\/rjoytek.com\/de\/geschaft\/#listItem","name":"Shop"}},{"@type":"ListItem","@id":"https:\/\/rjoytek.com\/de\/geschaft\/#listItem","position":2,"name":"Shop","item":"https:\/\/rjoytek.com\/de\/geschaft\/","nextItem":{"@type":"ListItem","@id":"https:\/\/rjoytek.com\/de\/produkt-kategorie\/tft-lcd-displaymodul\/#listItem","name":"TFT LCD Display Module"},"previousItem":{"@type":"ListItem","@id":"https:\/\/rjoytek.com\/de#listItem","name":"Home"}},{"@type":"ListItem","@id":"https:\/\/rjoytek.com\/de\/produkt-kategorie\/tft-lcd-displaymodul\/#listItem","position":3,"name":"TFT LCD Display Module","item":"https:\/\/rjoytek.com\/de\/produkt-kategorie\/tft-lcd-displaymodul\/","nextItem":{"@type":"ListItem","@id":"https:\/\/rjoytek.com\/de\/produkt\/5-zoll-rundes-tft-lcd-display\/#listItem","name":"5-inch Round TFT LCD Display &#8211; 1080*1080 Resolution Touchscreen"},"previousItem":{"@type":"ListItem","@id":"https:\/\/rjoytek.com\/de\/geschaft\/#listItem","name":"Shop"}},{"@type":"ListItem","@id":"https:\/\/rjoytek.com\/de\/produkt\/5-zoll-rundes-tft-lcd-display\/#listItem","position":4,"name":"5-inch Round TFT LCD Display &#8211; 1080*1080 Resolution Touchscreen","previousItem":{"@type":"ListItem","@id":"https:\/\/rjoytek.com\/de\/produkt-kategorie\/tft-lcd-displaymodul\/#listItem","name":"TFT LCD Display Module"}}]},{"@type":"Organization","@id":"https:\/\/rjoytek.com\/de\/#organization","name":"RJY Display","description":"Top Custom LCD, TFT, OLED Display Manufacturer & Supplier in China.","url":"https:\/\/rjoytek.com\/de\/","telephone":"+8618872893408","logo":{"@type":"ImageObject","url":"https:\/\/rjoytek.com\/wp-content\/uploads\/2025\/07\/LOGO1-scaled.png","@id":"https:\/\/rjoytek.com\/de\/produkt\/5-zoll-rundes-tft-lcd-display\/#organizationLogo","width":2560,"height":416},"image":{"@id":"https:\/\/rjoytek.com\/de\/produkt\/5-zoll-rundes-tft-lcd-display\/#organizationLogo"},"sameAs":["https:\/\/www.facebook.com\/RjoytekLCDSolution","https:\/\/www.youtube.com\/@lcdsolution-RJOYTEK","https:\/\/www.linkedin.com\/company\/rjoytek-lcd-solution"]},{"@type":"WebPage","@id":"https:\/\/rjoytek.com\/de\/produkt\/5-zoll-rundes-tft-lcd-display\/#webpage","url":"https:\/\/rjoytek.com\/de\/produkt\/5-zoll-rundes-tft-lcd-display\/","name":"5-inch Round TFT LCD Display \u2013 1080*1080 Resolution Touchscreen - Capacitive Touch Panel - Top Custom LCD, TFT, OLED Display Manufacturer & Supplier in China.","description":"Size: 5 inch round lcd touch panel Resolution: 1080*1080 Interface: MIPI Surface treatment: G+FF, 6H Touch IC: GT9271, muti-touch","inLanguage":"de-DE","isPartOf":{"@id":"https:\/\/rjoytek.com\/de\/#website"},"breadcrumb":{"@id":"https:\/\/rjoytek.com\/de\/produkt\/5-zoll-rundes-tft-lcd-display\/#breadcrumblist"},"image":{"@type":"ImageObject","url":"https:\/\/rjoytek.com\/wp-content\/uploads\/2023\/03\/5-inch-lcd-touchscreen.jpg","@id":"https:\/\/rjoytek.com\/de\/produkt\/5-zoll-rundes-tft-lcd-display\/#mainImage","width":1150,"height":1095},"primaryImageOfPage":{"@id":"https:\/\/rjoytek.com\/de\/produkt\/5-zoll-rundes-tft-lcd-display\/#mainImage"},"datePublished":"2023-03-09T08:58:34+00:00","dateModified":"2025-03-04T02:36:53+00:00"},{"@type":"WebSite","@id":"https:\/\/rjoytek.com\/de\/#website","url":"https:\/\/rjoytek.com\/de\/","name":"RJY Display","description":"Top Custom LCD, TFT, OLED Display Manufacturer & Supplier in China.","inLanguage":"de-DE","publisher":{"@id":"https:\/\/rjoytek.com\/de\/#organization"}}]},"og:locale":"de_DE","og:site_name":"RJY Display - Top Custom LCD, TFT, OLED Display Manufacturer &amp; Supplier in China.","og:type":"article","og:title":"5-inch Round TFT LCD Display \u2013 1080*1080 Resolution Touchscreen - Capacitive Touch Panel - Top Custom LCD, TFT, OLED Display Manufacturer &amp; Supplier in China.","og:description":"Size: 5 inch round lcd touch panel Resolution: 1080*1080 Interface: MIPI Surface treatment: G+FF, 6H Touch IC: GT9271, muti-touch","og:url":"https:\/\/rjoytek.com\/de\/produkt\/5-zoll-rundes-tft-lcd-display\/","og:image":"https:\/\/rjoytek.com\/wp-content\/uploads\/2024\/08\/cropped-LOGO.png","og:image:secure_url":"https:\/\/rjoytek.com\/wp-content\/uploads\/2024\/08\/cropped-LOGO.png","og:image:width":512,"og:image:height":512,"article:published_time":"2023-03-09T08:58:34+00:00","article:modified_time":"2025-03-04T02:36:53+00:00","article:publisher":"https:\/\/www.facebook.com\/RjoytekLCDSolution","twitter:card":"summary_large_image","twitter:title":"5-inch Round TFT LCD Display \u2013 1080*1080 Resolution Touchscreen - Capacitive Touch Panel - Top Custom LCD, TFT, OLED Display Manufacturer &amp; Supplier in China.","twitter:description":"Size: 5 inch round lcd touch panel Resolution: 1080*1080 Interface: MIPI Surface treatment: G+FF, 6H Touch IC: GT9271, muti-touch","twitter:image":"https:\/\/rjoytek.com\/wp-content\/uploads\/2024\/08\/cropped-LOGO.png"},"aioseo_meta_data":{"post_id":"7952","title":null,"description":null,"keywords":null,"keyphrases":null,"canonical_url":null,"og_title":null,"og_description":null,"og_object_type":"default","og_image_type":"default","og_image_custom_url":null,"og_image_custom_fields":null,"og_custom_image_width":null,"og_custom_image_height":null,"og_video":null,"og_custom_url":null,"og_article_section":null,"og_article_tags":null,"twitter_use_og":true,"twitter_card":"default","twitter_image_type":"default","twitter_image_custom_url":null,"twitter_image_custom_fields":null,"twitter_title":null,"twitter_description":null,"schema_type":null,"schema_type_options":null,"pillar_content":false,"robots_default":true,"robots_noindex":false,"robots_noarchive":false,"robots_nosnippet":false,"robots_nofollow":false,"robots_noimageindex":false,"robots_noodp":false,"robots_notranslate":false,"robots_max_snippet":null,"robots_max_videopreview":null,"robots_max_imagepreview":"none","tabs":null,"priority":null,"frequency":null,"local_seo":null,"created":"2026-03-24 12:19:21","updated":"2026-04-15 06:48:52"},"aioseo_breadcrumb":"<div class=\"aioseo-breadcrumbs\"><span class=\"aioseo-breadcrumb\">\n\t<a href=\"https:\/\/rjoytek.com\/de\" title=\"Home\">Home<\/a>\n<\/span><span class=\"aioseo-breadcrumb-separator\">\u00bb<\/span><span class=\"aioseo-breadcrumb\">\n\t<a href=\"https:\/\/rjoytek.com\/de\/geschaft\/\" title=\"Shop\">Shop<\/a>\n<\/span><span class=\"aioseo-breadcrumb-separator\">\u00bb<\/span><span class=\"aioseo-breadcrumb\">\n\t<a href=\"https:\/\/rjoytek.com\/de\/produkt-kategorie\/tft-lcd-displaymodul\/\" title=\"TFT LCD Display Module\">TFT LCD Display Module<\/a>\n<\/span><span class=\"aioseo-breadcrumb-separator\">\u00bb<\/span><span class=\"aioseo-breadcrumb\">\n\t5-inch Round TFT LCD Display \u2013 1080*1080 Resolution Touchscreen\n<\/span><\/div>","aioseo_breadcrumb_json":[{"label":"Home","link":"https:\/\/rjoytek.com\/de"},{"label":"Shop","link":"https:\/\/rjoytek.com\/de\/geschaft\/"},{"label":"TFT LCD Display Module","link":"https:\/\/rjoytek.com\/de\/produkt-kategorie\/tft-lcd-displaymodul\/"},{"label":"5-inch Round TFT LCD Display &#8211; 1080*1080 Resolution Touchscreen","link":"https:\/\/rjoytek.com\/de\/produkt\/5-zoll-rundes-tft-lcd-display\/"}],"_links":{"self":[{"href":"https:\/\/rjoytek.com\/de\/wp-json\/wp\/v2\/product\/7952","targetHints":{"allow":["GET"]}}],"collection":[{"href":"https:\/\/rjoytek.com\/de\/wp-json\/wp\/v2\/product"}],"about":[{"href":"https:\/\/rjoytek.com\/de\/wp-json\/wp\/v2\/types\/product"}],"wp:featuredmedia":[{"embeddable":true,"href":"https:\/\/rjoytek.com\/de\/wp-json\/wp\/v2\/media\/7955"}],"wp:attachment":[{"href":"https:\/\/rjoytek.com\/de\/wp-json\/wp\/v2\/media?parent=7952"}],"wp:term":[{"taxonomy":"product_cat","embeddable":true,"href":"https:\/\/rjoytek.com\/de\/wp-json\/wp\/v2\/product_cat?post=7952"},{"taxonomy":"product_tag","embeddable":true,"href":"https:\/\/rjoytek.com\/de\/wp-json\/wp\/v2\/product_tag?post=7952"}],"curies":[{"name":"wp","href":"https:\/\/api.w.org\/{rel}","templated":true}]}}