{"id":7689,"date":"2022-11-28T07:28:22","date_gmt":"2022-11-28T07:28:22","guid":{"rendered":"https:\/\/rjoytek.com\/?post_type=product&#038;p=7689"},"modified":"2025-03-03T06:53:37","modified_gmt":"2025-03-03T06:53:37","slug":"34-zoll-rundes-lcd-display","status":"publish","type":"product","link":"https:\/\/rjoytek.com\/de\/produkt\/34-zoll-rundes-lcd-display\/","title":{"rendered":"3,4-Zoll rundes LCD-Display \u2013 800*800 Aufl\u00f6sung"},"content":{"rendered":"<p style=\"text-align: justify;\">RV034L6M-650-30 ist ein rundes TFT-Display-LCD-Modul mit 800(RGB)x800 Pixeln, 4-Lane-MIPI-Schnittstelle und JD9365DA-Treiber-IC. Dieses runde LCD-Display kann vielseitig in Anwendungen eingesetzt werden, die ein rundes Display erfordern, wie z. B. in der Smart-Home-Steuerung, bei Audioger\u00e4ten mit Vollfarb-Displaypanel und bei Automobil-Tachometern, die eine runde Anzeige ben\u00f6tigen.<\/p>\n<p style=\"text-align: justify;\">Dieses runde Displaypanel ist ohne Touchfunktion, aber eine Touchfunktion kann nach Ihren Anforderungen hinzugef\u00fcgt werden, G+G, G+F, G+FF oder jede andere Anforderung \u2013 teilen Sie uns diese einfach mit.<\/p>\n<p style=\"text-align: justify;\">Es verf\u00fcgt \u00fcber einen breiten Temperaturbereich f\u00fcr Lagerung und Betrieb und unterst\u00fctzt Steuerdisplays, die eine Hoch- oder Niedrigtemperaturumgebung ben\u00f6tigen.<\/p>\n<p style=\"text-align: justify;\">Die Leuchtdichte kann angepasst werden. Der typische Wert betr\u00e4gt bei diesem LCD-Panel 650 cd\/m\u00b2. Wenn Sie sonnenlichtlesbare Helligkeit ben\u00f6tigen, teilen Sie uns bitte Ihre gew\u00fcnschten Spezifikationen mit.<\/p>\n<p>&nbsp;<\/p>\n<p>Um Unternehmen und Zertifikate zu pr\u00fcfen, klicken Sie bitte hier -<a href=\"https:\/\/rjoytek.com\/about\/\">ZERTIFIKATE<\/a><\/p>\n<p>Sehen Sie sich hier 1,3\u2033-10,1\u2033 TFT LCD Displays an -<a href=\"https:\/\/rjoytek.com\/product-category\/tft-lcd-display-module\/0-96-10-1-inch-tft-lcd-module\/\">1,3\u2033-10,1\u2033 LCD-Display<\/a><\/p>\n<p>Sehen Sie sich hier 10,2\u2033-24\u2033 TFT Displays an -<a href=\"https:\/\/rjoytek.com\/product-category\/tft-lcd-display-module\/10-4-23-8-inch-tft-lcd-module\/\">10,2\u2033-24\u2033 TFT-Display<\/a><\/p>\n<p>Sehen Sie sich hier Automobil-LCD-Displays an -<a href=\"https:\/\/rjoytek.com\/lcd-screen-for-car\/\">LCD-Bildschirm f\u00fcr Auto<\/a><\/p>\n<p>Weitere Details? Z\u00f6gern Sie nicht, uns zu kontaktieren!<\/p>","protected":false},"excerpt":{"rendered":"<p>3,4-Zoll rundes TFT-LCD-Modul<\/p>\n<ul>\n<li>Aufl\u00f6sung: 800*800<\/li>\n<li>Schnittstelle: MIPI<\/li>\n<li>Ansteuer-IC: JD9365DA<\/li>\n<li>Farben: 16,7 Mio.<\/li>\n<li>Pin-Anschluss: 20-polig<\/li>\n<\/ul>","protected":false},"featured_media":7694,"template":"","meta":{"_acf_changed":false,"site-sidebar-layout":"default","site-content-layout":"","ast-site-content-layout":"default","site-content-style":"default","site-sidebar-style":"default","ast-global-header-display":"","ast-banner-title-visibility":"","ast-main-header-display":"","ast-hfb-above-header-display":"","ast-hfb-below-header-display":"","ast-hfb-mobile-header-display":"","site-post-title":"","ast-breadcrumbs-content":"","ast-featured-img":"","footer-sml-layout":"","ast-disable-related-posts":"","theme-transparent-header-meta":"","adv-header-id-meta":"","stick-header-meta":"","header-above-stick-meta":"","header-main-stick-meta":"","header-below-stick-meta":"","astra-migrate-meta-layouts":"default","ast-page-background-enabled":"default","ast-page-background-meta":{"desktop":{"background-color":"var(--ast-global-color-5)","background-image":"","background-repeat":"repeat","background-position":"center center","background-size":"auto","background-attachment":"scroll","background-type":"","background-media":"","overlay-type":"","overlay-color":"","overlay-opacity":"","overlay-gradient":""},"tablet":{"background-color":"","background-image":"","background-repeat":"repeat","background-position":"center center","background-size":"auto","background-attachment":"scroll","background-type":"","background-media":"","overlay-type":"","overlay-color":"","overlay-opacity":"","overlay-gradient":""},"mobile":{"background-color":"","background-image":"","background-repeat":"repeat","background-position":"center center","background-size":"auto","background-attachment":"scroll","background-type":"","background-media":"","overlay-type":"","overlay-color":"","overlay-opacity":"","overlay-gradient":""}},"ast-content-background-meta":{"desktop":{"background-color":"var(--ast-global-color-4)","background-image":"","background-repeat":"repeat","background-position":"center center","background-size":"auto","background-attachment":"scroll","background-type":"","background-media":"","overlay-type":"","overlay-color":"","overlay-opacity":"","overlay-gradient":""},"tablet":{"background-color":"var(--ast-global-color-4)","background-image":"","background-repeat":"repeat","background-position":"center center","background-size":"auto","background-attachment":"scroll","background-type":"","background-media":"","overlay-type":"","overlay-color":"","overlay-opacity":"","overlay-gradient":""},"mobile":{"background-color":"var(--ast-global-color-4)","background-image":"","background-repeat":"repeat","background-position":"center center","background-size":"auto","background-attachment":"scroll","background-type":"","background-media":"","overlay-type":"","overlay-color":"","overlay-opacity":"","overlay-gradient":""}}},"product_cat":[128,15],"product_tag":[242,182,243],"class_list":{"0":"post-7689","1":"product","2":"type-product","3":"status-publish","4":"has-post-thumbnail","6":"product_cat-round-lcd-display","7":"product_cat-tft-lcd-display-module","8":"product_tag-3-4-inch-lcd-display","9":"product_tag-circular-lcd-display","10":"product_tag-round-lcd-panel","11":"pa_interface-mipi","12":"pa_resolution-800x800","13":"pa_size-3-4","14":"pa_wide-temperature-yes","15":"desktop-align-left","16":"tablet-align-left","17":"mobile-align-left","18":"ast-product-gallery-layout-horizontal-slider","19":"ast-magnify-disabled","20":"ast-qv-on-image","22":"first","23":"instock","24":"shipping-taxable","25":"product-type-simple"},"acf":[],"aioseo_notices":[],"aioseo_head":"\n\t\t<!-- All in One SEO Pro 4.8.3.2 - aioseo.com -->\n\t<meta name=\"description\" content=\"3.4 inch circular tft lcd module Resolution: 800*800 Interface: MIPI Drive IC: JD9365DA Color: 16.7M Pin connect: 20pin\" \/>\n\t<meta name=\"robots\" content=\"max-image-preview:large\" \/>\n\t<link rel=\"canonical\" href=\"https:\/\/rjoytek.com\/de\/produkt\/34-zoll-rundes-lcd-display\/\" \/>\n\t<meta name=\"generator\" content=\"All in One SEO Pro (AIOSEO) 4.8.3.2\" \/>\n\t\t<meta property=\"og:locale\" content=\"de_DE\" \/>\n\t\t<meta property=\"og:site_name\" content=\"RJY Display - Top Custom LCD, TFT, OLED Display Manufacturer &amp; Supplier in China.\" \/>\n\t\t<meta property=\"og:type\" content=\"article\" \/>\n\t\t<meta property=\"og:title\" content=\"3.4-inch Round LCD Display \u2013 800*800 Resolution - Round LCD Display - Top Custom LCD, TFT, OLED Display Manufacturer &amp; Supplier in China.\" \/>\n\t\t<meta property=\"og:description\" content=\"3.4 inch circular tft lcd module Resolution: 800*800 Interface: MIPI Drive IC: JD9365DA Color: 16.7M Pin connect: 20pin\" \/>\n\t\t<meta property=\"og:url\" content=\"https:\/\/rjoytek.com\/de\/produkt\/34-zoll-rundes-lcd-display\/\" \/>\n\t\t<meta property=\"og:image\" content=\"https:\/\/rjoytek.com\/wp-content\/uploads\/2024\/08\/cropped-LOGO.png\" \/>\n\t\t<meta property=\"og:image:secure_url\" content=\"https:\/\/rjoytek.com\/wp-content\/uploads\/2024\/08\/cropped-LOGO.png\" \/>\n\t\t<meta property=\"og:image:width\" content=\"512\" \/>\n\t\t<meta property=\"og:image:height\" content=\"512\" \/>\n\t\t<meta property=\"article:published_time\" content=\"2022-11-28T07:28:22+00:00\" \/>\n\t\t<meta property=\"article:modified_time\" content=\"2025-03-03T06:53:37+00:00\" \/>\n\t\t<meta property=\"article:publisher\" content=\"https:\/\/www.facebook.com\/RjoytekLCDSolution\" \/>\n\t\t<meta name=\"twitter:card\" content=\"summary_large_image\" \/>\n\t\t<meta name=\"twitter:title\" content=\"3.4-inch Round LCD Display \u2013 800*800 Resolution - Round LCD Display - Top Custom LCD, TFT, OLED Display Manufacturer &amp; Supplier in China.\" \/>\n\t\t<meta name=\"twitter:description\" content=\"3.4 inch circular tft lcd module Resolution: 800*800 Interface: MIPI Drive IC: JD9365DA Color: 16.7M Pin connect: 20pin\" \/>\n\t\t<meta name=\"twitter:image\" content=\"https:\/\/rjoytek.com\/wp-content\/uploads\/2024\/08\/cropped-LOGO.png\" \/>\n\t\t<script type=\"application\/ld+json\" class=\"aioseo-schema\">\n\t\t\t{\"@context\":\"https:\\\/\\\/schema.org\",\"@graph\":[{\"@type\":\"BreadcrumbList\",\"@id\":\"https:\\\/\\\/rjoytek.com\\\/de\\\/produkt\\\/34-zoll-rundes-lcd-display\\\/#breadcrumblist\",\"itemListElement\":[{\"@type\":\"ListItem\",\"@id\":\"https:\\\/\\\/rjoytek.com\\\/de#listItem\",\"position\":1,\"name\":\"Home\",\"item\":\"https:\\\/\\\/rjoytek.com\\\/de\",\"nextItem\":{\"@type\":\"ListItem\",\"@id\":\"https:\\\/\\\/rjoytek.com\\\/de\\\/geschaft\\\/#listItem\",\"name\":\"Shop\"}},{\"@type\":\"ListItem\",\"@id\":\"https:\\\/\\\/rjoytek.com\\\/de\\\/geschaft\\\/#listItem\",\"position\":2,\"name\":\"Shop\",\"item\":\"https:\\\/\\\/rjoytek.com\\\/de\\\/geschaft\\\/\",\"nextItem\":{\"@type\":\"ListItem\",\"@id\":\"https:\\\/\\\/rjoytek.com\\\/de\\\/produkt-kategorie\\\/tft-lcd-displaymodul\\\/#listItem\",\"name\":\"TFT LCD Display Module\"},\"previousItem\":{\"@type\":\"ListItem\",\"@id\":\"https:\\\/\\\/rjoytek.com\\\/de#listItem\",\"name\":\"Home\"}},{\"@type\":\"ListItem\",\"@id\":\"https:\\\/\\\/rjoytek.com\\\/de\\\/produkt-kategorie\\\/tft-lcd-displaymodul\\\/#listItem\",\"position\":3,\"name\":\"TFT LCD Display Module\",\"item\":\"https:\\\/\\\/rjoytek.com\\\/de\\\/produkt-kategorie\\\/tft-lcd-displaymodul\\\/\",\"nextItem\":{\"@type\":\"ListItem\",\"@id\":\"https:\\\/\\\/rjoytek.com\\\/de\\\/produkt\\\/34-zoll-rundes-lcd-display\\\/#listItem\",\"name\":\"3.4-inch Round LCD Display &#8211; 800*800 Resolution\"},\"previousItem\":{\"@type\":\"ListItem\",\"@id\":\"https:\\\/\\\/rjoytek.com\\\/de\\\/geschaft\\\/#listItem\",\"name\":\"Shop\"}},{\"@type\":\"ListItem\",\"@id\":\"https:\\\/\\\/rjoytek.com\\\/de\\\/produkt\\\/34-zoll-rundes-lcd-display\\\/#listItem\",\"position\":4,\"name\":\"3.4-inch Round LCD Display &#8211; 800*800 Resolution\",\"previousItem\":{\"@type\":\"ListItem\",\"@id\":\"https:\\\/\\\/rjoytek.com\\\/de\\\/produkt-kategorie\\\/tft-lcd-displaymodul\\\/#listItem\",\"name\":\"TFT LCD Display Module\"}}]},{\"@type\":\"Organization\",\"@id\":\"https:\\\/\\\/rjoytek.com\\\/de\\\/#organization\",\"name\":\"RJY Display\",\"description\":\"Top Custom LCD, TFT, OLED Display Manufacturer & Supplier in China.\",\"url\":\"https:\\\/\\\/rjoytek.com\\\/de\\\/\",\"telephone\":\"+8618872893408\",\"logo\":{\"@type\":\"ImageObject\",\"url\":\"https:\\\/\\\/rjoytek.com\\\/wp-content\\\/uploads\\\/2025\\\/07\\\/LOGO1-scaled.png\",\"@id\":\"https:\\\/\\\/rjoytek.com\\\/de\\\/produkt\\\/34-zoll-rundes-lcd-display\\\/#organizationLogo\",\"width\":2560,\"height\":416},\"image\":{\"@id\":\"https:\\\/\\\/rjoytek.com\\\/de\\\/produkt\\\/34-zoll-rundes-lcd-display\\\/#organizationLogo\"},\"sameAs\":[\"https:\\\/\\\/www.facebook.com\\\/RjoytekLCDSolution\",\"https:\\\/\\\/www.youtube.com\\\/@lcdsolution-RJOYTEK\",\"https:\\\/\\\/www.linkedin.com\\\/company\\\/rjoytek-lcd-solution\"]},{\"@type\":\"WebPage\",\"@id\":\"https:\\\/\\\/rjoytek.com\\\/de\\\/produkt\\\/34-zoll-rundes-lcd-display\\\/#webpage\",\"url\":\"https:\\\/\\\/rjoytek.com\\\/de\\\/produkt\\\/34-zoll-rundes-lcd-display\\\/\",\"name\":\"3.4-inch Round LCD Display \\u2013 800*800 Resolution - Round LCD Display - Top Custom LCD, TFT, OLED Display Manufacturer & Supplier in China.\",\"description\":\"3.4 inch circular tft lcd module Resolution: 800*800 Interface: MIPI Drive IC: JD9365DA Color: 16.7M Pin connect: 20pin\",\"inLanguage\":\"de-DE\",\"isPartOf\":{\"@id\":\"https:\\\/\\\/rjoytek.com\\\/de\\\/#website\"},\"breadcrumb\":{\"@id\":\"https:\\\/\\\/rjoytek.com\\\/de\\\/produkt\\\/34-zoll-rundes-lcd-display\\\/#breadcrumblist\"},\"image\":{\"@type\":\"ImageObject\",\"url\":\"https:\\\/\\\/rjoytek.com\\\/wp-content\\\/uploads\\\/2022\\\/11\\\/3.4-inch-lcd-display.jpg\",\"@id\":\"https:\\\/\\\/rjoytek.com\\\/de\\\/produkt\\\/34-zoll-rundes-lcd-display\\\/#mainImage\",\"width\":800,\"height\":800},\"primaryImageOfPage\":{\"@id\":\"https:\\\/\\\/rjoytek.com\\\/de\\\/produkt\\\/34-zoll-rundes-lcd-display\\\/#mainImage\"},\"datePublished\":\"2022-11-28T07:28:22+00:00\",\"dateModified\":\"2025-03-03T06:53:37+00:00\"},{\"@type\":\"WebSite\",\"@id\":\"https:\\\/\\\/rjoytek.com\\\/de\\\/#website\",\"url\":\"https:\\\/\\\/rjoytek.com\\\/de\\\/\",\"name\":\"RJY Display\",\"description\":\"Top Custom LCD, TFT, OLED Display Manufacturer & Supplier in China.\",\"inLanguage\":\"de-DE\",\"publisher\":{\"@id\":\"https:\\\/\\\/rjoytek.com\\\/de\\\/#organization\"}}]}\n\t\t<\/script>\n\t\t<!-- All in One SEO Pro -->\r\n\t\t<title>3.4-inch Round LCD Display \u2013 800*800 Resolution - Round LCD Display - Top Custom LCD, TFT, OLED Display Manufacturer &amp; Supplier in China.<\/title>\n\n","aioseo_head_json":{"title":"3,4-Zoll rundes LCD-Display \u2013 800*800 Aufl\u00f6sung \u2013 Rundes LCD-Display \u2013 F\u00fchrender kundenspezifischer LCD-, TFT- und OLED-Display-Hersteller &amp; -Anbieter in China.","description":"3,4-Zoll rundes TFT-LCD-Modul","canonical_url":"https:\/\/rjoytek.com\/de\/produkt\/34-zoll-rundes-lcd-display\/","robots":"max-image-preview:large","keywords":"","webmasterTools":{"miscellaneous":""},"schema":{"@context":"https:\/\/schema.org","@graph":[{"@type":"BreadcrumbList","@id":"https:\/\/rjoytek.com\/de\/produkt\/34-zoll-rundes-lcd-display\/#breadcrumblist","itemListElement":[{"@type":"ListItem","@id":"https:\/\/rjoytek.com\/de#listItem","position":1,"name":"Home","item":"https:\/\/rjoytek.com\/de","nextItem":{"@type":"ListItem","@id":"https:\/\/rjoytek.com\/de\/geschaft\/#listItem","name":"Shop"}},{"@type":"ListItem","@id":"https:\/\/rjoytek.com\/de\/geschaft\/#listItem","position":2,"name":"Shop","item":"https:\/\/rjoytek.com\/de\/geschaft\/","nextItem":{"@type":"ListItem","@id":"https:\/\/rjoytek.com\/de\/produkt-kategorie\/tft-lcd-displaymodul\/#listItem","name":"TFT LCD Display Module"},"previousItem":{"@type":"ListItem","@id":"https:\/\/rjoytek.com\/de#listItem","name":"Home"}},{"@type":"ListItem","@id":"https:\/\/rjoytek.com\/de\/produkt-kategorie\/tft-lcd-displaymodul\/#listItem","position":3,"name":"TFT LCD Display Module","item":"https:\/\/rjoytek.com\/de\/produkt-kategorie\/tft-lcd-displaymodul\/","nextItem":{"@type":"ListItem","@id":"https:\/\/rjoytek.com\/de\/produkt\/34-zoll-rundes-lcd-display\/#listItem","name":"3.4-inch Round LCD Display &#8211; 800*800 Resolution"},"previousItem":{"@type":"ListItem","@id":"https:\/\/rjoytek.com\/de\/geschaft\/#listItem","name":"Shop"}},{"@type":"ListItem","@id":"https:\/\/rjoytek.com\/de\/produkt\/34-zoll-rundes-lcd-display\/#listItem","position":4,"name":"3.4-inch Round LCD Display &#8211; 800*800 Resolution","previousItem":{"@type":"ListItem","@id":"https:\/\/rjoytek.com\/de\/produkt-kategorie\/tft-lcd-displaymodul\/#listItem","name":"TFT LCD Display Module"}}]},{"@type":"Organization","@id":"https:\/\/rjoytek.com\/de\/#organization","name":"RJY Display","description":"Top Custom LCD, TFT, OLED Display Manufacturer & Supplier in China.","url":"https:\/\/rjoytek.com\/de\/","telephone":"+8618872893408","logo":{"@type":"ImageObject","url":"https:\/\/rjoytek.com\/wp-content\/uploads\/2025\/07\/LOGO1-scaled.png","@id":"https:\/\/rjoytek.com\/de\/produkt\/34-zoll-rundes-lcd-display\/#organizationLogo","width":2560,"height":416},"image":{"@id":"https:\/\/rjoytek.com\/de\/produkt\/34-zoll-rundes-lcd-display\/#organizationLogo"},"sameAs":["https:\/\/www.facebook.com\/RjoytekLCDSolution","https:\/\/www.youtube.com\/@lcdsolution-RJOYTEK","https:\/\/www.linkedin.com\/company\/rjoytek-lcd-solution"]},{"@type":"WebPage","@id":"https:\/\/rjoytek.com\/de\/produkt\/34-zoll-rundes-lcd-display\/#webpage","url":"https:\/\/rjoytek.com\/de\/produkt\/34-zoll-rundes-lcd-display\/","name":"3.4-inch Round LCD Display \u2013 800*800 Resolution - Round LCD Display - Top Custom LCD, TFT, OLED Display Manufacturer & Supplier in China.","description":"3.4 inch circular tft lcd module Resolution: 800*800 Interface: MIPI Drive IC: JD9365DA Color: 16.7M Pin connect: 20pin","inLanguage":"de-DE","isPartOf":{"@id":"https:\/\/rjoytek.com\/de\/#website"},"breadcrumb":{"@id":"https:\/\/rjoytek.com\/de\/produkt\/34-zoll-rundes-lcd-display\/#breadcrumblist"},"image":{"@type":"ImageObject","url":"https:\/\/rjoytek.com\/wp-content\/uploads\/2022\/11\/3.4-inch-lcd-display.jpg","@id":"https:\/\/rjoytek.com\/de\/produkt\/34-zoll-rundes-lcd-display\/#mainImage","width":800,"height":800},"primaryImageOfPage":{"@id":"https:\/\/rjoytek.com\/de\/produkt\/34-zoll-rundes-lcd-display\/#mainImage"},"datePublished":"2022-11-28T07:28:22+00:00","dateModified":"2025-03-03T06:53:37+00:00"},{"@type":"WebSite","@id":"https:\/\/rjoytek.com\/de\/#website","url":"https:\/\/rjoytek.com\/de\/","name":"RJY Display","description":"Top Custom LCD, TFT, OLED Display Manufacturer & Supplier in China.","inLanguage":"de-DE","publisher":{"@id":"https:\/\/rjoytek.com\/de\/#organization"}}]},"og:locale":"de_DE","og:site_name":"RJY Display - Top Custom LCD, TFT, OLED Display Manufacturer &amp; Supplier in China.","og:type":"article","og:title":"3.4-inch Round LCD Display \u2013 800*800 Resolution - Round LCD Display - Top Custom LCD, TFT, OLED Display Manufacturer &amp; Supplier in China.","og:description":"3.4 inch circular tft lcd module Resolution: 800*800 Interface: MIPI Drive IC: JD9365DA Color: 16.7M Pin connect: 20pin","og:url":"https:\/\/rjoytek.com\/de\/produkt\/34-zoll-rundes-lcd-display\/","og:image":"https:\/\/rjoytek.com\/wp-content\/uploads\/2024\/08\/cropped-LOGO.png","og:image:secure_url":"https:\/\/rjoytek.com\/wp-content\/uploads\/2024\/08\/cropped-LOGO.png","og:image:width":512,"og:image:height":512,"article:published_time":"2022-11-28T07:28:22+00:00","article:modified_time":"2025-03-03T06:53:37+00:00","article:publisher":"https:\/\/www.facebook.com\/RjoytekLCDSolution","twitter:card":"summary_large_image","twitter:title":"3.4-inch Round LCD Display \u2013 800*800 Resolution - Round LCD Display - Top Custom LCD, TFT, OLED Display Manufacturer &amp; Supplier in China.","twitter:description":"3.4 inch circular tft lcd module Resolution: 800*800 Interface: MIPI Drive IC: JD9365DA Color: 16.7M Pin connect: 20pin","twitter:image":"https:\/\/rjoytek.com\/wp-content\/uploads\/2024\/08\/cropped-LOGO.png"},"aioseo_meta_data":{"post_id":"7689","title":null,"description":null,"keywords":null,"keyphrases":null,"canonical_url":null,"og_title":null,"og_description":null,"og_object_type":"default","og_image_type":"default","og_image_custom_url":null,"og_image_custom_fields":null,"og_custom_image_width":null,"og_custom_image_height":null,"og_video":null,"og_custom_url":null,"og_article_section":null,"og_article_tags":null,"twitter_use_og":true,"twitter_card":"default","twitter_image_type":"default","twitter_image_custom_url":null,"twitter_image_custom_fields":null,"twitter_title":null,"twitter_description":null,"schema_type":null,"schema_type_options":null,"pillar_content":false,"robots_default":true,"robots_noindex":false,"robots_noarchive":false,"robots_nosnippet":false,"robots_nofollow":false,"robots_noimageindex":false,"robots_noodp":false,"robots_notranslate":false,"robots_max_snippet":null,"robots_max_videopreview":null,"robots_max_imagepreview":"none","tabs":null,"priority":null,"frequency":null,"local_seo":null,"created":"2026-03-20 04:15:49","updated":"2026-04-15 09:57:35"},"aioseo_breadcrumb":"<div class=\"aioseo-breadcrumbs\"><span class=\"aioseo-breadcrumb\">\n\t<a href=\"https:\/\/rjoytek.com\/de\" title=\"Home\">Home<\/a>\n<\/span><span class=\"aioseo-breadcrumb-separator\">\u00bb<\/span><span class=\"aioseo-breadcrumb\">\n\t<a href=\"https:\/\/rjoytek.com\/de\/geschaft\/\" title=\"Shop\">Shop<\/a>\n<\/span><span class=\"aioseo-breadcrumb-separator\">\u00bb<\/span><span class=\"aioseo-breadcrumb\">\n\t<a href=\"https:\/\/rjoytek.com\/de\/produkt-kategorie\/tft-lcd-displaymodul\/\" title=\"TFT LCD Display Module\">TFT LCD Display Module<\/a>\n<\/span><span class=\"aioseo-breadcrumb-separator\">\u00bb<\/span><span class=\"aioseo-breadcrumb\">\n\t3.4-inch Round LCD Display \u2013 800*800 Resolution\n<\/span><\/div>","aioseo_breadcrumb_json":[{"label":"Home","link":"https:\/\/rjoytek.com\/de"},{"label":"Shop","link":"https:\/\/rjoytek.com\/de\/geschaft\/"},{"label":"TFT LCD Display Module","link":"https:\/\/rjoytek.com\/de\/produkt-kategorie\/tft-lcd-displaymodul\/"},{"label":"3.4-inch Round LCD Display &#8211; 800*800 Resolution","link":"https:\/\/rjoytek.com\/de\/produkt\/34-zoll-rundes-lcd-display\/"}],"_links":{"self":[{"href":"https:\/\/rjoytek.com\/de\/wp-json\/wp\/v2\/product\/7689","targetHints":{"allow":["GET"]}}],"collection":[{"href":"https:\/\/rjoytek.com\/de\/wp-json\/wp\/v2\/product"}],"about":[{"href":"https:\/\/rjoytek.com\/de\/wp-json\/wp\/v2\/types\/product"}],"wp:featuredmedia":[{"embeddable":true,"href":"https:\/\/rjoytek.com\/de\/wp-json\/wp\/v2\/media\/7694"}],"wp:attachment":[{"href":"https:\/\/rjoytek.com\/de\/wp-json\/wp\/v2\/media?parent=7689"}],"wp:term":[{"taxonomy":"product_cat","embeddable":true,"href":"https:\/\/rjoytek.com\/de\/wp-json\/wp\/v2\/product_cat?post=7689"},{"taxonomy":"product_tag","embeddable":true,"href":"https:\/\/rjoytek.com\/de\/wp-json\/wp\/v2\/product_tag?post=7689"}],"curies":[{"name":"wp","href":"https:\/\/api.w.org\/{rel}","templated":true}]}}