{"id":7493,"date":"2022-10-09T07:32:32","date_gmt":"2022-10-09T07:32:32","guid":{"rendered":"https:\/\/rjoytek.com\/?post_type=product&#038;p=7493"},"modified":"2025-03-03T06:59:45","modified_gmt":"2025-03-03T06:59:45","slug":"5-zoll-tft-lcd-displaymodul","status":"publish","type":"product","link":"https:\/\/rjoytek.com\/de\/produkt\/5-zoll-tft-lcd-displaymodul\/","title":{"rendered":"5-Zoll-TFT-LCD-Displaymodul \u2013 480*854 Aufl\u00f6sung, mit Treiberplatine"},"content":{"rendered":"<p style=\"text-align: justify;\">Dieses 5-Zoll-TFT-LCD-Displaypanel ist ein quadratisches Modell mit 480*854 Aufl\u00f6sung, RGB-Schnittstelle und wei\u00dfer LED-Hintergrundbeleuchtung f\u00fcr alle Betrachtungsrichtungen. Die Leuchtdichte betr\u00e4gt 300 nit, ohne Touchpanel. Bei Bedarf kann jedoch ein Touchpanel (RTP oder CTP) kundenspezifisch angepasst werden. Die Schnittstelle kann entsprechend Ihren Anforderungen ge\u00e4ndert werden, und die Helligkeit kann ebenfalls nach Ihren W\u00fcnschen angepasst werden. Teilen Sie uns einfach weitere Details mit.<\/p>\n<p>Wir bieten verschiedene Arten von LCD-Steuerplatinen und Schnittstellenadapterplatinen an. Bitte teilen Sie uns Ihre spezifischen Anforderungen mit, wenn Sie ein LCD-Modul kaufen.<\/p>\n<p>&nbsp;<\/p>\n<p><img fetchpriority=\"high\" decoding=\"async\" class=\"size-full wp-image-7320 aligncenter\" src=\"https:\/\/rjoytek.com\/wp-content\/uploads\/2022\/08\/RJOYTEK-certification.jpg\" alt=\"RJOYTEK-Zertifizierung\" width=\"1920\" height=\"1326\" srcset=\"https:\/\/rjoytek.com\/wp-content\/uploads\/2022\/08\/RJOYTEK-certification.jpg 1920w, https:\/\/rjoytek.com\/wp-content\/uploads\/2022\/08\/RJOYTEK-certification-1000x691.jpg 1000w, https:\/\/rjoytek.com\/wp-content\/uploads\/2022\/08\/RJOYTEK-certification-300x207.jpg 300w, https:\/\/rjoytek.com\/wp-content\/uploads\/2022\/08\/RJOYTEK-certification-1024x707.jpg 1024w, https:\/\/rjoytek.com\/wp-content\/uploads\/2022\/08\/RJOYTEK-certification-1536x1061.jpg 1536w, https:\/\/rjoytek.com\/wp-content\/uploads\/2022\/08\/RJOYTEK-certification-600x414.jpg 600w\" sizes=\"(max-width: 1920px) 100vw, 1920px\" \/><\/p>\n<p>&nbsp;<\/p>\n<p><strong>WEITERE PRODUKTE HIER<\/strong><\/p>\n<table style=\"border-collapse: collapse; width: 100%;\">\n<tbody>\n<tr>\n<td style=\"width: 33.3333%;\"><a href=\"https:\/\/rjoytek.com\/product\/universal-lcd-display-control-board-hdmi-to-mipi-controller-board-kit\/\"><img decoding=\"async\" class=\"size-full wp-image-7726 aligncenter\" src=\"https:\/\/rjoytek.com\/wp-content\/uploads\/2022\/11\/lcd-control-board.jpg\" alt=\"\" width=\"800\" height=\"800\" srcset=\"https:\/\/rjoytek.com\/wp-content\/uploads\/2022\/11\/lcd-control-board.jpg 800w, https:\/\/rjoytek.com\/wp-content\/uploads\/2022\/11\/lcd-control-board-200x200.jpg 200w, https:\/\/rjoytek.com\/wp-content\/uploads\/2022\/11\/lcd-control-board-300x300.jpg 300w, https:\/\/rjoytek.com\/wp-content\/uploads\/2022\/11\/lcd-control-board-150x150.jpg 150w, https:\/\/rjoytek.com\/wp-content\/uploads\/2022\/11\/lcd-control-board-230x230.jpg 230w, https:\/\/rjoytek.com\/wp-content\/uploads\/2022\/11\/lcd-control-board-70x70.jpg 70w, https:\/\/rjoytek.com\/wp-content\/uploads\/2022\/11\/lcd-control-board-315x315.jpg 315w, https:\/\/rjoytek.com\/wp-content\/uploads\/2022\/11\/lcd-control-board-600x600.jpg 600w, https:\/\/rjoytek.com\/wp-content\/uploads\/2022\/11\/lcd-control-board-100x100.jpg 100w\" sizes=\"(max-width: 800px) 100vw, 800px\" \/><\/a><\/td>\n<td style=\"width: 33.3333%;\"><a href=\"https:\/\/rjoytek.com\/product\/rjoytek-5-inch-round-1080p-tft-lcd-panel-lcd-module\/\"><img decoding=\"async\" class=\"size-full wp-image-7691 aligncenter\" src=\"https:\/\/rjoytek.com\/wp-content\/uploads\/2022\/11\/5-inch-round-tft-display.jpg\" alt=\"\" width=\"800\" height=\"800\" srcset=\"https:\/\/rjoytek.com\/wp-content\/uploads\/2022\/11\/5-inch-round-tft-display.jpg 800w, https:\/\/rjoytek.com\/wp-content\/uploads\/2022\/11\/5-inch-round-tft-display-200x200.jpg 200w, https:\/\/rjoytek.com\/wp-content\/uploads\/2022\/11\/5-inch-round-tft-display-300x300.jpg 300w, https:\/\/rjoytek.com\/wp-content\/uploads\/2022\/11\/5-inch-round-tft-display-150x150.jpg 150w, https:\/\/rjoytek.com\/wp-content\/uploads\/2022\/11\/5-inch-round-tft-display-230x230.jpg 230w, https:\/\/rjoytek.com\/wp-content\/uploads\/2022\/11\/5-inch-round-tft-display-70x70.jpg 70w, https:\/\/rjoytek.com\/wp-content\/uploads\/2022\/11\/5-inch-round-tft-display-315x315.jpg 315w, https:\/\/rjoytek.com\/wp-content\/uploads\/2022\/11\/5-inch-round-tft-display-600x600.jpg 600w, https:\/\/rjoytek.com\/wp-content\/uploads\/2022\/11\/5-inch-round-tft-display-100x100.jpg 100w\" sizes=\"(max-width: 800px) 100vw, 800px\" \/><\/a><\/td>\n<td style=\"width: 33.3333%;\"><a href=\"https:\/\/rjoytek.com\/product\/3-4-inch-round-lcd-display-800800-tft-lcd-module\/\"><img loading=\"lazy\" decoding=\"async\" class=\"size-full wp-image-7694 aligncenter\" src=\"https:\/\/rjoytek.com\/wp-content\/uploads\/2022\/11\/3.4-inch-lcd-display.jpg\" alt=\"\" width=\"800\" height=\"800\" srcset=\"https:\/\/rjoytek.com\/wp-content\/uploads\/2022\/11\/3.4-inch-lcd-display.jpg 800w, https:\/\/rjoytek.com\/wp-content\/uploads\/2022\/11\/3.4-inch-lcd-display-200x200.jpg 200w, https:\/\/rjoytek.com\/wp-content\/uploads\/2022\/11\/3.4-inch-lcd-display-300x300.jpg 300w, https:\/\/rjoytek.com\/wp-content\/uploads\/2022\/11\/3.4-inch-lcd-display-150x150.jpg 150w, https:\/\/rjoytek.com\/wp-content\/uploads\/2022\/11\/3.4-inch-lcd-display-230x230.jpg 230w, https:\/\/rjoytek.com\/wp-content\/uploads\/2022\/11\/3.4-inch-lcd-display-70x70.jpg 70w, https:\/\/rjoytek.com\/wp-content\/uploads\/2022\/11\/3.4-inch-lcd-display-315x315.jpg 315w, https:\/\/rjoytek.com\/wp-content\/uploads\/2022\/11\/3.4-inch-lcd-display-600x600.jpg 600w, https:\/\/rjoytek.com\/wp-content\/uploads\/2022\/11\/3.4-inch-lcd-display-100x100.jpg 100w\" sizes=\"(max-width: 800px) 100vw, 800px\" \/><\/a><\/td>\n<\/tr>\n<tr>\n<td style=\"width: 33.3333%; text-align: center;\">LCD-Steuerplatine mit 1,89-Zoll-LCD-Display<\/td>\n<td style=\"width: 33.3333%; text-align: center;\">5-Zoll-Rundes-LCD-TFT-Display<\/td>\n<td style=\"width: 33.3333%; text-align: center;\">3,4-Zoll-800*800-Rundes-TFT-Displaymodul<\/td>\n<\/tr>\n<\/tbody>\n<\/table>\n<p>&nbsp;<\/p>","protected":false},"excerpt":{"rendered":"<ul>\n<li>Abmessungen: 5 Zoll 480*854 LCD-Panel<\/li>\n<li>Helligkeit: 300 nit<\/li>\n<li>Schnittstelle: RGB<\/li>\n<li>Treiber-IC: ST7701<\/li>\n<li>Betrachtungsrichtung: Alle<\/li>\n<\/ul>","protected":false},"featured_media":7495,"template":"","meta":{"_acf_changed":false,"site-sidebar-layout":"default","site-content-layout":"","ast-site-content-layout":"default","site-content-style":"default","site-sidebar-style":"default","ast-global-header-display":"","ast-banner-title-visibility":"","ast-main-header-display":"","ast-hfb-above-header-display":"","ast-hfb-below-header-display":"","ast-hfb-mobile-header-display":"","site-post-title":"","ast-breadcrumbs-content":"","ast-featured-img":"","footer-sml-layout":"","ast-disable-related-posts":"","theme-transparent-header-meta":"","adv-header-id-meta":"","stick-header-meta":"","header-above-stick-meta":"","header-main-stick-meta":"","header-below-stick-meta":"","astra-migrate-meta-layouts":"default","ast-page-background-enabled":"default","ast-page-background-meta":{"desktop":{"background-color":"var(--ast-global-color-5)","background-image":"","background-repeat":"repeat","background-position":"center center","background-size":"auto","background-attachment":"scroll","background-type":"","background-media":"","overlay-type":"","overlay-color":"","overlay-opacity":"","overlay-gradient":""},"tablet":{"background-color":"","background-image":"","background-repeat":"repeat","background-position":"center center","background-size":"auto","background-attachment":"scroll","background-type":"","background-media":"","overlay-type":"","overlay-color":"","overlay-opacity":"","overlay-gradient":""},"mobile":{"background-color":"","background-image":"","background-repeat":"repeat","background-position":"center center","background-size":"auto","background-attachment":"scroll","background-type":"","background-media":"","overlay-type":"","overlay-color":"","overlay-opacity":"","overlay-gradient":""}},"ast-content-background-meta":{"desktop":{"background-color":"var(--ast-global-color-4)","background-image":"","background-repeat":"repeat","background-position":"center center","background-size":"auto","background-attachment":"scroll","background-type":"","background-media":"","overlay-type":"","overlay-color":"","overlay-opacity":"","overlay-gradient":""},"tablet":{"background-color":"var(--ast-global-color-4)","background-image":"","background-repeat":"repeat","background-position":"center center","background-size":"auto","background-attachment":"scroll","background-type":"","background-media":"","overlay-type":"","overlay-color":"","overlay-opacity":"","overlay-gradient":""},"mobile":{"background-color":"var(--ast-global-color-4)","background-image":"","background-repeat":"repeat","background-position":"center center","background-size":"auto","background-attachment":"scroll","background-type":"","background-media":"","overlay-type":"","overlay-color":"","overlay-opacity":"","overlay-gradient":""}}},"product_cat":[15],"product_tag":[201,202],"class_list":{"0":"post-7493","1":"product","2":"type-product","3":"status-publish","4":"has-post-thumbnail","6":"product_cat-tft-lcd-display-module","7":"product_tag-5-inch-lcd-display","8":"product_tag-5-inch-square-lcd","9":"pa_brightness-500","10":"pa_interface-rgb","11":"pa_resolution-480x854","12":"pa_size-5-0","13":"desktop-align-left","14":"tablet-align-left","15":"mobile-align-left","16":"ast-product-gallery-layout-horizontal-slider","17":"ast-magnify-disabled","18":"ast-qv-on-image","20":"first","21":"instock","22":"shipping-taxable","23":"product-type-simple"},"acf":[],"aioseo_notices":[],"aioseo_head":"\n\t\t<!-- All in One SEO Pro 4.8.3.2 - aioseo.com -->\n\t<meta name=\"description\" content=\"Size: 5 inch 480*854 LCD Panel Brightness: 300nit Interface: RGB Driver IC: ST7701 Viewing direction: ALL\" \/>\n\t<meta name=\"robots\" content=\"max-image-preview:large\" \/>\n\t<link rel=\"canonical\" href=\"https:\/\/rjoytek.com\/de\/produkt\/5-zoll-tft-lcd-displaymodul\/\" \/>\n\t<meta name=\"generator\" content=\"All in One SEO Pro (AIOSEO) 4.8.3.2\" \/>\n\t\t<meta property=\"og:locale\" content=\"de_DE\" \/>\n\t\t<meta property=\"og:site_name\" content=\"RJY Display - Top Custom LCD, TFT, OLED Display Manufacturer &amp; Supplier in China.\" \/>\n\t\t<meta property=\"og:type\" content=\"article\" \/>\n\t\t<meta property=\"og:title\" content=\"5-inch TFT LCD Display Module \u2013 480*854 Resolution ,with Driver Board - TFT LCD Display Module - Top Custom LCD, TFT, OLED Display Manufacturer &amp; Supplier in China.\" \/>\n\t\t<meta property=\"og:description\" content=\"Size: 5 inch 480*854 LCD Panel Brightness: 300nit Interface: RGB Driver IC: ST7701 Viewing direction: ALL\" \/>\n\t\t<meta property=\"og:url\" content=\"https:\/\/rjoytek.com\/de\/produkt\/5-zoll-tft-lcd-displaymodul\/\" \/>\n\t\t<meta property=\"og:image\" content=\"https:\/\/rjoytek.com\/wp-content\/uploads\/2024\/08\/cropped-LOGO.png\" \/>\n\t\t<meta property=\"og:image:secure_url\" content=\"https:\/\/rjoytek.com\/wp-content\/uploads\/2024\/08\/cropped-LOGO.png\" \/>\n\t\t<meta property=\"og:image:width\" content=\"512\" \/>\n\t\t<meta property=\"og:image:height\" content=\"512\" \/>\n\t\t<meta property=\"article:published_time\" content=\"2022-10-09T07:32:32+00:00\" \/>\n\t\t<meta property=\"article:modified_time\" content=\"2025-03-03T06:59:45+00:00\" \/>\n\t\t<meta property=\"article:publisher\" content=\"https:\/\/www.facebook.com\/RjoytekLCDSolution\" \/>\n\t\t<meta name=\"twitter:card\" content=\"summary_large_image\" \/>\n\t\t<meta name=\"twitter:title\" content=\"5-inch TFT LCD Display Module \u2013 480*854 Resolution ,with Driver Board - TFT LCD Display Module - Top Custom LCD, TFT, OLED Display Manufacturer &amp; Supplier in China.\" \/>\n\t\t<meta name=\"twitter:description\" content=\"Size: 5 inch 480*854 LCD Panel Brightness: 300nit Interface: RGB Driver IC: ST7701 Viewing direction: ALL\" \/>\n\t\t<meta name=\"twitter:image\" content=\"https:\/\/rjoytek.com\/wp-content\/uploads\/2024\/08\/cropped-LOGO.png\" \/>\n\t\t<script type=\"application\/ld+json\" class=\"aioseo-schema\">\n\t\t\t{\"@context\":\"https:\\\/\\\/schema.org\",\"@graph\":[{\"@type\":\"BreadcrumbList\",\"@id\":\"https:\\\/\\\/rjoytek.com\\\/de\\\/produkt\\\/5-zoll-tft-lcd-displaymodul\\\/#breadcrumblist\",\"itemListElement\":[{\"@type\":\"ListItem\",\"@id\":\"https:\\\/\\\/rjoytek.com\\\/de#listItem\",\"position\":1,\"name\":\"Home\",\"item\":\"https:\\\/\\\/rjoytek.com\\\/de\",\"nextItem\":{\"@type\":\"ListItem\",\"@id\":\"https:\\\/\\\/rjoytek.com\\\/de\\\/geschaft\\\/#listItem\",\"name\":\"Shop\"}},{\"@type\":\"ListItem\",\"@id\":\"https:\\\/\\\/rjoytek.com\\\/de\\\/geschaft\\\/#listItem\",\"position\":2,\"name\":\"Shop\",\"item\":\"https:\\\/\\\/rjoytek.com\\\/de\\\/geschaft\\\/\",\"nextItem\":{\"@type\":\"ListItem\",\"@id\":\"https:\\\/\\\/rjoytek.com\\\/de\\\/produkt-kategorie\\\/tft-lcd-displaymodul\\\/#listItem\",\"name\":\"TFT LCD Display Module\"},\"previousItem\":{\"@type\":\"ListItem\",\"@id\":\"https:\\\/\\\/rjoytek.com\\\/de#listItem\",\"name\":\"Home\"}},{\"@type\":\"ListItem\",\"@id\":\"https:\\\/\\\/rjoytek.com\\\/de\\\/produkt-kategorie\\\/tft-lcd-displaymodul\\\/#listItem\",\"position\":3,\"name\":\"TFT LCD Display Module\",\"item\":\"https:\\\/\\\/rjoytek.com\\\/de\\\/produkt-kategorie\\\/tft-lcd-displaymodul\\\/\",\"nextItem\":{\"@type\":\"ListItem\",\"@id\":\"https:\\\/\\\/rjoytek.com\\\/de\\\/produkt\\\/5-zoll-tft-lcd-displaymodul\\\/#listItem\",\"name\":\"5-inch TFT LCD Display Module &#8211; 480*854 Resolution ,with Driver Board\"},\"previousItem\":{\"@type\":\"ListItem\",\"@id\":\"https:\\\/\\\/rjoytek.com\\\/de\\\/geschaft\\\/#listItem\",\"name\":\"Shop\"}},{\"@type\":\"ListItem\",\"@id\":\"https:\\\/\\\/rjoytek.com\\\/de\\\/produkt\\\/5-zoll-tft-lcd-displaymodul\\\/#listItem\",\"position\":4,\"name\":\"5-inch TFT LCD Display Module &#8211; 480*854 Resolution ,with Driver Board\",\"previousItem\":{\"@type\":\"ListItem\",\"@id\":\"https:\\\/\\\/rjoytek.com\\\/de\\\/produkt-kategorie\\\/tft-lcd-displaymodul\\\/#listItem\",\"name\":\"TFT LCD Display Module\"}}]},{\"@type\":\"Organization\",\"@id\":\"https:\\\/\\\/rjoytek.com\\\/de\\\/#organization\",\"name\":\"RJY Display\",\"description\":\"Top Custom LCD, TFT, OLED Display Manufacturer & Supplier in China.\",\"url\":\"https:\\\/\\\/rjoytek.com\\\/de\\\/\",\"telephone\":\"+8618872893408\",\"logo\":{\"@type\":\"ImageObject\",\"url\":\"https:\\\/\\\/rjoytek.com\\\/wp-content\\\/uploads\\\/2025\\\/07\\\/LOGO1-scaled.png\",\"@id\":\"https:\\\/\\\/rjoytek.com\\\/de\\\/produkt\\\/5-zoll-tft-lcd-displaymodul\\\/#organizationLogo\",\"width\":2560,\"height\":416},\"image\":{\"@id\":\"https:\\\/\\\/rjoytek.com\\\/de\\\/produkt\\\/5-zoll-tft-lcd-displaymodul\\\/#organizationLogo\"},\"sameAs\":[\"https:\\\/\\\/www.facebook.com\\\/RjoytekLCDSolution\",\"https:\\\/\\\/www.youtube.com\\\/@lcdsolution-RJOYTEK\",\"https:\\\/\\\/www.linkedin.com\\\/company\\\/rjoytek-lcd-solution\"]},{\"@type\":\"WebPage\",\"@id\":\"https:\\\/\\\/rjoytek.com\\\/de\\\/produkt\\\/5-zoll-tft-lcd-displaymodul\\\/#webpage\",\"url\":\"https:\\\/\\\/rjoytek.com\\\/de\\\/produkt\\\/5-zoll-tft-lcd-displaymodul\\\/\",\"name\":\"5-inch TFT LCD Display Module \\u2013 480*854 Resolution ,with Driver Board - TFT LCD Display Module - Top Custom LCD, TFT, OLED Display Manufacturer & Supplier in China.\",\"description\":\"Size: 5 inch 480*854 LCD Panel Brightness: 300nit Interface: RGB Driver IC: ST7701 Viewing direction: ALL\",\"inLanguage\":\"de-DE\",\"isPartOf\":{\"@id\":\"https:\\\/\\\/rjoytek.com\\\/de\\\/#website\"},\"breadcrumb\":{\"@id\":\"https:\\\/\\\/rjoytek.com\\\/de\\\/produkt\\\/5-zoll-tft-lcd-displaymodul\\\/#breadcrumblist\"},\"image\":{\"@type\":\"ImageObject\",\"url\":\"https:\\\/\\\/rjoytek.com\\\/wp-content\\\/uploads\\\/2022\\\/10\\\/5-inch-square-lcd-panel.jpg\",\"@id\":\"https:\\\/\\\/rjoytek.com\\\/de\\\/produkt\\\/5-zoll-tft-lcd-displaymodul\\\/#mainImage\",\"width\":800,\"height\":800,\"caption\":\"5 inch square lcd panel\"},\"primaryImageOfPage\":{\"@id\":\"https:\\\/\\\/rjoytek.com\\\/de\\\/produkt\\\/5-zoll-tft-lcd-displaymodul\\\/#mainImage\"},\"datePublished\":\"2022-10-09T07:32:32+00:00\",\"dateModified\":\"2025-03-03T06:59:45+00:00\"},{\"@type\":\"WebSite\",\"@id\":\"https:\\\/\\\/rjoytek.com\\\/de\\\/#website\",\"url\":\"https:\\\/\\\/rjoytek.com\\\/de\\\/\",\"name\":\"RJY Display\",\"description\":\"Top Custom LCD, TFT, OLED Display Manufacturer & Supplier in China.\",\"inLanguage\":\"de-DE\",\"publisher\":{\"@id\":\"https:\\\/\\\/rjoytek.com\\\/de\\\/#organization\"}}]}\n\t\t<\/script>\n\t\t<!-- All in One SEO Pro -->\r\n\t\t<title>5-inch TFT LCD Display Module \u2013 480*854 Resolution ,with Driver Board - TFT LCD Display Module - Top Custom LCD, TFT, OLED Display Manufacturer &amp; Supplier in China.<\/title>\n\n","aioseo_head_json":{"title":"5-Zoll TFT-LCD-Displaymodul \u2013 480*854 Aufl\u00f6sung, mit Treiberplatine - TFT-LCD-Displaymodul - F\u00fchrender kundenspezifischer LCD-, TFT-, OLED-Display-Hersteller &amp; -Lieferant in China.","description":"Gr\u00f6\u00dfe: 5 Zoll 480*854 LCD-Panel Helligkeit: 300nit Schnittstelle: RGB Treiber-IC: ST7701 Betrachtungsrichtung: ALL","canonical_url":"https:\/\/rjoytek.com\/de\/produkt\/5-zoll-tft-lcd-displaymodul\/","robots":"max-image-preview:large","keywords":"","webmasterTools":{"miscellaneous":""},"schema":{"@context":"https:\/\/schema.org","@graph":[{"@type":"BreadcrumbList","@id":"https:\/\/rjoytek.com\/de\/produkt\/5-zoll-tft-lcd-displaymodul\/#breadcrumblist","itemListElement":[{"@type":"ListItem","@id":"https:\/\/rjoytek.com\/de#listItem","position":1,"name":"Home","item":"https:\/\/rjoytek.com\/de","nextItem":{"@type":"ListItem","@id":"https:\/\/rjoytek.com\/de\/geschaft\/#listItem","name":"Shop"}},{"@type":"ListItem","@id":"https:\/\/rjoytek.com\/de\/geschaft\/#listItem","position":2,"name":"Shop","item":"https:\/\/rjoytek.com\/de\/geschaft\/","nextItem":{"@type":"ListItem","@id":"https:\/\/rjoytek.com\/de\/produkt-kategorie\/tft-lcd-displaymodul\/#listItem","name":"TFT LCD Display Module"},"previousItem":{"@type":"ListItem","@id":"https:\/\/rjoytek.com\/de#listItem","name":"Home"}},{"@type":"ListItem","@id":"https:\/\/rjoytek.com\/de\/produkt-kategorie\/tft-lcd-displaymodul\/#listItem","position":3,"name":"TFT LCD Display Module","item":"https:\/\/rjoytek.com\/de\/produkt-kategorie\/tft-lcd-displaymodul\/","nextItem":{"@type":"ListItem","@id":"https:\/\/rjoytek.com\/de\/produkt\/5-zoll-tft-lcd-displaymodul\/#listItem","name":"5-inch TFT LCD Display Module &#8211; 480*854 Resolution ,with Driver Board"},"previousItem":{"@type":"ListItem","@id":"https:\/\/rjoytek.com\/de\/geschaft\/#listItem","name":"Shop"}},{"@type":"ListItem","@id":"https:\/\/rjoytek.com\/de\/produkt\/5-zoll-tft-lcd-displaymodul\/#listItem","position":4,"name":"5-inch TFT LCD Display Module &#8211; 480*854 Resolution ,with Driver Board","previousItem":{"@type":"ListItem","@id":"https:\/\/rjoytek.com\/de\/produkt-kategorie\/tft-lcd-displaymodul\/#listItem","name":"TFT LCD Display Module"}}]},{"@type":"Organization","@id":"https:\/\/rjoytek.com\/de\/#organization","name":"RJY Display","description":"Top Custom LCD, TFT, OLED Display Manufacturer & Supplier in China.","url":"https:\/\/rjoytek.com\/de\/","telephone":"+8618872893408","logo":{"@type":"ImageObject","url":"https:\/\/rjoytek.com\/wp-content\/uploads\/2025\/07\/LOGO1-scaled.png","@id":"https:\/\/rjoytek.com\/de\/produkt\/5-zoll-tft-lcd-displaymodul\/#organizationLogo","width":2560,"height":416},"image":{"@id":"https:\/\/rjoytek.com\/de\/produkt\/5-zoll-tft-lcd-displaymodul\/#organizationLogo"},"sameAs":["https:\/\/www.facebook.com\/RjoytekLCDSolution","https:\/\/www.youtube.com\/@lcdsolution-RJOYTEK","https:\/\/www.linkedin.com\/company\/rjoytek-lcd-solution"]},{"@type":"WebPage","@id":"https:\/\/rjoytek.com\/de\/produkt\/5-zoll-tft-lcd-displaymodul\/#webpage","url":"https:\/\/rjoytek.com\/de\/produkt\/5-zoll-tft-lcd-displaymodul\/","name":"5-inch TFT LCD Display Module \u2013 480*854 Resolution ,with Driver Board - TFT LCD Display Module - Top Custom LCD, TFT, OLED Display Manufacturer & Supplier in China.","description":"Size: 5 inch 480*854 LCD Panel Brightness: 300nit Interface: RGB Driver IC: ST7701 Viewing direction: ALL","inLanguage":"de-DE","isPartOf":{"@id":"https:\/\/rjoytek.com\/de\/#website"},"breadcrumb":{"@id":"https:\/\/rjoytek.com\/de\/produkt\/5-zoll-tft-lcd-displaymodul\/#breadcrumblist"},"image":{"@type":"ImageObject","url":"https:\/\/rjoytek.com\/wp-content\/uploads\/2022\/10\/5-inch-square-lcd-panel.jpg","@id":"https:\/\/rjoytek.com\/de\/produkt\/5-zoll-tft-lcd-displaymodul\/#mainImage","width":800,"height":800,"caption":"5 inch square lcd panel"},"primaryImageOfPage":{"@id":"https:\/\/rjoytek.com\/de\/produkt\/5-zoll-tft-lcd-displaymodul\/#mainImage"},"datePublished":"2022-10-09T07:32:32+00:00","dateModified":"2025-03-03T06:59:45+00:00"},{"@type":"WebSite","@id":"https:\/\/rjoytek.com\/de\/#website","url":"https:\/\/rjoytek.com\/de\/","name":"RJY Display","description":"Top Custom LCD, TFT, OLED Display Manufacturer & Supplier in China.","inLanguage":"de-DE","publisher":{"@id":"https:\/\/rjoytek.com\/de\/#organization"}}]},"og:locale":"de_DE","og:site_name":"RJY Display - Top Custom LCD, TFT, OLED Display Manufacturer &amp; Supplier in China.","og:type":"article","og:title":"5-inch TFT LCD Display Module \u2013 480*854 Resolution ,with Driver Board - TFT LCD Display Module - Top Custom LCD, TFT, OLED Display Manufacturer &amp; Supplier in China.","og:description":"Size: 5 inch 480*854 LCD Panel Brightness: 300nit Interface: RGB Driver IC: ST7701 Viewing direction: ALL","og:url":"https:\/\/rjoytek.com\/de\/produkt\/5-zoll-tft-lcd-displaymodul\/","og:image":"https:\/\/rjoytek.com\/wp-content\/uploads\/2024\/08\/cropped-LOGO.png","og:image:secure_url":"https:\/\/rjoytek.com\/wp-content\/uploads\/2024\/08\/cropped-LOGO.png","og:image:width":512,"og:image:height":512,"article:published_time":"2022-10-09T07:32:32+00:00","article:modified_time":"2025-03-03T06:59:45+00:00","article:publisher":"https:\/\/www.facebook.com\/RjoytekLCDSolution","twitter:card":"summary_large_image","twitter:title":"5-inch TFT LCD Display Module \u2013 480*854 Resolution ,with Driver Board - TFT LCD Display Module - Top Custom LCD, TFT, OLED Display Manufacturer &amp; Supplier in China.","twitter:description":"Size: 5 inch 480*854 LCD Panel Brightness: 300nit Interface: RGB Driver IC: ST7701 Viewing direction: ALL","twitter:image":"https:\/\/rjoytek.com\/wp-content\/uploads\/2024\/08\/cropped-LOGO.png"},"aioseo_meta_data":{"post_id":"7493","title":null,"description":null,"keywords":null,"keyphrases":null,"canonical_url":null,"og_title":null,"og_description":null,"og_object_type":"default","og_image_type":"default","og_image_custom_url":null,"og_image_custom_fields":null,"og_custom_image_width":null,"og_custom_image_height":null,"og_video":null,"og_custom_url":null,"og_article_section":null,"og_article_tags":null,"twitter_use_og":true,"twitter_card":"default","twitter_image_type":"default","twitter_image_custom_url":null,"twitter_image_custom_fields":null,"twitter_title":null,"twitter_description":null,"schema_type":null,"schema_type_options":null,"pillar_content":false,"robots_default":true,"robots_noindex":false,"robots_noarchive":false,"robots_nosnippet":false,"robots_nofollow":false,"robots_noimageindex":false,"robots_noodp":false,"robots_notranslate":false,"robots_max_snippet":null,"robots_max_videopreview":null,"robots_max_imagepreview":"none","tabs":null,"priority":null,"frequency":null,"local_seo":null,"created":"2026-03-20 04:15:49","updated":"2026-04-05 11:27:13"},"aioseo_breadcrumb":"<div class=\"aioseo-breadcrumbs\"><span class=\"aioseo-breadcrumb\">\n\t<a href=\"https:\/\/rjoytek.com\/de\" title=\"Home\">Home<\/a>\n<\/span><span class=\"aioseo-breadcrumb-separator\">\u00bb<\/span><span class=\"aioseo-breadcrumb\">\n\t<a href=\"https:\/\/rjoytek.com\/de\/geschaft\/\" title=\"Shop\">Shop<\/a>\n<\/span><span class=\"aioseo-breadcrumb-separator\">\u00bb<\/span><span class=\"aioseo-breadcrumb\">\n\t<a href=\"https:\/\/rjoytek.com\/de\/produkt-kategorie\/tft-lcd-displaymodul\/\" title=\"TFT LCD Display Module\">TFT LCD Display Module<\/a>\n<\/span><span class=\"aioseo-breadcrumb-separator\">\u00bb<\/span><span class=\"aioseo-breadcrumb\">\n\t5-inch TFT LCD Display Module \u2013 480*854 Resolution ,with Driver Board\n<\/span><\/div>","aioseo_breadcrumb_json":[{"label":"Home","link":"https:\/\/rjoytek.com\/de"},{"label":"Shop","link":"https:\/\/rjoytek.com\/de\/geschaft\/"},{"label":"TFT LCD Display Module","link":"https:\/\/rjoytek.com\/de\/produkt-kategorie\/tft-lcd-displaymodul\/"},{"label":"5-inch TFT LCD Display Module &#8211; 480*854 Resolution ,with Driver Board","link":"https:\/\/rjoytek.com\/de\/produkt\/5-zoll-tft-lcd-displaymodul\/"}],"_links":{"self":[{"href":"https:\/\/rjoytek.com\/de\/wp-json\/wp\/v2\/product\/7493","targetHints":{"allow":["GET"]}}],"collection":[{"href":"https:\/\/rjoytek.com\/de\/wp-json\/wp\/v2\/product"}],"about":[{"href":"https:\/\/rjoytek.com\/de\/wp-json\/wp\/v2\/types\/product"}],"wp:featuredmedia":[{"embeddable":true,"href":"https:\/\/rjoytek.com\/de\/wp-json\/wp\/v2\/media\/7495"}],"wp:attachment":[{"href":"https:\/\/rjoytek.com\/de\/wp-json\/wp\/v2\/media?parent=7493"}],"wp:term":[{"taxonomy":"product_cat","embeddable":true,"href":"https:\/\/rjoytek.com\/de\/wp-json\/wp\/v2\/product_cat?post=7493"},{"taxonomy":"product_tag","embeddable":true,"href":"https:\/\/rjoytek.com\/de\/wp-json\/wp\/v2\/product_tag?post=7493"}],"curies":[{"name":"wp","href":"https:\/\/api.w.org\/{rel}","templated":true}]}}