{"id":7111,"date":"2022-08-01T05:56:20","date_gmt":"2022-08-01T05:56:20","guid":{"rendered":"https:\/\/rjoytek.com\/?post_type=product&#038;p=7111"},"modified":"2025-03-03T07:30:39","modified_gmt":"2025-03-03T07:30:39","slug":"rjoytek-123-zoll-gestrecktes-bar-lcd-touchscreen-1920x720-tft-lcd-display-fur-auto","status":"publish","type":"product","link":"https:\/\/rjoytek.com\/de\/produkt\/rjoytek-123-zoll-gestrecktes-bar-lcd-touchscreen-1920x720-tft-lcd-display-fur-auto\/","title":{"rendered":"12,3-Zoll gestrecktes Bar-LCD \u2013 Touchscreen, 1920*720 TFT LCD Display f\u00fcr Auto"},"content":{"rendered":"<p style=\"text-align: justify;\">RV123Z7M-700-50 ist ein Touchscreen-Display mit 12,3 Zoll Gr\u00f6\u00dfe und 1920*720 Aufl\u00f6sung. Dieser 12,3-Zoll-Bildschirm ist vom gestreckten Typ (Bar-Type) und wird \u00fcblicherweise f\u00fcr Automobil-Displaypanels verwendet. Es handelt sich um ein TFT LCD-Modell. F\u00fcr diesen 12,3-Zoll-Bildschirm gibt es auch eine Version ohne Touchfunktion. Falls Sie ein LCD-Panel ohne Touch oder ein resistives Touchpanel ben\u00f6tigen, teilen Sie uns dies bitte mit. Kundenspezifische Anpassungen und LCD-L\u00f6sungen sind unsere St\u00e4rken.<\/p>\n<p>Dieses Display-Panel verf\u00fcgt \u00fcber eine Widerstandstemperatur von hohen 95 Grad und niedrigen -40 Grad. Die Oberfl\u00e4chenbehandlung ist HC und die Oberfl\u00e4chenh\u00e4rte betr\u00e4gt 3H.<\/p>\n<p>&nbsp;<\/p>\n<p><strong>Empfohlene Lekt\u00fcre\uff1a<\/strong><\/p>\n<p><a href=\"https:\/\/rjoytek.com\/why-should-the-automotive-lcd-display-be-resistant-to-high-and-low-temperatures\/\">Warum sollten Automobil-LCD-Displays gegen hohe und niedrige Temperaturen resistent sein?<\/a><\/p>\n<p><a href=\"https:\/\/rjoytek.com\/what-is-tft-lcd-display\/\">Was ist ein TFT LCD Display?<\/a><\/p>\n<p><a href=\"https:\/\/rjoytek.com\/how-to-get-sunlight-readable-tft-lcd-display-find-a-lcd-manufacturer\/\">Wie erh\u00e4lt man sonnenlichtlesbare TFT LCD Displays? Finden Sie einen LCD-Hersteller<\/a><\/p>","protected":false},"excerpt":{"rendered":"<ul>\n<li>Modell: RV123Z7P-700-50<\/li>\n<li>Gr\u00f6\u00dfe: 12,3-Zoll-Touchscreen<\/li>\n<li>Aufl\u00f6sung: 1920*720<\/li>\n<li>Schnittstelle: LVDS<\/li>\n<li>Oberfl\u00e4chenbehandlung: HC<\/li>\n<li>Oberfl\u00e4chenh\u00e4rte: 3H<\/li>\n<li>Lagertemperatur: -40 bis 95 \u00b0C<\/li>\n<\/ul>","protected":false},"featured_media":7113,"template":"","meta":{"_acf_changed":false,"site-sidebar-layout":"default","site-content-layout":"","ast-site-content-layout":"default","site-content-style":"default","site-sidebar-style":"default","ast-global-header-display":"","ast-banner-title-visibility":"","ast-main-header-display":"","ast-hfb-above-header-display":"","ast-hfb-below-header-display":"","ast-hfb-mobile-header-display":"","site-post-title":"","ast-breadcrumbs-content":"","ast-featured-img":"","footer-sml-layout":"","ast-disable-related-posts":"","theme-transparent-header-meta":"","adv-header-id-meta":"","stick-header-meta":"","header-above-stick-meta":"","header-main-stick-meta":"","header-below-stick-meta":"","astra-migrate-meta-layouts":"default","ast-page-background-enabled":"default","ast-page-background-meta":{"desktop":{"background-color":"var(--ast-global-color-5)","background-image":"","background-repeat":"repeat","background-position":"center center","background-size":"auto","background-attachment":"scroll","background-type":"","background-media":"","overlay-type":"","overlay-color":"","overlay-opacity":"","overlay-gradient":""},"tablet":{"background-color":"","background-image":"","background-repeat":"repeat","background-position":"center center","background-size":"auto","background-attachment":"scroll","background-type":"","background-media":"","overlay-type":"","overlay-color":"","overlay-opacity":"","overlay-gradient":""},"mobile":{"background-color":"","background-image":"","background-repeat":"repeat","background-position":"center center","background-size":"auto","background-attachment":"scroll","background-type":"","background-media":"","overlay-type":"","overlay-color":"","overlay-opacity":"","overlay-gradient":""}},"ast-content-background-meta":{"desktop":{"background-color":"var(--ast-global-color-4)","background-image":"","background-repeat":"repeat","background-position":"center center","background-size":"auto","background-attachment":"scroll","background-type":"","background-media":"","overlay-type":"","overlay-color":"","overlay-opacity":"","overlay-gradient":""},"tablet":{"background-color":"var(--ast-global-color-4)","background-image":"","background-repeat":"repeat","background-position":"center center","background-size":"auto","background-attachment":"scroll","background-type":"","background-media":"","overlay-type":"","overlay-color":"","overlay-opacity":"","overlay-gradient":""},"mobile":{"background-color":"var(--ast-global-color-4)","background-image":"","background-repeat":"repeat","background-position":"center center","background-size":"auto","background-attachment":"scroll","background-type":"","background-media":"","overlay-type":"","overlay-color":"","overlay-opacity":"","overlay-gradient":""}}},"product_cat":[127,114,15],"product_tag":[],"class_list":{"0":"post-7111","1":"product","2":"type-product","3":"status-publish","4":"has-post-thumbnail","6":"product_cat-bar-lcd-display","7":"product_cat-capacitive-touch-panel","8":"product_cat-tft-lcd-display-module","9":"pa_brightness-511","10":"pa_interface-lvds","11":"pa_resolution-1920x720","12":"pa_size-12-3","13":"pa_wide-temperature-yes","14":"desktop-align-left","15":"tablet-align-left","16":"mobile-align-left","17":"ast-product-gallery-layout-horizontal-slider","18":"ast-magnify-disabled","19":"ast-qv-on-image","21":"first","22":"instock","23":"shipping-taxable","24":"product-type-simple"},"acf":[],"aioseo_notices":[],"aioseo_head":"\n\t\t<!-- All in One SEO Pro 4.8.3.2 - aioseo.com -->\n\t<meta name=\"description\" content=\"Model: RV123Z7P-700-50 Size: 12.3 inch touch screen Resolution: 1920*720 Interface: LVDS Surface treatment: HC Surface hardness: 3H Storage Temperature: -40-95 \u00b0C\" \/>\n\t<meta name=\"robots\" content=\"max-image-preview:large\" \/>\n\t<link rel=\"canonical\" href=\"https:\/\/rjoytek.com\/de\/produkt\/rjoytek-123-zoll-gestrecktes-bar-lcd-touchscreen-1920x720-tft-lcd-display-fur-auto\/\" \/>\n\t<meta name=\"generator\" content=\"All in One SEO Pro (AIOSEO) 4.8.3.2\" \/>\n\t\t<meta property=\"og:locale\" content=\"de_DE\" \/>\n\t\t<meta property=\"og:site_name\" content=\"RJY Display - Top Custom LCD, TFT, OLED Display Manufacturer &amp; Supplier in China.\" \/>\n\t\t<meta property=\"og:type\" content=\"article\" \/>\n\t\t<meta property=\"og:title\" content=\"12.3 inch Stretched Bar LCD \u2013 Touch Screen, 1920*720 TFT LCD Display for Car - Bar LCD Display - Top Custom LCD, TFT, OLED Display Manufacturer &amp; Supplier in China.\" \/>\n\t\t<meta property=\"og:description\" content=\"Model: RV123Z7P-700-50 Size: 12.3 inch touch screen Resolution: 1920*720 Interface: LVDS Surface treatment: HC Surface hardness: 3H Storage Temperature: -40-95 \u00b0C\" \/>\n\t\t<meta property=\"og:url\" content=\"https:\/\/rjoytek.com\/de\/produkt\/rjoytek-123-zoll-gestrecktes-bar-lcd-touchscreen-1920x720-tft-lcd-display-fur-auto\/\" \/>\n\t\t<meta property=\"og:image\" content=\"https:\/\/rjoytek.com\/wp-content\/uploads\/2024\/08\/cropped-LOGO.png\" \/>\n\t\t<meta property=\"og:image:secure_url\" content=\"https:\/\/rjoytek.com\/wp-content\/uploads\/2024\/08\/cropped-LOGO.png\" \/>\n\t\t<meta property=\"og:image:width\" content=\"512\" \/>\n\t\t<meta property=\"og:image:height\" content=\"512\" \/>\n\t\t<meta property=\"article:published_time\" content=\"2022-08-01T05:56:20+00:00\" \/>\n\t\t<meta property=\"article:modified_time\" content=\"2025-03-03T07:30:39+00:00\" \/>\n\t\t<meta property=\"article:publisher\" content=\"https:\/\/www.facebook.com\/RjoytekLCDSolution\" \/>\n\t\t<meta name=\"twitter:card\" content=\"summary_large_image\" \/>\n\t\t<meta name=\"twitter:title\" content=\"12.3 inch Stretched Bar LCD \u2013 Touch Screen, 1920*720 TFT LCD Display for Car - Bar LCD Display - Top Custom LCD, TFT, OLED Display Manufacturer &amp; Supplier in China.\" \/>\n\t\t<meta name=\"twitter:description\" content=\"Model: RV123Z7P-700-50 Size: 12.3 inch touch screen Resolution: 1920*720 Interface: LVDS Surface treatment: HC Surface hardness: 3H Storage Temperature: -40-95 \u00b0C\" \/>\n\t\t<meta name=\"twitter:image\" content=\"https:\/\/rjoytek.com\/wp-content\/uploads\/2024\/08\/cropped-LOGO.png\" \/>\n\t\t<script type=\"application\/ld+json\" class=\"aioseo-schema\">\n\t\t\t{\"@context\":\"https:\\\/\\\/schema.org\",\"@graph\":[{\"@type\":\"BreadcrumbList\",\"@id\":\"https:\\\/\\\/rjoytek.com\\\/de\\\/produkt\\\/rjoytek-123-zoll-gestrecktes-bar-lcd-touchscreen-1920x720-tft-lcd-display-fur-auto\\\/#breadcrumblist\",\"itemListElement\":[{\"@type\":\"ListItem\",\"@id\":\"https:\\\/\\\/rjoytek.com\\\/de#listItem\",\"position\":1,\"name\":\"Home\",\"item\":\"https:\\\/\\\/rjoytek.com\\\/de\",\"nextItem\":{\"@type\":\"ListItem\",\"@id\":\"https:\\\/\\\/rjoytek.com\\\/de\\\/geschaft\\\/#listItem\",\"name\":\"Shop\"}},{\"@type\":\"ListItem\",\"@id\":\"https:\\\/\\\/rjoytek.com\\\/de\\\/geschaft\\\/#listItem\",\"position\":2,\"name\":\"Shop\",\"item\":\"https:\\\/\\\/rjoytek.com\\\/de\\\/geschaft\\\/\",\"nextItem\":{\"@type\":\"ListItem\",\"@id\":\"https:\\\/\\\/rjoytek.com\\\/de\\\/produkt-kategorie\\\/tft-lcd-displaymodul\\\/#listItem\",\"name\":\"TFT LCD Display Module\"},\"previousItem\":{\"@type\":\"ListItem\",\"@id\":\"https:\\\/\\\/rjoytek.com\\\/de#listItem\",\"name\":\"Home\"}},{\"@type\":\"ListItem\",\"@id\":\"https:\\\/\\\/rjoytek.com\\\/de\\\/produkt-kategorie\\\/tft-lcd-displaymodul\\\/#listItem\",\"position\":3,\"name\":\"TFT LCD Display Module\",\"item\":\"https:\\\/\\\/rjoytek.com\\\/de\\\/produkt-kategorie\\\/tft-lcd-displaymodul\\\/\",\"nextItem\":{\"@type\":\"ListItem\",\"@id\":\"https:\\\/\\\/rjoytek.com\\\/de\\\/produkt\\\/rjoytek-123-zoll-gestrecktes-bar-lcd-touchscreen-1920x720-tft-lcd-display-fur-auto\\\/#listItem\",\"name\":\"12.3 inch Stretched Bar LCD &#8211; Touch Screen, 1920*720 TFT LCD Display for Car\"},\"previousItem\":{\"@type\":\"ListItem\",\"@id\":\"https:\\\/\\\/rjoytek.com\\\/de\\\/geschaft\\\/#listItem\",\"name\":\"Shop\"}},{\"@type\":\"ListItem\",\"@id\":\"https:\\\/\\\/rjoytek.com\\\/de\\\/produkt\\\/rjoytek-123-zoll-gestrecktes-bar-lcd-touchscreen-1920x720-tft-lcd-display-fur-auto\\\/#listItem\",\"position\":4,\"name\":\"12.3 inch Stretched Bar LCD &#8211; Touch Screen, 1920*720 TFT LCD Display for Car\",\"previousItem\":{\"@type\":\"ListItem\",\"@id\":\"https:\\\/\\\/rjoytek.com\\\/de\\\/produkt-kategorie\\\/tft-lcd-displaymodul\\\/#listItem\",\"name\":\"TFT LCD Display Module\"}}]},{\"@type\":\"Organization\",\"@id\":\"https:\\\/\\\/rjoytek.com\\\/de\\\/#organization\",\"name\":\"RJY Display\",\"description\":\"Top Custom LCD, TFT, OLED Display Manufacturer & Supplier in China.\",\"url\":\"https:\\\/\\\/rjoytek.com\\\/de\\\/\",\"telephone\":\"+8618872893408\",\"logo\":{\"@type\":\"ImageObject\",\"url\":\"https:\\\/\\\/rjoytek.com\\\/wp-content\\\/uploads\\\/2025\\\/07\\\/LOGO1-scaled.png\",\"@id\":\"https:\\\/\\\/rjoytek.com\\\/de\\\/produkt\\\/rjoytek-123-zoll-gestrecktes-bar-lcd-touchscreen-1920x720-tft-lcd-display-fur-auto\\\/#organizationLogo\",\"width\":2560,\"height\":416},\"image\":{\"@id\":\"https:\\\/\\\/rjoytek.com\\\/de\\\/produkt\\\/rjoytek-123-zoll-gestrecktes-bar-lcd-touchscreen-1920x720-tft-lcd-display-fur-auto\\\/#organizationLogo\"},\"sameAs\":[\"https:\\\/\\\/www.facebook.com\\\/RjoytekLCDSolution\",\"https:\\\/\\\/www.youtube.com\\\/@lcdsolution-RJOYTEK\",\"https:\\\/\\\/www.linkedin.com\\\/company\\\/rjoytek-lcd-solution\"]},{\"@type\":\"WebPage\",\"@id\":\"https:\\\/\\\/rjoytek.com\\\/de\\\/produkt\\\/rjoytek-123-zoll-gestrecktes-bar-lcd-touchscreen-1920x720-tft-lcd-display-fur-auto\\\/#webpage\",\"url\":\"https:\\\/\\\/rjoytek.com\\\/de\\\/produkt\\\/rjoytek-123-zoll-gestrecktes-bar-lcd-touchscreen-1920x720-tft-lcd-display-fur-auto\\\/\",\"name\":\"12.3 inch Stretched Bar LCD \\u2013 Touch Screen, 1920*720 TFT LCD Display for Car - Bar LCD Display - Top Custom LCD, TFT, OLED Display Manufacturer & Supplier in China.\",\"description\":\"Model: RV123Z7P-700-50 Size: 12.3 inch touch screen Resolution: 1920*720 Interface: LVDS Surface treatment: HC Surface hardness: 3H Storage Temperature: -40-95 \\u00b0C\",\"inLanguage\":\"de-DE\",\"isPartOf\":{\"@id\":\"https:\\\/\\\/rjoytek.com\\\/de\\\/#website\"},\"breadcrumb\":{\"@id\":\"https:\\\/\\\/rjoytek.com\\\/de\\\/produkt\\\/rjoytek-123-zoll-gestrecktes-bar-lcd-touchscreen-1920x720-tft-lcd-display-fur-auto\\\/#breadcrumblist\"},\"image\":{\"@type\":\"ImageObject\",\"url\":\"https:\\\/\\\/rjoytek.com\\\/wp-content\\\/uploads\\\/2022\\\/08\\\/12.3-inch-touch-screen.jpg\",\"@id\":\"https:\\\/\\\/rjoytek.com\\\/de\\\/produkt\\\/rjoytek-123-zoll-gestrecktes-bar-lcd-touchscreen-1920x720-tft-lcd-display-fur-auto\\\/#mainImage\",\"width\":800,\"height\":800,\"caption\":\"12.3 inch touch screen\"},\"primaryImageOfPage\":{\"@id\":\"https:\\\/\\\/rjoytek.com\\\/de\\\/produkt\\\/rjoytek-123-zoll-gestrecktes-bar-lcd-touchscreen-1920x720-tft-lcd-display-fur-auto\\\/#mainImage\"},\"datePublished\":\"2022-08-01T05:56:20+00:00\",\"dateModified\":\"2025-03-03T07:30:39+00:00\"},{\"@type\":\"WebSite\",\"@id\":\"https:\\\/\\\/rjoytek.com\\\/de\\\/#website\",\"url\":\"https:\\\/\\\/rjoytek.com\\\/de\\\/\",\"name\":\"RJY Display\",\"description\":\"Top Custom LCD, TFT, OLED Display Manufacturer & Supplier in China.\",\"inLanguage\":\"de-DE\",\"publisher\":{\"@id\":\"https:\\\/\\\/rjoytek.com\\\/de\\\/#organization\"}}]}\n\t\t<\/script>\n\t\t<!-- All in One SEO Pro -->\r\n\t\t<title>12.3 inch Stretched Bar LCD \u2013 Touch Screen, 1920*720 TFT LCD Display for Car - Bar LCD Display - Top Custom LCD, TFT, OLED Display Manufacturer &amp; Supplier in China.<\/title>\n\n","aioseo_head_json":{"title":"12,3-Zoll gestrecktes Bar-LCD \u2013 Touchscreen, 1920*720 TFT LCD Display f\u00fcr Auto - Bar LCD Display - F\u00fchrender kundenspezifischer LCD-, TFT- und OLED Display Hersteller &amp; Lieferant in China.","description":"Modell: RV123Z7P-700-50","canonical_url":"https:\/\/rjoytek.com\/de\/produkt\/rjoytek-123-zoll-gestrecktes-bar-lcd-touchscreen-1920x720-tft-lcd-display-fur-auto\/","robots":"max-image-preview:large","keywords":"","webmasterTools":{"miscellaneous":""},"schema":{"@context":"https:\/\/schema.org","@graph":[{"@type":"BreadcrumbList","@id":"https:\/\/rjoytek.com\/de\/produkt\/rjoytek-123-zoll-gestrecktes-bar-lcd-touchscreen-1920x720-tft-lcd-display-fur-auto\/#breadcrumblist","itemListElement":[{"@type":"ListItem","@id":"https:\/\/rjoytek.com\/de#listItem","position":1,"name":"Home","item":"https:\/\/rjoytek.com\/de","nextItem":{"@type":"ListItem","@id":"https:\/\/rjoytek.com\/de\/geschaft\/#listItem","name":"Shop"}},{"@type":"ListItem","@id":"https:\/\/rjoytek.com\/de\/geschaft\/#listItem","position":2,"name":"Shop","item":"https:\/\/rjoytek.com\/de\/geschaft\/","nextItem":{"@type":"ListItem","@id":"https:\/\/rjoytek.com\/de\/produkt-kategorie\/tft-lcd-displaymodul\/#listItem","name":"TFT LCD Display Module"},"previousItem":{"@type":"ListItem","@id":"https:\/\/rjoytek.com\/de#listItem","name":"Home"}},{"@type":"ListItem","@id":"https:\/\/rjoytek.com\/de\/produkt-kategorie\/tft-lcd-displaymodul\/#listItem","position":3,"name":"TFT LCD Display Module","item":"https:\/\/rjoytek.com\/de\/produkt-kategorie\/tft-lcd-displaymodul\/","nextItem":{"@type":"ListItem","@id":"https:\/\/rjoytek.com\/de\/produkt\/rjoytek-123-zoll-gestrecktes-bar-lcd-touchscreen-1920x720-tft-lcd-display-fur-auto\/#listItem","name":"12.3 inch Stretched Bar LCD &#8211; Touch Screen, 1920*720 TFT LCD Display for Car"},"previousItem":{"@type":"ListItem","@id":"https:\/\/rjoytek.com\/de\/geschaft\/#listItem","name":"Shop"}},{"@type":"ListItem","@id":"https:\/\/rjoytek.com\/de\/produkt\/rjoytek-123-zoll-gestrecktes-bar-lcd-touchscreen-1920x720-tft-lcd-display-fur-auto\/#listItem","position":4,"name":"12.3 inch Stretched Bar LCD &#8211; Touch Screen, 1920*720 TFT LCD Display for Car","previousItem":{"@type":"ListItem","@id":"https:\/\/rjoytek.com\/de\/produkt-kategorie\/tft-lcd-displaymodul\/#listItem","name":"TFT LCD Display Module"}}]},{"@type":"Organization","@id":"https:\/\/rjoytek.com\/de\/#organization","name":"RJY Display","description":"Top Custom LCD, TFT, OLED Display Manufacturer & Supplier in China.","url":"https:\/\/rjoytek.com\/de\/","telephone":"+8618872893408","logo":{"@type":"ImageObject","url":"https:\/\/rjoytek.com\/wp-content\/uploads\/2025\/07\/LOGO1-scaled.png","@id":"https:\/\/rjoytek.com\/de\/produkt\/rjoytek-123-zoll-gestrecktes-bar-lcd-touchscreen-1920x720-tft-lcd-display-fur-auto\/#organizationLogo","width":2560,"height":416},"image":{"@id":"https:\/\/rjoytek.com\/de\/produkt\/rjoytek-123-zoll-gestrecktes-bar-lcd-touchscreen-1920x720-tft-lcd-display-fur-auto\/#organizationLogo"},"sameAs":["https:\/\/www.facebook.com\/RjoytekLCDSolution","https:\/\/www.youtube.com\/@lcdsolution-RJOYTEK","https:\/\/www.linkedin.com\/company\/rjoytek-lcd-solution"]},{"@type":"WebPage","@id":"https:\/\/rjoytek.com\/de\/produkt\/rjoytek-123-zoll-gestrecktes-bar-lcd-touchscreen-1920x720-tft-lcd-display-fur-auto\/#webpage","url":"https:\/\/rjoytek.com\/de\/produkt\/rjoytek-123-zoll-gestrecktes-bar-lcd-touchscreen-1920x720-tft-lcd-display-fur-auto\/","name":"12.3 inch Stretched Bar LCD \u2013 Touch Screen, 1920*720 TFT LCD Display for Car - Bar LCD Display - Top Custom LCD, TFT, OLED Display Manufacturer & Supplier in China.","description":"Model: RV123Z7P-700-50 Size: 12.3 inch touch screen Resolution: 1920*720 Interface: LVDS Surface treatment: HC Surface hardness: 3H Storage Temperature: -40-95 \u00b0C","inLanguage":"de-DE","isPartOf":{"@id":"https:\/\/rjoytek.com\/de\/#website"},"breadcrumb":{"@id":"https:\/\/rjoytek.com\/de\/produkt\/rjoytek-123-zoll-gestrecktes-bar-lcd-touchscreen-1920x720-tft-lcd-display-fur-auto\/#breadcrumblist"},"image":{"@type":"ImageObject","url":"https:\/\/rjoytek.com\/wp-content\/uploads\/2022\/08\/12.3-inch-touch-screen.jpg","@id":"https:\/\/rjoytek.com\/de\/produkt\/rjoytek-123-zoll-gestrecktes-bar-lcd-touchscreen-1920x720-tft-lcd-display-fur-auto\/#mainImage","width":800,"height":800,"caption":"12.3 inch touch screen"},"primaryImageOfPage":{"@id":"https:\/\/rjoytek.com\/de\/produkt\/rjoytek-123-zoll-gestrecktes-bar-lcd-touchscreen-1920x720-tft-lcd-display-fur-auto\/#mainImage"},"datePublished":"2022-08-01T05:56:20+00:00","dateModified":"2025-03-03T07:30:39+00:00"},{"@type":"WebSite","@id":"https:\/\/rjoytek.com\/de\/#website","url":"https:\/\/rjoytek.com\/de\/","name":"RJY Display","description":"Top Custom LCD, TFT, OLED Display Manufacturer & Supplier in China.","inLanguage":"de-DE","publisher":{"@id":"https:\/\/rjoytek.com\/de\/#organization"}}]},"og:locale":"de_DE","og:site_name":"RJY Display - Top Custom LCD, TFT, OLED Display Manufacturer &amp; Supplier in China.","og:type":"article","og:title":"12.3 inch Stretched Bar LCD \u2013 Touch Screen, 1920*720 TFT LCD Display for Car - Bar LCD Display - Top Custom LCD, TFT, OLED Display Manufacturer &amp; Supplier in China.","og:description":"Model: RV123Z7P-700-50 Size: 12.3 inch touch screen Resolution: 1920*720 Interface: LVDS Surface treatment: HC Surface hardness: 3H Storage Temperature: -40-95 \u00b0C","og:url":"https:\/\/rjoytek.com\/de\/produkt\/rjoytek-123-zoll-gestrecktes-bar-lcd-touchscreen-1920x720-tft-lcd-display-fur-auto\/","og:image":"https:\/\/rjoytek.com\/wp-content\/uploads\/2024\/08\/cropped-LOGO.png","og:image:secure_url":"https:\/\/rjoytek.com\/wp-content\/uploads\/2024\/08\/cropped-LOGO.png","og:image:width":512,"og:image:height":512,"article:published_time":"2022-08-01T05:56:20+00:00","article:modified_time":"2025-03-03T07:30:39+00:00","article:publisher":"https:\/\/www.facebook.com\/RjoytekLCDSolution","twitter:card":"summary_large_image","twitter:title":"12.3 inch Stretched Bar LCD \u2013 Touch Screen, 1920*720 TFT LCD Display for Car - Bar LCD Display - Top Custom LCD, TFT, OLED Display Manufacturer &amp; Supplier in China.","twitter:description":"Model: RV123Z7P-700-50 Size: 12.3 inch touch screen Resolution: 1920*720 Interface: LVDS Surface treatment: HC Surface hardness: 3H Storage Temperature: -40-95 \u00b0C","twitter:image":"https:\/\/rjoytek.com\/wp-content\/uploads\/2024\/08\/cropped-LOGO.png"},"aioseo_meta_data":{"post_id":"7111","title":null,"description":null,"keywords":null,"keyphrases":null,"canonical_url":null,"og_title":null,"og_description":null,"og_object_type":"default","og_image_type":"default","og_image_custom_url":null,"og_image_custom_fields":null,"og_custom_image_width":null,"og_custom_image_height":null,"og_video":null,"og_custom_url":null,"og_article_section":null,"og_article_tags":null,"twitter_use_og":true,"twitter_card":"default","twitter_image_type":"default","twitter_image_custom_url":null,"twitter_image_custom_fields":null,"twitter_title":null,"twitter_description":null,"schema_type":null,"schema_type_options":null,"pillar_content":false,"robots_default":true,"robots_noindex":false,"robots_noarchive":false,"robots_nosnippet":false,"robots_nofollow":false,"robots_noimageindex":false,"robots_noodp":false,"robots_notranslate":false,"robots_max_snippet":null,"robots_max_videopreview":null,"robots_max_imagepreview":"none","tabs":null,"priority":null,"frequency":null,"local_seo":null,"created":"2026-03-20 04:04:28","updated":"2026-04-24 14:03:44"},"aioseo_breadcrumb":"<div class=\"aioseo-breadcrumbs\"><span class=\"aioseo-breadcrumb\">\n\t<a href=\"https:\/\/rjoytek.com\/de\" title=\"Home\">Home<\/a>\n<\/span><span class=\"aioseo-breadcrumb-separator\">\u00bb<\/span><span class=\"aioseo-breadcrumb\">\n\t<a href=\"https:\/\/rjoytek.com\/de\/geschaft\/\" title=\"Shop\">Shop<\/a>\n<\/span><span class=\"aioseo-breadcrumb-separator\">\u00bb<\/span><span class=\"aioseo-breadcrumb\">\n\t<a href=\"https:\/\/rjoytek.com\/de\/produkt-kategorie\/tft-lcd-displaymodul\/\" title=\"TFT LCD Display Module\">TFT LCD Display Module<\/a>\n<\/span><span class=\"aioseo-breadcrumb-separator\">\u00bb<\/span><span class=\"aioseo-breadcrumb\">\n\t12.3 inch Stretched Bar LCD \u2013 Touch Screen, 1920*720 TFT LCD Display for Car\n<\/span><\/div>","aioseo_breadcrumb_json":[{"label":"Home","link":"https:\/\/rjoytek.com\/de"},{"label":"Shop","link":"https:\/\/rjoytek.com\/de\/geschaft\/"},{"label":"TFT LCD Display Module","link":"https:\/\/rjoytek.com\/de\/produkt-kategorie\/tft-lcd-displaymodul\/"},{"label":"12.3 inch Stretched Bar LCD &#8211; Touch Screen, 1920*720 TFT LCD Display for Car","link":"https:\/\/rjoytek.com\/de\/produkt\/rjoytek-123-zoll-gestrecktes-bar-lcd-touchscreen-1920x720-tft-lcd-display-fur-auto\/"}],"_links":{"self":[{"href":"https:\/\/rjoytek.com\/de\/wp-json\/wp\/v2\/product\/7111","targetHints":{"allow":["GET"]}}],"collection":[{"href":"https:\/\/rjoytek.com\/de\/wp-json\/wp\/v2\/product"}],"about":[{"href":"https:\/\/rjoytek.com\/de\/wp-json\/wp\/v2\/types\/product"}],"wp:featuredmedia":[{"embeddable":true,"href":"https:\/\/rjoytek.com\/de\/wp-json\/wp\/v2\/media\/7113"}],"wp:attachment":[{"href":"https:\/\/rjoytek.com\/de\/wp-json\/wp\/v2\/media?parent=7111"}],"wp:term":[{"taxonomy":"product_cat","embeddable":true,"href":"https:\/\/rjoytek.com\/de\/wp-json\/wp\/v2\/product_cat?post=7111"},{"taxonomy":"product_tag","embeddable":true,"href":"https:\/\/rjoytek.com\/de\/wp-json\/wp\/v2\/product_tag?post=7111"}],"curies":[{"name":"wp","href":"https:\/\/api.w.org\/{rel}","templated":true}]}}