{"id":6939,"date":"2022-07-05T06:00:24","date_gmt":"2022-07-05T06:00:24","guid":{"rendered":"https:\/\/rjoytek.com\/?post_type=product&#038;p=6939"},"modified":"2022-07-05T06:00:24","modified_gmt":"2022-07-05T06:00:24","slug":"rjoytek-152-zoll-tft-lcd-modul-ips-touchscreen-lcd-displaypanel","status":"publish","type":"product","link":"https:\/\/rjoytek.com\/de\/produkt\/rjoytek-152-zoll-tft-lcd-modul-ips-touchscreen-lcd-displaypanel\/","title":{"rendered":"RJOYTEK 1,52-Zoll TFT LCD Modul IPS Touchscreen LCD Display Panel"},"content":{"rendered":"<p>RV015L4P-TBD-24 ist ein farbiges Active-Matrix-TFT-LCD-Panel mit 240*283 Aufl\u00f6sung, MIPI-Dateneingang und einer kleinen Diagonale der aktiven Fl\u00e4che von 1,52 Zoll bei QVGA-Aufl\u00f6sungen. Jeder Pixel ist in rote, gr\u00fcne und blaue Punkte unterteilt, die in vertikalen Streifen angeordnet sind. Dieses Panel kann 16,7 Mio. Farben anzeigen.<\/p>\n<table style=\"width: 100%;border-collapse: collapse;border-style: solid;border-color: #d6d6d6\">\n<tbody>\n<tr>\n<td style=\"width: 50%\">Modell<\/td>\n<td style=\"width: 50%\">RV015L4P-TBD-24<\/td>\n<\/tr>\n<tr>\n<td style=\"width: 50%\">Gr\u00f6\u00dfe<\/td>\n<td style=\"width: 50%\">1,52-Zoll-TFT-LCD-Modul<\/td>\n<\/tr>\n<tr>\n<td style=\"width: 50%\">LCD-Typ<\/td>\n<td style=\"width: 50%\">AM TFT, transmissiv, negativ<\/td>\n<\/tr>\n<tr>\n<td style=\"width: 50%\">Anzeigeformat<\/td>\n<td style=\"width: 50%\">240(R,G,B)*283<\/td>\n<\/tr>\n<tr>\n<td style=\"width: 50%\">Eingangsdaten<\/td>\n<td style=\"width: 50%\">MIPI<\/td>\n<\/tr>\n<tr>\n<td style=\"width: 50%\">Betrachtungswinkel<\/td>\n<td style=\"width: 50%\">Alle Uhrrichtungen<\/td>\n<\/tr>\n<tr>\n<td style=\"width: 50%\">IC-Treiber<\/td>\n<td style=\"width: 50%\">JD9851<\/td>\n<\/tr>\n<tr>\n<td style=\"width: 50%\">Anzeigefarben<\/td>\n<td style=\"width: 50%\">16,7 Mio.<\/td>\n<\/tr>\n<tr>\n<td style=\"width: 50%\">Modulgr\u00f6\u00dfe<\/td>\n<td style=\"width: 50%\">27,35(B)\u00d733,97(L)\u00d71,8(H)<\/td>\n<\/tr>\n<tr>\n<td style=\"width: 50%\">CPT-Gr\u00f6\u00dfe<\/td>\n<td style=\"width: 50%\">32,4(B)\u00d729,78(L)\u00d73,82(H)<\/td>\n<\/tr>\n<tr>\n<td style=\"width: 50%\">Aktiver Bereich<\/td>\n<td style=\"width: 50%\">24,91(B)\u00d729,38(L)<\/td>\n<\/tr>\n<tr>\n<td style=\"width: 50%\">Pixelgr\u00f6\u00dfe<\/td>\n<td style=\"width: 50%\">0,0975 \u00d7 0,0975<\/td>\n<\/tr>\n<tr>\n<td style=\"width: 50%\">Betriebstemperatur<\/td>\n<td style=\"width: 50%\">-20 bis +70 \u2103<\/td>\n<\/tr>\n<tr>\n<td style=\"width: 50%\">Lagertemperatur<\/td>\n<td style=\"width: 50%\">-30 bis +80 \u2103<\/td>\n<\/tr>\n<\/tbody>\n<\/table>\n<p><img fetchpriority=\"high\" decoding=\"async\" class=\"aligncenter wp-image-6940 size-full\" src=\"https:\/\/rjoytek.com\/wp-content\/uploads\/2022\/07\/RV0152L4P-TBD-24-lcd.jpg\" alt=\"\" width=\"1500\" height=\"987\" srcset=\"https:\/\/rjoytek.com\/wp-content\/uploads\/2022\/07\/RV0152L4P-TBD-24-lcd.jpg 1500w, https:\/\/rjoytek.com\/wp-content\/uploads\/2022\/07\/RV0152L4P-TBD-24-lcd-1000x658.jpg 1000w, https:\/\/rjoytek.com\/wp-content\/uploads\/2022\/07\/RV0152L4P-TBD-24-lcd-300x197.jpg 300w, https:\/\/rjoytek.com\/wp-content\/uploads\/2022\/07\/RV0152L4P-TBD-24-lcd-1024x674.jpg 1024w, https:\/\/rjoytek.com\/wp-content\/uploads\/2022\/07\/RV0152L4P-TBD-24-lcd-600x395.jpg 600w\" sizes=\"(max-width: 1500px) 100vw, 1500px\" \/><\/p>\n<p>&nbsp;<\/p>\n<p><strong>WEITERE TOUCHSCREEN-PRODUKTE:<\/strong><\/p>\n<table style=\"width: 100%;border-collapse: collapse;border-style: solid;border-color: #d4cdcd\">\n<tbody>\n<tr>\n<td style=\"width: 50%\"><a href=\"https:\/\/rjoytek.com\/product\/rjoytek-2-6-inch-320240-spi-mcu-rgb-interface-tft-lcd-module-wholesale\/\"><img decoding=\"async\" class=\"wp-image-6914 size-full aligncenter\" src=\"https:\/\/rjoytek.com\/wp-content\/uploads\/2022\/07\/2.6-inch-lcd-module.jpg\" alt=\"\" width=\"800\" height=\"800\" srcset=\"https:\/\/rjoytek.com\/wp-content\/uploads\/2022\/07\/2.6-inch-lcd-module.jpg 800w, https:\/\/rjoytek.com\/wp-content\/uploads\/2022\/07\/2.6-inch-lcd-module-200x200.jpg 200w, https:\/\/rjoytek.com\/wp-content\/uploads\/2022\/07\/2.6-inch-lcd-module-300x300.jpg 300w, https:\/\/rjoytek.com\/wp-content\/uploads\/2022\/07\/2.6-inch-lcd-module-150x150.jpg 150w, https:\/\/rjoytek.com\/wp-content\/uploads\/2022\/07\/2.6-inch-lcd-module-230x230.jpg 230w, https:\/\/rjoytek.com\/wp-content\/uploads\/2022\/07\/2.6-inch-lcd-module-70x70.jpg 70w, https:\/\/rjoytek.com\/wp-content\/uploads\/2022\/07\/2.6-inch-lcd-module-315x315.jpg 315w, https:\/\/rjoytek.com\/wp-content\/uploads\/2022\/07\/2.6-inch-lcd-module-600x600.jpg 600w, https:\/\/rjoytek.com\/wp-content\/uploads\/2022\/07\/2.6-inch-lcd-module-100x100.jpg 100w\" sizes=\"(max-width: 800px) 100vw, 800px\" \/><\/a><\/td>\n<td style=\"width: 50%\"><a href=\"https:\/\/rjoytek.com\/product\/custom-lcd-display-1-3-inch-square-tft-capacitive-touch-screen-panel-manufacturer\/\"><img decoding=\"async\" class=\"wp-image-6897 size-full aligncenter\" src=\"https:\/\/rjoytek.com\/wp-content\/uploads\/2022\/06\/1.3-inch-lcd-touch-screen.jpg\" alt=\"\" width=\"800\" height=\"800\" srcset=\"https:\/\/rjoytek.com\/wp-content\/uploads\/2022\/06\/1.3-inch-lcd-touch-screen.jpg 800w, https:\/\/rjoytek.com\/wp-content\/uploads\/2022\/06\/1.3-inch-lcd-touch-screen-200x200.jpg 200w, https:\/\/rjoytek.com\/wp-content\/uploads\/2022\/06\/1.3-inch-lcd-touch-screen-300x300.jpg 300w, https:\/\/rjoytek.com\/wp-content\/uploads\/2022\/06\/1.3-inch-lcd-touch-screen-150x150.jpg 150w, https:\/\/rjoytek.com\/wp-content\/uploads\/2022\/06\/1.3-inch-lcd-touch-screen-230x230.jpg 230w, https:\/\/rjoytek.com\/wp-content\/uploads\/2022\/06\/1.3-inch-lcd-touch-screen-70x70.jpg 70w, https:\/\/rjoytek.com\/wp-content\/uploads\/2022\/06\/1.3-inch-lcd-touch-screen-315x315.jpg 315w, https:\/\/rjoytek.com\/wp-content\/uploads\/2022\/06\/1.3-inch-lcd-touch-screen-600x600.jpg 600w, https:\/\/rjoytek.com\/wp-content\/uploads\/2022\/06\/1.3-inch-lcd-touch-screen-100x100.jpg 100w\" sizes=\"(max-width: 800px) 100vw, 800px\" \/><\/a><\/td>\n<\/tr>\n<tr>\n<td style=\"width: 50%;text-align: center\">2,6-ZOLL-TFT-LCD-TOUCH-DISPLAY-MODUL<\/td>\n<td style=\"width: 50%;text-align: center\">1,3-ZOLL-TFT-LCD-TOUCHSCREEN-MODUL<\/td>\n<\/tr>\n<\/tbody>\n<\/table>","protected":false},"excerpt":{"rendered":"<ul>\n<li>Gr\u00f6\u00dfe: 1,52-Zoll-TFT-LCD-Modul<\/li>\n<li>Aufl\u00f6sung: 240*283<\/li>\n<li>Schnittstelle: MIPI<\/li>\n<li>Touch: Kapazitive Touch-Funktion<\/li>\n<li>Betrachtungswinkel: Alle Positionen (ALL O\u2019clock)<\/li>\n<li>IC-Treiber: JD9851<\/li>\n<li>LCD-Typ: AM TFT, transmissiv, negativ<\/li>\n<\/ul>","protected":false},"featured_media":6941,"template":"","meta":{"_acf_changed":false,"site-sidebar-layout":"default","site-content-layout":"","ast-site-content-layout":"default","site-content-style":"default","site-sidebar-style":"default","ast-global-header-display":"","ast-banner-title-visibility":"","ast-main-header-display":"","ast-hfb-above-header-display":"","ast-hfb-below-header-display":"","ast-hfb-mobile-header-display":"","site-post-title":"","ast-breadcrumbs-content":"","ast-featured-img":"","footer-sml-layout":"","ast-disable-related-posts":"","theme-transparent-header-meta":"","adv-header-id-meta":"","stick-header-meta":"","header-above-stick-meta":"","header-main-stick-meta":"","header-below-stick-meta":"","astra-migrate-meta-layouts":"default","ast-page-background-enabled":"default","ast-page-background-meta":{"desktop":{"background-color":"var(--ast-global-color-5)","background-image":"","background-repeat":"repeat","background-position":"center center","background-size":"auto","background-attachment":"scroll","background-type":"","background-media":"","overlay-type":"","overlay-color":"","overlay-opacity":"","overlay-gradient":""},"tablet":{"background-color":"","background-image":"","background-repeat":"repeat","background-position":"center center","background-size":"auto","background-attachment":"scroll","background-type":"","background-media":"","overlay-type":"","overlay-color":"","overlay-opacity":"","overlay-gradient":""},"mobile":{"background-color":"","background-image":"","background-repeat":"repeat","background-position":"center center","background-size":"auto","background-attachment":"scroll","background-type":"","background-media":"","overlay-type":"","overlay-color":"","overlay-opacity":"","overlay-gradient":""}},"ast-content-background-meta":{"desktop":{"background-color":"var(--ast-global-color-4)","background-image":"","background-repeat":"repeat","background-position":"center center","background-size":"auto","background-attachment":"scroll","background-type":"","background-media":"","overlay-type":"","overlay-color":"","overlay-opacity":"","overlay-gradient":""},"tablet":{"background-color":"var(--ast-global-color-4)","background-image":"","background-repeat":"repeat","background-position":"center center","background-size":"auto","background-attachment":"scroll","background-type":"","background-media":"","overlay-type":"","overlay-color":"","overlay-opacity":"","overlay-gradient":""},"mobile":{"background-color":"var(--ast-global-color-4)","background-image":"","background-repeat":"repeat","background-position":"center center","background-size":"auto","background-attachment":"scroll","background-type":"","background-media":"","overlay-type":"","overlay-color":"","overlay-opacity":"","overlay-gradient":""}}},"product_cat":[114,15],"product_tag":[145,135],"class_list":{"0":"post-6939","1":"product","2":"type-product","3":"status-publish","4":"has-post-thumbnail","6":"product_cat-capacitive-touch-panel","7":"product_cat-tft-lcd-display-module","8":"product_tag-1-52-inch-lcd-module","9":"product_tag-touch-screen","10":"desktop-align-left","11":"tablet-align-left","12":"mobile-align-left","13":"ast-product-gallery-layout-horizontal-slider","14":"ast-magnify-disabled","15":"ast-qv-on-image","17":"first","18":"instock","19":"shipping-taxable","20":"product-type-simple"},"acf":[],"aioseo_notices":[],"aioseo_head":"\n\t\t<!-- All in One SEO Pro 4.8.3.2 - aioseo.com -->\n\t<meta name=\"description\" content=\"Size: 1.52 inch tft lcd module Resolution: 240*283 Interface: MIPI Touch: capacitive touch View Angle: ALL O\u201dclock IC Driver: JD9851 LCD Type: AM TFT ,TRANSMISSIVE, NEGATIVE\" \/>\n\t<meta name=\"robots\" content=\"max-image-preview:large\" \/>\n\t<link rel=\"canonical\" href=\"https:\/\/rjoytek.com\/de\/produkt\/rjoytek-152-zoll-tft-lcd-modul-ips-touchscreen-lcd-displaypanel\/\" \/>\n\t<meta name=\"generator\" content=\"All in One SEO Pro (AIOSEO) 4.8.3.2\" \/>\n\t\t<meta property=\"og:locale\" content=\"de_DE\" \/>\n\t\t<meta property=\"og:site_name\" content=\"RJY Display - Top Custom LCD, TFT, OLED Display Manufacturer &amp; Supplier in China.\" \/>\n\t\t<meta property=\"og:type\" content=\"article\" \/>\n\t\t<meta property=\"og:title\" content=\"RJOYTEK 1.52 inch TFT LCD Module IPS Touch Screen LCD Display Panel - Capacitive Touch Panel - Top Custom LCD, TFT, OLED Display Manufacturer &amp; Supplier in China.\" \/>\n\t\t<meta property=\"og:description\" content=\"Size: 1.52 inch tft lcd module Resolution: 240*283 Interface: MIPI Touch: capacitive touch View Angle: ALL O\u201dclock IC Driver: JD9851 LCD Type: AM TFT ,TRANSMISSIVE, NEGATIVE\" \/>\n\t\t<meta property=\"og:url\" content=\"https:\/\/rjoytek.com\/de\/produkt\/rjoytek-152-zoll-tft-lcd-modul-ips-touchscreen-lcd-displaypanel\/\" \/>\n\t\t<meta property=\"og:image\" content=\"https:\/\/rjoytek.com\/wp-content\/uploads\/2024\/08\/cropped-LOGO.png\" \/>\n\t\t<meta property=\"og:image:secure_url\" content=\"https:\/\/rjoytek.com\/wp-content\/uploads\/2024\/08\/cropped-LOGO.png\" \/>\n\t\t<meta property=\"og:image:width\" content=\"512\" \/>\n\t\t<meta property=\"og:image:height\" content=\"512\" \/>\n\t\t<meta property=\"article:published_time\" content=\"2022-07-05T06:00:24+00:00\" \/>\n\t\t<meta property=\"article:modified_time\" content=\"2022-07-05T06:00:24+00:00\" \/>\n\t\t<meta property=\"article:publisher\" content=\"https:\/\/www.facebook.com\/RjoytekLCDSolution\" \/>\n\t\t<meta name=\"twitter:card\" content=\"summary_large_image\" \/>\n\t\t<meta name=\"twitter:title\" content=\"RJOYTEK 1.52 inch TFT LCD Module IPS Touch Screen LCD Display Panel - Capacitive Touch Panel - Top Custom LCD, TFT, OLED Display Manufacturer &amp; Supplier in China.\" \/>\n\t\t<meta name=\"twitter:description\" content=\"Size: 1.52 inch tft lcd module Resolution: 240*283 Interface: MIPI Touch: capacitive touch View Angle: ALL O\u201dclock IC Driver: JD9851 LCD Type: AM TFT ,TRANSMISSIVE, NEGATIVE\" \/>\n\t\t<meta name=\"twitter:image\" content=\"https:\/\/rjoytek.com\/wp-content\/uploads\/2024\/08\/cropped-LOGO.png\" \/>\n\t\t<script type=\"application\/ld+json\" class=\"aioseo-schema\">\n\t\t\t{\"@context\":\"https:\\\/\\\/schema.org\",\"@graph\":[{\"@type\":\"BreadcrumbList\",\"@id\":\"https:\\\/\\\/rjoytek.com\\\/de\\\/produkt\\\/rjoytek-152-zoll-tft-lcd-modul-ips-touchscreen-lcd-displaypanel\\\/#breadcrumblist\",\"itemListElement\":[{\"@type\":\"ListItem\",\"@id\":\"https:\\\/\\\/rjoytek.com\\\/de#listItem\",\"position\":1,\"name\":\"Home\",\"item\":\"https:\\\/\\\/rjoytek.com\\\/de\",\"nextItem\":{\"@type\":\"ListItem\",\"@id\":\"https:\\\/\\\/rjoytek.com\\\/de\\\/geschaft\\\/#listItem\",\"name\":\"Shop\"}},{\"@type\":\"ListItem\",\"@id\":\"https:\\\/\\\/rjoytek.com\\\/de\\\/geschaft\\\/#listItem\",\"position\":2,\"name\":\"Shop\",\"item\":\"https:\\\/\\\/rjoytek.com\\\/de\\\/geschaft\\\/\",\"nextItem\":{\"@type\":\"ListItem\",\"@id\":\"https:\\\/\\\/rjoytek.com\\\/de\\\/produkt-kategorie\\\/tft-lcd-displaymodul\\\/#listItem\",\"name\":\"TFT LCD Display Module\"},\"previousItem\":{\"@type\":\"ListItem\",\"@id\":\"https:\\\/\\\/rjoytek.com\\\/de#listItem\",\"name\":\"Home\"}},{\"@type\":\"ListItem\",\"@id\":\"https:\\\/\\\/rjoytek.com\\\/de\\\/produkt-kategorie\\\/tft-lcd-displaymodul\\\/#listItem\",\"position\":3,\"name\":\"TFT LCD Display Module\",\"item\":\"https:\\\/\\\/rjoytek.com\\\/de\\\/produkt-kategorie\\\/tft-lcd-displaymodul\\\/\",\"nextItem\":{\"@type\":\"ListItem\",\"@id\":\"https:\\\/\\\/rjoytek.com\\\/de\\\/produkt\\\/rjoytek-152-zoll-tft-lcd-modul-ips-touchscreen-lcd-displaypanel\\\/#listItem\",\"name\":\"RJOYTEK 1.52 inch TFT LCD Module IPS Touch Screen LCD Display Panel\"},\"previousItem\":{\"@type\":\"ListItem\",\"@id\":\"https:\\\/\\\/rjoytek.com\\\/de\\\/geschaft\\\/#listItem\",\"name\":\"Shop\"}},{\"@type\":\"ListItem\",\"@id\":\"https:\\\/\\\/rjoytek.com\\\/de\\\/produkt\\\/rjoytek-152-zoll-tft-lcd-modul-ips-touchscreen-lcd-displaypanel\\\/#listItem\",\"position\":4,\"name\":\"RJOYTEK 1.52 inch TFT LCD Module IPS Touch Screen LCD Display Panel\",\"previousItem\":{\"@type\":\"ListItem\",\"@id\":\"https:\\\/\\\/rjoytek.com\\\/de\\\/produkt-kategorie\\\/tft-lcd-displaymodul\\\/#listItem\",\"name\":\"TFT LCD Display Module\"}}]},{\"@type\":\"Organization\",\"@id\":\"https:\\\/\\\/rjoytek.com\\\/de\\\/#organization\",\"name\":\"RJY Display\",\"description\":\"Top Custom LCD, TFT, OLED Display Manufacturer & Supplier in China.\",\"url\":\"https:\\\/\\\/rjoytek.com\\\/de\\\/\",\"telephone\":\"+8618872893408\",\"logo\":{\"@type\":\"ImageObject\",\"url\":\"https:\\\/\\\/rjoytek.com\\\/wp-content\\\/uploads\\\/2025\\\/07\\\/LOGO1-scaled.png\",\"@id\":\"https:\\\/\\\/rjoytek.com\\\/de\\\/produkt\\\/rjoytek-152-zoll-tft-lcd-modul-ips-touchscreen-lcd-displaypanel\\\/#organizationLogo\",\"width\":2560,\"height\":416},\"image\":{\"@id\":\"https:\\\/\\\/rjoytek.com\\\/de\\\/produkt\\\/rjoytek-152-zoll-tft-lcd-modul-ips-touchscreen-lcd-displaypanel\\\/#organizationLogo\"},\"sameAs\":[\"https:\\\/\\\/www.facebook.com\\\/RjoytekLCDSolution\",\"https:\\\/\\\/www.youtube.com\\\/@lcdsolution-RJOYTEK\",\"https:\\\/\\\/www.linkedin.com\\\/company\\\/rjoytek-lcd-solution\"]},{\"@type\":\"WebPage\",\"@id\":\"https:\\\/\\\/rjoytek.com\\\/de\\\/produkt\\\/rjoytek-152-zoll-tft-lcd-modul-ips-touchscreen-lcd-displaypanel\\\/#webpage\",\"url\":\"https:\\\/\\\/rjoytek.com\\\/de\\\/produkt\\\/rjoytek-152-zoll-tft-lcd-modul-ips-touchscreen-lcd-displaypanel\\\/\",\"name\":\"RJOYTEK 1.52 inch TFT LCD Module IPS Touch Screen LCD Display Panel - Capacitive Touch Panel - Top Custom LCD, TFT, OLED Display Manufacturer & Supplier in China.\",\"description\":\"Size: 1.52 inch tft lcd module Resolution: 240*283 Interface: MIPI Touch: capacitive touch View Angle: ALL O\\u201dclock IC Driver: JD9851 LCD Type: AM TFT ,TRANSMISSIVE, NEGATIVE\",\"inLanguage\":\"de-DE\",\"isPartOf\":{\"@id\":\"https:\\\/\\\/rjoytek.com\\\/de\\\/#website\"},\"breadcrumb\":{\"@id\":\"https:\\\/\\\/rjoytek.com\\\/de\\\/produkt\\\/rjoytek-152-zoll-tft-lcd-modul-ips-touchscreen-lcd-displaypanel\\\/#breadcrumblist\"},\"image\":{\"@type\":\"ImageObject\",\"url\":\"https:\\\/\\\/rjoytek.com\\\/wp-content\\\/uploads\\\/2022\\\/07\\\/1.5-inch-tft-lcd-module.jpg\",\"@id\":\"https:\\\/\\\/rjoytek.com\\\/de\\\/produkt\\\/rjoytek-152-zoll-tft-lcd-modul-ips-touchscreen-lcd-displaypanel\\\/#mainImage\",\"width\":800,\"height\":800},\"primaryImageOfPage\":{\"@id\":\"https:\\\/\\\/rjoytek.com\\\/de\\\/produkt\\\/rjoytek-152-zoll-tft-lcd-modul-ips-touchscreen-lcd-displaypanel\\\/#mainImage\"},\"datePublished\":\"2022-07-05T06:00:24+00:00\",\"dateModified\":\"2022-07-05T06:00:24+00:00\"},{\"@type\":\"WebSite\",\"@id\":\"https:\\\/\\\/rjoytek.com\\\/de\\\/#website\",\"url\":\"https:\\\/\\\/rjoytek.com\\\/de\\\/\",\"name\":\"RJY Display\",\"description\":\"Top Custom LCD, TFT, OLED Display Manufacturer & Supplier in China.\",\"inLanguage\":\"de-DE\",\"publisher\":{\"@id\":\"https:\\\/\\\/rjoytek.com\\\/de\\\/#organization\"}}]}\n\t\t<\/script>\n\t\t<!-- All in One SEO Pro -->\r\n\t\t<title>RJOYTEK 1.52 inch TFT LCD Module IPS Touch Screen LCD Display Panel - Capacitive Touch Panel - Top Custom LCD, TFT, OLED Display Manufacturer &amp; Supplier in China.<\/title>\n\n","aioseo_head_json":{"title":"RJOYTEK 1,52-Zoll TFT-LCD-Modul IPS-Touchscreen-LCD-Displaypanel - Kapazitives Touchpanel - F\u00fchrender Hersteller und Lieferant von kundenspezifischen LCD-, TFT- und OLED-Displays in China.","description":"Gr\u00f6\u00dfe: 1,52-Zoll-TFT-LCD-Modul","canonical_url":"https:\/\/rjoytek.com\/de\/produkt\/rjoytek-152-zoll-tft-lcd-modul-ips-touchscreen-lcd-displaypanel\/","robots":"max-image-preview:large","keywords":"","webmasterTools":{"miscellaneous":""},"schema":{"@context":"https:\/\/schema.org","@graph":[{"@type":"BreadcrumbList","@id":"https:\/\/rjoytek.com\/de\/produkt\/rjoytek-152-zoll-tft-lcd-modul-ips-touchscreen-lcd-displaypanel\/#breadcrumblist","itemListElement":[{"@type":"ListItem","@id":"https:\/\/rjoytek.com\/de#listItem","position":1,"name":"Home","item":"https:\/\/rjoytek.com\/de","nextItem":{"@type":"ListItem","@id":"https:\/\/rjoytek.com\/de\/geschaft\/#listItem","name":"Shop"}},{"@type":"ListItem","@id":"https:\/\/rjoytek.com\/de\/geschaft\/#listItem","position":2,"name":"Shop","item":"https:\/\/rjoytek.com\/de\/geschaft\/","nextItem":{"@type":"ListItem","@id":"https:\/\/rjoytek.com\/de\/produkt-kategorie\/tft-lcd-displaymodul\/#listItem","name":"TFT LCD Display Module"},"previousItem":{"@type":"ListItem","@id":"https:\/\/rjoytek.com\/de#listItem","name":"Home"}},{"@type":"ListItem","@id":"https:\/\/rjoytek.com\/de\/produkt-kategorie\/tft-lcd-displaymodul\/#listItem","position":3,"name":"TFT LCD Display Module","item":"https:\/\/rjoytek.com\/de\/produkt-kategorie\/tft-lcd-displaymodul\/","nextItem":{"@type":"ListItem","@id":"https:\/\/rjoytek.com\/de\/produkt\/rjoytek-152-zoll-tft-lcd-modul-ips-touchscreen-lcd-displaypanel\/#listItem","name":"RJOYTEK 1.52 inch TFT LCD Module IPS Touch Screen LCD Display Panel"},"previousItem":{"@type":"ListItem","@id":"https:\/\/rjoytek.com\/de\/geschaft\/#listItem","name":"Shop"}},{"@type":"ListItem","@id":"https:\/\/rjoytek.com\/de\/produkt\/rjoytek-152-zoll-tft-lcd-modul-ips-touchscreen-lcd-displaypanel\/#listItem","position":4,"name":"RJOYTEK 1.52 inch TFT LCD Module IPS Touch Screen LCD Display Panel","previousItem":{"@type":"ListItem","@id":"https:\/\/rjoytek.com\/de\/produkt-kategorie\/tft-lcd-displaymodul\/#listItem","name":"TFT LCD Display Module"}}]},{"@type":"Organization","@id":"https:\/\/rjoytek.com\/de\/#organization","name":"RJY Display","description":"Top Custom LCD, TFT, OLED Display Manufacturer & Supplier in China.","url":"https:\/\/rjoytek.com\/de\/","telephone":"+8618872893408","logo":{"@type":"ImageObject","url":"https:\/\/rjoytek.com\/wp-content\/uploads\/2025\/07\/LOGO1-scaled.png","@id":"https:\/\/rjoytek.com\/de\/produkt\/rjoytek-152-zoll-tft-lcd-modul-ips-touchscreen-lcd-displaypanel\/#organizationLogo","width":2560,"height":416},"image":{"@id":"https:\/\/rjoytek.com\/de\/produkt\/rjoytek-152-zoll-tft-lcd-modul-ips-touchscreen-lcd-displaypanel\/#organizationLogo"},"sameAs":["https:\/\/www.facebook.com\/RjoytekLCDSolution","https:\/\/www.youtube.com\/@lcdsolution-RJOYTEK","https:\/\/www.linkedin.com\/company\/rjoytek-lcd-solution"]},{"@type":"WebPage","@id":"https:\/\/rjoytek.com\/de\/produkt\/rjoytek-152-zoll-tft-lcd-modul-ips-touchscreen-lcd-displaypanel\/#webpage","url":"https:\/\/rjoytek.com\/de\/produkt\/rjoytek-152-zoll-tft-lcd-modul-ips-touchscreen-lcd-displaypanel\/","name":"RJOYTEK 1.52 inch TFT LCD Module IPS Touch Screen LCD Display Panel - Capacitive Touch Panel - Top Custom LCD, TFT, OLED Display Manufacturer & Supplier in China.","description":"Size: 1.52 inch tft lcd module Resolution: 240*283 Interface: MIPI Touch: capacitive touch View Angle: ALL O\u201dclock IC Driver: JD9851 LCD Type: AM TFT ,TRANSMISSIVE, NEGATIVE","inLanguage":"de-DE","isPartOf":{"@id":"https:\/\/rjoytek.com\/de\/#website"},"breadcrumb":{"@id":"https:\/\/rjoytek.com\/de\/produkt\/rjoytek-152-zoll-tft-lcd-modul-ips-touchscreen-lcd-displaypanel\/#breadcrumblist"},"image":{"@type":"ImageObject","url":"https:\/\/rjoytek.com\/wp-content\/uploads\/2022\/07\/1.5-inch-tft-lcd-module.jpg","@id":"https:\/\/rjoytek.com\/de\/produkt\/rjoytek-152-zoll-tft-lcd-modul-ips-touchscreen-lcd-displaypanel\/#mainImage","width":800,"height":800},"primaryImageOfPage":{"@id":"https:\/\/rjoytek.com\/de\/produkt\/rjoytek-152-zoll-tft-lcd-modul-ips-touchscreen-lcd-displaypanel\/#mainImage"},"datePublished":"2022-07-05T06:00:24+00:00","dateModified":"2022-07-05T06:00:24+00:00"},{"@type":"WebSite","@id":"https:\/\/rjoytek.com\/de\/#website","url":"https:\/\/rjoytek.com\/de\/","name":"RJY Display","description":"Top Custom LCD, TFT, OLED Display Manufacturer & Supplier in China.","inLanguage":"de-DE","publisher":{"@id":"https:\/\/rjoytek.com\/de\/#organization"}}]},"og:locale":"de_DE","og:site_name":"RJY Display - Top Custom LCD, TFT, OLED Display Manufacturer &amp; Supplier in China.","og:type":"article","og:title":"RJOYTEK 1.52 inch TFT LCD Module IPS Touch Screen LCD Display Panel - Capacitive Touch Panel - Top Custom LCD, TFT, OLED Display Manufacturer &amp; Supplier in China.","og:description":"Size: 1.52 inch tft lcd module Resolution: 240*283 Interface: MIPI Touch: capacitive touch View Angle: ALL O\u201dclock IC Driver: JD9851 LCD Type: AM TFT ,TRANSMISSIVE, NEGATIVE","og:url":"https:\/\/rjoytek.com\/de\/produkt\/rjoytek-152-zoll-tft-lcd-modul-ips-touchscreen-lcd-displaypanel\/","og:image":"https:\/\/rjoytek.com\/wp-content\/uploads\/2024\/08\/cropped-LOGO.png","og:image:secure_url":"https:\/\/rjoytek.com\/wp-content\/uploads\/2024\/08\/cropped-LOGO.png","og:image:width":512,"og:image:height":512,"article:published_time":"2022-07-05T06:00:24+00:00","article:modified_time":"2022-07-05T06:00:24+00:00","article:publisher":"https:\/\/www.facebook.com\/RjoytekLCDSolution","twitter:card":"summary_large_image","twitter:title":"RJOYTEK 1.52 inch TFT LCD Module IPS Touch Screen LCD Display Panel - Capacitive Touch Panel - Top Custom LCD, TFT, OLED Display Manufacturer &amp; Supplier in China.","twitter:description":"Size: 1.52 inch tft lcd module Resolution: 240*283 Interface: MIPI Touch: capacitive touch View Angle: ALL O\u201dclock IC Driver: JD9851 LCD Type: AM TFT ,TRANSMISSIVE, NEGATIVE","twitter:image":"https:\/\/rjoytek.com\/wp-content\/uploads\/2024\/08\/cropped-LOGO.png"},"aioseo_meta_data":{"post_id":"6939","title":null,"description":null,"keywords":null,"keyphrases":null,"canonical_url":null,"og_title":null,"og_description":null,"og_object_type":"default","og_image_type":"default","og_image_custom_url":null,"og_image_custom_fields":null,"og_custom_image_width":null,"og_custom_image_height":null,"og_video":null,"og_custom_url":null,"og_article_section":null,"og_article_tags":null,"twitter_use_og":true,"twitter_card":"default","twitter_image_type":"default","twitter_image_custom_url":null,"twitter_image_custom_fields":null,"twitter_title":null,"twitter_description":null,"schema_type":null,"schema_type_options":null,"pillar_content":false,"robots_default":true,"robots_noindex":false,"robots_noarchive":false,"robots_nosnippet":false,"robots_nofollow":false,"robots_noimageindex":false,"robots_noodp":false,"robots_notranslate":false,"robots_max_snippet":null,"robots_max_videopreview":null,"robots_max_imagepreview":"none","tabs":null,"priority":null,"frequency":null,"local_seo":null,"created":"2026-03-20 04:02:28","updated":"2026-04-09 08:50:58"},"aioseo_breadcrumb":"<div class=\"aioseo-breadcrumbs\"><span class=\"aioseo-breadcrumb\">\n\t<a href=\"https:\/\/rjoytek.com\/de\" title=\"Home\">Home<\/a>\n<\/span><span class=\"aioseo-breadcrumb-separator\">\u00bb<\/span><span class=\"aioseo-breadcrumb\">\n\t<a href=\"https:\/\/rjoytek.com\/de\/geschaft\/\" title=\"Shop\">Shop<\/a>\n<\/span><span class=\"aioseo-breadcrumb-separator\">\u00bb<\/span><span class=\"aioseo-breadcrumb\">\n\t<a href=\"https:\/\/rjoytek.com\/de\/produkt-kategorie\/tft-lcd-displaymodul\/\" title=\"TFT LCD Display Module\">TFT LCD Display Module<\/a>\n<\/span><span class=\"aioseo-breadcrumb-separator\">\u00bb<\/span><span class=\"aioseo-breadcrumb\">\n\tRJOYTEK 1.52 inch TFT LCD Module IPS Touch Screen LCD Display Panel\n<\/span><\/div>","aioseo_breadcrumb_json":[{"label":"Home","link":"https:\/\/rjoytek.com\/de"},{"label":"Shop","link":"https:\/\/rjoytek.com\/de\/geschaft\/"},{"label":"TFT LCD Display Module","link":"https:\/\/rjoytek.com\/de\/produkt-kategorie\/tft-lcd-displaymodul\/"},{"label":"RJOYTEK 1.52 inch TFT LCD Module IPS Touch Screen LCD Display Panel","link":"https:\/\/rjoytek.com\/de\/produkt\/rjoytek-152-zoll-tft-lcd-modul-ips-touchscreen-lcd-displaypanel\/"}],"_links":{"self":[{"href":"https:\/\/rjoytek.com\/de\/wp-json\/wp\/v2\/product\/6939","targetHints":{"allow":["GET"]}}],"collection":[{"href":"https:\/\/rjoytek.com\/de\/wp-json\/wp\/v2\/product"}],"about":[{"href":"https:\/\/rjoytek.com\/de\/wp-json\/wp\/v2\/types\/product"}],"wp:featuredmedia":[{"embeddable":true,"href":"https:\/\/rjoytek.com\/de\/wp-json\/wp\/v2\/media\/6941"}],"wp:attachment":[{"href":"https:\/\/rjoytek.com\/de\/wp-json\/wp\/v2\/media?parent=6939"}],"wp:term":[{"taxonomy":"product_cat","embeddable":true,"href":"https:\/\/rjoytek.com\/de\/wp-json\/wp\/v2\/product_cat?post=6939"},{"taxonomy":"product_tag","embeddable":true,"href":"https:\/\/rjoytek.com\/de\/wp-json\/wp\/v2\/product_tag?post=6939"}],"curies":[{"name":"wp","href":"https:\/\/api.w.org\/{rel}","templated":true}]}}