{"id":6903,"date":"2022-06-30T07:53:16","date_gmt":"2022-06-30T07:53:16","guid":{"rendered":"https:\/\/rjoytek.com\/?post_type=product&#038;p=6903"},"modified":"2022-06-30T07:53:16","modified_gmt":"2022-06-30T07:53:16","slug":"1080p-ips-gaming-monitor-238-zoll-1920x1080-desktop-pc-monitor-vga-audio-lcd-monitore","status":"publish","type":"product","link":"https:\/\/rjoytek.com\/de\/produkt\/1080p-ips-gaming-monitor-238-zoll-1920x1080-desktop-pc-monitor-vga-audio-lcd-monitore\/","title":{"rendered":"\u82f1\u5bf8\u5355\u4f4d\u4f7f\u7528\"Zoll\"\u4e14\u6570\u5b57\u683c\u5f0f\u6539\u4e3a\"23,8\"\uff08\u9017\u53f7\u4f5c\u5c0f\u6570\u70b9\uff09"},"content":{"rendered":"<p>Dieser PC-Monitor hat 23,8 Zoll bei 1920*1080 Aufl\u00f6sung, 5-Tasten-Steuerung, Lautsprecher und HDMI-Unterst\u00fctzung.<\/p>\n<table style=\"width: 100%;border-collapse: collapse;border-style: solid;border-color: #c7c3c3\">\n<tbody>\n<tr>\n<td style=\"width: 50%\">Modell<\/td>\n<td style=\"width: 50%\">P238W<\/td>\n<\/tr>\n<tr>\n<td style=\"width: 50%\">Gr\u00f6\u00dfe<\/td>\n<td style=\"width: 50%\">23,8-Zoll-LCD-Monitor<\/td>\n<\/tr>\n<tr>\n<td style=\"width: 50%\">Panel<\/td>\n<td style=\"width: 50%\">AUO M238HVN01.0\/HKC PN238CS03-1<\/td>\n<\/tr>\n<tr>\n<td style=\"width: 50%\">Paneltyp<\/td>\n<td style=\"width: 50%\">VA\/IPS<\/td>\n<\/tr>\n<tr>\n<td style=\"width: 50%\">Kontrastverh\u00e4ltnis<\/td>\n<td style=\"width: 50%\">16:9<\/td>\n<\/tr>\n<tr>\n<td style=\"width: 50%\">Aktive Displaygr\u00f6\u00dfe (H*V)<\/td>\n<td style=\"width: 50%\">527,04 (H) x 296,46 (V)<\/td>\n<\/tr>\n<tr>\n<td style=\"width: 50%\">Aufl\u00f6sung<\/td>\n<td style=\"width: 50%\">1920*1080<\/td>\n<\/tr>\n<tr>\n<td style=\"width: 50%\">Hintergrundbeleuchtungstyp<\/td>\n<td style=\"width: 50%\">ELED<\/td>\n<\/tr>\n<tr>\n<td style=\"width: 50%\">Helligkeit (TYP)<\/td>\n<td style=\"width: 50%\">250 (MIN) 280 (TYP)<\/td>\n<\/tr>\n<tr>\n<td style=\"width: 50%\">Standard-Farbtemperatur (K)<\/td>\n<td style=\"width: 50%\">6500K<\/td>\n<\/tr>\n<tr>\n<td style=\"width: 50%\">Statisches Kontrastverh\u00e4ltnis<\/td>\n<td style=\"width: 50%\">1000:1<\/td>\n<\/tr>\n<tr>\n<td style=\"width: 50%\">Farbunterst\u00fctzung<\/td>\n<td style=\"width: 50%\">16,78 Mio.<\/td>\n<\/tr>\n<tr>\n<td style=\"width: 50%\">Farbraum<\/td>\n<td style=\"width: 50%\">NTSC 72%<\/td>\n<\/tr>\n<tr>\n<td style=\"width: 50%\">Betrachtungswinkel (H\/V)<\/td>\n<td style=\"width: 50%\">178\/178<\/td>\n<\/tr>\n<tr>\n<td style=\"width: 50%\">Ansprechzeit<\/td>\n<td style=\"width: 50%\">16ms\/14ms<\/td>\n<\/tr>\n<tr>\n<td style=\"width: 50%\">Aktualisierungsrate<\/td>\n<td style=\"width: 50%\">60Hz-75Hz<\/td>\n<\/tr>\n<tr>\n<td style=\"width: 50%\">Dot Pitch Panel<\/td>\n<td style=\"width: 50%\">0,2745 (H) x 0,2745 (V) mm<\/td>\n<\/tr>\n<tr>\n<td style=\"width: 50%\">Eingangssignal-Schnittstelle<\/td>\n<td style=\"width: 50%\">VGA+HDMI+Audio<\/td>\n<\/tr>\n<tr>\n<td style=\"width: 50%\">Version (HDMI\/DP)<\/td>\n<td style=\"width: 50%\">HDMI 1.9<\/td>\n<\/tr>\n<tr>\n<td style=\"width: 50%\">Lautsprecher<\/td>\n<td style=\"width: 50%\">8\u03a92W*2<\/td>\n<\/tr>\n<tr>\n<td style=\"width: 50%\">Stromversorgungseingang<\/td>\n<td style=\"width: 50%\">DC 12V, Min 3A<\/td>\n<\/tr>\n<tr>\n<td style=\"width: 50%\">Stromversorgungstyp<\/td>\n<td style=\"width: 50%\">Externes Netzteil<\/td>\n<\/tr>\n<tr>\n<td style=\"width: 50%\">Stromverbrauch<\/td>\n<td style=\"width: 50%\">36W max<\/td>\n<\/tr>\n<tr>\n<td style=\"width: 50%\">Abmessungen<\/td>\n<td style=\"width: 50%\">540 (B) * 314 (H) * 48 mm (T) (ohne Standfu\u00df)<br \/>\n540 (B) * 314 (H) * 162 mm (T) (mit Standfu\u00df)<\/td>\n<\/tr>\n<tr>\n<td style=\"width: 50%\">Kartongr\u00f6\u00dfe<\/td>\n<td style=\"width: 50%\">605 (B) * 450 (H) * 103 mm (T)<\/td>\n<\/tr>\n<tr>\n<td style=\"width: 50%\">Nettogewicht<\/td>\n<td style=\"width: 50%\">2,52 kg<\/td>\n<\/tr>\n<tr>\n<td style=\"width: 50%\">Bruttogewicht<\/td>\n<td style=\"width: 50%\">3,5 kg<\/td>\n<\/tr>\n<tr>\n<td style=\"width: 50%\">Lagertemperaturbereich<\/td>\n<td style=\"width: 50%\">-20\u00b0C ~ +60\u00b0C<\/td>\n<\/tr>\n<tr>\n<td style=\"width: 50%\">Betriebstemperaturbereich<\/td>\n<td style=\"width: 50%\">0\u00b0C ~ +40\u00b0C<\/td>\n<\/tr>\n<tr>\n<td style=\"width: 50%\">Betriebsluftfeuchtigkeit<\/td>\n<td style=\"width: 50%\">10%-80%<\/td>\n<\/tr>\n<\/tbody>\n<\/table>","protected":false},"excerpt":{"rendered":"<ul>\n<li>Gr\u00f6\u00dfe: 23,8-Zoll-LCD-Monitor<\/li>\n<li>Bildwiederholfrequenz: 60Hz-75Hz<\/li>\n<li>Aufl\u00f6sung: 1920*1080<\/li>\n<li>Kontrastverh\u00e4ltnis: 16:9<\/li>\n<li>Helligkeit (TYP): 250 (MIN) 280 (TYP)<\/li>\n<li>Standard-Farbtemperatur (K): 6500K<\/li>\n<li>Reaktionszeit: 16ms\/14ms<\/li>\n<li>Eingangssignal-Schnittstelle: VGA+HDMI+Audio<\/li>\n<li>Version (HDMI\/DP): HDMI 1.9<\/li>\n<li>Stromversorgungseingang: DC 12V, Min 3A<\/li>\n<li>Lautsprecher: 8\u03a92W*2<\/li>\n<\/ul>","protected":false},"featured_media":6904,"template":"","meta":{"_acf_changed":false,"site-sidebar-layout":"default","site-content-layout":"","ast-site-content-layout":"default","site-content-style":"default","site-sidebar-style":"default","ast-global-header-display":"","ast-banner-title-visibility":"","ast-main-header-display":"","ast-hfb-above-header-display":"","ast-hfb-below-header-display":"","ast-hfb-mobile-header-display":"","site-post-title":"","ast-breadcrumbs-content":"","ast-featured-img":"","footer-sml-layout":"","ast-disable-related-posts":"","theme-transparent-header-meta":"","adv-header-id-meta":"","stick-header-meta":"","header-above-stick-meta":"","header-main-stick-meta":"","header-below-stick-meta":"","astra-migrate-meta-layouts":"default","ast-page-background-enabled":"default","ast-page-background-meta":{"desktop":{"background-color":"var(--ast-global-color-5)","background-image":"","background-repeat":"repeat","background-position":"center center","background-size":"auto","background-attachment":"scroll","background-type":"","background-media":"","overlay-type":"","overlay-color":"","overlay-opacity":"","overlay-gradient":""},"tablet":{"background-color":"","background-image":"","background-repeat":"repeat","background-position":"center center","background-size":"auto","background-attachment":"scroll","background-type":"","background-media":"","overlay-type":"","overlay-color":"","overlay-opacity":"","overlay-gradient":""},"mobile":{"background-color":"","background-image":"","background-repeat":"repeat","background-position":"center center","background-size":"auto","background-attachment":"scroll","background-type":"","background-media":"","overlay-type":"","overlay-color":"","overlay-opacity":"","overlay-gradient":""}},"ast-content-background-meta":{"desktop":{"background-color":"var(--ast-global-color-4)","background-image":"","background-repeat":"repeat","background-position":"center center","background-size":"auto","background-attachment":"scroll","background-type":"","background-media":"","overlay-type":"","overlay-color":"","overlay-opacity":"","overlay-gradient":""},"tablet":{"background-color":"var(--ast-global-color-4)","background-image":"","background-repeat":"repeat","background-position":"center center","background-size":"auto","background-attachment":"scroll","background-type":"","background-media":"","overlay-type":"","overlay-color":"","overlay-opacity":"","overlay-gradient":""},"mobile":{"background-color":"var(--ast-global-color-4)","background-image":"","background-repeat":"repeat","background-position":"center center","background-size":"auto","background-attachment":"scroll","background-type":"","background-media":"","overlay-type":"","overlay-color":"","overlay-opacity":"","overlay-gradient":""}}},"product_cat":[111],"product_tag":[],"class_list":{"0":"post-6903","1":"product","2":"type-product","3":"status-publish","4":"has-post-thumbnail","6":"product_cat-lcd-monitor","7":"desktop-align-left","8":"tablet-align-left","9":"mobile-align-left","10":"ast-product-gallery-layout-horizontal-slider","11":"ast-magnify-disabled","12":"ast-qv-on-image","14":"first","15":"instock","16":"shipping-taxable","17":"product-type-simple"},"acf":[],"aioseo_notices":[],"aioseo_head":"\n\t\t<!-- All in One SEO Pro 4.8.3.2 - aioseo.com -->\n\t<meta name=\"description\" content=\"Size: 23.8 inch lcd monitor Refresh Rate: 60Hz-75Hz Resolution: 1920*1080 Contrast Ratio: 16:9 Brightness\uff08TYP): 250(MIN)280(TYP) Default Color Temp (K): 6500K Response Time: 16ms\/14ms Input signal interface: VGA+HDMI+Audio Version\uff08HDMI\/DP): HDMI 1.9 Power input: DC 12V, Min 3A Speaker: 8\u03a92W*2\" \/>\n\t<meta name=\"robots\" content=\"max-image-preview:large\" \/>\n\t<link rel=\"canonical\" href=\"https:\/\/rjoytek.com\/de\/produkt\/1080p-ips-gaming-monitor-238-zoll-1920x1080-desktop-pc-monitor-vga-audio-lcd-monitore\/\" \/>\n\t<meta name=\"generator\" content=\"All in One SEO Pro (AIOSEO) 4.8.3.2\" \/>\n\t\t<meta property=\"og:locale\" content=\"de_DE\" \/>\n\t\t<meta property=\"og:site_name\" content=\"RJY Display - Top Custom LCD, TFT, OLED Display Manufacturer &amp; Supplier in China.\" \/>\n\t\t<meta property=\"og:type\" content=\"article\" \/>\n\t\t<meta property=\"og:title\" content=\"1080p IPS Gaming Monitor 23.8 inch 1920*1080 Desktop PC Monitor VGA Audio LCD Monitors - LCD Monitor - Top Custom LCD, TFT, OLED Display Manufacturer &amp; Supplier in China.\" \/>\n\t\t<meta property=\"og:description\" content=\"Size: 23.8 inch lcd monitor Refresh Rate: 60Hz-75Hz Resolution: 1920*1080 Contrast Ratio: 16:9 Brightness\uff08TYP): 250(MIN)280(TYP) Default Color Temp (K): 6500K Response Time: 16ms\/14ms Input signal interface: VGA+HDMI+Audio Version\uff08HDMI\/DP): HDMI 1.9 Power input: DC 12V, Min 3A Speaker: 8\u03a92W*2\" \/>\n\t\t<meta property=\"og:url\" content=\"https:\/\/rjoytek.com\/de\/produkt\/1080p-ips-gaming-monitor-238-zoll-1920x1080-desktop-pc-monitor-vga-audio-lcd-monitore\/\" \/>\n\t\t<meta property=\"og:image\" content=\"https:\/\/rjoytek.com\/wp-content\/uploads\/2024\/08\/cropped-LOGO.png\" \/>\n\t\t<meta property=\"og:image:secure_url\" content=\"https:\/\/rjoytek.com\/wp-content\/uploads\/2024\/08\/cropped-LOGO.png\" \/>\n\t\t<meta property=\"og:image:width\" content=\"512\" \/>\n\t\t<meta property=\"og:image:height\" content=\"512\" \/>\n\t\t<meta property=\"article:published_time\" content=\"2022-06-30T07:53:16+00:00\" \/>\n\t\t<meta property=\"article:modified_time\" content=\"2022-06-30T07:53:16+00:00\" \/>\n\t\t<meta property=\"article:publisher\" content=\"https:\/\/www.facebook.com\/RjoytekLCDSolution\" \/>\n\t\t<meta name=\"twitter:card\" content=\"summary_large_image\" \/>\n\t\t<meta name=\"twitter:title\" content=\"1080p IPS Gaming Monitor 23.8 inch 1920*1080 Desktop PC Monitor VGA Audio LCD Monitors - LCD Monitor - Top Custom LCD, TFT, OLED Display Manufacturer &amp; Supplier in China.\" \/>\n\t\t<meta name=\"twitter:description\" content=\"Size: 23.8 inch lcd monitor Refresh Rate: 60Hz-75Hz Resolution: 1920*1080 Contrast Ratio: 16:9 Brightness\uff08TYP): 250(MIN)280(TYP) Default Color Temp (K): 6500K Response Time: 16ms\/14ms Input signal interface: VGA+HDMI+Audio Version\uff08HDMI\/DP): HDMI 1.9 Power input: DC 12V, Min 3A Speaker: 8\u03a92W*2\" \/>\n\t\t<meta name=\"twitter:image\" content=\"https:\/\/rjoytek.com\/wp-content\/uploads\/2024\/08\/cropped-LOGO.png\" \/>\n\t\t<script type=\"application\/ld+json\" class=\"aioseo-schema\">\n\t\t\t{\"@context\":\"https:\\\/\\\/schema.org\",\"@graph\":[{\"@type\":\"BreadcrumbList\",\"@id\":\"https:\\\/\\\/rjoytek.com\\\/de\\\/produkt\\\/1080p-ips-gaming-monitor-238-zoll-1920x1080-desktop-pc-monitor-vga-audio-lcd-monitore\\\/#breadcrumblist\",\"itemListElement\":[{\"@type\":\"ListItem\",\"@id\":\"https:\\\/\\\/rjoytek.com\\\/de#listItem\",\"position\":1,\"name\":\"Home\",\"item\":\"https:\\\/\\\/rjoytek.com\\\/de\",\"nextItem\":{\"@type\":\"ListItem\",\"@id\":\"https:\\\/\\\/rjoytek.com\\\/de\\\/geschaft\\\/#listItem\",\"name\":\"Shop\"}},{\"@type\":\"ListItem\",\"@id\":\"https:\\\/\\\/rjoytek.com\\\/de\\\/geschaft\\\/#listItem\",\"position\":2,\"name\":\"Shop\",\"item\":\"https:\\\/\\\/rjoytek.com\\\/de\\\/geschaft\\\/\",\"nextItem\":{\"@type\":\"ListItem\",\"@id\":\"https:\\\/\\\/rjoytek.com\\\/de\\\/produkt-kategorie\\\/lcd-monitor\\\/#listItem\",\"name\":\"LCD Monitor\"},\"previousItem\":{\"@type\":\"ListItem\",\"@id\":\"https:\\\/\\\/rjoytek.com\\\/de#listItem\",\"name\":\"Home\"}},{\"@type\":\"ListItem\",\"@id\":\"https:\\\/\\\/rjoytek.com\\\/de\\\/produkt-kategorie\\\/lcd-monitor\\\/#listItem\",\"position\":3,\"name\":\"LCD Monitor\",\"item\":\"https:\\\/\\\/rjoytek.com\\\/de\\\/produkt-kategorie\\\/lcd-monitor\\\/\",\"nextItem\":{\"@type\":\"ListItem\",\"@id\":\"https:\\\/\\\/rjoytek.com\\\/de\\\/produkt\\\/1080p-ips-gaming-monitor-238-zoll-1920x1080-desktop-pc-monitor-vga-audio-lcd-monitore\\\/#listItem\",\"name\":\"1080p IPS Gaming Monitor 23.8 inch 1920*1080 Desktop PC Monitor VGA Audio LCD Monitors\"},\"previousItem\":{\"@type\":\"ListItem\",\"@id\":\"https:\\\/\\\/rjoytek.com\\\/de\\\/geschaft\\\/#listItem\",\"name\":\"Shop\"}},{\"@type\":\"ListItem\",\"@id\":\"https:\\\/\\\/rjoytek.com\\\/de\\\/produkt\\\/1080p-ips-gaming-monitor-238-zoll-1920x1080-desktop-pc-monitor-vga-audio-lcd-monitore\\\/#listItem\",\"position\":4,\"name\":\"1080p IPS Gaming Monitor 23.8 inch 1920*1080 Desktop PC Monitor VGA Audio LCD Monitors\",\"previousItem\":{\"@type\":\"ListItem\",\"@id\":\"https:\\\/\\\/rjoytek.com\\\/de\\\/produkt-kategorie\\\/lcd-monitor\\\/#listItem\",\"name\":\"LCD Monitor\"}}]},{\"@type\":\"Organization\",\"@id\":\"https:\\\/\\\/rjoytek.com\\\/de\\\/#organization\",\"name\":\"RJY Display\",\"description\":\"Top Custom LCD, TFT, OLED Display Manufacturer & Supplier in China.\",\"url\":\"https:\\\/\\\/rjoytek.com\\\/de\\\/\",\"telephone\":\"+8618872893408\",\"logo\":{\"@type\":\"ImageObject\",\"url\":\"https:\\\/\\\/rjoytek.com\\\/wp-content\\\/uploads\\\/2025\\\/07\\\/LOGO1-scaled.png\",\"@id\":\"https:\\\/\\\/rjoytek.com\\\/de\\\/produkt\\\/1080p-ips-gaming-monitor-238-zoll-1920x1080-desktop-pc-monitor-vga-audio-lcd-monitore\\\/#organizationLogo\",\"width\":2560,\"height\":416},\"image\":{\"@id\":\"https:\\\/\\\/rjoytek.com\\\/de\\\/produkt\\\/1080p-ips-gaming-monitor-238-zoll-1920x1080-desktop-pc-monitor-vga-audio-lcd-monitore\\\/#organizationLogo\"},\"sameAs\":[\"https:\\\/\\\/www.facebook.com\\\/RjoytekLCDSolution\",\"https:\\\/\\\/www.youtube.com\\\/@lcdsolution-RJOYTEK\",\"https:\\\/\\\/www.linkedin.com\\\/company\\\/rjoytek-lcd-solution\"]},{\"@type\":\"WebPage\",\"@id\":\"https:\\\/\\\/rjoytek.com\\\/de\\\/produkt\\\/1080p-ips-gaming-monitor-238-zoll-1920x1080-desktop-pc-monitor-vga-audio-lcd-monitore\\\/#webpage\",\"url\":\"https:\\\/\\\/rjoytek.com\\\/de\\\/produkt\\\/1080p-ips-gaming-monitor-238-zoll-1920x1080-desktop-pc-monitor-vga-audio-lcd-monitore\\\/\",\"name\":\"1080p IPS Gaming Monitor 23.8 inch 1920*1080 Desktop PC Monitor VGA Audio LCD Monitors - LCD Monitor - Top Custom LCD, TFT, OLED Display Manufacturer & Supplier in China.\",\"description\":\"Size: 23.8 inch lcd monitor Refresh Rate: 60Hz-75Hz Resolution: 1920*1080 Contrast Ratio: 16:9 Brightness\\uff08TYP): 250(MIN)280(TYP) Default Color Temp (K): 6500K Response Time: 16ms\\\/14ms Input signal interface: VGA+HDMI+Audio Version\\uff08HDMI\\\/DP): HDMI 1.9 Power input: DC 12V, Min 3A Speaker: 8\\u03a92W*2\",\"inLanguage\":\"de-DE\",\"isPartOf\":{\"@id\":\"https:\\\/\\\/rjoytek.com\\\/de\\\/#website\"},\"breadcrumb\":{\"@id\":\"https:\\\/\\\/rjoytek.com\\\/de\\\/produkt\\\/1080p-ips-gaming-monitor-238-zoll-1920x1080-desktop-pc-monitor-vga-audio-lcd-monitore\\\/#breadcrumblist\"},\"image\":{\"@type\":\"ImageObject\",\"url\":\"https:\\\/\\\/rjoytek.com\\\/wp-content\\\/uploads\\\/2022\\\/06\\\/1-12.jpg\",\"@id\":\"https:\\\/\\\/rjoytek.com\\\/de\\\/produkt\\\/1080p-ips-gaming-monitor-238-zoll-1920x1080-desktop-pc-monitor-vga-audio-lcd-monitore\\\/#mainImage\",\"width\":800,\"height\":800},\"primaryImageOfPage\":{\"@id\":\"https:\\\/\\\/rjoytek.com\\\/de\\\/produkt\\\/1080p-ips-gaming-monitor-238-zoll-1920x1080-desktop-pc-monitor-vga-audio-lcd-monitore\\\/#mainImage\"},\"datePublished\":\"2022-06-30T07:53:16+00:00\",\"dateModified\":\"2022-06-30T07:53:16+00:00\"},{\"@type\":\"WebSite\",\"@id\":\"https:\\\/\\\/rjoytek.com\\\/de\\\/#website\",\"url\":\"https:\\\/\\\/rjoytek.com\\\/de\\\/\",\"name\":\"RJY Display\",\"description\":\"Top Custom LCD, TFT, OLED Display Manufacturer & Supplier in China.\",\"inLanguage\":\"de-DE\",\"publisher\":{\"@id\":\"https:\\\/\\\/rjoytek.com\\\/de\\\/#organization\"}}]}\n\t\t<\/script>\n\t\t<!-- All in One SEO Pro -->\r\n\t\t<title>1080p IPS Gaming Monitor 23.8 inch 1920*1080 Desktop PC Monitor VGA Audio LCD Monitors - LCD Monitor - Top Custom LCD, TFT, OLED Display Manufacturer &amp; Supplier in China.<\/title>\n\n","aioseo_head_json":{"title":"1080p IPS Gaming Monitor 23,8 Zoll 1920*1080 Desktop-PC-Monitor VGA Audio LCD-Monitore - LCD-Monitor - F\u00fchrender Hersteller und Lieferant von ma\u00dfgeschneiderten LCD-, TFT- und OLED-Displays in China.","description":"Gr\u00f6\u00dfe: 23,8-Zoll-LCD-Monitor","canonical_url":"https:\/\/rjoytek.com\/de\/produkt\/1080p-ips-gaming-monitor-238-zoll-1920x1080-desktop-pc-monitor-vga-audio-lcd-monitore\/","robots":"max-image-preview:large","keywords":"","webmasterTools":{"miscellaneous":""},"schema":{"@context":"https:\/\/schema.org","@graph":[{"@type":"BreadcrumbList","@id":"https:\/\/rjoytek.com\/de\/produkt\/1080p-ips-gaming-monitor-238-zoll-1920x1080-desktop-pc-monitor-vga-audio-lcd-monitore\/#breadcrumblist","itemListElement":[{"@type":"ListItem","@id":"https:\/\/rjoytek.com\/de#listItem","position":1,"name":"Home","item":"https:\/\/rjoytek.com\/de","nextItem":{"@type":"ListItem","@id":"https:\/\/rjoytek.com\/de\/geschaft\/#listItem","name":"Shop"}},{"@type":"ListItem","@id":"https:\/\/rjoytek.com\/de\/geschaft\/#listItem","position":2,"name":"Shop","item":"https:\/\/rjoytek.com\/de\/geschaft\/","nextItem":{"@type":"ListItem","@id":"https:\/\/rjoytek.com\/de\/produkt-kategorie\/lcd-monitor\/#listItem","name":"LCD Monitor"},"previousItem":{"@type":"ListItem","@id":"https:\/\/rjoytek.com\/de#listItem","name":"Home"}},{"@type":"ListItem","@id":"https:\/\/rjoytek.com\/de\/produkt-kategorie\/lcd-monitor\/#listItem","position":3,"name":"LCD Monitor","item":"https:\/\/rjoytek.com\/de\/produkt-kategorie\/lcd-monitor\/","nextItem":{"@type":"ListItem","@id":"https:\/\/rjoytek.com\/de\/produkt\/1080p-ips-gaming-monitor-238-zoll-1920x1080-desktop-pc-monitor-vga-audio-lcd-monitore\/#listItem","name":"1080p IPS Gaming Monitor 23.8 inch 1920*1080 Desktop PC Monitor VGA Audio LCD Monitors"},"previousItem":{"@type":"ListItem","@id":"https:\/\/rjoytek.com\/de\/geschaft\/#listItem","name":"Shop"}},{"@type":"ListItem","@id":"https:\/\/rjoytek.com\/de\/produkt\/1080p-ips-gaming-monitor-238-zoll-1920x1080-desktop-pc-monitor-vga-audio-lcd-monitore\/#listItem","position":4,"name":"1080p IPS Gaming Monitor 23.8 inch 1920*1080 Desktop PC Monitor VGA Audio LCD Monitors","previousItem":{"@type":"ListItem","@id":"https:\/\/rjoytek.com\/de\/produkt-kategorie\/lcd-monitor\/#listItem","name":"LCD Monitor"}}]},{"@type":"Organization","@id":"https:\/\/rjoytek.com\/de\/#organization","name":"RJY Display","description":"Top Custom LCD, TFT, OLED Display Manufacturer & Supplier in China.","url":"https:\/\/rjoytek.com\/de\/","telephone":"+8618872893408","logo":{"@type":"ImageObject","url":"https:\/\/rjoytek.com\/wp-content\/uploads\/2025\/07\/LOGO1-scaled.png","@id":"https:\/\/rjoytek.com\/de\/produkt\/1080p-ips-gaming-monitor-238-zoll-1920x1080-desktop-pc-monitor-vga-audio-lcd-monitore\/#organizationLogo","width":2560,"height":416},"image":{"@id":"https:\/\/rjoytek.com\/de\/produkt\/1080p-ips-gaming-monitor-238-zoll-1920x1080-desktop-pc-monitor-vga-audio-lcd-monitore\/#organizationLogo"},"sameAs":["https:\/\/www.facebook.com\/RjoytekLCDSolution","https:\/\/www.youtube.com\/@lcdsolution-RJOYTEK","https:\/\/www.linkedin.com\/company\/rjoytek-lcd-solution"]},{"@type":"WebPage","@id":"https:\/\/rjoytek.com\/de\/produkt\/1080p-ips-gaming-monitor-238-zoll-1920x1080-desktop-pc-monitor-vga-audio-lcd-monitore\/#webpage","url":"https:\/\/rjoytek.com\/de\/produkt\/1080p-ips-gaming-monitor-238-zoll-1920x1080-desktop-pc-monitor-vga-audio-lcd-monitore\/","name":"1080p IPS Gaming Monitor 23.8 inch 1920*1080 Desktop PC Monitor VGA Audio LCD Monitors - LCD Monitor - Top Custom LCD, TFT, OLED Display Manufacturer & Supplier in China.","description":"Size: 23.8 inch lcd monitor Refresh Rate: 60Hz-75Hz Resolution: 1920*1080 Contrast Ratio: 16:9 Brightness\uff08TYP): 250(MIN)280(TYP) Default Color Temp (K): 6500K Response Time: 16ms\/14ms Input signal interface: VGA+HDMI+Audio Version\uff08HDMI\/DP): HDMI 1.9 Power input: DC 12V, Min 3A Speaker: 8\u03a92W*2","inLanguage":"de-DE","isPartOf":{"@id":"https:\/\/rjoytek.com\/de\/#website"},"breadcrumb":{"@id":"https:\/\/rjoytek.com\/de\/produkt\/1080p-ips-gaming-monitor-238-zoll-1920x1080-desktop-pc-monitor-vga-audio-lcd-monitore\/#breadcrumblist"},"image":{"@type":"ImageObject","url":"https:\/\/rjoytek.com\/wp-content\/uploads\/2022\/06\/1-12.jpg","@id":"https:\/\/rjoytek.com\/de\/produkt\/1080p-ips-gaming-monitor-238-zoll-1920x1080-desktop-pc-monitor-vga-audio-lcd-monitore\/#mainImage","width":800,"height":800},"primaryImageOfPage":{"@id":"https:\/\/rjoytek.com\/de\/produkt\/1080p-ips-gaming-monitor-238-zoll-1920x1080-desktop-pc-monitor-vga-audio-lcd-monitore\/#mainImage"},"datePublished":"2022-06-30T07:53:16+00:00","dateModified":"2022-06-30T07:53:16+00:00"},{"@type":"WebSite","@id":"https:\/\/rjoytek.com\/de\/#website","url":"https:\/\/rjoytek.com\/de\/","name":"RJY Display","description":"Top Custom LCD, TFT, OLED Display Manufacturer & Supplier in China.","inLanguage":"de-DE","publisher":{"@id":"https:\/\/rjoytek.com\/de\/#organization"}}]},"og:locale":"de_DE","og:site_name":"RJY Display - Top Custom LCD, TFT, OLED Display Manufacturer &amp; Supplier in China.","og:type":"article","og:title":"1080p IPS Gaming Monitor 23.8 inch 1920*1080 Desktop PC Monitor VGA Audio LCD Monitors - LCD Monitor - Top Custom LCD, TFT, OLED Display Manufacturer &amp; Supplier in China.","og:description":"Size: 23.8 inch lcd monitor Refresh Rate: 60Hz-75Hz Resolution: 1920*1080 Contrast Ratio: 16:9 Brightness\uff08TYP): 250(MIN)280(TYP) Default Color Temp (K): 6500K Response Time: 16ms\/14ms Input signal interface: VGA+HDMI+Audio Version\uff08HDMI\/DP): HDMI 1.9 Power input: DC 12V, Min 3A Speaker: 8\u03a92W*2","og:url":"https:\/\/rjoytek.com\/de\/produkt\/1080p-ips-gaming-monitor-238-zoll-1920x1080-desktop-pc-monitor-vga-audio-lcd-monitore\/","og:image":"https:\/\/rjoytek.com\/wp-content\/uploads\/2024\/08\/cropped-LOGO.png","og:image:secure_url":"https:\/\/rjoytek.com\/wp-content\/uploads\/2024\/08\/cropped-LOGO.png","og:image:width":512,"og:image:height":512,"article:published_time":"2022-06-30T07:53:16+00:00","article:modified_time":"2022-06-30T07:53:16+00:00","article:publisher":"https:\/\/www.facebook.com\/RjoytekLCDSolution","twitter:card":"summary_large_image","twitter:title":"1080p IPS Gaming Monitor 23.8 inch 1920*1080 Desktop PC Monitor VGA Audio LCD Monitors - LCD Monitor - Top Custom LCD, TFT, OLED Display Manufacturer &amp; Supplier in China.","twitter:description":"Size: 23.8 inch lcd monitor Refresh Rate: 60Hz-75Hz Resolution: 1920*1080 Contrast Ratio: 16:9 Brightness\uff08TYP): 250(MIN)280(TYP) Default Color Temp (K): 6500K Response Time: 16ms\/14ms Input signal interface: VGA+HDMI+Audio Version\uff08HDMI\/DP): HDMI 1.9 Power input: DC 12V, Min 3A Speaker: 8\u03a92W*2","twitter:image":"https:\/\/rjoytek.com\/wp-content\/uploads\/2024\/08\/cropped-LOGO.png"},"aioseo_meta_data":{"post_id":"6903","title":null,"description":null,"keywords":null,"keyphrases":null,"canonical_url":null,"og_title":null,"og_description":null,"og_object_type":"default","og_image_type":"default","og_image_custom_url":null,"og_image_custom_fields":null,"og_custom_image_width":null,"og_custom_image_height":null,"og_video":null,"og_custom_url":null,"og_article_section":null,"og_article_tags":null,"twitter_use_og":true,"twitter_card":"default","twitter_image_type":"default","twitter_image_custom_url":null,"twitter_image_custom_fields":null,"twitter_title":null,"twitter_description":null,"schema_type":null,"schema_type_options":null,"pillar_content":false,"robots_default":true,"robots_noindex":false,"robots_noarchive":false,"robots_nosnippet":false,"robots_nofollow":false,"robots_noimageindex":false,"robots_noodp":false,"robots_notranslate":false,"robots_max_snippet":null,"robots_max_videopreview":null,"robots_max_imagepreview":"none","tabs":null,"priority":null,"frequency":null,"local_seo":null,"created":"2026-03-20 04:02:28","updated":"2026-04-25 18:47:37"},"aioseo_breadcrumb":"<div class=\"aioseo-breadcrumbs\"><span class=\"aioseo-breadcrumb\">\n\t<a href=\"https:\/\/rjoytek.com\/de\" title=\"Home\">Home<\/a>\n<\/span><span class=\"aioseo-breadcrumb-separator\">\u00bb<\/span><span class=\"aioseo-breadcrumb\">\n\t<a href=\"https:\/\/rjoytek.com\/de\/geschaft\/\" title=\"Shop\">Shop<\/a>\n<\/span><span class=\"aioseo-breadcrumb-separator\">\u00bb<\/span><span class=\"aioseo-breadcrumb\">\n\t<a href=\"https:\/\/rjoytek.com\/de\/produkt-kategorie\/lcd-monitor\/\" title=\"LCD Monitor\">LCD Monitor<\/a>\n<\/span><span class=\"aioseo-breadcrumb-separator\">\u00bb<\/span><span class=\"aioseo-breadcrumb\">\n\t1080p IPS Gaming Monitor 23.8 inch 1920*1080 Desktop PC Monitor VGA Audio LCD Monitors\n<\/span><\/div>","aioseo_breadcrumb_json":[{"label":"Home","link":"https:\/\/rjoytek.com\/de"},{"label":"Shop","link":"https:\/\/rjoytek.com\/de\/geschaft\/"},{"label":"LCD Monitor","link":"https:\/\/rjoytek.com\/de\/produkt-kategorie\/lcd-monitor\/"},{"label":"1080p IPS Gaming Monitor 23.8 inch 1920*1080 Desktop PC Monitor VGA Audio LCD Monitors","link":"https:\/\/rjoytek.com\/de\/produkt\/1080p-ips-gaming-monitor-238-zoll-1920x1080-desktop-pc-monitor-vga-audio-lcd-monitore\/"}],"_links":{"self":[{"href":"https:\/\/rjoytek.com\/de\/wp-json\/wp\/v2\/product\/6903","targetHints":{"allow":["GET"]}}],"collection":[{"href":"https:\/\/rjoytek.com\/de\/wp-json\/wp\/v2\/product"}],"about":[{"href":"https:\/\/rjoytek.com\/de\/wp-json\/wp\/v2\/types\/product"}],"wp:featuredmedia":[{"embeddable":true,"href":"https:\/\/rjoytek.com\/de\/wp-json\/wp\/v2\/media\/6904"}],"wp:attachment":[{"href":"https:\/\/rjoytek.com\/de\/wp-json\/wp\/v2\/media?parent=6903"}],"wp:term":[{"taxonomy":"product_cat","embeddable":true,"href":"https:\/\/rjoytek.com\/de\/wp-json\/wp\/v2\/product_cat?post=6903"},{"taxonomy":"product_tag","embeddable":true,"href":"https:\/\/rjoytek.com\/de\/wp-json\/wp\/v2\/product_tag?post=6903"}],"curies":[{"name":"wp","href":"https:\/\/api.w.org\/{rel}","templated":true}]}}