{"id":6781,"date":"2022-06-24T04:00:48","date_gmt":"2022-06-24T04:00:48","guid":{"rendered":"https:\/\/rjoytek.com\/?post_type=product&#038;p=6781"},"modified":"2025-03-03T08:17:15","modified_gmt":"2025-03-03T08:17:15","slug":"rjoytek-28-zoll-rundes-480x480-ips-tft-lcd-modul-mit-touchscreen","status":"publish","type":"product","link":"https:\/\/rjoytek.com\/de\/produkt\/rjoytek-28-zoll-rundes-480x480-ips-tft-lcd-modul-mit-touchscreen\/","title":{"rendered":"2,8 Zoll rundes LCD-Display \u2013 480*480 IPS TFT LCD-Modul, Touchscreen"},"content":{"rendered":"<p>RJOYTEK 2,8 Zoll rundes 480*480 IPS TFT LCD-Modul Touchscreen, dieses 2,8 Zoll runde LCD-Display mit Touchfunktion und 400 cd\/m\u00b2 Helligkeit.<\/p>\n<p>RV028Z6M-400-40 ist ein kleines kreisf\u00f6rmiges TFT LCD-Panel, dieses runde 2,8 Zoll LCD-Display mit Touchfunktion, verf\u00fcgt \u00fcber RGB-Schnittstelle mit 40 Polen, Anwendung f\u00fcr Kaffeemaschinen oder Mikrowellenherde.<\/p>\n<p>&nbsp;<\/p>\n<table style=\"width: 100%; border-collapse: collapse; border-style: solid; border-color: #d9d7d7;\">\n<tbody>\n<tr>\n<td style=\"width: 33.3333%;\">&nbsp;<\/p>\n<p><a href=\"https:\/\/rjoytek.com\/product\/rjoytek-2-1-inch-480480-ips-round-lcd-panel-rgb-spi-lcd-module\/\"><img fetchpriority=\"high\" decoding=\"async\" class=\"size-medium wp-image-6771 aligncenter\" src=\"https:\/\/rjoytek.com\/wp-content\/uploads\/2022\/06\/2.1inch-round-lcd-module-300x300.jpg\" alt=\"\" width=\"300\" height=\"300\" srcset=\"https:\/\/rjoytek.com\/wp-content\/uploads\/2022\/06\/2.1inch-round-lcd-module-300x300.jpg 300w, https:\/\/rjoytek.com\/wp-content\/uploads\/2022\/06\/2.1inch-round-lcd-module-200x200.jpg 200w, https:\/\/rjoytek.com\/wp-content\/uploads\/2022\/06\/2.1inch-round-lcd-module-150x150.jpg 150w, https:\/\/rjoytek.com\/wp-content\/uploads\/2022\/06\/2.1inch-round-lcd-module-230x230.jpg 230w, https:\/\/rjoytek.com\/wp-content\/uploads\/2022\/06\/2.1inch-round-lcd-module-70x70.jpg 70w, https:\/\/rjoytek.com\/wp-content\/uploads\/2022\/06\/2.1inch-round-lcd-module-315x315.jpg 315w, https:\/\/rjoytek.com\/wp-content\/uploads\/2022\/06\/2.1inch-round-lcd-module-600x600.jpg 600w, https:\/\/rjoytek.com\/wp-content\/uploads\/2022\/06\/2.1inch-round-lcd-module-100x100.jpg 100w, https:\/\/rjoytek.com\/wp-content\/uploads\/2022\/06\/2.1inch-round-lcd-module.jpg 800w\" sizes=\"(max-width: 300px) 100vw, 300px\" \/><\/a><\/td>\n<td style=\"width: 33.3333%;\"><a href=\"https:\/\/rjoytek.com\/product\/rjoytek-2-5-inch-480480-tft-circular-lcd-display-module\/\"><img decoding=\"async\" class=\"size-medium wp-image-6762 aligncenter\" src=\"https:\/\/rjoytek.com\/wp-content\/uploads\/2022\/06\/2.5inch-lcd-module-300x300.jpg\" alt=\"\" width=\"300\" height=\"300\" srcset=\"https:\/\/rjoytek.com\/wp-content\/uploads\/2022\/06\/2.5inch-lcd-module-300x300.jpg 300w, https:\/\/rjoytek.com\/wp-content\/uploads\/2022\/06\/2.5inch-lcd-module-200x200.jpg 200w, https:\/\/rjoytek.com\/wp-content\/uploads\/2022\/06\/2.5inch-lcd-module-150x150.jpg 150w, https:\/\/rjoytek.com\/wp-content\/uploads\/2022\/06\/2.5inch-lcd-module-230x230.jpg 230w, https:\/\/rjoytek.com\/wp-content\/uploads\/2022\/06\/2.5inch-lcd-module-70x70.jpg 70w, https:\/\/rjoytek.com\/wp-content\/uploads\/2022\/06\/2.5inch-lcd-module-315x315.jpg 315w, https:\/\/rjoytek.com\/wp-content\/uploads\/2022\/06\/2.5inch-lcd-module-600x600.jpg 600w, https:\/\/rjoytek.com\/wp-content\/uploads\/2022\/06\/2.5inch-lcd-module-100x100.jpg 100w, https:\/\/rjoytek.com\/wp-content\/uploads\/2022\/06\/2.5inch-lcd-module.jpg 1000w\" sizes=\"(max-width: 300px) 100vw, 300px\" \/><\/a><\/td>\n<td style=\"width: 33.3333%;\"><a href=\"https:\/\/rjoytek.com\/product\/rjoytek-12-3-inch-automotive-lcd-display-1920720-tft-lcd-module\/\"><img decoding=\"async\" class=\"size-medium wp-image-6736 aligncenter\" src=\"https:\/\/rjoytek.com\/wp-content\/uploads\/2022\/06\/1-6-300x300.jpg\" alt=\"\" width=\"300\" height=\"300\" srcset=\"https:\/\/rjoytek.com\/wp-content\/uploads\/2022\/06\/1-6-300x300.jpg 300w, https:\/\/rjoytek.com\/wp-content\/uploads\/2022\/06\/1-6-200x200.jpg 200w, https:\/\/rjoytek.com\/wp-content\/uploads\/2022\/06\/1-6-150x150.jpg 150w, https:\/\/rjoytek.com\/wp-content\/uploads\/2022\/06\/1-6-230x230.jpg 230w, https:\/\/rjoytek.com\/wp-content\/uploads\/2022\/06\/1-6-70x70.jpg 70w, https:\/\/rjoytek.com\/wp-content\/uploads\/2022\/06\/1-6-315x315.jpg 315w, https:\/\/rjoytek.com\/wp-content\/uploads\/2022\/06\/1-6-600x600.jpg 600w, https:\/\/rjoytek.com\/wp-content\/uploads\/2022\/06\/1-6-100x100.jpg 100w, https:\/\/rjoytek.com\/wp-content\/uploads\/2022\/06\/1-6.jpg 800w\" sizes=\"(max-width: 300px) 100vw, 300px\" \/><\/a><\/td>\n<\/tr>\n<tr>\n<td style=\"width: 33.3333%; text-align: center;\"><strong>2,1 Zoll TFT LCD-Modul<\/strong><\/td>\n<td style=\"width: 33.3333%; text-align: center;\"><strong>2,5 Zoll rundes TFT LCD-Modul<\/strong><\/td>\n<td style=\"width: 33.3333%; text-align: center;\"><strong>12,3 Zoll barentyp TFT LCD-Display<\/strong><\/td>\n<\/tr>\n<\/tbody>\n<\/table>","protected":false},"excerpt":{"rendered":"<ul>\n<li>Gr\u00f6\u00dfe: 2,8 Zoll TFT LCD-Modul<\/li>\n<li>Aufl\u00f6sung: 480*480<\/li>\n<li>Touch: mit Touchfunktion<\/li>\n<li>Eingangsdaten: RGB<\/li>\n<li>IC-Treiber: ST7701S<\/li>\n<li>LCM-Helligkeit: 400 cd\/m\u00b2<\/li>\n<\/ul>","protected":false},"featured_media":6790,"template":"","meta":{"_acf_changed":false,"site-sidebar-layout":"default","site-content-layout":"","ast-site-content-layout":"default","site-content-style":"default","site-sidebar-style":"default","ast-global-header-display":"","ast-banner-title-visibility":"","ast-main-header-display":"","ast-hfb-above-header-display":"","ast-hfb-below-header-display":"","ast-hfb-mobile-header-display":"","site-post-title":"","ast-breadcrumbs-content":"","ast-featured-img":"","footer-sml-layout":"","ast-disable-related-posts":"","theme-transparent-header-meta":"","adv-header-id-meta":"","stick-header-meta":"","header-above-stick-meta":"","header-main-stick-meta":"","header-below-stick-meta":"","astra-migrate-meta-layouts":"default","ast-page-background-enabled":"default","ast-page-background-meta":{"desktop":{"background-color":"var(--ast-global-color-5)","background-image":"","background-repeat":"repeat","background-position":"center center","background-size":"auto","background-attachment":"scroll","background-type":"","background-media":"","overlay-type":"","overlay-color":"","overlay-opacity":"","overlay-gradient":""},"tablet":{"background-color":"","background-image":"","background-repeat":"repeat","background-position":"center center","background-size":"auto","background-attachment":"scroll","background-type":"","background-media":"","overlay-type":"","overlay-color":"","overlay-opacity":"","overlay-gradient":""},"mobile":{"background-color":"","background-image":"","background-repeat":"repeat","background-position":"center center","background-size":"auto","background-attachment":"scroll","background-type":"","background-media":"","overlay-type":"","overlay-color":"","overlay-opacity":"","overlay-gradient":""}},"ast-content-background-meta":{"desktop":{"background-color":"var(--ast-global-color-4)","background-image":"","background-repeat":"repeat","background-position":"center center","background-size":"auto","background-attachment":"scroll","background-type":"","background-media":"","overlay-type":"","overlay-color":"","overlay-opacity":"","overlay-gradient":""},"tablet":{"background-color":"var(--ast-global-color-4)","background-image":"","background-repeat":"repeat","background-position":"center center","background-size":"auto","background-attachment":"scroll","background-type":"","background-media":"","overlay-type":"","overlay-color":"","overlay-opacity":"","overlay-gradient":""},"mobile":{"background-color":"var(--ast-global-color-4)","background-image":"","background-repeat":"repeat","background-position":"center center","background-size":"auto","background-attachment":"scroll","background-type":"","background-media":"","overlay-type":"","overlay-color":"","overlay-opacity":"","overlay-gradient":""}}},"product_cat":[114,128,15],"product_tag":[],"class_list":{"0":"post-6781","1":"product","2":"type-product","3":"status-publish","4":"has-post-thumbnail","6":"product_cat-capacitive-touch-panel","7":"product_cat-round-lcd-display","8":"product_cat-tft-lcd-display-module","9":"pa_brightness-506","10":"pa_interface-rgb","11":"pa_resolution-480x480","12":"pa_size-2-8","13":"desktop-align-left","14":"tablet-align-left","15":"mobile-align-left","16":"ast-product-gallery-layout-horizontal-slider","17":"ast-magnify-disabled","18":"ast-qv-on-image","20":"first","21":"instock","22":"shipping-taxable","23":"product-type-simple"},"acf":[],"aioseo_notices":[],"aioseo_head":"\n\t\t<!-- All in One SEO Pro 4.8.3.2 - aioseo.com -->\n\t<meta name=\"description\" content=\"Size: 2.8 inch tft lcd module Resolution: 480*480 Touch: with touch Input Data: RGB IC Driver: ST7701S LCM Luminance: 400 cd\/m\u00b2\" \/>\n\t<meta name=\"robots\" content=\"max-image-preview:large\" \/>\n\t<link rel=\"canonical\" href=\"https:\/\/rjoytek.com\/de\/produkt\/rjoytek-28-zoll-rundes-480x480-ips-tft-lcd-modul-mit-touchscreen\/\" \/>\n\t<meta name=\"generator\" content=\"All in One SEO Pro (AIOSEO) 4.8.3.2\" \/>\n\t\t<meta property=\"og:locale\" content=\"de_DE\" \/>\n\t\t<meta property=\"og:site_name\" content=\"RJY Display - Top Custom LCD, TFT, OLED Display Manufacturer &amp; Supplier in China.\" \/>\n\t\t<meta property=\"og:type\" content=\"article\" \/>\n\t\t<meta property=\"og:title\" content=\"2.8 inch Round LCD Display \u2013 480*480 IPS TFT LCD Module, Touch Screen - Capacitive Touch Panel - Top Custom LCD, TFT, OLED Display Manufacturer &amp; Supplier in China.\" \/>\n\t\t<meta property=\"og:description\" content=\"Size: 2.8 inch tft lcd module Resolution: 480*480 Touch: with touch Input Data: RGB IC Driver: ST7701S LCM Luminance: 400 cd\/m\u00b2\" \/>\n\t\t<meta property=\"og:url\" content=\"https:\/\/rjoytek.com\/de\/produkt\/rjoytek-28-zoll-rundes-480x480-ips-tft-lcd-modul-mit-touchscreen\/\" \/>\n\t\t<meta property=\"og:image\" content=\"https:\/\/rjoytek.com\/wp-content\/uploads\/2024\/08\/cropped-LOGO.png\" \/>\n\t\t<meta property=\"og:image:secure_url\" content=\"https:\/\/rjoytek.com\/wp-content\/uploads\/2024\/08\/cropped-LOGO.png\" \/>\n\t\t<meta property=\"og:image:width\" content=\"512\" \/>\n\t\t<meta property=\"og:image:height\" content=\"512\" \/>\n\t\t<meta property=\"article:published_time\" content=\"2022-06-24T04:00:48+00:00\" \/>\n\t\t<meta property=\"article:modified_time\" content=\"2025-03-03T08:17:15+00:00\" \/>\n\t\t<meta property=\"article:publisher\" content=\"https:\/\/www.facebook.com\/RjoytekLCDSolution\" \/>\n\t\t<meta name=\"twitter:card\" content=\"summary_large_image\" \/>\n\t\t<meta name=\"twitter:title\" content=\"2.8 inch Round LCD Display \u2013 480*480 IPS TFT LCD Module, Touch Screen - Capacitive Touch Panel - Top Custom LCD, TFT, OLED Display Manufacturer &amp; Supplier in China.\" \/>\n\t\t<meta name=\"twitter:description\" content=\"Size: 2.8 inch tft lcd module Resolution: 480*480 Touch: with touch Input Data: RGB IC Driver: ST7701S LCM Luminance: 400 cd\/m\u00b2\" \/>\n\t\t<meta name=\"twitter:image\" content=\"https:\/\/rjoytek.com\/wp-content\/uploads\/2024\/08\/cropped-LOGO.png\" \/>\n\t\t<script type=\"application\/ld+json\" class=\"aioseo-schema\">\n\t\t\t{\"@context\":\"https:\\\/\\\/schema.org\",\"@graph\":[{\"@type\":\"BreadcrumbList\",\"@id\":\"https:\\\/\\\/rjoytek.com\\\/de\\\/produkt\\\/rjoytek-28-zoll-rundes-480x480-ips-tft-lcd-modul-mit-touchscreen\\\/#breadcrumblist\",\"itemListElement\":[{\"@type\":\"ListItem\",\"@id\":\"https:\\\/\\\/rjoytek.com\\\/de#listItem\",\"position\":1,\"name\":\"Home\",\"item\":\"https:\\\/\\\/rjoytek.com\\\/de\",\"nextItem\":{\"@type\":\"ListItem\",\"@id\":\"https:\\\/\\\/rjoytek.com\\\/de\\\/geschaft\\\/#listItem\",\"name\":\"Shop\"}},{\"@type\":\"ListItem\",\"@id\":\"https:\\\/\\\/rjoytek.com\\\/de\\\/geschaft\\\/#listItem\",\"position\":2,\"name\":\"Shop\",\"item\":\"https:\\\/\\\/rjoytek.com\\\/de\\\/geschaft\\\/\",\"nextItem\":{\"@type\":\"ListItem\",\"@id\":\"https:\\\/\\\/rjoytek.com\\\/de\\\/produkt-kategorie\\\/tft-lcd-displaymodul\\\/#listItem\",\"name\":\"TFT LCD Display Module\"},\"previousItem\":{\"@type\":\"ListItem\",\"@id\":\"https:\\\/\\\/rjoytek.com\\\/de#listItem\",\"name\":\"Home\"}},{\"@type\":\"ListItem\",\"@id\":\"https:\\\/\\\/rjoytek.com\\\/de\\\/produkt-kategorie\\\/tft-lcd-displaymodul\\\/#listItem\",\"position\":3,\"name\":\"TFT LCD Display Module\",\"item\":\"https:\\\/\\\/rjoytek.com\\\/de\\\/produkt-kategorie\\\/tft-lcd-displaymodul\\\/\",\"nextItem\":{\"@type\":\"ListItem\",\"@id\":\"https:\\\/\\\/rjoytek.com\\\/de\\\/produkt\\\/rjoytek-28-zoll-rundes-480x480-ips-tft-lcd-modul-mit-touchscreen\\\/#listItem\",\"name\":\"2.8 inch Round LCD Display &#8211; 480*480 IPS TFT LCD Module, Touch Screen\"},\"previousItem\":{\"@type\":\"ListItem\",\"@id\":\"https:\\\/\\\/rjoytek.com\\\/de\\\/geschaft\\\/#listItem\",\"name\":\"Shop\"}},{\"@type\":\"ListItem\",\"@id\":\"https:\\\/\\\/rjoytek.com\\\/de\\\/produkt\\\/rjoytek-28-zoll-rundes-480x480-ips-tft-lcd-modul-mit-touchscreen\\\/#listItem\",\"position\":4,\"name\":\"2.8 inch Round LCD Display &#8211; 480*480 IPS TFT LCD Module, Touch Screen\",\"previousItem\":{\"@type\":\"ListItem\",\"@id\":\"https:\\\/\\\/rjoytek.com\\\/de\\\/produkt-kategorie\\\/tft-lcd-displaymodul\\\/#listItem\",\"name\":\"TFT LCD Display Module\"}}]},{\"@type\":\"Organization\",\"@id\":\"https:\\\/\\\/rjoytek.com\\\/de\\\/#organization\",\"name\":\"RJY Display\",\"description\":\"Top Custom LCD, TFT, OLED Display Manufacturer & Supplier in China.\",\"url\":\"https:\\\/\\\/rjoytek.com\\\/de\\\/\",\"telephone\":\"+8618872893408\",\"logo\":{\"@type\":\"ImageObject\",\"url\":\"https:\\\/\\\/rjoytek.com\\\/wp-content\\\/uploads\\\/2025\\\/07\\\/LOGO1-scaled.png\",\"@id\":\"https:\\\/\\\/rjoytek.com\\\/de\\\/produkt\\\/rjoytek-28-zoll-rundes-480x480-ips-tft-lcd-modul-mit-touchscreen\\\/#organizationLogo\",\"width\":2560,\"height\":416},\"image\":{\"@id\":\"https:\\\/\\\/rjoytek.com\\\/de\\\/produkt\\\/rjoytek-28-zoll-rundes-480x480-ips-tft-lcd-modul-mit-touchscreen\\\/#organizationLogo\"},\"sameAs\":[\"https:\\\/\\\/www.facebook.com\\\/RjoytekLCDSolution\",\"https:\\\/\\\/www.youtube.com\\\/@lcdsolution-RJOYTEK\",\"https:\\\/\\\/www.linkedin.com\\\/company\\\/rjoytek-lcd-solution\"]},{\"@type\":\"WebPage\",\"@id\":\"https:\\\/\\\/rjoytek.com\\\/de\\\/produkt\\\/rjoytek-28-zoll-rundes-480x480-ips-tft-lcd-modul-mit-touchscreen\\\/#webpage\",\"url\":\"https:\\\/\\\/rjoytek.com\\\/de\\\/produkt\\\/rjoytek-28-zoll-rundes-480x480-ips-tft-lcd-modul-mit-touchscreen\\\/\",\"name\":\"2.8 inch Round LCD Display \\u2013 480*480 IPS TFT LCD Module, Touch Screen - Capacitive Touch Panel - Top Custom LCD, TFT, OLED Display Manufacturer & Supplier in China.\",\"description\":\"Size: 2.8 inch tft lcd module Resolution: 480*480 Touch: with touch Input Data: RGB IC Driver: ST7701S LCM Luminance: 400 cd\\\/m\\u00b2\",\"inLanguage\":\"de-DE\",\"isPartOf\":{\"@id\":\"https:\\\/\\\/rjoytek.com\\\/de\\\/#website\"},\"breadcrumb\":{\"@id\":\"https:\\\/\\\/rjoytek.com\\\/de\\\/produkt\\\/rjoytek-28-zoll-rundes-480x480-ips-tft-lcd-modul-mit-touchscreen\\\/#breadcrumblist\"},\"image\":{\"@type\":\"ImageObject\",\"url\":\"https:\\\/\\\/rjoytek.com\\\/wp-content\\\/uploads\\\/2022\\\/06\\\/2.8-INCH-LCD-MODULE.jpg\",\"@id\":\"https:\\\/\\\/rjoytek.com\\\/de\\\/produkt\\\/rjoytek-28-zoll-rundes-480x480-ips-tft-lcd-modul-mit-touchscreen\\\/#mainImage\",\"width\":800,\"height\":800},\"primaryImageOfPage\":{\"@id\":\"https:\\\/\\\/rjoytek.com\\\/de\\\/produkt\\\/rjoytek-28-zoll-rundes-480x480-ips-tft-lcd-modul-mit-touchscreen\\\/#mainImage\"},\"datePublished\":\"2022-06-24T04:00:48+00:00\",\"dateModified\":\"2025-03-03T08:17:15+00:00\"},{\"@type\":\"WebSite\",\"@id\":\"https:\\\/\\\/rjoytek.com\\\/de\\\/#website\",\"url\":\"https:\\\/\\\/rjoytek.com\\\/de\\\/\",\"name\":\"RJY Display\",\"description\":\"Top Custom LCD, TFT, OLED Display Manufacturer & Supplier in China.\",\"inLanguage\":\"de-DE\",\"publisher\":{\"@id\":\"https:\\\/\\\/rjoytek.com\\\/de\\\/#organization\"}}]}\n\t\t<\/script>\n\t\t<!-- All in One SEO Pro -->\r\n\t\t<title>2.8 inch Round LCD Display \u2013 480*480 IPS TFT LCD Module, Touch Screen - Capacitive Touch Panel - Top Custom LCD, TFT, OLED Display Manufacturer &amp; Supplier in China.<\/title>\n\n","aioseo_head_json":{"title":"2,8 Zoll Rundes LCD-Display \u2013 480*480 IPS TFT LCD-Modul, Touchscreen \u2013 Kapazitives Touchpanel \u2013 Top-Hersteller und Lieferant f\u00fcr kundenspezifische LCD-, TFT- und OLED-Displays in China.","description":"Gr\u00f6\u00dfe: 2,8-Zoll-TFT-LCD-Modul Aufl\u00f6sung: 480*480 Touch: mit Touch-Eingabe Eingangsdaten: RGB IC-Treiber: ST7701S LCM-Leuchtdichte: 400 cd\/m\u00b2","canonical_url":"https:\/\/rjoytek.com\/de\/produkt\/rjoytek-28-zoll-rundes-480x480-ips-tft-lcd-modul-mit-touchscreen\/","robots":"max-image-preview:large","keywords":"","webmasterTools":{"miscellaneous":""},"schema":{"@context":"https:\/\/schema.org","@graph":[{"@type":"BreadcrumbList","@id":"https:\/\/rjoytek.com\/de\/produkt\/rjoytek-28-zoll-rundes-480x480-ips-tft-lcd-modul-mit-touchscreen\/#breadcrumblist","itemListElement":[{"@type":"ListItem","@id":"https:\/\/rjoytek.com\/de#listItem","position":1,"name":"Home","item":"https:\/\/rjoytek.com\/de","nextItem":{"@type":"ListItem","@id":"https:\/\/rjoytek.com\/de\/geschaft\/#listItem","name":"Shop"}},{"@type":"ListItem","@id":"https:\/\/rjoytek.com\/de\/geschaft\/#listItem","position":2,"name":"Shop","item":"https:\/\/rjoytek.com\/de\/geschaft\/","nextItem":{"@type":"ListItem","@id":"https:\/\/rjoytek.com\/de\/produkt-kategorie\/tft-lcd-displaymodul\/#listItem","name":"TFT LCD Display Module"},"previousItem":{"@type":"ListItem","@id":"https:\/\/rjoytek.com\/de#listItem","name":"Home"}},{"@type":"ListItem","@id":"https:\/\/rjoytek.com\/de\/produkt-kategorie\/tft-lcd-displaymodul\/#listItem","position":3,"name":"TFT LCD Display Module","item":"https:\/\/rjoytek.com\/de\/produkt-kategorie\/tft-lcd-displaymodul\/","nextItem":{"@type":"ListItem","@id":"https:\/\/rjoytek.com\/de\/produkt\/rjoytek-28-zoll-rundes-480x480-ips-tft-lcd-modul-mit-touchscreen\/#listItem","name":"2.8 inch Round LCD Display &#8211; 480*480 IPS TFT LCD Module, Touch Screen"},"previousItem":{"@type":"ListItem","@id":"https:\/\/rjoytek.com\/de\/geschaft\/#listItem","name":"Shop"}},{"@type":"ListItem","@id":"https:\/\/rjoytek.com\/de\/produkt\/rjoytek-28-zoll-rundes-480x480-ips-tft-lcd-modul-mit-touchscreen\/#listItem","position":4,"name":"2.8 inch Round LCD Display &#8211; 480*480 IPS TFT LCD Module, Touch Screen","previousItem":{"@type":"ListItem","@id":"https:\/\/rjoytek.com\/de\/produkt-kategorie\/tft-lcd-displaymodul\/#listItem","name":"TFT LCD Display Module"}}]},{"@type":"Organization","@id":"https:\/\/rjoytek.com\/de\/#organization","name":"RJY Display","description":"Top Custom LCD, TFT, OLED Display Manufacturer & Supplier in China.","url":"https:\/\/rjoytek.com\/de\/","telephone":"+8618872893408","logo":{"@type":"ImageObject","url":"https:\/\/rjoytek.com\/wp-content\/uploads\/2025\/07\/LOGO1-scaled.png","@id":"https:\/\/rjoytek.com\/de\/produkt\/rjoytek-28-zoll-rundes-480x480-ips-tft-lcd-modul-mit-touchscreen\/#organizationLogo","width":2560,"height":416},"image":{"@id":"https:\/\/rjoytek.com\/de\/produkt\/rjoytek-28-zoll-rundes-480x480-ips-tft-lcd-modul-mit-touchscreen\/#organizationLogo"},"sameAs":["https:\/\/www.facebook.com\/RjoytekLCDSolution","https:\/\/www.youtube.com\/@lcdsolution-RJOYTEK","https:\/\/www.linkedin.com\/company\/rjoytek-lcd-solution"]},{"@type":"WebPage","@id":"https:\/\/rjoytek.com\/de\/produkt\/rjoytek-28-zoll-rundes-480x480-ips-tft-lcd-modul-mit-touchscreen\/#webpage","url":"https:\/\/rjoytek.com\/de\/produkt\/rjoytek-28-zoll-rundes-480x480-ips-tft-lcd-modul-mit-touchscreen\/","name":"2.8 inch Round LCD Display \u2013 480*480 IPS TFT LCD Module, Touch Screen - Capacitive Touch Panel - Top Custom LCD, TFT, OLED Display Manufacturer & Supplier in China.","description":"Size: 2.8 inch tft lcd module Resolution: 480*480 Touch: with touch Input Data: RGB IC Driver: ST7701S LCM Luminance: 400 cd\/m\u00b2","inLanguage":"de-DE","isPartOf":{"@id":"https:\/\/rjoytek.com\/de\/#website"},"breadcrumb":{"@id":"https:\/\/rjoytek.com\/de\/produkt\/rjoytek-28-zoll-rundes-480x480-ips-tft-lcd-modul-mit-touchscreen\/#breadcrumblist"},"image":{"@type":"ImageObject","url":"https:\/\/rjoytek.com\/wp-content\/uploads\/2022\/06\/2.8-INCH-LCD-MODULE.jpg","@id":"https:\/\/rjoytek.com\/de\/produkt\/rjoytek-28-zoll-rundes-480x480-ips-tft-lcd-modul-mit-touchscreen\/#mainImage","width":800,"height":800},"primaryImageOfPage":{"@id":"https:\/\/rjoytek.com\/de\/produkt\/rjoytek-28-zoll-rundes-480x480-ips-tft-lcd-modul-mit-touchscreen\/#mainImage"},"datePublished":"2022-06-24T04:00:48+00:00","dateModified":"2025-03-03T08:17:15+00:00"},{"@type":"WebSite","@id":"https:\/\/rjoytek.com\/de\/#website","url":"https:\/\/rjoytek.com\/de\/","name":"RJY Display","description":"Top Custom LCD, TFT, OLED Display Manufacturer & Supplier in China.","inLanguage":"de-DE","publisher":{"@id":"https:\/\/rjoytek.com\/de\/#organization"}}]},"og:locale":"de_DE","og:site_name":"RJY Display - Top Custom LCD, TFT, OLED Display Manufacturer &amp; Supplier in China.","og:type":"article","og:title":"2.8 inch Round LCD Display \u2013 480*480 IPS TFT LCD Module, Touch Screen - Capacitive Touch Panel - Top Custom LCD, TFT, OLED Display Manufacturer &amp; Supplier in China.","og:description":"Size: 2.8 inch tft lcd module Resolution: 480*480 Touch: with touch Input Data: RGB IC Driver: ST7701S LCM Luminance: 400 cd\/m\u00b2","og:url":"https:\/\/rjoytek.com\/de\/produkt\/rjoytek-28-zoll-rundes-480x480-ips-tft-lcd-modul-mit-touchscreen\/","og:image":"https:\/\/rjoytek.com\/wp-content\/uploads\/2024\/08\/cropped-LOGO.png","og:image:secure_url":"https:\/\/rjoytek.com\/wp-content\/uploads\/2024\/08\/cropped-LOGO.png","og:image:width":512,"og:image:height":512,"article:published_time":"2022-06-24T04:00:48+00:00","article:modified_time":"2025-03-03T08:17:15+00:00","article:publisher":"https:\/\/www.facebook.com\/RjoytekLCDSolution","twitter:card":"summary_large_image","twitter:title":"2.8 inch Round LCD Display \u2013 480*480 IPS TFT LCD Module, Touch Screen - Capacitive Touch Panel - Top Custom LCD, TFT, OLED Display Manufacturer &amp; Supplier in China.","twitter:description":"Size: 2.8 inch tft lcd module Resolution: 480*480 Touch: with touch Input Data: RGB IC Driver: ST7701S LCM Luminance: 400 cd\/m\u00b2","twitter:image":"https:\/\/rjoytek.com\/wp-content\/uploads\/2024\/08\/cropped-LOGO.png"},"aioseo_meta_data":{"post_id":"6781","title":null,"description":null,"keywords":null,"keyphrases":null,"canonical_url":null,"og_title":null,"og_description":null,"og_object_type":"default","og_image_type":"default","og_image_custom_url":null,"og_image_custom_fields":null,"og_custom_image_width":null,"og_custom_image_height":null,"og_video":null,"og_custom_url":null,"og_article_section":null,"og_article_tags":null,"twitter_use_og":true,"twitter_card":"default","twitter_image_type":"default","twitter_image_custom_url":null,"twitter_image_custom_fields":null,"twitter_title":null,"twitter_description":null,"schema_type":null,"schema_type_options":null,"pillar_content":false,"robots_default":true,"robots_noindex":false,"robots_noarchive":false,"robots_nosnippet":false,"robots_nofollow":false,"robots_noimageindex":false,"robots_noodp":false,"robots_notranslate":false,"robots_max_snippet":null,"robots_max_videopreview":null,"robots_max_imagepreview":"none","tabs":null,"priority":null,"frequency":null,"local_seo":null,"created":"2026-03-20 03:53:49","updated":"2026-04-06 12:48:00"},"aioseo_breadcrumb":"<div class=\"aioseo-breadcrumbs\"><span class=\"aioseo-breadcrumb\">\n\t<a href=\"https:\/\/rjoytek.com\/de\" title=\"Home\">Home<\/a>\n<\/span><span class=\"aioseo-breadcrumb-separator\">\u00bb<\/span><span class=\"aioseo-breadcrumb\">\n\t<a href=\"https:\/\/rjoytek.com\/de\/geschaft\/\" title=\"Shop\">Shop<\/a>\n<\/span><span class=\"aioseo-breadcrumb-separator\">\u00bb<\/span><span class=\"aioseo-breadcrumb\">\n\t<a href=\"https:\/\/rjoytek.com\/de\/produkt-kategorie\/tft-lcd-displaymodul\/\" title=\"TFT LCD Display Module\">TFT LCD Display Module<\/a>\n<\/span><span class=\"aioseo-breadcrumb-separator\">\u00bb<\/span><span class=\"aioseo-breadcrumb\">\n\t2.8 inch Round LCD Display \u2013 480*480 IPS TFT LCD Module, Touch Screen\n<\/span><\/div>","aioseo_breadcrumb_json":[{"label":"Home","link":"https:\/\/rjoytek.com\/de"},{"label":"Shop","link":"https:\/\/rjoytek.com\/de\/geschaft\/"},{"label":"TFT LCD Display Module","link":"https:\/\/rjoytek.com\/de\/produkt-kategorie\/tft-lcd-displaymodul\/"},{"label":"2.8 inch Round LCD Display &#8211; 480*480 IPS TFT LCD Module, Touch Screen","link":"https:\/\/rjoytek.com\/de\/produkt\/rjoytek-28-zoll-rundes-480x480-ips-tft-lcd-modul-mit-touchscreen\/"}],"_links":{"self":[{"href":"https:\/\/rjoytek.com\/de\/wp-json\/wp\/v2\/product\/6781","targetHints":{"allow":["GET"]}}],"collection":[{"href":"https:\/\/rjoytek.com\/de\/wp-json\/wp\/v2\/product"}],"about":[{"href":"https:\/\/rjoytek.com\/de\/wp-json\/wp\/v2\/types\/product"}],"wp:featuredmedia":[{"embeddable":true,"href":"https:\/\/rjoytek.com\/de\/wp-json\/wp\/v2\/media\/6790"}],"wp:attachment":[{"href":"https:\/\/rjoytek.com\/de\/wp-json\/wp\/v2\/media?parent=6781"}],"wp:term":[{"taxonomy":"product_cat","embeddable":true,"href":"https:\/\/rjoytek.com\/de\/wp-json\/wp\/v2\/product_cat?post=6781"},{"taxonomy":"product_tag","embeddable":true,"href":"https:\/\/rjoytek.com\/de\/wp-json\/wp\/v2\/product_tag?post=6781"}],"curies":[{"name":"wp","href":"https:\/\/api.w.org\/{rel}","templated":true}]}}