{"id":6675,"date":"2022-06-22T09:10:47","date_gmt":"2022-06-22T09:10:47","guid":{"rendered":"https:\/\/rjoytek.com\/?post_type=product&#038;p=6675"},"modified":"2022-06-22T09:10:47","modified_gmt":"2022-06-22T09:10:47","slug":"rjoytek-133-zoll-lcd-modul-1920x1080-laptop-lcd-panel","status":"publish","type":"product","link":"https:\/\/rjoytek.com\/de\/produkt\/rjoytek-133-zoll-lcd-modul-1920x1080-laptop-lcd-panel\/","title":{"rendered":"RJOYTEK 13,3 Zoll LCD-Modul 1920*1080 Laptop LCD-Panel"},"content":{"rendered":"<p>Dieses Modul ist ein farbiges Aktivmatrix-LCD-Modul mit Oxide-TFT (D\u00fcnnschichttransistor). Es besteht aus einem farbigen TFT-LCD-Panel, Treiber-ICs, einer Steuerschaltung und einer Stromversorgungsschaltung. Grafiken und Texte k\u00f6nnen auf einem 1920\u00d73 (RGB)\u00d71080 Punkte Panel mit 262144 (6 Bit) Farben mittels eDP (Embedded DisplayPort) Ver1.2-Schnittstelle und einer Versorgungsspannung von +3,3V DC zur TFT-LCD-Panel-Ansteuerung dargestellt werden.<br \/>\nIn diesem TFT-LCD-Panel sind Farbfilter f\u00fcr eine hervorragende Farbleistung integriert, um hellere und klarere Bilder zu realisieren, was dieses Modul optimal f\u00fcr den Einsatz in Multimedia-Anwendungen macht.<br \/>\n*Optimale Betrachtungswinkel in alle Richtungen.<br \/>\n*10-seriell-4-parallel LED-Struktur.<br \/>\n*Hintergrundbeleuchtungs-LED-Controller ist in diesem Modul eingebaut.<br \/>\n*Dieses Modul unterst\u00fctzt SDRRS (standardm\u00e4\u00dfig aktiviert) \/ SSC (standardm\u00e4\u00dfig deaktiviert).<br \/>\n*Dieses Modul unterst\u00fctzt keine PSR\/MBO\/NVSR\/G-Sync-Funktionen.<\/p>\n<table style=\"width: 100%;border-collapse: collapse;border-style: solid;border-color: #e3dede\">\n<tbody>\n<tr>\n<td style=\"width: 50%\">Modell<\/td>\n<td style=\"width: 50%\">RV133FHM-300-30<\/td>\n<\/tr>\n<tr>\n<td style=\"width: 50%\">Gr\u00f6\u00dfe<\/td>\n<td style=\"width: 50%\">13,3 Zoll TFT LCD-Modul<\/td>\n<\/tr>\n<tr>\n<td style=\"width: 50%\">Pixelanzahl<\/td>\n<td style=\"width: 50%\">1920\u00d7RGB(3)\u00d71080<\/td>\n<\/tr>\n<tr>\n<td style=\"width: 50%\">Aktiver Bereich<\/td>\n<td style=\"width: 50%\">293,76 (H) \u00d7 165,24 (V)<\/td>\n<\/tr>\n<tr>\n<td style=\"width: 50%\">Pixelabstand<\/td>\n<td style=\"width: 50%\">0,153 (H) \u00d7 0,153 (V)<\/td>\n<\/tr>\n<tr>\n<td style=\"width: 50%\">Abmessungen (Geh\u00e4use)<\/td>\n<td style=\"width: 50%\">305,1 (H)\u00d7178 (V)\u00d72,6 (D)<\/td>\n<\/tr>\n<tr>\n<td style=\"width: 50%\">Farbanzahl<\/td>\n<td style=\"width: 50%\">262.144<\/td>\n<\/tr>\n<tr>\n<td style=\"width: 50%\">Anzeigemodus<\/td>\n<td style=\"width: 50%\">Normally Black<\/td>\n<\/tr>\n<tr>\n<td style=\"width: 50%\">Anzeigeformat<\/td>\n<td style=\"width: 50%\">RGB vertikaler Streifen<\/td>\n<\/tr>\n<tr>\n<td style=\"width: 50%\">Leuchtdichte (cd\/m\u00b2)<\/td>\n<td style=\"width: 50%\">220 (TYP.)<\/td>\n<\/tr>\n<tr>\n<td style=\"width: 50%\">Interface<\/td>\n<td style=\"width: 50%\">eDP<\/td>\n<\/tr>\n<tr>\n<td style=\"width: 50%\">Betriebstemperatur<\/td>\n<td style=\"width: 50%\">0~50 \u2103<\/td>\n<\/tr>\n<tr>\n<td style=\"width: 50%\">Lagertemperatur<\/td>\n<td style=\"width: 50%\">-20~60 \u2103<\/td>\n<\/tr>\n<\/tbody>\n<\/table>\n<p><img fetchpriority=\"high\" decoding=\"async\" class=\"alignnone wp-image-6676 size-full\" src=\"https:\/\/rjoytek.com\/wp-content\/uploads\/2022\/06\/RV133FHM-300-30EDP-5.jpg\" alt=\"\" width=\"1500\" height=\"1279\" srcset=\"https:\/\/rjoytek.com\/wp-content\/uploads\/2022\/06\/RV133FHM-300-30EDP-5.jpg 1500w, https:\/\/rjoytek.com\/wp-content\/uploads\/2022\/06\/RV133FHM-300-30EDP-5-1000x853.jpg 1000w, https:\/\/rjoytek.com\/wp-content\/uploads\/2022\/06\/RV133FHM-300-30EDP-5-300x256.jpg 300w, https:\/\/rjoytek.com\/wp-content\/uploads\/2022\/06\/RV133FHM-300-30EDP-5-1024x873.jpg 1024w, https:\/\/rjoytek.com\/wp-content\/uploads\/2022\/06\/RV133FHM-300-30EDP-5-600x512.jpg 600w\" sizes=\"(max-width: 1500px) 100vw, 1500px\" \/><\/p>","protected":false},"excerpt":{"rendered":"<p>Gr\u00f6\u00dfe: 13,3 Zoll TFT LCD-Panel<br \/>\nAufl\u00f6sung: 1920*1080<br \/>\nSchnittstelle: eDP<\/p>\n<p>Leuchtdichte: 220 cd\/m\u00b2<\/p>\n<p>&nbsp;<\/p>","protected":false},"featured_media":6677,"template":"","meta":{"_acf_changed":false,"site-sidebar-layout":"default","site-content-layout":"","ast-site-content-layout":"default","site-content-style":"default","site-sidebar-style":"default","ast-global-header-display":"","ast-banner-title-visibility":"","ast-main-header-display":"","ast-hfb-above-header-display":"","ast-hfb-below-header-display":"","ast-hfb-mobile-header-display":"","site-post-title":"","ast-breadcrumbs-content":"","ast-featured-img":"","footer-sml-layout":"","ast-disable-related-posts":"","theme-transparent-header-meta":"","adv-header-id-meta":"","stick-header-meta":"","header-above-stick-meta":"","header-main-stick-meta":"","header-below-stick-meta":"","astra-migrate-meta-layouts":"default","ast-page-background-enabled":"default","ast-page-background-meta":{"desktop":{"background-color":"var(--ast-global-color-5)","background-image":"","background-repeat":"repeat","background-position":"center center","background-size":"auto","background-attachment":"scroll","background-type":"","background-media":"","overlay-type":"","overlay-color":"","overlay-opacity":"","overlay-gradient":""},"tablet":{"background-color":"","background-image":"","background-repeat":"repeat","background-position":"center center","background-size":"auto","background-attachment":"scroll","background-type":"","background-media":"","overlay-type":"","overlay-color":"","overlay-opacity":"","overlay-gradient":""},"mobile":{"background-color":"","background-image":"","background-repeat":"repeat","background-position":"center center","background-size":"auto","background-attachment":"scroll","background-type":"","background-media":"","overlay-type":"","overlay-color":"","overlay-opacity":"","overlay-gradient":""}},"ast-content-background-meta":{"desktop":{"background-color":"var(--ast-global-color-4)","background-image":"","background-repeat":"repeat","background-position":"center center","background-size":"auto","background-attachment":"scroll","background-type":"","background-media":"","overlay-type":"","overlay-color":"","overlay-opacity":"","overlay-gradient":""},"tablet":{"background-color":"var(--ast-global-color-4)","background-image":"","background-repeat":"repeat","background-position":"center center","background-size":"auto","background-attachment":"scroll","background-type":"","background-media":"","overlay-type":"","overlay-color":"","overlay-opacity":"","overlay-gradient":""},"mobile":{"background-color":"var(--ast-global-color-4)","background-image":"","background-repeat":"repeat","background-position":"center center","background-size":"auto","background-attachment":"scroll","background-type":"","background-media":"","overlay-type":"","overlay-color":"","overlay-opacity":"","overlay-gradient":""}}},"product_cat":[15],"product_tag":[],"class_list":{"0":"post-6675","1":"product","2":"type-product","3":"status-publish","4":"has-post-thumbnail","6":"product_cat-tft-lcd-display-module","7":"desktop-align-left","8":"tablet-align-left","9":"mobile-align-left","10":"ast-product-gallery-layout-horizontal-slider","11":"ast-magnify-disabled","12":"ast-qv-on-image","14":"first","15":"instock","16":"shipping-taxable","17":"product-type-simple"},"acf":[],"aioseo_notices":[],"aioseo_head":"\n\t\t<!-- All in One SEO Pro 4.8.3.2 - aioseo.com -->\n\t<meta name=\"description\" content=\"Size: 13.3 inch tft lcd panel Resolution: 1920*1080 Interface: eDP Luminance: 220 cd\/m2\" \/>\n\t<meta name=\"robots\" content=\"max-image-preview:large\" \/>\n\t<link rel=\"canonical\" href=\"https:\/\/rjoytek.com\/de\/produkt\/rjoytek-133-zoll-lcd-modul-1920x1080-laptop-lcd-panel\/\" \/>\n\t<meta name=\"generator\" content=\"All in One SEO Pro (AIOSEO) 4.8.3.2\" \/>\n\t\t<meta property=\"og:locale\" content=\"de_DE\" \/>\n\t\t<meta property=\"og:site_name\" content=\"RJY Display - Top Custom LCD, TFT, OLED Display Manufacturer &amp; Supplier in China.\" \/>\n\t\t<meta property=\"og:type\" content=\"article\" \/>\n\t\t<meta property=\"og:title\" content=\"RJOYTEK 13.3 inch LCD Module 1920*1080 Laptop LCD Panel - TFT LCD Display Module - Top Custom LCD, TFT, OLED Display Manufacturer &amp; Supplier in China.\" \/>\n\t\t<meta property=\"og:description\" content=\"Size: 13.3 inch tft lcd panel Resolution: 1920*1080 Interface: eDP Luminance: 220 cd\/m2\" \/>\n\t\t<meta property=\"og:url\" content=\"https:\/\/rjoytek.com\/de\/produkt\/rjoytek-133-zoll-lcd-modul-1920x1080-laptop-lcd-panel\/\" \/>\n\t\t<meta property=\"og:image\" content=\"https:\/\/rjoytek.com\/wp-content\/uploads\/2024\/08\/cropped-LOGO.png\" \/>\n\t\t<meta property=\"og:image:secure_url\" content=\"https:\/\/rjoytek.com\/wp-content\/uploads\/2024\/08\/cropped-LOGO.png\" \/>\n\t\t<meta property=\"og:image:width\" content=\"512\" \/>\n\t\t<meta property=\"og:image:height\" content=\"512\" \/>\n\t\t<meta property=\"article:published_time\" content=\"2022-06-22T09:10:47+00:00\" \/>\n\t\t<meta property=\"article:modified_time\" content=\"2022-06-22T09:10:47+00:00\" \/>\n\t\t<meta property=\"article:publisher\" content=\"https:\/\/www.facebook.com\/RjoytekLCDSolution\" \/>\n\t\t<meta name=\"twitter:card\" content=\"summary_large_image\" \/>\n\t\t<meta name=\"twitter:title\" content=\"RJOYTEK 13.3 inch LCD Module 1920*1080 Laptop LCD Panel - TFT LCD Display Module - Top Custom LCD, TFT, OLED Display Manufacturer &amp; Supplier in China.\" \/>\n\t\t<meta name=\"twitter:description\" content=\"Size: 13.3 inch tft lcd panel Resolution: 1920*1080 Interface: eDP Luminance: 220 cd\/m2\" \/>\n\t\t<meta name=\"twitter:image\" content=\"https:\/\/rjoytek.com\/wp-content\/uploads\/2024\/08\/cropped-LOGO.png\" \/>\n\t\t<script type=\"application\/ld+json\" class=\"aioseo-schema\">\n\t\t\t{\"@context\":\"https:\\\/\\\/schema.org\",\"@graph\":[{\"@type\":\"BreadcrumbList\",\"@id\":\"https:\\\/\\\/rjoytek.com\\\/de\\\/produkt\\\/rjoytek-133-zoll-lcd-modul-1920x1080-laptop-lcd-panel\\\/#breadcrumblist\",\"itemListElement\":[{\"@type\":\"ListItem\",\"@id\":\"https:\\\/\\\/rjoytek.com\\\/de#listItem\",\"position\":1,\"name\":\"Home\",\"item\":\"https:\\\/\\\/rjoytek.com\\\/de\",\"nextItem\":{\"@type\":\"ListItem\",\"@id\":\"https:\\\/\\\/rjoytek.com\\\/de\\\/geschaft\\\/#listItem\",\"name\":\"Shop\"}},{\"@type\":\"ListItem\",\"@id\":\"https:\\\/\\\/rjoytek.com\\\/de\\\/geschaft\\\/#listItem\",\"position\":2,\"name\":\"Shop\",\"item\":\"https:\\\/\\\/rjoytek.com\\\/de\\\/geschaft\\\/\",\"nextItem\":{\"@type\":\"ListItem\",\"@id\":\"https:\\\/\\\/rjoytek.com\\\/de\\\/produkt-kategorie\\\/tft-lcd-displaymodul\\\/#listItem\",\"name\":\"TFT LCD Display Module\"},\"previousItem\":{\"@type\":\"ListItem\",\"@id\":\"https:\\\/\\\/rjoytek.com\\\/de#listItem\",\"name\":\"Home\"}},{\"@type\":\"ListItem\",\"@id\":\"https:\\\/\\\/rjoytek.com\\\/de\\\/produkt-kategorie\\\/tft-lcd-displaymodul\\\/#listItem\",\"position\":3,\"name\":\"TFT LCD Display Module\",\"item\":\"https:\\\/\\\/rjoytek.com\\\/de\\\/produkt-kategorie\\\/tft-lcd-displaymodul\\\/\",\"nextItem\":{\"@type\":\"ListItem\",\"@id\":\"https:\\\/\\\/rjoytek.com\\\/de\\\/produkt\\\/rjoytek-133-zoll-lcd-modul-1920x1080-laptop-lcd-panel\\\/#listItem\",\"name\":\"RJOYTEK 13.3 inch LCD Module 1920*1080 Laptop LCD Panel\"},\"previousItem\":{\"@type\":\"ListItem\",\"@id\":\"https:\\\/\\\/rjoytek.com\\\/de\\\/geschaft\\\/#listItem\",\"name\":\"Shop\"}},{\"@type\":\"ListItem\",\"@id\":\"https:\\\/\\\/rjoytek.com\\\/de\\\/produkt\\\/rjoytek-133-zoll-lcd-modul-1920x1080-laptop-lcd-panel\\\/#listItem\",\"position\":4,\"name\":\"RJOYTEK 13.3 inch LCD Module 1920*1080 Laptop LCD Panel\",\"previousItem\":{\"@type\":\"ListItem\",\"@id\":\"https:\\\/\\\/rjoytek.com\\\/de\\\/produkt-kategorie\\\/tft-lcd-displaymodul\\\/#listItem\",\"name\":\"TFT LCD Display Module\"}}]},{\"@type\":\"Organization\",\"@id\":\"https:\\\/\\\/rjoytek.com\\\/de\\\/#organization\",\"name\":\"RJY Display\",\"description\":\"Top Custom LCD, TFT, OLED Display Manufacturer & Supplier in China.\",\"url\":\"https:\\\/\\\/rjoytek.com\\\/de\\\/\",\"telephone\":\"+8618872893408\",\"logo\":{\"@type\":\"ImageObject\",\"url\":\"https:\\\/\\\/rjoytek.com\\\/wp-content\\\/uploads\\\/2025\\\/07\\\/LOGO1-scaled.png\",\"@id\":\"https:\\\/\\\/rjoytek.com\\\/de\\\/produkt\\\/rjoytek-133-zoll-lcd-modul-1920x1080-laptop-lcd-panel\\\/#organizationLogo\",\"width\":2560,\"height\":416},\"image\":{\"@id\":\"https:\\\/\\\/rjoytek.com\\\/de\\\/produkt\\\/rjoytek-133-zoll-lcd-modul-1920x1080-laptop-lcd-panel\\\/#organizationLogo\"},\"sameAs\":[\"https:\\\/\\\/www.facebook.com\\\/RjoytekLCDSolution\",\"https:\\\/\\\/www.youtube.com\\\/@lcdsolution-RJOYTEK\",\"https:\\\/\\\/www.linkedin.com\\\/company\\\/rjoytek-lcd-solution\"]},{\"@type\":\"WebPage\",\"@id\":\"https:\\\/\\\/rjoytek.com\\\/de\\\/produkt\\\/rjoytek-133-zoll-lcd-modul-1920x1080-laptop-lcd-panel\\\/#webpage\",\"url\":\"https:\\\/\\\/rjoytek.com\\\/de\\\/produkt\\\/rjoytek-133-zoll-lcd-modul-1920x1080-laptop-lcd-panel\\\/\",\"name\":\"RJOYTEK 13.3 inch LCD Module 1920*1080 Laptop LCD Panel - TFT LCD Display Module - Top Custom LCD, TFT, OLED Display Manufacturer & Supplier in China.\",\"description\":\"Size: 13.3 inch tft lcd panel Resolution: 1920*1080 Interface: eDP Luminance: 220 cd\\\/m2\",\"inLanguage\":\"de-DE\",\"isPartOf\":{\"@id\":\"https:\\\/\\\/rjoytek.com\\\/de\\\/#website\"},\"breadcrumb\":{\"@id\":\"https:\\\/\\\/rjoytek.com\\\/de\\\/produkt\\\/rjoytek-133-zoll-lcd-modul-1920x1080-laptop-lcd-panel\\\/#breadcrumblist\"},\"image\":{\"@type\":\"ImageObject\",\"url\":\"https:\\\/\\\/rjoytek.com\\\/wp-content\\\/uploads\\\/2022\\\/06\\\/13.3-inch-lcd-panel.jpg\",\"@id\":\"https:\\\/\\\/rjoytek.com\\\/de\\\/produkt\\\/rjoytek-133-zoll-lcd-modul-1920x1080-laptop-lcd-panel\\\/#mainImage\",\"width\":800,\"height\":800},\"primaryImageOfPage\":{\"@id\":\"https:\\\/\\\/rjoytek.com\\\/de\\\/produkt\\\/rjoytek-133-zoll-lcd-modul-1920x1080-laptop-lcd-panel\\\/#mainImage\"},\"datePublished\":\"2022-06-22T09:10:47+00:00\",\"dateModified\":\"2022-06-22T09:10:47+00:00\"},{\"@type\":\"WebSite\",\"@id\":\"https:\\\/\\\/rjoytek.com\\\/de\\\/#website\",\"url\":\"https:\\\/\\\/rjoytek.com\\\/de\\\/\",\"name\":\"RJY Display\",\"description\":\"Top Custom LCD, TFT, OLED Display Manufacturer & Supplier in China.\",\"inLanguage\":\"de-DE\",\"publisher\":{\"@id\":\"https:\\\/\\\/rjoytek.com\\\/de\\\/#organization\"}}]}\n\t\t<\/script>\n\t\t<!-- All in One SEO Pro -->\r\n\t\t<title>RJOYTEK 13.3 inch LCD Module 1920*1080 Laptop LCD Panel - TFT LCD Display Module - Top Custom LCD, TFT, OLED Display Manufacturer &amp; Supplier in China.<\/title>\n\n","aioseo_head_json":{"title":"RJOYTEK 13,3 Zoll LCD Modul 1920*1080 Laptop LCD Panel - TFT LCD Display Modul - F\u00fchrender Hersteller und Lieferant von kundenspezifischen LCD-, TFT- und OLED-Displays in China.","description":"Gr\u00f6\u00dfe: 13,3-Zoll-TFT-LCD-Panel","canonical_url":"https:\/\/rjoytek.com\/de\/produkt\/rjoytek-133-zoll-lcd-modul-1920x1080-laptop-lcd-panel\/","robots":"max-image-preview:large","keywords":"","webmasterTools":{"miscellaneous":""},"schema":{"@context":"https:\/\/schema.org","@graph":[{"@type":"BreadcrumbList","@id":"https:\/\/rjoytek.com\/de\/produkt\/rjoytek-133-zoll-lcd-modul-1920x1080-laptop-lcd-panel\/#breadcrumblist","itemListElement":[{"@type":"ListItem","@id":"https:\/\/rjoytek.com\/de#listItem","position":1,"name":"Home","item":"https:\/\/rjoytek.com\/de","nextItem":{"@type":"ListItem","@id":"https:\/\/rjoytek.com\/de\/geschaft\/#listItem","name":"Shop"}},{"@type":"ListItem","@id":"https:\/\/rjoytek.com\/de\/geschaft\/#listItem","position":2,"name":"Shop","item":"https:\/\/rjoytek.com\/de\/geschaft\/","nextItem":{"@type":"ListItem","@id":"https:\/\/rjoytek.com\/de\/produkt-kategorie\/tft-lcd-displaymodul\/#listItem","name":"TFT LCD Display Module"},"previousItem":{"@type":"ListItem","@id":"https:\/\/rjoytek.com\/de#listItem","name":"Home"}},{"@type":"ListItem","@id":"https:\/\/rjoytek.com\/de\/produkt-kategorie\/tft-lcd-displaymodul\/#listItem","position":3,"name":"TFT LCD Display Module","item":"https:\/\/rjoytek.com\/de\/produkt-kategorie\/tft-lcd-displaymodul\/","nextItem":{"@type":"ListItem","@id":"https:\/\/rjoytek.com\/de\/produkt\/rjoytek-133-zoll-lcd-modul-1920x1080-laptop-lcd-panel\/#listItem","name":"RJOYTEK 13.3 inch LCD Module 1920*1080 Laptop LCD Panel"},"previousItem":{"@type":"ListItem","@id":"https:\/\/rjoytek.com\/de\/geschaft\/#listItem","name":"Shop"}},{"@type":"ListItem","@id":"https:\/\/rjoytek.com\/de\/produkt\/rjoytek-133-zoll-lcd-modul-1920x1080-laptop-lcd-panel\/#listItem","position":4,"name":"RJOYTEK 13.3 inch LCD Module 1920*1080 Laptop LCD Panel","previousItem":{"@type":"ListItem","@id":"https:\/\/rjoytek.com\/de\/produkt-kategorie\/tft-lcd-displaymodul\/#listItem","name":"TFT LCD Display Module"}}]},{"@type":"Organization","@id":"https:\/\/rjoytek.com\/de\/#organization","name":"RJY Display","description":"Top Custom LCD, TFT, OLED Display Manufacturer & Supplier in China.","url":"https:\/\/rjoytek.com\/de\/","telephone":"+8618872893408","logo":{"@type":"ImageObject","url":"https:\/\/rjoytek.com\/wp-content\/uploads\/2025\/07\/LOGO1-scaled.png","@id":"https:\/\/rjoytek.com\/de\/produkt\/rjoytek-133-zoll-lcd-modul-1920x1080-laptop-lcd-panel\/#organizationLogo","width":2560,"height":416},"image":{"@id":"https:\/\/rjoytek.com\/de\/produkt\/rjoytek-133-zoll-lcd-modul-1920x1080-laptop-lcd-panel\/#organizationLogo"},"sameAs":["https:\/\/www.facebook.com\/RjoytekLCDSolution","https:\/\/www.youtube.com\/@lcdsolution-RJOYTEK","https:\/\/www.linkedin.com\/company\/rjoytek-lcd-solution"]},{"@type":"WebPage","@id":"https:\/\/rjoytek.com\/de\/produkt\/rjoytek-133-zoll-lcd-modul-1920x1080-laptop-lcd-panel\/#webpage","url":"https:\/\/rjoytek.com\/de\/produkt\/rjoytek-133-zoll-lcd-modul-1920x1080-laptop-lcd-panel\/","name":"RJOYTEK 13.3 inch LCD Module 1920*1080 Laptop LCD Panel - TFT LCD Display Module - Top Custom LCD, TFT, OLED Display Manufacturer & Supplier in China.","description":"Size: 13.3 inch tft lcd panel Resolution: 1920*1080 Interface: eDP Luminance: 220 cd\/m2","inLanguage":"de-DE","isPartOf":{"@id":"https:\/\/rjoytek.com\/de\/#website"},"breadcrumb":{"@id":"https:\/\/rjoytek.com\/de\/produkt\/rjoytek-133-zoll-lcd-modul-1920x1080-laptop-lcd-panel\/#breadcrumblist"},"image":{"@type":"ImageObject","url":"https:\/\/rjoytek.com\/wp-content\/uploads\/2022\/06\/13.3-inch-lcd-panel.jpg","@id":"https:\/\/rjoytek.com\/de\/produkt\/rjoytek-133-zoll-lcd-modul-1920x1080-laptop-lcd-panel\/#mainImage","width":800,"height":800},"primaryImageOfPage":{"@id":"https:\/\/rjoytek.com\/de\/produkt\/rjoytek-133-zoll-lcd-modul-1920x1080-laptop-lcd-panel\/#mainImage"},"datePublished":"2022-06-22T09:10:47+00:00","dateModified":"2022-06-22T09:10:47+00:00"},{"@type":"WebSite","@id":"https:\/\/rjoytek.com\/de\/#website","url":"https:\/\/rjoytek.com\/de\/","name":"RJY Display","description":"Top Custom LCD, TFT, OLED Display Manufacturer & Supplier in China.","inLanguage":"de-DE","publisher":{"@id":"https:\/\/rjoytek.com\/de\/#organization"}}]},"og:locale":"de_DE","og:site_name":"RJY Display - Top Custom LCD, TFT, OLED Display Manufacturer &amp; Supplier in China.","og:type":"article","og:title":"RJOYTEK 13.3 inch LCD Module 1920*1080 Laptop LCD Panel - TFT LCD Display Module - Top Custom LCD, TFT, OLED Display Manufacturer &amp; Supplier in China.","og:description":"Size: 13.3 inch tft lcd panel Resolution: 1920*1080 Interface: eDP Luminance: 220 cd\/m2","og:url":"https:\/\/rjoytek.com\/de\/produkt\/rjoytek-133-zoll-lcd-modul-1920x1080-laptop-lcd-panel\/","og:image":"https:\/\/rjoytek.com\/wp-content\/uploads\/2024\/08\/cropped-LOGO.png","og:image:secure_url":"https:\/\/rjoytek.com\/wp-content\/uploads\/2024\/08\/cropped-LOGO.png","og:image:width":512,"og:image:height":512,"article:published_time":"2022-06-22T09:10:47+00:00","article:modified_time":"2022-06-22T09:10:47+00:00","article:publisher":"https:\/\/www.facebook.com\/RjoytekLCDSolution","twitter:card":"summary_large_image","twitter:title":"RJOYTEK 13.3 inch LCD Module 1920*1080 Laptop LCD Panel - TFT LCD Display Module - Top Custom LCD, TFT, OLED Display Manufacturer &amp; Supplier in China.","twitter:description":"Size: 13.3 inch tft lcd panel Resolution: 1920*1080 Interface: eDP Luminance: 220 cd\/m2","twitter:image":"https:\/\/rjoytek.com\/wp-content\/uploads\/2024\/08\/cropped-LOGO.png"},"aioseo_meta_data":{"post_id":"6675","title":null,"description":null,"keywords":null,"keyphrases":null,"canonical_url":null,"og_title":null,"og_description":null,"og_object_type":"default","og_image_type":"default","og_image_custom_url":null,"og_image_custom_fields":null,"og_custom_image_width":null,"og_custom_image_height":null,"og_video":null,"og_custom_url":null,"og_article_section":null,"og_article_tags":null,"twitter_use_og":true,"twitter_card":"default","twitter_image_type":"default","twitter_image_custom_url":null,"twitter_image_custom_fields":null,"twitter_title":null,"twitter_description":null,"schema_type":null,"schema_type_options":null,"pillar_content":false,"robots_default":true,"robots_noindex":false,"robots_noarchive":false,"robots_nosnippet":false,"robots_nofollow":false,"robots_noimageindex":false,"robots_noodp":false,"robots_notranslate":false,"robots_max_snippet":null,"robots_max_videopreview":null,"robots_max_imagepreview":"none","tabs":null,"priority":null,"frequency":null,"local_seo":null,"created":"2026-03-20 03:53:48","updated":"2026-04-28 04:19:42"},"aioseo_breadcrumb":"<div class=\"aioseo-breadcrumbs\"><span class=\"aioseo-breadcrumb\">\n\t<a href=\"https:\/\/rjoytek.com\/de\" title=\"Home\">Home<\/a>\n<\/span><span class=\"aioseo-breadcrumb-separator\">\u00bb<\/span><span class=\"aioseo-breadcrumb\">\n\t<a href=\"https:\/\/rjoytek.com\/de\/geschaft\/\" title=\"Shop\">Shop<\/a>\n<\/span><span class=\"aioseo-breadcrumb-separator\">\u00bb<\/span><span class=\"aioseo-breadcrumb\">\n\t<a href=\"https:\/\/rjoytek.com\/de\/produkt-kategorie\/tft-lcd-displaymodul\/\" title=\"TFT LCD Display Module\">TFT LCD Display Module<\/a>\n<\/span><span class=\"aioseo-breadcrumb-separator\">\u00bb<\/span><span class=\"aioseo-breadcrumb\">\n\tRJOYTEK 13.3 inch LCD Module 1920*1080 Laptop LCD Panel\n<\/span><\/div>","aioseo_breadcrumb_json":[{"label":"Home","link":"https:\/\/rjoytek.com\/de"},{"label":"Shop","link":"https:\/\/rjoytek.com\/de\/geschaft\/"},{"label":"TFT LCD Display Module","link":"https:\/\/rjoytek.com\/de\/produkt-kategorie\/tft-lcd-displaymodul\/"},{"label":"RJOYTEK 13.3 inch LCD Module 1920*1080 Laptop LCD Panel","link":"https:\/\/rjoytek.com\/de\/produkt\/rjoytek-133-zoll-lcd-modul-1920x1080-laptop-lcd-panel\/"}],"_links":{"self":[{"href":"https:\/\/rjoytek.com\/de\/wp-json\/wp\/v2\/product\/6675","targetHints":{"allow":["GET"]}}],"collection":[{"href":"https:\/\/rjoytek.com\/de\/wp-json\/wp\/v2\/product"}],"about":[{"href":"https:\/\/rjoytek.com\/de\/wp-json\/wp\/v2\/types\/product"}],"wp:featuredmedia":[{"embeddable":true,"href":"https:\/\/rjoytek.com\/de\/wp-json\/wp\/v2\/media\/6677"}],"wp:attachment":[{"href":"https:\/\/rjoytek.com\/de\/wp-json\/wp\/v2\/media?parent=6675"}],"wp:term":[{"taxonomy":"product_cat","embeddable":true,"href":"https:\/\/rjoytek.com\/de\/wp-json\/wp\/v2\/product_cat?post=6675"},{"taxonomy":"product_tag","embeddable":true,"href":"https:\/\/rjoytek.com\/de\/wp-json\/wp\/v2\/product_tag?post=6675"}],"curies":[{"name":"wp","href":"https:\/\/api.w.org\/{rel}","templated":true}]}}