{"id":6662,"date":"2022-06-22T08:25:26","date_gmt":"2022-06-22T08:25:26","guid":{"rendered":"https:\/\/rjoytek.com\/?post_type=product&#038;p=6662"},"modified":"2022-06-22T08:25:26","modified_gmt":"2022-06-22T08:25:26","slug":"rjoytek-5-zoll-800x480-rgb-schnittstelle-ips-lcd-display","status":"publish","type":"product","link":"https:\/\/rjoytek.com\/de\/produkt\/rjoytek-5-zoll-800x480-rgb-schnittstelle-ips-lcd-display\/","title":{"rendered":"RJOYTEK 5 Zoll 800*480 RGB Interface IPS LCD Display"},"content":{"rendered":"<p>Das Modell RV050WVM-720-50 ist ein farbiges Aktiv-Matrix-D\u00fcnnschichttransistor (TFT) Fl\u00fcssigkristalldisplay (LCD), das amorphes Silizium-TFT als Schaltelement verwendet. Dieses Modell besteht aus einem TFT-LCD-Panel, einer Treiberschaltung und einem Hintergrundbeleuchtungssystem. Dieses TFT-LCD verf\u00fcgt \u00fcber eine diagonal gemessene aktive Displayfl\u00e4che von 5,0 Zoll (15:9) mit einer Aufl\u00f6sung von (800 horizontale \u00d7 480 vertikale Pixel).<\/p>\n<table style=\"width: 100%;border-collapse: collapse;border-style: solid;border-color: #ded9d9;height: 260px\">\n<tbody>\n<tr style=\"height: 26px\">\n<td style=\"width: 50%;height: 26px\">Modell<\/td>\n<td style=\"width: 50%;height: 26px\">RVO5OWVM-72O-50<\/td>\n<\/tr>\n<tr style=\"height: 26px\">\n<td style=\"width: 50%;height: 26px\">Gr\u00f6\u00dfe<\/td>\n<td style=\"width: 50%;height: 26px\">5-Zoll-LCD-Display<\/td>\n<\/tr>\n<tr style=\"height: 26px\">\n<td style=\"width: 50%;height: 26px\">Anzahl der Pixel<\/td>\n<td style=\"width: 50%;height: 26px\">800 RGB (H) \u00d7 480 (V)<\/td>\n<\/tr>\n<tr style=\"height: 26px\">\n<td style=\"width: 50%;height: 26px\">Displaybereich<\/td>\n<td style=\"width: 50%;height: 26px\">108(H) \u00d7 64,8(V) [mm]<\/td>\n<\/tr>\n<tr style=\"height: 26px\">\n<td style=\"width: 50%;height: 26px\">Modulau\u00dfenabmessungen<\/td>\n<td style=\"width: 50%;height: 26px\">120,70 \u00d7 75,8 \u00d7 4,5 (Typ) [mm]<\/td>\n<\/tr>\n<tr style=\"height: 26px\">\n<td style=\"width: 50%;height: 26px\">Anzeigemodus<\/td>\n<td style=\"width: 50%;height: 26px\">Normally Black, IPS<\/td>\n<\/tr>\n<tr style=\"height: 26px\">\n<td style=\"width: 50%;height: 26px\">Pixelanordnung<\/td>\n<td style=\"width: 50%;height: 26px\">RGB Vertikale Streifen<\/td>\n<\/tr>\n<tr style=\"height: 26px\">\n<td style=\"width: 50%;height: 26px\">Pixelabstand<\/td>\n<td style=\"width: 50%;height: 26px\">0,135(H) \u00d7 0,135(V) [mm]<\/td>\n<\/tr>\n<tr style=\"height: 26px\">\n<td style=\"width: 50%;height: 26px\">Hintergrundbeleuchtung<\/td>\n<td style=\"width: 50%;height: 26px\">LED-Seitenlichttyp<\/td>\n<\/tr>\n<tr style=\"height: 26px\">\n<td style=\"width: 50%;height: 26px\">Interface<\/td>\n<td style=\"width: 50%;height: 26px\">RGB<\/td>\n<\/tr>\n<tr>\n<td style=\"width: 50%\">Leuchtdichte<\/td>\n<td style=\"width: 50%\">750 Cd\/m\u00b2<\/td>\n<\/tr>\n<tr>\n<td style=\"width: 50%\">Lagertemperatur<\/td>\n<td style=\"width: 50%\">-35 bis 85 \u00b0C<\/td>\n<\/tr>\n<tr>\n<td style=\"width: 50%\">Betriebstemperatur<\/td>\n<td style=\"width: 50%\">-30 bis 80 \u00b0C<\/td>\n<\/tr>\n<\/tbody>\n<\/table>\n<p>&nbsp;<\/p>\n<figure id=\"attachment_6669\" aria-describedby=\"caption-attachment-6669\" style=\"width: 1000px\" class=\"wp-caption alignnone\"><img fetchpriority=\"high\" decoding=\"async\" class=\"wp-image-6669 size-full\" src=\"https:\/\/rjoytek.com\/wp-content\/uploads\/2022\/06\/RV050WVM-720-50-19.jpg\" alt=\"\" width=\"1000\" height=\"770\" srcset=\"https:\/\/rjoytek.com\/wp-content\/uploads\/2022\/06\/RV050WVM-720-50-19.jpg 1000w, https:\/\/rjoytek.com\/wp-content\/uploads\/2022\/06\/RV050WVM-720-50-19-300x231.jpg 300w, https:\/\/rjoytek.com\/wp-content\/uploads\/2022\/06\/RV050WVM-720-50-19-600x462.jpg 600w\" sizes=\"(max-width: 1000px) 100vw, 1000px\" \/><figcaption id=\"caption-attachment-6669\" class=\"wp-caption-text\">RV050WVM-720-50<\/figcaption><\/figure>","protected":false},"excerpt":{"rendered":"<p><strong><b>Merkm<\/b><\/strong><strong><b>ale<\/b><\/strong><strong><b>\u00a0<\/b><\/strong><\/p>\n<ul>\n<li>Kompatibel mit NTSC- &amp; PAL-System<\/li>\n<li>RoHS-Konformes Design<\/li>\n<li>Bildumkehr: OBEN\/UNTEN und LINKS\/RECHTS<\/li>\n<li>Abmessungen: 5 Zoll LCD Display<\/li>\n<li>Aufl\u00f6sung: 800*480<\/li>\n<li>Schnittstelle: RGB<\/li>\n<\/ul>\n<p>&nbsp;<\/p>\n<p><strong><b>Anwendungen<\/b><\/strong><\/p>\n<ul>\n<li>Automobilinstrumentierung<\/li>\n<\/ul>","protected":false},"featured_media":6663,"template":"","meta":{"_acf_changed":false,"site-sidebar-layout":"default","site-content-layout":"","ast-site-content-layout":"default","site-content-style":"default","site-sidebar-style":"default","ast-global-header-display":"","ast-banner-title-visibility":"","ast-main-header-display":"","ast-hfb-above-header-display":"","ast-hfb-below-header-display":"","ast-hfb-mobile-header-display":"","site-post-title":"","ast-breadcrumbs-content":"","ast-featured-img":"","footer-sml-layout":"","ast-disable-related-posts":"","theme-transparent-header-meta":"","adv-header-id-meta":"","stick-header-meta":"","header-above-stick-meta":"","header-main-stick-meta":"","header-below-stick-meta":"","astra-migrate-meta-layouts":"default","ast-page-background-enabled":"default","ast-page-background-meta":{"desktop":{"background-color":"var(--ast-global-color-5)","background-image":"","background-repeat":"repeat","background-position":"center center","background-size":"auto","background-attachment":"scroll","background-type":"","background-media":"","overlay-type":"","overlay-color":"","overlay-opacity":"","overlay-gradient":""},"tablet":{"background-color":"","background-image":"","background-repeat":"repeat","background-position":"center center","background-size":"auto","background-attachment":"scroll","background-type":"","background-media":"","overlay-type":"","overlay-color":"","overlay-opacity":"","overlay-gradient":""},"mobile":{"background-color":"","background-image":"","background-repeat":"repeat","background-position":"center center","background-size":"auto","background-attachment":"scroll","background-type":"","background-media":"","overlay-type":"","overlay-color":"","overlay-opacity":"","overlay-gradient":""}},"ast-content-background-meta":{"desktop":{"background-color":"var(--ast-global-color-4)","background-image":"","background-repeat":"repeat","background-position":"center center","background-size":"auto","background-attachment":"scroll","background-type":"","background-media":"","overlay-type":"","overlay-color":"","overlay-opacity":"","overlay-gradient":""},"tablet":{"background-color":"var(--ast-global-color-4)","background-image":"","background-repeat":"repeat","background-position":"center center","background-size":"auto","background-attachment":"scroll","background-type":"","background-media":"","overlay-type":"","overlay-color":"","overlay-opacity":"","overlay-gradient":""},"mobile":{"background-color":"var(--ast-global-color-4)","background-image":"","background-repeat":"repeat","background-position":"center center","background-size":"auto","background-attachment":"scroll","background-type":"","background-media":"","overlay-type":"","overlay-color":"","overlay-opacity":"","overlay-gradient":""}}},"product_cat":[15],"product_tag":[],"class_list":{"0":"post-6662","1":"product","2":"type-product","3":"status-publish","4":"has-post-thumbnail","6":"product_cat-tft-lcd-display-module","7":"desktop-align-left","8":"tablet-align-left","9":"mobile-align-left","10":"ast-product-gallery-layout-horizontal-slider","11":"ast-magnify-disabled","12":"ast-qv-on-image","14":"first","15":"instock","16":"shipping-taxable","17":"product-type-simple"},"acf":[],"aioseo_notices":[],"aioseo_head":"\n\t\t<!-- All in One SEO Pro 4.8.3.2 - aioseo.com -->\n\t<meta name=\"description\" content=\"Feature Compatible with NTSC &amp; PAL system RoHS design Image Reversion: UP\/DOWN and LEFT\/RIGHT Size: 5 inch lcd display Resolution: 800*480 Interface: RGB Applications Automotive cluster\" \/>\n\t<meta name=\"robots\" content=\"max-image-preview:large\" \/>\n\t<link rel=\"canonical\" href=\"https:\/\/rjoytek.com\/de\/produkt\/rjoytek-5-zoll-800x480-rgb-schnittstelle-ips-lcd-display\/\" \/>\n\t<meta name=\"generator\" content=\"All in One SEO Pro (AIOSEO) 4.8.3.2\" \/>\n\t\t<meta property=\"og:locale\" content=\"de_DE\" \/>\n\t\t<meta property=\"og:site_name\" content=\"RJY Display - Top Custom LCD, TFT, OLED Display Manufacturer &amp; Supplier in China.\" \/>\n\t\t<meta property=\"og:type\" content=\"article\" \/>\n\t\t<meta property=\"og:title\" content=\"RJOYTEK 5 inch 800*480 RGB Interface IPS LCD Display - TFT LCD Display Module - Top Custom LCD, TFT, OLED Display Manufacturer &amp; Supplier in China.\" \/>\n\t\t<meta property=\"og:description\" content=\"Feature Compatible with NTSC &amp; PAL system RoHS design Image Reversion: UP\/DOWN and LEFT\/RIGHT Size: 5 inch lcd display Resolution: 800*480 Interface: RGB Applications Automotive cluster\" \/>\n\t\t<meta property=\"og:url\" content=\"https:\/\/rjoytek.com\/de\/produkt\/rjoytek-5-zoll-800x480-rgb-schnittstelle-ips-lcd-display\/\" \/>\n\t\t<meta property=\"og:image\" content=\"https:\/\/rjoytek.com\/wp-content\/uploads\/2024\/08\/cropped-LOGO.png\" \/>\n\t\t<meta property=\"og:image:secure_url\" content=\"https:\/\/rjoytek.com\/wp-content\/uploads\/2024\/08\/cropped-LOGO.png\" \/>\n\t\t<meta property=\"og:image:width\" content=\"512\" \/>\n\t\t<meta property=\"og:image:height\" content=\"512\" \/>\n\t\t<meta property=\"article:published_time\" content=\"2022-06-22T08:25:26+00:00\" \/>\n\t\t<meta property=\"article:modified_time\" content=\"2022-06-22T08:25:26+00:00\" \/>\n\t\t<meta property=\"article:publisher\" content=\"https:\/\/www.facebook.com\/RjoytekLCDSolution\" \/>\n\t\t<meta name=\"twitter:card\" content=\"summary_large_image\" \/>\n\t\t<meta name=\"twitter:title\" content=\"RJOYTEK 5 inch 800*480 RGB Interface IPS LCD Display - TFT LCD Display Module - Top Custom LCD, TFT, OLED Display Manufacturer &amp; Supplier in China.\" \/>\n\t\t<meta name=\"twitter:description\" content=\"Feature Compatible with NTSC &amp; PAL system RoHS design Image Reversion: UP\/DOWN and LEFT\/RIGHT Size: 5 inch lcd display Resolution: 800*480 Interface: RGB Applications Automotive cluster\" \/>\n\t\t<meta name=\"twitter:image\" content=\"https:\/\/rjoytek.com\/wp-content\/uploads\/2024\/08\/cropped-LOGO.png\" \/>\n\t\t<script type=\"application\/ld+json\" class=\"aioseo-schema\">\n\t\t\t{\"@context\":\"https:\\\/\\\/schema.org\",\"@graph\":[{\"@type\":\"BreadcrumbList\",\"@id\":\"https:\\\/\\\/rjoytek.com\\\/de\\\/produkt\\\/rjoytek-5-zoll-800x480-rgb-schnittstelle-ips-lcd-display\\\/#breadcrumblist\",\"itemListElement\":[{\"@type\":\"ListItem\",\"@id\":\"https:\\\/\\\/rjoytek.com\\\/de#listItem\",\"position\":1,\"name\":\"Home\",\"item\":\"https:\\\/\\\/rjoytek.com\\\/de\",\"nextItem\":{\"@type\":\"ListItem\",\"@id\":\"https:\\\/\\\/rjoytek.com\\\/de\\\/geschaft\\\/#listItem\",\"name\":\"Shop\"}},{\"@type\":\"ListItem\",\"@id\":\"https:\\\/\\\/rjoytek.com\\\/de\\\/geschaft\\\/#listItem\",\"position\":2,\"name\":\"Shop\",\"item\":\"https:\\\/\\\/rjoytek.com\\\/de\\\/geschaft\\\/\",\"nextItem\":{\"@type\":\"ListItem\",\"@id\":\"https:\\\/\\\/rjoytek.com\\\/de\\\/produkt-kategorie\\\/tft-lcd-displaymodul\\\/#listItem\",\"name\":\"TFT LCD Display Module\"},\"previousItem\":{\"@type\":\"ListItem\",\"@id\":\"https:\\\/\\\/rjoytek.com\\\/de#listItem\",\"name\":\"Home\"}},{\"@type\":\"ListItem\",\"@id\":\"https:\\\/\\\/rjoytek.com\\\/de\\\/produkt-kategorie\\\/tft-lcd-displaymodul\\\/#listItem\",\"position\":3,\"name\":\"TFT LCD Display Module\",\"item\":\"https:\\\/\\\/rjoytek.com\\\/de\\\/produkt-kategorie\\\/tft-lcd-displaymodul\\\/\",\"nextItem\":{\"@type\":\"ListItem\",\"@id\":\"https:\\\/\\\/rjoytek.com\\\/de\\\/produkt\\\/rjoytek-5-zoll-800x480-rgb-schnittstelle-ips-lcd-display\\\/#listItem\",\"name\":\"RJOYTEK 5 inch 800*480 RGB Interface IPS LCD Display\"},\"previousItem\":{\"@type\":\"ListItem\",\"@id\":\"https:\\\/\\\/rjoytek.com\\\/de\\\/geschaft\\\/#listItem\",\"name\":\"Shop\"}},{\"@type\":\"ListItem\",\"@id\":\"https:\\\/\\\/rjoytek.com\\\/de\\\/produkt\\\/rjoytek-5-zoll-800x480-rgb-schnittstelle-ips-lcd-display\\\/#listItem\",\"position\":4,\"name\":\"RJOYTEK 5 inch 800*480 RGB Interface IPS LCD Display\",\"previousItem\":{\"@type\":\"ListItem\",\"@id\":\"https:\\\/\\\/rjoytek.com\\\/de\\\/produkt-kategorie\\\/tft-lcd-displaymodul\\\/#listItem\",\"name\":\"TFT LCD Display Module\"}}]},{\"@type\":\"Organization\",\"@id\":\"https:\\\/\\\/rjoytek.com\\\/de\\\/#organization\",\"name\":\"RJY Display\",\"description\":\"Top Custom LCD, TFT, OLED Display Manufacturer & Supplier in China.\",\"url\":\"https:\\\/\\\/rjoytek.com\\\/de\\\/\",\"telephone\":\"+8618872893408\",\"logo\":{\"@type\":\"ImageObject\",\"url\":\"https:\\\/\\\/rjoytek.com\\\/wp-content\\\/uploads\\\/2025\\\/07\\\/LOGO1-scaled.png\",\"@id\":\"https:\\\/\\\/rjoytek.com\\\/de\\\/produkt\\\/rjoytek-5-zoll-800x480-rgb-schnittstelle-ips-lcd-display\\\/#organizationLogo\",\"width\":2560,\"height\":416},\"image\":{\"@id\":\"https:\\\/\\\/rjoytek.com\\\/de\\\/produkt\\\/rjoytek-5-zoll-800x480-rgb-schnittstelle-ips-lcd-display\\\/#organizationLogo\"},\"sameAs\":[\"https:\\\/\\\/www.facebook.com\\\/RjoytekLCDSolution\",\"https:\\\/\\\/www.youtube.com\\\/@lcdsolution-RJOYTEK\",\"https:\\\/\\\/www.linkedin.com\\\/company\\\/rjoytek-lcd-solution\"]},{\"@type\":\"WebPage\",\"@id\":\"https:\\\/\\\/rjoytek.com\\\/de\\\/produkt\\\/rjoytek-5-zoll-800x480-rgb-schnittstelle-ips-lcd-display\\\/#webpage\",\"url\":\"https:\\\/\\\/rjoytek.com\\\/de\\\/produkt\\\/rjoytek-5-zoll-800x480-rgb-schnittstelle-ips-lcd-display\\\/\",\"name\":\"RJOYTEK 5 inch 800*480 RGB Interface IPS LCD Display - TFT LCD Display Module - Top Custom LCD, TFT, OLED Display Manufacturer & Supplier in China.\",\"description\":\"Feature Compatible with NTSC & PAL system RoHS design Image Reversion: UP\\\/DOWN and LEFT\\\/RIGHT Size: 5 inch lcd display Resolution: 800*480 Interface: RGB Applications Automotive cluster\",\"inLanguage\":\"de-DE\",\"isPartOf\":{\"@id\":\"https:\\\/\\\/rjoytek.com\\\/de\\\/#website\"},\"breadcrumb\":{\"@id\":\"https:\\\/\\\/rjoytek.com\\\/de\\\/produkt\\\/rjoytek-5-zoll-800x480-rgb-schnittstelle-ips-lcd-display\\\/#breadcrumblist\"},\"image\":{\"@type\":\"ImageObject\",\"url\":\"https:\\\/\\\/rjoytek.com\\\/wp-content\\\/uploads\\\/2022\\\/06\\\/1-4.jpg\",\"@id\":\"https:\\\/\\\/rjoytek.com\\\/de\\\/produkt\\\/rjoytek-5-zoll-800x480-rgb-schnittstelle-ips-lcd-display\\\/#mainImage\",\"width\":1000,\"height\":1000},\"primaryImageOfPage\":{\"@id\":\"https:\\\/\\\/rjoytek.com\\\/de\\\/produkt\\\/rjoytek-5-zoll-800x480-rgb-schnittstelle-ips-lcd-display\\\/#mainImage\"},\"datePublished\":\"2022-06-22T08:25:26+00:00\",\"dateModified\":\"2022-06-22T08:25:26+00:00\"},{\"@type\":\"WebSite\",\"@id\":\"https:\\\/\\\/rjoytek.com\\\/de\\\/#website\",\"url\":\"https:\\\/\\\/rjoytek.com\\\/de\\\/\",\"name\":\"RJY Display\",\"description\":\"Top Custom LCD, TFT, OLED Display Manufacturer & Supplier in China.\",\"inLanguage\":\"de-DE\",\"publisher\":{\"@id\":\"https:\\\/\\\/rjoytek.com\\\/de\\\/#organization\"}}]}\n\t\t<\/script>\n\t\t<!-- All in One SEO Pro -->\r\n\t\t<title>RJOYTEK 5 inch 800*480 RGB Interface IPS LCD Display - TFT LCD Display Module - Top Custom LCD, TFT, OLED Display Manufacturer &amp; Supplier in China.<\/title>\n\n","aioseo_head_json":{"title":"RJOYTEK 5 Zoll 800*480 RGB Interface IPS LCD Display - TFT LCD Display Modul - F\u00fchrender Hersteller und Lieferant von kundenspezifischen LCD-, TFT- und OLED-Displays in China.","description":"Funktion Kompatibel mit NTSC- &amp; PAL-System","canonical_url":"https:\/\/rjoytek.com\/de\/produkt\/rjoytek-5-zoll-800x480-rgb-schnittstelle-ips-lcd-display\/","robots":"max-image-preview:large","keywords":"","webmasterTools":{"miscellaneous":""},"schema":{"@context":"https:\/\/schema.org","@graph":[{"@type":"BreadcrumbList","@id":"https:\/\/rjoytek.com\/de\/produkt\/rjoytek-5-zoll-800x480-rgb-schnittstelle-ips-lcd-display\/#breadcrumblist","itemListElement":[{"@type":"ListItem","@id":"https:\/\/rjoytek.com\/de#listItem","position":1,"name":"Home","item":"https:\/\/rjoytek.com\/de","nextItem":{"@type":"ListItem","@id":"https:\/\/rjoytek.com\/de\/geschaft\/#listItem","name":"Shop"}},{"@type":"ListItem","@id":"https:\/\/rjoytek.com\/de\/geschaft\/#listItem","position":2,"name":"Shop","item":"https:\/\/rjoytek.com\/de\/geschaft\/","nextItem":{"@type":"ListItem","@id":"https:\/\/rjoytek.com\/de\/produkt-kategorie\/tft-lcd-displaymodul\/#listItem","name":"TFT LCD Display Module"},"previousItem":{"@type":"ListItem","@id":"https:\/\/rjoytek.com\/de#listItem","name":"Home"}},{"@type":"ListItem","@id":"https:\/\/rjoytek.com\/de\/produkt-kategorie\/tft-lcd-displaymodul\/#listItem","position":3,"name":"TFT LCD Display Module","item":"https:\/\/rjoytek.com\/de\/produkt-kategorie\/tft-lcd-displaymodul\/","nextItem":{"@type":"ListItem","@id":"https:\/\/rjoytek.com\/de\/produkt\/rjoytek-5-zoll-800x480-rgb-schnittstelle-ips-lcd-display\/#listItem","name":"RJOYTEK 5 inch 800*480 RGB Interface IPS LCD Display"},"previousItem":{"@type":"ListItem","@id":"https:\/\/rjoytek.com\/de\/geschaft\/#listItem","name":"Shop"}},{"@type":"ListItem","@id":"https:\/\/rjoytek.com\/de\/produkt\/rjoytek-5-zoll-800x480-rgb-schnittstelle-ips-lcd-display\/#listItem","position":4,"name":"RJOYTEK 5 inch 800*480 RGB Interface IPS LCD Display","previousItem":{"@type":"ListItem","@id":"https:\/\/rjoytek.com\/de\/produkt-kategorie\/tft-lcd-displaymodul\/#listItem","name":"TFT LCD Display Module"}}]},{"@type":"Organization","@id":"https:\/\/rjoytek.com\/de\/#organization","name":"RJY Display","description":"Top Custom LCD, TFT, OLED Display Manufacturer & Supplier in China.","url":"https:\/\/rjoytek.com\/de\/","telephone":"+8618872893408","logo":{"@type":"ImageObject","url":"https:\/\/rjoytek.com\/wp-content\/uploads\/2025\/07\/LOGO1-scaled.png","@id":"https:\/\/rjoytek.com\/de\/produkt\/rjoytek-5-zoll-800x480-rgb-schnittstelle-ips-lcd-display\/#organizationLogo","width":2560,"height":416},"image":{"@id":"https:\/\/rjoytek.com\/de\/produkt\/rjoytek-5-zoll-800x480-rgb-schnittstelle-ips-lcd-display\/#organizationLogo"},"sameAs":["https:\/\/www.facebook.com\/RjoytekLCDSolution","https:\/\/www.youtube.com\/@lcdsolution-RJOYTEK","https:\/\/www.linkedin.com\/company\/rjoytek-lcd-solution"]},{"@type":"WebPage","@id":"https:\/\/rjoytek.com\/de\/produkt\/rjoytek-5-zoll-800x480-rgb-schnittstelle-ips-lcd-display\/#webpage","url":"https:\/\/rjoytek.com\/de\/produkt\/rjoytek-5-zoll-800x480-rgb-schnittstelle-ips-lcd-display\/","name":"RJOYTEK 5 inch 800*480 RGB Interface IPS LCD Display - TFT LCD Display Module - Top Custom LCD, TFT, OLED Display Manufacturer & Supplier in China.","description":"Feature Compatible with NTSC & PAL system RoHS design Image Reversion: UP\/DOWN and LEFT\/RIGHT Size: 5 inch lcd display Resolution: 800*480 Interface: RGB Applications Automotive cluster","inLanguage":"de-DE","isPartOf":{"@id":"https:\/\/rjoytek.com\/de\/#website"},"breadcrumb":{"@id":"https:\/\/rjoytek.com\/de\/produkt\/rjoytek-5-zoll-800x480-rgb-schnittstelle-ips-lcd-display\/#breadcrumblist"},"image":{"@type":"ImageObject","url":"https:\/\/rjoytek.com\/wp-content\/uploads\/2022\/06\/1-4.jpg","@id":"https:\/\/rjoytek.com\/de\/produkt\/rjoytek-5-zoll-800x480-rgb-schnittstelle-ips-lcd-display\/#mainImage","width":1000,"height":1000},"primaryImageOfPage":{"@id":"https:\/\/rjoytek.com\/de\/produkt\/rjoytek-5-zoll-800x480-rgb-schnittstelle-ips-lcd-display\/#mainImage"},"datePublished":"2022-06-22T08:25:26+00:00","dateModified":"2022-06-22T08:25:26+00:00"},{"@type":"WebSite","@id":"https:\/\/rjoytek.com\/de\/#website","url":"https:\/\/rjoytek.com\/de\/","name":"RJY Display","description":"Top Custom LCD, TFT, OLED Display Manufacturer & Supplier in China.","inLanguage":"de-DE","publisher":{"@id":"https:\/\/rjoytek.com\/de\/#organization"}}]},"og:locale":"de_DE","og:site_name":"RJY Display - Top Custom LCD, TFT, OLED Display Manufacturer &amp; Supplier in China.","og:type":"article","og:title":"RJOYTEK 5 inch 800*480 RGB Interface IPS LCD Display - TFT LCD Display Module - Top Custom LCD, TFT, OLED Display Manufacturer &amp; Supplier in China.","og:description":"Feature Compatible with NTSC &amp; PAL system RoHS design Image Reversion: UP\/DOWN and LEFT\/RIGHT Size: 5 inch lcd display Resolution: 800*480 Interface: RGB Applications Automotive cluster","og:url":"https:\/\/rjoytek.com\/de\/produkt\/rjoytek-5-zoll-800x480-rgb-schnittstelle-ips-lcd-display\/","og:image":"https:\/\/rjoytek.com\/wp-content\/uploads\/2024\/08\/cropped-LOGO.png","og:image:secure_url":"https:\/\/rjoytek.com\/wp-content\/uploads\/2024\/08\/cropped-LOGO.png","og:image:width":512,"og:image:height":512,"article:published_time":"2022-06-22T08:25:26+00:00","article:modified_time":"2022-06-22T08:25:26+00:00","article:publisher":"https:\/\/www.facebook.com\/RjoytekLCDSolution","twitter:card":"summary_large_image","twitter:title":"RJOYTEK 5 inch 800*480 RGB Interface IPS LCD Display - TFT LCD Display Module - Top Custom LCD, TFT, OLED Display Manufacturer &amp; Supplier in China.","twitter:description":"Feature Compatible with NTSC &amp; PAL system RoHS design Image Reversion: UP\/DOWN and LEFT\/RIGHT Size: 5 inch lcd display Resolution: 800*480 Interface: RGB Applications Automotive cluster","twitter:image":"https:\/\/rjoytek.com\/wp-content\/uploads\/2024\/08\/cropped-LOGO.png"},"aioseo_meta_data":{"post_id":"6662","title":null,"description":null,"keywords":null,"keyphrases":null,"canonical_url":null,"og_title":null,"og_description":null,"og_object_type":"default","og_image_type":"default","og_image_custom_url":null,"og_image_custom_fields":null,"og_custom_image_width":null,"og_custom_image_height":null,"og_video":null,"og_custom_url":null,"og_article_section":null,"og_article_tags":null,"twitter_use_og":true,"twitter_card":"default","twitter_image_type":"default","twitter_image_custom_url":null,"twitter_image_custom_fields":null,"twitter_title":null,"twitter_description":null,"schema_type":null,"schema_type_options":null,"pillar_content":false,"robots_default":true,"robots_noindex":false,"robots_noarchive":false,"robots_nosnippet":false,"robots_nofollow":false,"robots_noimageindex":false,"robots_noodp":false,"robots_notranslate":false,"robots_max_snippet":null,"robots_max_videopreview":null,"robots_max_imagepreview":"none","tabs":null,"priority":null,"frequency":null,"local_seo":null,"created":"2026-03-20 03:53:48","updated":"2026-04-04 10:23:46"},"aioseo_breadcrumb":"<div class=\"aioseo-breadcrumbs\"><span class=\"aioseo-breadcrumb\">\n\t<a href=\"https:\/\/rjoytek.com\/de\" title=\"Home\">Home<\/a>\n<\/span><span class=\"aioseo-breadcrumb-separator\">\u00bb<\/span><span class=\"aioseo-breadcrumb\">\n\t<a href=\"https:\/\/rjoytek.com\/de\/geschaft\/\" title=\"Shop\">Shop<\/a>\n<\/span><span class=\"aioseo-breadcrumb-separator\">\u00bb<\/span><span class=\"aioseo-breadcrumb\">\n\t<a href=\"https:\/\/rjoytek.com\/de\/produkt-kategorie\/tft-lcd-displaymodul\/\" title=\"TFT LCD Display Module\">TFT LCD Display Module<\/a>\n<\/span><span class=\"aioseo-breadcrumb-separator\">\u00bb<\/span><span class=\"aioseo-breadcrumb\">\n\tRJOYTEK 5 inch 800*480 RGB Interface IPS LCD Display\n<\/span><\/div>","aioseo_breadcrumb_json":[{"label":"Home","link":"https:\/\/rjoytek.com\/de"},{"label":"Shop","link":"https:\/\/rjoytek.com\/de\/geschaft\/"},{"label":"TFT LCD Display Module","link":"https:\/\/rjoytek.com\/de\/produkt-kategorie\/tft-lcd-displaymodul\/"},{"label":"RJOYTEK 5 inch 800*480 RGB Interface IPS LCD Display","link":"https:\/\/rjoytek.com\/de\/produkt\/rjoytek-5-zoll-800x480-rgb-schnittstelle-ips-lcd-display\/"}],"_links":{"self":[{"href":"https:\/\/rjoytek.com\/de\/wp-json\/wp\/v2\/product\/6662","targetHints":{"allow":["GET"]}}],"collection":[{"href":"https:\/\/rjoytek.com\/de\/wp-json\/wp\/v2\/product"}],"about":[{"href":"https:\/\/rjoytek.com\/de\/wp-json\/wp\/v2\/types\/product"}],"wp:featuredmedia":[{"embeddable":true,"href":"https:\/\/rjoytek.com\/de\/wp-json\/wp\/v2\/media\/6663"}],"wp:attachment":[{"href":"https:\/\/rjoytek.com\/de\/wp-json\/wp\/v2\/media?parent=6662"}],"wp:term":[{"taxonomy":"product_cat","embeddable":true,"href":"https:\/\/rjoytek.com\/de\/wp-json\/wp\/v2\/product_cat?post=6662"},{"taxonomy":"product_tag","embeddable":true,"href":"https:\/\/rjoytek.com\/de\/wp-json\/wp\/v2\/product_tag?post=6662"}],"curies":[{"name":"wp","href":"https:\/\/api.w.org\/{rel}","templated":true}]}}