{"id":6552,"date":"2022-06-21T07:01:13","date_gmt":"2022-06-21T07:01:13","guid":{"rendered":"https:\/\/rjoytek.com\/?post_type=product&#038;p=6552"},"modified":"2022-06-21T07:01:13","modified_gmt":"2022-06-21T07:01:13","slug":"rjoytek-43-zoll-480x800-tft-lcd-display-rgb-spi-schnittstelle-43-zoll-lcd","status":"publish","type":"product","link":"https:\/\/rjoytek.com\/de\/produkt\/rjoytek-43-zoll-480x800-tft-lcd-display-rgb-spi-schnittstelle-43-zoll-lcd\/","title":{"rendered":"RJOYTEK 4,3 Zoll 480*800 TFT LCD-Display RGB SPI-Schnittstelle 4,3 Zoll LCD"},"content":{"rendered":"<table style=\"width: 100%;border-collapse: collapse;border-style: solid;border-color: #e0dede\">\n<tbody>\n<tr>\n<td style=\"width: 50%\">Modell<\/td>\n<td style=\"width: 50%\">HYS-043BT5S2P002_V3<\/td>\n<\/tr>\n<tr>\n<td style=\"width: 50%\">Gr\u00f6\u00dfe<\/td>\n<td style=\"width: 50%\">4,3-Zoll-LCD-Display<\/td>\n<\/tr>\n<tr>\n<td style=\"width: 50%\">LCD-Typ<\/td>\n<td style=\"width: 50%\">TFT\/Transmissiv<\/td>\n<\/tr>\n<tr>\n<td style=\"width: 50%\">Modulfl\u00e4che<\/td>\n<td style=\"width: 50%\">60,86(H) *102,57(V) *2,7(T)<\/td>\n<\/tr>\n<tr>\n<td style=\"width: 50%\">Aktive Fl\u00e4che (B\u00d7H)<\/td>\n<td style=\"width: 50%\">56,16(B)\u00d793,6(H)<\/td>\n<\/tr>\n<tr>\n<td style=\"width: 50%\">Anzahl der Punkte<\/td>\n<td style=\"width: 50%\">480(RGB)\u00d7800<\/td>\n<\/tr>\n<tr>\n<td style=\"width: 50%\">Pixelabstand (B\u00d7H)<\/td>\n<td style=\"width: 50%\">0,117(H) \u00d7 0,117(V)<\/td>\n<\/tr>\n<tr>\n<td style=\"width: 50%\">Treiber-IC<\/td>\n<td style=\"width: 50%\">S6D77A1A01-B0E1<\/td>\n<\/tr>\n<tr>\n<td style=\"width: 50%\">Schnittstellentyp<\/td>\n<td style=\"width: 50%\">System RGB+SPI-Schnittstelle<\/td>\n<\/tr>\n<tr>\n<td style=\"width: 50%\">Farben<\/td>\n<td style=\"width: 50%\">16,7 Mio.<\/td>\n<\/tr>\n<tr>\n<td style=\"width: 50%\">Betriebstemperatur<\/td>\n<td style=\"width: 50%\">-20\u201370 \u00b0C<\/td>\n<\/tr>\n<tr>\n<td style=\"width: 50%\">Lagertemperatur<\/td>\n<td style=\"width: 50%\">-30\u201370 \u00b0C<\/td>\n<\/tr>\n<\/tbody>\n<\/table>\n<p>&nbsp;<\/p>\n<p><img fetchpriority=\"high\" decoding=\"async\" class=\"alignnone wp-image-6558 size-full\" src=\"https:\/\/rjoytek.com\/wp-content\/uploads\/2022\/06\/HYS-043BT5S2P002.jpg\" alt=\"\" width=\"1500\" height=\"1062\" srcset=\"https:\/\/rjoytek.com\/wp-content\/uploads\/2022\/06\/HYS-043BT5S2P002.jpg 1500w, https:\/\/rjoytek.com\/wp-content\/uploads\/2022\/06\/HYS-043BT5S2P002-1000x708.jpg 1000w, https:\/\/rjoytek.com\/wp-content\/uploads\/2022\/06\/HYS-043BT5S2P002-300x212.jpg 300w, https:\/\/rjoytek.com\/wp-content\/uploads\/2022\/06\/HYS-043BT5S2P002-1024x725.jpg 1024w, https:\/\/rjoytek.com\/wp-content\/uploads\/2022\/06\/HYS-043BT5S2P002-600x425.jpg 600w\" sizes=\"(max-width: 1500px) 100vw, 1500px\" \/><\/p>","protected":false},"excerpt":{"rendered":"<ul>\n<li>Gr\u00f6\u00dfe: 4,3 Zoll<\/li>\n<li>Aufl\u00f6sung: 480*800<\/li>\n<li>Schnittstelle: RGB+SPI<\/li>\n<li>LCD-Typ: TFT\/Transmissiv<\/li>\n<li>Lagertemperatur: -30\u201370 \u00b0C<\/li>\n<\/ul>","protected":false},"featured_media":6553,"template":"","meta":{"_acf_changed":false,"site-sidebar-layout":"default","site-content-layout":"","ast-site-content-layout":"default","site-content-style":"default","site-sidebar-style":"default","ast-global-header-display":"","ast-banner-title-visibility":"","ast-main-header-display":"","ast-hfb-above-header-display":"","ast-hfb-below-header-display":"","ast-hfb-mobile-header-display":"","site-post-title":"","ast-breadcrumbs-content":"","ast-featured-img":"","footer-sml-layout":"","ast-disable-related-posts":"","theme-transparent-header-meta":"","adv-header-id-meta":"","stick-header-meta":"","header-above-stick-meta":"","header-main-stick-meta":"","header-below-stick-meta":"","astra-migrate-meta-layouts":"default","ast-page-background-enabled":"default","ast-page-background-meta":{"desktop":{"background-color":"var(--ast-global-color-5)","background-image":"","background-repeat":"repeat","background-position":"center center","background-size":"auto","background-attachment":"scroll","background-type":"","background-media":"","overlay-type":"","overlay-color":"","overlay-opacity":"","overlay-gradient":""},"tablet":{"background-color":"","background-image":"","background-repeat":"repeat","background-position":"center center","background-size":"auto","background-attachment":"scroll","background-type":"","background-media":"","overlay-type":"","overlay-color":"","overlay-opacity":"","overlay-gradient":""},"mobile":{"background-color":"","background-image":"","background-repeat":"repeat","background-position":"center center","background-size":"auto","background-attachment":"scroll","background-type":"","background-media":"","overlay-type":"","overlay-color":"","overlay-opacity":"","overlay-gradient":""}},"ast-content-background-meta":{"desktop":{"background-color":"var(--ast-global-color-4)","background-image":"","background-repeat":"repeat","background-position":"center center","background-size":"auto","background-attachment":"scroll","background-type":"","background-media":"","overlay-type":"","overlay-color":"","overlay-opacity":"","overlay-gradient":""},"tablet":{"background-color":"var(--ast-global-color-4)","background-image":"","background-repeat":"repeat","background-position":"center center","background-size":"auto","background-attachment":"scroll","background-type":"","background-media":"","overlay-type":"","overlay-color":"","overlay-opacity":"","overlay-gradient":""},"mobile":{"background-color":"var(--ast-global-color-4)","background-image":"","background-repeat":"repeat","background-position":"center center","background-size":"auto","background-attachment":"scroll","background-type":"","background-media":"","overlay-type":"","overlay-color":"","overlay-opacity":"","overlay-gradient":""}}},"product_cat":[15],"product_tag":[],"class_list":{"0":"post-6552","1":"product","2":"type-product","3":"status-publish","4":"has-post-thumbnail","6":"product_cat-tft-lcd-display-module","7":"desktop-align-left","8":"tablet-align-left","9":"mobile-align-left","10":"ast-product-gallery-layout-horizontal-slider","11":"ast-magnify-disabled","12":"ast-qv-on-image","14":"first","15":"instock","16":"shipping-taxable","17":"product-type-simple"},"acf":[],"aioseo_notices":[],"aioseo_head":"\n\t\t<!-- All in One SEO Pro 4.8.3.2 - aioseo.com -->\n\t<meta name=\"description\" content=\"Size: 4.3 inch Resolution: 480*800 Interface: RGB+SPI LCD Type: TFT\/TRANSMISSIVE Storage temperature: -30-70 \u00b0C\" \/>\n\t<meta name=\"robots\" content=\"max-image-preview:large\" \/>\n\t<link rel=\"canonical\" href=\"https:\/\/rjoytek.com\/de\/produkt\/rjoytek-43-zoll-480x800-tft-lcd-display-rgb-spi-schnittstelle-43-zoll-lcd\/\" \/>\n\t<meta name=\"generator\" content=\"All in One SEO Pro (AIOSEO) 4.8.3.2\" \/>\n\t\t<meta property=\"og:locale\" content=\"de_DE\" \/>\n\t\t<meta property=\"og:site_name\" content=\"RJY Display - Top Custom LCD, TFT, OLED Display Manufacturer &amp; Supplier in China.\" \/>\n\t\t<meta property=\"og:type\" content=\"article\" \/>\n\t\t<meta property=\"og:title\" content=\"RJOYTEK 4.3 inch 480*800 TFT LCD Display RGB SPI Interface 4.3 inch LCD - TFT LCD Display Module - Top Custom LCD, TFT, OLED Display Manufacturer &amp; Supplier in China.\" \/>\n\t\t<meta property=\"og:description\" content=\"Size: 4.3 inch Resolution: 480*800 Interface: RGB+SPI LCD Type: TFT\/TRANSMISSIVE Storage temperature: -30-70 \u00b0C\" \/>\n\t\t<meta property=\"og:url\" content=\"https:\/\/rjoytek.com\/de\/produkt\/rjoytek-43-zoll-480x800-tft-lcd-display-rgb-spi-schnittstelle-43-zoll-lcd\/\" \/>\n\t\t<meta property=\"og:image\" content=\"https:\/\/rjoytek.com\/wp-content\/uploads\/2024\/08\/cropped-LOGO.png\" \/>\n\t\t<meta property=\"og:image:secure_url\" content=\"https:\/\/rjoytek.com\/wp-content\/uploads\/2024\/08\/cropped-LOGO.png\" \/>\n\t\t<meta property=\"og:image:width\" content=\"512\" \/>\n\t\t<meta property=\"og:image:height\" content=\"512\" \/>\n\t\t<meta property=\"article:published_time\" content=\"2022-06-21T07:01:13+00:00\" \/>\n\t\t<meta property=\"article:modified_time\" content=\"2022-06-21T07:01:13+00:00\" \/>\n\t\t<meta property=\"article:publisher\" content=\"https:\/\/www.facebook.com\/RjoytekLCDSolution\" \/>\n\t\t<meta name=\"twitter:card\" content=\"summary_large_image\" \/>\n\t\t<meta name=\"twitter:title\" content=\"RJOYTEK 4.3 inch 480*800 TFT LCD Display RGB SPI Interface 4.3 inch LCD - TFT LCD Display Module - Top Custom LCD, TFT, OLED Display Manufacturer &amp; Supplier in China.\" \/>\n\t\t<meta name=\"twitter:description\" content=\"Size: 4.3 inch Resolution: 480*800 Interface: RGB+SPI LCD Type: TFT\/TRANSMISSIVE Storage temperature: -30-70 \u00b0C\" \/>\n\t\t<meta name=\"twitter:image\" content=\"https:\/\/rjoytek.com\/wp-content\/uploads\/2024\/08\/cropped-LOGO.png\" \/>\n\t\t<script type=\"application\/ld+json\" class=\"aioseo-schema\">\n\t\t\t{\"@context\":\"https:\\\/\\\/schema.org\",\"@graph\":[{\"@type\":\"BreadcrumbList\",\"@id\":\"https:\\\/\\\/rjoytek.com\\\/de\\\/produkt\\\/rjoytek-43-zoll-480x800-tft-lcd-display-rgb-spi-schnittstelle-43-zoll-lcd\\\/#breadcrumblist\",\"itemListElement\":[{\"@type\":\"ListItem\",\"@id\":\"https:\\\/\\\/rjoytek.com\\\/de#listItem\",\"position\":1,\"name\":\"Home\",\"item\":\"https:\\\/\\\/rjoytek.com\\\/de\",\"nextItem\":{\"@type\":\"ListItem\",\"@id\":\"https:\\\/\\\/rjoytek.com\\\/de\\\/geschaft\\\/#listItem\",\"name\":\"Shop\"}},{\"@type\":\"ListItem\",\"@id\":\"https:\\\/\\\/rjoytek.com\\\/de\\\/geschaft\\\/#listItem\",\"position\":2,\"name\":\"Shop\",\"item\":\"https:\\\/\\\/rjoytek.com\\\/de\\\/geschaft\\\/\",\"nextItem\":{\"@type\":\"ListItem\",\"@id\":\"https:\\\/\\\/rjoytek.com\\\/de\\\/produkt-kategorie\\\/tft-lcd-displaymodul\\\/#listItem\",\"name\":\"TFT LCD Display Module\"},\"previousItem\":{\"@type\":\"ListItem\",\"@id\":\"https:\\\/\\\/rjoytek.com\\\/de#listItem\",\"name\":\"Home\"}},{\"@type\":\"ListItem\",\"@id\":\"https:\\\/\\\/rjoytek.com\\\/de\\\/produkt-kategorie\\\/tft-lcd-displaymodul\\\/#listItem\",\"position\":3,\"name\":\"TFT LCD Display Module\",\"item\":\"https:\\\/\\\/rjoytek.com\\\/de\\\/produkt-kategorie\\\/tft-lcd-displaymodul\\\/\",\"nextItem\":{\"@type\":\"ListItem\",\"@id\":\"https:\\\/\\\/rjoytek.com\\\/de\\\/produkt\\\/rjoytek-43-zoll-480x800-tft-lcd-display-rgb-spi-schnittstelle-43-zoll-lcd\\\/#listItem\",\"name\":\"RJOYTEK 4.3 inch 480*800 TFT LCD Display RGB SPI Interface 4.3 inch LCD\"},\"previousItem\":{\"@type\":\"ListItem\",\"@id\":\"https:\\\/\\\/rjoytek.com\\\/de\\\/geschaft\\\/#listItem\",\"name\":\"Shop\"}},{\"@type\":\"ListItem\",\"@id\":\"https:\\\/\\\/rjoytek.com\\\/de\\\/produkt\\\/rjoytek-43-zoll-480x800-tft-lcd-display-rgb-spi-schnittstelle-43-zoll-lcd\\\/#listItem\",\"position\":4,\"name\":\"RJOYTEK 4.3 inch 480*800 TFT LCD Display RGB SPI Interface 4.3 inch LCD\",\"previousItem\":{\"@type\":\"ListItem\",\"@id\":\"https:\\\/\\\/rjoytek.com\\\/de\\\/produkt-kategorie\\\/tft-lcd-displaymodul\\\/#listItem\",\"name\":\"TFT LCD Display Module\"}}]},{\"@type\":\"Organization\",\"@id\":\"https:\\\/\\\/rjoytek.com\\\/de\\\/#organization\",\"name\":\"RJY Display\",\"description\":\"Top Custom LCD, TFT, OLED Display Manufacturer & Supplier in China.\",\"url\":\"https:\\\/\\\/rjoytek.com\\\/de\\\/\",\"telephone\":\"+8618872893408\",\"logo\":{\"@type\":\"ImageObject\",\"url\":\"https:\\\/\\\/rjoytek.com\\\/wp-content\\\/uploads\\\/2025\\\/07\\\/LOGO1-scaled.png\",\"@id\":\"https:\\\/\\\/rjoytek.com\\\/de\\\/produkt\\\/rjoytek-43-zoll-480x800-tft-lcd-display-rgb-spi-schnittstelle-43-zoll-lcd\\\/#organizationLogo\",\"width\":2560,\"height\":416},\"image\":{\"@id\":\"https:\\\/\\\/rjoytek.com\\\/de\\\/produkt\\\/rjoytek-43-zoll-480x800-tft-lcd-display-rgb-spi-schnittstelle-43-zoll-lcd\\\/#organizationLogo\"},\"sameAs\":[\"https:\\\/\\\/www.facebook.com\\\/RjoytekLCDSolution\",\"https:\\\/\\\/www.youtube.com\\\/@lcdsolution-RJOYTEK\",\"https:\\\/\\\/www.linkedin.com\\\/company\\\/rjoytek-lcd-solution\"]},{\"@type\":\"WebPage\",\"@id\":\"https:\\\/\\\/rjoytek.com\\\/de\\\/produkt\\\/rjoytek-43-zoll-480x800-tft-lcd-display-rgb-spi-schnittstelle-43-zoll-lcd\\\/#webpage\",\"url\":\"https:\\\/\\\/rjoytek.com\\\/de\\\/produkt\\\/rjoytek-43-zoll-480x800-tft-lcd-display-rgb-spi-schnittstelle-43-zoll-lcd\\\/\",\"name\":\"RJOYTEK 4.3 inch 480*800 TFT LCD Display RGB SPI Interface 4.3 inch LCD - TFT LCD Display Module - Top Custom LCD, TFT, OLED Display Manufacturer & Supplier in China.\",\"description\":\"Size: 4.3 inch Resolution: 480*800 Interface: RGB+SPI LCD Type: TFT\\\/TRANSMISSIVE Storage temperature: -30-70 \\u00b0C\",\"inLanguage\":\"de-DE\",\"isPartOf\":{\"@id\":\"https:\\\/\\\/rjoytek.com\\\/de\\\/#website\"},\"breadcrumb\":{\"@id\":\"https:\\\/\\\/rjoytek.com\\\/de\\\/produkt\\\/rjoytek-43-zoll-480x800-tft-lcd-display-rgb-spi-schnittstelle-43-zoll-lcd\\\/#breadcrumblist\"},\"image\":{\"@type\":\"ImageObject\",\"url\":\"https:\\\/\\\/rjoytek.com\\\/wp-content\\\/uploads\\\/2022\\\/06\\\/4.3-inch-lcd-display.jpg\",\"@id\":\"https:\\\/\\\/rjoytek.com\\\/de\\\/produkt\\\/rjoytek-43-zoll-480x800-tft-lcd-display-rgb-spi-schnittstelle-43-zoll-lcd\\\/#mainImage\",\"width\":800,\"height\":800},\"primaryImageOfPage\":{\"@id\":\"https:\\\/\\\/rjoytek.com\\\/de\\\/produkt\\\/rjoytek-43-zoll-480x800-tft-lcd-display-rgb-spi-schnittstelle-43-zoll-lcd\\\/#mainImage\"},\"datePublished\":\"2022-06-21T07:01:13+00:00\",\"dateModified\":\"2022-06-21T07:01:13+00:00\"},{\"@type\":\"WebSite\",\"@id\":\"https:\\\/\\\/rjoytek.com\\\/de\\\/#website\",\"url\":\"https:\\\/\\\/rjoytek.com\\\/de\\\/\",\"name\":\"RJY Display\",\"description\":\"Top Custom LCD, TFT, OLED Display Manufacturer & Supplier in China.\",\"inLanguage\":\"de-DE\",\"publisher\":{\"@id\":\"https:\\\/\\\/rjoytek.com\\\/de\\\/#organization\"}}]}\n\t\t<\/script>\n\t\t<!-- All in One SEO Pro -->\r\n\t\t<title>RJOYTEK 4.3 inch 480*800 TFT LCD Display RGB SPI Interface 4.3 inch LCD - TFT LCD Display Module - Top Custom LCD, TFT, OLED Display Manufacturer &amp; Supplier in China.<\/title>\n\n","aioseo_head_json":{"title":"RJOYTEK 4,3 Zoll 480*800 TFT LCD Display RGB SPI Schnittstelle 4,3 Zoll LCD - TFT LCD Display Modul - F\u00fchrender kundenspezifischer LCD, TFT, OLED Display Hersteller &amp; Lieferant in China.","description":"Gr\u00f6\u00dfe: 4,3 Zoll Aufl\u00f6sung: 480*800 Schnittstelle: RGB+SPI Displaytyp: TFT\/transparent Lagertemperatur: -30-70 \u00b0C","canonical_url":"https:\/\/rjoytek.com\/de\/produkt\/rjoytek-43-zoll-480x800-tft-lcd-display-rgb-spi-schnittstelle-43-zoll-lcd\/","robots":"max-image-preview:large","keywords":"","webmasterTools":{"miscellaneous":""},"schema":{"@context":"https:\/\/schema.org","@graph":[{"@type":"BreadcrumbList","@id":"https:\/\/rjoytek.com\/de\/produkt\/rjoytek-43-zoll-480x800-tft-lcd-display-rgb-spi-schnittstelle-43-zoll-lcd\/#breadcrumblist","itemListElement":[{"@type":"ListItem","@id":"https:\/\/rjoytek.com\/de#listItem","position":1,"name":"Home","item":"https:\/\/rjoytek.com\/de","nextItem":{"@type":"ListItem","@id":"https:\/\/rjoytek.com\/de\/geschaft\/#listItem","name":"Shop"}},{"@type":"ListItem","@id":"https:\/\/rjoytek.com\/de\/geschaft\/#listItem","position":2,"name":"Shop","item":"https:\/\/rjoytek.com\/de\/geschaft\/","nextItem":{"@type":"ListItem","@id":"https:\/\/rjoytek.com\/de\/produkt-kategorie\/tft-lcd-displaymodul\/#listItem","name":"TFT LCD Display Module"},"previousItem":{"@type":"ListItem","@id":"https:\/\/rjoytek.com\/de#listItem","name":"Home"}},{"@type":"ListItem","@id":"https:\/\/rjoytek.com\/de\/produkt-kategorie\/tft-lcd-displaymodul\/#listItem","position":3,"name":"TFT LCD Display Module","item":"https:\/\/rjoytek.com\/de\/produkt-kategorie\/tft-lcd-displaymodul\/","nextItem":{"@type":"ListItem","@id":"https:\/\/rjoytek.com\/de\/produkt\/rjoytek-43-zoll-480x800-tft-lcd-display-rgb-spi-schnittstelle-43-zoll-lcd\/#listItem","name":"RJOYTEK 4.3 inch 480*800 TFT LCD Display RGB SPI Interface 4.3 inch LCD"},"previousItem":{"@type":"ListItem","@id":"https:\/\/rjoytek.com\/de\/geschaft\/#listItem","name":"Shop"}},{"@type":"ListItem","@id":"https:\/\/rjoytek.com\/de\/produkt\/rjoytek-43-zoll-480x800-tft-lcd-display-rgb-spi-schnittstelle-43-zoll-lcd\/#listItem","position":4,"name":"RJOYTEK 4.3 inch 480*800 TFT LCD Display RGB SPI Interface 4.3 inch LCD","previousItem":{"@type":"ListItem","@id":"https:\/\/rjoytek.com\/de\/produkt-kategorie\/tft-lcd-displaymodul\/#listItem","name":"TFT LCD Display Module"}}]},{"@type":"Organization","@id":"https:\/\/rjoytek.com\/de\/#organization","name":"RJY Display","description":"Top Custom LCD, TFT, OLED Display Manufacturer & Supplier in China.","url":"https:\/\/rjoytek.com\/de\/","telephone":"+8618872893408","logo":{"@type":"ImageObject","url":"https:\/\/rjoytek.com\/wp-content\/uploads\/2025\/07\/LOGO1-scaled.png","@id":"https:\/\/rjoytek.com\/de\/produkt\/rjoytek-43-zoll-480x800-tft-lcd-display-rgb-spi-schnittstelle-43-zoll-lcd\/#organizationLogo","width":2560,"height":416},"image":{"@id":"https:\/\/rjoytek.com\/de\/produkt\/rjoytek-43-zoll-480x800-tft-lcd-display-rgb-spi-schnittstelle-43-zoll-lcd\/#organizationLogo"},"sameAs":["https:\/\/www.facebook.com\/RjoytekLCDSolution","https:\/\/www.youtube.com\/@lcdsolution-RJOYTEK","https:\/\/www.linkedin.com\/company\/rjoytek-lcd-solution"]},{"@type":"WebPage","@id":"https:\/\/rjoytek.com\/de\/produkt\/rjoytek-43-zoll-480x800-tft-lcd-display-rgb-spi-schnittstelle-43-zoll-lcd\/#webpage","url":"https:\/\/rjoytek.com\/de\/produkt\/rjoytek-43-zoll-480x800-tft-lcd-display-rgb-spi-schnittstelle-43-zoll-lcd\/","name":"RJOYTEK 4.3 inch 480*800 TFT LCD Display RGB SPI Interface 4.3 inch LCD - TFT LCD Display Module - Top Custom LCD, TFT, OLED Display Manufacturer & Supplier in China.","description":"Size: 4.3 inch Resolution: 480*800 Interface: RGB+SPI LCD Type: TFT\/TRANSMISSIVE Storage temperature: -30-70 \u00b0C","inLanguage":"de-DE","isPartOf":{"@id":"https:\/\/rjoytek.com\/de\/#website"},"breadcrumb":{"@id":"https:\/\/rjoytek.com\/de\/produkt\/rjoytek-43-zoll-480x800-tft-lcd-display-rgb-spi-schnittstelle-43-zoll-lcd\/#breadcrumblist"},"image":{"@type":"ImageObject","url":"https:\/\/rjoytek.com\/wp-content\/uploads\/2022\/06\/4.3-inch-lcd-display.jpg","@id":"https:\/\/rjoytek.com\/de\/produkt\/rjoytek-43-zoll-480x800-tft-lcd-display-rgb-spi-schnittstelle-43-zoll-lcd\/#mainImage","width":800,"height":800},"primaryImageOfPage":{"@id":"https:\/\/rjoytek.com\/de\/produkt\/rjoytek-43-zoll-480x800-tft-lcd-display-rgb-spi-schnittstelle-43-zoll-lcd\/#mainImage"},"datePublished":"2022-06-21T07:01:13+00:00","dateModified":"2022-06-21T07:01:13+00:00"},{"@type":"WebSite","@id":"https:\/\/rjoytek.com\/de\/#website","url":"https:\/\/rjoytek.com\/de\/","name":"RJY Display","description":"Top Custom LCD, TFT, OLED Display Manufacturer & Supplier in China.","inLanguage":"de-DE","publisher":{"@id":"https:\/\/rjoytek.com\/de\/#organization"}}]},"og:locale":"de_DE","og:site_name":"RJY Display - Top Custom LCD, TFT, OLED Display Manufacturer &amp; Supplier in China.","og:type":"article","og:title":"RJOYTEK 4.3 inch 480*800 TFT LCD Display RGB SPI Interface 4.3 inch LCD - TFT LCD Display Module - Top Custom LCD, TFT, OLED Display Manufacturer &amp; Supplier in China.","og:description":"Size: 4.3 inch Resolution: 480*800 Interface: RGB+SPI LCD Type: TFT\/TRANSMISSIVE Storage temperature: -30-70 \u00b0C","og:url":"https:\/\/rjoytek.com\/de\/produkt\/rjoytek-43-zoll-480x800-tft-lcd-display-rgb-spi-schnittstelle-43-zoll-lcd\/","og:image":"https:\/\/rjoytek.com\/wp-content\/uploads\/2024\/08\/cropped-LOGO.png","og:image:secure_url":"https:\/\/rjoytek.com\/wp-content\/uploads\/2024\/08\/cropped-LOGO.png","og:image:width":512,"og:image:height":512,"article:published_time":"2022-06-21T07:01:13+00:00","article:modified_time":"2022-06-21T07:01:13+00:00","article:publisher":"https:\/\/www.facebook.com\/RjoytekLCDSolution","twitter:card":"summary_large_image","twitter:title":"RJOYTEK 4.3 inch 480*800 TFT LCD Display RGB SPI Interface 4.3 inch LCD - TFT LCD Display Module - Top Custom LCD, TFT, OLED Display Manufacturer &amp; Supplier in China.","twitter:description":"Size: 4.3 inch Resolution: 480*800 Interface: RGB+SPI LCD Type: TFT\/TRANSMISSIVE Storage temperature: -30-70 \u00b0C","twitter:image":"https:\/\/rjoytek.com\/wp-content\/uploads\/2024\/08\/cropped-LOGO.png"},"aioseo_meta_data":{"post_id":"6552","title":null,"description":null,"keywords":null,"keyphrases":null,"canonical_url":null,"og_title":null,"og_description":null,"og_object_type":"default","og_image_type":"default","og_image_custom_url":null,"og_image_custom_fields":null,"og_custom_image_width":null,"og_custom_image_height":null,"og_video":null,"og_custom_url":null,"og_article_section":null,"og_article_tags":null,"twitter_use_og":true,"twitter_card":"default","twitter_image_type":"default","twitter_image_custom_url":null,"twitter_image_custom_fields":null,"twitter_title":null,"twitter_description":null,"schema_type":null,"schema_type_options":null,"pillar_content":false,"robots_default":true,"robots_noindex":false,"robots_noarchive":false,"robots_nosnippet":false,"robots_nofollow":false,"robots_noimageindex":false,"robots_noodp":false,"robots_notranslate":false,"robots_max_snippet":null,"robots_max_videopreview":null,"robots_max_imagepreview":"none","tabs":null,"priority":null,"frequency":null,"local_seo":null,"created":"2026-03-20 03:53:41","updated":"2026-05-07 10:49:35"},"aioseo_breadcrumb":"<div class=\"aioseo-breadcrumbs\"><span class=\"aioseo-breadcrumb\">\n\t<a href=\"https:\/\/rjoytek.com\/de\" title=\"Home\">Home<\/a>\n<\/span><span class=\"aioseo-breadcrumb-separator\">\u00bb<\/span><span class=\"aioseo-breadcrumb\">\n\t<a href=\"https:\/\/rjoytek.com\/de\/geschaft\/\" title=\"Shop\">Shop<\/a>\n<\/span><span class=\"aioseo-breadcrumb-separator\">\u00bb<\/span><span class=\"aioseo-breadcrumb\">\n\t<a href=\"https:\/\/rjoytek.com\/de\/produkt-kategorie\/tft-lcd-displaymodul\/\" title=\"TFT LCD Display Module\">TFT LCD Display Module<\/a>\n<\/span><span class=\"aioseo-breadcrumb-separator\">\u00bb<\/span><span class=\"aioseo-breadcrumb\">\n\tRJOYTEK 4.3 inch 480*800 TFT LCD Display RGB SPI Interface 4.3 inch LCD\n<\/span><\/div>","aioseo_breadcrumb_json":[{"label":"Home","link":"https:\/\/rjoytek.com\/de"},{"label":"Shop","link":"https:\/\/rjoytek.com\/de\/geschaft\/"},{"label":"TFT LCD Display Module","link":"https:\/\/rjoytek.com\/de\/produkt-kategorie\/tft-lcd-displaymodul\/"},{"label":"RJOYTEK 4.3 inch 480*800 TFT LCD Display RGB SPI Interface 4.3 inch LCD","link":"https:\/\/rjoytek.com\/de\/produkt\/rjoytek-43-zoll-480x800-tft-lcd-display-rgb-spi-schnittstelle-43-zoll-lcd\/"}],"_links":{"self":[{"href":"https:\/\/rjoytek.com\/de\/wp-json\/wp\/v2\/product\/6552","targetHints":{"allow":["GET"]}}],"collection":[{"href":"https:\/\/rjoytek.com\/de\/wp-json\/wp\/v2\/product"}],"about":[{"href":"https:\/\/rjoytek.com\/de\/wp-json\/wp\/v2\/types\/product"}],"wp:featuredmedia":[{"embeddable":true,"href":"https:\/\/rjoytek.com\/de\/wp-json\/wp\/v2\/media\/6553"}],"wp:attachment":[{"href":"https:\/\/rjoytek.com\/de\/wp-json\/wp\/v2\/media?parent=6552"}],"wp:term":[{"taxonomy":"product_cat","embeddable":true,"href":"https:\/\/rjoytek.com\/de\/wp-json\/wp\/v2\/product_cat?post=6552"},{"taxonomy":"product_tag","embeddable":true,"href":"https:\/\/rjoytek.com\/de\/wp-json\/wp\/v2\/product_tag?post=6552"}],"curies":[{"name":"wp","href":"https:\/\/api.w.org\/{rel}","templated":true}]}}