{"id":6351,"date":"2022-05-27T04:03:44","date_gmt":"2022-05-27T04:03:44","guid":{"rendered":"https:\/\/rjoytek.com\/?post_type=product&#038;p=6351"},"modified":"2022-08-30T06:03:10","modified_gmt":"2022-08-30T06:03:10","slug":"35-zoll-tft-lcd-modul-1440x1600-mipi-sdi-schnittstelle-vr-ar-lcd-display-panel","status":"publish","type":"product","link":"https:\/\/rjoytek.com\/de\/produkt\/35-zoll-tft-lcd-modul-1440x1600-mipi-sdi-schnittstelle-vr-ar-lcd-display-panel\/","title":{"rendered":"RJOYTEK 3,5 Zoll 1440*1600 MIPI SDI Schnittstelle TFT LCD Modul"},"content":{"rendered":"<p style=\"text-align: justify\">Dieses 3,5-Zoll-Modul ist ein Normally-Black-AMTFT-LCD-Displaymodul mit einer Aufl\u00f6sung von 1440*1600, das f\u00fcr Virtual-Reality-Ger\u00e4te und Augmented-Reality-Ger\u00e4te eingesetzt wird. Das NTSC-Verh\u00e4ltnis betr\u00e4gt 85%, mit MIPI-DSI-Schnittstelle.<\/p>\n<p><strong>Merkmale<\/strong><\/p>\n<ul>\n<li>Hohe PPI<\/li>\n<li>Schnelle Reaktionszeit<\/li>\n<li>Hohe Bildwiederholrate<\/li>\n<li>Hohe Leuchtdichte, geringe Reflexion und gro\u00dfer Betrachtungswinkel<\/li>\n<li>RoHS- und halogenfrei konform<\/li>\n<\/ul>\n<p><strong>Anwendung<\/strong><\/p>\n<ul>\n<li>Virtual-Reality-Ger\u00e4t<\/li>\n<li>Augmented-Reality-Ger\u00e4t<\/li>\n<\/ul>\n<table style=\"width: 100%;border-collapse: collapse;border-style: solid;border-color: #b0a9a9\">\n<tbody>\n<tr>\n<td style=\"width: 50%\">Anzeigemethode<\/td>\n<td style=\"width: 50%\">Aktiv-Matrix-TFT<\/td>\n<\/tr>\n<tr>\n<td style=\"width: 50%\">Anzeigemodus<\/td>\n<td style=\"width: 50%\">Transmissionsmodus, Normally Black<\/td>\n<\/tr>\n<tr>\n<td style=\"width: 50%\">Bildschirmgr\u00f6\u00dfe<\/td>\n<td style=\"width: 50%\">3,5 (88,79 mm)<\/td>\n<\/tr>\n<tr>\n<td style=\"width: 50%\">Anzahl der Pixel<\/td>\n<td style=\"width: 50%\">1440(H) \u00d7 1600(V)<\/td>\n<\/tr>\n<tr>\n<td style=\"width: 50%\">Aktiver Bereich<\/td>\n<td style=\"width: 50%\">59,4(H) \u00d7 66,0(V)<\/td>\n<\/tr>\n<tr>\n<td style=\"width: 50%\">Pixelabstand<\/td>\n<td style=\"width: 50%\">13,75(H) \u00d7 41,25(V)<\/td>\n<\/tr>\n<tr>\n<td style=\"width: 50%\">Pixelanordnung<\/td>\n<td style=\"width: 50%\">RGB-Streifen<\/td>\n<\/tr>\n<tr>\n<td style=\"width: 50%\">Angezeigte Farben<\/td>\n<td style=\"width: 50%\">16,7 Mio.<\/td>\n<\/tr>\n<tr>\n<td style=\"width: 50%\">NTSC-Verh\u00e4ltnis<\/td>\n<td style=\"width: 50%\">85%<\/td>\n<\/tr>\n<tr>\n<td style=\"width: 50%\">LCM-Au\u00dfenabmessungen<\/td>\n<td style=\"width: 50%\">62,2(H) \u00d7 73,6(V) \u00d7 1,7 (T)<\/td>\n<\/tr>\n<tr>\n<td style=\"width: 50%\">LCM-Gewicht<\/td>\n<td style=\"width: 50%\">17,0 \u00b12,0<\/td>\n<\/tr>\n<tr>\n<td style=\"width: 50%\">Treiber-IC<\/td>\n<td style=\"width: 50%\">NT57860<\/td>\n<\/tr>\n<tr>\n<td style=\"width: 50%\">Interface<\/td>\n<td style=\"width: 50%\">MIPI DSI (Video Mode)<\/td>\n<\/tr>\n<tr>\n<td style=\"width: 50%\">Oberfl\u00e4chenbehandlung<\/td>\n<td style=\"width: 50%\">HC, \u22653H<\/td>\n<\/tr>\n<tr>\n<td style=\"width: 50%\">Pin-Anschluss<\/td>\n<td style=\"width: 50%\">50-polig<\/td>\n<\/tr>\n<\/tbody>\n<\/table>\n<p><img fetchpriority=\"high\" decoding=\"async\" class=\"alignnone size-full wp-image-7320\" src=\"https:\/\/rjoytek.com\/wp-content\/uploads\/2022\/08\/RJOYTEK-certification.jpg\" alt=\"RJOYTEK-Zertifizierung\" width=\"1920\" height=\"1326\" srcset=\"https:\/\/rjoytek.com\/wp-content\/uploads\/2022\/08\/RJOYTEK-certification.jpg 1920w, https:\/\/rjoytek.com\/wp-content\/uploads\/2022\/08\/RJOYTEK-certification-1000x691.jpg 1000w, https:\/\/rjoytek.com\/wp-content\/uploads\/2022\/08\/RJOYTEK-certification-300x207.jpg 300w, https:\/\/rjoytek.com\/wp-content\/uploads\/2022\/08\/RJOYTEK-certification-1024x707.jpg 1024w, https:\/\/rjoytek.com\/wp-content\/uploads\/2022\/08\/RJOYTEK-certification-1536x1061.jpg 1536w, https:\/\/rjoytek.com\/wp-content\/uploads\/2022\/08\/RJOYTEK-certification-600x414.jpg 600w\" sizes=\"(max-width: 1920px) 100vw, 1920px\" \/><\/p>\n<p><img decoding=\"async\" class=\"alignnone size-full wp-image-7149\" src=\"https:\/\/rjoytek.com\/wp-content\/uploads\/2022\/08\/rjoytek-factory-show.jpg\" alt=\"Rjoytek-Fabrikausstellung\" width=\"1500\" height=\"984\" srcset=\"https:\/\/rjoytek.com\/wp-content\/uploads\/2022\/08\/rjoytek-factory-show.jpg 1500w, https:\/\/rjoytek.com\/wp-content\/uploads\/2022\/08\/rjoytek-factory-show-1000x656.jpg 1000w, https:\/\/rjoytek.com\/wp-content\/uploads\/2022\/08\/rjoytek-factory-show-300x197.jpg 300w, https:\/\/rjoytek.com\/wp-content\/uploads\/2022\/08\/rjoytek-factory-show-1024x672.jpg 1024w, https:\/\/rjoytek.com\/wp-content\/uploads\/2022\/08\/rjoytek-factory-show-600x394.jpg 600w\" sizes=\"(max-width: 1500px) 100vw, 1500px\" \/><\/p>","protected":false},"excerpt":{"rendered":"<ul>\n<li>Gr\u00f6\u00dfe: 3,5-Zoll-LCD-Modul<\/li>\n<li>Anzeigemodus: Transmissionsmodus, Normally Black<br \/>\nSchwarz<\/li>\n<li>Pixelanzahl: 1440(H) \u00d7 1600(V)<\/li>\n<li>NTSC-Verh\u00e4ltnis: 85%<\/li>\n<li>Treiber-IC: NT57860<\/li>\n<li>Schnittstelle: MIPI DSI (Video Mode)<\/li>\n<\/ul>","protected":false},"featured_media":6353,"template":"","meta":{"_acf_changed":false,"site-sidebar-layout":"default","site-content-layout":"","ast-site-content-layout":"default","site-content-style":"default","site-sidebar-style":"default","ast-global-header-display":"","ast-banner-title-visibility":"","ast-main-header-display":"","ast-hfb-above-header-display":"","ast-hfb-below-header-display":"","ast-hfb-mobile-header-display":"","site-post-title":"","ast-breadcrumbs-content":"","ast-featured-img":"","footer-sml-layout":"","ast-disable-related-posts":"","theme-transparent-header-meta":"","adv-header-id-meta":"","stick-header-meta":"","header-above-stick-meta":"","header-main-stick-meta":"","header-below-stick-meta":"","astra-migrate-meta-layouts":"default","ast-page-background-enabled":"default","ast-page-background-meta":{"desktop":{"background-color":"var(--ast-global-color-5)","background-image":"","background-repeat":"repeat","background-position":"center center","background-size":"auto","background-attachment":"scroll","background-type":"","background-media":"","overlay-type":"","overlay-color":"","overlay-opacity":"","overlay-gradient":""},"tablet":{"background-color":"","background-image":"","background-repeat":"repeat","background-position":"center center","background-size":"auto","background-attachment":"scroll","background-type":"","background-media":"","overlay-type":"","overlay-color":"","overlay-opacity":"","overlay-gradient":""},"mobile":{"background-color":"","background-image":"","background-repeat":"repeat","background-position":"center center","background-size":"auto","background-attachment":"scroll","background-type":"","background-media":"","overlay-type":"","overlay-color":"","overlay-opacity":"","overlay-gradient":""}},"ast-content-background-meta":{"desktop":{"background-color":"var(--ast-global-color-4)","background-image":"","background-repeat":"repeat","background-position":"center center","background-size":"auto","background-attachment":"scroll","background-type":"","background-media":"","overlay-type":"","overlay-color":"","overlay-opacity":"","overlay-gradient":""},"tablet":{"background-color":"var(--ast-global-color-4)","background-image":"","background-repeat":"repeat","background-position":"center center","background-size":"auto","background-attachment":"scroll","background-type":"","background-media":"","overlay-type":"","overlay-color":"","overlay-opacity":"","overlay-gradient":""},"mobile":{"background-color":"var(--ast-global-color-4)","background-image":"","background-repeat":"repeat","background-position":"center center","background-size":"auto","background-attachment":"scroll","background-type":"","background-media":"","overlay-type":"","overlay-color":"","overlay-opacity":"","overlay-gradient":""}}},"product_cat":[34,15],"product_tag":[180,125],"class_list":{"0":"post-6351","1":"product","2":"type-product","3":"status-publish","4":"has-post-thumbnail","6":"product_cat-vr-ar-display-module","7":"product_cat-tft-lcd-display-module","8":"product_tag-3-5-inch-tft-lcd-display","9":"product_tag-ar-display","10":"desktop-align-left","11":"tablet-align-left","12":"mobile-align-left","13":"ast-product-gallery-layout-horizontal-slider","14":"ast-magnify-disabled","15":"ast-qv-on-image","17":"first","18":"instock","19":"shipping-taxable","20":"product-type-simple"},"acf":[],"aioseo_notices":[],"aioseo_head":"\n\t\t<!-- All in One SEO Pro 4.8.3.2 - aioseo.com -->\n\t<meta name=\"description\" content=\"Size: 3.5 inch LCD module Display mode: Transmission mode, Normally black Number of pixels: 1440(H) \u00d7 1600(V) NTSC Ratio: 85% Driver IC: NT57860 Interface: MIPI DSI (Video Mode)\" \/>\n\t<meta name=\"robots\" content=\"max-image-preview:large\" \/>\n\t<link rel=\"canonical\" href=\"https:\/\/rjoytek.com\/de\/produkt\/35-zoll-tft-lcd-modul-1440x1600-mipi-sdi-schnittstelle-vr-ar-lcd-display-panel\/\" \/>\n\t<meta name=\"generator\" content=\"All in One SEO Pro (AIOSEO) 4.8.3.2\" \/>\n\t\t<meta property=\"og:locale\" content=\"de_DE\" \/>\n\t\t<meta property=\"og:site_name\" content=\"RJY Display - Top Custom LCD, TFT, OLED Display Manufacturer &amp; Supplier in China.\" \/>\n\t\t<meta property=\"og:type\" content=\"article\" \/>\n\t\t<meta property=\"og:title\" content=\"RJOYTEK 3.5 inch 1440*1600 MIPI SDI Interface TFT LCD Module - Microdisplay for AR\/VR - Top Custom LCD, TFT, OLED Display Manufacturer &amp; Supplier in China.\" \/>\n\t\t<meta property=\"og:description\" content=\"Size: 3.5 inch LCD module Display mode: Transmission mode, Normally black Number of pixels: 1440(H) \u00d7 1600(V) NTSC Ratio: 85% Driver IC: NT57860 Interface: MIPI DSI (Video Mode)\" \/>\n\t\t<meta property=\"og:url\" content=\"https:\/\/rjoytek.com\/de\/produkt\/35-zoll-tft-lcd-modul-1440x1600-mipi-sdi-schnittstelle-vr-ar-lcd-display-panel\/\" \/>\n\t\t<meta property=\"og:image\" content=\"https:\/\/rjoytek.com\/wp-content\/uploads\/2024\/08\/cropped-LOGO.png\" \/>\n\t\t<meta property=\"og:image:secure_url\" content=\"https:\/\/rjoytek.com\/wp-content\/uploads\/2024\/08\/cropped-LOGO.png\" \/>\n\t\t<meta property=\"og:image:width\" content=\"512\" \/>\n\t\t<meta property=\"og:image:height\" content=\"512\" \/>\n\t\t<meta property=\"article:published_time\" content=\"2022-05-27T04:03:44+00:00\" \/>\n\t\t<meta property=\"article:modified_time\" content=\"2022-08-30T06:03:10+00:00\" \/>\n\t\t<meta property=\"article:publisher\" content=\"https:\/\/www.facebook.com\/RjoytekLCDSolution\" \/>\n\t\t<meta name=\"twitter:card\" content=\"summary_large_image\" \/>\n\t\t<meta name=\"twitter:title\" content=\"RJOYTEK 3.5 inch 1440*1600 MIPI SDI Interface TFT LCD Module - Microdisplay for AR\/VR - Top Custom LCD, TFT, OLED Display Manufacturer &amp; Supplier in China.\" \/>\n\t\t<meta name=\"twitter:description\" content=\"Size: 3.5 inch LCD module Display mode: Transmission mode, Normally black Number of pixels: 1440(H) \u00d7 1600(V) NTSC Ratio: 85% Driver IC: NT57860 Interface: MIPI DSI (Video Mode)\" \/>\n\t\t<meta name=\"twitter:image\" content=\"https:\/\/rjoytek.com\/wp-content\/uploads\/2024\/08\/cropped-LOGO.png\" \/>\n\t\t<script type=\"application\/ld+json\" class=\"aioseo-schema\">\n\t\t\t{\"@context\":\"https:\\\/\\\/schema.org\",\"@graph\":[{\"@type\":\"BreadcrumbList\",\"@id\":\"https:\\\/\\\/rjoytek.com\\\/de\\\/produkt\\\/35-zoll-tft-lcd-modul-1440x1600-mipi-sdi-schnittstelle-vr-ar-lcd-display-panel\\\/#breadcrumblist\",\"itemListElement\":[{\"@type\":\"ListItem\",\"@id\":\"https:\\\/\\\/rjoytek.com\\\/de#listItem\",\"position\":1,\"name\":\"Home\",\"item\":\"https:\\\/\\\/rjoytek.com\\\/de\",\"nextItem\":{\"@type\":\"ListItem\",\"@id\":\"https:\\\/\\\/rjoytek.com\\\/de\\\/geschaft\\\/#listItem\",\"name\":\"Shop\"}},{\"@type\":\"ListItem\",\"@id\":\"https:\\\/\\\/rjoytek.com\\\/de\\\/geschaft\\\/#listItem\",\"position\":2,\"name\":\"Shop\",\"item\":\"https:\\\/\\\/rjoytek.com\\\/de\\\/geschaft\\\/\",\"nextItem\":{\"@type\":\"ListItem\",\"@id\":\"https:\\\/\\\/rjoytek.com\\\/de\\\/produkt-kategorie\\\/tft-lcd-displaymodul\\\/#listItem\",\"name\":\"TFT LCD Display Module\"},\"previousItem\":{\"@type\":\"ListItem\",\"@id\":\"https:\\\/\\\/rjoytek.com\\\/de#listItem\",\"name\":\"Home\"}},{\"@type\":\"ListItem\",\"@id\":\"https:\\\/\\\/rjoytek.com\\\/de\\\/produkt-kategorie\\\/tft-lcd-displaymodul\\\/#listItem\",\"position\":3,\"name\":\"TFT LCD Display Module\",\"item\":\"https:\\\/\\\/rjoytek.com\\\/de\\\/produkt-kategorie\\\/tft-lcd-displaymodul\\\/\",\"nextItem\":{\"@type\":\"ListItem\",\"@id\":\"https:\\\/\\\/rjoytek.com\\\/de\\\/produkt\\\/35-zoll-tft-lcd-modul-1440x1600-mipi-sdi-schnittstelle-vr-ar-lcd-display-panel\\\/#listItem\",\"name\":\"RJOYTEK 3.5 inch 1440*1600 MIPI SDI Interface TFT LCD Module\"},\"previousItem\":{\"@type\":\"ListItem\",\"@id\":\"https:\\\/\\\/rjoytek.com\\\/de\\\/geschaft\\\/#listItem\",\"name\":\"Shop\"}},{\"@type\":\"ListItem\",\"@id\":\"https:\\\/\\\/rjoytek.com\\\/de\\\/produkt\\\/35-zoll-tft-lcd-modul-1440x1600-mipi-sdi-schnittstelle-vr-ar-lcd-display-panel\\\/#listItem\",\"position\":4,\"name\":\"RJOYTEK 3.5 inch 1440*1600 MIPI SDI Interface TFT LCD Module\",\"previousItem\":{\"@type\":\"ListItem\",\"@id\":\"https:\\\/\\\/rjoytek.com\\\/de\\\/produkt-kategorie\\\/tft-lcd-displaymodul\\\/#listItem\",\"name\":\"TFT LCD Display Module\"}}]},{\"@type\":\"Organization\",\"@id\":\"https:\\\/\\\/rjoytek.com\\\/de\\\/#organization\",\"name\":\"RJY Display\",\"description\":\"Top Custom LCD, TFT, OLED Display Manufacturer & Supplier in China.\",\"url\":\"https:\\\/\\\/rjoytek.com\\\/de\\\/\",\"telephone\":\"+8618872893408\",\"logo\":{\"@type\":\"ImageObject\",\"url\":\"https:\\\/\\\/rjoytek.com\\\/wp-content\\\/uploads\\\/2025\\\/07\\\/LOGO1-scaled.png\",\"@id\":\"https:\\\/\\\/rjoytek.com\\\/de\\\/produkt\\\/35-zoll-tft-lcd-modul-1440x1600-mipi-sdi-schnittstelle-vr-ar-lcd-display-panel\\\/#organizationLogo\",\"width\":2560,\"height\":416},\"image\":{\"@id\":\"https:\\\/\\\/rjoytek.com\\\/de\\\/produkt\\\/35-zoll-tft-lcd-modul-1440x1600-mipi-sdi-schnittstelle-vr-ar-lcd-display-panel\\\/#organizationLogo\"},\"sameAs\":[\"https:\\\/\\\/www.facebook.com\\\/RjoytekLCDSolution\",\"https:\\\/\\\/www.youtube.com\\\/@lcdsolution-RJOYTEK\",\"https:\\\/\\\/www.linkedin.com\\\/company\\\/rjoytek-lcd-solution\"]},{\"@type\":\"WebPage\",\"@id\":\"https:\\\/\\\/rjoytek.com\\\/de\\\/produkt\\\/35-zoll-tft-lcd-modul-1440x1600-mipi-sdi-schnittstelle-vr-ar-lcd-display-panel\\\/#webpage\",\"url\":\"https:\\\/\\\/rjoytek.com\\\/de\\\/produkt\\\/35-zoll-tft-lcd-modul-1440x1600-mipi-sdi-schnittstelle-vr-ar-lcd-display-panel\\\/\",\"name\":\"RJOYTEK 3.5 inch 1440*1600 MIPI SDI Interface TFT LCD Module - Microdisplay for AR\\\/VR - Top Custom LCD, TFT, OLED Display Manufacturer & Supplier in China.\",\"description\":\"Size: 3.5 inch LCD module Display mode: Transmission mode, Normally black Number of pixels: 1440(H) \\u00d7 1600(V) NTSC Ratio: 85% Driver IC: NT57860 Interface: MIPI DSI (Video Mode)\",\"inLanguage\":\"de-DE\",\"isPartOf\":{\"@id\":\"https:\\\/\\\/rjoytek.com\\\/de\\\/#website\"},\"breadcrumb\":{\"@id\":\"https:\\\/\\\/rjoytek.com\\\/de\\\/produkt\\\/35-zoll-tft-lcd-modul-1440x1600-mipi-sdi-schnittstelle-vr-ar-lcd-display-panel\\\/#breadcrumblist\"},\"image\":{\"@type\":\"ImageObject\",\"url\":\"https:\\\/\\\/rjoytek.com\\\/wp-content\\\/uploads\\\/2022\\\/05\\\/7.jpg\",\"@id\":\"https:\\\/\\\/rjoytek.com\\\/de\\\/produkt\\\/35-zoll-tft-lcd-modul-1440x1600-mipi-sdi-schnittstelle-vr-ar-lcd-display-panel\\\/#mainImage\",\"width\":800,\"height\":800},\"primaryImageOfPage\":{\"@id\":\"https:\\\/\\\/rjoytek.com\\\/de\\\/produkt\\\/35-zoll-tft-lcd-modul-1440x1600-mipi-sdi-schnittstelle-vr-ar-lcd-display-panel\\\/#mainImage\"},\"datePublished\":\"2022-05-27T04:03:44+00:00\",\"dateModified\":\"2022-08-30T06:03:10+00:00\"},{\"@type\":\"WebSite\",\"@id\":\"https:\\\/\\\/rjoytek.com\\\/de\\\/#website\",\"url\":\"https:\\\/\\\/rjoytek.com\\\/de\\\/\",\"name\":\"RJY Display\",\"description\":\"Top Custom LCD, TFT, OLED Display Manufacturer & Supplier in China.\",\"inLanguage\":\"de-DE\",\"publisher\":{\"@id\":\"https:\\\/\\\/rjoytek.com\\\/de\\\/#organization\"}}]}\n\t\t<\/script>\n\t\t<!-- All in One SEO Pro -->\r\n\t\t<title>RJOYTEK 3.5 inch 1440*1600 MIPI SDI Interface TFT LCD Module - Microdisplay for AR\/VR - Top Custom LCD, TFT, OLED Display Manufacturer &amp; Supplier in China.<\/title>\n\n","aioseo_head_json":{"title":"RJOYTEK 3,5-Zoll 1440*1600 MIPI SDI Interface TFT LCD Modul - Mikrodisplay f\u00fcr AR\/VR - F\u00fchrender kundenspezifischer LCD-, TFT- und OLED-Displayhersteller &amp; -Lieferant in China.","description":"Gr\u00f6\u00dfe: 3,5-Zoll-LCD-Modul","canonical_url":"https:\/\/rjoytek.com\/de\/produkt\/35-zoll-tft-lcd-modul-1440x1600-mipi-sdi-schnittstelle-vr-ar-lcd-display-panel\/","robots":"max-image-preview:large","keywords":"","webmasterTools":{"miscellaneous":""},"schema":{"@context":"https:\/\/schema.org","@graph":[{"@type":"BreadcrumbList","@id":"https:\/\/rjoytek.com\/de\/produkt\/35-zoll-tft-lcd-modul-1440x1600-mipi-sdi-schnittstelle-vr-ar-lcd-display-panel\/#breadcrumblist","itemListElement":[{"@type":"ListItem","@id":"https:\/\/rjoytek.com\/de#listItem","position":1,"name":"Home","item":"https:\/\/rjoytek.com\/de","nextItem":{"@type":"ListItem","@id":"https:\/\/rjoytek.com\/de\/geschaft\/#listItem","name":"Shop"}},{"@type":"ListItem","@id":"https:\/\/rjoytek.com\/de\/geschaft\/#listItem","position":2,"name":"Shop","item":"https:\/\/rjoytek.com\/de\/geschaft\/","nextItem":{"@type":"ListItem","@id":"https:\/\/rjoytek.com\/de\/produkt-kategorie\/tft-lcd-displaymodul\/#listItem","name":"TFT LCD Display Module"},"previousItem":{"@type":"ListItem","@id":"https:\/\/rjoytek.com\/de#listItem","name":"Home"}},{"@type":"ListItem","@id":"https:\/\/rjoytek.com\/de\/produkt-kategorie\/tft-lcd-displaymodul\/#listItem","position":3,"name":"TFT LCD Display Module","item":"https:\/\/rjoytek.com\/de\/produkt-kategorie\/tft-lcd-displaymodul\/","nextItem":{"@type":"ListItem","@id":"https:\/\/rjoytek.com\/de\/produkt\/35-zoll-tft-lcd-modul-1440x1600-mipi-sdi-schnittstelle-vr-ar-lcd-display-panel\/#listItem","name":"RJOYTEK 3.5 inch 1440*1600 MIPI SDI Interface TFT LCD Module"},"previousItem":{"@type":"ListItem","@id":"https:\/\/rjoytek.com\/de\/geschaft\/#listItem","name":"Shop"}},{"@type":"ListItem","@id":"https:\/\/rjoytek.com\/de\/produkt\/35-zoll-tft-lcd-modul-1440x1600-mipi-sdi-schnittstelle-vr-ar-lcd-display-panel\/#listItem","position":4,"name":"RJOYTEK 3.5 inch 1440*1600 MIPI SDI Interface TFT LCD Module","previousItem":{"@type":"ListItem","@id":"https:\/\/rjoytek.com\/de\/produkt-kategorie\/tft-lcd-displaymodul\/#listItem","name":"TFT LCD Display Module"}}]},{"@type":"Organization","@id":"https:\/\/rjoytek.com\/de\/#organization","name":"RJY Display","description":"Top Custom LCD, TFT, OLED Display Manufacturer & Supplier in China.","url":"https:\/\/rjoytek.com\/de\/","telephone":"+8618872893408","logo":{"@type":"ImageObject","url":"https:\/\/rjoytek.com\/wp-content\/uploads\/2025\/07\/LOGO1-scaled.png","@id":"https:\/\/rjoytek.com\/de\/produkt\/35-zoll-tft-lcd-modul-1440x1600-mipi-sdi-schnittstelle-vr-ar-lcd-display-panel\/#organizationLogo","width":2560,"height":416},"image":{"@id":"https:\/\/rjoytek.com\/de\/produkt\/35-zoll-tft-lcd-modul-1440x1600-mipi-sdi-schnittstelle-vr-ar-lcd-display-panel\/#organizationLogo"},"sameAs":["https:\/\/www.facebook.com\/RjoytekLCDSolution","https:\/\/www.youtube.com\/@lcdsolution-RJOYTEK","https:\/\/www.linkedin.com\/company\/rjoytek-lcd-solution"]},{"@type":"WebPage","@id":"https:\/\/rjoytek.com\/de\/produkt\/35-zoll-tft-lcd-modul-1440x1600-mipi-sdi-schnittstelle-vr-ar-lcd-display-panel\/#webpage","url":"https:\/\/rjoytek.com\/de\/produkt\/35-zoll-tft-lcd-modul-1440x1600-mipi-sdi-schnittstelle-vr-ar-lcd-display-panel\/","name":"RJOYTEK 3.5 inch 1440*1600 MIPI SDI Interface TFT LCD Module - Microdisplay for AR\/VR - Top Custom LCD, TFT, OLED Display Manufacturer & Supplier in China.","description":"Size: 3.5 inch LCD module Display mode: Transmission mode, Normally black Number of pixels: 1440(H) \u00d7 1600(V) NTSC Ratio: 85% Driver IC: NT57860 Interface: MIPI DSI (Video Mode)","inLanguage":"de-DE","isPartOf":{"@id":"https:\/\/rjoytek.com\/de\/#website"},"breadcrumb":{"@id":"https:\/\/rjoytek.com\/de\/produkt\/35-zoll-tft-lcd-modul-1440x1600-mipi-sdi-schnittstelle-vr-ar-lcd-display-panel\/#breadcrumblist"},"image":{"@type":"ImageObject","url":"https:\/\/rjoytek.com\/wp-content\/uploads\/2022\/05\/7.jpg","@id":"https:\/\/rjoytek.com\/de\/produkt\/35-zoll-tft-lcd-modul-1440x1600-mipi-sdi-schnittstelle-vr-ar-lcd-display-panel\/#mainImage","width":800,"height":800},"primaryImageOfPage":{"@id":"https:\/\/rjoytek.com\/de\/produkt\/35-zoll-tft-lcd-modul-1440x1600-mipi-sdi-schnittstelle-vr-ar-lcd-display-panel\/#mainImage"},"datePublished":"2022-05-27T04:03:44+00:00","dateModified":"2022-08-30T06:03:10+00:00"},{"@type":"WebSite","@id":"https:\/\/rjoytek.com\/de\/#website","url":"https:\/\/rjoytek.com\/de\/","name":"RJY Display","description":"Top Custom LCD, TFT, OLED Display Manufacturer & Supplier in China.","inLanguage":"de-DE","publisher":{"@id":"https:\/\/rjoytek.com\/de\/#organization"}}]},"og:locale":"de_DE","og:site_name":"RJY Display - Top Custom LCD, TFT, OLED Display Manufacturer &amp; Supplier in China.","og:type":"article","og:title":"RJOYTEK 3.5 inch 1440*1600 MIPI SDI Interface TFT LCD Module - Microdisplay for AR\/VR - Top Custom LCD, TFT, OLED Display Manufacturer &amp; Supplier in China.","og:description":"Size: 3.5 inch LCD module Display mode: Transmission mode, Normally black Number of pixels: 1440(H) \u00d7 1600(V) NTSC Ratio: 85% Driver IC: NT57860 Interface: MIPI DSI (Video Mode)","og:url":"https:\/\/rjoytek.com\/de\/produkt\/35-zoll-tft-lcd-modul-1440x1600-mipi-sdi-schnittstelle-vr-ar-lcd-display-panel\/","og:image":"https:\/\/rjoytek.com\/wp-content\/uploads\/2024\/08\/cropped-LOGO.png","og:image:secure_url":"https:\/\/rjoytek.com\/wp-content\/uploads\/2024\/08\/cropped-LOGO.png","og:image:width":512,"og:image:height":512,"article:published_time":"2022-05-27T04:03:44+00:00","article:modified_time":"2022-08-30T06:03:10+00:00","article:publisher":"https:\/\/www.facebook.com\/RjoytekLCDSolution","twitter:card":"summary_large_image","twitter:title":"RJOYTEK 3.5 inch 1440*1600 MIPI SDI Interface TFT LCD Module - Microdisplay for AR\/VR - Top Custom LCD, TFT, OLED Display Manufacturer &amp; Supplier in China.","twitter:description":"Size: 3.5 inch LCD module Display mode: Transmission mode, Normally black Number of pixels: 1440(H) \u00d7 1600(V) NTSC Ratio: 85% Driver IC: NT57860 Interface: MIPI DSI (Video Mode)","twitter:image":"https:\/\/rjoytek.com\/wp-content\/uploads\/2024\/08\/cropped-LOGO.png"},"aioseo_meta_data":{"post_id":"6351","title":null,"description":null,"keywords":null,"keyphrases":null,"canonical_url":null,"og_title":null,"og_description":null,"og_object_type":"default","og_image_type":"default","og_image_custom_url":null,"og_image_custom_fields":null,"og_custom_image_width":null,"og_custom_image_height":null,"og_video":null,"og_custom_url":null,"og_article_section":null,"og_article_tags":null,"twitter_use_og":true,"twitter_card":"default","twitter_image_type":"default","twitter_image_custom_url":null,"twitter_image_custom_fields":null,"twitter_title":null,"twitter_description":null,"schema_type":null,"schema_type_options":null,"pillar_content":false,"robots_default":true,"robots_noindex":false,"robots_noarchive":false,"robots_nosnippet":false,"robots_nofollow":false,"robots_noimageindex":false,"robots_noodp":false,"robots_notranslate":false,"robots_max_snippet":null,"robots_max_videopreview":null,"robots_max_imagepreview":"none","tabs":null,"priority":null,"frequency":null,"local_seo":null,"created":"2026-03-20 03:53:41","updated":"2026-04-04 12:27:39"},"aioseo_breadcrumb":"<div class=\"aioseo-breadcrumbs\"><span class=\"aioseo-breadcrumb\">\n\t<a href=\"https:\/\/rjoytek.com\/de\" title=\"Home\">Home<\/a>\n<\/span><span class=\"aioseo-breadcrumb-separator\">\u00bb<\/span><span class=\"aioseo-breadcrumb\">\n\t<a href=\"https:\/\/rjoytek.com\/de\/geschaft\/\" title=\"Shop\">Shop<\/a>\n<\/span><span class=\"aioseo-breadcrumb-separator\">\u00bb<\/span><span class=\"aioseo-breadcrumb\">\n\t<a href=\"https:\/\/rjoytek.com\/de\/produkt-kategorie\/tft-lcd-displaymodul\/\" title=\"TFT LCD Display Module\">TFT LCD Display Module<\/a>\n<\/span><span class=\"aioseo-breadcrumb-separator\">\u00bb<\/span><span class=\"aioseo-breadcrumb\">\n\tRJOYTEK 3.5 inch 1440*1600 MIPI SDI Interface TFT LCD Module\n<\/span><\/div>","aioseo_breadcrumb_json":[{"label":"Home","link":"https:\/\/rjoytek.com\/de"},{"label":"Shop","link":"https:\/\/rjoytek.com\/de\/geschaft\/"},{"label":"TFT LCD Display Module","link":"https:\/\/rjoytek.com\/de\/produkt-kategorie\/tft-lcd-displaymodul\/"},{"label":"RJOYTEK 3.5 inch 1440*1600 MIPI SDI Interface TFT LCD Module","link":"https:\/\/rjoytek.com\/de\/produkt\/35-zoll-tft-lcd-modul-1440x1600-mipi-sdi-schnittstelle-vr-ar-lcd-display-panel\/"}],"_links":{"self":[{"href":"https:\/\/rjoytek.com\/de\/wp-json\/wp\/v2\/product\/6351","targetHints":{"allow":["GET"]}}],"collection":[{"href":"https:\/\/rjoytek.com\/de\/wp-json\/wp\/v2\/product"}],"about":[{"href":"https:\/\/rjoytek.com\/de\/wp-json\/wp\/v2\/types\/product"}],"wp:featuredmedia":[{"embeddable":true,"href":"https:\/\/rjoytek.com\/de\/wp-json\/wp\/v2\/media\/6353"}],"wp:attachment":[{"href":"https:\/\/rjoytek.com\/de\/wp-json\/wp\/v2\/media?parent=6351"}],"wp:term":[{"taxonomy":"product_cat","embeddable":true,"href":"https:\/\/rjoytek.com\/de\/wp-json\/wp\/v2\/product_cat?post=6351"},{"taxonomy":"product_tag","embeddable":true,"href":"https:\/\/rjoytek.com\/de\/wp-json\/wp\/v2\/product_tag?post=6351"}],"curies":[{"name":"wp","href":"https:\/\/api.w.org\/{rel}","templated":true}]}}