{"id":14203,"date":"2025-02-13T02:21:23","date_gmt":"2025-02-13T02:21:23","guid":{"rendered":"https:\/\/rjoytek.com\/?post_type=product&#038;p=14203"},"modified":"2025-09-18T07:14:44","modified_gmt":"2025-09-18T07:14:44","slug":"7-zoll-rundes-tft-lcd-display","status":"publish","type":"product","link":"https:\/\/rjoytek.com\/de\/produkt\/7-zoll-rundes-tft-lcd-display\/","title":{"rendered":"7-Zoll rundes TFT-LCD-Display, 1080\u00d71080 Aufl\u00f6sung, hohe Helligkeit, LVDS-Schnittstelle"},"content":{"rendered":"<p>Die <strong data-start=\"127\" data-end=\"148\">RJY070XUAY-800-40<\/strong> ist ein hochleistungsf\u00e4higes 7-Zoll-IPS-TFT-LCD-Display mit au\u00dfergew\u00f6hnlicher Klarheit und lebendiger Farbwiedergabe. Mit einer Aufl\u00f6sung von <strong data-start=\"281\" data-end=\"301\">1080\u00d71080 Pixel<\/strong>eignet sich dieses Display ideal f\u00fcr verschiedene Anwendungen, die hochwertige visuelle Darstellungen erfordern.<\/p>\n<ul>\n<li data-start=\"409\" data-end=\"679\">\n<p data-start=\"411\" data-end=\"679\"><strong data-start=\"411\" data-end=\"424\">IPS-Panel<\/strong>: Der Einsatz von IPS (In-Plane Switching) Technologie gew\u00e4hrleistet breite Betrachtungswinkel, was die Lesbarkeit des Displays aus jeder Richtung erleichtert. Dies ist entscheidend f\u00fcr interaktive Ger\u00e4te und Anwendungen, bei denen mehrere Benutzer gleichzeitig auf den Bildschirm blicken.<\/p>\n<\/li>\n<li data-start=\"683\" data-end=\"907\">\n<p data-start=\"685\" data-end=\"907\"><strong data-start=\"685\" data-end=\"720\">Hohe Aufl\u00f6sung und Farbtiefe<\/strong>: Die <strong data-start=\"726\" data-end=\"756\">1080\u00d71080 Pixel Aufl\u00f6sung<\/strong> und <strong data-start=\"761\" data-end=\"784\">und 16,7 Millionen Farben<\/strong> gew\u00e4hrleisten scharfe, detaillierte Bilder und pr\u00e4zise Farbwiedergabe \u2013 perfekt f\u00fcr Anwendungen mit hohen visuellen Anforderungen.<\/p>\n<\/li>\n<li data-start=\"911\" data-end=\"1116\">\n<p data-start=\"913\" data-end=\"1116\"><strong data-start=\"913\" data-end=\"939\">Helligkeit und Klarheit<\/strong>: Mit einer Leuchtdichte von <strong data-start=\"961\" data-end=\"974\">800 cd\/m\u00b2<\/strong>800 cd\/m\u00b2<\/p>\n<\/li>\n<li data-start=\"1120\" data-end=\"1376\">\n<p data-start=\"1122\" data-end=\"1376\"><strong data-start=\"1122\" data-end=\"1148\">gew\u00e4hrleistet das Display eine klare Lesbarkeit selbst bei hohem Umgebungslicht, wie im Freien oder in hell beleuchteten industriellen Anwendungen.<\/strong>Erweiterter Temperaturbereich <strong data-start=\"1223\" data-end=\"1241\">: Dieses Displaymodul arbeitet zuverl\u00e4ssig im Temperaturbereich von<\/strong>-20\u00b0C bis +70\u00b0C<\/p>\n<\/li>\n<li data-start=\"1378\" data-end=\"1535\">\n<p data-start=\"1380\" data-end=\"1535\"><strong data-start=\"1380\" data-end=\"1400\">und eignet sich somit f\u00fcr den Einsatz in anspruchsvollen Umgebungen, einschlie\u00dflich Au\u00dfendisplays, industriellen Anwendungen und automotive Bereichen.<\/strong>: Die <strong data-start=\"1406\" data-end=\"1430\">NTSC-Farbraum<\/strong> : Ein NTSC-Farbraum von 70%<\/p>\n<\/li>\n<\/ul>","protected":false},"excerpt":{"rendered":"<ul>\n<li data-start=\"1558\" data-end=\"1584\"><strong data-start=\"1560\" data-end=\"1572\">LCD-Gr\u00f6\u00dfe<\/strong>: 7,0 Zoll<\/li>\n<li data-start=\"1585\" data-end=\"1621\"><strong data-start=\"1587\" data-end=\"1601\">Aufl\u00f6sung<\/strong>: 1080 x 1080 Pixel<\/li>\n<li><strong data-start=\"1743\" data-end=\"1756\">Leuchtdichte<\/strong>: 800 cd\/m\u00b2<\/li>\n<li><strong data-start=\"1912\" data-end=\"1930\">Schnittstellentyp<\/strong>: LVDS<\/li>\n<\/ul>","protected":false},"featured_media":14206,"template":"","meta":{"_acf_changed":false,"site-sidebar-layout":"default","site-content-layout":"","ast-site-content-layout":"default","site-content-style":"default","site-sidebar-style":"default","ast-global-header-display":"","ast-banner-title-visibility":"","ast-main-header-display":"","ast-hfb-above-header-display":"","ast-hfb-below-header-display":"","ast-hfb-mobile-header-display":"","site-post-title":"","ast-breadcrumbs-content":"","ast-featured-img":"","footer-sml-layout":"","ast-disable-related-posts":"","theme-transparent-header-meta":"default","adv-header-id-meta":"","stick-header-meta":"","header-above-stick-meta":"","header-main-stick-meta":"","header-below-stick-meta":"","astra-migrate-meta-layouts":"set","ast-page-background-enabled":"default","ast-page-background-meta":{"desktop":{"background-color":"var(--ast-global-color-5)","background-image":"","background-repeat":"repeat","background-position":"center center","background-size":"auto","background-attachment":"scroll","background-type":"","background-media":"","overlay-type":"","overlay-color":"","overlay-opacity":"","overlay-gradient":""},"tablet":{"background-color":"","background-image":"","background-repeat":"repeat","background-position":"center center","background-size":"auto","background-attachment":"scroll","background-type":"","background-media":"","overlay-type":"","overlay-color":"","overlay-opacity":"","overlay-gradient":""},"mobile":{"background-color":"","background-image":"","background-repeat":"repeat","background-position":"center center","background-size":"auto","background-attachment":"scroll","background-type":"","background-media":"","overlay-type":"","overlay-color":"","overlay-opacity":"","overlay-gradient":""}},"ast-content-background-meta":{"desktop":{"background-color":"var(--ast-global-color-4)","background-image":"","background-repeat":"repeat","background-position":"center center","background-size":"auto","background-attachment":"scroll","background-type":"","background-media":"","overlay-type":"","overlay-color":"","overlay-opacity":"","overlay-gradient":""},"tablet":{"background-color":"var(--ast-global-color-4)","background-image":"","background-repeat":"repeat","background-position":"center center","background-size":"auto","background-attachment":"scroll","background-type":"","background-media":"","overlay-type":"","overlay-color":"","overlay-opacity":"","overlay-gradient":""},"mobile":{"background-color":"var(--ast-global-color-4)","background-image":"","background-repeat":"repeat","background-position":"center center","background-size":"auto","background-attachment":"scroll","background-type":"","background-media":"","overlay-type":"","overlay-color":"","overlay-opacity":"","overlay-gradient":""}}},"product_cat":[128],"product_tag":[],"class_list":{"0":"post-14203","1":"product","2":"type-product","3":"status-publish","4":"has-post-thumbnail","6":"product_cat-round-lcd-display","7":"pa_brightness-513","8":"pa_interface-lvds","9":"pa_resolution-1080x1080","10":"pa_size-534","11":"pa_viewing_angle-all","12":"pa_wide-temperature-yes","13":"desktop-align-left","14":"tablet-align-left","15":"mobile-align-left","16":"ast-product-gallery-layout-horizontal-slider","17":"ast-magnify-disabled","18":"ast-qv-on-image","20":"first","21":"instock","22":"shipping-taxable","23":"product-type-simple"},"acf":[],"aioseo_notices":[],"aioseo_head":"\n\t\t<!-- All in One SEO Pro 4.8.3.2 - aioseo.com -->\n\t<meta name=\"description\" content=\"LCD Size: 7.0 inches Resolution: 1080 x 1080 pixels Luminance: 800 cd\/m\u00b2 Interface Type: LVDS\" \/>\n\t<meta name=\"robots\" content=\"max-image-preview:large\" \/>\n\t<link rel=\"canonical\" href=\"https:\/\/rjoytek.com\/de\/produkt\/7-zoll-rundes-tft-lcd-display\/\" \/>\n\t<meta name=\"generator\" content=\"All in One SEO Pro (AIOSEO) 4.8.3.2\" \/>\n\t\t<meta property=\"og:locale\" content=\"de_DE\" \/>\n\t\t<meta property=\"og:site_name\" content=\"RJY Display - Top Custom LCD, TFT, OLED Display Manufacturer &amp; Supplier in China.\" \/>\n\t\t<meta property=\"og:type\" content=\"article\" \/>\n\t\t<meta property=\"og:title\" content=\"7-Inch Round TFT LCD Display, 1080\u00d71080 Resolution, High-Brightness, LVDS Interface - Round LCD Display - Top Custom LCD, TFT, OLED Display Manufacturer &amp; Supplier in China.\" \/>\n\t\t<meta property=\"og:description\" content=\"LCD Size: 7.0 inches Resolution: 1080 x 1080 pixels Luminance: 800 cd\/m\u00b2 Interface Type: LVDS\" \/>\n\t\t<meta property=\"og:url\" content=\"https:\/\/rjoytek.com\/de\/produkt\/7-zoll-rundes-tft-lcd-display\/\" \/>\n\t\t<meta property=\"og:image\" content=\"https:\/\/rjoytek.com\/wp-content\/uploads\/2024\/08\/cropped-LOGO.png\" \/>\n\t\t<meta property=\"og:image:secure_url\" content=\"https:\/\/rjoytek.com\/wp-content\/uploads\/2024\/08\/cropped-LOGO.png\" \/>\n\t\t<meta property=\"og:image:width\" content=\"512\" \/>\n\t\t<meta property=\"og:image:height\" content=\"512\" \/>\n\t\t<meta property=\"article:published_time\" content=\"2025-02-13T02:21:23+00:00\" \/>\n\t\t<meta property=\"article:modified_time\" content=\"2025-09-18T07:14:44+00:00\" \/>\n\t\t<meta property=\"article:publisher\" content=\"https:\/\/www.facebook.com\/RjoytekLCDSolution\" \/>\n\t\t<meta name=\"twitter:card\" content=\"summary_large_image\" \/>\n\t\t<meta name=\"twitter:title\" content=\"7-Inch Round TFT LCD Display, 1080\u00d71080 Resolution, High-Brightness, LVDS Interface - Round LCD Display - Top Custom LCD, TFT, OLED Display Manufacturer &amp; Supplier in China.\" \/>\n\t\t<meta name=\"twitter:description\" content=\"LCD Size: 7.0 inches Resolution: 1080 x 1080 pixels Luminance: 800 cd\/m\u00b2 Interface Type: LVDS\" \/>\n\t\t<meta name=\"twitter:image\" content=\"https:\/\/rjoytek.com\/wp-content\/uploads\/2024\/08\/cropped-LOGO.png\" \/>\n\t\t<script type=\"application\/ld+json\" class=\"aioseo-schema\">\n\t\t\t{\"@context\":\"https:\\\/\\\/schema.org\",\"@graph\":[{\"@type\":\"BreadcrumbList\",\"@id\":\"https:\\\/\\\/rjoytek.com\\\/de\\\/produkt\\\/7-zoll-rundes-tft-lcd-display\\\/#breadcrumblist\",\"itemListElement\":[{\"@type\":\"ListItem\",\"@id\":\"https:\\\/\\\/rjoytek.com\\\/de#listItem\",\"position\":1,\"name\":\"Home\",\"item\":\"https:\\\/\\\/rjoytek.com\\\/de\",\"nextItem\":{\"@type\":\"ListItem\",\"@id\":\"https:\\\/\\\/rjoytek.com\\\/de\\\/geschaft\\\/#listItem\",\"name\":\"Shop\"}},{\"@type\":\"ListItem\",\"@id\":\"https:\\\/\\\/rjoytek.com\\\/de\\\/geschaft\\\/#listItem\",\"position\":2,\"name\":\"Shop\",\"item\":\"https:\\\/\\\/rjoytek.com\\\/de\\\/geschaft\\\/\",\"nextItem\":{\"@type\":\"ListItem\",\"@id\":\"https:\\\/\\\/rjoytek.com\\\/de\\\/produkt-kategorie\\\/%e4%bf%9d%e6%8c%81%e5%bd%a2%e5%ae%b9%e8%af%8dround%e7%9a%84%e8%af%ad%e6%b3%95%e6%ad%a3%e7%a1%ae%e6%80%a7%ef%bc%8c%e8%af%91%e4%b8%barundes%e4%bb%a5%e5%8c%b9%e9%85%8d%e4%b8%ad%e6%80%a7%e5%90%8d\\\/#listItem\",\"name\":\"Round LCD Display\"},\"previousItem\":{\"@type\":\"ListItem\",\"@id\":\"https:\\\/\\\/rjoytek.com\\\/de#listItem\",\"name\":\"Home\"}},{\"@type\":\"ListItem\",\"@id\":\"https:\\\/\\\/rjoytek.com\\\/de\\\/produkt-kategorie\\\/%e4%bf%9d%e6%8c%81%e5%bd%a2%e5%ae%b9%e8%af%8dround%e7%9a%84%e8%af%ad%e6%b3%95%e6%ad%a3%e7%a1%ae%e6%80%a7%ef%bc%8c%e8%af%91%e4%b8%barundes%e4%bb%a5%e5%8c%b9%e9%85%8d%e4%b8%ad%e6%80%a7%e5%90%8d\\\/#listItem\",\"position\":3,\"name\":\"Round LCD Display\",\"item\":\"https:\\\/\\\/rjoytek.com\\\/de\\\/produkt-kategorie\\\/%e4%bf%9d%e6%8c%81%e5%bd%a2%e5%ae%b9%e8%af%8dround%e7%9a%84%e8%af%ad%e6%b3%95%e6%ad%a3%e7%a1%ae%e6%80%a7%ef%bc%8c%e8%af%91%e4%b8%barundes%e4%bb%a5%e5%8c%b9%e9%85%8d%e4%b8%ad%e6%80%a7%e5%90%8d\\\/\",\"nextItem\":{\"@type\":\"ListItem\",\"@id\":\"https:\\\/\\\/rjoytek.com\\\/de\\\/produkt\\\/7-zoll-rundes-tft-lcd-display\\\/#listItem\",\"name\":\"7-Inch Round TFT LCD Display, 1080\\u00d71080 Resolution, High-Brightness, LVDS Interface\"},\"previousItem\":{\"@type\":\"ListItem\",\"@id\":\"https:\\\/\\\/rjoytek.com\\\/de\\\/geschaft\\\/#listItem\",\"name\":\"Shop\"}},{\"@type\":\"ListItem\",\"@id\":\"https:\\\/\\\/rjoytek.com\\\/de\\\/produkt\\\/7-zoll-rundes-tft-lcd-display\\\/#listItem\",\"position\":4,\"name\":\"7-Inch Round TFT LCD Display, 1080\\u00d71080 Resolution, High-Brightness, LVDS Interface\",\"previousItem\":{\"@type\":\"ListItem\",\"@id\":\"https:\\\/\\\/rjoytek.com\\\/de\\\/produkt-kategorie\\\/%e4%bf%9d%e6%8c%81%e5%bd%a2%e5%ae%b9%e8%af%8dround%e7%9a%84%e8%af%ad%e6%b3%95%e6%ad%a3%e7%a1%ae%e6%80%a7%ef%bc%8c%e8%af%91%e4%b8%barundes%e4%bb%a5%e5%8c%b9%e9%85%8d%e4%b8%ad%e6%80%a7%e5%90%8d\\\/#listItem\",\"name\":\"Round LCD Display\"}}]},{\"@type\":\"Organization\",\"@id\":\"https:\\\/\\\/rjoytek.com\\\/de\\\/#organization\",\"name\":\"RJY Display\",\"description\":\"Top Custom LCD, TFT, OLED Display Manufacturer & Supplier in China.\",\"url\":\"https:\\\/\\\/rjoytek.com\\\/de\\\/\",\"telephone\":\"+8618872893408\",\"logo\":{\"@type\":\"ImageObject\",\"url\":\"https:\\\/\\\/rjoytek.com\\\/wp-content\\\/uploads\\\/2025\\\/07\\\/LOGO1-scaled.png\",\"@id\":\"https:\\\/\\\/rjoytek.com\\\/de\\\/produkt\\\/7-zoll-rundes-tft-lcd-display\\\/#organizationLogo\",\"width\":2560,\"height\":416},\"image\":{\"@id\":\"https:\\\/\\\/rjoytek.com\\\/de\\\/produkt\\\/7-zoll-rundes-tft-lcd-display\\\/#organizationLogo\"},\"sameAs\":[\"https:\\\/\\\/www.facebook.com\\\/RjoytekLCDSolution\",\"https:\\\/\\\/www.youtube.com\\\/@lcdsolution-RJOYTEK\",\"https:\\\/\\\/www.linkedin.com\\\/company\\\/rjoytek-lcd-solution\"]},{\"@type\":\"WebPage\",\"@id\":\"https:\\\/\\\/rjoytek.com\\\/de\\\/produkt\\\/7-zoll-rundes-tft-lcd-display\\\/#webpage\",\"url\":\"https:\\\/\\\/rjoytek.com\\\/de\\\/produkt\\\/7-zoll-rundes-tft-lcd-display\\\/\",\"name\":\"7-Inch Round TFT LCD Display, 1080\\u00d71080 Resolution, High-Brightness, LVDS Interface - Round LCD Display - Top Custom LCD, TFT, OLED Display Manufacturer & Supplier in China.\",\"description\":\"LCD Size: 7.0 inches Resolution: 1080 x 1080 pixels Luminance: 800 cd\\\/m\\u00b2 Interface Type: LVDS\",\"inLanguage\":\"de-DE\",\"isPartOf\":{\"@id\":\"https:\\\/\\\/rjoytek.com\\\/de\\\/#website\"},\"breadcrumb\":{\"@id\":\"https:\\\/\\\/rjoytek.com\\\/de\\\/produkt\\\/7-zoll-rundes-tft-lcd-display\\\/#breadcrumblist\"},\"image\":{\"@type\":\"ImageObject\",\"url\":\"https:\\\/\\\/rjoytek.com\\\/wp-content\\\/uploads\\\/2025\\\/02\\\/RJY070XUAY-800-40-21-1.png\",\"@id\":\"https:\\\/\\\/rjoytek.com\\\/de\\\/produkt\\\/7-zoll-rundes-tft-lcd-display\\\/#mainImage\",\"width\":2000,\"height\":2000},\"primaryImageOfPage\":{\"@id\":\"https:\\\/\\\/rjoytek.com\\\/de\\\/produkt\\\/7-zoll-rundes-tft-lcd-display\\\/#mainImage\"},\"datePublished\":\"2025-02-13T02:21:23+00:00\",\"dateModified\":\"2025-09-18T07:14:44+00:00\"},{\"@type\":\"WebSite\",\"@id\":\"https:\\\/\\\/rjoytek.com\\\/de\\\/#website\",\"url\":\"https:\\\/\\\/rjoytek.com\\\/de\\\/\",\"name\":\"RJY Display\",\"description\":\"Top Custom LCD, TFT, OLED Display Manufacturer & Supplier in China.\",\"inLanguage\":\"de-DE\",\"publisher\":{\"@id\":\"https:\\\/\\\/rjoytek.com\\\/de\\\/#organization\"}}]}\n\t\t<\/script>\n\t\t<!-- All in One SEO Pro -->\r\n\t\t<title>7-Inch Round TFT LCD Display, 1080\u00d71080 Resolution, High-Brightness, LVDS Interface - Round LCD Display - Top Custom LCD, TFT, OLED Display Manufacturer &amp; Supplier in China.<\/title>\n\n","aioseo_head_json":{"title":"7-Zoll Rundes TFT-LCD-Display, 1080\u00d71080 Aufl\u00f6sung, Hohe Helligkeit, LVDS-Schnittstelle - Rundes LCD-Display - Top-Hersteller &amp; Lieferant f\u00fcr kundenspezifische LCD-, TFT- und OLED-Displays in China.","description":"LCD-Gr\u00f6\u00dfe: 7,0 Zoll","canonical_url":"https:\/\/rjoytek.com\/de\/produkt\/7-zoll-rundes-tft-lcd-display\/","robots":"max-image-preview:large","keywords":"","webmasterTools":{"miscellaneous":""},"schema":{"@context":"https:\/\/schema.org","@graph":[{"@type":"BreadcrumbList","@id":"https:\/\/rjoytek.com\/de\/produkt\/7-zoll-rundes-tft-lcd-display\/#breadcrumblist","itemListElement":[{"@type":"ListItem","@id":"https:\/\/rjoytek.com\/de#listItem","position":1,"name":"Home","item":"https:\/\/rjoytek.com\/de","nextItem":{"@type":"ListItem","@id":"https:\/\/rjoytek.com\/de\/geschaft\/#listItem","name":"Shop"}},{"@type":"ListItem","@id":"https:\/\/rjoytek.com\/de\/geschaft\/#listItem","position":2,"name":"Shop","item":"https:\/\/rjoytek.com\/de\/geschaft\/","nextItem":{"@type":"ListItem","@id":"https:\/\/rjoytek.com\/de\/produkt-kategorie\/%e4%bf%9d%e6%8c%81%e5%bd%a2%e5%ae%b9%e8%af%8dround%e7%9a%84%e8%af%ad%e6%b3%95%e6%ad%a3%e7%a1%ae%e6%80%a7%ef%bc%8c%e8%af%91%e4%b8%barundes%e4%bb%a5%e5%8c%b9%e9%85%8d%e4%b8%ad%e6%80%a7%e5%90%8d\/#listItem","name":"Round LCD Display"},"previousItem":{"@type":"ListItem","@id":"https:\/\/rjoytek.com\/de#listItem","name":"Home"}},{"@type":"ListItem","@id":"https:\/\/rjoytek.com\/de\/produkt-kategorie\/%e4%bf%9d%e6%8c%81%e5%bd%a2%e5%ae%b9%e8%af%8dround%e7%9a%84%e8%af%ad%e6%b3%95%e6%ad%a3%e7%a1%ae%e6%80%a7%ef%bc%8c%e8%af%91%e4%b8%barundes%e4%bb%a5%e5%8c%b9%e9%85%8d%e4%b8%ad%e6%80%a7%e5%90%8d\/#listItem","position":3,"name":"Round LCD Display","item":"https:\/\/rjoytek.com\/de\/produkt-kategorie\/%e4%bf%9d%e6%8c%81%e5%bd%a2%e5%ae%b9%e8%af%8dround%e7%9a%84%e8%af%ad%e6%b3%95%e6%ad%a3%e7%a1%ae%e6%80%a7%ef%bc%8c%e8%af%91%e4%b8%barundes%e4%bb%a5%e5%8c%b9%e9%85%8d%e4%b8%ad%e6%80%a7%e5%90%8d\/","nextItem":{"@type":"ListItem","@id":"https:\/\/rjoytek.com\/de\/produkt\/7-zoll-rundes-tft-lcd-display\/#listItem","name":"7-Inch Round TFT LCD Display, 1080\u00d71080 Resolution, High-Brightness, LVDS Interface"},"previousItem":{"@type":"ListItem","@id":"https:\/\/rjoytek.com\/de\/geschaft\/#listItem","name":"Shop"}},{"@type":"ListItem","@id":"https:\/\/rjoytek.com\/de\/produkt\/7-zoll-rundes-tft-lcd-display\/#listItem","position":4,"name":"7-Inch Round TFT LCD Display, 1080\u00d71080 Resolution, High-Brightness, LVDS Interface","previousItem":{"@type":"ListItem","@id":"https:\/\/rjoytek.com\/de\/produkt-kategorie\/%e4%bf%9d%e6%8c%81%e5%bd%a2%e5%ae%b9%e8%af%8dround%e7%9a%84%e8%af%ad%e6%b3%95%e6%ad%a3%e7%a1%ae%e6%80%a7%ef%bc%8c%e8%af%91%e4%b8%barundes%e4%bb%a5%e5%8c%b9%e9%85%8d%e4%b8%ad%e6%80%a7%e5%90%8d\/#listItem","name":"Round LCD Display"}}]},{"@type":"Organization","@id":"https:\/\/rjoytek.com\/de\/#organization","name":"RJY Display","description":"Top Custom LCD, TFT, OLED Display Manufacturer & Supplier in China.","url":"https:\/\/rjoytek.com\/de\/","telephone":"+8618872893408","logo":{"@type":"ImageObject","url":"https:\/\/rjoytek.com\/wp-content\/uploads\/2025\/07\/LOGO1-scaled.png","@id":"https:\/\/rjoytek.com\/de\/produkt\/7-zoll-rundes-tft-lcd-display\/#organizationLogo","width":2560,"height":416},"image":{"@id":"https:\/\/rjoytek.com\/de\/produkt\/7-zoll-rundes-tft-lcd-display\/#organizationLogo"},"sameAs":["https:\/\/www.facebook.com\/RjoytekLCDSolution","https:\/\/www.youtube.com\/@lcdsolution-RJOYTEK","https:\/\/www.linkedin.com\/company\/rjoytek-lcd-solution"]},{"@type":"WebPage","@id":"https:\/\/rjoytek.com\/de\/produkt\/7-zoll-rundes-tft-lcd-display\/#webpage","url":"https:\/\/rjoytek.com\/de\/produkt\/7-zoll-rundes-tft-lcd-display\/","name":"7-Inch Round TFT LCD Display, 1080\u00d71080 Resolution, High-Brightness, LVDS Interface - Round LCD Display - Top Custom LCD, TFT, OLED Display Manufacturer & Supplier in China.","description":"LCD Size: 7.0 inches Resolution: 1080 x 1080 pixels Luminance: 800 cd\/m\u00b2 Interface Type: LVDS","inLanguage":"de-DE","isPartOf":{"@id":"https:\/\/rjoytek.com\/de\/#website"},"breadcrumb":{"@id":"https:\/\/rjoytek.com\/de\/produkt\/7-zoll-rundes-tft-lcd-display\/#breadcrumblist"},"image":{"@type":"ImageObject","url":"https:\/\/rjoytek.com\/wp-content\/uploads\/2025\/02\/RJY070XUAY-800-40-21-1.png","@id":"https:\/\/rjoytek.com\/de\/produkt\/7-zoll-rundes-tft-lcd-display\/#mainImage","width":2000,"height":2000},"primaryImageOfPage":{"@id":"https:\/\/rjoytek.com\/de\/produkt\/7-zoll-rundes-tft-lcd-display\/#mainImage"},"datePublished":"2025-02-13T02:21:23+00:00","dateModified":"2025-09-18T07:14:44+00:00"},{"@type":"WebSite","@id":"https:\/\/rjoytek.com\/de\/#website","url":"https:\/\/rjoytek.com\/de\/","name":"RJY Display","description":"Top Custom LCD, TFT, OLED Display Manufacturer & Supplier in China.","inLanguage":"de-DE","publisher":{"@id":"https:\/\/rjoytek.com\/de\/#organization"}}]},"og:locale":"de_DE","og:site_name":"RJY Display - Top Custom LCD, TFT, OLED Display Manufacturer &amp; Supplier in China.","og:type":"article","og:title":"7-Inch Round TFT LCD Display, 1080\u00d71080 Resolution, High-Brightness, LVDS Interface - Round LCD Display - Top Custom LCD, TFT, OLED Display Manufacturer &amp; Supplier in China.","og:description":"LCD Size: 7.0 inches Resolution: 1080 x 1080 pixels Luminance: 800 cd\/m\u00b2 Interface Type: LVDS","og:url":"https:\/\/rjoytek.com\/de\/produkt\/7-zoll-rundes-tft-lcd-display\/","og:image":"https:\/\/rjoytek.com\/wp-content\/uploads\/2024\/08\/cropped-LOGO.png","og:image:secure_url":"https:\/\/rjoytek.com\/wp-content\/uploads\/2024\/08\/cropped-LOGO.png","og:image:width":512,"og:image:height":512,"article:published_time":"2025-02-13T02:21:23+00:00","article:modified_time":"2025-09-18T07:14:44+00:00","article:publisher":"https:\/\/www.facebook.com\/RjoytekLCDSolution","twitter:card":"summary_large_image","twitter:title":"7-Inch Round TFT LCD Display, 1080\u00d71080 Resolution, High-Brightness, LVDS Interface - Round LCD Display - Top Custom LCD, TFT, OLED Display Manufacturer &amp; Supplier in China.","twitter:description":"LCD Size: 7.0 inches Resolution: 1080 x 1080 pixels Luminance: 800 cd\/m\u00b2 Interface Type: LVDS","twitter:image":"https:\/\/rjoytek.com\/wp-content\/uploads\/2024\/08\/cropped-LOGO.png"},"aioseo_meta_data":{"post_id":"14203","title":null,"description":null,"keywords":null,"keyphrases":{"focus":{"keyphrase":"","score":0,"analysis":{"keyphraseInTitle":{"score":0,"maxScore":9,"error":1}}},"additional":[]},"canonical_url":null,"og_title":null,"og_description":null,"og_object_type":"default","og_image_type":"default","og_image_custom_url":null,"og_image_custom_fields":null,"og_custom_image_width":null,"og_custom_image_height":null,"og_video":"","og_custom_url":null,"og_article_section":null,"og_article_tags":null,"twitter_use_og":true,"twitter_card":"default","twitter_image_type":"default","twitter_image_custom_url":null,"twitter_image_custom_fields":null,"twitter_title":null,"twitter_description":null,"schema_type":null,"schema_type_options":null,"pillar_content":false,"robots_default":true,"robots_noindex":false,"robots_noarchive":false,"robots_nosnippet":false,"robots_nofollow":false,"robots_noimageindex":false,"robots_noodp":false,"robots_notranslate":false,"robots_max_snippet":"-1","robots_max_videopreview":"-1","robots_max_imagepreview":"none","tabs":null,"priority":null,"frequency":"default","local_seo":null,"created":"2025-09-18 07:14:44","updated":"2026-04-06 03:45:30"},"aioseo_breadcrumb":"<div class=\"aioseo-breadcrumbs\"><span class=\"aioseo-breadcrumb\">\n\t<a href=\"https:\/\/rjoytek.com\/de\" title=\"Home\">Home<\/a>\n<\/span><span class=\"aioseo-breadcrumb-separator\">\u00bb<\/span><span class=\"aioseo-breadcrumb\">\n\t<a href=\"https:\/\/rjoytek.com\/de\/geschaft\/\" title=\"Shop\">Shop<\/a>\n<\/span><span class=\"aioseo-breadcrumb-separator\">\u00bb<\/span><span class=\"aioseo-breadcrumb\">\n\t<a href=\"https:\/\/rjoytek.com\/de\/produkt-kategorie\/%e4%bf%9d%e6%8c%81%e5%bd%a2%e5%ae%b9%e8%af%8dround%e7%9a%84%e8%af%ad%e6%b3%95%e6%ad%a3%e7%a1%ae%e6%80%a7%ef%bc%8c%e8%af%91%e4%b8%barundes%e4%bb%a5%e5%8c%b9%e9%85%8d%e4%b8%ad%e6%80%a7%e5%90%8d\/\" title=\"Round LCD Display\">Round LCD Display<\/a>\n<\/span><span class=\"aioseo-breadcrumb-separator\">\u00bb<\/span><span class=\"aioseo-breadcrumb\">\n\t7-Inch Round TFT LCD Display, 1080\u00d71080 Resolution, High-Brightness, LVDS Interface\n<\/span><\/div>","aioseo_breadcrumb_json":[{"label":"Home","link":"https:\/\/rjoytek.com\/de"},{"label":"Shop","link":"https:\/\/rjoytek.com\/de\/geschaft\/"},{"label":"Round LCD Display","link":"https:\/\/rjoytek.com\/de\/produkt-kategorie\/%e4%bf%9d%e6%8c%81%e5%bd%a2%e5%ae%b9%e8%af%8dround%e7%9a%84%e8%af%ad%e6%b3%95%e6%ad%a3%e7%a1%ae%e6%80%a7%ef%bc%8c%e8%af%91%e4%b8%barundes%e4%bb%a5%e5%8c%b9%e9%85%8d%e4%b8%ad%e6%80%a7%e5%90%8d\/"},{"label":"7-Inch Round TFT LCD Display, 1080\u00d71080 Resolution, High-Brightness, LVDS Interface","link":"https:\/\/rjoytek.com\/de\/produkt\/7-zoll-rundes-tft-lcd-display\/"}],"_links":{"self":[{"href":"https:\/\/rjoytek.com\/de\/wp-json\/wp\/v2\/product\/14203","targetHints":{"allow":["GET"]}}],"collection":[{"href":"https:\/\/rjoytek.com\/de\/wp-json\/wp\/v2\/product"}],"about":[{"href":"https:\/\/rjoytek.com\/de\/wp-json\/wp\/v2\/types\/product"}],"wp:featuredmedia":[{"embeddable":true,"href":"https:\/\/rjoytek.com\/de\/wp-json\/wp\/v2\/media\/14206"}],"wp:attachment":[{"href":"https:\/\/rjoytek.com\/de\/wp-json\/wp\/v2\/media?parent=14203"}],"wp:term":[{"taxonomy":"product_cat","embeddable":true,"href":"https:\/\/rjoytek.com\/de\/wp-json\/wp\/v2\/product_cat?post=14203"},{"taxonomy":"product_tag","embeddable":true,"href":"https:\/\/rjoytek.com\/de\/wp-json\/wp\/v2\/product_tag?post=14203"}],"curies":[{"name":"wp","href":"https:\/\/api.w.org\/{rel}","templated":true}]}}